{"id":404,"date":"2020-04-24T20:26:51","date_gmt":"2020-04-24T20:26:51","guid":{"rendered":"https:\/\/econtrols.stagemysite.com\/product\/sensus-m400b-flexnet-base-station-2\/"},"modified":"2020-05-01T02:10:54","modified_gmt":"2020-05-01T02:10:54","slug":"sensus-m400b-flexnet-base-station-2","status":"publish","type":"product","link":"https:\/\/equipmentcontrols.com\/es\/producto\/sensus-m400b-flexnet-base-station-2\/","title":{"rendered":"Estaci\u00f3n base SENSUS M400B FlexNet"},"content":{"rendered":"<p><strong>Estaci\u00f3n base SENSUS M400B FlexNet<\/strong><\/p>\n<p>Las estaciones base M400B FlexNet\u00ae ofrecen una opci\u00f3n de comunicaciones estrat\u00e9gicas para implementar terminales en \u00e1reas remotas o densamente pobladas. Sus transceptores eficientes pueden transmitir y recibir en una banda de espectro de 200 kHz que proporciona canales de datos m\u00e1s dedicados, datos m\u00e1s granulares y una mayor capacidad de red.<\/p>\n<p>Estas estaciones base compactas y eficientes se adaptan a entornos con limitaciones de espacio. Requieren menos puntos de acceso que otras arquitecturas de red, lo que facilita el env\u00edo de informaci\u00f3n de estado y uso punto a multipunto. El espectro de radio con licencia de Sensus garantiza un rendimiento \u00f3ptimo de la estaci\u00f3n base, libre de interferencias de otros servicios inal\u00e1mbricos o dispositivos de radio. Tambi\u00e9n elimina el riesgo de ser absorbido por los proveedores de servicios de emergencia.<\/p>\n<p>Nuestra red de comunicaci\u00f3n FlexNet\u00ae conecta las estaciones base directamente a los puntos finales en grandes \u00e1reas geogr\u00e1ficas. Esto reduce en gran medida la cantidad de conexiones de backhaul de la red y reduce los costos de operaci\u00f3n y mantenimiento. La red FlexNet ofrece el doble de potencia de transmisi\u00f3n que los sistemas de la competencia sobre el espectro con licencia de uso principal, lo que garantiza la confiabilidad para las aplicaciones de misi\u00f3n cr\u00edtica.<\/p>\n<p><strong>Los modelos de estaci\u00f3n base M400B est\u00e1n disponibles para una variedad de nuestras soluciones, que incluyen:<\/strong><br \/>\n\u2022 Respuesta a la demanda (DR)<br \/>\n\u2022 Automatizaci\u00f3n de la Distribuci\u00f3n (DA)<br \/>\n\u2022 Infraestructura de medici\u00f3n avanzada (AMI)<br \/>\n\u2022 Control de iluminaci\u00f3n VantagePoint\u2122<\/p>\n<p><strong>Beneficios:<\/strong><br \/>\n\u2022 Ofrece un rendimiento \u00f3ptimo de la estaci\u00f3n base sobre el espectro de radio de uso primario con licencia<br \/>\n\u2022 Reduce los costos de operaci\u00f3n y mantenimiento a trav\u00e9s de menos puntos de acceso y conexiones de backhaul<br \/>\n\u2022 200 kHz permite m\u00e1s canales dedicados. Esto da como resultado una mayor capacidad de red, lo que permite datos m\u00e1s granulares y m\u00e1s canales de datos.<br \/>\n\u2022 Ofrece el doble de potencia de transmisi\u00f3n que los sistemas de la competencia sobre espectro con licencia de uso primario, lo que garantiza la confiabilidad para aplicaciones de misi\u00f3n cr\u00edtica.<br \/>\n\u2022 Proporciona datos en tiempo real durante apagones y emergencias a trav\u00e9s de un dise\u00f1o de red resiliente. No depende de la energ\u00eda de la infraestructura.<br \/>\n\u2022 Proporciona seguridad de infraestructura certificada contra amenazas cibern\u00e9ticas (certificaci\u00f3n de seguridad de comunicaciones GE\/Wurldtech\u2122 Achilles\u00ae)<\/p>\n<p><strong>Caracter\u00edsticas:<\/strong><br \/>\n\u2022 Banda de espectro de 200 kHz<br \/>\n\u2022 Los datos en tiempo real contin\u00faan durante apagones y emergencias<br \/>\n\u2022 Receptor GPS para sincronizaci\u00f3n horaria<br \/>\n\u2022 Duplexor para transmisi\u00f3n\/recepci\u00f3n de una sola antena<br \/>\n\u2022 Amplificador de bajo ruido (LNA)<br \/>\n\u2022 Fuente de alimentaci\u00f3n direccionable por IP<br \/>\n\u2022 Cargador de bater\u00eda<br \/>\n\u2022 Respaldo de bater\u00eda de 8 horas<br \/>\n\u2022 Capacidad de alarmas y generaci\u00f3n de informes<br \/>\n\u2022 Red de retorno a trav\u00e9s de Ethernet\/IP<\/p>\n<p><strong>Especificaciones:<\/strong><br \/>\n\u2022 Spectrum tiene licencia 900 MHz PCS\/MAS<br \/>\n\u2022 Un transceptor, transmisi\u00f3n \u00fanica, con d\u00faplex<br \/>\n\u2022 Transmitir y recibir en una banda de espectro de 200 kHz<br \/>\n\u2022 Compatibilidad con SNMP<br \/>\n\u2022 Las aplicaciones incluyen: infraestructura de medidores avanzados bidireccionales, automatizaci\u00f3n de distribuci\u00f3n, respuesta a la demanda, redes de automatizaci\u00f3n del hogar y control de iluminaci\u00f3n<\/p>\n<p><strong>Descargas:<\/strong><br \/>\n<a href=\"https:\/\/equipmentcontrols.com\/wp-content\/uploads\/2020\/04\/M400B2-Data-Sheet.pdf\">Hoja de datos M400B2<\/a><\/p>","protected":false},"excerpt":{"rendered":"<p>SENSUS M400B FlexNet Base Station M400B FlexNet\u00ae base stations offer a strategic communications option to deploy endpoints in remote or densely populated areas. Their efficient transceivers can transmit and receive in a 200 kHz band of spectrum which provides more dedicated data channels, more granular data and higher network capacity. These compact, efficient base stations [&hellip;]<\/p>\n","protected":false},"featured_media":334,"template":"","meta":[],"product_brand":[],"product_cat":[41,61],"product_tag":[],"class_list":{"0":"post-404","1":"product","2":"type-product","3":"status-publish","4":"has-post-thumbnail","6":"product_cat-ami","7":"product_cat-sensus-flexnet","9":"first","10":"instock","11":"shipping-taxable","12":"product-type-simple"},"yoast_head":"<!-- This site is optimized with the Yoast SEO Premium plugin v23.9 (Yoast SEO v27.5) - https:\/\/yoast.com\/product\/yoast-seo-premium-wordpress\/ -->\n<title>SENSUS M400B FlexNet Base Station - ECCO<\/title>\n<meta name=\"description\" content=\"Sensus M400B FlexNet\u00ae base stations offer a strategic communications option to deploy endpoints in remote or densely populated areas. Their efficient transceivers can transmit and receive in a 200 kHz band of spectrum which provides more dedicated data channels, more granular data and higher network capacity.\" \/>\n<meta name=\"robots\" content=\"index, follow, max-snippet:-1, max-image-preview:large, max-video-preview:-1\" \/>\n<link rel=\"canonical\" href=\"https:\/\/equipmentcontrols.com\/es\/producto\/sensus-m400b-flexnet-base-station-2\/\" \/>\n<meta property=\"og:locale\" content=\"es_MX\" \/>\n<meta property=\"og:type\" content=\"article\" \/>\n<meta property=\"og:title\" content=\"SENSUS M400B FlexNet Base Station\" \/>\n<meta property=\"og:description\" content=\"Sensus M400B FlexNet\u00ae base stations offer a strategic communications option to deploy endpoints in remote or densely populated areas. Their efficient transceivers can transmit and receive in a 200 kHz band of spectrum which provides more dedicated data channels, more granular data and higher network capacity.\" \/>\n<meta property=\"og:url\" content=\"https:\/\/equipmentcontrols.com\/es\/producto\/sensus-m400b-flexnet-base-station-2\/\" \/>\n<meta property=\"og:site_name\" content=\"ECCO\" \/>\n<meta property=\"article:modified_time\" content=\"2020-05-01T02:10:54+00:00\" \/>\n<meta property=\"og:image\" content=\"https:\/\/equipmentcontrols.com\/wp-content\/uploads\/2020\/04\/SENSUS20M400B20FlexNet20Base20Station.jpg\" \/>\n\t<meta property=\"og:image:width\" content=\"860\" \/>\n\t<meta property=\"og:image:height\" content=\"860\" \/>\n\t<meta property=\"og:image:type\" content=\"image\/jpeg\" \/>\n<meta name=\"twitter:card\" content=\"summary_large_image\" \/>\n<meta name=\"twitter:label1\" content=\"Tiempo de lectura\" \/>\n\t<meta name=\"twitter:data1\" content=\"2 minutos\" \/>\n<script type=\"application\/ld+json\" class=\"yoast-schema-graph\">{\"@context\":\"https:\\\/\\\/schema.org\",\"@graph\":[{\"@type\":\"WebPage\",\"@id\":\"https:\\\/\\\/equipmentcontrols.com\\\/product\\\/sensus-m400b-flexnet-base-station-2\\\/\",\"url\":\"https:\\\/\\\/equipmentcontrols.com\\\/product\\\/sensus-m400b-flexnet-base-station-2\\\/\",\"name\":\"SENSUS M400B FlexNet Base Station - ECCO\",\"isPartOf\":{\"@id\":\"https:\\\/\\\/equipmentcontrols.com\\\/#website\"},\"primaryImageOfPage\":{\"@id\":\"https:\\\/\\\/equipmentcontrols.com\\\/product\\\/sensus-m400b-flexnet-base-station-2\\\/#primaryimage\"},\"image\":{\"@id\":\"https:\\\/\\\/equipmentcontrols.com\\\/product\\\/sensus-m400b-flexnet-base-station-2\\\/#primaryimage\"},\"thumbnailUrl\":\"https:\\\/\\\/equipmentcontrols.com\\\/wp-content\\\/uploads\\\/2020\\\/04\\\/SENSUS20M400B20FlexNet20Base20Station.jpg\",\"datePublished\":\"2020-04-24T20:26:51+00:00\",\"dateModified\":\"2020-05-01T02:10:54+00:00\",\"description\":\"Sensus M400B FlexNet\u00ae base stations offer a strategic communications option to deploy endpoints in remote or densely populated areas. Their efficient transceivers can transmit and receive in a 200 kHz band of spectrum which provides more dedicated data channels, more granular data and higher network capacity.\",\"breadcrumb\":{\"@id\":\"https:\\\/\\\/equipmentcontrols.com\\\/product\\\/sensus-m400b-flexnet-base-station-2\\\/#breadcrumb\"},\"inLanguage\":\"es\",\"potentialAction\":[{\"@type\":\"ReadAction\",\"target\":[\"https:\\\/\\\/equipmentcontrols.com\\\/product\\\/sensus-m400b-flexnet-base-station-2\\\/\"]}]},{\"@type\":\"ImageObject\",\"inLanguage\":\"es\",\"@id\":\"https:\\\/\\\/equipmentcontrols.com\\\/product\\\/sensus-m400b-flexnet-base-station-2\\\/#primaryimage\",\"url\":\"https:\\\/\\\/equipmentcontrols.com\\\/wp-content\\\/uploads\\\/2020\\\/04\\\/SENSUS20M400B20FlexNet20Base20Station.jpg\",\"contentUrl\":\"https:\\\/\\\/equipmentcontrols.com\\\/wp-content\\\/uploads\\\/2020\\\/04\\\/SENSUS20M400B20FlexNet20Base20Station.jpg\",\"width\":860,\"height\":860,\"caption\":\"SENSUS20M400B20FlexNet20Base20Station.jpg\"},{\"@type\":\"BreadcrumbList\",\"@id\":\"https:\\\/\\\/equipmentcontrols.com\\\/product\\\/sensus-m400b-flexnet-base-station-2\\\/#breadcrumb\",\"itemListElement\":[{\"@type\":\"ListItem\",\"position\":1,\"name\":\"Home\",\"item\":\"https:\\\/\\\/equipmentcontrols.com\\\/\"},{\"@type\":\"ListItem\",\"position\":2,\"name\":\"Shop\",\"item\":\"https:\\\/\\\/equipmentcontrols.com\\\/shop\\\/\"},{\"@type\":\"ListItem\",\"position\":3,\"name\":\"SENSUS M400B FlexNet Base Station\"}]},{\"@type\":\"WebSite\",\"@id\":\"https:\\\/\\\/equipmentcontrols.com\\\/#website\",\"url\":\"https:\\\/\\\/equipmentcontrols.com\\\/\",\"name\":\"ECCO\",\"description\":\"Equipment Controls Company\",\"potentialAction\":[{\"@type\":\"SearchAction\",\"target\":{\"@type\":\"EntryPoint\",\"urlTemplate\":\"https:\\\/\\\/equipmentcontrols.com\\\/?s={search_term_string}\"},\"query-input\":{\"@type\":\"PropertyValueSpecification\",\"valueRequired\":true,\"valueName\":\"search_term_string\"}}],\"inLanguage\":\"es\"}]}<\/script>\n<!-- \/ Yoast SEO Premium plugin. -->","yoast_head_json":{"title":"SENSUS M400B FlexNet Base Station - ECCO","description":"Sensus M400B FlexNet\u00ae base stations offer a strategic communications option to deploy endpoints in remote or densely populated areas. Their efficient transceivers can transmit and receive in a 200 kHz band of spectrum which provides more dedicated data channels, more granular data and higher network capacity.","robots":{"index":"index","follow":"follow","max-snippet":"max-snippet:-1","max-image-preview":"max-image-preview:large","max-video-preview":"max-video-preview:-1"},"canonical":"https:\/\/equipmentcontrols.com\/es\/producto\/sensus-m400b-flexnet-base-station-2\/","og_locale":"es_MX","og_type":"article","og_title":"SENSUS M400B FlexNet Base Station","og_description":"Sensus M400B FlexNet\u00ae base stations offer a strategic communications option to deploy endpoints in remote or densely populated areas. Their efficient transceivers can transmit and receive in a 200 kHz band of spectrum which provides more dedicated data channels, more granular data and higher network capacity.","og_url":"https:\/\/equipmentcontrols.com\/es\/producto\/sensus-m400b-flexnet-base-station-2\/","og_site_name":"ECCO","article_modified_time":"2020-05-01T02:10:54+00:00","og_image":[{"width":860,"height":860,"url":"https:\/\/equipmentcontrols.com\/wp-content\/uploads\/2020\/04\/SENSUS20M400B20FlexNet20Base20Station.jpg","type":"image\/jpeg"}],"twitter_card":"summary_large_image","twitter_misc":{"Tiempo de lectura":"2 minutos"},"schema":{"@context":"https:\/\/schema.org","@graph":[{"@type":"WebPage","@id":"https:\/\/equipmentcontrols.com\/product\/sensus-m400b-flexnet-base-station-2\/","url":"https:\/\/equipmentcontrols.com\/product\/sensus-m400b-flexnet-base-station-2\/","name":"SENSUS M400B FlexNet Base Station - ECCO","isPartOf":{"@id":"https:\/\/equipmentcontrols.com\/#website"},"primaryImageOfPage":{"@id":"https:\/\/equipmentcontrols.com\/product\/sensus-m400b-flexnet-base-station-2\/#primaryimage"},"image":{"@id":"https:\/\/equipmentcontrols.com\/product\/sensus-m400b-flexnet-base-station-2\/#primaryimage"},"thumbnailUrl":"https:\/\/equipmentcontrols.com\/wp-content\/uploads\/2020\/04\/SENSUS20M400B20FlexNet20Base20Station.jpg","datePublished":"2020-04-24T20:26:51+00:00","dateModified":"2020-05-01T02:10:54+00:00","description":"Sensus M400B FlexNet\u00ae base stations offer a strategic communications option to deploy endpoints in remote or densely populated areas. Their efficient transceivers can transmit and receive in a 200 kHz band of spectrum which provides more dedicated data channels, more granular data and higher network capacity.","breadcrumb":{"@id":"https:\/\/equipmentcontrols.com\/product\/sensus-m400b-flexnet-base-station-2\/#breadcrumb"},"inLanguage":"es","potentialAction":[{"@type":"ReadAction","target":["https:\/\/equipmentcontrols.com\/product\/sensus-m400b-flexnet-base-station-2\/"]}]},{"@type":"ImageObject","inLanguage":"es","@id":"https:\/\/equipmentcontrols.com\/product\/sensus-m400b-flexnet-base-station-2\/#primaryimage","url":"https:\/\/equipmentcontrols.com\/wp-content\/uploads\/2020\/04\/SENSUS20M400B20FlexNet20Base20Station.jpg","contentUrl":"https:\/\/equipmentcontrols.com\/wp-content\/uploads\/2020\/04\/SENSUS20M400B20FlexNet20Base20Station.jpg","width":860,"height":860,"caption":"SENSUS20M400B20FlexNet20Base20Station.jpg"},{"@type":"BreadcrumbList","@id":"https:\/\/equipmentcontrols.com\/product\/sensus-m400b-flexnet-base-station-2\/#breadcrumb","itemListElement":[{"@type":"ListItem","position":1,"name":"Home","item":"https:\/\/equipmentcontrols.com\/"},{"@type":"ListItem","position":2,"name":"Shop","item":"https:\/\/equipmentcontrols.com\/shop\/"},{"@type":"ListItem","position":3,"name":"SENSUS M400B FlexNet Base Station"}]},{"@type":"WebSite","@id":"https:\/\/equipmentcontrols.com\/#website","url":"https:\/\/equipmentcontrols.com\/","name":"ECCO","description":"Empresa de Control de Equipos","potentialAction":[{"@type":"SearchAction","target":{"@type":"EntryPoint","urlTemplate":"https:\/\/equipmentcontrols.com\/?s={search_term_string}"},"query-input":{"@type":"PropertyValueSpecification","valueRequired":true,"valueName":"search_term_string"}}],"inLanguage":"es"}]}},"_links":{"self":[{"href":"https:\/\/equipmentcontrols.com\/es\/wp-json\/wp\/v2\/product\/404","targetHints":{"allow":["GET"]}}],"collection":[{"href":"https:\/\/equipmentcontrols.com\/es\/wp-json\/wp\/v2\/product"}],"about":[{"href":"https:\/\/equipmentcontrols.com\/es\/wp-json\/wp\/v2\/types\/product"}],"wp:featuredmedia":[{"embeddable":true,"href":"https:\/\/equipmentcontrols.com\/es\/wp-json\/wp\/v2\/media\/334"}],"wp:attachment":[{"href":"https:\/\/equipmentcontrols.com\/es\/wp-json\/wp\/v2\/media?parent=404"}],"wp:term":[{"taxonomy":"product_brand","embeddable":true,"href":"https:\/\/equipmentcontrols.com\/es\/wp-json\/wp\/v2\/product_brand?post=404"},{"taxonomy":"product_cat","embeddable":true,"href":"https:\/\/equipmentcontrols.com\/es\/wp-json\/wp\/v2\/product_cat?post=404"},{"taxonomy":"product_tag","embeddable":true,"href":"https:\/\/equipmentcontrols.com\/es\/wp-json\/wp\/v2\/product_tag?post=404"}],"curies":[{"name":"wp","href":"https:\/\/api.w.org\/{rel}","templated":true}]}}