{"id":403,"date":"2020-04-24T20:26:51","date_gmt":"2020-04-24T20:26:51","guid":{"rendered":"https:\/\/econtrols.stagemysite.com\/product\/sensus-flexnet-easylink-reader-2\/"},"modified":"2020-05-14T17:20:23","modified_gmt":"2020-05-14T17:20:23","slug":"sensus-flexnet-easylink-reader-2","status":"publish","type":"product","link":"https:\/\/equipmentcontrols.com\/es\/producto\/sensus-flexnet-easylink-reader-2\/","title":{"rendered":"Lector SENSUS FlexNet EasyLink"},"content":{"rendered":"<p><strong> Sensus FlexNet EasyLink\u2122 <\/strong><\/p>\n<p><strong>Sensus FlexNet EasyLink\u2122<\/strong> Reader es un dispositivo port\u00e1til basado en radio que se utiliza para adquirir datos de medidores de servicios p\u00fablicos que utilizan m\u00f3dulos Sensus SmartPoint\u00ae y\/o radios ERT de Itron. El Reader es compacto y port\u00e1til, lo que permite su uso en cualquier veh\u00edculo que suministre alimentaci\u00f3n de CC de 12 voltios.<\/p>\n<p><strong>Compatibilidad con FlexNet e Itron<\/strong><br \/>\nEl lector brinda la capacidad de leer m\u00f3dulos SmartPoint para medidores de agua, gas y electricidad junto con los mensajes de consumo est\u00e1ndar de Itron (SCM) y la tecnolog\u00eda SCM+ utilizada por los ERT. Al combinar estas dos tecnolog\u00edas, la empresa de servicios p\u00fablicos puede utilizar sus ERT existentes mientras realiza la transici\u00f3n a FlexNet.<\/p>\n<p>Mantenga sus ERT y actualice a los m\u00f3dulos SmartPoint seg\u00fan sea necesario: es lo mejor de ambos mundos.<\/p>\n<p><strong>Facilidad de operaci\u00f3n<\/strong><br \/>\nPara operar el Lector, simplemente coloque la unidad en un veh\u00edculo y conduzca por la ruta asignada. Los datos se recopilan autom\u00e1ticamente.<\/p>\n<p>Hay varios modos de lectura disponibles seg\u00fan el tipo de dispositivos en funcionamiento. El Lector es capaz de capturar datos en modo burbujeante o de interrogaci\u00f3n y tambi\u00e9n ofrece alarmas configurables.<\/p>\n<p><strong>Portabilidad<\/strong><br \/>\nEl dise\u00f1o avanzado da como resultado una carcasa port\u00e1til del tama\u00f1o de un malet\u00edn peque\u00f1o. Con la adici\u00f3n de la computadora port\u00e1til, el cable de conexi\u00f3n y las antenas, la soluci\u00f3n completa de comunicaciones m\u00f3viles FlexNet EasyLink se puede configurar en minutos. Cualquier veh\u00edculo puede convertirse en una m\u00e1quina de lectura de contadores.<\/p>\n<p><strong>Confiabilidad del sistema<\/strong><br \/>\nLa red de comunicaciones FlexNet\u00ae utiliza frecuencias de radio de uso principal para comunicarse con los m\u00f3dulos SmartPoint. La combinaci\u00f3n de frecuencias protegidas por la FCC y una potencia de transmisi\u00f3n completa de dos vatios de los m\u00f3dulos SmartPoint garantizan una comunicaci\u00f3n confiable del medidor y un mayor alcance. Adem\u00e1s, los m\u00f3dulos SmartPoint y ERT brindan detalles de la infraestructura al monitorear las condiciones de operaci\u00f3n y reportar alarmas de sabotaje del medidor, flujo continuo y bater\u00eda baja.<\/p>\n<p><strong>Software f\u00e1cil de usar<\/strong><br \/>\nEl lector utiliza la aplicaci\u00f3n de libro de trabajo FlexNet EasyLink\u2122 que proporciona un sistema de men\u00fa desplegable conveniente y f\u00e1cil de usar para la lectura de medidores. La funci\u00f3n de mapeo permite una mayor eficiencia al personalizar la vista del lector de medidores para obtener informaci\u00f3n relevante del proceso.<\/p>\n<p><strong>Beneficios:<\/strong><br \/>\n\u2022 El hardware centrado en el usuario funciona con el software para brindar una enorme eficiencia en la lectura de medidores<br \/>\n\u2022 La capacidad de lectura dual permite una f\u00e1cil transici\u00f3n a una plataforma de base fija<br \/>\n\u2022 Actualizable a la Suite de Gesti\u00f3n de \u00d3rdenes de Trabajo<\/p>\n<p><strong>Caracter\u00edsticas:<\/strong><br \/>\n\u2022 \u00daselo en cualquier veh\u00edculo que suministre energ\u00eda de CC de 12 voltios<br \/>\n\u2022 Lee m\u00f3dulos Sensus SmartPoint para contadores de agua, gas y electricidad<br \/>\n\u2022 Lee SCM y SCM+ ERT<br \/>\n\u2022 Los operadores pueden ingresar informaci\u00f3n manualmente, incluidas notas de ruta, a trav\u00e9s de un teclado de PC<\/p>\n<p>Especificaciones:<br \/>\nCaracter\u00edsticas f\u00edsicas<br \/>\n\u2022 8\u2033Ancho x 12\u2033Profundidad x 4\u2033Alto (20,32 cm x 30,48 cm x 10,16 cm)<br \/>\n\u2022 Incluye antenas de montaje magn\u00e9tico y estuche de transporte r\u00edgido<\/p>\n<p><strong>Peso:<\/strong><br \/>\n\u2022 18 libras (8,16 kg)<\/p>\n<p><strong>Rango de frecuencia:<\/strong><br \/>\n\u2022 FlexNet RX: 901-932Mhz<br \/>\n\u2022 FlexNet TX: 940-960Mhz<br \/>\n\u2022 ERT RX: 908-924Mhz<br \/>\n\u2022 ERT TX: 952-956Mhz<\/p>\n<p><strong>Sensibilidad del receptor:<\/strong><br \/>\nLa sensibilidad depende de la modulaci\u00f3n y el ancho de banda del canal. Para 7FSK en un canal de 25Khz, la especificaci\u00f3n de sensibilidad es -120dBm<\/p>\n<p><strong>Descargas:<\/strong><br \/>\n<a href=\"https:\/\/equipmentcontrols.com\/wp-content\/uploads\/2020\/04\/FlexNet-EasyLink-Reader-Data-Sheet.pdf\">Hoja de datos del lector FlexNet EasyLink<\/a><\/p>\n<p><a href=\"https:\/\/equipmentcontrols.com\/wp-content\/uploads\/2020\/04\/Sensus-Gas-Products-Catalog-04-13-20.pdf\">Folleto de productos Sensus Gas<\/a><\/p>","protected":false},"excerpt":{"rendered":"<p>Sensus FlexNet EasyLink\u2122 The Sensus FlexNet EasyLink\u2122 Reader is a portable, radio-based device used to acquire data from utility meters that utilize Sensus SmartPoint\u00ae modules and\/or Itron ERT radios. The Reader is compact and portable, allowing it to be used in any vehicle providing 12-volt DC power. FlexNet and Itron Compatibility The Reader provides the [&hellip;]<\/p>\n","protected":false},"featured_media":332,"template":"","meta":[],"product_brand":[],"product_cat":[41,61],"product_tag":[],"class_list":{"0":"post-403","1":"product","2":"type-product","3":"status-publish","4":"has-post-thumbnail","6":"product_cat-ami","7":"product_cat-sensus-flexnet","9":"first","10":"instock","11":"shipping-taxable","12":"product-type-simple"},"yoast_head":"<!-- This site is optimized with the Yoast SEO Premium plugin v23.9 (Yoast SEO v27.5) - https:\/\/yoast.com\/product\/yoast-seo-premium-wordpress\/ -->\n<title>SENSUS FlexNet EasyLink Reader - ECCO<\/title>\n<meta name=\"description\" content=\"The Sensus FlexNet EasyLink\u2122 Reader is a portable, radio-based device used to acquire data from utility meters that utilize Sensus SmartPoint\u00ae modules and\/or Itron ERT radios. The Reader is compact and portable, allowing it to be used in any vehicle providing 12-volt DC power.\" \/>\n<meta name=\"robots\" content=\"index, follow, max-snippet:-1, max-image-preview:large, max-video-preview:-1\" \/>\n<link rel=\"canonical\" href=\"https:\/\/equipmentcontrols.com\/es\/producto\/sensus-flexnet-easylink-reader-2\/\" \/>\n<meta property=\"og:locale\" content=\"es_MX\" \/>\n<meta property=\"og:type\" content=\"article\" \/>\n<meta property=\"og:title\" content=\"SENSUS FlexNet EasyLink Reader\" \/>\n<meta property=\"og:description\" content=\"The Sensus FlexNet EasyLink\u2122 Reader is a portable, radio-based device used to acquire data from utility meters that utilize Sensus SmartPoint\u00ae modules and\/or Itron ERT radios. The Reader is compact and portable, allowing it to be used in any vehicle providing 12-volt DC power.\" \/>\n<meta property=\"og:url\" content=\"https:\/\/equipmentcontrols.com\/es\/producto\/sensus-flexnet-easylink-reader-2\/\" \/>\n<meta property=\"og:site_name\" content=\"ECCO\" \/>\n<meta property=\"article:modified_time\" content=\"2020-05-14T17:20:23+00:00\" \/>\n<meta property=\"og:image\" content=\"https:\/\/equipmentcontrols.com\/wp-content\/uploads\/2020\/04\/SENSUS20FlexNet20EasyLink20Reader.jpg\" \/>\n\t<meta property=\"og:image:width\" content=\"860\" \/>\n\t<meta property=\"og:image:height\" content=\"860\" \/>\n\t<meta property=\"og:image:type\" content=\"image\/jpeg\" \/>\n<meta name=\"twitter:card\" content=\"summary_large_image\" \/>\n<meta name=\"twitter:label1\" content=\"Tiempo de lectura\" \/>\n\t<meta name=\"twitter:data1\" content=\"2 minutos\" \/>\n<script type=\"application\/ld+json\" class=\"yoast-schema-graph\">{\"@context\":\"https:\\\/\\\/schema.org\",\"@graph\":[{\"@type\":\"WebPage\",\"@id\":\"https:\\\/\\\/equipmentcontrols.com\\\/product\\\/sensus-flexnet-easylink-reader-2\\\/\",\"url\":\"https:\\\/\\\/equipmentcontrols.com\\\/product\\\/sensus-flexnet-easylink-reader-2\\\/\",\"name\":\"SENSUS FlexNet EasyLink Reader - ECCO\",\"isPartOf\":{\"@id\":\"https:\\\/\\\/equipmentcontrols.com\\\/#website\"},\"primaryImageOfPage\":{\"@id\":\"https:\\\/\\\/equipmentcontrols.com\\\/product\\\/sensus-flexnet-easylink-reader-2\\\/#primaryimage\"},\"image\":{\"@id\":\"https:\\\/\\\/equipmentcontrols.com\\\/product\\\/sensus-flexnet-easylink-reader-2\\\/#primaryimage\"},\"thumbnailUrl\":\"https:\\\/\\\/equipmentcontrols.com\\\/wp-content\\\/uploads\\\/2020\\\/04\\\/SENSUS20FlexNet20EasyLink20Reader.jpg\",\"datePublished\":\"2020-04-24T20:26:51+00:00\",\"dateModified\":\"2020-05-14T17:20:23+00:00\",\"description\":\"The Sensus FlexNet EasyLink\u2122 Reader is a portable, radio-based device used to acquire data from utility meters that utilize Sensus SmartPoint\u00ae modules and\\\/or Itron ERT radios. The Reader is compact and portable, allowing it to be used in any vehicle providing 12-volt DC power.\",\"breadcrumb\":{\"@id\":\"https:\\\/\\\/equipmentcontrols.com\\\/product\\\/sensus-flexnet-easylink-reader-2\\\/#breadcrumb\"},\"inLanguage\":\"es\",\"potentialAction\":[{\"@type\":\"ReadAction\",\"target\":[\"https:\\\/\\\/equipmentcontrols.com\\\/product\\\/sensus-flexnet-easylink-reader-2\\\/\"]}]},{\"@type\":\"ImageObject\",\"inLanguage\":\"es\",\"@id\":\"https:\\\/\\\/equipmentcontrols.com\\\/product\\\/sensus-flexnet-easylink-reader-2\\\/#primaryimage\",\"url\":\"https:\\\/\\\/equipmentcontrols.com\\\/wp-content\\\/uploads\\\/2020\\\/04\\\/SENSUS20FlexNet20EasyLink20Reader.jpg\",\"contentUrl\":\"https:\\\/\\\/equipmentcontrols.com\\\/wp-content\\\/uploads\\\/2020\\\/04\\\/SENSUS20FlexNet20EasyLink20Reader.jpg\",\"width\":860,\"height\":860,\"caption\":\"SENSUS20FlexNet20EasyLink20Reader\"},{\"@type\":\"BreadcrumbList\",\"@id\":\"https:\\\/\\\/equipmentcontrols.com\\\/product\\\/sensus-flexnet-easylink-reader-2\\\/#breadcrumb\",\"itemListElement\":[{\"@type\":\"ListItem\",\"position\":1,\"name\":\"Home\",\"item\":\"https:\\\/\\\/equipmentcontrols.com\\\/\"},{\"@type\":\"ListItem\",\"position\":2,\"name\":\"Shop\",\"item\":\"https:\\\/\\\/equipmentcontrols.com\\\/shop\\\/\"},{\"@type\":\"ListItem\",\"position\":3,\"name\":\"SENSUS FlexNet EasyLink Reader\"}]},{\"@type\":\"WebSite\",\"@id\":\"https:\\\/\\\/equipmentcontrols.com\\\/#website\",\"url\":\"https:\\\/\\\/equipmentcontrols.com\\\/\",\"name\":\"ECCO\",\"description\":\"Equipment Controls Company\",\"potentialAction\":[{\"@type\":\"SearchAction\",\"target\":{\"@type\":\"EntryPoint\",\"urlTemplate\":\"https:\\\/\\\/equipmentcontrols.com\\\/?s={search_term_string}\"},\"query-input\":{\"@type\":\"PropertyValueSpecification\",\"valueRequired\":true,\"valueName\":\"search_term_string\"}}],\"inLanguage\":\"es\"}]}<\/script>\n<!-- \/ Yoast SEO Premium plugin. -->","yoast_head_json":{"title":"SENSUS FlexNet EasyLink Reader - ECCO","description":"The Sensus FlexNet EasyLink\u2122 Reader is a portable, radio-based device used to acquire data from utility meters that utilize Sensus SmartPoint\u00ae modules and\/or Itron ERT radios. The Reader is compact and portable, allowing it to be used in any vehicle providing 12-volt DC power.","robots":{"index":"index","follow":"follow","max-snippet":"max-snippet:-1","max-image-preview":"max-image-preview:large","max-video-preview":"max-video-preview:-1"},"canonical":"https:\/\/equipmentcontrols.com\/es\/producto\/sensus-flexnet-easylink-reader-2\/","og_locale":"es_MX","og_type":"article","og_title":"SENSUS FlexNet EasyLink Reader","og_description":"The Sensus FlexNet EasyLink\u2122 Reader is a portable, radio-based device used to acquire data from utility meters that utilize Sensus SmartPoint\u00ae modules and\/or Itron ERT radios. The Reader is compact and portable, allowing it to be used in any vehicle providing 12-volt DC power.","og_url":"https:\/\/equipmentcontrols.com\/es\/producto\/sensus-flexnet-easylink-reader-2\/","og_site_name":"ECCO","article_modified_time":"2020-05-14T17:20:23+00:00","og_image":[{"width":860,"height":860,"url":"https:\/\/equipmentcontrols.com\/wp-content\/uploads\/2020\/04\/SENSUS20FlexNet20EasyLink20Reader.jpg","type":"image\/jpeg"}],"twitter_card":"summary_large_image","twitter_misc":{"Tiempo de lectura":"2 minutos"},"schema":{"@context":"https:\/\/schema.org","@graph":[{"@type":"WebPage","@id":"https:\/\/equipmentcontrols.com\/product\/sensus-flexnet-easylink-reader-2\/","url":"https:\/\/equipmentcontrols.com\/product\/sensus-flexnet-easylink-reader-2\/","name":"SENSUS FlexNet EasyLink Reader - ECCO","isPartOf":{"@id":"https:\/\/equipmentcontrols.com\/#website"},"primaryImageOfPage":{"@id":"https:\/\/equipmentcontrols.com\/product\/sensus-flexnet-easylink-reader-2\/#primaryimage"},"image":{"@id":"https:\/\/equipmentcontrols.com\/product\/sensus-flexnet-easylink-reader-2\/#primaryimage"},"thumbnailUrl":"https:\/\/equipmentcontrols.com\/wp-content\/uploads\/2020\/04\/SENSUS20FlexNet20EasyLink20Reader.jpg","datePublished":"2020-04-24T20:26:51+00:00","dateModified":"2020-05-14T17:20:23+00:00","description":"The Sensus FlexNet EasyLink\u2122 Reader is a portable, radio-based device used to acquire data from utility meters that utilize Sensus SmartPoint\u00ae modules and\/or Itron ERT radios. The Reader is compact and portable, allowing it to be used in any vehicle providing 12-volt DC power.","breadcrumb":{"@id":"https:\/\/equipmentcontrols.com\/product\/sensus-flexnet-easylink-reader-2\/#breadcrumb"},"inLanguage":"es","potentialAction":[{"@type":"ReadAction","target":["https:\/\/equipmentcontrols.com\/product\/sensus-flexnet-easylink-reader-2\/"]}]},{"@type":"ImageObject","inLanguage":"es","@id":"https:\/\/equipmentcontrols.com\/product\/sensus-flexnet-easylink-reader-2\/#primaryimage","url":"https:\/\/equipmentcontrols.com\/wp-content\/uploads\/2020\/04\/SENSUS20FlexNet20EasyLink20Reader.jpg","contentUrl":"https:\/\/equipmentcontrols.com\/wp-content\/uploads\/2020\/04\/SENSUS20FlexNet20EasyLink20Reader.jpg","width":860,"height":860,"caption":"SENSUS20FlexNet20EasyLink20Reader"},{"@type":"BreadcrumbList","@id":"https:\/\/equipmentcontrols.com\/product\/sensus-flexnet-easylink-reader-2\/#breadcrumb","itemListElement":[{"@type":"ListItem","position":1,"name":"Home","item":"https:\/\/equipmentcontrols.com\/"},{"@type":"ListItem","position":2,"name":"Shop","item":"https:\/\/equipmentcontrols.com\/shop\/"},{"@type":"ListItem","position":3,"name":"SENSUS FlexNet EasyLink Reader"}]},{"@type":"WebSite","@id":"https:\/\/equipmentcontrols.com\/#website","url":"https:\/\/equipmentcontrols.com\/","name":"ECCO","description":"Empresa de Control de Equipos","potentialAction":[{"@type":"SearchAction","target":{"@type":"EntryPoint","urlTemplate":"https:\/\/equipmentcontrols.com\/?s={search_term_string}"},"query-input":{"@type":"PropertyValueSpecification","valueRequired":true,"valueName":"search_term_string"}}],"inLanguage":"es"}]}},"_links":{"self":[{"href":"https:\/\/equipmentcontrols.com\/es\/wp-json\/wp\/v2\/product\/403","targetHints":{"allow":["GET"]}}],"collection":[{"href":"https:\/\/equipmentcontrols.com\/es\/wp-json\/wp\/v2\/product"}],"about":[{"href":"https:\/\/equipmentcontrols.com\/es\/wp-json\/wp\/v2\/types\/product"}],"wp:featuredmedia":[{"embeddable":true,"href":"https:\/\/equipmentcontrols.com\/es\/wp-json\/wp\/v2\/media\/332"}],"wp:attachment":[{"href":"https:\/\/equipmentcontrols.com\/es\/wp-json\/wp\/v2\/media?parent=403"}],"wp:term":[{"taxonomy":"product_brand","embeddable":true,"href":"https:\/\/equipmentcontrols.com\/es\/wp-json\/wp\/v2\/product_brand?post=403"},{"taxonomy":"product_cat","embeddable":true,"href":"https:\/\/equipmentcontrols.com\/es\/wp-json\/wp\/v2\/product_cat?post=403"},{"taxonomy":"product_tag","embeddable":true,"href":"https:\/\/equipmentcontrols.com\/es\/wp-json\/wp\/v2\/product_tag?post=403"}],"curies":[{"name":"wp","href":"https:\/\/api.w.org\/{rel}","templated":true}]}}