{"id":402,"date":"2020-04-24T20:26:51","date_gmt":"2020-04-24T20:26:51","guid":{"rendered":"https:\/\/econtrols.stagemysite.com\/product\/sensus-easylink-workbook-application-2\/"},"modified":"2020-05-01T02:08:14","modified_gmt":"2020-05-01T02:08:14","slug":"sensus-easylink-workbook-application-2","status":"publish","type":"product","link":"https:\/\/equipmentcontrols.com\/es\/producto\/sensus-easylink-workbook-application-2\/","title":{"rendered":"Aplicaci\u00f3n de libro de trabajo SENSUS EasyLink"},"content":{"rendered":"<p><strong>La aplicaci\u00f3n FlexNet EasyLink\u2122 WorkBook<\/strong> proporciona mapeo en pantalla para la soluci\u00f3n de comunicaciones m\u00f3viles FlexNet EasyLink\u2122. WorkBook permite que las empresas de servicios p\u00fablicos lean simult\u00e1neamente los m\u00f3dulos Sensus SmartPoint\u00ae y los ERT de Itron en un entorno de paso. WorkBook mejora la lectura de medidores basada en veh\u00edculos y permite al usuario final ver las rutas y su estado.<\/p>\n<p><strong>Beneficios:<\/strong><br \/>\n\u2022 Transferencia de datos en tiempo real a trav\u00e9s de Wi-Fi o celular<br \/>\n\u2022 Acceso instant\u00e1neo a las tareas de lectura de rutas asignadas (a trav\u00e9s de Wi-Fi o celular)<br \/>\n\u2022 Trabaje sin conexi\u00f3n en ausencia de conectividad de datos<br \/>\n\u2022 Mapas similares al GPS muestran tu ubicaci\u00f3n actual<br \/>\n\u2022 Acceso en tiempo real al estado de lectura de contadores a trav\u00e9s de GPS<br \/>\n\u2022 Los estados de alerta visual identifican problemas en el medidor<\/p>\n<p><strong>Caracter\u00edsticas:<\/strong><br \/>\n\u2022 Proporciona una interfaz de mapeo basada en GPS para representar gr\u00e1ficamente la ubicaci\u00f3n de cada medidor a lo largo de una ruta para verificar instant\u00e1neamente cada lectura<br \/>\n\u2022 Mapas similares al GPS muestran tu ubicaci\u00f3n actual<br \/>\n\u2022 La utilidad puede configurar opcionalmente las ubicaciones de los medidores a lo largo de cada ruta para que cambien de color o desaparezcan de la pantalla cuando se recopilan<br \/>\n\u2022 El mapa en pantalla cambia autom\u00e1ticamente de posici\u00f3n cuando se usa con el sistema GPS, manteniendo la ubicaci\u00f3n del veh\u00edculo &quot;posicionada&quot; en el mapa a medida que viaja a lo largo de la ruta<br \/>\n\u2022 Acorta el tiempo de lectura del medidor y reduce los costos<br \/>\n\u2022 La verificaci\u00f3n de lectura instant\u00e1nea en pantalla ayuda a eliminar la necesidad de volver a conducir las rutas para obtener lecturas que pueden haberse perdido<br \/>\n\u2022 Elimina las conjeturas al establecer las rutas m\u00e1s eficientes para la lectura de medidores por radio<br \/>\n\u2022 Alerta al lector de medidores de m\u00faltiples condiciones de alarma para incluir fugas, nivel alto\/bajo, bater\u00eda baja<br \/>\n\u2022 Los medidores no equipados con radio se pueden representar en mapas de rutas digitales para alertar al usuario que se requieren lecturas manuales o especiales en las ubicaciones espec\u00edficas<br \/>\n\u2022 Las estad\u00edsticas de ruta se guardan y muestran mientras se cargan y leen<br \/>\n\u2022 Transferencia de datos en tiempo real y actualizaciones de rutas (opciones Wi-Fi y celular)<\/p>\n<p><strong>Descargas:<\/strong><br \/>\n<a href=\"https:\/\/equipmentcontrols.com\/wp-content\/uploads\/2020\/04\/FlexNet-EasyLink-WorkBook-Data-Sheet.pdf\">Hoja de datos del libro de trabajo FlexNet EasyLink<\/a><\/p>","protected":false},"excerpt":{"rendered":"<p>The FlexNet EasyLink\u2122 WorkBook application provides on-screen mapping for for the FlexNet EasyLink\u2122 Mobile Communications solution. WorkBook allows utilities to simultaneously read both Sensus SmartPoint\u00ae modules and Itron ERTs in a drive-by environment. WorkBook enhances vehicle-based meter reading and allows the end-user to view routes and their status. Benefits: \u2022\u00a0Real-time data transfer via Wi-Fi or [&hellip;]<\/p>\n","protected":false},"featured_media":330,"template":"","meta":[],"product_brand":[],"product_cat":[41,61],"product_tag":[],"class_list":{"0":"post-402","1":"product","2":"type-product","3":"status-publish","4":"has-post-thumbnail","6":"product_cat-ami","7":"product_cat-sensus-flexnet","9":"first","10":"instock","11":"shipping-taxable","12":"product-type-simple"},"yoast_head":"<!-- This site is optimized with the Yoast SEO Premium plugin v23.9 (Yoast SEO v27.2) - https:\/\/yoast.com\/product\/yoast-seo-premium-wordpress\/ -->\n<title>SENSUS EasyLink Workbook Application - ECCO<\/title>\n<meta name=\"description\" content=\"The FlexNet EasyLink\u2122 WorkBook application provides on-screen mapping for for the FlexNet EasyLink\u2122 Mobile Communications solution. WorkBook allows utilities to simultaneously read both Sensus SmartPoint\u00ae modules and Itron ERTs in a drive-by environment. WorkBook enhances vehicle-based meter reading and allows the end-user to view routes and their status.\" \/>\n<meta name=\"robots\" content=\"index, follow, max-snippet:-1, max-image-preview:large, max-video-preview:-1\" \/>\n<link rel=\"canonical\" href=\"https:\/\/equipmentcontrols.com\/es\/producto\/sensus-easylink-workbook-application-2\/\" \/>\n<meta property=\"og:locale\" content=\"es_MX\" \/>\n<meta property=\"og:type\" content=\"article\" \/>\n<meta property=\"og:title\" content=\"SENSUS EasyLink Workbook Application\" \/>\n<meta property=\"og:description\" content=\"The FlexNet EasyLink\u2122 WorkBook application provides on-screen mapping for for the FlexNet EasyLink\u2122 Mobile Communications solution. WorkBook allows utilities to simultaneously read both Sensus SmartPoint\u00ae modules and Itron ERTs in a drive-by environment. WorkBook enhances vehicle-based meter reading and allows the end-user to view routes and their status.\" \/>\n<meta property=\"og:url\" content=\"https:\/\/equipmentcontrols.com\/es\/producto\/sensus-easylink-workbook-application-2\/\" \/>\n<meta property=\"og:site_name\" content=\"ECCO\" \/>\n<meta property=\"article:modified_time\" content=\"2020-05-01T02:08:14+00:00\" \/>\n<meta property=\"og:image\" content=\"https:\/\/equipmentcontrols.com\/wp-content\/uploads\/2020\/04\/SENSUS20EasyLink20Workbook20Application.jpg\" \/>\n\t<meta property=\"og:image:width\" content=\"860\" \/>\n\t<meta property=\"og:image:height\" content=\"860\" \/>\n\t<meta property=\"og:image:type\" content=\"image\/jpeg\" \/>\n<meta name=\"twitter:card\" content=\"summary_large_image\" \/>\n<meta name=\"twitter:label1\" content=\"Tiempo de lectura\" \/>\n\t<meta name=\"twitter:data1\" content=\"1 minuto\" \/>\n<script type=\"application\/ld+json\" class=\"yoast-schema-graph\">{\"@context\":\"https:\/\/schema.org\",\"@graph\":[{\"@type\":\"WebPage\",\"@id\":\"https:\/\/equipmentcontrols.com\/product\/sensus-easylink-workbook-application-2\/\",\"url\":\"https:\/\/equipmentcontrols.com\/product\/sensus-easylink-workbook-application-2\/\",\"name\":\"SENSUS EasyLink Workbook Application - ECCO\",\"isPartOf\":{\"@id\":\"https:\/\/equipmentcontrols.com\/#website\"},\"primaryImageOfPage\":{\"@id\":\"https:\/\/equipmentcontrols.com\/product\/sensus-easylink-workbook-application-2\/#primaryimage\"},\"image\":{\"@id\":\"https:\/\/equipmentcontrols.com\/product\/sensus-easylink-workbook-application-2\/#primaryimage\"},\"thumbnailUrl\":\"https:\/\/equipmentcontrols.com\/wp-content\/uploads\/2020\/04\/SENSUS20EasyLink20Workbook20Application.jpg\",\"datePublished\":\"2020-04-24T20:26:51+00:00\",\"dateModified\":\"2020-05-01T02:08:14+00:00\",\"description\":\"The FlexNet EasyLink\u2122 WorkBook application provides on-screen mapping for for the FlexNet EasyLink\u2122 Mobile Communications solution. WorkBook allows utilities to simultaneously read both Sensus SmartPoint\u00ae modules and Itron ERTs in a drive-by environment. WorkBook enhances vehicle-based meter reading and allows the end-user to view routes and their status.\",\"breadcrumb\":{\"@id\":\"https:\/\/equipmentcontrols.com\/product\/sensus-easylink-workbook-application-2\/#breadcrumb\"},\"inLanguage\":\"es\",\"potentialAction\":[{\"@type\":\"ReadAction\",\"target\":[\"https:\/\/equipmentcontrols.com\/product\/sensus-easylink-workbook-application-2\/\"]}]},{\"@type\":\"ImageObject\",\"inLanguage\":\"es\",\"@id\":\"https:\/\/equipmentcontrols.com\/product\/sensus-easylink-workbook-application-2\/#primaryimage\",\"url\":\"https:\/\/equipmentcontrols.com\/wp-content\/uploads\/2020\/04\/SENSUS20EasyLink20Workbook20Application.jpg\",\"contentUrl\":\"https:\/\/equipmentcontrols.com\/wp-content\/uploads\/2020\/04\/SENSUS20EasyLink20Workbook20Application.jpg\",\"width\":860,\"height\":860,\"caption\":\"SENSUS20EasyLink20Workbook20Application\"},{\"@type\":\"BreadcrumbList\",\"@id\":\"https:\/\/equipmentcontrols.com\/product\/sensus-easylink-workbook-application-2\/#breadcrumb\",\"itemListElement\":[{\"@type\":\"ListItem\",\"position\":1,\"name\":\"Home\",\"item\":\"https:\/\/equipmentcontrols.com\/\"},{\"@type\":\"ListItem\",\"position\":2,\"name\":\"Shop\",\"item\":\"https:\/\/equipmentcontrols.com\/shop\/\"},{\"@type\":\"ListItem\",\"position\":3,\"name\":\"SENSUS EasyLink Workbook Application\"}]},{\"@type\":\"WebSite\",\"@id\":\"https:\/\/equipmentcontrols.com\/#website\",\"url\":\"https:\/\/equipmentcontrols.com\/\",\"name\":\"ECCO\",\"description\":\"Equipment Controls Company\",\"potentialAction\":[{\"@type\":\"SearchAction\",\"target\":{\"@type\":\"EntryPoint\",\"urlTemplate\":\"https:\/\/equipmentcontrols.com\/?s={search_term_string}\"},\"query-input\":{\"@type\":\"PropertyValueSpecification\",\"valueRequired\":true,\"valueName\":\"search_term_string\"}}],\"inLanguage\":\"es\"}]}<\/script>\n<!-- \/ Yoast SEO Premium plugin. -->","yoast_head_json":{"title":"SENSUS EasyLink Workbook Application - ECCO","description":"The FlexNet EasyLink\u2122 WorkBook application provides on-screen mapping for for the FlexNet EasyLink\u2122 Mobile Communications solution. WorkBook allows utilities to simultaneously read both Sensus SmartPoint\u00ae modules and Itron ERTs in a drive-by environment. WorkBook enhances vehicle-based meter reading and allows the end-user to view routes and their status.","robots":{"index":"index","follow":"follow","max-snippet":"max-snippet:-1","max-image-preview":"max-image-preview:large","max-video-preview":"max-video-preview:-1"},"canonical":"https:\/\/equipmentcontrols.com\/es\/producto\/sensus-easylink-workbook-application-2\/","og_locale":"es_MX","og_type":"article","og_title":"SENSUS EasyLink Workbook Application","og_description":"The FlexNet EasyLink\u2122 WorkBook application provides on-screen mapping for for the FlexNet EasyLink\u2122 Mobile Communications solution. WorkBook allows utilities to simultaneously read both Sensus SmartPoint\u00ae modules and Itron ERTs in a drive-by environment. WorkBook enhances vehicle-based meter reading and allows the end-user to view routes and their status.","og_url":"https:\/\/equipmentcontrols.com\/es\/producto\/sensus-easylink-workbook-application-2\/","og_site_name":"ECCO","article_modified_time":"2020-05-01T02:08:14+00:00","og_image":[{"width":860,"height":860,"url":"https:\/\/equipmentcontrols.com\/wp-content\/uploads\/2020\/04\/SENSUS20EasyLink20Workbook20Application.jpg","type":"image\/jpeg"}],"twitter_card":"summary_large_image","twitter_misc":{"Tiempo de lectura":"1 minuto"},"schema":{"@context":"https:\/\/schema.org","@graph":[{"@type":"WebPage","@id":"https:\/\/equipmentcontrols.com\/product\/sensus-easylink-workbook-application-2\/","url":"https:\/\/equipmentcontrols.com\/product\/sensus-easylink-workbook-application-2\/","name":"SENSUS EasyLink Workbook Application - ECCO","isPartOf":{"@id":"https:\/\/equipmentcontrols.com\/#website"},"primaryImageOfPage":{"@id":"https:\/\/equipmentcontrols.com\/product\/sensus-easylink-workbook-application-2\/#primaryimage"},"image":{"@id":"https:\/\/equipmentcontrols.com\/product\/sensus-easylink-workbook-application-2\/#primaryimage"},"thumbnailUrl":"https:\/\/equipmentcontrols.com\/wp-content\/uploads\/2020\/04\/SENSUS20EasyLink20Workbook20Application.jpg","datePublished":"2020-04-24T20:26:51+00:00","dateModified":"2020-05-01T02:08:14+00:00","description":"The FlexNet EasyLink\u2122 WorkBook application provides on-screen mapping for for the FlexNet EasyLink\u2122 Mobile Communications solution. WorkBook allows utilities to simultaneously read both Sensus SmartPoint\u00ae modules and Itron ERTs in a drive-by environment. WorkBook enhances vehicle-based meter reading and allows the end-user to view routes and their status.","breadcrumb":{"@id":"https:\/\/equipmentcontrols.com\/product\/sensus-easylink-workbook-application-2\/#breadcrumb"},"inLanguage":"es","potentialAction":[{"@type":"ReadAction","target":["https:\/\/equipmentcontrols.com\/product\/sensus-easylink-workbook-application-2\/"]}]},{"@type":"ImageObject","inLanguage":"es","@id":"https:\/\/equipmentcontrols.com\/product\/sensus-easylink-workbook-application-2\/#primaryimage","url":"https:\/\/equipmentcontrols.com\/wp-content\/uploads\/2020\/04\/SENSUS20EasyLink20Workbook20Application.jpg","contentUrl":"https:\/\/equipmentcontrols.com\/wp-content\/uploads\/2020\/04\/SENSUS20EasyLink20Workbook20Application.jpg","width":860,"height":860,"caption":"SENSUS20EasyLink20Workbook20Application"},{"@type":"BreadcrumbList","@id":"https:\/\/equipmentcontrols.com\/product\/sensus-easylink-workbook-application-2\/#breadcrumb","itemListElement":[{"@type":"ListItem","position":1,"name":"Home","item":"https:\/\/equipmentcontrols.com\/"},{"@type":"ListItem","position":2,"name":"Shop","item":"https:\/\/equipmentcontrols.com\/shop\/"},{"@type":"ListItem","position":3,"name":"SENSUS EasyLink Workbook Application"}]},{"@type":"WebSite","@id":"https:\/\/equipmentcontrols.com\/#website","url":"https:\/\/equipmentcontrols.com\/","name":"ECCO","description":"Empresa de Control de Equipos","potentialAction":[{"@type":"SearchAction","target":{"@type":"EntryPoint","urlTemplate":"https:\/\/equipmentcontrols.com\/?s={search_term_string}"},"query-input":{"@type":"PropertyValueSpecification","valueRequired":true,"valueName":"search_term_string"}}],"inLanguage":"es"}]}},"_links":{"self":[{"href":"https:\/\/equipmentcontrols.com\/es\/wp-json\/wp\/v2\/product\/402","targetHints":{"allow":["GET"]}}],"collection":[{"href":"https:\/\/equipmentcontrols.com\/es\/wp-json\/wp\/v2\/product"}],"about":[{"href":"https:\/\/equipmentcontrols.com\/es\/wp-json\/wp\/v2\/types\/product"}],"wp:featuredmedia":[{"embeddable":true,"href":"https:\/\/equipmentcontrols.com\/es\/wp-json\/wp\/v2\/media\/330"}],"wp:attachment":[{"href":"https:\/\/equipmentcontrols.com\/es\/wp-json\/wp\/v2\/media?parent=402"}],"wp:term":[{"taxonomy":"product_brand","embeddable":true,"href":"https:\/\/equipmentcontrols.com\/es\/wp-json\/wp\/v2\/product_brand?post=402"},{"taxonomy":"product_cat","embeddable":true,"href":"https:\/\/equipmentcontrols.com\/es\/wp-json\/wp\/v2\/product_cat?post=402"},{"taxonomy":"product_tag","embeddable":true,"href":"https:\/\/equipmentcontrols.com\/es\/wp-json\/wp\/v2\/product_tag?post=402"}],"curies":[{"name":"wp","href":"https:\/\/api.w.org\/{rel}","templated":true}]}}