{"id":384,"date":"2020-04-24T20:25:53","date_gmt":"2020-04-24T20:25:53","guid":{"rendered":"https:\/\/econtrols.stagemysite.com\/product\/pf-reflux-819\/"},"modified":"2023-07-16T23:37:21","modified_gmt":"2023-07-16T23:37:21","slug":"pf-reflux-819","status":"publish","type":"product","link":"https:\/\/equipmentcontrols.com\/es\/producto\/pf-reflux-819\/","title":{"rendered":"Reflujo PF 819"},"content":{"rendered":"<p><strong>Pietro Fiorentini Reflujo 819<\/strong><br \/>\n<strong>Reguladores de presi\u00f3n de gas operados por piloto<\/strong><\/p>\n<p>REFLUX 819 es un regulador de presi\u00f3n controlado por piloto para aplicaciones de media y alta presi\u00f3n.<br \/>\nEs especialmente adecuado para su uso en el control de gas natural, para centrales el\u00e9ctricas, transmisi\u00f3n, distribuci\u00f3n, as\u00ed como para uso industrial.<br \/>\nLa alta precisi\u00f3n de la presi\u00f3n de salida de los reguladores de reflujo de la presi\u00f3n regulada, la alta relaci\u00f3n de reducci\u00f3n de 1,000 a 1 y el dise\u00f1o de v\u00e1lvula balanceada permiten una r\u00e1pida adaptaci\u00f3n a los cambios en las condiciones de operaci\u00f3n. Incluso con la presencia de cambios bruscos en el caudal, hace que el REFLUX 819 sea particularmente adecuado para instalaciones de turbinas de gas, estaciones de generaci\u00f3n de energ\u00eda el\u00e9ctrica y aplicaciones de turbinas de gas.<br \/>\nEl regulador Reflux 819 est\u00e1 clasificado como un regulador dise\u00f1ado con la v\u00e1lvula en la posici\u00f3n normalmente cerrada (Fail to Close).<br \/>\nSe trata verdaderamente de un dise\u00f1o TOP ENTRY, que confiere a la gesti\u00f3n del regulador ventajas, por ejemplo, la capacidad de realizar un mantenimiento completo sin necesidad de desmontar el cuerpo de la tuber\u00eda.<\/p>\n<p><strong>Caracter\u00edsticas funcionales:<\/strong><\/p>\n<p>\u2022 Presi\u00f3n m\u00e1xima de entrada: Hasta 1479 PSIG<br \/>\n\u2022 Rango de presi\u00f3n aguas abajo: de 4.35 PSIG a 1,073 PSIG dependiendo del piloto instalado<br \/>\n\u2022 Presi\u00f3n diferencial m\u00ednima: 7.25 PSIG<br \/>\n\u2022 Temperatura ambiente m\u00ednima: Usado hasta \u2013 40\u00b0F<br \/>\n\u2022 Temperatura ambiente m\u00e1xima: 140 \u00b0F<br \/>\n\u2022 Temperatura del gas de entrada: debe ser de -4 \u00b0F a 140 \u00b0F<br \/>\n\u2022 Clase de precisi\u00f3n AC: Hasta 1%<br \/>\n\u2022 Clase de presi\u00f3n de bloqueo SG: Hasta 2.5%<\/p>\n<p><strong>Caracteristicas de dise\u00f1o:<\/strong><br \/>\n\u2022 Dimensiones nominales DN: 1\u201d ; 2\u201d; 3\u201d; 4\u201d; 6\u201d; 8\u201d; 10\u201d; 12\u201d<br \/>\n\u2022 Flanged connections: Class 150-300-600 RF or RTJ, according to ANSI B16.5 and PN 16\/40 according to UNI 2282 or DIN 2263, (ISO 7005)<\/p>\n<p><strong>Materiales:<\/strong><br \/>\n\u2022 Body: Cast steel ASTM A 352 LCC for classes ANSI 600 and 300; Cast steel ASTM A 216 WCB for classes ANSI 150 and PN 16\/40<br \/>\n\u2022 Tapas de cabeza: acero forjado ASTM A 350 LF2<br \/>\n\u2022 V\u00e1stago: acero inoxidable AISI 416<br \/>\n\u2022 Tap\u00f3n: ASTM A 350 LF2 con recubrimiento de n\u00edquel en la superficie de sellado<br \/>\n\u2022 Asiento: Caucho Nitrilo Vulcanizado sobre soporte met\u00e1lico<br \/>\n\u2022 Diaphragm: Rubberized canvas (performed by hot-pressing process)<br \/>\n\u2022 Anillo de estanqueidad: caucho de nitrilo<br \/>\n\u2022 Accesorios de conexi\u00f3n: En acero al carbono zincado seg\u00fan DIN 2353; Acero inoxidable bajo pedido<\/p>\n<p><strong>Descargas:<\/strong><br \/>\n<a href=\"https:\/\/equipmentcontrols.com\/wp-content\/uploads\/2020\/06\/Reflux819_CT-s613_ENG_USA_-6-20-1.pdf\">PF Reflux 819 Brochure<\/a><br \/>\n<a href=\"https:\/\/equipmentcontrols.com\/wp-content\/uploads\/2023\/04\/PF-Reflux-819-Flyer-04.17.23.pdf\">PF Reflux 819 Flyer<\/a><br \/>\n<a href=\"https:\/\/equipmentcontrols.com\/wp-content\/uploads\/2020\/04\/1269_Reflux819Ps512March16.pdf\">PF Reflux 819 Poster<\/a><\/p>","protected":false},"excerpt":{"rendered":"<p>Pietro Fiorentini Reflux 819 Pilot-Operated Gas Pressure Regulators REFLUX 819 is a pilot controlled pressure regulator for medium and high pressure applications. It is particularly suitable for use for the controlling natural gas, for power plants, transmission, distribution, as well as for industrial use. The Reflux regulators high outlet pressure accuracy of the regulated pressure, [&hellip;]<\/p>\n","protected":false},"featured_media":383,"template":"","meta":[],"product_brand":[],"product_cat":[20,139,46],"product_tag":[72],"class_list":{"0":"post-384","1":"product","2":"type-product","3":"status-publish","4":"has-post-thumbnail","6":"product_cat-gas-regulators","7":"product_cat-hydrogen-ready-pressure-products","8":"product_cat-pietro-fiorentini","9":"product_tag-piolet-controled-gas-pressure-regulator","11":"first","12":"instock","13":"shipping-taxable","14":"product-type-simple"},"yoast_head":"<!-- This site is optimized with the Yoast SEO Premium plugin v23.9 (Yoast SEO v27.5) - https:\/\/yoast.com\/product\/yoast-seo-premium-wordpress\/ -->\n<title>PF Reflux 819 - ECCO<\/title>\n<meta name=\"description\" content=\"The Pietro Fiorentini Reflux 819 Pilot-Operated Gas Pressure Regulator is a pilot controlled pressure regulator for medium and high pressure applications.It is particularly suitable for use for the controlling natural gas, for power plants, transmission, distribution, as well as for industrial use. The Reflux regulators high outlet pressure accuracy of the regulated pressure, the 1,000 to 1 high turn-down ratio, and balanced valve design allows fast adaptation to changes in the operating conditions.\" \/>\n<meta name=\"robots\" content=\"index, follow, max-snippet:-1, max-image-preview:large, max-video-preview:-1\" \/>\n<link rel=\"canonical\" href=\"https:\/\/equipmentcontrols.com\/es\/producto\/pf-reflux-819\/\" \/>\n<meta property=\"og:locale\" content=\"es_MX\" \/>\n<meta property=\"og:type\" content=\"article\" \/>\n<meta property=\"og:title\" content=\"PF Reflux 819\" \/>\n<meta property=\"og:description\" content=\"The Pietro Fiorentini Reflux 819 Pilot-Operated Gas Pressure Regulator is a pilot controlled pressure regulator for medium and high pressure applications.It is particularly suitable for use for the controlling natural gas, for power plants, transmission, distribution, as well as for industrial use. The Reflux regulators high outlet pressure accuracy of the regulated pressure, the 1,000 to 1 high turn-down ratio, and balanced valve design allows fast adaptation to changes in the operating conditions.\" \/>\n<meta property=\"og:url\" content=\"https:\/\/equipmentcontrols.com\/es\/producto\/pf-reflux-819\/\" \/>\n<meta property=\"og:site_name\" content=\"ECCO\" \/>\n<meta property=\"article:modified_time\" content=\"2023-07-16T23:37:21+00:00\" \/>\n<meta property=\"og:image\" content=\"https:\/\/equipmentcontrols.com\/wp-content\/uploads\/2020\/04\/PF20Reflux20819.jpg\" \/>\n\t<meta property=\"og:image:width\" content=\"860\" \/>\n\t<meta property=\"og:image:height\" content=\"860\" \/>\n\t<meta property=\"og:image:type\" content=\"image\/jpeg\" \/>\n<meta name=\"twitter:card\" content=\"summary_large_image\" \/>\n<meta name=\"twitter:label1\" content=\"Tiempo de lectura\" \/>\n\t<meta name=\"twitter:data1\" content=\"2 minutos\" \/>\n<script type=\"application\/ld+json\" class=\"yoast-schema-graph\">{\"@context\":\"https:\\\/\\\/schema.org\",\"@graph\":[{\"@type\":\"WebPage\",\"@id\":\"https:\\\/\\\/equipmentcontrols.com\\\/product\\\/pf-reflux-819\\\/\",\"url\":\"https:\\\/\\\/equipmentcontrols.com\\\/product\\\/pf-reflux-819\\\/\",\"name\":\"PF Reflux 819 - ECCO\",\"isPartOf\":{\"@id\":\"https:\\\/\\\/equipmentcontrols.com\\\/#website\"},\"primaryImageOfPage\":{\"@id\":\"https:\\\/\\\/equipmentcontrols.com\\\/product\\\/pf-reflux-819\\\/#primaryimage\"},\"image\":{\"@id\":\"https:\\\/\\\/equipmentcontrols.com\\\/product\\\/pf-reflux-819\\\/#primaryimage\"},\"thumbnailUrl\":\"https:\\\/\\\/equipmentcontrols.com\\\/wp-content\\\/uploads\\\/2020\\\/04\\\/PF20Reflux20819.jpg\",\"datePublished\":\"2020-04-24T20:25:53+00:00\",\"dateModified\":\"2023-07-16T23:37:21+00:00\",\"description\":\"The Pietro Fiorentini Reflux 819 Pilot-Operated Gas Pressure Regulator is a pilot controlled pressure regulator for medium and high pressure applications.It is particularly suitable for use for the controlling natural gas, for power plants, transmission, distribution, as well as for industrial use. The Reflux regulators high outlet pressure accuracy of the regulated pressure, the 1,000 to 1 high turn-down ratio, and balanced valve design allows fast adaptation to changes in the operating conditions.\",\"breadcrumb\":{\"@id\":\"https:\\\/\\\/equipmentcontrols.com\\\/product\\\/pf-reflux-819\\\/#breadcrumb\"},\"inLanguage\":\"es\",\"potentialAction\":[{\"@type\":\"ReadAction\",\"target\":[\"https:\\\/\\\/equipmentcontrols.com\\\/product\\\/pf-reflux-819\\\/\"]}]},{\"@type\":\"ImageObject\",\"inLanguage\":\"es\",\"@id\":\"https:\\\/\\\/equipmentcontrols.com\\\/product\\\/pf-reflux-819\\\/#primaryimage\",\"url\":\"https:\\\/\\\/equipmentcontrols.com\\\/wp-content\\\/uploads\\\/2020\\\/04\\\/PF20Reflux20819.jpg\",\"contentUrl\":\"https:\\\/\\\/equipmentcontrols.com\\\/wp-content\\\/uploads\\\/2020\\\/04\\\/PF20Reflux20819.jpg\",\"width\":860,\"height\":860,\"caption\":\"PF20Reflux20819\"},{\"@type\":\"BreadcrumbList\",\"@id\":\"https:\\\/\\\/equipmentcontrols.com\\\/product\\\/pf-reflux-819\\\/#breadcrumb\",\"itemListElement\":[{\"@type\":\"ListItem\",\"position\":1,\"name\":\"Home\",\"item\":\"https:\\\/\\\/equipmentcontrols.com\\\/\"},{\"@type\":\"ListItem\",\"position\":2,\"name\":\"Shop\",\"item\":\"https:\\\/\\\/equipmentcontrols.com\\\/shop\\\/\"},{\"@type\":\"ListItem\",\"position\":3,\"name\":\"PF Reflux 819\"}]},{\"@type\":\"WebSite\",\"@id\":\"https:\\\/\\\/equipmentcontrols.com\\\/#website\",\"url\":\"https:\\\/\\\/equipmentcontrols.com\\\/\",\"name\":\"ECCO\",\"description\":\"Equipment Controls Company\",\"potentialAction\":[{\"@type\":\"SearchAction\",\"target\":{\"@type\":\"EntryPoint\",\"urlTemplate\":\"https:\\\/\\\/equipmentcontrols.com\\\/?s={search_term_string}\"},\"query-input\":{\"@type\":\"PropertyValueSpecification\",\"valueRequired\":true,\"valueName\":\"search_term_string\"}}],\"inLanguage\":\"es\"}]}<\/script>\n<!-- \/ Yoast SEO Premium plugin. -->","yoast_head_json":{"title":"PF Reflux 819 - ECCO","description":"The Pietro Fiorentini Reflux 819 Pilot-Operated Gas Pressure Regulator is a pilot controlled pressure regulator for medium and high pressure applications.It is particularly suitable for use for the controlling natural gas, for power plants, transmission, distribution, as well as for industrial use. The Reflux regulators high outlet pressure accuracy of the regulated pressure, the 1,000 to 1 high turn-down ratio, and balanced valve design allows fast adaptation to changes in the operating conditions.","robots":{"index":"index","follow":"follow","max-snippet":"max-snippet:-1","max-image-preview":"max-image-preview:large","max-video-preview":"max-video-preview:-1"},"canonical":"https:\/\/equipmentcontrols.com\/es\/producto\/pf-reflux-819\/","og_locale":"es_MX","og_type":"article","og_title":"PF Reflux 819","og_description":"The Pietro Fiorentini Reflux 819 Pilot-Operated Gas Pressure Regulator is a pilot controlled pressure regulator for medium and high pressure applications.It is particularly suitable for use for the controlling natural gas, for power plants, transmission, distribution, as well as for industrial use. The Reflux regulators high outlet pressure accuracy of the regulated pressure, the 1,000 to 1 high turn-down ratio, and balanced valve design allows fast adaptation to changes in the operating conditions.","og_url":"https:\/\/equipmentcontrols.com\/es\/producto\/pf-reflux-819\/","og_site_name":"ECCO","article_modified_time":"2023-07-16T23:37:21+00:00","og_image":[{"width":860,"height":860,"url":"https:\/\/equipmentcontrols.com\/wp-content\/uploads\/2020\/04\/PF20Reflux20819.jpg","type":"image\/jpeg"}],"twitter_card":"summary_large_image","twitter_misc":{"Tiempo de lectura":"2 minutos"},"schema":{"@context":"https:\/\/schema.org","@graph":[{"@type":"WebPage","@id":"https:\/\/equipmentcontrols.com\/product\/pf-reflux-819\/","url":"https:\/\/equipmentcontrols.com\/product\/pf-reflux-819\/","name":"PF Reflux 819 - ECCO","isPartOf":{"@id":"https:\/\/equipmentcontrols.com\/#website"},"primaryImageOfPage":{"@id":"https:\/\/equipmentcontrols.com\/product\/pf-reflux-819\/#primaryimage"},"image":{"@id":"https:\/\/equipmentcontrols.com\/product\/pf-reflux-819\/#primaryimage"},"thumbnailUrl":"https:\/\/equipmentcontrols.com\/wp-content\/uploads\/2020\/04\/PF20Reflux20819.jpg","datePublished":"2020-04-24T20:25:53+00:00","dateModified":"2023-07-16T23:37:21+00:00","description":"The Pietro Fiorentini Reflux 819 Pilot-Operated Gas Pressure Regulator is a pilot controlled pressure regulator for medium and high pressure applications.It is particularly suitable for use for the controlling natural gas, for power plants, transmission, distribution, as well as for industrial use. The Reflux regulators high outlet pressure accuracy of the regulated pressure, the 1,000 to 1 high turn-down ratio, and balanced valve design allows fast adaptation to changes in the operating conditions.","breadcrumb":{"@id":"https:\/\/equipmentcontrols.com\/product\/pf-reflux-819\/#breadcrumb"},"inLanguage":"es","potentialAction":[{"@type":"ReadAction","target":["https:\/\/equipmentcontrols.com\/product\/pf-reflux-819\/"]}]},{"@type":"ImageObject","inLanguage":"es","@id":"https:\/\/equipmentcontrols.com\/product\/pf-reflux-819\/#primaryimage","url":"https:\/\/equipmentcontrols.com\/wp-content\/uploads\/2020\/04\/PF20Reflux20819.jpg","contentUrl":"https:\/\/equipmentcontrols.com\/wp-content\/uploads\/2020\/04\/PF20Reflux20819.jpg","width":860,"height":860,"caption":"PF20Reflux20819"},{"@type":"BreadcrumbList","@id":"https:\/\/equipmentcontrols.com\/product\/pf-reflux-819\/#breadcrumb","itemListElement":[{"@type":"ListItem","position":1,"name":"Home","item":"https:\/\/equipmentcontrols.com\/"},{"@type":"ListItem","position":2,"name":"Shop","item":"https:\/\/equipmentcontrols.com\/shop\/"},{"@type":"ListItem","position":3,"name":"PF Reflux 819"}]},{"@type":"WebSite","@id":"https:\/\/equipmentcontrols.com\/#website","url":"https:\/\/equipmentcontrols.com\/","name":"ECCO","description":"Empresa de Control de Equipos","potentialAction":[{"@type":"SearchAction","target":{"@type":"EntryPoint","urlTemplate":"https:\/\/equipmentcontrols.com\/?s={search_term_string}"},"query-input":{"@type":"PropertyValueSpecification","valueRequired":true,"valueName":"search_term_string"}}],"inLanguage":"es"}]}},"_links":{"self":[{"href":"https:\/\/equipmentcontrols.com\/es\/wp-json\/wp\/v2\/product\/384","targetHints":{"allow":["GET"]}}],"collection":[{"href":"https:\/\/equipmentcontrols.com\/es\/wp-json\/wp\/v2\/product"}],"about":[{"href":"https:\/\/equipmentcontrols.com\/es\/wp-json\/wp\/v2\/types\/product"}],"wp:featuredmedia":[{"embeddable":true,"href":"https:\/\/equipmentcontrols.com\/es\/wp-json\/wp\/v2\/media\/383"}],"wp:attachment":[{"href":"https:\/\/equipmentcontrols.com\/es\/wp-json\/wp\/v2\/media?parent=384"}],"wp:term":[{"taxonomy":"product_brand","embeddable":true,"href":"https:\/\/equipmentcontrols.com\/es\/wp-json\/wp\/v2\/product_brand?post=384"},{"taxonomy":"product_cat","embeddable":true,"href":"https:\/\/equipmentcontrols.com\/es\/wp-json\/wp\/v2\/product_cat?post=384"},{"taxonomy":"product_tag","embeddable":true,"href":"https:\/\/equipmentcontrols.com\/es\/wp-json\/wp\/v2\/product_tag?post=384"}],"curies":[{"name":"wp","href":"https:\/\/api.w.org\/{rel}","templated":true}]}}