{"id":359,"date":"2020-04-24T20:25:49","date_gmt":"2020-04-24T20:25:49","guid":{"rendered":"https:\/\/econtrols.stagemysite.com\/product\/governor-pf400-outdoor\/"},"modified":"2024-08-09T15:17:58","modified_gmt":"2024-08-09T15:17:58","slug":"governor-pf400-outdoor","status":"publish","type":"product","link":"https:\/\/equipmentcontrols.com\/es\/producto\/governor-pf400-outdoor\/","title":{"rendered":"GOVERNOR PF400 Outdoor"},"content":{"rendered":"<p><strong>Reguladores de presi\u00f3n de l\u00ednea PF400<\/strong><\/p>\n<p>La l\u00ednea de reguladores de gas PF400 de Pietro Fiorentini est\u00e1 dise\u00f1ada para cumplir con las \u00faltimas normas CSA e internacionales para reguladores aptos para instalaciones interiores y exteriores sin modificaciones.<\/p>\n<p>La familia de reguladores PF400 es ideal para una amplia gama de aplicaciones residenciales e industriales de gran tama\u00f1o. Los materiales y las partes blandas utilizadas en la construcci\u00f3n de los reguladores PF400 los hacen aptos para su uso con gas natural, GLP, propano aire y otros gases no corrosivos.<\/p>\n<p>Todos los PF400 pueden lograr una alta precisi\u00f3n de presi\u00f3n de salida independientemente de la variaci\u00f3n de la presi\u00f3n de entrada. El limitador de ventilaci\u00f3n externo reduce los costos de tuber\u00eda y la necesidad de costosas tuber\u00edas de ventilaci\u00f3n para instalaciones en interiores y cumple con las pautas de CSA.*<\/p>\n<p><strong>Seguro, confiable y de alto rendimiento<\/strong><\/p>\n<p>\u2022 Opci\u00f3n de limitador de ventilaci\u00f3n externo certificado por CSA para instalaciones interiores*.<br \/>\n\u2022 Posiciones de instalaci\u00f3n tanto verticales como horizontales<br \/>\n\u2022 Bloqueo completo en ausencia de flujo de gas, cierre a prueba de burbujas 100%.<br \/>\n\u2022 Dise\u00f1ado para ser utilizado en hornos y cargas simples on-off.<\/p>\n<p>*Seg\u00fan lo aprobado por los c\u00f3digos y est\u00e1ndares locales<br \/>\n** Los limitadores de ventilaci\u00f3n de lat\u00f3n deben quitarse para la instalaci\u00f3n al aire libre **<\/p>\n<p><strong>Descargas:<\/strong><br \/>\n<a href=\"https:\/\/equipmentcontrols.com\/wp-content\/uploads\/2022\/08\/PF-GOVERNOR400-Brochure-ECCO-08.29.22-FINAL.pdf\">PF GOVERNOR 400 Brochure &#8211; English<\/a><br \/>\n<a href=\"https:\/\/equipmentcontrols.com\/wp-content\/uploads\/2023\/11\/PF-GOVERNOR400-Brochure-ECCO-Spanish-10.30.23-FINAL.pdf\">PF GOVERNOR400 Brochure &#8211; Spanish<\/a><br \/>\n<a href=\"https:\/\/equipmentcontrols.com\/wp-content\/uploads\/2023\/11\/PF-GOVERNOR400-Brochure-ECCO-French-Canadian-08.29.22-FINAL.pdf\">PF GOVERNOR 400 Brochure &#8211; French Canadian<\/a><br \/>\n<a href=\"https:\/\/equipmentcontrols.com\/wp-content\/uploads\/2023\/04\/PF-400-Flyer-04.17.23.pdf\">GOVERNOR &#8211; PF 400 Flyer<\/a><br \/>\n<a href=\"https:\/\/equipmentcontrols.com\/wp-content\/uploads\/2024\/08\/PF-400-Specification-Sheet-05.26.21-FINAL.pdf\">GOVERNOR &#8211; PF 400 Specification Sheet<\/a><\/p>","protected":false},"excerpt":{"rendered":"<p>PF400 Line Pressure Regulators Pietro Fiorentini\u2019s PF400 line of gas regulators are designed to comply with the latest CSA and international standards for regulators suitable for indoor and outdoor installations with no modifications. The PF400 family of regulators are ideal for a wide range of residential through large industrial applications. The materials and soft parts [&hellip;]<\/p>\n","protected":false},"featured_media":358,"template":"","meta":[],"product_brand":[],"product_cat":[20,46],"product_tag":[],"class_list":{"0":"post-359","1":"product","2":"type-product","3":"status-publish","4":"has-post-thumbnail","6":"product_cat-gas-regulators","7":"product_cat-pietro-fiorentini","9":"first","10":"instock","11":"shipping-taxable","12":"product-type-simple"},"yoast_head":"<!-- This site is optimized with the Yoast SEO Premium plugin v23.9 (Yoast SEO v27.3) - https:\/\/yoast.com\/product\/yoast-seo-premium-wordpress\/ -->\n<title>GOVERNOR PF400 Outdoor - ECCO<\/title>\n<meta name=\"description\" content=\"Pietro Fiorentini\u2019s PF400 line of gas regulators are designed to comply with the latest CSA and internationalstandards for regulators suitable for indoor and outdoor installations with no modifications.The PF400 family of regulators are ideal for a wide range of residential through large industrial applications.Thematerials and soft parts used in the construction of the PF400 regulators make them suitable for use with natural gas, LPG, Propane air and other non-corrosive gases.All PF400 can achieve high outlet pressure accuracy regardless of Inlet pressure variation. The external vent limiter reduces piping costs and the need for costly vent piping for indoor installations and complies with CSA guidelines.*\" \/>\n<meta name=\"robots\" content=\"index, follow, max-snippet:-1, max-image-preview:large, max-video-preview:-1\" \/>\n<link rel=\"canonical\" href=\"https:\/\/equipmentcontrols.com\/es\/producto\/governor-pf400-outdoor\/\" \/>\n<meta property=\"og:locale\" content=\"es_MX\" \/>\n<meta property=\"og:type\" content=\"article\" \/>\n<meta property=\"og:title\" content=\"GOVERNOR PF400 Outdoor\" \/>\n<meta property=\"og:description\" content=\"Pietro Fiorentini\u2019s PF400 line of gas regulators are designed to comply with the latest CSA and internationalstandards for regulators suitable for indoor and outdoor installations with no modifications.The PF400 family of regulators are ideal for a wide range of residential through large industrial applications.Thematerials and soft parts used in the construction of the PF400 regulators make them suitable for use with natural gas, LPG, Propane air and other non-corrosive gases.All PF400 can achieve high outlet pressure accuracy regardless of Inlet pressure variation. The external vent limiter reduces piping costs and the need for costly vent piping for indoor installations and complies with CSA guidelines.*\" \/>\n<meta property=\"og:url\" content=\"https:\/\/equipmentcontrols.com\/es\/producto\/governor-pf400-outdoor\/\" \/>\n<meta property=\"og:site_name\" content=\"ECCO\" \/>\n<meta property=\"article:modified_time\" content=\"2024-08-09T15:17:58+00:00\" \/>\n<meta property=\"og:image\" content=\"https:\/\/equipmentcontrols.com\/wp-content\/uploads\/2020\/04\/PF20Governor20PF40020OutDoor.jpg\" \/>\n\t<meta property=\"og:image:width\" content=\"860\" \/>\n\t<meta property=\"og:image:height\" content=\"860\" \/>\n\t<meta property=\"og:image:type\" content=\"image\/jpeg\" \/>\n<meta name=\"twitter:card\" content=\"summary_large_image\" \/>\n<meta name=\"twitter:label1\" content=\"Tiempo de lectura\" \/>\n\t<meta name=\"twitter:data1\" content=\"2 minutos\" \/>\n<script type=\"application\/ld+json\" class=\"yoast-schema-graph\">{\"@context\":\"https:\\\/\\\/schema.org\",\"@graph\":[{\"@type\":\"WebPage\",\"@id\":\"https:\\\/\\\/equipmentcontrols.com\\\/product\\\/governor-pf400-outdoor\\\/\",\"url\":\"https:\\\/\\\/equipmentcontrols.com\\\/product\\\/governor-pf400-outdoor\\\/\",\"name\":\"GOVERNOR PF400 Outdoor - ECCO\",\"isPartOf\":{\"@id\":\"https:\\\/\\\/equipmentcontrols.com\\\/#website\"},\"primaryImageOfPage\":{\"@id\":\"https:\\\/\\\/equipmentcontrols.com\\\/product\\\/governor-pf400-outdoor\\\/#primaryimage\"},\"image\":{\"@id\":\"https:\\\/\\\/equipmentcontrols.com\\\/product\\\/governor-pf400-outdoor\\\/#primaryimage\"},\"thumbnailUrl\":\"https:\\\/\\\/equipmentcontrols.com\\\/wp-content\\\/uploads\\\/2020\\\/04\\\/PF20Governor20PF40020OutDoor.jpg\",\"datePublished\":\"2020-04-24T20:25:49+00:00\",\"dateModified\":\"2024-08-09T15:17:58+00:00\",\"description\":\"Pietro Fiorentini\u2019s PF400 line of gas regulators are designed to comply with the latest CSA and internationalstandards for regulators suitable for indoor and outdoor installations with no modifications.The PF400 family of regulators are ideal for a wide range of residential through large industrial applications.Thematerials and soft parts used in the construction of the PF400 regulators make them suitable for use with natural gas, LPG, Propane air and other non-corrosive gases.All PF400 can achieve high outlet pressure accuracy regardless of Inlet pressure variation. The external vent limiter reduces piping costs and the need for costly vent piping for indoor installations and complies with CSA guidelines.*\",\"breadcrumb\":{\"@id\":\"https:\\\/\\\/equipmentcontrols.com\\\/product\\\/governor-pf400-outdoor\\\/#breadcrumb\"},\"inLanguage\":\"es\",\"potentialAction\":[{\"@type\":\"ReadAction\",\"target\":[\"https:\\\/\\\/equipmentcontrols.com\\\/product\\\/governor-pf400-outdoor\\\/\"]}]},{\"@type\":\"ImageObject\",\"inLanguage\":\"es\",\"@id\":\"https:\\\/\\\/equipmentcontrols.com\\\/product\\\/governor-pf400-outdoor\\\/#primaryimage\",\"url\":\"https:\\\/\\\/equipmentcontrols.com\\\/wp-content\\\/uploads\\\/2020\\\/04\\\/PF20Governor20PF40020OutDoor.jpg\",\"contentUrl\":\"https:\\\/\\\/equipmentcontrols.com\\\/wp-content\\\/uploads\\\/2020\\\/04\\\/PF20Governor20PF40020OutDoor.jpg\",\"width\":860,\"height\":860,\"caption\":\"PF20Governor20PF40020OutDoor\"},{\"@type\":\"BreadcrumbList\",\"@id\":\"https:\\\/\\\/equipmentcontrols.com\\\/product\\\/governor-pf400-outdoor\\\/#breadcrumb\",\"itemListElement\":[{\"@type\":\"ListItem\",\"position\":1,\"name\":\"Home\",\"item\":\"https:\\\/\\\/equipmentcontrols.com\\\/\"},{\"@type\":\"ListItem\",\"position\":2,\"name\":\"Shop\",\"item\":\"https:\\\/\\\/equipmentcontrols.com\\\/shop\\\/\"},{\"@type\":\"ListItem\",\"position\":3,\"name\":\"GOVERNOR PF400 Outdoor\"}]},{\"@type\":\"WebSite\",\"@id\":\"https:\\\/\\\/equipmentcontrols.com\\\/#website\",\"url\":\"https:\\\/\\\/equipmentcontrols.com\\\/\",\"name\":\"ECCO\",\"description\":\"Equipment Controls Company\",\"potentialAction\":[{\"@type\":\"SearchAction\",\"target\":{\"@type\":\"EntryPoint\",\"urlTemplate\":\"https:\\\/\\\/equipmentcontrols.com\\\/?s={search_term_string}\"},\"query-input\":{\"@type\":\"PropertyValueSpecification\",\"valueRequired\":true,\"valueName\":\"search_term_string\"}}],\"inLanguage\":\"es\"}]}<\/script>\n<!-- \/ Yoast SEO Premium plugin. -->","yoast_head_json":{"title":"GOVERNOR PF400 Outdoor - ECCO","description":"Pietro Fiorentini\u2019s PF400 line of gas regulators are designed to comply with the latest CSA and internationalstandards for regulators suitable for indoor and outdoor installations with no modifications.The PF400 family of regulators are ideal for a wide range of residential through large industrial applications.Thematerials and soft parts used in the construction of the PF400 regulators make them suitable for use with natural gas, LPG, Propane air and other non-corrosive gases.All PF400 can achieve high outlet pressure accuracy regardless of Inlet pressure variation. The external vent limiter reduces piping costs and the need for costly vent piping for indoor installations and complies with CSA guidelines.*","robots":{"index":"index","follow":"follow","max-snippet":"max-snippet:-1","max-image-preview":"max-image-preview:large","max-video-preview":"max-video-preview:-1"},"canonical":"https:\/\/equipmentcontrols.com\/es\/producto\/governor-pf400-outdoor\/","og_locale":"es_MX","og_type":"article","og_title":"GOVERNOR PF400 Outdoor","og_description":"Pietro Fiorentini\u2019s PF400 line of gas regulators are designed to comply with the latest CSA and internationalstandards for regulators suitable for indoor and outdoor installations with no modifications.The PF400 family of regulators are ideal for a wide range of residential through large industrial applications.Thematerials and soft parts used in the construction of the PF400 regulators make them suitable for use with natural gas, LPG, Propane air and other non-corrosive gases.All PF400 can achieve high outlet pressure accuracy regardless of Inlet pressure variation. The external vent limiter reduces piping costs and the need for costly vent piping for indoor installations and complies with CSA guidelines.*","og_url":"https:\/\/equipmentcontrols.com\/es\/producto\/governor-pf400-outdoor\/","og_site_name":"ECCO","article_modified_time":"2024-08-09T15:17:58+00:00","og_image":[{"width":860,"height":860,"url":"https:\/\/equipmentcontrols.com\/wp-content\/uploads\/2020\/04\/PF20Governor20PF40020OutDoor.jpg","type":"image\/jpeg"}],"twitter_card":"summary_large_image","twitter_misc":{"Tiempo de lectura":"2 minutos"},"schema":{"@context":"https:\/\/schema.org","@graph":[{"@type":"WebPage","@id":"https:\/\/equipmentcontrols.com\/product\/governor-pf400-outdoor\/","url":"https:\/\/equipmentcontrols.com\/product\/governor-pf400-outdoor\/","name":"GOVERNOR PF400 Outdoor - ECCO","isPartOf":{"@id":"https:\/\/equipmentcontrols.com\/#website"},"primaryImageOfPage":{"@id":"https:\/\/equipmentcontrols.com\/product\/governor-pf400-outdoor\/#primaryimage"},"image":{"@id":"https:\/\/equipmentcontrols.com\/product\/governor-pf400-outdoor\/#primaryimage"},"thumbnailUrl":"https:\/\/equipmentcontrols.com\/wp-content\/uploads\/2020\/04\/PF20Governor20PF40020OutDoor.jpg","datePublished":"2020-04-24T20:25:49+00:00","dateModified":"2024-08-09T15:17:58+00:00","description":"Pietro Fiorentini\u2019s PF400 line of gas regulators are designed to comply with the latest CSA and internationalstandards for regulators suitable for indoor and outdoor installations with no modifications.The PF400 family of regulators are ideal for a wide range of residential through large industrial applications.Thematerials and soft parts used in the construction of the PF400 regulators make them suitable for use with natural gas, LPG, Propane air and other non-corrosive gases.All PF400 can achieve high outlet pressure accuracy regardless of Inlet pressure variation. The external vent limiter reduces piping costs and the need for costly vent piping for indoor installations and complies with CSA guidelines.*","breadcrumb":{"@id":"https:\/\/equipmentcontrols.com\/product\/governor-pf400-outdoor\/#breadcrumb"},"inLanguage":"es","potentialAction":[{"@type":"ReadAction","target":["https:\/\/equipmentcontrols.com\/product\/governor-pf400-outdoor\/"]}]},{"@type":"ImageObject","inLanguage":"es","@id":"https:\/\/equipmentcontrols.com\/product\/governor-pf400-outdoor\/#primaryimage","url":"https:\/\/equipmentcontrols.com\/wp-content\/uploads\/2020\/04\/PF20Governor20PF40020OutDoor.jpg","contentUrl":"https:\/\/equipmentcontrols.com\/wp-content\/uploads\/2020\/04\/PF20Governor20PF40020OutDoor.jpg","width":860,"height":860,"caption":"PF20Governor20PF40020OutDoor"},{"@type":"BreadcrumbList","@id":"https:\/\/equipmentcontrols.com\/product\/governor-pf400-outdoor\/#breadcrumb","itemListElement":[{"@type":"ListItem","position":1,"name":"Home","item":"https:\/\/equipmentcontrols.com\/"},{"@type":"ListItem","position":2,"name":"Shop","item":"https:\/\/equipmentcontrols.com\/shop\/"},{"@type":"ListItem","position":3,"name":"GOVERNOR PF400 Outdoor"}]},{"@type":"WebSite","@id":"https:\/\/equipmentcontrols.com\/#website","url":"https:\/\/equipmentcontrols.com\/","name":"ECCO","description":"Empresa de Control de Equipos","potentialAction":[{"@type":"SearchAction","target":{"@type":"EntryPoint","urlTemplate":"https:\/\/equipmentcontrols.com\/?s={search_term_string}"},"query-input":{"@type":"PropertyValueSpecification","valueRequired":true,"valueName":"search_term_string"}}],"inLanguage":"es"}]}},"_links":{"self":[{"href":"https:\/\/equipmentcontrols.com\/es\/wp-json\/wp\/v2\/product\/359","targetHints":{"allow":["GET"]}}],"collection":[{"href":"https:\/\/equipmentcontrols.com\/es\/wp-json\/wp\/v2\/product"}],"about":[{"href":"https:\/\/equipmentcontrols.com\/es\/wp-json\/wp\/v2\/types\/product"}],"wp:featuredmedia":[{"embeddable":true,"href":"https:\/\/equipmentcontrols.com\/es\/wp-json\/wp\/v2\/media\/358"}],"wp:attachment":[{"href":"https:\/\/equipmentcontrols.com\/es\/wp-json\/wp\/v2\/media?parent=359"}],"wp:term":[{"taxonomy":"product_brand","embeddable":true,"href":"https:\/\/equipmentcontrols.com\/es\/wp-json\/wp\/v2\/product_brand?post=359"},{"taxonomy":"product_cat","embeddable":true,"href":"https:\/\/equipmentcontrols.com\/es\/wp-json\/wp\/v2\/product_cat?post=359"},{"taxonomy":"product_tag","embeddable":true,"href":"https:\/\/equipmentcontrols.com\/es\/wp-json\/wp\/v2\/product_tag?post=359"}],"curies":[{"name":"wp","href":"https:\/\/api.w.org\/{rel}","templated":true}]}}