{"id":357,"date":"2020-04-24T20:25:48","date_gmt":"2020-04-24T20:25:48","guid":{"rendered":"https:\/\/econtrols.stagemysite.com\/product\/pf-zero-governor-f3z\/"},"modified":"2023-01-31T17:19:35","modified_gmt":"2023-01-31T17:19:35","slug":"pf-zero-governor-f3z","status":"publish","type":"product","link":"https:\/\/equipmentcontrols.com\/es\/producto\/pf-zero-governor-f3z\/","title":{"rendered":"Reguladores PF Zero GOBERNADOR"},"content":{"rendered":"<p>La serie ZERO GOVERNOR F3Z de Pietro Fiorentini est\u00e1 dise\u00f1ada para cumplir con el est\u00e1ndar ANSI Z21.8.<\/p>\n<p>La familia de reguladores F3Z es ideal para todas las instalaciones de quemadores, mezcladores de boquilla, tees de mezcla y premezcladores proporcionales. Su funci\u00f3n es regular la presi\u00f3n y mantener constante la relaci\u00f3n aire\/gas. Los materiales y las partes blandas utilizadas en la construcci\u00f3n de los reguladores ZERO GOVERNOR los hacen aptos para su uso con gas natural, GLP, gas ciudad y todos los dem\u00e1s gases no corrosivos.<\/p>\n<p>Todos los reguladores F3Z est\u00e1n equipados con un dise\u00f1o de dispositivo equilibrado para una alta precisi\u00f3n de la presi\u00f3n de salida, independientemente de cualquier variaci\u00f3n de la presi\u00f3n de entrada. El doble diafragma brinda mayor seguridad en caso de falla del diafragma primario.<\/p>\n<p><strong>Principales caracter\u00edsticas:<\/strong><br \/>\n\u2022 Relaci\u00f3n aire\/gas: 1:1<br \/>\n\u2022 Presi\u00f3n de dise\u00f1o: 14,5 PSIG<br \/>\n\u2022 Presi\u00f3n m\u00e1xima de salida: 7,25 PSIG<br \/>\n\u2022 Presi\u00f3n de salida: 0.2 \u2013 60.2\u2033 WC<br \/>\n\u2022 Control de presi\u00f3n de aire: 0.2 \u2013 60.2\u2033 WC<br \/>\n\u2022 \u0394P m\u00ednimo entre Pu y Pd: 8\u2033 WC<br \/>\n\u2022 Rango de temperatura ambiente: 14 \u00b0F \u2013 140 \u00b0F<br \/>\n\u2022 Filtro: S\u00ed (opcional)<br \/>\n\u2022 Conexi\u00f3n de aire: 1\/4\u2033 NPT<br \/>\n\u2022 Conexiones: 1\/2\u201d, 3\/4\u201d, 1\u201d, 1 1\/4\u2033, 1 1\/2\u2033, 2\u2033 NPT<br \/>\n2 1\/2\u2033, 3\u2033, 4\u2033 ANSI 150RF<\/p>\n<p><strong>Descargas:<\/strong><br \/>\n<a href=\"https:\/\/equipmentcontrols.com\/wp-content\/uploads\/2022\/09\/PF-ZERO-GOVERNOR-Brochure-ECCO-08.16.22-FINAL-.pdf\">Folleto del producto del gobernador cero PF<\/a><\/p>","protected":false},"excerpt":{"rendered":"<p>Pietro Fiorentini\u2019s ZERO GOVERNOR F3Z series, are designed to comply with the ANSI Z21.8 standard. The F3Z family of regulators are ideal for all burner installations, nozzle mixers, mixing tees, and proportional pre-mixers. Their function is to regulate the pressure and to maintain constant the air\/gas ratio. The materials and soft parts used in the [&hellip;]<\/p>\n","protected":false},"featured_media":3585,"template":"","meta":[],"product_brand":[],"product_cat":[20,46],"product_tag":[],"class_list":{"0":"post-357","1":"product","2":"type-product","3":"status-publish","4":"has-post-thumbnail","6":"product_cat-gas-regulators","7":"product_cat-pietro-fiorentini","9":"first","10":"instock","11":"shipping-taxable","12":"product-type-simple"},"yoast_head":"<!-- This site is optimized with the Yoast SEO Premium plugin v23.9 (Yoast SEO v27.2) - https:\/\/yoast.com\/product\/yoast-seo-premium-wordpress\/ -->\n<title>PF Zero GOVERNOR Regulators - ECCO<\/title>\n<meta name=\"description\" content=\"Pietro Fiorentini\u2019s ZERO Governor F3Z series, are designed to comply with the EN 88\/1 standard. The F3Z family of regulators are ideal for all burner installations, nozzle mixers, mixing tees, and proportional pre-mixers. Their function is to regulate the pressure and to maintain constant the air\/gas ratio.The materials and soft parts used in the construction of the ZERO Governor regulators make them suitable for use with natural gas, LPG, city gas and all other non corrosive gases. All the F3Z regulators are equipped with balanced device design for high outlet pressure accuracy regardless of any inlet pressure variation. The double diaphragm provides added security in case of primary diaphragm failure.\" \/>\n<meta name=\"robots\" content=\"index, follow, max-snippet:-1, max-image-preview:large, max-video-preview:-1\" \/>\n<link rel=\"canonical\" href=\"https:\/\/equipmentcontrols.com\/es\/producto\/pf-zero-governor-f3z\/\" \/>\n<meta property=\"og:locale\" content=\"es_MX\" \/>\n<meta property=\"og:type\" content=\"article\" \/>\n<meta property=\"og:title\" content=\"PF Zero GOVERNOR Regulators\" \/>\n<meta property=\"og:description\" content=\"Pietro Fiorentini\u2019s ZERO Governor F3Z series, are designed to comply with the EN 88\/1 standard. The F3Z family of regulators are ideal for all burner installations, nozzle mixers, mixing tees, and proportional pre-mixers. Their function is to regulate the pressure and to maintain constant the air\/gas ratio.The materials and soft parts used in the construction of the ZERO Governor regulators make them suitable for use with natural gas, LPG, city gas and all other non corrosive gases. All the F3Z regulators are equipped with balanced device design for high outlet pressure accuracy regardless of any inlet pressure variation. The double diaphragm provides added security in case of primary diaphragm failure.\" \/>\n<meta property=\"og:url\" content=\"https:\/\/equipmentcontrols.com\/es\/producto\/pf-zero-governor-f3z\/\" \/>\n<meta property=\"og:site_name\" content=\"ECCO\" \/>\n<meta property=\"article:modified_time\" content=\"2023-01-31T17:19:35+00:00\" \/>\n<meta property=\"og:image\" content=\"https:\/\/equipmentcontrols.com\/wp-content\/uploads\/2023\/01\/PF-Zero-regulator.jpeg\" \/>\n\t<meta property=\"og:image:width\" content=\"860\" \/>\n\t<meta property=\"og:image:height\" content=\"860\" \/>\n\t<meta property=\"og:image:type\" content=\"image\/jpeg\" \/>\n<meta name=\"twitter:card\" content=\"summary_large_image\" \/>\n<meta name=\"twitter:label1\" content=\"Tiempo de lectura\" \/>\n\t<meta name=\"twitter:data1\" content=\"1 minuto\" \/>\n<script type=\"application\/ld+json\" class=\"yoast-schema-graph\">{\"@context\":\"https:\/\/schema.org\",\"@graph\":[{\"@type\":\"WebPage\",\"@id\":\"https:\/\/equipmentcontrols.com\/product\/pf-zero-governor-f3z\/\",\"url\":\"https:\/\/equipmentcontrols.com\/product\/pf-zero-governor-f3z\/\",\"name\":\"PF Zero GOVERNOR Regulators - ECCO\",\"isPartOf\":{\"@id\":\"https:\/\/equipmentcontrols.com\/#website\"},\"primaryImageOfPage\":{\"@id\":\"https:\/\/equipmentcontrols.com\/product\/pf-zero-governor-f3z\/#primaryimage\"},\"image\":{\"@id\":\"https:\/\/equipmentcontrols.com\/product\/pf-zero-governor-f3z\/#primaryimage\"},\"thumbnailUrl\":\"https:\/\/equipmentcontrols.com\/wp-content\/uploads\/2023\/01\/PF-Zero-regulator.jpeg\",\"datePublished\":\"2020-04-24T20:25:48+00:00\",\"dateModified\":\"2023-01-31T17:19:35+00:00\",\"description\":\"Pietro Fiorentini\u2019s ZERO Governor F3Z series, are designed to comply with the EN 88\/1 standard. The F3Z family of regulators are ideal for all burner installations, nozzle mixers, mixing tees, and proportional pre-mixers. Their function is to regulate the pressure and to maintain constant the air\/gas ratio.The materials and soft parts used in the construction of the ZERO Governor regulators make them suitable for use with natural gas, LPG, city gas and all other non corrosive gases. All the F3Z regulators are equipped with balanced device design for high outlet pressure accuracy regardless of any inlet pressure variation. The double diaphragm provides added security in case of primary diaphragm failure.\",\"breadcrumb\":{\"@id\":\"https:\/\/equipmentcontrols.com\/product\/pf-zero-governor-f3z\/#breadcrumb\"},\"inLanguage\":\"es\",\"potentialAction\":[{\"@type\":\"ReadAction\",\"target\":[\"https:\/\/equipmentcontrols.com\/product\/pf-zero-governor-f3z\/\"]}]},{\"@type\":\"ImageObject\",\"inLanguage\":\"es\",\"@id\":\"https:\/\/equipmentcontrols.com\/product\/pf-zero-governor-f3z\/#primaryimage\",\"url\":\"https:\/\/equipmentcontrols.com\/wp-content\/uploads\/2023\/01\/PF-Zero-regulator.jpeg\",\"contentUrl\":\"https:\/\/equipmentcontrols.com\/wp-content\/uploads\/2023\/01\/PF-Zero-regulator.jpeg\",\"width\":860,\"height\":860},{\"@type\":\"BreadcrumbList\",\"@id\":\"https:\/\/equipmentcontrols.com\/product\/pf-zero-governor-f3z\/#breadcrumb\",\"itemListElement\":[{\"@type\":\"ListItem\",\"position\":1,\"name\":\"Home\",\"item\":\"https:\/\/equipmentcontrols.com\/\"},{\"@type\":\"ListItem\",\"position\":2,\"name\":\"Shop\",\"item\":\"https:\/\/equipmentcontrols.com\/shop\/\"},{\"@type\":\"ListItem\",\"position\":3,\"name\":\"PF Zero GOVERNOR Regulators\"}]},{\"@type\":\"WebSite\",\"@id\":\"https:\/\/equipmentcontrols.com\/#website\",\"url\":\"https:\/\/equipmentcontrols.com\/\",\"name\":\"ECCO\",\"description\":\"Equipment Controls Company\",\"potentialAction\":[{\"@type\":\"SearchAction\",\"target\":{\"@type\":\"EntryPoint\",\"urlTemplate\":\"https:\/\/equipmentcontrols.com\/?s={search_term_string}\"},\"query-input\":{\"@type\":\"PropertyValueSpecification\",\"valueRequired\":true,\"valueName\":\"search_term_string\"}}],\"inLanguage\":\"es\"}]}<\/script>\n<!-- \/ Yoast SEO Premium plugin. -->","yoast_head_json":{"title":"PF Zero GOVERNOR Regulators - ECCO","description":"Pietro Fiorentini\u2019s ZERO Governor F3Z series, are designed to comply with the EN 88\/1 standard. The F3Z family of regulators are ideal for all burner installations, nozzle mixers, mixing tees, and proportional pre-mixers. Their function is to regulate the pressure and to maintain constant the air\/gas ratio.The materials and soft parts used in the construction of the ZERO Governor regulators make them suitable for use with natural gas, LPG, city gas and all other non corrosive gases. All the F3Z regulators are equipped with balanced device design for high outlet pressure accuracy regardless of any inlet pressure variation. The double diaphragm provides added security in case of primary diaphragm failure.","robots":{"index":"index","follow":"follow","max-snippet":"max-snippet:-1","max-image-preview":"max-image-preview:large","max-video-preview":"max-video-preview:-1"},"canonical":"https:\/\/equipmentcontrols.com\/es\/producto\/pf-zero-governor-f3z\/","og_locale":"es_MX","og_type":"article","og_title":"PF Zero GOVERNOR Regulators","og_description":"Pietro Fiorentini\u2019s ZERO Governor F3Z series, are designed to comply with the EN 88\/1 standard. The F3Z family of regulators are ideal for all burner installations, nozzle mixers, mixing tees, and proportional pre-mixers. Their function is to regulate the pressure and to maintain constant the air\/gas ratio.The materials and soft parts used in the construction of the ZERO Governor regulators make them suitable for use with natural gas, LPG, city gas and all other non corrosive gases. All the F3Z regulators are equipped with balanced device design for high outlet pressure accuracy regardless of any inlet pressure variation. The double diaphragm provides added security in case of primary diaphragm failure.","og_url":"https:\/\/equipmentcontrols.com\/es\/producto\/pf-zero-governor-f3z\/","og_site_name":"ECCO","article_modified_time":"2023-01-31T17:19:35+00:00","og_image":[{"width":860,"height":860,"url":"https:\/\/equipmentcontrols.com\/wp-content\/uploads\/2023\/01\/PF-Zero-regulator.jpeg","type":"image\/jpeg"}],"twitter_card":"summary_large_image","twitter_misc":{"Tiempo de lectura":"1 minuto"},"schema":{"@context":"https:\/\/schema.org","@graph":[{"@type":"WebPage","@id":"https:\/\/equipmentcontrols.com\/product\/pf-zero-governor-f3z\/","url":"https:\/\/equipmentcontrols.com\/product\/pf-zero-governor-f3z\/","name":"PF Zero GOVERNOR Regulators - ECCO","isPartOf":{"@id":"https:\/\/equipmentcontrols.com\/#website"},"primaryImageOfPage":{"@id":"https:\/\/equipmentcontrols.com\/product\/pf-zero-governor-f3z\/#primaryimage"},"image":{"@id":"https:\/\/equipmentcontrols.com\/product\/pf-zero-governor-f3z\/#primaryimage"},"thumbnailUrl":"https:\/\/equipmentcontrols.com\/wp-content\/uploads\/2023\/01\/PF-Zero-regulator.jpeg","datePublished":"2020-04-24T20:25:48+00:00","dateModified":"2023-01-31T17:19:35+00:00","description":"Pietro Fiorentini\u2019s ZERO Governor F3Z series, are designed to comply with the EN 88\/1 standard. The F3Z family of regulators are ideal for all burner installations, nozzle mixers, mixing tees, and proportional pre-mixers. Their function is to regulate the pressure and to maintain constant the air\/gas ratio.The materials and soft parts used in the construction of the ZERO Governor regulators make them suitable for use with natural gas, LPG, city gas and all other non corrosive gases. All the F3Z regulators are equipped with balanced device design for high outlet pressure accuracy regardless of any inlet pressure variation. The double diaphragm provides added security in case of primary diaphragm failure.","breadcrumb":{"@id":"https:\/\/equipmentcontrols.com\/product\/pf-zero-governor-f3z\/#breadcrumb"},"inLanguage":"es","potentialAction":[{"@type":"ReadAction","target":["https:\/\/equipmentcontrols.com\/product\/pf-zero-governor-f3z\/"]}]},{"@type":"ImageObject","inLanguage":"es","@id":"https:\/\/equipmentcontrols.com\/product\/pf-zero-governor-f3z\/#primaryimage","url":"https:\/\/equipmentcontrols.com\/wp-content\/uploads\/2023\/01\/PF-Zero-regulator.jpeg","contentUrl":"https:\/\/equipmentcontrols.com\/wp-content\/uploads\/2023\/01\/PF-Zero-regulator.jpeg","width":860,"height":860},{"@type":"BreadcrumbList","@id":"https:\/\/equipmentcontrols.com\/product\/pf-zero-governor-f3z\/#breadcrumb","itemListElement":[{"@type":"ListItem","position":1,"name":"Home","item":"https:\/\/equipmentcontrols.com\/"},{"@type":"ListItem","position":2,"name":"Shop","item":"https:\/\/equipmentcontrols.com\/shop\/"},{"@type":"ListItem","position":3,"name":"PF Zero GOVERNOR Regulators"}]},{"@type":"WebSite","@id":"https:\/\/equipmentcontrols.com\/#website","url":"https:\/\/equipmentcontrols.com\/","name":"ECCO","description":"Empresa de Control de Equipos","potentialAction":[{"@type":"SearchAction","target":{"@type":"EntryPoint","urlTemplate":"https:\/\/equipmentcontrols.com\/?s={search_term_string}"},"query-input":{"@type":"PropertyValueSpecification","valueRequired":true,"valueName":"search_term_string"}}],"inLanguage":"es"}]}},"_links":{"self":[{"href":"https:\/\/equipmentcontrols.com\/es\/wp-json\/wp\/v2\/product\/357","targetHints":{"allow":["GET"]}}],"collection":[{"href":"https:\/\/equipmentcontrols.com\/es\/wp-json\/wp\/v2\/product"}],"about":[{"href":"https:\/\/equipmentcontrols.com\/es\/wp-json\/wp\/v2\/types\/product"}],"wp:featuredmedia":[{"embeddable":true,"href":"https:\/\/equipmentcontrols.com\/es\/wp-json\/wp\/v2\/media\/3585"}],"wp:attachment":[{"href":"https:\/\/equipmentcontrols.com\/es\/wp-json\/wp\/v2\/media?parent=357"}],"wp:term":[{"taxonomy":"product_brand","embeddable":true,"href":"https:\/\/equipmentcontrols.com\/es\/wp-json\/wp\/v2\/product_brand?post=357"},{"taxonomy":"product_cat","embeddable":true,"href":"https:\/\/equipmentcontrols.com\/es\/wp-json\/wp\/v2\/product_cat?post=357"},{"taxonomy":"product_tag","embeddable":true,"href":"https:\/\/equipmentcontrols.com\/es\/wp-json\/wp\/v2\/product_tag?post=357"}],"curies":[{"name":"wp","href":"https:\/\/api.w.org\/{rel}","templated":true}]}}