{"id":355,"date":"2020-04-24T20:25:47","date_gmt":"2020-04-24T20:25:47","guid":{"rendered":"https:\/\/econtrols.stagemysite.com\/product\/governor-dual-cut-10-psig\/"},"modified":"2023-11-27T14:14:33","modified_gmt":"2023-11-27T14:14:33","slug":"governor-dual-cut-10-psig","status":"publish","type":"product","link":"https:\/\/equipmentcontrols.com\/es\/producto\/governor-dual-cut-10-psig\/","title":{"rendered":"GOVERNOR Dual Cut 10 PSIG"},"content":{"rendered":"<p><strong>Pietro Fiorentini GOVERNOR Dual Cut 10 PSIG<\/strong><\/p>\n<p>Dise\u00f1o certificado por CSA Z21.80\/CSA 6.22 Regulador de presi\u00f3n de gas de l\u00ednea Clase I con protecci\u00f3n contra sobrepresi\u00f3n (OPD) para una presi\u00f3n de entrada de 5 psig, rango de presi\u00f3n de salida de 2\u201d WC a \u00bd psig. El GOBERNADOR permite la ventilaci\u00f3n limitada**, la instalaci\u00f3n de m\u00faltiples posiciones y el bloqueo de punto muerto positivo para \u00bd\u201d a 2\u2033. El regulador de presi\u00f3n de gas GOVERNOR tambi\u00e9n cuenta con limitador de ventilaci\u00f3n integral de doble diafragma con dise\u00f1o de v\u00e1lvula balanceada para brindar mayor capacidad y precisi\u00f3n. El GOBERNADOR es apto para instalaci\u00f3n en interiores y exteriores.<\/p>\n<p><strong>Principales caracter\u00edsticas:<\/strong><br \/>\n\u2022 Certificaci\u00f3n CSA seg\u00fan ANSI Z21.80A2005<br \/>\n\u2022\u00a0CSA Certified 6.22a-2005 ANSI Z21.80A2005 Class I for outlet pressures up to 1 PSIG and inlet pressures up<br \/>\n\u2022\u00a0CSA Certified 6.22a-2005 ANSI Z21.80A2005 Class II for outlet pressures up to 1 PSIG and inlet pressures up to 10 PSIG<br \/>\n\u2022 Limitador de ventilaci\u00f3n integral<br \/>\n\u2022 Limitador de ventilaci\u00f3n externa: no se requiere l\u00ednea de ventilaci\u00f3n**<br \/>\n\u2022 Bloqueo sin salida positivo<br \/>\n\u2022 Puertos de prueba de entrada y salida<br \/>\n\u2022 Reducci\u00f3n de 500 a 1<\/p>\n<p><strong>Especificaciones:<\/strong><br \/>\n\u2022 Adecuado para usar con gas natural, GLP y cualquier gas limpio no corrosivo<br \/>\n\u2022 Rango templado: -40F a 150F<br \/>\n\u2022 Presi\u00f3n de salida: 2\u2033 WC a 14\u2033 WC para CSA Clase I<br \/>\n\u2022 Presi\u00f3n de salida: 2\u2033 WC a 1 PSIG para CSA Clase II<br \/>\n\u2022 Presi\u00f3n de salida: 2\u2033 WC hasta 4.25 PSIG para no CSA<br \/>\n\u2022 Presi\u00f3n de entrada: 3 PSIG a 10 PSIG<br \/>\n\u2022 M\u00e1x. Entrada 10 PSIG para CSA y no CSA<br \/>\n\u2022 Conexiones: 1\/2\u2033 a 2\u2033<br \/>\n\u2022 Presi\u00f3n m\u00e1xima de exposici\u00f3n de entrada de emergencia: 80 PSIG<br \/>\n\u2022 Adecuado para instalaci\u00f3n en interiores o exteriores<\/p>\n<p><strong>Rango de resorte de salida OPD:<\/strong><br \/>\n\u2022 Verde 2\u2033 WC a 5.1\u2033 WC*<br \/>\n\u2022 Rojo 2.75\u2033 WC a 7.87\u2033 WC*<br \/>\n\u2022 Blanco 4\u2033 WC a 11.8\u2033 WC*<br \/>\n\u2022 Negro 6\u2033 WC a 14\u2033 WC*<br \/>\n\u2022 Amarillo 9.8\u2033 WC a 27.5\u2033 WC*<br \/>\n\u2022 Violeta 23.6\u2033 WC a 59\u2033 WC o 0.96 a 2.13 PSIG<br \/>\n\u2022 Naranja 55\u2033 WC a 118\u2033 WC o 2 a 4.26 PSIG<\/p>\n<p>*El resorte tiene certificaci\u00f3n de presi\u00f3n de salida CSA<\/p>\n<p>**Seg\u00fan lo aprobado por los c\u00f3digos y est\u00e1ndares locales<\/p>\n<p><strong>Descargas:<\/strong><br \/>\n<a href=\"ttps:\/\/www.staffordllc.net\/uploads\/1097_10 psig December 15_1.pdf https:\/\/www.staffordllc.net\/uploads\/1101_10 PSIG Installation Manual_1.pdf\">PG GOVERNOR DC Engineering Specification Sheet<\/a><br \/>\n<a href=\"https:\/\/equipmentcontrols.com\/wp-content\/uploads\/2022\/08\/PF-GOVERNOR400-Brochure-ECCO-08.29.22-FINAL.pdf\">PF GOVERNOR 400 Brochure &#8211; English<\/a><br \/>\n<a href=\"https:\/\/equipmentcontrols.com\/wp-content\/uploads\/2023\/11\/PF-GOVERNOR400-Brochure-ECCO-Spanish-10.30.23-FINAL.pdf\">PF GOVERNOR400 Brochure &#8211; Spanish<\/a><br \/>\n<a href=\"https:\/\/equipmentcontrols.com\/wp-content\/uploads\/2023\/11\/PF-GOVERNOR400-Brochure-ECCO-French-Canadian-08.29.22-FINAL.pdf\">PF GOVERNOR 400 Brochure &#8211; French Canadian<\/a><br \/>\n<a href=\"https:\/\/equipmentcontrols.com\/wp-content\/uploads\/2023\/04\/PF-GOVERNORs-Flyer-04.17.23.pdf\">PF GOVERNOR Flyer<\/a><br \/>\n<a href=\"https:\/\/equipmentcontrols.com\/wp-content\/uploads\/2020\/09\/Governor-OPD-Engineering-Specification-Sheet-9-2020.pdf\">PF GOVERNOR OPD Engineering Specification Sheet<\/a><\/p>\n<p>&nbsp;<\/p>","protected":false},"excerpt":{"rendered":"<p>The Governor Dual Cut 10 PSIG Gas Pressure Regulator features double diaphragm, integral vent limiter with balanced valve design to provide increased capacity and accuracy.<\/p>","protected":false},"featured_media":354,"template":"","meta":[],"product_brand":[],"product_cat":[20,46],"product_tag":[161,118,158,159,120],"class_list":{"0":"post-355","1":"product","2":"type-product","3":"status-publish","4":"has-post-thumbnail","6":"product_cat-gas-regulators","7":"product_cat-pietro-fiorentini","8":"product_tag-dual-cut-governor","9":"product_tag-gas-pressure-regulator","10":"product_tag-governor","11":"product_tag-pf-governor","12":"product_tag-pietro-fiorentini","14":"first","15":"instock","16":"shipping-taxable","17":"product-type-simple"},"yoast_head":"<!-- This site is optimized with the Yoast SEO Premium plugin v23.9 (Yoast SEO v27.5) - https:\/\/yoast.com\/product\/yoast-seo-premium-wordpress\/ -->\n<title>GOVERNOR Dual Cut 10 PSIG - ECCO<\/title>\n<meta name=\"description\" content=\"Pietro Fiorentini Governor Dual Cut 10 PSIG features double diaphragm, integral vent limiter with balanced valve design for increased capacity and accuracy.\" \/>\n<meta name=\"robots\" content=\"index, follow, max-snippet:-1, max-image-preview:large, max-video-preview:-1\" \/>\n<link rel=\"canonical\" href=\"https:\/\/equipmentcontrols.com\/es\/producto\/governor-dual-cut-10-psig\/\" \/>\n<meta property=\"og:locale\" content=\"es_MX\" \/>\n<meta property=\"og:type\" content=\"article\" \/>\n<meta property=\"og:title\" content=\"GOVERNOR Dual Cut 10 PSIG\" \/>\n<meta property=\"og:description\" content=\"Pietro Fiorentini Governor Dual Cut 10 PSIG features double diaphragm, integral vent limiter with balanced valve design for increased capacity and accuracy.\" \/>\n<meta property=\"og:url\" content=\"https:\/\/equipmentcontrols.com\/es\/producto\/governor-dual-cut-10-psig\/\" \/>\n<meta property=\"og:site_name\" content=\"ECCO\" \/>\n<meta property=\"article:modified_time\" content=\"2023-11-27T14:14:33+00:00\" \/>\n<meta property=\"og:image\" content=\"https:\/\/equipmentcontrols.com\/wp-content\/uploads\/2020\/04\/PF20Governor20Dual20Cut201020PSIG.jpg\" \/>\n\t<meta property=\"og:image:width\" content=\"860\" \/>\n\t<meta property=\"og:image:height\" content=\"860\" \/>\n\t<meta property=\"og:image:type\" content=\"image\/jpeg\" \/>\n<meta name=\"twitter:card\" content=\"summary_large_image\" \/>\n<meta name=\"twitter:label1\" content=\"Tiempo de lectura\" \/>\n\t<meta name=\"twitter:data1\" content=\"2 minutos\" \/>\n<script type=\"application\/ld+json\" class=\"yoast-schema-graph\">{\"@context\":\"https:\\\/\\\/schema.org\",\"@graph\":[{\"@type\":\"WebPage\",\"@id\":\"https:\\\/\\\/equipmentcontrols.com\\\/product\\\/governor-dual-cut-10-psig\\\/\",\"url\":\"https:\\\/\\\/equipmentcontrols.com\\\/product\\\/governor-dual-cut-10-psig\\\/\",\"name\":\"GOVERNOR Dual Cut 10 PSIG - ECCO\",\"isPartOf\":{\"@id\":\"https:\\\/\\\/equipmentcontrols.com\\\/#website\"},\"primaryImageOfPage\":{\"@id\":\"https:\\\/\\\/equipmentcontrols.com\\\/product\\\/governor-dual-cut-10-psig\\\/#primaryimage\"},\"image\":{\"@id\":\"https:\\\/\\\/equipmentcontrols.com\\\/product\\\/governor-dual-cut-10-psig\\\/#primaryimage\"},\"thumbnailUrl\":\"https:\\\/\\\/equipmentcontrols.com\\\/wp-content\\\/uploads\\\/2020\\\/04\\\/PF20Governor20Dual20Cut201020PSIG.jpg\",\"datePublished\":\"2020-04-24T20:25:47+00:00\",\"dateModified\":\"2023-11-27T14:14:33+00:00\",\"description\":\"Pietro Fiorentini Governor Dual Cut 10 PSIG features double diaphragm, integral vent limiter with balanced valve design for increased capacity and accuracy.\",\"breadcrumb\":{\"@id\":\"https:\\\/\\\/equipmentcontrols.com\\\/product\\\/governor-dual-cut-10-psig\\\/#breadcrumb\"},\"inLanguage\":\"es\",\"potentialAction\":[{\"@type\":\"ReadAction\",\"target\":[\"https:\\\/\\\/equipmentcontrols.com\\\/product\\\/governor-dual-cut-10-psig\\\/\"]}]},{\"@type\":\"ImageObject\",\"inLanguage\":\"es\",\"@id\":\"https:\\\/\\\/equipmentcontrols.com\\\/product\\\/governor-dual-cut-10-psig\\\/#primaryimage\",\"url\":\"https:\\\/\\\/equipmentcontrols.com\\\/wp-content\\\/uploads\\\/2020\\\/04\\\/PF20Governor20Dual20Cut201020PSIG.jpg\",\"contentUrl\":\"https:\\\/\\\/equipmentcontrols.com\\\/wp-content\\\/uploads\\\/2020\\\/04\\\/PF20Governor20Dual20Cut201020PSIG.jpg\",\"width\":860,\"height\":860,\"caption\":\"PF20Governor20Dual20Cut201020PSIG\"},{\"@type\":\"BreadcrumbList\",\"@id\":\"https:\\\/\\\/equipmentcontrols.com\\\/product\\\/governor-dual-cut-10-psig\\\/#breadcrumb\",\"itemListElement\":[{\"@type\":\"ListItem\",\"position\":1,\"name\":\"Home\",\"item\":\"https:\\\/\\\/equipmentcontrols.com\\\/\"},{\"@type\":\"ListItem\",\"position\":2,\"name\":\"Shop\",\"item\":\"https:\\\/\\\/equipmentcontrols.com\\\/shop\\\/\"},{\"@type\":\"ListItem\",\"position\":3,\"name\":\"GOVERNOR Dual Cut 10 PSIG\"}]},{\"@type\":\"WebSite\",\"@id\":\"https:\\\/\\\/equipmentcontrols.com\\\/#website\",\"url\":\"https:\\\/\\\/equipmentcontrols.com\\\/\",\"name\":\"ECCO\",\"description\":\"Equipment Controls Company\",\"potentialAction\":[{\"@type\":\"SearchAction\",\"target\":{\"@type\":\"EntryPoint\",\"urlTemplate\":\"https:\\\/\\\/equipmentcontrols.com\\\/?s={search_term_string}\"},\"query-input\":{\"@type\":\"PropertyValueSpecification\",\"valueRequired\":true,\"valueName\":\"search_term_string\"}}],\"inLanguage\":\"es\"}]}<\/script>\n<!-- \/ Yoast SEO Premium plugin. -->","yoast_head_json":{"title":"GOVERNOR Dual Cut 10 PSIG - ECCO","description":"Pietro Fiorentini Governor Dual Cut 10 PSIG features double diaphragm, integral vent limiter with balanced valve design for increased capacity and accuracy.","robots":{"index":"index","follow":"follow","max-snippet":"max-snippet:-1","max-image-preview":"max-image-preview:large","max-video-preview":"max-video-preview:-1"},"canonical":"https:\/\/equipmentcontrols.com\/es\/producto\/governor-dual-cut-10-psig\/","og_locale":"es_MX","og_type":"article","og_title":"GOVERNOR Dual Cut 10 PSIG","og_description":"Pietro Fiorentini Governor Dual Cut 10 PSIG features double diaphragm, integral vent limiter with balanced valve design for increased capacity and accuracy.","og_url":"https:\/\/equipmentcontrols.com\/es\/producto\/governor-dual-cut-10-psig\/","og_site_name":"ECCO","article_modified_time":"2023-11-27T14:14:33+00:00","og_image":[{"width":860,"height":860,"url":"https:\/\/equipmentcontrols.com\/wp-content\/uploads\/2020\/04\/PF20Governor20Dual20Cut201020PSIG.jpg","type":"image\/jpeg"}],"twitter_card":"summary_large_image","twitter_misc":{"Tiempo de lectura":"2 minutos"},"schema":{"@context":"https:\/\/schema.org","@graph":[{"@type":"WebPage","@id":"https:\/\/equipmentcontrols.com\/product\/governor-dual-cut-10-psig\/","url":"https:\/\/equipmentcontrols.com\/product\/governor-dual-cut-10-psig\/","name":"GOVERNOR Dual Cut 10 PSIG - ECCO","isPartOf":{"@id":"https:\/\/equipmentcontrols.com\/#website"},"primaryImageOfPage":{"@id":"https:\/\/equipmentcontrols.com\/product\/governor-dual-cut-10-psig\/#primaryimage"},"image":{"@id":"https:\/\/equipmentcontrols.com\/product\/governor-dual-cut-10-psig\/#primaryimage"},"thumbnailUrl":"https:\/\/equipmentcontrols.com\/wp-content\/uploads\/2020\/04\/PF20Governor20Dual20Cut201020PSIG.jpg","datePublished":"2020-04-24T20:25:47+00:00","dateModified":"2023-11-27T14:14:33+00:00","description":"Pietro Fiorentini Governor Dual Cut 10 PSIG features double diaphragm, integral vent limiter with balanced valve design for increased capacity and accuracy.","breadcrumb":{"@id":"https:\/\/equipmentcontrols.com\/product\/governor-dual-cut-10-psig\/#breadcrumb"},"inLanguage":"es","potentialAction":[{"@type":"ReadAction","target":["https:\/\/equipmentcontrols.com\/product\/governor-dual-cut-10-psig\/"]}]},{"@type":"ImageObject","inLanguage":"es","@id":"https:\/\/equipmentcontrols.com\/product\/governor-dual-cut-10-psig\/#primaryimage","url":"https:\/\/equipmentcontrols.com\/wp-content\/uploads\/2020\/04\/PF20Governor20Dual20Cut201020PSIG.jpg","contentUrl":"https:\/\/equipmentcontrols.com\/wp-content\/uploads\/2020\/04\/PF20Governor20Dual20Cut201020PSIG.jpg","width":860,"height":860,"caption":"PF20Governor20Dual20Cut201020PSIG"},{"@type":"BreadcrumbList","@id":"https:\/\/equipmentcontrols.com\/product\/governor-dual-cut-10-psig\/#breadcrumb","itemListElement":[{"@type":"ListItem","position":1,"name":"Home","item":"https:\/\/equipmentcontrols.com\/"},{"@type":"ListItem","position":2,"name":"Shop","item":"https:\/\/equipmentcontrols.com\/shop\/"},{"@type":"ListItem","position":3,"name":"GOVERNOR Dual Cut 10 PSIG"}]},{"@type":"WebSite","@id":"https:\/\/equipmentcontrols.com\/#website","url":"https:\/\/equipmentcontrols.com\/","name":"ECCO","description":"Empresa de Control de Equipos","potentialAction":[{"@type":"SearchAction","target":{"@type":"EntryPoint","urlTemplate":"https:\/\/equipmentcontrols.com\/?s={search_term_string}"},"query-input":{"@type":"PropertyValueSpecification","valueRequired":true,"valueName":"search_term_string"}}],"inLanguage":"es"}]}},"_links":{"self":[{"href":"https:\/\/equipmentcontrols.com\/es\/wp-json\/wp\/v2\/product\/355","targetHints":{"allow":["GET"]}}],"collection":[{"href":"https:\/\/equipmentcontrols.com\/es\/wp-json\/wp\/v2\/product"}],"about":[{"href":"https:\/\/equipmentcontrols.com\/es\/wp-json\/wp\/v2\/types\/product"}],"wp:featuredmedia":[{"embeddable":true,"href":"https:\/\/equipmentcontrols.com\/es\/wp-json\/wp\/v2\/media\/354"}],"wp:attachment":[{"href":"https:\/\/equipmentcontrols.com\/es\/wp-json\/wp\/v2\/media?parent=355"}],"wp:term":[{"taxonomy":"product_brand","embeddable":true,"href":"https:\/\/equipmentcontrols.com\/es\/wp-json\/wp\/v2\/product_brand?post=355"},{"taxonomy":"product_cat","embeddable":true,"href":"https:\/\/equipmentcontrols.com\/es\/wp-json\/wp\/v2\/product_cat?post=355"},{"taxonomy":"product_tag","embeddable":true,"href":"https:\/\/equipmentcontrols.com\/es\/wp-json\/wp\/v2\/product_tag?post=355"}],"curies":[{"name":"wp","href":"https:\/\/api.w.org\/{rel}","templated":true}]}}