{"id":351,"date":"2020-04-24T20:25:46","date_gmt":"2020-04-24T20:25:46","guid":{"rendered":"https:\/\/econtrols.stagemysite.com\/product\/governor-2-psig\/"},"modified":"2023-11-27T13:44:08","modified_gmt":"2023-11-27T13:44:08","slug":"governor-2-psig","status":"publish","type":"product","link":"https:\/\/equipmentcontrols.com\/es\/producto\/governor-2-psig\/","title":{"rendered":"GOVERNOR 2 PSIG"},"content":{"rendered":"<p><strong>Pietro Fiorentini GOVERNOR 2 PSIG Standard Model<br \/>\n<\/strong><\/p>\n<p>La l\u00ednea de reguladores de gas GOVERNOR de Pietro Fiorentini est\u00e1 dise\u00f1ada para cumplir con los \u00faltimos est\u00e1ndares CSA e internacionales para reguladores aptos para instalaciones interiores y exteriores sin modificaciones.<\/p>\n<p>La familia de reguladores GOVERNOR es ideal para una amplia gama de aplicaciones residenciales e industriales de gran tama\u00f1o. Los materiales y partes blandas utilizadas en la construcci\u00f3n de los reguladores GOVERNOR los hacen aptos para uso con gas natural, GLP, Propano aire y otros gases no corrosivos.<\/p>\n<p>Todos los reguladores GOVERNOR est\u00e1n equipados con un dise\u00f1o de v\u00e1lvula balanceada para mejorar la precisi\u00f3n de la alta presi\u00f3n de salida, independientemente de la variaci\u00f3n de la presi\u00f3n de entrada. El diafragma doble con limitador de ventilaci\u00f3n integral brinda mayor seguridad. El limitador de ventilaci\u00f3n externo reduce los costos de tuber\u00eda y la necesidad de costosas tuber\u00edas de ventilaci\u00f3n para instalaciones interiores y cumple con las pautas de CSA.* La cantidad de opciones de alta capacidad y regulador a veces elimina la necesidad de unidades separadas y reduce significativamente los costos de instalaci\u00f3n.<\/p>\n<p><strong>Seguro, confiable y de alto rendimiento<\/strong><\/p>\n<p><strong>Principales caracter\u00edsticas:<\/strong><br \/>\n\u2022 ANSI Z21.80A-2012 \/ CSA 6.22A-2012(R2016) Clase I para presiones de salida de hasta 14\u201d WC Certificado<br \/>\n\u2022 Limitador de ventilaci\u00f3n integral<br \/>\n\u2022 Limitador de ventilaci\u00f3n externa: no se requiere l\u00ednea de ventilaci\u00f3n**<br \/>\n\u2022 Bloqueo herm\u00e9tico de burbujas 100% positivo<br \/>\n\u2022 Puertos de prueba de entrada y salida 500 a 1 Turndown<br \/>\n\u2022 Filtro incluido en todos los modelos<\/p>\n<p><strong>Especificaciones:<\/strong><br \/>\n\u2022 Adecuado para uso con gas natural, GLP y cualquier gas limpio no corrosivo<br \/>\n\u2022 Presi\u00f3n de entrada: 3\u2033 WC a 2 PSIG; m\u00e1x. Entrada: 7,25 PSIG para aplicaciones no CSA<br \/>\n\u2022 Presi\u00f3n de salida: 2\u2033 WC a 14\u2033 WC<br \/>\n\u2022 Rango de temperatura: -40F a 150F<br \/>\n\u2022 Conexiones: 1\/2\u2033 a 4\u2033<br \/>\n\u2022 Presi\u00f3n m\u00e1xima de exposici\u00f3n de entrada de emergencia: 80 PSIG<br \/>\n\u2022 Adecuado para instalaci\u00f3n en interiores o exteriores<\/p>\n<p><strong>Rango de resorte de salida est\u00e1ndar:<\/strong><br \/>\n\u2022 Adecuado para uso con gas natural, GLP y cualquier gas limpio no corrosivo<br \/>\n\u2022 Presi\u00f3n de entrada: 3\u201d WC a 2 PSIG Aprobado por CSA<br \/>\n\u2022 M\u00e1x. Entrada 7.25 PSIG para aplicaciones no CSA<br \/>\n\u2022 Presi\u00f3n de salida: 2\u201d WC a 14\u201d WC y hasta 4.25 PSIG para aplicaciones no CSA<br \/>\n\u2022 Rango de temperatura: -40 \u00b0F a 150 \u00b0F<br \/>\n\u2022 Conexiones: \u00bd\u201d a 4\u201d<br \/>\n\u2022 Presi\u00f3n m\u00e1xima de exposici\u00f3n de entrada de emergencia: 80 PSIG<br \/>\n\u2022 Adecuado para instalaci\u00f3n en interiores o exteriores***<\/p>\n<p><strong>Rango de resorte de salida est\u00e1ndar:<br \/>\n<\/strong>\u2022 Verde 2\u201d W .C. a 5.1\u201d inodoro*<br \/>\n\u2022 Rojo 2.75\u201d W .C. a 7.87\u201d inodoro*<br \/>\n\u2022 Blanco 4\u201d W .C. a 11.8\u201d inodoro*<br \/>\n\u2022 Negro 6\u201d WC a 14\u201d WC*<br \/>\n\u2022 Amarillo 9.8\u201d WC a 27.5\u201d WC*<br \/>\n\u2022 Violeta 23.6\u201d WC a 59\u201d WC o 0.85 a 2.13 PSIG *<br \/>\n\u2022 Naranja 55\u201d WC a 118\u201d WC o 2 a 4.26 PSIG<\/p>\n<p>*El resorte tiene certificaci\u00f3n de presi\u00f3n de salida CSA<br \/>\n**Seg\u00fan lo aprobado por los c\u00f3digos y est\u00e1ndares locales<br \/>\n*** El limitador de ventilaci\u00f3n de lat\u00f3n se debe quitar para la instalaci\u00f3n en exteriores<\/p>\n<p><strong>Descargas:<\/strong><\/p>\n<p><a href=\"https:\/\/equipmentcontrols.com\/wp-content\/uploads\/2022\/08\/PF-GOVERNOR400-Brochure-ECCO-08.29.22-FINAL.pdf\">PF GOVERNOR 400 Brochure &#8211; English<\/a><br \/>\n<a href=\"https:\/\/equipmentcontrols.com\/wp-content\/uploads\/2023\/11\/PF-GOVERNOR400-Brochure-ECCO-Spanish-10.30.23-FINAL.pdf\">PF GOVERNOR400 Brochure &#8211; Spanish<\/a><br \/>\n<a href=\"https:\/\/equipmentcontrols.com\/wp-content\/uploads\/2023\/11\/PF-GOVERNOR400-Brochure-ECCO-French-Canadian-08.29.22-FINAL.pdf\">PF GOVERNOR 400 Brochure &#8211; French Canadian<\/a><br \/>\n<a href=\"http:\/\/Line Gas Pressure Regulator with Over Pressure Protection (OPD) for 10 psig inlet pressure, outlet pressure range of 2\u201d W.C. to \u00bd psig. The GOVERNOR allows for vent limited**, multi-position installation and positive dead-end lockup for \u00bd\u201d through 2&quot;. The GOVERNOR Gas Pressure Regulator also features double diaphragm, integral vent limiter with balanced valve design to provide increased capacity and accuracy. The GOVERNOR is suitable for indoor and outdoor installation.\">PF GOVERNOR Flyer<\/a><br \/>\n<a href=\"https:\/\/equipmentcontrols.com\/wp-content\/uploads\/2020\/09\/Governor-High-Capacity-Engineering-Specification-Sheet-9-2020.pdf\">PF GOVERNOR High Capacity Engineering Specification Sheet Governor Brochure<\/a><br \/>\n<a href=\"https:\/\/equipmentcontrols.com\/wp-content\/uploads\/2020\/09\/Governor-Standard-Regulator-Engineering-Specification-Sheet-9-2020.pdf\">PF GOVERNOR\u00a0 Standard Regulator Engineering Specification Sheet<\/a><\/p>\n<p>&nbsp;<\/p>","protected":false},"excerpt":{"rendered":"<p>Pietro Fiorentini&#8217;s Governor line of gas regulators are ideal for a wide range of residential through large industrial applications.<\/p>","protected":false},"featured_media":350,"template":"","meta":[],"product_brand":[],"product_cat":[20,139,46],"product_tag":[160,158,159,120],"class_list":{"0":"post-351","1":"product","2":"type-product","3":"status-publish","4":"has-post-thumbnail","6":"product_cat-gas-regulators","7":"product_cat-hydrogen-ready-pressure-products","8":"product_cat-pietro-fiorentini","9":"product_tag-gas-regulator","10":"product_tag-governor","11":"product_tag-pf-governor","12":"product_tag-pietro-fiorentini","14":"first","15":"instock","16":"shipping-taxable","17":"product-type-simple"},"yoast_head":"<!-- This site is optimized with the Yoast SEO Premium plugin v23.9 (Yoast SEO v27.3) - https:\/\/yoast.com\/product\/yoast-seo-premium-wordpress\/ -->\n<title>GOVERNOR 2 PSIG - ECCO<\/title>\n<meta name=\"description\" content=\"The Pietro Fiorentini\u2019s Governor 2PSIG natural gas regulator is suitable for indoor and outdoor installations, suitable for natural gas and propane.\" \/>\n<meta name=\"robots\" content=\"index, follow, max-snippet:-1, max-image-preview:large, max-video-preview:-1\" \/>\n<link rel=\"canonical\" href=\"https:\/\/equipmentcontrols.com\/es\/producto\/governor-2-psig\/\" \/>\n<meta property=\"og:locale\" content=\"es_MX\" \/>\n<meta property=\"og:type\" content=\"article\" \/>\n<meta property=\"og:title\" content=\"GOVERNOR 2 PSIG\" \/>\n<meta property=\"og:description\" content=\"The Pietro Fiorentini\u2019s Governor 2PSIG natural gas regulator is suitable for indoor and outdoor installations, suitable for natural gas and propane.\" \/>\n<meta property=\"og:url\" content=\"https:\/\/equipmentcontrols.com\/es\/producto\/governor-2-psig\/\" \/>\n<meta property=\"og:site_name\" content=\"ECCO\" \/>\n<meta property=\"article:modified_time\" content=\"2023-11-27T13:44:08+00:00\" \/>\n<meta property=\"og:image\" content=\"https:\/\/equipmentcontrols.com\/wp-content\/uploads\/2020\/04\/PF20Governor20220PSIG.jpg\" \/>\n\t<meta property=\"og:image:width\" content=\"860\" \/>\n\t<meta property=\"og:image:height\" content=\"860\" \/>\n\t<meta property=\"og:image:type\" content=\"image\/jpeg\" \/>\n<meta name=\"twitter:card\" content=\"summary_large_image\" \/>\n<meta name=\"twitter:label1\" content=\"Tiempo de lectura\" \/>\n\t<meta name=\"twitter:data1\" content=\"3 minutos\" \/>\n<script type=\"application\/ld+json\" class=\"yoast-schema-graph\">{\"@context\":\"https:\\\/\\\/schema.org\",\"@graph\":[{\"@type\":\"WebPage\",\"@id\":\"https:\\\/\\\/equipmentcontrols.com\\\/product\\\/governor-2-psig\\\/\",\"url\":\"https:\\\/\\\/equipmentcontrols.com\\\/product\\\/governor-2-psig\\\/\",\"name\":\"GOVERNOR 2 PSIG - ECCO\",\"isPartOf\":{\"@id\":\"https:\\\/\\\/equipmentcontrols.com\\\/#website\"},\"primaryImageOfPage\":{\"@id\":\"https:\\\/\\\/equipmentcontrols.com\\\/product\\\/governor-2-psig\\\/#primaryimage\"},\"image\":{\"@id\":\"https:\\\/\\\/equipmentcontrols.com\\\/product\\\/governor-2-psig\\\/#primaryimage\"},\"thumbnailUrl\":\"https:\\\/\\\/equipmentcontrols.com\\\/wp-content\\\/uploads\\\/2020\\\/04\\\/PF20Governor20220PSIG.jpg\",\"datePublished\":\"2020-04-24T20:25:46+00:00\",\"dateModified\":\"2023-11-27T13:44:08+00:00\",\"description\":\"The Pietro Fiorentini\u2019s Governor 2PSIG natural gas regulator is suitable for indoor and outdoor installations, suitable for natural gas and propane.\",\"breadcrumb\":{\"@id\":\"https:\\\/\\\/equipmentcontrols.com\\\/product\\\/governor-2-psig\\\/#breadcrumb\"},\"inLanguage\":\"es\",\"potentialAction\":[{\"@type\":\"ReadAction\",\"target\":[\"https:\\\/\\\/equipmentcontrols.com\\\/product\\\/governor-2-psig\\\/\"]}]},{\"@type\":\"ImageObject\",\"inLanguage\":\"es\",\"@id\":\"https:\\\/\\\/equipmentcontrols.com\\\/product\\\/governor-2-psig\\\/#primaryimage\",\"url\":\"https:\\\/\\\/equipmentcontrols.com\\\/wp-content\\\/uploads\\\/2020\\\/04\\\/PF20Governor20220PSIG.jpg\",\"contentUrl\":\"https:\\\/\\\/equipmentcontrols.com\\\/wp-content\\\/uploads\\\/2020\\\/04\\\/PF20Governor20220PSIG.jpg\",\"width\":860,\"height\":860,\"caption\":\"PF20Governor20220PSIG\"},{\"@type\":\"BreadcrumbList\",\"@id\":\"https:\\\/\\\/equipmentcontrols.com\\\/product\\\/governor-2-psig\\\/#breadcrumb\",\"itemListElement\":[{\"@type\":\"ListItem\",\"position\":1,\"name\":\"Home\",\"item\":\"https:\\\/\\\/equipmentcontrols.com\\\/\"},{\"@type\":\"ListItem\",\"position\":2,\"name\":\"Shop\",\"item\":\"https:\\\/\\\/equipmentcontrols.com\\\/shop\\\/\"},{\"@type\":\"ListItem\",\"position\":3,\"name\":\"GOVERNOR 2 PSIG\"}]},{\"@type\":\"WebSite\",\"@id\":\"https:\\\/\\\/equipmentcontrols.com\\\/#website\",\"url\":\"https:\\\/\\\/equipmentcontrols.com\\\/\",\"name\":\"ECCO\",\"description\":\"Equipment Controls Company\",\"potentialAction\":[{\"@type\":\"SearchAction\",\"target\":{\"@type\":\"EntryPoint\",\"urlTemplate\":\"https:\\\/\\\/equipmentcontrols.com\\\/?s={search_term_string}\"},\"query-input\":{\"@type\":\"PropertyValueSpecification\",\"valueRequired\":true,\"valueName\":\"search_term_string\"}}],\"inLanguage\":\"es\"}]}<\/script>\n<!-- \/ Yoast SEO Premium plugin. -->","yoast_head_json":{"title":"GOVERNOR 2 PSIG - ECCO","description":"The Pietro Fiorentini\u2019s Governor 2PSIG natural gas regulator is suitable for indoor and outdoor installations, suitable for natural gas and propane.","robots":{"index":"index","follow":"follow","max-snippet":"max-snippet:-1","max-image-preview":"max-image-preview:large","max-video-preview":"max-video-preview:-1"},"canonical":"https:\/\/equipmentcontrols.com\/es\/producto\/governor-2-psig\/","og_locale":"es_MX","og_type":"article","og_title":"GOVERNOR 2 PSIG","og_description":"The Pietro Fiorentini\u2019s Governor 2PSIG natural gas regulator is suitable for indoor and outdoor installations, suitable for natural gas and propane.","og_url":"https:\/\/equipmentcontrols.com\/es\/producto\/governor-2-psig\/","og_site_name":"ECCO","article_modified_time":"2023-11-27T13:44:08+00:00","og_image":[{"width":860,"height":860,"url":"https:\/\/equipmentcontrols.com\/wp-content\/uploads\/2020\/04\/PF20Governor20220PSIG.jpg","type":"image\/jpeg"}],"twitter_card":"summary_large_image","twitter_misc":{"Tiempo de lectura":"3 minutos"},"schema":{"@context":"https:\/\/schema.org","@graph":[{"@type":"WebPage","@id":"https:\/\/equipmentcontrols.com\/product\/governor-2-psig\/","url":"https:\/\/equipmentcontrols.com\/product\/governor-2-psig\/","name":"GOVERNOR 2 PSIG - ECCO","isPartOf":{"@id":"https:\/\/equipmentcontrols.com\/#website"},"primaryImageOfPage":{"@id":"https:\/\/equipmentcontrols.com\/product\/governor-2-psig\/#primaryimage"},"image":{"@id":"https:\/\/equipmentcontrols.com\/product\/governor-2-psig\/#primaryimage"},"thumbnailUrl":"https:\/\/equipmentcontrols.com\/wp-content\/uploads\/2020\/04\/PF20Governor20220PSIG.jpg","datePublished":"2020-04-24T20:25:46+00:00","dateModified":"2023-11-27T13:44:08+00:00","description":"The Pietro Fiorentini\u2019s Governor 2PSIG natural gas regulator is suitable for indoor and outdoor installations, suitable for natural gas and propane.","breadcrumb":{"@id":"https:\/\/equipmentcontrols.com\/product\/governor-2-psig\/#breadcrumb"},"inLanguage":"es","potentialAction":[{"@type":"ReadAction","target":["https:\/\/equipmentcontrols.com\/product\/governor-2-psig\/"]}]},{"@type":"ImageObject","inLanguage":"es","@id":"https:\/\/equipmentcontrols.com\/product\/governor-2-psig\/#primaryimage","url":"https:\/\/equipmentcontrols.com\/wp-content\/uploads\/2020\/04\/PF20Governor20220PSIG.jpg","contentUrl":"https:\/\/equipmentcontrols.com\/wp-content\/uploads\/2020\/04\/PF20Governor20220PSIG.jpg","width":860,"height":860,"caption":"PF20Governor20220PSIG"},{"@type":"BreadcrumbList","@id":"https:\/\/equipmentcontrols.com\/product\/governor-2-psig\/#breadcrumb","itemListElement":[{"@type":"ListItem","position":1,"name":"Home","item":"https:\/\/equipmentcontrols.com\/"},{"@type":"ListItem","position":2,"name":"Shop","item":"https:\/\/equipmentcontrols.com\/shop\/"},{"@type":"ListItem","position":3,"name":"GOVERNOR 2 PSIG"}]},{"@type":"WebSite","@id":"https:\/\/equipmentcontrols.com\/#website","url":"https:\/\/equipmentcontrols.com\/","name":"ECCO","description":"Empresa de Control de Equipos","potentialAction":[{"@type":"SearchAction","target":{"@type":"EntryPoint","urlTemplate":"https:\/\/equipmentcontrols.com\/?s={search_term_string}"},"query-input":{"@type":"PropertyValueSpecification","valueRequired":true,"valueName":"search_term_string"}}],"inLanguage":"es"}]}},"_links":{"self":[{"href":"https:\/\/equipmentcontrols.com\/es\/wp-json\/wp\/v2\/product\/351","targetHints":{"allow":["GET"]}}],"collection":[{"href":"https:\/\/equipmentcontrols.com\/es\/wp-json\/wp\/v2\/product"}],"about":[{"href":"https:\/\/equipmentcontrols.com\/es\/wp-json\/wp\/v2\/types\/product"}],"wp:featuredmedia":[{"embeddable":true,"href":"https:\/\/equipmentcontrols.com\/es\/wp-json\/wp\/v2\/media\/350"}],"wp:attachment":[{"href":"https:\/\/equipmentcontrols.com\/es\/wp-json\/wp\/v2\/media?parent=351"}],"wp:term":[{"taxonomy":"product_brand","embeddable":true,"href":"https:\/\/equipmentcontrols.com\/es\/wp-json\/wp\/v2\/product_brand?post=351"},{"taxonomy":"product_cat","embeddable":true,"href":"https:\/\/equipmentcontrols.com\/es\/wp-json\/wp\/v2\/product_cat?post=351"},{"taxonomy":"product_tag","embeddable":true,"href":"https:\/\/equipmentcontrols.com\/es\/wp-json\/wp\/v2\/product_tag?post=351"}],"curies":[{"name":"wp","href":"https:\/\/api.w.org\/{rel}","templated":true}]}}