{"id":307,"date":"2020-04-21T20:36:39","date_gmt":"2020-04-21T20:36:39","guid":{"rendered":"https:\/\/econtrols.stagemysite.com\/product\/sensus-441-461\/"},"modified":"2024-06-21T19:13:27","modified_gmt":"2024-06-21T19:13:27","slug":"usg-441-461","status":"publish","type":"product","link":"https:\/\/equipmentcontrols.com\/es\/producto\/usg-441-461\/","title":{"rendered":"USG 441-X57"},"content":{"rendered":"<p><strong>USG 441-X57 High Pressure Regulator<\/strong><\/p>\n<div id=\"description\" class=\"tab-content desktop-visible\">\n<p>USG Model 461-X57 and Model 441-X57 regulators are unique high-pressure, large-capacity, spring-operated regulators. These high-pressure regulators incorporate the same \u201croll-out\u201d diaphragm principal that is so successful in our widely used 461-57S and 441-57S medium-pressure regulator models.<\/p>\n<p>Ambos reguladores ofrecen un rendimiento de tipo piloto con la simplicidad del regulador accionado por resorte. La acci\u00f3n del diafragma desplegable hace posible el rendimiento excepcional de los reguladores al reducir al m\u00ednimo la &quot;ca\u00edda&quot; (la ca\u00edda en la presi\u00f3n de salida cuando un regulador de resorte se abre para aumentar el flujo).<\/p>\n<p>Con una respuesta r\u00e1pida y facilidad de instalaci\u00f3n, ajuste y mantenimiento, los modelos 461-X57 y 441-X57 son perfectos para la mayor\u00eda de las aplicaciones de alta presi\u00f3n y gran capacidad. Esto incluye: conjuntos de reguladores de alta presi\u00f3n, sistemas de distribuci\u00f3n de gas, estaciones fronterizas de ciudades, sistemas de transmisi\u00f3n y la mayor\u00eda de las aplicaciones industriales.<\/p>\n<p>Los reguladores modelo 461-X57 y modelo 441-X57 tambi\u00e9n se pueden usar como monitores y asumir r\u00e1pidamente el control si una falla en el regulador operativo permite que la presi\u00f3n de salida exceda su punto de referencia. No se requieren modificaciones para su uso como monitor, incluso si se usa como monitor para otros tipos de reguladores.<\/p>\n<p><strong>Beneficios:<\/strong><\/p>\n<ul>\n<li>Se instala y repara f\u00e1cilmente<\/li>\n<li>Proporciona un alto rendimiento para un registro accionado por resorte<\/li>\n<li>Permite su uso como monitor, asumiendo el control en caso de falla<\/li>\n<\/ul>\n<p><strong>Caracter\u00edsticas:<\/strong><\/p>\n<ul>\n<li>Dise\u00f1o simple<\/li>\n<li>Regulaci\u00f3n confiable<\/li>\n<li>Funcionamiento sin problemas<\/li>\n<li>Respuesta rapida<\/li>\n<li>Sin mantenimiento piloto<\/li>\n<li>Centinela de diafragma de control de bola para mayor seguridad<\/li>\n<li>Construcci\u00f3n resistente<\/li>\n<\/ul>\n<p><strong>Descargas:<\/strong><\/p>\n<p><a href=\"https:\/\/equipmentcontrols.com\/wp-content\/uploads\/2020\/05\/441-X57-Installation-Maintenance.pdf\">Instrucciones de instalaci\u00f3n de Sensus 441-X57<\/a><\/p>\n<p><a href=\"https:\/\/equipmentcontrols.com\/wp-content\/uploads\/2020\/05\/441-X57-Install-Maintenance-Instructions.pdf\">Sensus 441-X57 Instrucciones de mantenimiento<\/a><\/p>\n<\/div>","protected":false},"excerpt":{"rendered":"<p>Conf\u00ede en estos caballos de batalla para obtener un alto rendimiento y una respuesta r\u00e1pida. Nuestros reguladores de presi\u00f3n media Modelo 461-57S y Modelo 441-57S son reguladores operados por resorte que incorporan un diafragma &quot;desplegable&quot;, similar al rendimiento que se encuentra en los reguladores operados por piloto.<\/p>","protected":false},"featured_media":306,"template":"","meta":[],"product_brand":[],"product_cat":[20,105],"product_tag":[],"class_list":{"0":"post-307","1":"product","2":"type-product","3":"status-publish","4":"has-post-thumbnail","6":"product_cat-gas-regulators","7":"product_cat-usg","9":"first","10":"instock","11":"shipping-taxable","12":"product-type-simple"},"yoast_head":"<!-- This site is optimized with the Yoast SEO Premium plugin v23.9 (Yoast SEO v27.2) - https:\/\/yoast.com\/product\/yoast-seo-premium-wordpress\/ -->\n<title>USG 441-X57 - ECCO<\/title>\n<meta name=\"description\" content=\"Our Model 461-X57 and Model 441-X57 regulators are unique high-pressure, large-capacity, spring-operated regulators. These high-pressure regulators incorporate the same \u201croll-out\u201d diaphragm principal that is so successful in our widely used 461-57S and 441-57S medium-pressure regulator models.\" \/>\n<meta name=\"robots\" content=\"index, follow, max-snippet:-1, max-image-preview:large, max-video-preview:-1\" \/>\n<link rel=\"canonical\" href=\"https:\/\/equipmentcontrols.com\/es\/producto\/usg-441-461\/\" \/>\n<meta property=\"og:locale\" content=\"es_MX\" \/>\n<meta property=\"og:type\" content=\"article\" \/>\n<meta property=\"og:title\" content=\"USG 441-X57\" \/>\n<meta property=\"og:description\" content=\"Our Model 461-X57 and Model 441-X57 regulators are unique high-pressure, large-capacity, spring-operated regulators. These high-pressure regulators incorporate the same \u201croll-out\u201d diaphragm principal that is so successful in our widely used 461-57S and 441-57S medium-pressure regulator models.\" \/>\n<meta property=\"og:url\" content=\"https:\/\/equipmentcontrols.com\/es\/producto\/usg-441-461\/\" \/>\n<meta property=\"og:site_name\" content=\"ECCO\" \/>\n<meta property=\"article:modified_time\" content=\"2024-06-21T19:13:27+00:00\" \/>\n<meta property=\"og:image\" content=\"https:\/\/equipmentcontrols.com\/wp-content\/uploads\/2020\/04\/SENSUS20441-46120Gas20Regulator.jpg\" \/>\n\t<meta property=\"og:image:width\" content=\"766\" \/>\n\t<meta property=\"og:image:height\" content=\"766\" \/>\n\t<meta property=\"og:image:type\" content=\"image\/jpeg\" \/>\n<meta name=\"twitter:card\" content=\"summary_large_image\" \/>\n<meta name=\"twitter:label1\" content=\"Tiempo de lectura\" \/>\n\t<meta name=\"twitter:data1\" content=\"2 minutos\" \/>\n<script type=\"application\/ld+json\" class=\"yoast-schema-graph\">{\"@context\":\"https:\/\/schema.org\",\"@graph\":[{\"@type\":\"WebPage\",\"@id\":\"https:\/\/equipmentcontrols.com\/product\/usg-441-461\/\",\"url\":\"https:\/\/equipmentcontrols.com\/product\/usg-441-461\/\",\"name\":\"USG 441-X57 - ECCO\",\"isPartOf\":{\"@id\":\"https:\/\/equipmentcontrols.com\/#website\"},\"primaryImageOfPage\":{\"@id\":\"https:\/\/equipmentcontrols.com\/product\/usg-441-461\/#primaryimage\"},\"image\":{\"@id\":\"https:\/\/equipmentcontrols.com\/product\/usg-441-461\/#primaryimage\"},\"thumbnailUrl\":\"https:\/\/equipmentcontrols.com\/wp-content\/uploads\/2020\/04\/SENSUS20441-46120Gas20Regulator.jpg\",\"datePublished\":\"2020-04-21T20:36:39+00:00\",\"dateModified\":\"2024-06-21T19:13:27+00:00\",\"description\":\"Our Model 461-X57 and Model 441-X57 regulators are unique high-pressure, large-capacity, spring-operated regulators. These high-pressure regulators incorporate the same \u201croll-out\u201d diaphragm principal that is so successful in our widely used 461-57S and 441-57S medium-pressure regulator models.\",\"breadcrumb\":{\"@id\":\"https:\/\/equipmentcontrols.com\/product\/usg-441-461\/#breadcrumb\"},\"inLanguage\":\"es\",\"potentialAction\":[{\"@type\":\"ReadAction\",\"target\":[\"https:\/\/equipmentcontrols.com\/product\/usg-441-461\/\"]}]},{\"@type\":\"ImageObject\",\"inLanguage\":\"es\",\"@id\":\"https:\/\/equipmentcontrols.com\/product\/usg-441-461\/#primaryimage\",\"url\":\"https:\/\/equipmentcontrols.com\/wp-content\/uploads\/2020\/04\/SENSUS20441-46120Gas20Regulator.jpg\",\"contentUrl\":\"https:\/\/equipmentcontrols.com\/wp-content\/uploads\/2020\/04\/SENSUS20441-46120Gas20Regulator.jpg\",\"width\":766,\"height\":766,\"caption\":\"SENSUS20441-46120Gas20Regulator.jpg\"},{\"@type\":\"BreadcrumbList\",\"@id\":\"https:\/\/equipmentcontrols.com\/product\/usg-441-461\/#breadcrumb\",\"itemListElement\":[{\"@type\":\"ListItem\",\"position\":1,\"name\":\"Home\",\"item\":\"https:\/\/equipmentcontrols.com\/\"},{\"@type\":\"ListItem\",\"position\":2,\"name\":\"Shop\",\"item\":\"https:\/\/equipmentcontrols.com\/shop\/\"},{\"@type\":\"ListItem\",\"position\":3,\"name\":\"USG 441-X57\"}]},{\"@type\":\"WebSite\",\"@id\":\"https:\/\/equipmentcontrols.com\/#website\",\"url\":\"https:\/\/equipmentcontrols.com\/\",\"name\":\"ECCO\",\"description\":\"Equipment Controls Company\",\"potentialAction\":[{\"@type\":\"SearchAction\",\"target\":{\"@type\":\"EntryPoint\",\"urlTemplate\":\"https:\/\/equipmentcontrols.com\/?s={search_term_string}\"},\"query-input\":{\"@type\":\"PropertyValueSpecification\",\"valueRequired\":true,\"valueName\":\"search_term_string\"}}],\"inLanguage\":\"es\"}]}<\/script>\n<!-- \/ Yoast SEO Premium plugin. -->","yoast_head_json":{"title":"USG 441-X57 - ECCO","description":"Nuestros reguladores Modelo 461-X57 y Modelo 441-X57 son reguladores \u00fanicos de alta presi\u00f3n, gran capacidad y accionados por resorte. Estos reguladores de alta presi\u00f3n incorporan el mismo principio de diafragma &quot;desplegable&quot; que tiene tanto \u00e9xito en nuestros modelos de reguladores de presi\u00f3n media 461-57S y 441-57S ampliamente utilizados.","robots":{"index":"index","follow":"follow","max-snippet":"max-snippet:-1","max-image-preview":"max-image-preview:large","max-video-preview":"max-video-preview:-1"},"canonical":"https:\/\/equipmentcontrols.com\/es\/producto\/usg-441-461\/","og_locale":"es_MX","og_type":"article","og_title":"USG 441-X57","og_description":"Our Model 461-X57 and Model 441-X57 regulators are unique high-pressure, large-capacity, spring-operated regulators. These high-pressure regulators incorporate the same \u201croll-out\u201d diaphragm principal that is so successful in our widely used 461-57S and 441-57S medium-pressure regulator models.","og_url":"https:\/\/equipmentcontrols.com\/es\/producto\/usg-441-461\/","og_site_name":"ECCO","article_modified_time":"2024-06-21T19:13:27+00:00","og_image":[{"width":766,"height":766,"url":"https:\/\/equipmentcontrols.com\/wp-content\/uploads\/2020\/04\/SENSUS20441-46120Gas20Regulator.jpg","type":"image\/jpeg"}],"twitter_card":"summary_large_image","twitter_misc":{"Tiempo de lectura":"2 minutos"},"schema":{"@context":"https:\/\/schema.org","@graph":[{"@type":"WebPage","@id":"https:\/\/equipmentcontrols.com\/product\/usg-441-461\/","url":"https:\/\/equipmentcontrols.com\/product\/usg-441-461\/","name":"USG 441-X57 - ECCO","isPartOf":{"@id":"https:\/\/equipmentcontrols.com\/#website"},"primaryImageOfPage":{"@id":"https:\/\/equipmentcontrols.com\/product\/usg-441-461\/#primaryimage"},"image":{"@id":"https:\/\/equipmentcontrols.com\/product\/usg-441-461\/#primaryimage"},"thumbnailUrl":"https:\/\/equipmentcontrols.com\/wp-content\/uploads\/2020\/04\/SENSUS20441-46120Gas20Regulator.jpg","datePublished":"2020-04-21T20:36:39+00:00","dateModified":"2024-06-21T19:13:27+00:00","description":"Nuestros reguladores Modelo 461-X57 y Modelo 441-X57 son reguladores \u00fanicos de alta presi\u00f3n, gran capacidad y accionados por resorte. Estos reguladores de alta presi\u00f3n incorporan el mismo principio de diafragma &quot;desplegable&quot; que tiene tanto \u00e9xito en nuestros modelos de reguladores de presi\u00f3n media 461-57S y 441-57S ampliamente utilizados.","breadcrumb":{"@id":"https:\/\/equipmentcontrols.com\/product\/usg-441-461\/#breadcrumb"},"inLanguage":"es","potentialAction":[{"@type":"ReadAction","target":["https:\/\/equipmentcontrols.com\/product\/usg-441-461\/"]}]},{"@type":"ImageObject","inLanguage":"es","@id":"https:\/\/equipmentcontrols.com\/product\/usg-441-461\/#primaryimage","url":"https:\/\/equipmentcontrols.com\/wp-content\/uploads\/2020\/04\/SENSUS20441-46120Gas20Regulator.jpg","contentUrl":"https:\/\/equipmentcontrols.com\/wp-content\/uploads\/2020\/04\/SENSUS20441-46120Gas20Regulator.jpg","width":766,"height":766,"caption":"SENSUS20441-46120Gas20Regulator.jpg"},{"@type":"BreadcrumbList","@id":"https:\/\/equipmentcontrols.com\/product\/usg-441-461\/#breadcrumb","itemListElement":[{"@type":"ListItem","position":1,"name":"Home","item":"https:\/\/equipmentcontrols.com\/"},{"@type":"ListItem","position":2,"name":"Shop","item":"https:\/\/equipmentcontrols.com\/shop\/"},{"@type":"ListItem","position":3,"name":"USG 441-X57"}]},{"@type":"WebSite","@id":"https:\/\/equipmentcontrols.com\/#website","url":"https:\/\/equipmentcontrols.com\/","name":"ECCO","description":"Empresa de Control de Equipos","potentialAction":[{"@type":"SearchAction","target":{"@type":"EntryPoint","urlTemplate":"https:\/\/equipmentcontrols.com\/?s={search_term_string}"},"query-input":{"@type":"PropertyValueSpecification","valueRequired":true,"valueName":"search_term_string"}}],"inLanguage":"es"}]}},"_links":{"self":[{"href":"https:\/\/equipmentcontrols.com\/es\/wp-json\/wp\/v2\/product\/307","targetHints":{"allow":["GET"]}}],"collection":[{"href":"https:\/\/equipmentcontrols.com\/es\/wp-json\/wp\/v2\/product"}],"about":[{"href":"https:\/\/equipmentcontrols.com\/es\/wp-json\/wp\/v2\/types\/product"}],"wp:featuredmedia":[{"embeddable":true,"href":"https:\/\/equipmentcontrols.com\/es\/wp-json\/wp\/v2\/media\/306"}],"wp:attachment":[{"href":"https:\/\/equipmentcontrols.com\/es\/wp-json\/wp\/v2\/media?parent=307"}],"wp:term":[{"taxonomy":"product_brand","embeddable":true,"href":"https:\/\/equipmentcontrols.com\/es\/wp-json\/wp\/v2\/product_brand?post=307"},{"taxonomy":"product_cat","embeddable":true,"href":"https:\/\/equipmentcontrols.com\/es\/wp-json\/wp\/v2\/product_cat?post=307"},{"taxonomy":"product_tag","embeddable":true,"href":"https:\/\/equipmentcontrols.com\/es\/wp-json\/wp\/v2\/product_tag?post=307"}],"curies":[{"name":"wp","href":"https:\/\/api.w.org\/{rel}","templated":true}]}}