{"id":3058,"date":"2022-12-01T22:40:48","date_gmt":"2022-12-01T22:40:48","guid":{"rendered":"https:\/\/eccowebsite.wpenginepowered.com\/?post_type=product&#038;p=3058"},"modified":"2022-12-05T19:50:29","modified_gmt":"2022-12-05T19:50:29","slug":"romet-hub-configuration","status":"publish","type":"product","link":"https:\/\/equipmentcontrols.com\/es\/producto\/romet-hub-configuration\/","title":{"rendered":"Configuraci\u00f3n del concentrador Romet"},"content":{"rendered":"<p><strong>Configuraci\u00f3n del concentrador<\/strong><\/p>\n<div id=\"1567981320\" class=\"dmRespRow\">\n<div id=\"1401109207\" class=\"dmRespColsWrapper\">\n<div id=\"1177274379\" class=\"u_1177274379 dmRespCol small-12 large-8 medium-8\">\n<div id=\"1640156585\" class=\"dmNewParagraph\" data-element-type=\"paragraph\" data-version=\"5\">\n<p><span class=\"\">El medidor Romet RM es un dise\u00f1o cl\u00e1sico probado y verdadero. Este medidor de fundici\u00f3n totalmente de aluminio ha resistido la prueba del tiempo, brindando a los usuarios una medici\u00f3n confiable y precisa para la transferencia de custodia. El medidor RM ofrece m\u00faltiples opciones de configuraci\u00f3n: Brida (ANSI y DIN), Nipple (NPT) y Hub (30Lt a 100Lt).<\/span><\/p>\n<p>La configuraci\u00f3n del concentrador est\u00e1 dise\u00f1ada para adaptarse a cualquier aplicaci\u00f3n en la que se utilice un medidor de conexi\u00f3n de concentrador de centro a centro de once pulgadas (11\u2033) (diafragma de clase 800\/1000, ultras\u00f3nico, cartucho giratorio cerrado).<\/p>\n<\/div>\n<div id=\"1122428637\" class=\"dmNewParagraph\" data-element-type=\"paragraph\" data-version=\"5\">\n<ul class=\"defaultList\">\n<li class=\"m-size-14 size-14\"><span class=\"font-size-14 m-font-size-14\">La conexi\u00f3n de centro a centro de 11\u2033 est\u00e1 disponible para tama\u00f1os de medidor espec\u00edficos:<\/span>\n<ul class=\"defaultList\">\n<li class=\"m-size-14 size-14\"><span class=\"font-size-14 m-font-size-14\">RM600, RM1000, RM1500 (imperiales)<\/span><\/li>\n<li class=\"ql-indent-1 m-size-11 size-14\"><span class=\"m-font-size-11 font-size-14\">RM16, RM30, RM40 (m\u00e9trico suave)<\/span><\/li>\n<\/ul>\n<\/li>\n<li class=\"m-size-14 size-14\"><span class=\"font-size-14 m-font-size-14\">La configuraci\u00f3n del concentrador proporciona electr\u00f3nica AdEM\u00ae integrada<\/span>\n<ul class=\"defaultList\">\n<li class=\"ql-indent-1 m-size-14 size-14\"><span class=\"font-size-14 m-font-size-14\">Comunicaciones en serie<\/span>\n<ul class=\"defaultList\">\n<li class=\"ql-indent-1 m-size-14 size-14\"><span class=\"font-size-14 m-font-size-14\">4 salidas de pulso disponibles<\/span><\/li>\n<\/ul>\n<\/li>\n<\/ul>\n<\/li>\n<li class=\"ql-indent-1 m-size-14 size-14\"><span class=\"font-size-14 m-font-size-14\">Registro completo de datos de seguimiento de auditor\u00eda<\/span>\n<ul class=\"defaultList\">\n<li class=\"ql-indent-1 m-size-14 size-14\"><span class=\"font-size-14 m-font-size-14\">Compatibilidad con BrightLync\u00ae<\/span><\/li>\n<\/ul>\n<\/li>\n<li class=\"m-size-14 size-14\"><span class=\"font-size-14 m-font-size-14\">Sumidero de escombros incorporado<\/span><\/li>\n<li class=\"m-size-14 size-14\"><span class=\"font-size-14 m-font-size-14\">Tapones de presi\u00f3n de entrada y salida<\/span><\/li>\n<\/ul>\n<\/div>\n<\/div>\n<\/div>\n<\/div>\n<p><strong>Descargas:<\/strong><\/p>","protected":false},"excerpt":{"rendered":"<p>Hub Configuration The Romet RM meter is a tried-and-true classic design. This all-aluminum cast meter has stood the test of time, providing users with reliable and accurate measurement for custody transfer. The RM meter provides multiple configuration options: Flange (ANSI and DIN), Nipple (NPT), and Hub (30Lt to 100Lt). The Hub Configuration is designed to [&hellip;]<\/p>\n","protected":false},"featured_media":3059,"template":"","meta":[],"product_brand":[],"product_cat":[21,48],"product_tag":[],"class_list":{"0":"post-3058","1":"product","2":"type-product","3":"status-publish","4":"has-post-thumbnail","6":"product_cat-gas-meters","7":"product_cat-romet","9":"first","10":"instock","11":"shipping-taxable","12":"product-type-simple"},"yoast_head":"<!-- This site is optimized with the Yoast SEO Premium plugin v23.9 (Yoast SEO v27.3) - https:\/\/yoast.com\/product\/yoast-seo-premium-wordpress\/ -->\n<title>Romet Hub Configuration - ECCO<\/title>\n<meta name=\"description\" content=\"The Romet Hub Configuration is designed to fit any application where an eleven inch (11&quot;) centre-to-centre hub connection meter would be utilized (800\/1000 class diaphragm, ultrasonic, enclosed rotary cartridge).\" \/>\n<meta name=\"robots\" content=\"index, follow, max-snippet:-1, max-image-preview:large, max-video-preview:-1\" \/>\n<link rel=\"canonical\" href=\"https:\/\/equipmentcontrols.com\/es\/producto\/romet-hub-configuration\/\" \/>\n<meta property=\"og:locale\" content=\"es_MX\" \/>\n<meta property=\"og:type\" content=\"article\" \/>\n<meta property=\"og:title\" content=\"Romet Hub Configuration\" \/>\n<meta property=\"og:description\" content=\"The Romet Hub Configuration is designed to fit any application where an eleven inch (11&quot;) centre-to-centre hub connection meter would be utilized (800\/1000 class diaphragm, ultrasonic, enclosed rotary cartridge).\" \/>\n<meta property=\"og:url\" content=\"https:\/\/equipmentcontrols.com\/es\/producto\/romet-hub-configuration\/\" \/>\n<meta property=\"og:site_name\" content=\"ECCO\" \/>\n<meta property=\"article:modified_time\" content=\"2022-12-05T19:50:29+00:00\" \/>\n<meta property=\"og:image\" content=\"https:\/\/equipmentcontrols.com\/wp-content\/uploads\/2022\/12\/ROMET-Hub-Meter.jpg\" \/>\n\t<meta property=\"og:image:width\" content=\"860\" \/>\n\t<meta property=\"og:image:height\" content=\"860\" \/>\n\t<meta property=\"og:image:type\" content=\"image\/jpeg\" \/>\n<meta name=\"twitter:card\" content=\"summary_large_image\" \/>\n<meta name=\"twitter:label1\" content=\"Tiempo de lectura\" \/>\n\t<meta name=\"twitter:data1\" content=\"1 minuto\" \/>\n<script type=\"application\/ld+json\" class=\"yoast-schema-graph\">{\"@context\":\"https:\\\/\\\/schema.org\",\"@graph\":[{\"@type\":\"WebPage\",\"@id\":\"https:\\\/\\\/equipmentcontrols.com\\\/product\\\/romet-hub-configuration\\\/\",\"url\":\"https:\\\/\\\/equipmentcontrols.com\\\/product\\\/romet-hub-configuration\\\/\",\"name\":\"Romet Hub Configuration - ECCO\",\"isPartOf\":{\"@id\":\"https:\\\/\\\/equipmentcontrols.com\\\/#website\"},\"primaryImageOfPage\":{\"@id\":\"https:\\\/\\\/equipmentcontrols.com\\\/product\\\/romet-hub-configuration\\\/#primaryimage\"},\"image\":{\"@id\":\"https:\\\/\\\/equipmentcontrols.com\\\/product\\\/romet-hub-configuration\\\/#primaryimage\"},\"thumbnailUrl\":\"https:\\\/\\\/equipmentcontrols.com\\\/wp-content\\\/uploads\\\/2022\\\/12\\\/ROMET-Hub-Meter.jpg\",\"datePublished\":\"2022-12-01T22:40:48+00:00\",\"dateModified\":\"2022-12-05T19:50:29+00:00\",\"description\":\"The Romet Hub Configuration is designed to fit any application where an eleven inch (11\\\") centre-to-centre hub connection meter would be utilized (800\\\/1000 class diaphragm, ultrasonic, enclosed rotary cartridge).\",\"breadcrumb\":{\"@id\":\"https:\\\/\\\/equipmentcontrols.com\\\/product\\\/romet-hub-configuration\\\/#breadcrumb\"},\"inLanguage\":\"es\",\"potentialAction\":[{\"@type\":\"ReadAction\",\"target\":[\"https:\\\/\\\/equipmentcontrols.com\\\/product\\\/romet-hub-configuration\\\/\"]}]},{\"@type\":\"ImageObject\",\"inLanguage\":\"es\",\"@id\":\"https:\\\/\\\/equipmentcontrols.com\\\/product\\\/romet-hub-configuration\\\/#primaryimage\",\"url\":\"https:\\\/\\\/equipmentcontrols.com\\\/wp-content\\\/uploads\\\/2022\\\/12\\\/ROMET-Hub-Meter.jpg\",\"contentUrl\":\"https:\\\/\\\/equipmentcontrols.com\\\/wp-content\\\/uploads\\\/2022\\\/12\\\/ROMET-Hub-Meter.jpg\",\"width\":860,\"height\":860},{\"@type\":\"BreadcrumbList\",\"@id\":\"https:\\\/\\\/equipmentcontrols.com\\\/product\\\/romet-hub-configuration\\\/#breadcrumb\",\"itemListElement\":[{\"@type\":\"ListItem\",\"position\":1,\"name\":\"Home\",\"item\":\"https:\\\/\\\/equipmentcontrols.com\\\/\"},{\"@type\":\"ListItem\",\"position\":2,\"name\":\"Shop\",\"item\":\"https:\\\/\\\/equipmentcontrols.com\\\/shop\\\/\"},{\"@type\":\"ListItem\",\"position\":3,\"name\":\"Romet Hub Configuration\"}]},{\"@type\":\"WebSite\",\"@id\":\"https:\\\/\\\/equipmentcontrols.com\\\/#website\",\"url\":\"https:\\\/\\\/equipmentcontrols.com\\\/\",\"name\":\"ECCO\",\"description\":\"Equipment Controls Company\",\"potentialAction\":[{\"@type\":\"SearchAction\",\"target\":{\"@type\":\"EntryPoint\",\"urlTemplate\":\"https:\\\/\\\/equipmentcontrols.com\\\/?s={search_term_string}\"},\"query-input\":{\"@type\":\"PropertyValueSpecification\",\"valueRequired\":true,\"valueName\":\"search_term_string\"}}],\"inLanguage\":\"es\"}]}<\/script>\n<!-- \/ Yoast SEO Premium plugin. -->","yoast_head_json":{"title":"Romet Hub Configuration - ECCO","description":"The Romet Hub Configuration is designed to fit any application where an eleven inch (11\") centre-to-centre hub connection meter would be utilized (800\/1000 class diaphragm, ultrasonic, enclosed rotary cartridge).","robots":{"index":"index","follow":"follow","max-snippet":"max-snippet:-1","max-image-preview":"max-image-preview:large","max-video-preview":"max-video-preview:-1"},"canonical":"https:\/\/equipmentcontrols.com\/es\/producto\/romet-hub-configuration\/","og_locale":"es_MX","og_type":"article","og_title":"Romet Hub Configuration","og_description":"The Romet Hub Configuration is designed to fit any application where an eleven inch (11\") centre-to-centre hub connection meter would be utilized (800\/1000 class diaphragm, ultrasonic, enclosed rotary cartridge).","og_url":"https:\/\/equipmentcontrols.com\/es\/producto\/romet-hub-configuration\/","og_site_name":"ECCO","article_modified_time":"2022-12-05T19:50:29+00:00","og_image":[{"width":860,"height":860,"url":"https:\/\/equipmentcontrols.com\/wp-content\/uploads\/2022\/12\/ROMET-Hub-Meter.jpg","type":"image\/jpeg"}],"twitter_card":"summary_large_image","twitter_misc":{"Tiempo de lectura":"1 minuto"},"schema":{"@context":"https:\/\/schema.org","@graph":[{"@type":"WebPage","@id":"https:\/\/equipmentcontrols.com\/product\/romet-hub-configuration\/","url":"https:\/\/equipmentcontrols.com\/product\/romet-hub-configuration\/","name":"Romet Hub Configuration - ECCO","isPartOf":{"@id":"https:\/\/equipmentcontrols.com\/#website"},"primaryImageOfPage":{"@id":"https:\/\/equipmentcontrols.com\/product\/romet-hub-configuration\/#primaryimage"},"image":{"@id":"https:\/\/equipmentcontrols.com\/product\/romet-hub-configuration\/#primaryimage"},"thumbnailUrl":"https:\/\/equipmentcontrols.com\/wp-content\/uploads\/2022\/12\/ROMET-Hub-Meter.jpg","datePublished":"2022-12-01T22:40:48+00:00","dateModified":"2022-12-05T19:50:29+00:00","description":"The Romet Hub Configuration is designed to fit any application where an eleven inch (11\") centre-to-centre hub connection meter would be utilized (800\/1000 class diaphragm, ultrasonic, enclosed rotary cartridge).","breadcrumb":{"@id":"https:\/\/equipmentcontrols.com\/product\/romet-hub-configuration\/#breadcrumb"},"inLanguage":"es","potentialAction":[{"@type":"ReadAction","target":["https:\/\/equipmentcontrols.com\/product\/romet-hub-configuration\/"]}]},{"@type":"ImageObject","inLanguage":"es","@id":"https:\/\/equipmentcontrols.com\/product\/romet-hub-configuration\/#primaryimage","url":"https:\/\/equipmentcontrols.com\/wp-content\/uploads\/2022\/12\/ROMET-Hub-Meter.jpg","contentUrl":"https:\/\/equipmentcontrols.com\/wp-content\/uploads\/2022\/12\/ROMET-Hub-Meter.jpg","width":860,"height":860},{"@type":"BreadcrumbList","@id":"https:\/\/equipmentcontrols.com\/product\/romet-hub-configuration\/#breadcrumb","itemListElement":[{"@type":"ListItem","position":1,"name":"Home","item":"https:\/\/equipmentcontrols.com\/"},{"@type":"ListItem","position":2,"name":"Shop","item":"https:\/\/equipmentcontrols.com\/shop\/"},{"@type":"ListItem","position":3,"name":"Romet Hub Configuration"}]},{"@type":"WebSite","@id":"https:\/\/equipmentcontrols.com\/#website","url":"https:\/\/equipmentcontrols.com\/","name":"ECCO","description":"Empresa de Control de Equipos","potentialAction":[{"@type":"SearchAction","target":{"@type":"EntryPoint","urlTemplate":"https:\/\/equipmentcontrols.com\/?s={search_term_string}"},"query-input":{"@type":"PropertyValueSpecification","valueRequired":true,"valueName":"search_term_string"}}],"inLanguage":"es"}]}},"_links":{"self":[{"href":"https:\/\/equipmentcontrols.com\/es\/wp-json\/wp\/v2\/product\/3058","targetHints":{"allow":["GET"]}}],"collection":[{"href":"https:\/\/equipmentcontrols.com\/es\/wp-json\/wp\/v2\/product"}],"about":[{"href":"https:\/\/equipmentcontrols.com\/es\/wp-json\/wp\/v2\/types\/product"}],"wp:featuredmedia":[{"embeddable":true,"href":"https:\/\/equipmentcontrols.com\/es\/wp-json\/wp\/v2\/media\/3059"}],"wp:attachment":[{"href":"https:\/\/equipmentcontrols.com\/es\/wp-json\/wp\/v2\/media?parent=3058"}],"wp:term":[{"taxonomy":"product_brand","embeddable":true,"href":"https:\/\/equipmentcontrols.com\/es\/wp-json\/wp\/v2\/product_brand?post=3058"},{"taxonomy":"product_cat","embeddable":true,"href":"https:\/\/equipmentcontrols.com\/es\/wp-json\/wp\/v2\/product_cat?post=3058"},{"taxonomy":"product_tag","embeddable":true,"href":"https:\/\/equipmentcontrols.com\/es\/wp-json\/wp\/v2\/product_tag?post=3058"}],"curies":[{"name":"wp","href":"https:\/\/api.w.org\/{rel}","templated":true}]}}