{"id":3033,"date":"2022-11-17T01:42:52","date_gmt":"2022-11-17T01:42:52","guid":{"rendered":"https:\/\/eccowebsite.wpenginepowered.com\/?post_type=product&#038;p=3033"},"modified":"2023-09-20T17:02:01","modified_gmt":"2023-09-20T17:02:01","slug":"pf-reflux-819-s","status":"publish","type":"product","link":"https:\/\/equipmentcontrols.com\/es\/producto\/pf-reflux-819-s\/","title":{"rendered":"Reflujo PF 819\/S"},"content":{"rendered":"<p>El Reflux 819\/S es la nueva soluci\u00f3n t\u00e9cnica dise\u00f1ada por Pietro Fiorentini para abordar aplicaciones caracterizadas por una alta concentraci\u00f3n de azufre en el fluido gaseoso.<\/p>\n<p>Gracias a su especial dise\u00f1o, permite lograr un perfecto bloqueo incluso en caso de severa concentraci\u00f3n de azufre; de hecho, el segundo obturador del actuador se activa solo en caso de bloqueo, por lo que es inmune a la acumulaci\u00f3n de azufre durante el proceso de laminaci\u00f3n.<\/p>\n<p><strong>Esta soluci\u00f3n t\u00e9cnica conduce a beneficios significativos:<\/strong><\/p>\n<ul>\n<li>Mayor seguridad<\/li>\n<li>Menos mantenimiento correctivo<\/li>\n<li>Menos mantenimiento planificado<\/li>\n<\/ul>\n<p>Tama\u00f1os disponibles: Dn 2\u201d- 4\u201d- 6\u201d<\/p>\n<p><strong>Descargas:<\/strong><br \/>\n<a href=\"https:\/\/equipmentcontrols.com\/wp-content\/uploads\/2022\/11\/Reflux-819-version-S.pdf\">Folleto PF Reflux 819\/S<\/a><\/p>","protected":false},"excerpt":{"rendered":"<p>The Reflux 819\/S is the new technical solution designed by Pietro Fiorentini to address applications characterized by high sulfur concentration in the gas fluid. Thanks to its special design, it enables to achieve perfect lock up even if in case of severe sulfur concentration; in fact, the second actuator plug activates only in case of [&hellip;]<\/p>\n","protected":false},"featured_media":3036,"template":"","meta":[],"product_brand":[],"product_cat":[20,139,46],"product_tag":[72],"class_list":{"0":"post-3033","1":"product","2":"type-product","3":"status-publish","4":"has-post-thumbnail","6":"product_cat-gas-regulators","7":"product_cat-hydrogen-ready-pressure-products","8":"product_cat-pietro-fiorentini","9":"product_tag-piolet-controled-gas-pressure-regulator","11":"first","12":"instock","13":"shipping-taxable","14":"product-type-simple"},"yoast_head":"<!-- This site is optimized with the Yoast SEO Premium plugin v23.9 (Yoast SEO v27.3) - https:\/\/yoast.com\/product\/yoast-seo-premium-wordpress\/ -->\n<title>PF Reflux 819\/S - ECCO<\/title>\n<meta name=\"description\" content=\"The Reflux 819\/S is a technical solution designed by Pietro Fiorentini to address applications characterized by high sulfur concentration in the gas fluid.\" \/>\n<meta name=\"robots\" content=\"index, follow, max-snippet:-1, max-image-preview:large, max-video-preview:-1\" \/>\n<link rel=\"canonical\" href=\"https:\/\/equipmentcontrols.com\/es\/producto\/pf-reflux-819-s\/\" \/>\n<meta property=\"og:locale\" content=\"es_MX\" \/>\n<meta property=\"og:type\" content=\"article\" \/>\n<meta property=\"og:title\" content=\"PF Reflux 819\/S\" \/>\n<meta property=\"og:description\" content=\"The Reflux 819\/S is a technical solution designed by Pietro Fiorentini to address applications characterized by high sulfur concentration in the gas fluid.\" \/>\n<meta property=\"og:url\" content=\"https:\/\/equipmentcontrols.com\/es\/producto\/pf-reflux-819-s\/\" \/>\n<meta property=\"og:site_name\" content=\"ECCO\" \/>\n<meta property=\"article:modified_time\" content=\"2023-09-20T17:02:01+00:00\" \/>\n<meta property=\"og:image\" content=\"https:\/\/equipmentcontrols.com\/wp-content\/uploads\/2022\/11\/Reflux819S.jpeg\" \/>\n\t<meta property=\"og:image:width\" content=\"860\" \/>\n\t<meta property=\"og:image:height\" content=\"860\" \/>\n\t<meta property=\"og:image:type\" content=\"image\/jpeg\" \/>\n<meta name=\"twitter:card\" content=\"summary_large_image\" \/>\n<meta name=\"twitter:label1\" content=\"Tiempo de lectura\" \/>\n\t<meta name=\"twitter:data1\" content=\"1 minuto\" \/>\n<script type=\"application\/ld+json\" class=\"yoast-schema-graph\">{\"@context\":\"https:\\\/\\\/schema.org\",\"@graph\":[{\"@type\":\"WebPage\",\"@id\":\"https:\\\/\\\/equipmentcontrols.com\\\/product\\\/pf-reflux-819-s\\\/\",\"url\":\"https:\\\/\\\/equipmentcontrols.com\\\/product\\\/pf-reflux-819-s\\\/\",\"name\":\"PF Reflux 819\\\/S - ECCO\",\"isPartOf\":{\"@id\":\"https:\\\/\\\/equipmentcontrols.com\\\/#website\"},\"primaryImageOfPage\":{\"@id\":\"https:\\\/\\\/equipmentcontrols.com\\\/product\\\/pf-reflux-819-s\\\/#primaryimage\"},\"image\":{\"@id\":\"https:\\\/\\\/equipmentcontrols.com\\\/product\\\/pf-reflux-819-s\\\/#primaryimage\"},\"thumbnailUrl\":\"https:\\\/\\\/equipmentcontrols.com\\\/wp-content\\\/uploads\\\/2022\\\/11\\\/Reflux819S.jpeg\",\"datePublished\":\"2022-11-17T01:42:52+00:00\",\"dateModified\":\"2023-09-20T17:02:01+00:00\",\"description\":\"The Reflux 819\\\/S is a technical solution designed by Pietro Fiorentini to address applications characterized by high sulfur concentration in the gas fluid.\",\"breadcrumb\":{\"@id\":\"https:\\\/\\\/equipmentcontrols.com\\\/product\\\/pf-reflux-819-s\\\/#breadcrumb\"},\"inLanguage\":\"es\",\"potentialAction\":[{\"@type\":\"ReadAction\",\"target\":[\"https:\\\/\\\/equipmentcontrols.com\\\/product\\\/pf-reflux-819-s\\\/\"]}]},{\"@type\":\"ImageObject\",\"inLanguage\":\"es\",\"@id\":\"https:\\\/\\\/equipmentcontrols.com\\\/product\\\/pf-reflux-819-s\\\/#primaryimage\",\"url\":\"https:\\\/\\\/equipmentcontrols.com\\\/wp-content\\\/uploads\\\/2022\\\/11\\\/Reflux819S.jpeg\",\"contentUrl\":\"https:\\\/\\\/equipmentcontrols.com\\\/wp-content\\\/uploads\\\/2022\\\/11\\\/Reflux819S.jpeg\",\"width\":860,\"height\":860,\"caption\":\"Pietro Fiorentini Reflux 819s\"},{\"@type\":\"BreadcrumbList\",\"@id\":\"https:\\\/\\\/equipmentcontrols.com\\\/product\\\/pf-reflux-819-s\\\/#breadcrumb\",\"itemListElement\":[{\"@type\":\"ListItem\",\"position\":1,\"name\":\"Home\",\"item\":\"https:\\\/\\\/equipmentcontrols.com\\\/\"},{\"@type\":\"ListItem\",\"position\":2,\"name\":\"Shop\",\"item\":\"https:\\\/\\\/equipmentcontrols.com\\\/shop\\\/\"},{\"@type\":\"ListItem\",\"position\":3,\"name\":\"PF Reflux 819\\\/S\"}]},{\"@type\":\"WebSite\",\"@id\":\"https:\\\/\\\/equipmentcontrols.com\\\/#website\",\"url\":\"https:\\\/\\\/equipmentcontrols.com\\\/\",\"name\":\"ECCO\",\"description\":\"Equipment Controls Company\",\"potentialAction\":[{\"@type\":\"SearchAction\",\"target\":{\"@type\":\"EntryPoint\",\"urlTemplate\":\"https:\\\/\\\/equipmentcontrols.com\\\/?s={search_term_string}\"},\"query-input\":{\"@type\":\"PropertyValueSpecification\",\"valueRequired\":true,\"valueName\":\"search_term_string\"}}],\"inLanguage\":\"es\"}]}<\/script>\n<!-- \/ Yoast SEO Premium plugin. -->","yoast_head_json":{"title":"PF Reflux 819\/S - ECCO","description":"The Reflux 819\/S is a technical solution designed by Pietro Fiorentini to address applications characterized by high sulfur concentration in the gas fluid.","robots":{"index":"index","follow":"follow","max-snippet":"max-snippet:-1","max-image-preview":"max-image-preview:large","max-video-preview":"max-video-preview:-1"},"canonical":"https:\/\/equipmentcontrols.com\/es\/producto\/pf-reflux-819-s\/","og_locale":"es_MX","og_type":"article","og_title":"PF Reflux 819\/S","og_description":"The Reflux 819\/S is a technical solution designed by Pietro Fiorentini to address applications characterized by high sulfur concentration in the gas fluid.","og_url":"https:\/\/equipmentcontrols.com\/es\/producto\/pf-reflux-819-s\/","og_site_name":"ECCO","article_modified_time":"2023-09-20T17:02:01+00:00","og_image":[{"width":860,"height":860,"url":"https:\/\/equipmentcontrols.com\/wp-content\/uploads\/2022\/11\/Reflux819S.jpeg","type":"image\/jpeg"}],"twitter_card":"summary_large_image","twitter_misc":{"Tiempo de lectura":"1 minuto"},"schema":{"@context":"https:\/\/schema.org","@graph":[{"@type":"WebPage","@id":"https:\/\/equipmentcontrols.com\/product\/pf-reflux-819-s\/","url":"https:\/\/equipmentcontrols.com\/product\/pf-reflux-819-s\/","name":"PF Reflux 819\/S - ECCO","isPartOf":{"@id":"https:\/\/equipmentcontrols.com\/#website"},"primaryImageOfPage":{"@id":"https:\/\/equipmentcontrols.com\/product\/pf-reflux-819-s\/#primaryimage"},"image":{"@id":"https:\/\/equipmentcontrols.com\/product\/pf-reflux-819-s\/#primaryimage"},"thumbnailUrl":"https:\/\/equipmentcontrols.com\/wp-content\/uploads\/2022\/11\/Reflux819S.jpeg","datePublished":"2022-11-17T01:42:52+00:00","dateModified":"2023-09-20T17:02:01+00:00","description":"The Reflux 819\/S is a technical solution designed by Pietro Fiorentini to address applications characterized by high sulfur concentration in the gas fluid.","breadcrumb":{"@id":"https:\/\/equipmentcontrols.com\/product\/pf-reflux-819-s\/#breadcrumb"},"inLanguage":"es","potentialAction":[{"@type":"ReadAction","target":["https:\/\/equipmentcontrols.com\/product\/pf-reflux-819-s\/"]}]},{"@type":"ImageObject","inLanguage":"es","@id":"https:\/\/equipmentcontrols.com\/product\/pf-reflux-819-s\/#primaryimage","url":"https:\/\/equipmentcontrols.com\/wp-content\/uploads\/2022\/11\/Reflux819S.jpeg","contentUrl":"https:\/\/equipmentcontrols.com\/wp-content\/uploads\/2022\/11\/Reflux819S.jpeg","width":860,"height":860,"caption":"Pietro Fiorentini Reflux 819s"},{"@type":"BreadcrumbList","@id":"https:\/\/equipmentcontrols.com\/product\/pf-reflux-819-s\/#breadcrumb","itemListElement":[{"@type":"ListItem","position":1,"name":"Home","item":"https:\/\/equipmentcontrols.com\/"},{"@type":"ListItem","position":2,"name":"Shop","item":"https:\/\/equipmentcontrols.com\/shop\/"},{"@type":"ListItem","position":3,"name":"PF Reflux 819\/S"}]},{"@type":"WebSite","@id":"https:\/\/equipmentcontrols.com\/#website","url":"https:\/\/equipmentcontrols.com\/","name":"ECCO","description":"Empresa de Control de Equipos","potentialAction":[{"@type":"SearchAction","target":{"@type":"EntryPoint","urlTemplate":"https:\/\/equipmentcontrols.com\/?s={search_term_string}"},"query-input":{"@type":"PropertyValueSpecification","valueRequired":true,"valueName":"search_term_string"}}],"inLanguage":"es"}]}},"_links":{"self":[{"href":"https:\/\/equipmentcontrols.com\/es\/wp-json\/wp\/v2\/product\/3033","targetHints":{"allow":["GET"]}}],"collection":[{"href":"https:\/\/equipmentcontrols.com\/es\/wp-json\/wp\/v2\/product"}],"about":[{"href":"https:\/\/equipmentcontrols.com\/es\/wp-json\/wp\/v2\/types\/product"}],"wp:featuredmedia":[{"embeddable":true,"href":"https:\/\/equipmentcontrols.com\/es\/wp-json\/wp\/v2\/media\/3036"}],"wp:attachment":[{"href":"https:\/\/equipmentcontrols.com\/es\/wp-json\/wp\/v2\/media?parent=3033"}],"wp:term":[{"taxonomy":"product_brand","embeddable":true,"href":"https:\/\/equipmentcontrols.com\/es\/wp-json\/wp\/v2\/product_brand?post=3033"},{"taxonomy":"product_cat","embeddable":true,"href":"https:\/\/equipmentcontrols.com\/es\/wp-json\/wp\/v2\/product_cat?post=3033"},{"taxonomy":"product_tag","embeddable":true,"href":"https:\/\/equipmentcontrols.com\/es\/wp-json\/wp\/v2\/product_tag?post=3033"}],"curies":[{"name":"wp","href":"https:\/\/api.w.org\/{rel}","templated":true}]}}