{"id":301,"date":"2020-04-21T20:36:38","date_gmt":"2020-04-21T20:36:38","guid":{"rendered":"https:\/\/econtrols.stagemysite.com\/product\/sensus-243-rpc\/"},"modified":"2020-04-21T20:36:38","modified_gmt":"2020-04-21T20:36:38","slug":"sensus-243-rpc","status":"publish","type":"product","link":"https:\/\/equipmentcontrols.com\/es\/producto\/sensus-243-rpc\/","title":{"rendered":"Sensus 243-RPC"},"content":{"rendered":"<p>El regulador pilotado 243-RPC est\u00e1 dise\u00f1ado para el factor fijo, la medici\u00f3n del factor de presi\u00f3n, la medici\u00f3n de la presi\u00f3n compensada y otras aplicaciones que requieren un control de la presi\u00f3n excepcionalmente preciso. Aunque estos reguladores se utilizan principalmente para el servicio de gas natural, funcionan igualmente bien con gas LP, nitr\u00f3geno, aire, CO2 seco y otros gases inertes.<br \/>\nBeneficios para usted<br \/>\n- Proporciona un control preciso de la presi\u00f3n<br \/>\n- Protege contra la sobrepresurizaci\u00f3n<br \/>\n- Proporciona una mayor velocidad de respuesta<br \/>\nCaracter\u00edsticas<br \/>\n- Disponible con v\u00e1lvula de alivio interna, corte de baja presi\u00f3n<br \/>\n- Precisi\u00f3n dentro de \u00b1 0,5% (presi\u00f3n absoluta de salida) desde el flujo m\u00ednimo hasta el abierto<br \/>\n- Funciona con gas natural, gas LP, nitr\u00f3geno, CO2 seco y aire<br \/>\nEspecificaciones<br \/>\nModelos:<br \/>\n- 243-RPC<br \/>\n- 243-RPC-A<br \/>\n- 243-RPC-B<\/p>","protected":false},"excerpt":{"rendered":"<p>Los reguladores Sensus modelo 243-RPC se basan en nuestro robusto regulador modelo 243 con un regulador de control secundario m\u00e1s peque\u00f1o que detecta la presi\u00f3n regulada y luego acciona la v\u00e1lvula principal para controlar el caudal total de gas. Ofrecen una regulaci\u00f3n excepcionalmente precisa y tienen una exactitud de \u00b1 0,5% (presi\u00f3n de salida absoluta) desde el flujo m\u00ednimo hasta el flujo totalmente abierto.<\/p>","protected":false},"featured_media":300,"template":"","meta":[],"product_brand":[],"product_cat":[20,45],"product_tag":[],"class_list":{"0":"post-301","1":"product","2":"type-product","3":"status-publish","4":"has-post-thumbnail","6":"product_cat-gas-regulators","7":"product_cat-sensus","9":"first","10":"instock","11":"shipping-taxable","12":"product-type-simple"},"yoast_head":"<!-- This site is optimized with the Yoast SEO Premium plugin v23.9 (Yoast SEO v27.3) - https:\/\/yoast.com\/product\/yoast-seo-premium-wordpress\/ -->\n<title>Sensus 243-RPC - ECCO<\/title>\n<meta name=\"robots\" content=\"index, follow, max-snippet:-1, max-image-preview:large, max-video-preview:-1\" \/>\n<link rel=\"canonical\" href=\"https:\/\/equipmentcontrols.com\/es\/producto\/sensus-243-rpc\/\" \/>\n<meta property=\"og:locale\" content=\"es_MX\" \/>\n<meta property=\"og:type\" content=\"article\" \/>\n<meta property=\"og:title\" content=\"Sensus 243-RPC\" \/>\n<meta property=\"og:description\" content=\"Sensus Model 243-RPC regulators are based on our rugged Model 243 regulator with a smaller, secondary control regulator that senses regulated pressure and then operates the main valve to control the overall flow of gas. They offer exceptionally precise regulation and are accurate to within \u00b1 0.5% (absolute outlet pressure) from minimum to wide-open flow.\" \/>\n<meta property=\"og:url\" content=\"https:\/\/equipmentcontrols.com\/es\/producto\/sensus-243-rpc\/\" \/>\n<meta property=\"og:site_name\" content=\"ECCO\" \/>\n<meta property=\"og:image\" content=\"https:\/\/equipmentcontrols.com\/wp-content\/uploads\/2020\/04\/SENSUS20243-RPC20Gas20Regulator.jpg\" \/>\n\t<meta property=\"og:image:width\" content=\"766\" \/>\n\t<meta property=\"og:image:height\" content=\"766\" \/>\n\t<meta property=\"og:image:type\" content=\"image\/jpeg\" \/>\n<meta name=\"twitter:card\" content=\"summary_large_image\" \/>\n<script type=\"application\/ld+json\" class=\"yoast-schema-graph\">{\"@context\":\"https:\\\/\\\/schema.org\",\"@graph\":[{\"@type\":\"WebPage\",\"@id\":\"https:\\\/\\\/equipmentcontrols.com\\\/product\\\/sensus-243-rpc\\\/\",\"url\":\"https:\\\/\\\/equipmentcontrols.com\\\/product\\\/sensus-243-rpc\\\/\",\"name\":\"Sensus 243-RPC - ECCO\",\"isPartOf\":{\"@id\":\"https:\\\/\\\/equipmentcontrols.com\\\/#website\"},\"primaryImageOfPage\":{\"@id\":\"https:\\\/\\\/equipmentcontrols.com\\\/product\\\/sensus-243-rpc\\\/#primaryimage\"},\"image\":{\"@id\":\"https:\\\/\\\/equipmentcontrols.com\\\/product\\\/sensus-243-rpc\\\/#primaryimage\"},\"thumbnailUrl\":\"https:\\\/\\\/equipmentcontrols.com\\\/wp-content\\\/uploads\\\/2020\\\/04\\\/SENSUS20243-RPC20Gas20Regulator.jpg\",\"datePublished\":\"2020-04-21T20:36:38+00:00\",\"breadcrumb\":{\"@id\":\"https:\\\/\\\/equipmentcontrols.com\\\/product\\\/sensus-243-rpc\\\/#breadcrumb\"},\"inLanguage\":\"es\",\"potentialAction\":[{\"@type\":\"ReadAction\",\"target\":[\"https:\\\/\\\/equipmentcontrols.com\\\/product\\\/sensus-243-rpc\\\/\"]}]},{\"@type\":\"ImageObject\",\"inLanguage\":\"es\",\"@id\":\"https:\\\/\\\/equipmentcontrols.com\\\/product\\\/sensus-243-rpc\\\/#primaryimage\",\"url\":\"https:\\\/\\\/equipmentcontrols.com\\\/wp-content\\\/uploads\\\/2020\\\/04\\\/SENSUS20243-RPC20Gas20Regulator.jpg\",\"contentUrl\":\"https:\\\/\\\/equipmentcontrols.com\\\/wp-content\\\/uploads\\\/2020\\\/04\\\/SENSUS20243-RPC20Gas20Regulator.jpg\",\"width\":766,\"height\":766,\"caption\":\"SENSUS20243-RPC20Gas20Regulator.jpg\"},{\"@type\":\"BreadcrumbList\",\"@id\":\"https:\\\/\\\/equipmentcontrols.com\\\/product\\\/sensus-243-rpc\\\/#breadcrumb\",\"itemListElement\":[{\"@type\":\"ListItem\",\"position\":1,\"name\":\"Home\",\"item\":\"https:\\\/\\\/equipmentcontrols.com\\\/\"},{\"@type\":\"ListItem\",\"position\":2,\"name\":\"Shop\",\"item\":\"https:\\\/\\\/equipmentcontrols.com\\\/shop\\\/\"},{\"@type\":\"ListItem\",\"position\":3,\"name\":\"Sensus 243-RPC\"}]},{\"@type\":\"WebSite\",\"@id\":\"https:\\\/\\\/equipmentcontrols.com\\\/#website\",\"url\":\"https:\\\/\\\/equipmentcontrols.com\\\/\",\"name\":\"ECCO\",\"description\":\"Equipment Controls Company\",\"potentialAction\":[{\"@type\":\"SearchAction\",\"target\":{\"@type\":\"EntryPoint\",\"urlTemplate\":\"https:\\\/\\\/equipmentcontrols.com\\\/?s={search_term_string}\"},\"query-input\":{\"@type\":\"PropertyValueSpecification\",\"valueRequired\":true,\"valueName\":\"search_term_string\"}}],\"inLanguage\":\"es\"}]}<\/script>\n<!-- \/ Yoast SEO Premium plugin. -->","yoast_head_json":{"title":"Sensus 243-RPC - ECCO","robots":{"index":"index","follow":"follow","max-snippet":"max-snippet:-1","max-image-preview":"max-image-preview:large","max-video-preview":"max-video-preview:-1"},"canonical":"https:\/\/equipmentcontrols.com\/es\/producto\/sensus-243-rpc\/","og_locale":"es_MX","og_type":"article","og_title":"Sensus 243-RPC","og_description":"Sensus Model 243-RPC regulators are based on our rugged Model 243 regulator with a smaller, secondary control regulator that senses regulated pressure and then operates the main valve to control the overall flow of gas. They offer exceptionally precise regulation and are accurate to within \u00b1 0.5% (absolute outlet pressure) from minimum to wide-open flow.","og_url":"https:\/\/equipmentcontrols.com\/es\/producto\/sensus-243-rpc\/","og_site_name":"ECCO","og_image":[{"width":766,"height":766,"url":"https:\/\/equipmentcontrols.com\/wp-content\/uploads\/2020\/04\/SENSUS20243-RPC20Gas20Regulator.jpg","type":"image\/jpeg"}],"twitter_card":"summary_large_image","schema":{"@context":"https:\/\/schema.org","@graph":[{"@type":"WebPage","@id":"https:\/\/equipmentcontrols.com\/product\/sensus-243-rpc\/","url":"https:\/\/equipmentcontrols.com\/product\/sensus-243-rpc\/","name":"Sensus 243-RPC - ECCO","isPartOf":{"@id":"https:\/\/equipmentcontrols.com\/#website"},"primaryImageOfPage":{"@id":"https:\/\/equipmentcontrols.com\/product\/sensus-243-rpc\/#primaryimage"},"image":{"@id":"https:\/\/equipmentcontrols.com\/product\/sensus-243-rpc\/#primaryimage"},"thumbnailUrl":"https:\/\/equipmentcontrols.com\/wp-content\/uploads\/2020\/04\/SENSUS20243-RPC20Gas20Regulator.jpg","datePublished":"2020-04-21T20:36:38+00:00","breadcrumb":{"@id":"https:\/\/equipmentcontrols.com\/product\/sensus-243-rpc\/#breadcrumb"},"inLanguage":"es","potentialAction":[{"@type":"ReadAction","target":["https:\/\/equipmentcontrols.com\/product\/sensus-243-rpc\/"]}]},{"@type":"ImageObject","inLanguage":"es","@id":"https:\/\/equipmentcontrols.com\/product\/sensus-243-rpc\/#primaryimage","url":"https:\/\/equipmentcontrols.com\/wp-content\/uploads\/2020\/04\/SENSUS20243-RPC20Gas20Regulator.jpg","contentUrl":"https:\/\/equipmentcontrols.com\/wp-content\/uploads\/2020\/04\/SENSUS20243-RPC20Gas20Regulator.jpg","width":766,"height":766,"caption":"SENSUS20243-RPC20Gas20Regulator.jpg"},{"@type":"BreadcrumbList","@id":"https:\/\/equipmentcontrols.com\/product\/sensus-243-rpc\/#breadcrumb","itemListElement":[{"@type":"ListItem","position":1,"name":"Home","item":"https:\/\/equipmentcontrols.com\/"},{"@type":"ListItem","position":2,"name":"Shop","item":"https:\/\/equipmentcontrols.com\/shop\/"},{"@type":"ListItem","position":3,"name":"Sensus 243-RPC"}]},{"@type":"WebSite","@id":"https:\/\/equipmentcontrols.com\/#website","url":"https:\/\/equipmentcontrols.com\/","name":"ECCO","description":"Empresa de Control de Equipos","potentialAction":[{"@type":"SearchAction","target":{"@type":"EntryPoint","urlTemplate":"https:\/\/equipmentcontrols.com\/?s={search_term_string}"},"query-input":{"@type":"PropertyValueSpecification","valueRequired":true,"valueName":"search_term_string"}}],"inLanguage":"es"}]}},"_links":{"self":[{"href":"https:\/\/equipmentcontrols.com\/es\/wp-json\/wp\/v2\/product\/301","targetHints":{"allow":["GET"]}}],"collection":[{"href":"https:\/\/equipmentcontrols.com\/es\/wp-json\/wp\/v2\/product"}],"about":[{"href":"https:\/\/equipmentcontrols.com\/es\/wp-json\/wp\/v2\/types\/product"}],"wp:featuredmedia":[{"embeddable":true,"href":"https:\/\/equipmentcontrols.com\/es\/wp-json\/wp\/v2\/media\/300"}],"wp:attachment":[{"href":"https:\/\/equipmentcontrols.com\/es\/wp-json\/wp\/v2\/media?parent=301"}],"wp:term":[{"taxonomy":"product_brand","embeddable":true,"href":"https:\/\/equipmentcontrols.com\/es\/wp-json\/wp\/v2\/product_brand?post=301"},{"taxonomy":"product_cat","embeddable":true,"href":"https:\/\/equipmentcontrols.com\/es\/wp-json\/wp\/v2\/product_cat?post=301"},{"taxonomy":"product_tag","embeddable":true,"href":"https:\/\/equipmentcontrols.com\/es\/wp-json\/wp\/v2\/product_tag?post=301"}],"curies":[{"name":"wp","href":"https:\/\/api.w.org\/{rel}","templated":true}]}}