{"id":299,"date":"2020-04-21T20:36:38","date_gmt":"2020-04-21T20:36:38","guid":{"rendered":"https:\/\/econtrols.stagemysite.com\/product\/sensus-243\/"},"modified":"2026-02-25T19:10:22","modified_gmt":"2026-02-25T19:10:22","slug":"usg-243","status":"publish","type":"product","link":"https:\/\/equipmentcontrols.com\/es\/producto\/usg-243\/","title":{"rendered":"USG 243 Commercial Gas Regulator"},"content":{"rendered":"<p><strong>Reguladores de Gas Natural de Gran Capacidad para Gran Rendimiento.<\/strong><br \/>\nThese large capacity service regulators are designed and built for commercial, industrial, and gas distribution work. They are right at home in such places as factories and foundries, district regulator stations, commercial laundries and laundromats, motels, hotels and apartments, bakeries, restaurants, schools, churches, and hospitals.<\/p>\n<p>The versatile 243 is used for all kinds of gas fueled equipment such as boilers, burners, furnaces, ovens, heaters, kilns, engines, air conditioners, etc.<\/p>\n<p>Remarkable field versatility results from the union connection between the fully interchangeable bodies and diaphragm case assemblies. They are easy to install, adjust, inspect, and service in all kinds of piping arrangements While used primarily for natural gas services, Model 243 regulators perform equally well on LPG vapor, air, dry carbon dioxide (CO2), nitrogen gas (N2), and other inert gas applications. Contact your ECCO representative for special construction which may be available for certain corrosive gases.<\/p>\n<p><strong>Beneficios:<\/strong><br \/>\n\u2022 Se instala y ajusta f\u00e1cilmente<br \/>\n\u2022 Permite la medici\u00f3n del factor de presi\u00f3n, la medici\u00f3n compensada por presi\u00f3n y la facturaci\u00f3n de factor fijo. Caracter\u00edsticas: \u2022 Compatible con gas natural, propano, GLP, nitr\u00f3geno del aire, etc.<\/p>\n<p><strong>Caracter\u00edsticas:<\/strong><br \/>\n\u2022 Material especial disponible para ciertos gases corrosivos<br \/>\n\u2022 Disponible con corte de baja presi\u00f3n<br \/>\n\u2022 Disponible con v\u00e1lvula de alivio interna<br \/>\n\u2022 Cuerpos intercambiables y conjuntos de caja de diafragma<br \/>\n\u2022 Modelo de alta presi\u00f3n disponible<br \/>\n\u2022 Modelo operado por piloto disponible<\/p>\n<p><strong>Descargas:<\/strong><br \/>\n<a href=\"https:\/\/equipmentcontrols.com\/wp-content\/uploads\/2026\/02\/Model-243-Brochure-1.pdf\">USG Model 243 Brochure<\/a><br \/>\n<a href=\"https:\/\/equipmentcontrols.com\/wp-content\/uploads\/2026\/02\/Model-243-Installation-Maintenance-Manual-1.pdf\">USG Model 243 Installation and Maintenance Manual<\/a><br \/>\n<a href=\"https:\/\/equipmentcontrols.com\/wp-content\/uploads\/2026\/02\/Model-243-LCPO-Brochure.pdf\">USG Model 243 LPCO Brochure<\/a><\/p>","protected":false},"excerpt":{"rendered":"<p>Natural Gas Regulators with Large Capacity for Big Performance. These large capacity service regulators are designed and built for commercial, industrial, and gas distribution work. They are right at home in such places as factories and foundries, district regulator stations, commercial laundries and laundromats, motels, hotels and apartments, bakeries, restaurants, schools, churches, and hospitals. The [&hellip;]<\/p>\n","protected":false},"featured_media":298,"template":"","meta":[],"product_brand":[],"product_cat":[20,105],"product_tag":[],"class_list":{"0":"post-299","1":"product","2":"type-product","3":"status-publish","4":"has-post-thumbnail","6":"product_cat-gas-regulators","7":"product_cat-usg","9":"first","10":"instock","11":"shipping-taxable","12":"product-type-simple"},"yoast_head":"<!-- This site is optimized with the Yoast SEO Premium plugin v23.9 (Yoast SEO v27.3) - https:\/\/yoast.com\/product\/yoast-seo-premium-wordpress\/ -->\n<title>USG 243 Commercial Gas Regulator - ECCO<\/title>\n<meta name=\"description\" content=\"243 commercial regulators can be found in factories, foundries, district regulator stations, commercial laundries and laundromats. These versatile natural gas regulators are ideal for commercial use such as apartments, restaurants, schools and hospitals.\" \/>\n<meta name=\"robots\" content=\"index, follow, max-snippet:-1, max-image-preview:large, max-video-preview:-1\" \/>\n<link rel=\"canonical\" href=\"https:\/\/equipmentcontrols.com\/es\/producto\/usg-243\/\" \/>\n<meta property=\"og:locale\" content=\"es_MX\" \/>\n<meta property=\"og:type\" content=\"article\" \/>\n<meta property=\"og:title\" content=\"USG 243 Commercial Gas Regulator\" \/>\n<meta property=\"og:description\" content=\"243 commercial regulators can be found in factories, foundries, district regulator stations, commercial laundries and laundromats. These versatile natural gas regulators are ideal for commercial use such as apartments, restaurants, schools and hospitals.\" \/>\n<meta property=\"og:url\" content=\"https:\/\/equipmentcontrols.com\/es\/producto\/usg-243\/\" \/>\n<meta property=\"og:site_name\" content=\"ECCO\" \/>\n<meta property=\"article:modified_time\" content=\"2026-02-25T19:10:22+00:00\" \/>\n<meta property=\"og:image\" content=\"https:\/\/equipmentcontrols.com\/wp-content\/uploads\/2020\/04\/SENSUS2024320Gas20Regulator.jpg\" \/>\n\t<meta property=\"og:image:width\" content=\"860\" \/>\n\t<meta property=\"og:image:height\" content=\"860\" \/>\n\t<meta property=\"og:image:type\" content=\"image\/jpeg\" \/>\n<meta name=\"twitter:card\" content=\"summary_large_image\" \/>\n<meta name=\"twitter:label1\" content=\"Tiempo de lectura\" \/>\n\t<meta name=\"twitter:data1\" content=\"2 minutos\" \/>\n<script type=\"application\/ld+json\" class=\"yoast-schema-graph\">{\"@context\":\"https:\\\/\\\/schema.org\",\"@graph\":[{\"@type\":\"WebPage\",\"@id\":\"https:\\\/\\\/equipmentcontrols.com\\\/product\\\/usg-243\\\/\",\"url\":\"https:\\\/\\\/equipmentcontrols.com\\\/product\\\/usg-243\\\/\",\"name\":\"USG 243 Commercial Gas Regulator - ECCO\",\"isPartOf\":{\"@id\":\"https:\\\/\\\/equipmentcontrols.com\\\/#website\"},\"primaryImageOfPage\":{\"@id\":\"https:\\\/\\\/equipmentcontrols.com\\\/product\\\/usg-243\\\/#primaryimage\"},\"image\":{\"@id\":\"https:\\\/\\\/equipmentcontrols.com\\\/product\\\/usg-243\\\/#primaryimage\"},\"thumbnailUrl\":\"https:\\\/\\\/equipmentcontrols.com\\\/wp-content\\\/uploads\\\/2020\\\/04\\\/SENSUS2024320Gas20Regulator.jpg\",\"datePublished\":\"2020-04-21T20:36:38+00:00\",\"dateModified\":\"2026-02-25T19:10:22+00:00\",\"description\":\"243 commercial regulators can be found in factories, foundries, district regulator stations, commercial laundries and laundromats. These versatile natural gas regulators are ideal for commercial use such as apartments, restaurants, schools and hospitals.\",\"breadcrumb\":{\"@id\":\"https:\\\/\\\/equipmentcontrols.com\\\/product\\\/usg-243\\\/#breadcrumb\"},\"inLanguage\":\"es\",\"potentialAction\":[{\"@type\":\"ReadAction\",\"target\":[\"https:\\\/\\\/equipmentcontrols.com\\\/product\\\/usg-243\\\/\"]}]},{\"@type\":\"ImageObject\",\"inLanguage\":\"es\",\"@id\":\"https:\\\/\\\/equipmentcontrols.com\\\/product\\\/usg-243\\\/#primaryimage\",\"url\":\"https:\\\/\\\/equipmentcontrols.com\\\/wp-content\\\/uploads\\\/2020\\\/04\\\/SENSUS2024320Gas20Regulator.jpg\",\"contentUrl\":\"https:\\\/\\\/equipmentcontrols.com\\\/wp-content\\\/uploads\\\/2020\\\/04\\\/SENSUS2024320Gas20Regulator.jpg\",\"width\":860,\"height\":860,\"caption\":\"SENSUS2024320Gas20Regulator.jpg\"},{\"@type\":\"BreadcrumbList\",\"@id\":\"https:\\\/\\\/equipmentcontrols.com\\\/product\\\/usg-243\\\/#breadcrumb\",\"itemListElement\":[{\"@type\":\"ListItem\",\"position\":1,\"name\":\"Home\",\"item\":\"https:\\\/\\\/equipmentcontrols.com\\\/\"},{\"@type\":\"ListItem\",\"position\":2,\"name\":\"Shop\",\"item\":\"https:\\\/\\\/equipmentcontrols.com\\\/shop\\\/\"},{\"@type\":\"ListItem\",\"position\":3,\"name\":\"USG 243 Commercial Gas Regulator\"}]},{\"@type\":\"WebSite\",\"@id\":\"https:\\\/\\\/equipmentcontrols.com\\\/#website\",\"url\":\"https:\\\/\\\/equipmentcontrols.com\\\/\",\"name\":\"ECCO\",\"description\":\"Equipment Controls Company\",\"potentialAction\":[{\"@type\":\"SearchAction\",\"target\":{\"@type\":\"EntryPoint\",\"urlTemplate\":\"https:\\\/\\\/equipmentcontrols.com\\\/?s={search_term_string}\"},\"query-input\":{\"@type\":\"PropertyValueSpecification\",\"valueRequired\":true,\"valueName\":\"search_term_string\"}}],\"inLanguage\":\"es\"}]}<\/script>\n<!-- \/ Yoast SEO Premium plugin. -->","yoast_head_json":{"title":"USG 243 Commercial Gas Regulator - ECCO","description":"243 commercial regulators can be found in factories, foundries, district regulator stations, commercial laundries and laundromats. These versatile natural gas regulators are ideal for commercial use such as apartments, restaurants, schools and hospitals.","robots":{"index":"index","follow":"follow","max-snippet":"max-snippet:-1","max-image-preview":"max-image-preview:large","max-video-preview":"max-video-preview:-1"},"canonical":"https:\/\/equipmentcontrols.com\/es\/producto\/usg-243\/","og_locale":"es_MX","og_type":"article","og_title":"USG 243 Commercial Gas Regulator","og_description":"243 commercial regulators can be found in factories, foundries, district regulator stations, commercial laundries and laundromats. These versatile natural gas regulators are ideal for commercial use such as apartments, restaurants, schools and hospitals.","og_url":"https:\/\/equipmentcontrols.com\/es\/producto\/usg-243\/","og_site_name":"ECCO","article_modified_time":"2026-02-25T19:10:22+00:00","og_image":[{"width":860,"height":860,"url":"https:\/\/equipmentcontrols.com\/wp-content\/uploads\/2020\/04\/SENSUS2024320Gas20Regulator.jpg","type":"image\/jpeg"}],"twitter_card":"summary_large_image","twitter_misc":{"Tiempo de lectura":"2 minutos"},"schema":{"@context":"https:\/\/schema.org","@graph":[{"@type":"WebPage","@id":"https:\/\/equipmentcontrols.com\/product\/usg-243\/","url":"https:\/\/equipmentcontrols.com\/product\/usg-243\/","name":"USG 243 Commercial Gas Regulator - ECCO","isPartOf":{"@id":"https:\/\/equipmentcontrols.com\/#website"},"primaryImageOfPage":{"@id":"https:\/\/equipmentcontrols.com\/product\/usg-243\/#primaryimage"},"image":{"@id":"https:\/\/equipmentcontrols.com\/product\/usg-243\/#primaryimage"},"thumbnailUrl":"https:\/\/equipmentcontrols.com\/wp-content\/uploads\/2020\/04\/SENSUS2024320Gas20Regulator.jpg","datePublished":"2020-04-21T20:36:38+00:00","dateModified":"2026-02-25T19:10:22+00:00","description":"243 commercial regulators can be found in factories, foundries, district regulator stations, commercial laundries and laundromats. These versatile natural gas regulators are ideal for commercial use such as apartments, restaurants, schools and hospitals.","breadcrumb":{"@id":"https:\/\/equipmentcontrols.com\/product\/usg-243\/#breadcrumb"},"inLanguage":"es","potentialAction":[{"@type":"ReadAction","target":["https:\/\/equipmentcontrols.com\/product\/usg-243\/"]}]},{"@type":"ImageObject","inLanguage":"es","@id":"https:\/\/equipmentcontrols.com\/product\/usg-243\/#primaryimage","url":"https:\/\/equipmentcontrols.com\/wp-content\/uploads\/2020\/04\/SENSUS2024320Gas20Regulator.jpg","contentUrl":"https:\/\/equipmentcontrols.com\/wp-content\/uploads\/2020\/04\/SENSUS2024320Gas20Regulator.jpg","width":860,"height":860,"caption":"SENSUS2024320Gas20Regulator.jpg"},{"@type":"BreadcrumbList","@id":"https:\/\/equipmentcontrols.com\/product\/usg-243\/#breadcrumb","itemListElement":[{"@type":"ListItem","position":1,"name":"Home","item":"https:\/\/equipmentcontrols.com\/"},{"@type":"ListItem","position":2,"name":"Shop","item":"https:\/\/equipmentcontrols.com\/shop\/"},{"@type":"ListItem","position":3,"name":"USG 243 Commercial Gas Regulator"}]},{"@type":"WebSite","@id":"https:\/\/equipmentcontrols.com\/#website","url":"https:\/\/equipmentcontrols.com\/","name":"ECCO","description":"Empresa de Control de Equipos","potentialAction":[{"@type":"SearchAction","target":{"@type":"EntryPoint","urlTemplate":"https:\/\/equipmentcontrols.com\/?s={search_term_string}"},"query-input":{"@type":"PropertyValueSpecification","valueRequired":true,"valueName":"search_term_string"}}],"inLanguage":"es"}]}},"_links":{"self":[{"href":"https:\/\/equipmentcontrols.com\/es\/wp-json\/wp\/v2\/product\/299","targetHints":{"allow":["GET"]}}],"collection":[{"href":"https:\/\/equipmentcontrols.com\/es\/wp-json\/wp\/v2\/product"}],"about":[{"href":"https:\/\/equipmentcontrols.com\/es\/wp-json\/wp\/v2\/types\/product"}],"wp:featuredmedia":[{"embeddable":true,"href":"https:\/\/equipmentcontrols.com\/es\/wp-json\/wp\/v2\/media\/298"}],"wp:attachment":[{"href":"https:\/\/equipmentcontrols.com\/es\/wp-json\/wp\/v2\/media?parent=299"}],"wp:term":[{"taxonomy":"product_brand","embeddable":true,"href":"https:\/\/equipmentcontrols.com\/es\/wp-json\/wp\/v2\/product_brand?post=299"},{"taxonomy":"product_cat","embeddable":true,"href":"https:\/\/equipmentcontrols.com\/es\/wp-json\/wp\/v2\/product_cat?post=299"},{"taxonomy":"product_tag","embeddable":true,"href":"https:\/\/equipmentcontrols.com\/es\/wp-json\/wp\/v2\/product_tag?post=299"}],"curies":[{"name":"wp","href":"https:\/\/api.w.org\/{rel}","templated":true}]}}