{"id":2956,"date":"2022-09-22T17:01:26","date_gmt":"2022-09-22T17:01:26","guid":{"rendered":"https:\/\/eccowebsite.wpenginepowered.com\/?post_type=product&#038;p=2956"},"modified":"2022-09-23T13:14:17","modified_gmt":"2022-09-23T13:14:17","slug":"eagle-field-manager-v2-software","status":"publish","type":"product","link":"https:\/\/equipmentcontrols.com\/es\/producto\/eagle-field-manager-v2-software\/","title":{"rendered":"Software EAGLE Field Manager\u2122 V2"},"content":{"rendered":"<p><strong>Software EAGLE Field Manager\u2122 V2<\/strong><\/p>\n<p>Field Manager\u2122 es una aplicaci\u00f3n basada en Windows\u00ae dise\u00f1ada espec\u00edficamente para admitir todos los productos de Eagle Research Corporation\u00ae dentro de una plataforma com\u00fan. Field Manager\u2122 proporciona un conjunto de funciones f\u00e1ciles de usar para ayudar a los usuarios con 1) instalaci\u00f3n y configuraci\u00f3n, 2) recopilaci\u00f3n de datos, 3) visualizaci\u00f3n de alarmas\/eventos y 4) calibraciones de dispositivos. Tambi\u00e9n incluye una variedad de otras herramientas \u00fatiles para la resoluci\u00f3n de problemas y la generaci\u00f3n de informes. La comunicaci\u00f3n con el dispositivo de campo se realiza a trav\u00e9s de USB, Ethernet, un cable de comunicaci\u00f3n RS232 o mediante la interfaz Bluetooth opcional. Una extensa biblioteca de bases de datos de configuraci\u00f3n simplifica la identificaci\u00f3n de tipos de dispositivos est\u00e1ndar en el campo. El software hace coincidir autom\u00e1ticamente el dispositivo de campo con el tipo de dispositivo correspondiente y muestra los formularios de configuraci\u00f3n gr\u00e1fica apropiados para el usuario.<\/p>\n<p><strong>Caracter\u00edsticas y Beneficios:<\/strong><\/p>\n<p>\u2022 Identificaci\u00f3n autom\u00e1tica de unidades<br \/>\n\u2022 Generaci\u00f3n de informes con formato y CSV<br \/>\n\u2022 Recopilaci\u00f3n de datos de historial simple<br \/>\n\u2022 F\u00e1cil navegaci\u00f3n por pesta\u00f1as para la visualizaci\u00f3n de datos y la configuraci\u00f3n del software<br \/>\n\u2022 Conexi\u00f3n directa, de acceso telef\u00f3nico o basada en TCP\/IP<br \/>\n\u2022 Asistentes de calibraci\u00f3n<br \/>\n\u2022 Gr\u00e1ficos en vivo en elementos de proceso seleccionados<br \/>\n\u2022 Gr\u00e1ficos circulares<br \/>\n\u2022 Sincronizaci\u00f3n de exportaci\u00f3n de datos a la familia de productos Talon\u2122 y uso compartido con otros t\u00e9cnicos<br \/>\n\u2022 Sistema operativo Windows\u00ae: Servidor 2003, 2008, 2012, 2016, 2019; Windows\u00ae 7, 8.1, 10, 11<\/p>\n<p>Funciones del teclado virtual:<\/p>\n<p>\u2022 Comprobar y\/o borrar alarmas<br \/>\n\u2022 Acceder a los modos de configuraci\u00f3n, calibraci\u00f3n y depuraci\u00f3n<br \/>\n\u2022 Acceder a diferentes Etiquetas configuradas en el dispositivo de campo<br \/>\n\u2022 Trabajar con contrase\u00f1as del sistema<br \/>\n\u2022 Ver la versi\u00f3n de firmware y el n\u00famero de serie del dispositivo<\/p>\n<p><strong>Descargar:<\/strong><br \/>\n<a href=\"https:\/\/equipmentcontrols.com\/wp-content\/uploads\/2022\/09\/Eagle-Field-Manager-Version-2.pdf\">Bolet\u00edn Eagle Field Manager V2<\/a><\/p>","protected":false},"excerpt":{"rendered":"<p>EAGLE Field Manager\u2122 V2 Software Field Manager\u2122 is a Windows\u00ae based application speci\ufb01cally designed to support all Eagle Research Corporation\u00ae products within one common platform. Field Manager\u2122 provides an easy-to-use feature set to assist users with 1) Setup and Con\ufb01guration, 2) Data collection, 3) Viewing alarms\/events, and 4) Device calibrations. It also includes a variety [&hellip;]<\/p>\n","protected":false},"featured_media":1039,"template":"","meta":[],"product_brand":[],"product_cat":[49,23],"product_tag":[],"class_list":{"0":"post-2956","1":"product","2":"type-product","3":"status-publish","4":"has-post-thumbnail","6":"product_cat-eagle-research-corporation","7":"product_cat-instrumentation","9":"first","10":"instock","11":"shipping-taxable","12":"product-type-simple"},"yoast_head":"<!-- This site is optimized with the Yoast SEO Premium plugin v23.9 (Yoast SEO v27.3) - https:\/\/yoast.com\/product\/yoast-seo-premium-wordpress\/ -->\n<title>EAGLE Field Manager\u2122 V2 Software - ECCO<\/title>\n<meta name=\"description\" content=\"Eagle Field Manager\u2122 V2 is a Windows\u00ae based application speci\ufb01cally designed to support all Eagle Research Corporation\u00ae products within one common platform. Field Manager\u2122 provides an easy-to-use feature set to assist users with 1) Setup and Con\ufb01guration, 2) Data collection, 3) Viewing alarms\/events, and 4) Device calibrations.\" \/>\n<meta name=\"robots\" content=\"index, follow, max-snippet:-1, max-image-preview:large, max-video-preview:-1\" \/>\n<link rel=\"canonical\" href=\"https:\/\/equipmentcontrols.com\/es\/producto\/eagle-field-manager-v2-software\/\" \/>\n<meta property=\"og:locale\" content=\"es_MX\" \/>\n<meta property=\"og:type\" content=\"article\" \/>\n<meta property=\"og:title\" content=\"EAGLE Field Manager\u2122 V2 Software\" \/>\n<meta property=\"og:description\" content=\"Eagle Field Manager\u2122 V2 is a Windows\u00ae based application speci\ufb01cally designed to support all Eagle Research Corporation\u00ae products within one common platform. Field Manager\u2122 provides an easy-to-use feature set to assist users with 1) Setup and Con\ufb01guration, 2) Data collection, 3) Viewing alarms\/events, and 4) Device calibrations.\" \/>\n<meta property=\"og:url\" content=\"https:\/\/equipmentcontrols.com\/es\/producto\/eagle-field-manager-v2-software\/\" \/>\n<meta property=\"og:site_name\" content=\"ECCO\" \/>\n<meta property=\"article:modified_time\" content=\"2022-09-23T13:14:17+00:00\" \/>\n<meta property=\"og:image\" content=\"https:\/\/equipmentcontrols.com\/wp-content\/uploads\/2020\/05\/EAGLE-Field-Manager-Bulletin.jpg\" \/>\n\t<meta property=\"og:image:width\" content=\"860\" \/>\n\t<meta property=\"og:image:height\" content=\"860\" \/>\n\t<meta property=\"og:image:type\" content=\"image\/jpeg\" \/>\n<meta name=\"twitter:card\" content=\"summary_large_image\" \/>\n<meta name=\"twitter:label1\" content=\"Tiempo de lectura\" \/>\n\t<meta name=\"twitter:data1\" content=\"2 minutos\" \/>\n<script type=\"application\/ld+json\" class=\"yoast-schema-graph\">{\"@context\":\"https:\\\/\\\/schema.org\",\"@graph\":[{\"@type\":\"WebPage\",\"@id\":\"https:\\\/\\\/equipmentcontrols.com\\\/product\\\/eagle-field-manager-v2-software\\\/\",\"url\":\"https:\\\/\\\/equipmentcontrols.com\\\/product\\\/eagle-field-manager-v2-software\\\/\",\"name\":\"EAGLE Field Manager\u2122 V2 Software - ECCO\",\"isPartOf\":{\"@id\":\"https:\\\/\\\/equipmentcontrols.com\\\/#website\"},\"primaryImageOfPage\":{\"@id\":\"https:\\\/\\\/equipmentcontrols.com\\\/product\\\/eagle-field-manager-v2-software\\\/#primaryimage\"},\"image\":{\"@id\":\"https:\\\/\\\/equipmentcontrols.com\\\/product\\\/eagle-field-manager-v2-software\\\/#primaryimage\"},\"thumbnailUrl\":\"https:\\\/\\\/equipmentcontrols.com\\\/wp-content\\\/uploads\\\/2020\\\/05\\\/EAGLE-Field-Manager-Bulletin.jpg\",\"datePublished\":\"2022-09-22T17:01:26+00:00\",\"dateModified\":\"2022-09-23T13:14:17+00:00\",\"description\":\"Eagle Field Manager\u2122 V2 is a Windows\u00ae based application speci\ufb01cally designed to support all Eagle Research Corporation\u00ae products within one common platform. Field Manager\u2122 provides an easy-to-use feature set to assist users with 1) Setup and Con\ufb01guration, 2) Data collection, 3) Viewing alarms\\\/events, and 4) Device calibrations.\",\"breadcrumb\":{\"@id\":\"https:\\\/\\\/equipmentcontrols.com\\\/product\\\/eagle-field-manager-v2-software\\\/#breadcrumb\"},\"inLanguage\":\"es\",\"potentialAction\":[{\"@type\":\"ReadAction\",\"target\":[\"https:\\\/\\\/equipmentcontrols.com\\\/product\\\/eagle-field-manager-v2-software\\\/\"]}]},{\"@type\":\"ImageObject\",\"inLanguage\":\"es\",\"@id\":\"https:\\\/\\\/equipmentcontrols.com\\\/product\\\/eagle-field-manager-v2-software\\\/#primaryimage\",\"url\":\"https:\\\/\\\/equipmentcontrols.com\\\/wp-content\\\/uploads\\\/2020\\\/05\\\/EAGLE-Field-Manager-Bulletin.jpg\",\"contentUrl\":\"https:\\\/\\\/equipmentcontrols.com\\\/wp-content\\\/uploads\\\/2020\\\/05\\\/EAGLE-Field-Manager-Bulletin.jpg\",\"width\":860,\"height\":860,\"caption\":\"EAGLE Field Manager Bulletin\"},{\"@type\":\"BreadcrumbList\",\"@id\":\"https:\\\/\\\/equipmentcontrols.com\\\/product\\\/eagle-field-manager-v2-software\\\/#breadcrumb\",\"itemListElement\":[{\"@type\":\"ListItem\",\"position\":1,\"name\":\"Home\",\"item\":\"https:\\\/\\\/equipmentcontrols.com\\\/\"},{\"@type\":\"ListItem\",\"position\":2,\"name\":\"Shop\",\"item\":\"https:\\\/\\\/equipmentcontrols.com\\\/shop\\\/\"},{\"@type\":\"ListItem\",\"position\":3,\"name\":\"EAGLE Field Manager\u2122 V2 Software\"}]},{\"@type\":\"WebSite\",\"@id\":\"https:\\\/\\\/equipmentcontrols.com\\\/#website\",\"url\":\"https:\\\/\\\/equipmentcontrols.com\\\/\",\"name\":\"ECCO\",\"description\":\"Equipment Controls Company\",\"potentialAction\":[{\"@type\":\"SearchAction\",\"target\":{\"@type\":\"EntryPoint\",\"urlTemplate\":\"https:\\\/\\\/equipmentcontrols.com\\\/?s={search_term_string}\"},\"query-input\":{\"@type\":\"PropertyValueSpecification\",\"valueRequired\":true,\"valueName\":\"search_term_string\"}}],\"inLanguage\":\"es\"}]}<\/script>\n<!-- \/ Yoast SEO Premium plugin. -->","yoast_head_json":{"title":"EAGLE Field Manager\u2122 V2 Software - ECCO","description":"Eagle Field Manager\u2122 V2 is a Windows\u00ae based application speci\ufb01cally designed to support all Eagle Research Corporation\u00ae products within one common platform. Field Manager\u2122 provides an easy-to-use feature set to assist users with 1) Setup and Con\ufb01guration, 2) Data collection, 3) Viewing alarms\/events, and 4) Device calibrations.","robots":{"index":"index","follow":"follow","max-snippet":"max-snippet:-1","max-image-preview":"max-image-preview:large","max-video-preview":"max-video-preview:-1"},"canonical":"https:\/\/equipmentcontrols.com\/es\/producto\/eagle-field-manager-v2-software\/","og_locale":"es_MX","og_type":"article","og_title":"EAGLE Field Manager\u2122 V2 Software","og_description":"Eagle Field Manager\u2122 V2 is a Windows\u00ae based application speci\ufb01cally designed to support all Eagle Research Corporation\u00ae products within one common platform. Field Manager\u2122 provides an easy-to-use feature set to assist users with 1) Setup and Con\ufb01guration, 2) Data collection, 3) Viewing alarms\/events, and 4) Device calibrations.","og_url":"https:\/\/equipmentcontrols.com\/es\/producto\/eagle-field-manager-v2-software\/","og_site_name":"ECCO","article_modified_time":"2022-09-23T13:14:17+00:00","og_image":[{"width":860,"height":860,"url":"https:\/\/equipmentcontrols.com\/wp-content\/uploads\/2020\/05\/EAGLE-Field-Manager-Bulletin.jpg","type":"image\/jpeg"}],"twitter_card":"summary_large_image","twitter_misc":{"Tiempo de lectura":"2 minutos"},"schema":{"@context":"https:\/\/schema.org","@graph":[{"@type":"WebPage","@id":"https:\/\/equipmentcontrols.com\/product\/eagle-field-manager-v2-software\/","url":"https:\/\/equipmentcontrols.com\/product\/eagle-field-manager-v2-software\/","name":"EAGLE Field Manager\u2122 V2 Software - ECCO","isPartOf":{"@id":"https:\/\/equipmentcontrols.com\/#website"},"primaryImageOfPage":{"@id":"https:\/\/equipmentcontrols.com\/product\/eagle-field-manager-v2-software\/#primaryimage"},"image":{"@id":"https:\/\/equipmentcontrols.com\/product\/eagle-field-manager-v2-software\/#primaryimage"},"thumbnailUrl":"https:\/\/equipmentcontrols.com\/wp-content\/uploads\/2020\/05\/EAGLE-Field-Manager-Bulletin.jpg","datePublished":"2022-09-22T17:01:26+00:00","dateModified":"2022-09-23T13:14:17+00:00","description":"Eagle Field Manager\u2122 V2 is a Windows\u00ae based application speci\ufb01cally designed to support all Eagle Research Corporation\u00ae products within one common platform. Field Manager\u2122 provides an easy-to-use feature set to assist users with 1) Setup and Con\ufb01guration, 2) Data collection, 3) Viewing alarms\/events, and 4) Device calibrations.","breadcrumb":{"@id":"https:\/\/equipmentcontrols.com\/product\/eagle-field-manager-v2-software\/#breadcrumb"},"inLanguage":"es","potentialAction":[{"@type":"ReadAction","target":["https:\/\/equipmentcontrols.com\/product\/eagle-field-manager-v2-software\/"]}]},{"@type":"ImageObject","inLanguage":"es","@id":"https:\/\/equipmentcontrols.com\/product\/eagle-field-manager-v2-software\/#primaryimage","url":"https:\/\/equipmentcontrols.com\/wp-content\/uploads\/2020\/05\/EAGLE-Field-Manager-Bulletin.jpg","contentUrl":"https:\/\/equipmentcontrols.com\/wp-content\/uploads\/2020\/05\/EAGLE-Field-Manager-Bulletin.jpg","width":860,"height":860,"caption":"EAGLE Field Manager Bulletin"},{"@type":"BreadcrumbList","@id":"https:\/\/equipmentcontrols.com\/product\/eagle-field-manager-v2-software\/#breadcrumb","itemListElement":[{"@type":"ListItem","position":1,"name":"Home","item":"https:\/\/equipmentcontrols.com\/"},{"@type":"ListItem","position":2,"name":"Shop","item":"https:\/\/equipmentcontrols.com\/shop\/"},{"@type":"ListItem","position":3,"name":"EAGLE Field Manager\u2122 V2 Software"}]},{"@type":"WebSite","@id":"https:\/\/equipmentcontrols.com\/#website","url":"https:\/\/equipmentcontrols.com\/","name":"ECCO","description":"Empresa de Control de Equipos","potentialAction":[{"@type":"SearchAction","target":{"@type":"EntryPoint","urlTemplate":"https:\/\/equipmentcontrols.com\/?s={search_term_string}"},"query-input":{"@type":"PropertyValueSpecification","valueRequired":true,"valueName":"search_term_string"}}],"inLanguage":"es"}]}},"_links":{"self":[{"href":"https:\/\/equipmentcontrols.com\/es\/wp-json\/wp\/v2\/product\/2956","targetHints":{"allow":["GET"]}}],"collection":[{"href":"https:\/\/equipmentcontrols.com\/es\/wp-json\/wp\/v2\/product"}],"about":[{"href":"https:\/\/equipmentcontrols.com\/es\/wp-json\/wp\/v2\/types\/product"}],"wp:featuredmedia":[{"embeddable":true,"href":"https:\/\/equipmentcontrols.com\/es\/wp-json\/wp\/v2\/media\/1039"}],"wp:attachment":[{"href":"https:\/\/equipmentcontrols.com\/es\/wp-json\/wp\/v2\/media?parent=2956"}],"wp:term":[{"taxonomy":"product_brand","embeddable":true,"href":"https:\/\/equipmentcontrols.com\/es\/wp-json\/wp\/v2\/product_brand?post=2956"},{"taxonomy":"product_cat","embeddable":true,"href":"https:\/\/equipmentcontrols.com\/es\/wp-json\/wp\/v2\/product_cat?post=2956"},{"taxonomy":"product_tag","embeddable":true,"href":"https:\/\/equipmentcontrols.com\/es\/wp-json\/wp\/v2\/product_tag?post=2956"}],"curies":[{"name":"wp","href":"https:\/\/api.w.org\/{rel}","templated":true}]}}