{"id":295,"date":"2020-04-21T20:36:37","date_gmt":"2020-04-21T20:36:37","guid":{"rendered":"https:\/\/econtrols.stagemysite.com\/product\/sensus-496\/"},"modified":"2026-02-27T18:06:02","modified_gmt":"2026-02-27T18:06:02","slug":"sensus-496","status":"publish","type":"product","link":"https:\/\/equipmentcontrols.com\/es\/producto\/sensus-496\/","title":{"rendered":"Modelo USG 496"},"content":{"rendered":"<p><strong>Regulador de gas dom\u00e9stico modelo 496 de USG <\/strong><\/p>\n<p><strong>Dise\u00f1ado para amplios rangos de presi\u00f3n de salida<\/strong><\/p>\n<p>Al igual que otros en nuestra familia de reguladores de servicio, nuestros reguladores de servicio dom\u00e9stico 496 ofrecen una construcci\u00f3n robusta para una vida \u00fatil de servicio confiable. Cuentan con un control de presi\u00f3n preciso y un rendimiento y confiabilidad sobresalientes.<\/p>\n<p>The Model 496 regulator offers a solid construction for a lifetime of reliable service. They provide precise pressure control, outstanding performance, and long-term dependability. Model 496 regulators can be used for residential meter sets, as well as small commercial and industrial applications.<\/p>\n<p>Common uses include burners, furnaces, ovens, heaters, gas engines, and more.<\/p>\n<p>Aunque se usan principalmente con gas natural, los reguladores de servicio dom\u00e9stico 496 funcionan igualmente bien cuando se usan con aire, GLP, CO2 seco, propano y otros gases no corrosivos.<\/p>\n<p><strong>Beneficios<\/strong><br \/>\n\u2022 Se instala en numerosas posiciones de montaje<br \/>\n\u2022 Ofrece un control de presi\u00f3n preciso<\/p>\n<p><strong>Caracter\u00edsticas<\/strong><br \/>\n\u2022 Cinco rangos de presi\u00f3n de salida diferentes<br \/>\n\u2022 Configuraci\u00f3n en \u00e1ngulo o recta<\/p>\n<p><strong>Especificaciones<\/strong><\/p>\n<p><strong>Tama\u00f1os de cuerpo de v\u00e1lvula:<\/strong><\/p>\n<p>Directo<br \/>\n\u2022 3\/8\u2033 x 3\/8\u2033<br \/>\n\u2022 1\/2\u2033 x 1\/2\u2033<br \/>\n\u2022 3\/4\u2033 x 3\/4\u2033<br \/>\n\u2022 3\/4\u2033 x 1\u2033<br \/>\n\u2022 1\u2033 x 1\u2033<\/p>\n<p>\u00c1ngulo<br \/>\n\u2022 3\/4\u2033 x 3\/4\u2033<br \/>\n\u2022 3\/4\u2033 x 1\u2033<br \/>\n\u2022 1\u2033 x 1\u2033<\/p>\n<p><strong>Descargas:<\/strong><br \/>\n<a href=\"https:\/\/equipmentcontrols.com\/wp-content\/uploads\/2026\/02\/Model-496-Brochure-1.pdf\">USG 496 Regulator Brochure<\/a><br \/>\n<a href=\"https:\/\/equipmentcontrols.com\/wp-content\/uploads\/2026\/02\/Model-496-Installation-Maintenance-Manual.pdf\">USG 496 Regulator Installation and Maintenance Manual<\/a><br \/>\n<a href=\"https:\/\/equipmentcontrols.com\/wp-content\/uploads\/2026\/02\/Residential-Regulator-Sales-Sheet-2-1.pdf\">USG Domestic Regulator Sales Sheet<\/a><br \/>\n<a href=\"https:\/\/equipmentcontrols.com\/wp-content\/uploads\/2026\/02\/USG-General-Safety-Instructions-for-Gas-Regulators-2.pdf\">Gas Regulator General Safety Instructions\u00a0<\/a><\/p>","protected":false},"excerpt":{"rendered":"<p>USG Model 496 Domestic Gas Regulator Designed for Broad Output Pressure Ranges Like others in our family of service regulators, our 496 Domestic service regulators offer rugged construction for a lifetime of reliable service. They feature precise pressure control and outstanding performance and dependability. The Model 496 regulator offers a solid construction for a lifetime [&hellip;]<\/p>\n","protected":false},"featured_media":294,"template":"","meta":[],"product_brand":[],"product_cat":[20,105],"product_tag":[],"class_list":{"0":"post-295","1":"product","2":"type-product","3":"status-publish","4":"has-post-thumbnail","6":"product_cat-gas-regulators","7":"product_cat-usg","9":"first","10":"instock","11":"shipping-taxable","12":"product-type-simple"},"yoast_head":"<!-- This site is optimized with the Yoast SEO Premium plugin v23.9 (Yoast SEO v27.5) - https:\/\/yoast.com\/product\/yoast-seo-premium-wordpress\/ -->\n<title>USG Model 496 - ECCO<\/title>\n<meta name=\"description\" content=\"USG Sensus 496 Domestic Gas Regulator is designed for broad output pressure ranges. The 496 Domestic service regulators can be used for residential meter sets as well as small commercial and industrial applications, including burners, furnaces, ovens, heaters, gas engines and others.\" \/>\n<meta name=\"robots\" content=\"index, follow, max-snippet:-1, max-image-preview:large, max-video-preview:-1\" \/>\n<link rel=\"canonical\" href=\"https:\/\/equipmentcontrols.com\/es\/producto\/sensus-496\/\" \/>\n<meta property=\"og:locale\" content=\"es_MX\" \/>\n<meta property=\"og:type\" content=\"article\" \/>\n<meta property=\"og:title\" content=\"USG Model 496\" \/>\n<meta property=\"og:description\" content=\"USG Sensus 496 Domestic Gas Regulator is designed for broad output pressure ranges. The 496 Domestic service regulators can be used for residential meter sets as well as small commercial and industrial applications, including burners, furnaces, ovens, heaters, gas engines and others.\" \/>\n<meta property=\"og:url\" content=\"https:\/\/equipmentcontrols.com\/es\/producto\/sensus-496\/\" \/>\n<meta property=\"og:site_name\" content=\"ECCO\" \/>\n<meta property=\"article:modified_time\" content=\"2026-02-27T18:06:02+00:00\" \/>\n<meta property=\"og:image\" content=\"https:\/\/equipmentcontrols.com\/wp-content\/uploads\/2020\/04\/SENSUS2049620Gas20Regulator.jpg\" \/>\n\t<meta property=\"og:image:width\" content=\"860\" \/>\n\t<meta property=\"og:image:height\" content=\"860\" \/>\n\t<meta property=\"og:image:type\" content=\"image\/jpeg\" \/>\n<meta name=\"twitter:card\" content=\"summary_large_image\" \/>\n<meta name=\"twitter:label1\" content=\"Tiempo de lectura\" \/>\n\t<meta name=\"twitter:data1\" content=\"2 minutos\" \/>\n<script type=\"application\/ld+json\" class=\"yoast-schema-graph\">{\"@context\":\"https:\\\/\\\/schema.org\",\"@graph\":[{\"@type\":\"WebPage\",\"@id\":\"https:\\\/\\\/equipmentcontrols.com\\\/product\\\/sensus-496\\\/\",\"url\":\"https:\\\/\\\/equipmentcontrols.com\\\/product\\\/sensus-496\\\/\",\"name\":\"USG Model 496 - ECCO\",\"isPartOf\":{\"@id\":\"https:\\\/\\\/equipmentcontrols.com\\\/#website\"},\"primaryImageOfPage\":{\"@id\":\"https:\\\/\\\/equipmentcontrols.com\\\/product\\\/sensus-496\\\/#primaryimage\"},\"image\":{\"@id\":\"https:\\\/\\\/equipmentcontrols.com\\\/product\\\/sensus-496\\\/#primaryimage\"},\"thumbnailUrl\":\"https:\\\/\\\/equipmentcontrols.com\\\/wp-content\\\/uploads\\\/2020\\\/04\\\/SENSUS2049620Gas20Regulator.jpg\",\"datePublished\":\"2020-04-21T20:36:37+00:00\",\"dateModified\":\"2026-02-27T18:06:02+00:00\",\"description\":\"USG Sensus 496 Domestic Gas Regulator is designed for broad output pressure ranges. The 496 Domestic service regulators can be used for residential meter sets as well as small commercial and industrial applications, including burners, furnaces, ovens, heaters, gas engines and others.\",\"breadcrumb\":{\"@id\":\"https:\\\/\\\/equipmentcontrols.com\\\/product\\\/sensus-496\\\/#breadcrumb\"},\"inLanguage\":\"es\",\"potentialAction\":[{\"@type\":\"ReadAction\",\"target\":[\"https:\\\/\\\/equipmentcontrols.com\\\/product\\\/sensus-496\\\/\"]}]},{\"@type\":\"ImageObject\",\"inLanguage\":\"es\",\"@id\":\"https:\\\/\\\/equipmentcontrols.com\\\/product\\\/sensus-496\\\/#primaryimage\",\"url\":\"https:\\\/\\\/equipmentcontrols.com\\\/wp-content\\\/uploads\\\/2020\\\/04\\\/SENSUS2049620Gas20Regulator.jpg\",\"contentUrl\":\"https:\\\/\\\/equipmentcontrols.com\\\/wp-content\\\/uploads\\\/2020\\\/04\\\/SENSUS2049620Gas20Regulator.jpg\",\"width\":860,\"height\":860,\"caption\":\"SENSUS2049620Gas20Regulator.jpg\"},{\"@type\":\"BreadcrumbList\",\"@id\":\"https:\\\/\\\/equipmentcontrols.com\\\/product\\\/sensus-496\\\/#breadcrumb\",\"itemListElement\":[{\"@type\":\"ListItem\",\"position\":1,\"name\":\"Home\",\"item\":\"https:\\\/\\\/equipmentcontrols.com\\\/\"},{\"@type\":\"ListItem\",\"position\":2,\"name\":\"Shop\",\"item\":\"https:\\\/\\\/equipmentcontrols.com\\\/shop\\\/\"},{\"@type\":\"ListItem\",\"position\":3,\"name\":\"USG Model 496\"}]},{\"@type\":\"WebSite\",\"@id\":\"https:\\\/\\\/equipmentcontrols.com\\\/#website\",\"url\":\"https:\\\/\\\/equipmentcontrols.com\\\/\",\"name\":\"ECCO\",\"description\":\"Equipment Controls Company\",\"potentialAction\":[{\"@type\":\"SearchAction\",\"target\":{\"@type\":\"EntryPoint\",\"urlTemplate\":\"https:\\\/\\\/equipmentcontrols.com\\\/?s={search_term_string}\"},\"query-input\":{\"@type\":\"PropertyValueSpecification\",\"valueRequired\":true,\"valueName\":\"search_term_string\"}}],\"inLanguage\":\"es\"}]}<\/script>\n<!-- \/ Yoast SEO Premium plugin. -->","yoast_head_json":{"title":"USG Model 496 - ECCO","description":"USG Sensus 496 Domestic Gas Regulator is designed for broad output pressure ranges. The 496 Domestic service regulators can be used for residential meter sets as well as small commercial and industrial applications, including burners, furnaces, ovens, heaters, gas engines and others.","robots":{"index":"index","follow":"follow","max-snippet":"max-snippet:-1","max-image-preview":"max-image-preview:large","max-video-preview":"max-video-preview:-1"},"canonical":"https:\/\/equipmentcontrols.com\/es\/producto\/sensus-496\/","og_locale":"es_MX","og_type":"article","og_title":"USG Model 496","og_description":"USG Sensus 496 Domestic Gas Regulator is designed for broad output pressure ranges. The 496 Domestic service regulators can be used for residential meter sets as well as small commercial and industrial applications, including burners, furnaces, ovens, heaters, gas engines and others.","og_url":"https:\/\/equipmentcontrols.com\/es\/producto\/sensus-496\/","og_site_name":"ECCO","article_modified_time":"2026-02-27T18:06:02+00:00","og_image":[{"width":860,"height":860,"url":"https:\/\/equipmentcontrols.com\/wp-content\/uploads\/2020\/04\/SENSUS2049620Gas20Regulator.jpg","type":"image\/jpeg"}],"twitter_card":"summary_large_image","twitter_misc":{"Tiempo de lectura":"2 minutos"},"schema":{"@context":"https:\/\/schema.org","@graph":[{"@type":"WebPage","@id":"https:\/\/equipmentcontrols.com\/product\/sensus-496\/","url":"https:\/\/equipmentcontrols.com\/product\/sensus-496\/","name":"USG Model 496 - ECCO","isPartOf":{"@id":"https:\/\/equipmentcontrols.com\/#website"},"primaryImageOfPage":{"@id":"https:\/\/equipmentcontrols.com\/product\/sensus-496\/#primaryimage"},"image":{"@id":"https:\/\/equipmentcontrols.com\/product\/sensus-496\/#primaryimage"},"thumbnailUrl":"https:\/\/equipmentcontrols.com\/wp-content\/uploads\/2020\/04\/SENSUS2049620Gas20Regulator.jpg","datePublished":"2020-04-21T20:36:37+00:00","dateModified":"2026-02-27T18:06:02+00:00","description":"USG Sensus 496 Domestic Gas Regulator is designed for broad output pressure ranges. The 496 Domestic service regulators can be used for residential meter sets as well as small commercial and industrial applications, including burners, furnaces, ovens, heaters, gas engines and others.","breadcrumb":{"@id":"https:\/\/equipmentcontrols.com\/product\/sensus-496\/#breadcrumb"},"inLanguage":"es","potentialAction":[{"@type":"ReadAction","target":["https:\/\/equipmentcontrols.com\/product\/sensus-496\/"]}]},{"@type":"ImageObject","inLanguage":"es","@id":"https:\/\/equipmentcontrols.com\/product\/sensus-496\/#primaryimage","url":"https:\/\/equipmentcontrols.com\/wp-content\/uploads\/2020\/04\/SENSUS2049620Gas20Regulator.jpg","contentUrl":"https:\/\/equipmentcontrols.com\/wp-content\/uploads\/2020\/04\/SENSUS2049620Gas20Regulator.jpg","width":860,"height":860,"caption":"SENSUS2049620Gas20Regulator.jpg"},{"@type":"BreadcrumbList","@id":"https:\/\/equipmentcontrols.com\/product\/sensus-496\/#breadcrumb","itemListElement":[{"@type":"ListItem","position":1,"name":"Home","item":"https:\/\/equipmentcontrols.com\/"},{"@type":"ListItem","position":2,"name":"Shop","item":"https:\/\/equipmentcontrols.com\/shop\/"},{"@type":"ListItem","position":3,"name":"USG Model 496"}]},{"@type":"WebSite","@id":"https:\/\/equipmentcontrols.com\/#website","url":"https:\/\/equipmentcontrols.com\/","name":"ECCO","description":"Empresa de Control de Equipos","potentialAction":[{"@type":"SearchAction","target":{"@type":"EntryPoint","urlTemplate":"https:\/\/equipmentcontrols.com\/?s={search_term_string}"},"query-input":{"@type":"PropertyValueSpecification","valueRequired":true,"valueName":"search_term_string"}}],"inLanguage":"es"}]}},"_links":{"self":[{"href":"https:\/\/equipmentcontrols.com\/es\/wp-json\/wp\/v2\/product\/295","targetHints":{"allow":["GET"]}}],"collection":[{"href":"https:\/\/equipmentcontrols.com\/es\/wp-json\/wp\/v2\/product"}],"about":[{"href":"https:\/\/equipmentcontrols.com\/es\/wp-json\/wp\/v2\/types\/product"}],"wp:featuredmedia":[{"embeddable":true,"href":"https:\/\/equipmentcontrols.com\/es\/wp-json\/wp\/v2\/media\/294"}],"wp:attachment":[{"href":"https:\/\/equipmentcontrols.com\/es\/wp-json\/wp\/v2\/media?parent=295"}],"wp:term":[{"taxonomy":"product_brand","embeddable":true,"href":"https:\/\/equipmentcontrols.com\/es\/wp-json\/wp\/v2\/product_brand?post=295"},{"taxonomy":"product_cat","embeddable":true,"href":"https:\/\/equipmentcontrols.com\/es\/wp-json\/wp\/v2\/product_cat?post=295"},{"taxonomy":"product_tag","embeddable":true,"href":"https:\/\/equipmentcontrols.com\/es\/wp-json\/wp\/v2\/product_tag?post=295"}],"curies":[{"name":"wp","href":"https:\/\/api.w.org\/{rel}","templated":true}]}}