{"id":2947,"date":"2022-09-08T11:35:11","date_gmt":"2022-09-08T11:35:11","guid":{"rendered":"https:\/\/eccowebsite.wpenginepowered.com\/?post_type=product&#038;p=2947"},"modified":"2022-09-08T11:58:35","modified_gmt":"2022-09-08T11:58:35","slug":"lz-50","status":"publish","type":"product","link":"https:\/\/equipmentcontrols.com\/es\/producto\/lz-50\/","title":{"rendered":"SENSIT\u00ae LZ-50"},"content":{"rendered":"<p><strong>GAS\u2022TRAC\u00ae LZ-50<\/strong><br \/>\n<strong>Detector de fugas de gas remoto l\u00e1ser de mano<\/strong><strong>GAS\u2022TRAC<sup>\u00ae<\/sup> <\/strong><\/p>\n<p><strong>LZ-50<\/strong> es un innovador detector port\u00e1til de gas metano que proporciona lecturas instant\u00e1neas desde una distancia hasta el objetivo de hasta 164 &#039;. Su revolucionaria fot\u00f3nica l\u00e1ser combinada con la tecnolog\u00eda de vanguardia, TARGET GPS, lo convierte en la elecci\u00f3n clara en la detecci\u00f3n remota de metano por l\u00e1ser.<\/p>\n<p>Ligero y f\u00e1cil de usar, <strong>GAS\u2022TRAC<sup>\u00ae<\/sup> LZ-50<\/strong> cuenta con una c\u00e1mara integrada para fotos y videos. Los datos se capturan a una velocidad de 10 lecturas por segundo y se pueden visualizar mediante <strong>SENSIT<sup>\u00ae<\/sup> Tecnolog\u00edas SIG <\/strong><strong>360<\/strong> software. <strong>SENSIT&#039;s<\/strong> La exclusiva tecnolog\u00eda TARGET GPS mejora la precisi\u00f3n de los informes y el seguimiento de las emisiones de metano.<\/p>\n<p>Detecte emisiones fugitivas de metano y fugas r\u00e1pidamente, sin entrar en la columna de gas.<\/p>\n<p><strong>\u00a0<\/strong><strong>Caracter\u00edsticas:<\/strong><br \/>\n\u2022 Detecci\u00f3n selectiva continua de metano<br \/>\n\u2022 GPS objetivo integrado<br \/>\n\u2022 C\u00e1mara para Fotos\/Videos con Zoom Digital<br \/>\n\u2022 C\u00e9lula de prueba funcional\/calibraci\u00f3n integrada en el estuche de transporte<br \/>\n\u2022 Alarmas visuales, audibles y t\u00e1ctiles<br \/>\n\u2022 Bater\u00eda recargable de iones de litio<br \/>\n\u2022 Recopilaci\u00f3n de datos integrada con transferencia inal\u00e1mbrica de datos (Wi-Fi Direct)<br \/>\n\u2022 Dise\u00f1o ergonomico<br \/>\n\u2022 Dise\u00f1o intr\u00ednsecamente seguro<br \/>\n\u2022 Carcasa sobremoldeada con caucho<\/p>\n<p><strong>Compatible con:<\/strong><br \/>\n<strong>SMART-CAL 360<\/strong> (Calibraci\u00f3n autom\u00e1tica\/prueba funcional)<br \/>\n<strong>SERVICIO 360<\/strong>\u00a0 (Actualizaciones de firmware)<br \/>\n<strong>ENLACE INTELIGENTE 360<\/strong> (Descargar registros)<br \/>\n<strong>SIG 360<\/strong> (Mapeo\/registro en tiempo real)<\/p>\n<p><strong>Aplicaciones:<\/strong><br \/>\nIndustria del gas natural \u2013 Upstream | A mitad de camino | R\u00edo abajo<br \/>\nRespuesta de Emergencia \u2013 Incendio | materiales peligrosos | Rescate<br \/>\nIndustrial \u2013 Industria Sider\u00fargica | Instalaciones Petroqu\u00edmicas | Papel y Pulpa<\/p>\n<p><strong>Descargas:<\/strong><br \/>\n<a href=\"https:\/\/equipmentcontrols.com\/wp-content\/uploads\/2022\/09\/LZ-50-Brochure_Web.pdf\">Folleto de GAS-TRAC-LZ-50<\/a><\/p>","protected":false},"excerpt":{"rendered":"<p>GAS\u2022TRAC\u00ae LZ-50 Hand-Held Laser Remote Gas Leak DetectorGAS\u2022TRAC\u00ae LZ-50 is an innovative handheld methane gas detector that provides instantaneous readings from a distance to the target of up to 164\u2032. Its revolutionary laser photonics combined with break-through technology, TARGET GPS, makes it the clear choice in remote laser methane detection. Lightweight and easy to use, [&hellip;]<\/p>\n","protected":false},"featured_media":2946,"template":"","meta":[],"product_brand":[],"product_cat":[24,50],"product_tag":[],"class_list":{"0":"post-2947","1":"product","2":"type-product","3":"status-publish","4":"has-post-thumbnail","6":"product_cat-leak-detection","7":"product_cat-sensit","9":"first","10":"instock","11":"shipping-taxable","12":"product-type-simple"},"yoast_head":"<!-- This site is optimized with the Yoast SEO Premium plugin v23.9 (Yoast SEO v27.3) - https:\/\/yoast.com\/product\/yoast-seo-premium-wordpress\/ -->\n<title>SENSIT\u00ae LZ-50 - ECCO<\/title>\n<meta name=\"description\" content=\"LZ-50 is an innovative handheld methane gas detector that provides instantaneous readings from a distance to the target of up to 164\u2032. Its revolutionary laser photonics combined with break-through technology, TARGET GPS, makes it the clear choice in remote laser methane detection. Detect fugitive methane emissions and leaks quickly, without entering the gas plume.\" \/>\n<meta name=\"robots\" content=\"index, follow, max-snippet:-1, max-image-preview:large, max-video-preview:-1\" \/>\n<link rel=\"canonical\" href=\"https:\/\/equipmentcontrols.com\/es\/producto\/lz-50\/\" \/>\n<meta property=\"og:locale\" content=\"es_MX\" \/>\n<meta property=\"og:type\" content=\"article\" \/>\n<meta property=\"og:title\" content=\"SENSIT\u00ae LZ-50\" \/>\n<meta property=\"og:description\" content=\"LZ-50 is an innovative handheld methane gas detector that provides instantaneous readings from a distance to the target of up to 164\u2032. Its revolutionary laser photonics combined with break-through technology, TARGET GPS, makes it the clear choice in remote laser methane detection. Detect fugitive methane emissions and leaks quickly, without entering the gas plume.\" \/>\n<meta property=\"og:url\" content=\"https:\/\/equipmentcontrols.com\/es\/producto\/lz-50\/\" \/>\n<meta property=\"og:site_name\" content=\"ECCO\" \/>\n<meta property=\"article:modified_time\" content=\"2022-09-08T11:58:35+00:00\" \/>\n<meta property=\"og:image\" content=\"https:\/\/equipmentcontrols.com\/wp-content\/uploads\/2022\/09\/SENSIT-GasTrac-LZ-50-Hand-Held-Laser-Remote-Gas-Leak-Detector.jpg\" \/>\n\t<meta property=\"og:image:width\" content=\"860\" \/>\n\t<meta property=\"og:image:height\" content=\"860\" \/>\n\t<meta property=\"og:image:type\" content=\"image\/jpeg\" \/>\n<meta name=\"twitter:card\" content=\"summary_large_image\" \/>\n<meta name=\"twitter:label1\" content=\"Tiempo de lectura\" \/>\n\t<meta name=\"twitter:data1\" content=\"1 minuto\" \/>\n<script type=\"application\/ld+json\" class=\"yoast-schema-graph\">{\"@context\":\"https:\\\/\\\/schema.org\",\"@graph\":[{\"@type\":\"WebPage\",\"@id\":\"https:\\\/\\\/equipmentcontrols.com\\\/product\\\/lz-50\\\/\",\"url\":\"https:\\\/\\\/equipmentcontrols.com\\\/product\\\/lz-50\\\/\",\"name\":\"SENSIT\u00ae LZ-50 - ECCO\",\"isPartOf\":{\"@id\":\"https:\\\/\\\/equipmentcontrols.com\\\/#website\"},\"primaryImageOfPage\":{\"@id\":\"https:\\\/\\\/equipmentcontrols.com\\\/product\\\/lz-50\\\/#primaryimage\"},\"image\":{\"@id\":\"https:\\\/\\\/equipmentcontrols.com\\\/product\\\/lz-50\\\/#primaryimage\"},\"thumbnailUrl\":\"https:\\\/\\\/equipmentcontrols.com\\\/wp-content\\\/uploads\\\/2022\\\/09\\\/SENSIT-GasTrac-LZ-50-Hand-Held-Laser-Remote-Gas-Leak-Detector.jpg\",\"datePublished\":\"2022-09-08T11:35:11+00:00\",\"dateModified\":\"2022-09-08T11:58:35+00:00\",\"description\":\"LZ-50 is an innovative handheld methane gas detector that provides instantaneous readings from a distance to the target of up to 164\u2032. Its revolutionary laser photonics combined with break-through technology, TARGET GPS, makes it the clear choice in remote laser methane detection. Detect fugitive methane emissions and leaks quickly, without entering the gas plume.\",\"breadcrumb\":{\"@id\":\"https:\\\/\\\/equipmentcontrols.com\\\/product\\\/lz-50\\\/#breadcrumb\"},\"inLanguage\":\"es\",\"potentialAction\":[{\"@type\":\"ReadAction\",\"target\":[\"https:\\\/\\\/equipmentcontrols.com\\\/product\\\/lz-50\\\/\"]}]},{\"@type\":\"ImageObject\",\"inLanguage\":\"es\",\"@id\":\"https:\\\/\\\/equipmentcontrols.com\\\/product\\\/lz-50\\\/#primaryimage\",\"url\":\"https:\\\/\\\/equipmentcontrols.com\\\/wp-content\\\/uploads\\\/2022\\\/09\\\/SENSIT-GasTrac-LZ-50-Hand-Held-Laser-Remote-Gas-Leak-Detector.jpg\",\"contentUrl\":\"https:\\\/\\\/equipmentcontrols.com\\\/wp-content\\\/uploads\\\/2022\\\/09\\\/SENSIT-GasTrac-LZ-50-Hand-Held-Laser-Remote-Gas-Leak-Detector.jpg\",\"width\":860,\"height\":860,\"caption\":\"SENSIT GasTrac LZ-50\"},{\"@type\":\"BreadcrumbList\",\"@id\":\"https:\\\/\\\/equipmentcontrols.com\\\/product\\\/lz-50\\\/#breadcrumb\",\"itemListElement\":[{\"@type\":\"ListItem\",\"position\":1,\"name\":\"Home\",\"item\":\"https:\\\/\\\/equipmentcontrols.com\\\/\"},{\"@type\":\"ListItem\",\"position\":2,\"name\":\"Shop\",\"item\":\"https:\\\/\\\/equipmentcontrols.com\\\/shop\\\/\"},{\"@type\":\"ListItem\",\"position\":3,\"name\":\"SENSIT\u00ae LZ-50\"}]},{\"@type\":\"WebSite\",\"@id\":\"https:\\\/\\\/equipmentcontrols.com\\\/#website\",\"url\":\"https:\\\/\\\/equipmentcontrols.com\\\/\",\"name\":\"ECCO\",\"description\":\"Equipment Controls Company\",\"potentialAction\":[{\"@type\":\"SearchAction\",\"target\":{\"@type\":\"EntryPoint\",\"urlTemplate\":\"https:\\\/\\\/equipmentcontrols.com\\\/?s={search_term_string}\"},\"query-input\":{\"@type\":\"PropertyValueSpecification\",\"valueRequired\":true,\"valueName\":\"search_term_string\"}}],\"inLanguage\":\"es\"}]}<\/script>\n<!-- \/ Yoast SEO Premium plugin. -->","yoast_head_json":{"title":"SENSIT\u00ae LZ-50 - ECCO","description":"LZ-50 is an innovative handheld methane gas detector that provides instantaneous readings from a distance to the target of up to 164\u2032. Its revolutionary laser photonics combined with break-through technology, TARGET GPS, makes it the clear choice in remote laser methane detection. Detect fugitive methane emissions and leaks quickly, without entering the gas plume.","robots":{"index":"index","follow":"follow","max-snippet":"max-snippet:-1","max-image-preview":"max-image-preview:large","max-video-preview":"max-video-preview:-1"},"canonical":"https:\/\/equipmentcontrols.com\/es\/producto\/lz-50\/","og_locale":"es_MX","og_type":"article","og_title":"SENSIT\u00ae LZ-50","og_description":"LZ-50 is an innovative handheld methane gas detector that provides instantaneous readings from a distance to the target of up to 164\u2032. Its revolutionary laser photonics combined with break-through technology, TARGET GPS, makes it the clear choice in remote laser methane detection. Detect fugitive methane emissions and leaks quickly, without entering the gas plume.","og_url":"https:\/\/equipmentcontrols.com\/es\/producto\/lz-50\/","og_site_name":"ECCO","article_modified_time":"2022-09-08T11:58:35+00:00","og_image":[{"width":860,"height":860,"url":"https:\/\/equipmentcontrols.com\/wp-content\/uploads\/2022\/09\/SENSIT-GasTrac-LZ-50-Hand-Held-Laser-Remote-Gas-Leak-Detector.jpg","type":"image\/jpeg"}],"twitter_card":"summary_large_image","twitter_misc":{"Tiempo de lectura":"1 minuto"},"schema":{"@context":"https:\/\/schema.org","@graph":[{"@type":"WebPage","@id":"https:\/\/equipmentcontrols.com\/product\/lz-50\/","url":"https:\/\/equipmentcontrols.com\/product\/lz-50\/","name":"SENSIT\u00ae LZ-50 - ECCO","isPartOf":{"@id":"https:\/\/equipmentcontrols.com\/#website"},"primaryImageOfPage":{"@id":"https:\/\/equipmentcontrols.com\/product\/lz-50\/#primaryimage"},"image":{"@id":"https:\/\/equipmentcontrols.com\/product\/lz-50\/#primaryimage"},"thumbnailUrl":"https:\/\/equipmentcontrols.com\/wp-content\/uploads\/2022\/09\/SENSIT-GasTrac-LZ-50-Hand-Held-Laser-Remote-Gas-Leak-Detector.jpg","datePublished":"2022-09-08T11:35:11+00:00","dateModified":"2022-09-08T11:58:35+00:00","description":"LZ-50 is an innovative handheld methane gas detector that provides instantaneous readings from a distance to the target of up to 164\u2032. Its revolutionary laser photonics combined with break-through technology, TARGET GPS, makes it the clear choice in remote laser methane detection. Detect fugitive methane emissions and leaks quickly, without entering the gas plume.","breadcrumb":{"@id":"https:\/\/equipmentcontrols.com\/product\/lz-50\/#breadcrumb"},"inLanguage":"es","potentialAction":[{"@type":"ReadAction","target":["https:\/\/equipmentcontrols.com\/product\/lz-50\/"]}]},{"@type":"ImageObject","inLanguage":"es","@id":"https:\/\/equipmentcontrols.com\/product\/lz-50\/#primaryimage","url":"https:\/\/equipmentcontrols.com\/wp-content\/uploads\/2022\/09\/SENSIT-GasTrac-LZ-50-Hand-Held-Laser-Remote-Gas-Leak-Detector.jpg","contentUrl":"https:\/\/equipmentcontrols.com\/wp-content\/uploads\/2022\/09\/SENSIT-GasTrac-LZ-50-Hand-Held-Laser-Remote-Gas-Leak-Detector.jpg","width":860,"height":860,"caption":"SENSIT GasTrac LZ-50"},{"@type":"BreadcrumbList","@id":"https:\/\/equipmentcontrols.com\/product\/lz-50\/#breadcrumb","itemListElement":[{"@type":"ListItem","position":1,"name":"Home","item":"https:\/\/equipmentcontrols.com\/"},{"@type":"ListItem","position":2,"name":"Shop","item":"https:\/\/equipmentcontrols.com\/shop\/"},{"@type":"ListItem","position":3,"name":"SENSIT\u00ae LZ-50"}]},{"@type":"WebSite","@id":"https:\/\/equipmentcontrols.com\/#website","url":"https:\/\/equipmentcontrols.com\/","name":"ECCO","description":"Empresa de Control de Equipos","potentialAction":[{"@type":"SearchAction","target":{"@type":"EntryPoint","urlTemplate":"https:\/\/equipmentcontrols.com\/?s={search_term_string}"},"query-input":{"@type":"PropertyValueSpecification","valueRequired":true,"valueName":"search_term_string"}}],"inLanguage":"es"}]}},"_links":{"self":[{"href":"https:\/\/equipmentcontrols.com\/es\/wp-json\/wp\/v2\/product\/2947","targetHints":{"allow":["GET"]}}],"collection":[{"href":"https:\/\/equipmentcontrols.com\/es\/wp-json\/wp\/v2\/product"}],"about":[{"href":"https:\/\/equipmentcontrols.com\/es\/wp-json\/wp\/v2\/types\/product"}],"wp:featuredmedia":[{"embeddable":true,"href":"https:\/\/equipmentcontrols.com\/es\/wp-json\/wp\/v2\/media\/2946"}],"wp:attachment":[{"href":"https:\/\/equipmentcontrols.com\/es\/wp-json\/wp\/v2\/media?parent=2947"}],"wp:term":[{"taxonomy":"product_brand","embeddable":true,"href":"https:\/\/equipmentcontrols.com\/es\/wp-json\/wp\/v2\/product_brand?post=2947"},{"taxonomy":"product_cat","embeddable":true,"href":"https:\/\/equipmentcontrols.com\/es\/wp-json\/wp\/v2\/product_cat?post=2947"},{"taxonomy":"product_tag","embeddable":true,"href":"https:\/\/equipmentcontrols.com\/es\/wp-json\/wp\/v2\/product_tag?post=2947"}],"curies":[{"name":"wp","href":"https:\/\/api.w.org\/{rel}","templated":true}]}}