{"id":2759,"date":"2022-08-22T16:56:58","date_gmt":"2022-08-22T16:56:58","guid":{"rendered":"https:\/\/eccowebsite.wpenginepowered.com\/?post_type=product&#038;p=2759"},"modified":"2023-09-20T16:53:17","modified_gmt":"2023-09-20T16:53:17","slug":"sensit-gold-g3","status":"publish","type":"product","link":"https:\/\/equipmentcontrols.com\/es\/producto\/sensit-gold-g3\/","title":{"rendered":"SENSIT\u00ae Oro G3"},"content":{"rendered":"<p><strong>Detector de gases m\u00faltiples<\/strong><\/p>\n<p>DETECCI\u00d3N R\u00c1PIDA. VISUALIZACI\u00d3N INCONS\u00daTIL DE DATOS. SEGURIDAD DEL TRABAJADOR Y DE LA COMUNIDAD.<\/p>\n<p>The SENSIT \u00ae GOLD G3 makes gas detection faster and more accurate than ever. Designed with worker productivity in mind, the SENSIT \u00ae GOLD G3 features improved durability, sensor and pump performance monitoring, and unmatched data logging and mapping capabilities.<\/p>\n<p>SENSIT \u00ae GOLD G3 es ideal para localizar fugas de gas por encima y por debajo del suelo, monitorear espacios confinados, purgar tuber\u00edas, encuestas de fugas y otras aplicaciones. El detector multigas SENSIT \u00ae GOLD G3 se puede configurar con hasta 5 sensores para gases combustibles y t\u00f3xicos, as\u00ed como para ox\u00edgeno.<\/p>\n<p><strong>Muestra hasta 5 gases<\/strong><br \/>\n\u2022 LEL para CH4 y C3H8 (Metano y Propano) con %Volumen y PPM Opcional<br \/>\n\u2022 Ox\u00edgeno \u2013 O2<br \/>\n\u2022 Mon\u00f3xido de Carbono \u2013 CO<br \/>\n\u2022 Sulfuro de hidr\u00f3geno \u2013 H2S<br \/>\n\u2022 Cianuro de Hidr\u00f3geno \u2013 HCN<\/p>\n<p><strong>Tipo de gas seleccionable<\/strong><br \/>\n\u2022 Metano (Gas Natural)<br \/>\n\u2022 Propano<\/p>\n<p><strong>Lista parcial de gases detectados:<\/strong><br \/>\n\u2022 butano<br \/>\n\u2022 Mon\u00f3xido de carbono<br \/>\n\u2022 Gasolina<br \/>\n\u2022 Sulfuro de hidr\u00f3geno<br \/>\n\u2022 Hidr\u00f3geno<br \/>\n\u2022 Cianuro de hidr\u00f3geno<br \/>\n\u2022 Gas natural<br \/>\n\u2022 Ox\u00edgeno<br \/>\n\u2022 Propano<br \/>\n\u2022 Pentano<\/p>\n<p><strong>Caracter\u00edsticas:<\/strong><br \/>\n\u2022 Dise\u00f1o intr\u00ednsecamente seguro (certificado)<br \/>\n\u2022 Bomba de 2 velocidades para muestreo r\u00e1pido<br \/>\n\u2022 Tick audible para la localizaci\u00f3n r\u00e1pida de fugas<br \/>\n\u2022 Sensores \u201cinteligentes\u201d de larga duraci\u00f3n<br \/>\n\u2022 Luz de advertencia de domo LED multicolor<br \/>\n\u2022 Pantalla brillante y f\u00e1cil de leer<br \/>\n\u2022 Alarma fuerte y audible<br \/>\n\u2022 Indicador de fuerza de la bater\u00eda<br \/>\n\u2022 Memoria interna para retenci\u00f3n de registros<br \/>\n\u2022 Protecci\u00f3n excepcional contra el agua y el polvo (IP64)<br \/>\n\u2022 Carcasa recubierta de goma para mayor durabilidad<br \/>\n\u2022 Linterna<br \/>\n\u2022 Soporte multiling\u00fce<br \/>\n\u2022 Bluetooth<br \/>\n\u2022 Compatible con SMART-CAL 360 (calibraci\u00f3n autom\u00e1tica\/prueba funcional)<br \/>\n\u2022 Compatible con SMART-LINK 360 (descarga de registros)<br \/>\n\u2022 Compatible con SERVICE 360 (actualizaciones de firmware)<br \/>\n\u2022 Bater\u00eda recargable<\/p>\n<p><strong>Aplicaciones:<\/strong><br \/>\n\u2022 Detecci\u00f3n de fugas de gas combustible<br \/>\n\u2022 Encuesta de fugas de gas<br \/>\n\u2022 Localizaci\u00f3n precisa de fugas por encima y por debajo del suelo<br \/>\n\u2022 Investigaciones de mon\u00f3xido de carbono<br \/>\n\u2022 Monitoreo de espacios confinados<br \/>\n\u2022 Mediciones de gases combustibles<br \/>\n\u2022 Purga de tuber\u00edas<br \/>\n\u2022 Prueba de emisiones del m\u00e9todo 21<br \/>\n\u2022 Operaciones de gas inerte<\/p>\n<p><strong>Descargas:<\/strong><br \/>\n<a href=\"https:\/\/equipmentcontrols.com\/wp-content\/uploads\/2022\/08\/Sensit-Gold-G3.pdf\">Folleto de SENSIT\u00ae Gold G3<\/a><\/p>","protected":false},"excerpt":{"rendered":"<p>Multi Gas Detector FAST DETECTION. SEAMLESS DATA VISUALIZATION. WORKER AND COMMUNITY SAFETY. The SENSIT \u00ae GOLD G3 makes gas detection faster and more accurate than ever. Designed with worker productivity in mind, the SENSIT \u00ae GOLD G3 features improved durability, sensor and pump performance monitoring, and unmatched data logging and mapping capabilities. SENSIT \u00ae GOLD [&hellip;]<\/p>\n","protected":false},"featured_media":2760,"template":"","meta":[],"product_brand":[],"product_cat":[24,50],"product_tag":[],"class_list":{"0":"post-2759","1":"product","2":"type-product","3":"status-publish","4":"has-post-thumbnail","6":"product_cat-leak-detection","7":"product_cat-sensit","9":"first","10":"instock","11":"shipping-taxable","12":"product-type-simple"},"yoast_head":"<!-- This site is optimized with the Yoast SEO Premium plugin v23.9 (Yoast SEO v27.3) - https:\/\/yoast.com\/product\/yoast-seo-premium-wordpress\/ -->\n<title>SENSIT\u00ae Gold G3 - ECCO<\/title>\n<meta name=\"description\" content=\"SENSIT \u00ae GOLD G3 features improved durability, sensor and pump performance monitoring, and unmatched data logging and mapping capabilities.\" \/>\n<meta name=\"robots\" content=\"index, follow, max-snippet:-1, max-image-preview:large, max-video-preview:-1\" \/>\n<link rel=\"canonical\" href=\"https:\/\/equipmentcontrols.com\/es\/producto\/sensit-gold-g3\/\" \/>\n<meta property=\"og:locale\" content=\"es_MX\" \/>\n<meta property=\"og:type\" content=\"article\" \/>\n<meta property=\"og:title\" content=\"SENSIT\u00ae Gold G3\" \/>\n<meta property=\"og:description\" content=\"SENSIT \u00ae GOLD G3 features improved durability, sensor and pump performance monitoring, and unmatched data logging and mapping capabilities.\" \/>\n<meta property=\"og:url\" content=\"https:\/\/equipmentcontrols.com\/es\/producto\/sensit-gold-g3\/\" \/>\n<meta property=\"og:site_name\" content=\"ECCO\" \/>\n<meta property=\"article:modified_time\" content=\"2023-09-20T16:53:17+00:00\" \/>\n<meta property=\"og:image\" content=\"https:\/\/equipmentcontrols.com\/wp-content\/uploads\/2022\/08\/SENSIT-GOLD-G3.jpeg\" \/>\n\t<meta property=\"og:image:width\" content=\"860\" \/>\n\t<meta property=\"og:image:height\" content=\"860\" \/>\n\t<meta property=\"og:image:type\" content=\"image\/jpeg\" \/>\n<meta name=\"twitter:card\" content=\"summary_large_image\" \/>\n<meta name=\"twitter:label1\" content=\"Tiempo de lectura\" \/>\n\t<meta name=\"twitter:data1\" content=\"2 minutos\" \/>\n<script type=\"application\/ld+json\" class=\"yoast-schema-graph\">{\"@context\":\"https:\\\/\\\/schema.org\",\"@graph\":[{\"@type\":\"WebPage\",\"@id\":\"https:\\\/\\\/equipmentcontrols.com\\\/product\\\/sensit-gold-g3\\\/\",\"url\":\"https:\\\/\\\/equipmentcontrols.com\\\/product\\\/sensit-gold-g3\\\/\",\"name\":\"SENSIT\u00ae Gold G3 - ECCO\",\"isPartOf\":{\"@id\":\"https:\\\/\\\/equipmentcontrols.com\\\/#website\"},\"primaryImageOfPage\":{\"@id\":\"https:\\\/\\\/equipmentcontrols.com\\\/product\\\/sensit-gold-g3\\\/#primaryimage\"},\"image\":{\"@id\":\"https:\\\/\\\/equipmentcontrols.com\\\/product\\\/sensit-gold-g3\\\/#primaryimage\"},\"thumbnailUrl\":\"https:\\\/\\\/equipmentcontrols.com\\\/wp-content\\\/uploads\\\/2022\\\/08\\\/SENSIT-GOLD-G3.jpeg\",\"datePublished\":\"2022-08-22T16:56:58+00:00\",\"dateModified\":\"2023-09-20T16:53:17+00:00\",\"description\":\"SENSIT \u00ae GOLD G3 features improved durability, sensor and pump performance monitoring, and unmatched data logging and mapping capabilities.\",\"breadcrumb\":{\"@id\":\"https:\\\/\\\/equipmentcontrols.com\\\/product\\\/sensit-gold-g3\\\/#breadcrumb\"},\"inLanguage\":\"es\",\"potentialAction\":[{\"@type\":\"ReadAction\",\"target\":[\"https:\\\/\\\/equipmentcontrols.com\\\/product\\\/sensit-gold-g3\\\/\"]}]},{\"@type\":\"ImageObject\",\"inLanguage\":\"es\",\"@id\":\"https:\\\/\\\/equipmentcontrols.com\\\/product\\\/sensit-gold-g3\\\/#primaryimage\",\"url\":\"https:\\\/\\\/equipmentcontrols.com\\\/wp-content\\\/uploads\\\/2022\\\/08\\\/SENSIT-GOLD-G3.jpeg\",\"contentUrl\":\"https:\\\/\\\/equipmentcontrols.com\\\/wp-content\\\/uploads\\\/2022\\\/08\\\/SENSIT-GOLD-G3.jpeg\",\"width\":860,\"height\":860,\"caption\":\"Sensit Gold G3\"},{\"@type\":\"BreadcrumbList\",\"@id\":\"https:\\\/\\\/equipmentcontrols.com\\\/product\\\/sensit-gold-g3\\\/#breadcrumb\",\"itemListElement\":[{\"@type\":\"ListItem\",\"position\":1,\"name\":\"Home\",\"item\":\"https:\\\/\\\/equipmentcontrols.com\\\/\"},{\"@type\":\"ListItem\",\"position\":2,\"name\":\"Shop\",\"item\":\"https:\\\/\\\/equipmentcontrols.com\\\/shop\\\/\"},{\"@type\":\"ListItem\",\"position\":3,\"name\":\"SENSIT\u00ae Gold G3\"}]},{\"@type\":\"WebSite\",\"@id\":\"https:\\\/\\\/equipmentcontrols.com\\\/#website\",\"url\":\"https:\\\/\\\/equipmentcontrols.com\\\/\",\"name\":\"ECCO\",\"description\":\"Equipment Controls Company\",\"potentialAction\":[{\"@type\":\"SearchAction\",\"target\":{\"@type\":\"EntryPoint\",\"urlTemplate\":\"https:\\\/\\\/equipmentcontrols.com\\\/?s={search_term_string}\"},\"query-input\":{\"@type\":\"PropertyValueSpecification\",\"valueRequired\":true,\"valueName\":\"search_term_string\"}}],\"inLanguage\":\"es\"}]}<\/script>\n<!-- \/ Yoast SEO Premium plugin. -->","yoast_head_json":{"title":"SENSIT\u00ae Gold G3 - ECCO","description":"SENSIT \u00ae GOLD G3 features improved durability, sensor and pump performance monitoring, and unmatched data logging and mapping capabilities.","robots":{"index":"index","follow":"follow","max-snippet":"max-snippet:-1","max-image-preview":"max-image-preview:large","max-video-preview":"max-video-preview:-1"},"canonical":"https:\/\/equipmentcontrols.com\/es\/producto\/sensit-gold-g3\/","og_locale":"es_MX","og_type":"article","og_title":"SENSIT\u00ae Gold G3","og_description":"SENSIT \u00ae GOLD G3 features improved durability, sensor and pump performance monitoring, and unmatched data logging and mapping capabilities.","og_url":"https:\/\/equipmentcontrols.com\/es\/producto\/sensit-gold-g3\/","og_site_name":"ECCO","article_modified_time":"2023-09-20T16:53:17+00:00","og_image":[{"width":860,"height":860,"url":"https:\/\/equipmentcontrols.com\/wp-content\/uploads\/2022\/08\/SENSIT-GOLD-G3.jpeg","type":"image\/jpeg"}],"twitter_card":"summary_large_image","twitter_misc":{"Tiempo de lectura":"2 minutos"},"schema":{"@context":"https:\/\/schema.org","@graph":[{"@type":"WebPage","@id":"https:\/\/equipmentcontrols.com\/product\/sensit-gold-g3\/","url":"https:\/\/equipmentcontrols.com\/product\/sensit-gold-g3\/","name":"SENSIT\u00ae Gold G3 - ECCO","isPartOf":{"@id":"https:\/\/equipmentcontrols.com\/#website"},"primaryImageOfPage":{"@id":"https:\/\/equipmentcontrols.com\/product\/sensit-gold-g3\/#primaryimage"},"image":{"@id":"https:\/\/equipmentcontrols.com\/product\/sensit-gold-g3\/#primaryimage"},"thumbnailUrl":"https:\/\/equipmentcontrols.com\/wp-content\/uploads\/2022\/08\/SENSIT-GOLD-G3.jpeg","datePublished":"2022-08-22T16:56:58+00:00","dateModified":"2023-09-20T16:53:17+00:00","description":"SENSIT \u00ae GOLD G3 features improved durability, sensor and pump performance monitoring, and unmatched data logging and mapping capabilities.","breadcrumb":{"@id":"https:\/\/equipmentcontrols.com\/product\/sensit-gold-g3\/#breadcrumb"},"inLanguage":"es","potentialAction":[{"@type":"ReadAction","target":["https:\/\/equipmentcontrols.com\/product\/sensit-gold-g3\/"]}]},{"@type":"ImageObject","inLanguage":"es","@id":"https:\/\/equipmentcontrols.com\/product\/sensit-gold-g3\/#primaryimage","url":"https:\/\/equipmentcontrols.com\/wp-content\/uploads\/2022\/08\/SENSIT-GOLD-G3.jpeg","contentUrl":"https:\/\/equipmentcontrols.com\/wp-content\/uploads\/2022\/08\/SENSIT-GOLD-G3.jpeg","width":860,"height":860,"caption":"Sensit Gold G3"},{"@type":"BreadcrumbList","@id":"https:\/\/equipmentcontrols.com\/product\/sensit-gold-g3\/#breadcrumb","itemListElement":[{"@type":"ListItem","position":1,"name":"Home","item":"https:\/\/equipmentcontrols.com\/"},{"@type":"ListItem","position":2,"name":"Shop","item":"https:\/\/equipmentcontrols.com\/shop\/"},{"@type":"ListItem","position":3,"name":"SENSIT\u00ae Gold G3"}]},{"@type":"WebSite","@id":"https:\/\/equipmentcontrols.com\/#website","url":"https:\/\/equipmentcontrols.com\/","name":"ECCO","description":"Empresa de Control de Equipos","potentialAction":[{"@type":"SearchAction","target":{"@type":"EntryPoint","urlTemplate":"https:\/\/equipmentcontrols.com\/?s={search_term_string}"},"query-input":{"@type":"PropertyValueSpecification","valueRequired":true,"valueName":"search_term_string"}}],"inLanguage":"es"}]}},"_links":{"self":[{"href":"https:\/\/equipmentcontrols.com\/es\/wp-json\/wp\/v2\/product\/2759","targetHints":{"allow":["GET"]}}],"collection":[{"href":"https:\/\/equipmentcontrols.com\/es\/wp-json\/wp\/v2\/product"}],"about":[{"href":"https:\/\/equipmentcontrols.com\/es\/wp-json\/wp\/v2\/types\/product"}],"wp:featuredmedia":[{"embeddable":true,"href":"https:\/\/equipmentcontrols.com\/es\/wp-json\/wp\/v2\/media\/2760"}],"wp:attachment":[{"href":"https:\/\/equipmentcontrols.com\/es\/wp-json\/wp\/v2\/media?parent=2759"}],"wp:term":[{"taxonomy":"product_brand","embeddable":true,"href":"https:\/\/equipmentcontrols.com\/es\/wp-json\/wp\/v2\/product_brand?post=2759"},{"taxonomy":"product_cat","embeddable":true,"href":"https:\/\/equipmentcontrols.com\/es\/wp-json\/wp\/v2\/product_cat?post=2759"},{"taxonomy":"product_tag","embeddable":true,"href":"https:\/\/equipmentcontrols.com\/es\/wp-json\/wp\/v2\/product_tag?post=2759"}],"curies":[{"name":"wp","href":"https:\/\/api.w.org\/{rel}","templated":true}]}}