{"id":2477,"date":"2022-05-10T15:10:44","date_gmt":"2022-05-10T15:10:44","guid":{"rendered":"https:\/\/eccowebsite.wpenginepowered.com\/?post_type=product&#038;p=2477"},"modified":"2024-01-04T15:25:35","modified_gmt":"2024-01-04T15:25:35","slug":"sensit-pmd2","status":"publish","type":"product","link":"https:\/\/equipmentcontrols.com\/es\/producto\/sensit-pmd2\/","title":{"rendered":"SENSIT\u00ae PMD2"},"content":{"rendered":"<p><strong>Detector de metano port\u00e1til<\/strong><\/p>\n<p><strong>SENSIT<sup>\u00ae<\/sup> PMD2 <\/strong>se utiliza para inspeccionar, identificar y calificar fugas de metano.<\/p>\n<p><strong>SENSIT<sup>\u00ae<\/sup> PMD2<\/strong> es un instrumento de precisi\u00f3n peque\u00f1o y liviano que se utiliza para inspeccionar, localizar y graduar fugas de metano. Con la tecnolog\u00eda TDLAS, el <strong>SENSIT<sup>\u00ae<\/sup> PMD2<\/strong> es metano selectivo y perfecto para caminar o aplicaciones de veh\u00edculos.<\/p>\n<p><strong>Caracter\u00edsticas:<\/strong><br \/>\n\u2022 Metano selectivo. PMD2 filtra otros gases en el rango de PPM.<br \/>\n\u2022 Potente bomba que proporciona detecci\u00f3n r\u00e1pida de metano.<br \/>\n\u2022 Alta sensibilidad de 1 PPM detecta fugas de metano m\u00e1s r\u00e1pido.<br \/>\n\u2022 Rango de detecci\u00f3n de 0-100% de volumen para una clasificaci\u00f3n m\u00e1s r\u00e1pida de fugas de gas natural.<br \/>\n\u2022 La operaci\u00f3n a pie o en veh\u00edculo permite una mayor flexibilidad en la encuesta de usuarios.<br \/>\n\u2022 Dise\u00f1ado para ser intr\u00ednsecamente seguro. PMD2 se puede utilizar en interiores o exteriores.<br \/>\n\u2022 Cumplimiento de calibraci\u00f3n simple usando Smart-Cal 360.<br \/>\n\u2022 Indicadores de estado de GPS, bomba, bater\u00eda, flujo de datos, alarmas audibles, flujo bloqueado y Bluetooth<\/p>\n<p>Compatible con la estaci\u00f3n de calibraci\u00f3n SMART-CAL 360 | Servicio 360 | Enlace inteligente 360 | SIG 360<\/p>\n<p><strong>Aplicaciones:<\/strong><br \/>\n\u2022 Estudios de fugas de gas sobre el suelo Detecci\u00f3n<br \/>\n\u2022 Localizaci\u00f3n de fugas de gas subterr\u00e1neas<br \/>\n\u2022 Inspecciones m\u00f3viles de fugas de gas<br \/>\n\u2022 Mapeo de fugas de gas<\/p>\n<p><strong>Descargas:<\/strong><br \/>\n<a href=\"https:\/\/equipmentcontrols.com\/wp-content\/uploads\/2022\/05\/PMD2_Brochure-_Web.pdf\">Bolet\u00edn SENSIT\u00ae PMD2<\/a><\/p>","protected":false},"excerpt":{"rendered":"<p>Portable Methane Detector SENSIT\u00ae PMD2 is used to survey, pinpoint, and grade methane leaks. SENSIT\u00ae PMD2 is a small, lightweight precision instrument used to survey, pinpoint, and grade methane leaks. With TDLAS technology, the SENSIT\u00ae PMD2 is methane selective and perfect for walking or vehicle applications. Features: \u2022 Methane selective. PMD2 filters out other gases [&hellip;]<\/p>\n","protected":false},"featured_media":2475,"template":"","meta":[],"product_brand":[],"product_cat":[24,50],"product_tag":[192,193,191,194],"class_list":{"0":"post-2477","1":"product","2":"type-product","3":"status-publish","4":"has-post-thumbnail","6":"product_cat-leak-detection","7":"product_cat-sensit","8":"product_tag-methane-gas-leak-detector","9":"product_tag-natual-gas-leak-detector","10":"product_tag-portable-methane-detector","11":"product_tag-sensitpmd2","13":"first","14":"instock","15":"shipping-taxable","16":"product-type-simple"},"yoast_head":"<!-- This site is optimized with the Yoast SEO Premium plugin v23.9 (Yoast SEO v27.3) - https:\/\/yoast.com\/product\/yoast-seo-premium-wordpress\/ -->\n<title>SENSIT\u00ae PMD2 - ECCO<\/title>\n<meta name=\"description\" content=\"SENSIT\u00ae PMD2 is used to survey, pinpoint, and grade methane leaks. SENSIT\u00ae PMD2 is a small, lightweight precision instrument used to survey, pinpoint, and grade methane leaks. With TDLAS technology, the SENSIT\u00ae PMD2 is methane selective and perfect for walking or vehicle applications.\" \/>\n<meta name=\"robots\" content=\"index, follow, max-snippet:-1, max-image-preview:large, max-video-preview:-1\" \/>\n<link rel=\"canonical\" href=\"https:\/\/equipmentcontrols.com\/es\/producto\/sensit-pmd2\/\" \/>\n<meta property=\"og:locale\" content=\"es_MX\" \/>\n<meta property=\"og:type\" content=\"article\" \/>\n<meta property=\"og:title\" content=\"SENSIT\u00ae PMD2\" \/>\n<meta property=\"og:description\" content=\"SENSIT\u00ae PMD2 is used to survey, pinpoint, and grade methane leaks. SENSIT\u00ae PMD2 is a small, lightweight precision instrument used to survey, pinpoint, and grade methane leaks. With TDLAS technology, the SENSIT\u00ae PMD2 is methane selective and perfect for walking or vehicle applications.\" \/>\n<meta property=\"og:url\" content=\"https:\/\/equipmentcontrols.com\/es\/producto\/sensit-pmd2\/\" \/>\n<meta property=\"og:site_name\" content=\"ECCO\" \/>\n<meta property=\"article:modified_time\" content=\"2024-01-04T15:25:35+00:00\" \/>\n<meta property=\"og:image\" content=\"https:\/\/equipmentcontrols.com\/wp-content\/uploads\/2022\/05\/PMD2-photo.jpeg\" \/>\n\t<meta property=\"og:image:width\" content=\"860\" \/>\n\t<meta property=\"og:image:height\" content=\"860\" \/>\n\t<meta property=\"og:image:type\" content=\"image\/jpeg\" \/>\n<meta name=\"twitter:card\" content=\"summary_large_image\" \/>\n<meta name=\"twitter:label1\" content=\"Tiempo de lectura\" \/>\n\t<meta name=\"twitter:data1\" content=\"1 minuto\" \/>\n<script type=\"application\/ld+json\" class=\"yoast-schema-graph\">{\"@context\":\"https:\\\/\\\/schema.org\",\"@graph\":[{\"@type\":\"WebPage\",\"@id\":\"https:\\\/\\\/equipmentcontrols.com\\\/product\\\/sensit-pmd2\\\/\",\"url\":\"https:\\\/\\\/equipmentcontrols.com\\\/product\\\/sensit-pmd2\\\/\",\"name\":\"SENSIT\u00ae PMD2 - ECCO\",\"isPartOf\":{\"@id\":\"https:\\\/\\\/equipmentcontrols.com\\\/#website\"},\"primaryImageOfPage\":{\"@id\":\"https:\\\/\\\/equipmentcontrols.com\\\/product\\\/sensit-pmd2\\\/#primaryimage\"},\"image\":{\"@id\":\"https:\\\/\\\/equipmentcontrols.com\\\/product\\\/sensit-pmd2\\\/#primaryimage\"},\"thumbnailUrl\":\"https:\\\/\\\/equipmentcontrols.com\\\/wp-content\\\/uploads\\\/2022\\\/05\\\/PMD2-photo.jpeg\",\"datePublished\":\"2022-05-10T15:10:44+00:00\",\"dateModified\":\"2024-01-04T15:25:35+00:00\",\"description\":\"SENSIT\u00ae PMD2 is used to survey, pinpoint, and grade methane leaks. SENSIT\u00ae PMD2 is a small, lightweight precision instrument used to survey, pinpoint, and grade methane leaks. With TDLAS technology, the SENSIT\u00ae PMD2 is methane selective and perfect for walking or vehicle applications.\",\"breadcrumb\":{\"@id\":\"https:\\\/\\\/equipmentcontrols.com\\\/product\\\/sensit-pmd2\\\/#breadcrumb\"},\"inLanguage\":\"es\",\"potentialAction\":[{\"@type\":\"ReadAction\",\"target\":[\"https:\\\/\\\/equipmentcontrols.com\\\/product\\\/sensit-pmd2\\\/\"]}]},{\"@type\":\"ImageObject\",\"inLanguage\":\"es\",\"@id\":\"https:\\\/\\\/equipmentcontrols.com\\\/product\\\/sensit-pmd2\\\/#primaryimage\",\"url\":\"https:\\\/\\\/equipmentcontrols.com\\\/wp-content\\\/uploads\\\/2022\\\/05\\\/PMD2-photo.jpeg\",\"contentUrl\":\"https:\\\/\\\/equipmentcontrols.com\\\/wp-content\\\/uploads\\\/2022\\\/05\\\/PMD2-photo.jpeg\",\"width\":860,\"height\":860,\"caption\":\"PMD2 photo\"},{\"@type\":\"BreadcrumbList\",\"@id\":\"https:\\\/\\\/equipmentcontrols.com\\\/product\\\/sensit-pmd2\\\/#breadcrumb\",\"itemListElement\":[{\"@type\":\"ListItem\",\"position\":1,\"name\":\"Home\",\"item\":\"https:\\\/\\\/equipmentcontrols.com\\\/\"},{\"@type\":\"ListItem\",\"position\":2,\"name\":\"Shop\",\"item\":\"https:\\\/\\\/equipmentcontrols.com\\\/shop\\\/\"},{\"@type\":\"ListItem\",\"position\":3,\"name\":\"SENSIT\u00ae PMD2\"}]},{\"@type\":\"WebSite\",\"@id\":\"https:\\\/\\\/equipmentcontrols.com\\\/#website\",\"url\":\"https:\\\/\\\/equipmentcontrols.com\\\/\",\"name\":\"ECCO\",\"description\":\"Equipment Controls Company\",\"potentialAction\":[{\"@type\":\"SearchAction\",\"target\":{\"@type\":\"EntryPoint\",\"urlTemplate\":\"https:\\\/\\\/equipmentcontrols.com\\\/?s={search_term_string}\"},\"query-input\":{\"@type\":\"PropertyValueSpecification\",\"valueRequired\":true,\"valueName\":\"search_term_string\"}}],\"inLanguage\":\"es\"}]}<\/script>\n<!-- \/ Yoast SEO Premium plugin. -->","yoast_head_json":{"title":"SENSIT\u00ae PMD2 - ECCO","description":"SENSIT\u00ae PMD2 is used to survey, pinpoint, and grade methane leaks. SENSIT\u00ae PMD2 is a small, lightweight precision instrument used to survey, pinpoint, and grade methane leaks. With TDLAS technology, the SENSIT\u00ae PMD2 is methane selective and perfect for walking or vehicle applications.","robots":{"index":"index","follow":"follow","max-snippet":"max-snippet:-1","max-image-preview":"max-image-preview:large","max-video-preview":"max-video-preview:-1"},"canonical":"https:\/\/equipmentcontrols.com\/es\/producto\/sensit-pmd2\/","og_locale":"es_MX","og_type":"article","og_title":"SENSIT\u00ae PMD2","og_description":"SENSIT\u00ae PMD2 is used to survey, pinpoint, and grade methane leaks. SENSIT\u00ae PMD2 is a small, lightweight precision instrument used to survey, pinpoint, and grade methane leaks. With TDLAS technology, the SENSIT\u00ae PMD2 is methane selective and perfect for walking or vehicle applications.","og_url":"https:\/\/equipmentcontrols.com\/es\/producto\/sensit-pmd2\/","og_site_name":"ECCO","article_modified_time":"2024-01-04T15:25:35+00:00","og_image":[{"width":860,"height":860,"url":"https:\/\/equipmentcontrols.com\/wp-content\/uploads\/2022\/05\/PMD2-photo.jpeg","type":"image\/jpeg"}],"twitter_card":"summary_large_image","twitter_misc":{"Tiempo de lectura":"1 minuto"},"schema":{"@context":"https:\/\/schema.org","@graph":[{"@type":"WebPage","@id":"https:\/\/equipmentcontrols.com\/product\/sensit-pmd2\/","url":"https:\/\/equipmentcontrols.com\/product\/sensit-pmd2\/","name":"SENSIT\u00ae PMD2 - ECCO","isPartOf":{"@id":"https:\/\/equipmentcontrols.com\/#website"},"primaryImageOfPage":{"@id":"https:\/\/equipmentcontrols.com\/product\/sensit-pmd2\/#primaryimage"},"image":{"@id":"https:\/\/equipmentcontrols.com\/product\/sensit-pmd2\/#primaryimage"},"thumbnailUrl":"https:\/\/equipmentcontrols.com\/wp-content\/uploads\/2022\/05\/PMD2-photo.jpeg","datePublished":"2022-05-10T15:10:44+00:00","dateModified":"2024-01-04T15:25:35+00:00","description":"SENSIT\u00ae PMD2 is used to survey, pinpoint, and grade methane leaks. SENSIT\u00ae PMD2 is a small, lightweight precision instrument used to survey, pinpoint, and grade methane leaks. With TDLAS technology, the SENSIT\u00ae PMD2 is methane selective and perfect for walking or vehicle applications.","breadcrumb":{"@id":"https:\/\/equipmentcontrols.com\/product\/sensit-pmd2\/#breadcrumb"},"inLanguage":"es","potentialAction":[{"@type":"ReadAction","target":["https:\/\/equipmentcontrols.com\/product\/sensit-pmd2\/"]}]},{"@type":"ImageObject","inLanguage":"es","@id":"https:\/\/equipmentcontrols.com\/product\/sensit-pmd2\/#primaryimage","url":"https:\/\/equipmentcontrols.com\/wp-content\/uploads\/2022\/05\/PMD2-photo.jpeg","contentUrl":"https:\/\/equipmentcontrols.com\/wp-content\/uploads\/2022\/05\/PMD2-photo.jpeg","width":860,"height":860,"caption":"PMD2 photo"},{"@type":"BreadcrumbList","@id":"https:\/\/equipmentcontrols.com\/product\/sensit-pmd2\/#breadcrumb","itemListElement":[{"@type":"ListItem","position":1,"name":"Home","item":"https:\/\/equipmentcontrols.com\/"},{"@type":"ListItem","position":2,"name":"Shop","item":"https:\/\/equipmentcontrols.com\/shop\/"},{"@type":"ListItem","position":3,"name":"SENSIT\u00ae PMD2"}]},{"@type":"WebSite","@id":"https:\/\/equipmentcontrols.com\/#website","url":"https:\/\/equipmentcontrols.com\/","name":"ECCO","description":"Empresa de Control de Equipos","potentialAction":[{"@type":"SearchAction","target":{"@type":"EntryPoint","urlTemplate":"https:\/\/equipmentcontrols.com\/?s={search_term_string}"},"query-input":{"@type":"PropertyValueSpecification","valueRequired":true,"valueName":"search_term_string"}}],"inLanguage":"es"}]}},"_links":{"self":[{"href":"https:\/\/equipmentcontrols.com\/es\/wp-json\/wp\/v2\/product\/2477","targetHints":{"allow":["GET"]}}],"collection":[{"href":"https:\/\/equipmentcontrols.com\/es\/wp-json\/wp\/v2\/product"}],"about":[{"href":"https:\/\/equipmentcontrols.com\/es\/wp-json\/wp\/v2\/types\/product"}],"wp:featuredmedia":[{"embeddable":true,"href":"https:\/\/equipmentcontrols.com\/es\/wp-json\/wp\/v2\/media\/2475"}],"wp:attachment":[{"href":"https:\/\/equipmentcontrols.com\/es\/wp-json\/wp\/v2\/media?parent=2477"}],"wp:term":[{"taxonomy":"product_brand","embeddable":true,"href":"https:\/\/equipmentcontrols.com\/es\/wp-json\/wp\/v2\/product_brand?post=2477"},{"taxonomy":"product_cat","embeddable":true,"href":"https:\/\/equipmentcontrols.com\/es\/wp-json\/wp\/v2\/product_cat?post=2477"},{"taxonomy":"product_tag","embeddable":true,"href":"https:\/\/equipmentcontrols.com\/es\/wp-json\/wp\/v2\/product_tag?post=2477"}],"curies":[{"name":"wp","href":"https:\/\/api.w.org\/{rel}","templated":true}]}}