{"id":2310,"date":"2021-11-04T16:01:24","date_gmt":"2021-11-04T16:01:24","guid":{"rendered":"https:\/\/eccowebsite.wpenginepowered.com\/?post_type=product&#038;p=2310"},"modified":"2023-08-22T13:12:34","modified_gmt":"2023-08-22T13:12:34","slug":"eagle-mpplus-ii-series-volume-corrector","status":"publish","type":"product","link":"https:\/\/equipmentcontrols.com\/es\/producto\/eagle-mpplus-ii-series-volume-corrector\/","title":{"rendered":"EAGLE RESEARCH CORPORATION\u00ae MPplus II Series\u2122 Corrector de Volumen"},"content":{"rendered":"<p>El corrector de volumen MPplus II MVC combina un procesador de potencia ultrabaja y un transductor digital de alta precisi\u00f3n que lo convierten en el corrector m\u00e1s preciso producido por EAGLE RESEARCH CORPORATION\u00ae.<\/p>\n<p>El MPplus II MVC es la soluci\u00f3n perfecta para las empresas de distribuci\u00f3n de gas natural que buscan un corrector compacto, robusto y f\u00e1cil de usar para adaptarse a sus necesidades de medici\u00f3n. El MVC comienza con el nuevo procesador de energ\u00eda ultrabaja de EAGLES contenido en una carcasa de policarbonato liviana y clasificada para exteriores con un pestillo de liberaci\u00f3n r\u00e1pida que se puede bloquear. El MVC tiene una gran pantalla LCD f\u00e1cil de leer con indicador de alarma intermitente e interruptor de desplazamiento magn\u00e9tico incluido. Tambi\u00e9n est\u00e1 disponible un teclado de desplazamiento opcional para navegar por los par\u00e1metros y el reconocimiento de alarmas. El dise\u00f1o del \u00edndice vertical compuesto (CVI) permite una f\u00e1cil selecci\u00f3n de rotaciones de medidor CW o CCW. El CVI tambi\u00e9n est\u00e1 disponible en versiones bidireccionales para condiciones de flujo directo e inverso.<\/p>\n<p><strong>APLICACIONES:<\/strong><\/p>\n<ul>\n<li>Medidores de desplazamiento positivo<\/li>\n<li>Integridad de la transferencia de custodia<\/li>\n<li>Medici\u00f3n comercial e industrial<\/li>\n<li>Compatibilidad AMR\/AMI<\/li>\n<li>Versiones de Acumulador de Volumen\/Pulso<\/li>\n<li>Medici\u00f3n ultras\u00f3nica<\/li>\n<li>Medici\u00f3n Comercial e Industrial<\/li>\n<\/ul>\n<p><strong>Descargar:<\/strong><br \/>\n<a href=\"https:\/\/equipmentcontrols.com\/wp-content\/uploads\/2021\/11\/Eagle-MpPlus-II-Bulletin.pdf\">Bolet\u00edn de correctores de volumen EAGLE MPplusII Series\u2122<\/a><\/p>","protected":false},"excerpt":{"rendered":"<p>Intelligent, compact, rugged, and reliable..the perfect solution for natural gas distribution companies who need a robust, user-friendly corrector for their measurement needs.<\/p>","protected":false},"featured_media":2308,"template":"","meta":[],"product_brand":[],"product_cat":[49,23],"product_tag":[151,150,152,89,86],"class_list":{"0":"post-2310","1":"product","2":"type-product","3":"status-publish","4":"has-post-thumbnail","6":"product_cat-eagle-research-corporation","7":"product_cat-instrumentation","8":"product_tag-eagle-mpplus","9":"product_tag-eagle-natural-gas","10":"product_tag-eagle-volume-corrector","11":"product_tag-natural-gas-measurement","12":"product_tag-volume-corrector","14":"first","15":"instock","16":"shipping-taxable","17":"product-type-simple"},"yoast_head":"<!-- This site is optimized with the Yoast SEO Premium plugin v23.9 (Yoast SEO v27.3) - https:\/\/yoast.com\/product\/yoast-seo-premium-wordpress\/ -->\n<title>EAGLE RESEARCH CORPORATION\u00ae MPplus II Series\u2122 Volume Corrector - ECCO<\/title>\n<meta name=\"description\" content=\"Eagle MPplus series MVC Volume Corrector is a solution for natural gas distribution companies who need a user-friendly corrector for measurement.\" \/>\n<meta name=\"robots\" content=\"index, follow, max-snippet:-1, max-image-preview:large, max-video-preview:-1\" \/>\n<link rel=\"canonical\" href=\"https:\/\/equipmentcontrols.com\/es\/producto\/eagle-mpplus-ii-series-volume-corrector\/\" \/>\n<meta property=\"og:locale\" content=\"es_MX\" \/>\n<meta property=\"og:type\" content=\"article\" \/>\n<meta property=\"og:title\" content=\"EAGLE RESEARCH CORPORATION\u00ae MPplus II Series\u2122 Volume Corrector\" \/>\n<meta property=\"og:description\" content=\"Eagle MPplus series MVC Volume Corrector is a solution for natural gas distribution companies who need a user-friendly corrector for measurement.\" \/>\n<meta property=\"og:url\" content=\"https:\/\/equipmentcontrols.com\/es\/producto\/eagle-mpplus-ii-series-volume-corrector\/\" \/>\n<meta property=\"og:site_name\" content=\"ECCO\" \/>\n<meta property=\"article:modified_time\" content=\"2023-08-22T13:12:34+00:00\" \/>\n<meta property=\"og:image\" content=\"https:\/\/equipmentcontrols.com\/wp-content\/uploads\/2021\/11\/MPplusIIVC.jpg\" \/>\n\t<meta property=\"og:image:width\" content=\"1200\" \/>\n\t<meta property=\"og:image:height\" content=\"1348\" \/>\n\t<meta property=\"og:image:type\" content=\"image\/jpeg\" \/>\n<meta name=\"twitter:card\" content=\"summary_large_image\" \/>\n<meta name=\"twitter:label1\" content=\"Tiempo de lectura\" \/>\n\t<meta name=\"twitter:data1\" content=\"1 minuto\" \/>\n<script type=\"application\/ld+json\" class=\"yoast-schema-graph\">{\"@context\":\"https:\\\/\\\/schema.org\",\"@graph\":[{\"@type\":\"WebPage\",\"@id\":\"https:\\\/\\\/equipmentcontrols.com\\\/product\\\/eagle-mpplus-ii-series-volume-corrector\\\/\",\"url\":\"https:\\\/\\\/equipmentcontrols.com\\\/product\\\/eagle-mpplus-ii-series-volume-corrector\\\/\",\"name\":\"EAGLE RESEARCH CORPORATION\u00ae MPplus II Series\u2122 Volume Corrector - ECCO\",\"isPartOf\":{\"@id\":\"https:\\\/\\\/equipmentcontrols.com\\\/#website\"},\"primaryImageOfPage\":{\"@id\":\"https:\\\/\\\/equipmentcontrols.com\\\/product\\\/eagle-mpplus-ii-series-volume-corrector\\\/#primaryimage\"},\"image\":{\"@id\":\"https:\\\/\\\/equipmentcontrols.com\\\/product\\\/eagle-mpplus-ii-series-volume-corrector\\\/#primaryimage\"},\"thumbnailUrl\":\"https:\\\/\\\/equipmentcontrols.com\\\/wp-content\\\/uploads\\\/2021\\\/11\\\/MPplusIIVC.jpg\",\"datePublished\":\"2021-11-04T16:01:24+00:00\",\"dateModified\":\"2023-08-22T13:12:34+00:00\",\"description\":\"Eagle MPplus series MVC Volume Corrector is a solution for natural gas distribution companies who need a user-friendly corrector for measurement.\",\"breadcrumb\":{\"@id\":\"https:\\\/\\\/equipmentcontrols.com\\\/product\\\/eagle-mpplus-ii-series-volume-corrector\\\/#breadcrumb\"},\"inLanguage\":\"es\",\"potentialAction\":[{\"@type\":\"ReadAction\",\"target\":[\"https:\\\/\\\/equipmentcontrols.com\\\/product\\\/eagle-mpplus-ii-series-volume-corrector\\\/\"]}]},{\"@type\":\"ImageObject\",\"inLanguage\":\"es\",\"@id\":\"https:\\\/\\\/equipmentcontrols.com\\\/product\\\/eagle-mpplus-ii-series-volume-corrector\\\/#primaryimage\",\"url\":\"https:\\\/\\\/equipmentcontrols.com\\\/wp-content\\\/uploads\\\/2021\\\/11\\\/MPplusIIVC.jpg\",\"contentUrl\":\"https:\\\/\\\/equipmentcontrols.com\\\/wp-content\\\/uploads\\\/2021\\\/11\\\/MPplusIIVC.jpg\",\"width\":1200,\"height\":1348,\"caption\":\"MPplusIIVC\"},{\"@type\":\"BreadcrumbList\",\"@id\":\"https:\\\/\\\/equipmentcontrols.com\\\/product\\\/eagle-mpplus-ii-series-volume-corrector\\\/#breadcrumb\",\"itemListElement\":[{\"@type\":\"ListItem\",\"position\":1,\"name\":\"Home\",\"item\":\"https:\\\/\\\/equipmentcontrols.com\\\/\"},{\"@type\":\"ListItem\",\"position\":2,\"name\":\"Shop\",\"item\":\"https:\\\/\\\/equipmentcontrols.com\\\/shop\\\/\"},{\"@type\":\"ListItem\",\"position\":3,\"name\":\"EAGLE RESEARCH CORPORATION\u00ae MPplus II Series\u2122 Volume Corrector\"}]},{\"@type\":\"WebSite\",\"@id\":\"https:\\\/\\\/equipmentcontrols.com\\\/#website\",\"url\":\"https:\\\/\\\/equipmentcontrols.com\\\/\",\"name\":\"ECCO\",\"description\":\"Equipment Controls Company\",\"potentialAction\":[{\"@type\":\"SearchAction\",\"target\":{\"@type\":\"EntryPoint\",\"urlTemplate\":\"https:\\\/\\\/equipmentcontrols.com\\\/?s={search_term_string}\"},\"query-input\":{\"@type\":\"PropertyValueSpecification\",\"valueRequired\":true,\"valueName\":\"search_term_string\"}}],\"inLanguage\":\"es\"}]}<\/script>\n<!-- \/ Yoast SEO Premium plugin. -->","yoast_head_json":{"title":"EAGLE RESEARCH CORPORATION\u00ae MPplus II Series\u2122 Volume Corrector - ECCO","description":"Eagle MPplus series MVC Volume Corrector is a solution for natural gas distribution companies who need a user-friendly corrector for measurement.","robots":{"index":"index","follow":"follow","max-snippet":"max-snippet:-1","max-image-preview":"max-image-preview:large","max-video-preview":"max-video-preview:-1"},"canonical":"https:\/\/equipmentcontrols.com\/es\/producto\/eagle-mpplus-ii-series-volume-corrector\/","og_locale":"es_MX","og_type":"article","og_title":"EAGLE RESEARCH CORPORATION\u00ae MPplus II Series\u2122 Volume Corrector","og_description":"Eagle MPplus series MVC Volume Corrector is a solution for natural gas distribution companies who need a user-friendly corrector for measurement.","og_url":"https:\/\/equipmentcontrols.com\/es\/producto\/eagle-mpplus-ii-series-volume-corrector\/","og_site_name":"ECCO","article_modified_time":"2023-08-22T13:12:34+00:00","og_image":[{"width":1200,"height":1348,"url":"https:\/\/equipmentcontrols.com\/wp-content\/uploads\/2021\/11\/MPplusIIVC.jpg","type":"image\/jpeg"}],"twitter_card":"summary_large_image","twitter_misc":{"Tiempo de lectura":"1 minuto"},"schema":{"@context":"https:\/\/schema.org","@graph":[{"@type":"WebPage","@id":"https:\/\/equipmentcontrols.com\/product\/eagle-mpplus-ii-series-volume-corrector\/","url":"https:\/\/equipmentcontrols.com\/product\/eagle-mpplus-ii-series-volume-corrector\/","name":"EAGLE RESEARCH CORPORATION\u00ae MPplus II Series\u2122 Volume Corrector - ECCO","isPartOf":{"@id":"https:\/\/equipmentcontrols.com\/#website"},"primaryImageOfPage":{"@id":"https:\/\/equipmentcontrols.com\/product\/eagle-mpplus-ii-series-volume-corrector\/#primaryimage"},"image":{"@id":"https:\/\/equipmentcontrols.com\/product\/eagle-mpplus-ii-series-volume-corrector\/#primaryimage"},"thumbnailUrl":"https:\/\/equipmentcontrols.com\/wp-content\/uploads\/2021\/11\/MPplusIIVC.jpg","datePublished":"2021-11-04T16:01:24+00:00","dateModified":"2023-08-22T13:12:34+00:00","description":"Eagle MPplus series MVC Volume Corrector is a solution for natural gas distribution companies who need a user-friendly corrector for measurement.","breadcrumb":{"@id":"https:\/\/equipmentcontrols.com\/product\/eagle-mpplus-ii-series-volume-corrector\/#breadcrumb"},"inLanguage":"es","potentialAction":[{"@type":"ReadAction","target":["https:\/\/equipmentcontrols.com\/product\/eagle-mpplus-ii-series-volume-corrector\/"]}]},{"@type":"ImageObject","inLanguage":"es","@id":"https:\/\/equipmentcontrols.com\/product\/eagle-mpplus-ii-series-volume-corrector\/#primaryimage","url":"https:\/\/equipmentcontrols.com\/wp-content\/uploads\/2021\/11\/MPplusIIVC.jpg","contentUrl":"https:\/\/equipmentcontrols.com\/wp-content\/uploads\/2021\/11\/MPplusIIVC.jpg","width":1200,"height":1348,"caption":"MPplusIIVC"},{"@type":"BreadcrumbList","@id":"https:\/\/equipmentcontrols.com\/product\/eagle-mpplus-ii-series-volume-corrector\/#breadcrumb","itemListElement":[{"@type":"ListItem","position":1,"name":"Home","item":"https:\/\/equipmentcontrols.com\/"},{"@type":"ListItem","position":2,"name":"Shop","item":"https:\/\/equipmentcontrols.com\/shop\/"},{"@type":"ListItem","position":3,"name":"EAGLE RESEARCH CORPORATION\u00ae MPplus II Series\u2122 Volume Corrector"}]},{"@type":"WebSite","@id":"https:\/\/equipmentcontrols.com\/#website","url":"https:\/\/equipmentcontrols.com\/","name":"ECCO","description":"Empresa de Control de Equipos","potentialAction":[{"@type":"SearchAction","target":{"@type":"EntryPoint","urlTemplate":"https:\/\/equipmentcontrols.com\/?s={search_term_string}"},"query-input":{"@type":"PropertyValueSpecification","valueRequired":true,"valueName":"search_term_string"}}],"inLanguage":"es"}]}},"_links":{"self":[{"href":"https:\/\/equipmentcontrols.com\/es\/wp-json\/wp\/v2\/product\/2310","targetHints":{"allow":["GET"]}}],"collection":[{"href":"https:\/\/equipmentcontrols.com\/es\/wp-json\/wp\/v2\/product"}],"about":[{"href":"https:\/\/equipmentcontrols.com\/es\/wp-json\/wp\/v2\/types\/product"}],"wp:featuredmedia":[{"embeddable":true,"href":"https:\/\/equipmentcontrols.com\/es\/wp-json\/wp\/v2\/media\/2308"}],"wp:attachment":[{"href":"https:\/\/equipmentcontrols.com\/es\/wp-json\/wp\/v2\/media?parent=2310"}],"wp:term":[{"taxonomy":"product_brand","embeddable":true,"href":"https:\/\/equipmentcontrols.com\/es\/wp-json\/wp\/v2\/product_brand?post=2310"},{"taxonomy":"product_cat","embeddable":true,"href":"https:\/\/equipmentcontrols.com\/es\/wp-json\/wp\/v2\/product_cat?post=2310"},{"taxonomy":"product_tag","embeddable":true,"href":"https:\/\/equipmentcontrols.com\/es\/wp-json\/wp\/v2\/product_tag?post=2310"}],"curies":[{"name":"wp","href":"https:\/\/api.w.org\/{rel}","templated":true}]}}