{"id":1568,"date":"2020-05-28T16:47:41","date_gmt":"2020-05-28T16:47:41","guid":{"rendered":"https:\/\/eccowebsite.wpenginepowered.com\/?post_type=product&#038;p=1568"},"modified":"2024-01-31T16:53:06","modified_gmt":"2024-01-31T16:53:06","slug":"pf-dival-600","status":"publish","type":"product","link":"https:\/\/equipmentcontrols.com\/es\/producto\/pf-dival-600\/","title":{"rendered":"PF Dival 600"},"content":{"rendered":"<p><strong>PF Dival 600 <\/strong><strong>Reguladores de presi\u00f3n de gas de acci\u00f3n directa<\/strong><\/p>\n<div class=\"col-lg-8 col-md-8 col-sm-8 col-xs-12\">\n<p>Los reguladores de presi\u00f3n de la serie Dival 600 son dispositivos de acci\u00f3n directa para aplicaciones de baja y media presi\u00f3n controlados por un diafragma y un contra resorte.<\/p>\n<p>Estos reguladores son adecuados para su uso con gases no corrosivos previamente filtrados.<\/p>\n<p>El dise\u00f1o modular de la serie Dival 600 permite a\u00f1adir un dispositivo de cierre de golpe o de monitor en l\u00ednea en el mismo cuerpo sin cambiar las dimensiones de la cara.<\/p>\n<p>El dise\u00f1o de entrada superior permite un f\u00e1cil mantenimiento peri\u00f3dico sin necesidad de retirar el cuerpo de la l\u00ednea.<\/p>\n<p>Las caracter\u00edsticas de los reguladores de la serie Dival 600 lo convierten en un producto adecuado para cualquier aplicaci\u00f3n. Su r\u00e1pido tiempo de respuesta lo hace ideal para aplicaciones de quemadores o industriales o siempre que los cambios bruscos de caudal formen parte del proceso. La alta precisi\u00f3n frente a cualquier variaci\u00f3n de la presi\u00f3n de entrada hace que la serie Dival 600 sea un producto \u00f3ptimo para los sistemas de distrito de gas y las aplicaciones que generalmente no son adecuadas para los reguladores de acci\u00f3n directa.<\/p>\n<p>La extrema facilidad de mantenimiento y el reducido n\u00famero de piezas permiten reducir los gastos de funcionamiento y la mano de obra.<\/p>\n<p><strong>Accesorios a petici\u00f3n:<\/strong><br \/>\n- Silenciador<br \/>\n- V\u00e1lvula de descarga de fichas<\/p>\n<p><strong>Caracter\u00edsticas:<\/strong><br \/>\n\u2022 Design pressure 290 PSIG for all the components<br \/>\n\u2022 Accuracy (AC): 5% of the pressure set-point for pressure increase; 15% for pressure decreasing<br \/>\n\u2022 Internal bypass<br \/>\n\u2022 Intervention for over pressure and\/or under pressure<br \/>\n\u2022 Control de bot\u00f3n manual<br \/>\n\u2022 Options for pneumatic or electromagnetic remote control<br \/>\n\u2022 Compact overall dimensions<br \/>\n\u2022 Easy maintenance<br \/>\n\u2022 Possibility of application of devices for remote signal (contact or inductive microswitches)<\/p>\n<\/div>\n<p><strong>Caracter\u00edsticas<\/strong><br \/>\nDatos t\u00e9cnicos<br \/>\n- Presi\u00f3n de dise\u00f1o PS: cuerpo de hierro d\u00factil 246 PSIG para cuerpo de acero 275 PSIG<br \/>\n- Temperatura de dise\u00f1o: -4\u00b0 F a + 140\u00b0 F<br \/>\n- Temperatura ambiente: -4\u00b0 F a + 140\u00b0 F<br \/>\n- Presi\u00f3n m\u00e1xima de entrada Pu: 290 PSIG versiones con rosca de acero<br \/>\n- Rango de presi\u00f3n de salida de Wd:<br \/>\n-Tama\u00f1o 1\": 5\" W.C. a 4.9 PSIG para cabezal de control BP\/MP 4 PSIG a 63.8 PSIG para cabezal de control TR<br \/>\n-Tama\u00f1o 1 1\/2\" - 2\": 5\" C.A. a 34\" C.A. para el cabezal de control BP 32 C.A. a 4,9 PSIG para el cabezal de control MP, 4,3 PSIG a 60,9 PSIG para el cabezal de control TR<br \/>\n- Clase de precisi\u00f3n AC: hasta 5<br \/>\n- Clase de presi\u00f3n de bloqueo SG: hasta 10<br \/>\n- Tama\u00f1o disponible: 1\" - 1 1\/2\" - 2\"<br \/>\n- Brida: clase PN 16\/25 seg\u00fan ISO 7005-1, ISO 7005-2; clase ANSI 150RF seg\u00fan ANSI B16.5, ASME B16.42 y clase ANSI 125 FF seg\u00fan ASME B16.1<br \/>\n- Conexiones roscadas: Tama\u00f1o 2\" NPT ASME B1.20.1 (s\u00f3lo disponible en cuerpo de acero)<\/p>\n<p><strong>Descargas:<\/strong><br \/>\n<a title=\"Manual t\u00e9cnico de Dival 160 Ap (ENG-ITA)\" href=\"https:\/\/equipmentcontrols.com\/wp-content\/uploads\/2022\/01\/PF-Dival-600-Brochure-ECCO-01.25.22.pdf\" target=\"_blank\" rel=\"noopener noreferrer\">PF Dival 600 Brochure<\/a><br \/>\n<a href=\"https:\/\/equipmentcontrols.com\/wp-content\/uploads\/2023\/04\/PF-Dival-600-Flyer-04.17.23.pdf\">PF Dival 600 Flyer<\/a><\/p>","protected":false},"excerpt":{"rendered":"<p>PF Dival 600 Direct-Acting Gas Pressure Regulators Dival 600 series pressure regulators are direct acting devices for low and medium pressure applications controlled by a diaphragm and counter spring. These regulators are suitable for use with previously filtered, non corrosive gases. The modular design of the Dival 600 series allows for the addition of a [&hellip;]<\/p>\n","protected":false},"featured_media":1571,"template":"","meta":[],"product_brand":[],"product_cat":[20,139,46],"product_tag":[90,199,198,120],"class_list":{"0":"post-1568","1":"product","2":"type-product","3":"status-publish","4":"has-post-thumbnail","6":"product_cat-gas-regulators","7":"product_cat-hydrogen-ready-pressure-products","8":"product_cat-pietro-fiorentini","9":"product_tag-direct-acting-gas-pressure-regulator","10":"product_tag-divall-600","11":"product_tag-pf-dival","12":"product_tag-pietro-fiorentini","14":"first","15":"instock","16":"shipping-taxable","17":"product-type-simple"},"yoast_head":"<!-- This site is optimized with the Yoast SEO Premium plugin v23.9 (Yoast SEO v27.3) - https:\/\/yoast.com\/product\/yoast-seo-premium-wordpress\/ -->\n<title>PF Dival 600 - ECCO<\/title>\n<meta name=\"description\" content=\"The PF DIVAL 500 series of spring loaded, diaphragm controlled balanced plug gas regulators are suitable for low, medium and high pressure.\" \/>\n<meta name=\"robots\" content=\"index, follow, max-snippet:-1, max-image-preview:large, max-video-preview:-1\" \/>\n<link rel=\"canonical\" href=\"https:\/\/equipmentcontrols.com\/es\/producto\/pf-dival-600\/\" \/>\n<meta property=\"og:locale\" content=\"es_MX\" \/>\n<meta property=\"og:type\" content=\"article\" \/>\n<meta property=\"og:title\" content=\"PF Dival 600\" \/>\n<meta property=\"og:description\" content=\"The PF DIVAL 500 series of spring loaded, diaphragm controlled balanced plug gas regulators are suitable for low, medium and high pressure.\" \/>\n<meta property=\"og:url\" content=\"https:\/\/equipmentcontrols.com\/es\/producto\/pf-dival-600\/\" \/>\n<meta property=\"og:site_name\" content=\"ECCO\" \/>\n<meta property=\"article:modified_time\" content=\"2024-01-31T16:53:06+00:00\" \/>\n<meta property=\"og:image\" content=\"https:\/\/equipmentcontrols.com\/wp-content\/uploads\/2020\/04\/Dival600.jpeg\" \/>\n\t<meta property=\"og:image:width\" content=\"860\" \/>\n\t<meta property=\"og:image:height\" content=\"860\" \/>\n\t<meta property=\"og:image:type\" content=\"image\/jpeg\" \/>\n<meta name=\"twitter:card\" content=\"summary_large_image\" \/>\n<meta name=\"twitter:label1\" content=\"Tiempo de lectura\" \/>\n\t<meta name=\"twitter:data1\" content=\"3 minutos\" \/>\n<script type=\"application\/ld+json\" class=\"yoast-schema-graph\">{\"@context\":\"https:\\\/\\\/schema.org\",\"@graph\":[{\"@type\":\"WebPage\",\"@id\":\"https:\\\/\\\/equipmentcontrols.com\\\/product\\\/pf-dival-600\\\/\",\"url\":\"https:\\\/\\\/equipmentcontrols.com\\\/product\\\/pf-dival-600\\\/\",\"name\":\"PF Dival 600 - ECCO\",\"isPartOf\":{\"@id\":\"https:\\\/\\\/equipmentcontrols.com\\\/#website\"},\"primaryImageOfPage\":{\"@id\":\"https:\\\/\\\/equipmentcontrols.com\\\/product\\\/pf-dival-600\\\/#primaryimage\"},\"image\":{\"@id\":\"https:\\\/\\\/equipmentcontrols.com\\\/product\\\/pf-dival-600\\\/#primaryimage\"},\"thumbnailUrl\":\"https:\\\/\\\/equipmentcontrols.com\\\/wp-content\\\/uploads\\\/2020\\\/04\\\/Dival600.jpeg\",\"datePublished\":\"2020-05-28T16:47:41+00:00\",\"dateModified\":\"2024-01-31T16:53:06+00:00\",\"description\":\"The PF DIVAL 500 series of spring loaded, diaphragm controlled balanced plug gas regulators are suitable for low, medium and high pressure.\",\"breadcrumb\":{\"@id\":\"https:\\\/\\\/equipmentcontrols.com\\\/product\\\/pf-dival-600\\\/#breadcrumb\"},\"inLanguage\":\"es\",\"potentialAction\":[{\"@type\":\"ReadAction\",\"target\":[\"https:\\\/\\\/equipmentcontrols.com\\\/product\\\/pf-dival-600\\\/\"]}]},{\"@type\":\"ImageObject\",\"inLanguage\":\"es\",\"@id\":\"https:\\\/\\\/equipmentcontrols.com\\\/product\\\/pf-dival-600\\\/#primaryimage\",\"url\":\"https:\\\/\\\/equipmentcontrols.com\\\/wp-content\\\/uploads\\\/2020\\\/04\\\/Dival600.jpeg\",\"contentUrl\":\"https:\\\/\\\/equipmentcontrols.com\\\/wp-content\\\/uploads\\\/2020\\\/04\\\/Dival600.jpeg\",\"width\":860,\"height\":860,\"caption\":\"Dival 600\"},{\"@type\":\"BreadcrumbList\",\"@id\":\"https:\\\/\\\/equipmentcontrols.com\\\/product\\\/pf-dival-600\\\/#breadcrumb\",\"itemListElement\":[{\"@type\":\"ListItem\",\"position\":1,\"name\":\"Home\",\"item\":\"https:\\\/\\\/equipmentcontrols.com\\\/\"},{\"@type\":\"ListItem\",\"position\":2,\"name\":\"Shop\",\"item\":\"https:\\\/\\\/equipmentcontrols.com\\\/shop\\\/\"},{\"@type\":\"ListItem\",\"position\":3,\"name\":\"PF Dival 600\"}]},{\"@type\":\"WebSite\",\"@id\":\"https:\\\/\\\/equipmentcontrols.com\\\/#website\",\"url\":\"https:\\\/\\\/equipmentcontrols.com\\\/\",\"name\":\"ECCO\",\"description\":\"Equipment Controls Company\",\"potentialAction\":[{\"@type\":\"SearchAction\",\"target\":{\"@type\":\"EntryPoint\",\"urlTemplate\":\"https:\\\/\\\/equipmentcontrols.com\\\/?s={search_term_string}\"},\"query-input\":{\"@type\":\"PropertyValueSpecification\",\"valueRequired\":true,\"valueName\":\"search_term_string\"}}],\"inLanguage\":\"es\"}]}<\/script>\n<!-- \/ Yoast SEO Premium plugin. -->","yoast_head_json":{"title":"PF Dival 600 - ECCO","description":"The PF DIVAL 500 series of spring loaded, diaphragm controlled balanced plug gas regulators are suitable for low, medium and high pressure.","robots":{"index":"index","follow":"follow","max-snippet":"max-snippet:-1","max-image-preview":"max-image-preview:large","max-video-preview":"max-video-preview:-1"},"canonical":"https:\/\/equipmentcontrols.com\/es\/producto\/pf-dival-600\/","og_locale":"es_MX","og_type":"article","og_title":"PF Dival 600","og_description":"The PF DIVAL 500 series of spring loaded, diaphragm controlled balanced plug gas regulators are suitable for low, medium and high pressure.","og_url":"https:\/\/equipmentcontrols.com\/es\/producto\/pf-dival-600\/","og_site_name":"ECCO","article_modified_time":"2024-01-31T16:53:06+00:00","og_image":[{"width":860,"height":860,"url":"https:\/\/equipmentcontrols.com\/wp-content\/uploads\/2020\/04\/Dival600.jpeg","type":"image\/jpeg"}],"twitter_card":"summary_large_image","twitter_misc":{"Tiempo de lectura":"3 minutos"},"schema":{"@context":"https:\/\/schema.org","@graph":[{"@type":"WebPage","@id":"https:\/\/equipmentcontrols.com\/product\/pf-dival-600\/","url":"https:\/\/equipmentcontrols.com\/product\/pf-dival-600\/","name":"PF Dival 600 - ECCO","isPartOf":{"@id":"https:\/\/equipmentcontrols.com\/#website"},"primaryImageOfPage":{"@id":"https:\/\/equipmentcontrols.com\/product\/pf-dival-600\/#primaryimage"},"image":{"@id":"https:\/\/equipmentcontrols.com\/product\/pf-dival-600\/#primaryimage"},"thumbnailUrl":"https:\/\/equipmentcontrols.com\/wp-content\/uploads\/2020\/04\/Dival600.jpeg","datePublished":"2020-05-28T16:47:41+00:00","dateModified":"2024-01-31T16:53:06+00:00","description":"The PF DIVAL 500 series of spring loaded, diaphragm controlled balanced plug gas regulators are suitable for low, medium and high pressure.","breadcrumb":{"@id":"https:\/\/equipmentcontrols.com\/product\/pf-dival-600\/#breadcrumb"},"inLanguage":"es","potentialAction":[{"@type":"ReadAction","target":["https:\/\/equipmentcontrols.com\/product\/pf-dival-600\/"]}]},{"@type":"ImageObject","inLanguage":"es","@id":"https:\/\/equipmentcontrols.com\/product\/pf-dival-600\/#primaryimage","url":"https:\/\/equipmentcontrols.com\/wp-content\/uploads\/2020\/04\/Dival600.jpeg","contentUrl":"https:\/\/equipmentcontrols.com\/wp-content\/uploads\/2020\/04\/Dival600.jpeg","width":860,"height":860,"caption":"Dival 600"},{"@type":"BreadcrumbList","@id":"https:\/\/equipmentcontrols.com\/product\/pf-dival-600\/#breadcrumb","itemListElement":[{"@type":"ListItem","position":1,"name":"Home","item":"https:\/\/equipmentcontrols.com\/"},{"@type":"ListItem","position":2,"name":"Shop","item":"https:\/\/equipmentcontrols.com\/shop\/"},{"@type":"ListItem","position":3,"name":"PF Dival 600"}]},{"@type":"WebSite","@id":"https:\/\/equipmentcontrols.com\/#website","url":"https:\/\/equipmentcontrols.com\/","name":"ECCO","description":"Empresa de Control de Equipos","potentialAction":[{"@type":"SearchAction","target":{"@type":"EntryPoint","urlTemplate":"https:\/\/equipmentcontrols.com\/?s={search_term_string}"},"query-input":{"@type":"PropertyValueSpecification","valueRequired":true,"valueName":"search_term_string"}}],"inLanguage":"es"}]}},"_links":{"self":[{"href":"https:\/\/equipmentcontrols.com\/es\/wp-json\/wp\/v2\/product\/1568","targetHints":{"allow":["GET"]}}],"collection":[{"href":"https:\/\/equipmentcontrols.com\/es\/wp-json\/wp\/v2\/product"}],"about":[{"href":"https:\/\/equipmentcontrols.com\/es\/wp-json\/wp\/v2\/types\/product"}],"wp:featuredmedia":[{"embeddable":true,"href":"https:\/\/equipmentcontrols.com\/es\/wp-json\/wp\/v2\/media\/1571"}],"wp:attachment":[{"href":"https:\/\/equipmentcontrols.com\/es\/wp-json\/wp\/v2\/media?parent=1568"}],"wp:term":[{"taxonomy":"product_brand","embeddable":true,"href":"https:\/\/equipmentcontrols.com\/es\/wp-json\/wp\/v2\/product_brand?post=1568"},{"taxonomy":"product_cat","embeddable":true,"href":"https:\/\/equipmentcontrols.com\/es\/wp-json\/wp\/v2\/product_cat?post=1568"},{"taxonomy":"product_tag","embeddable":true,"href":"https:\/\/equipmentcontrols.com\/es\/wp-json\/wp\/v2\/product_tag?post=1568"}],"curies":[{"name":"wp","href":"https:\/\/api.w.org\/{rel}","templated":true}]}}