{"id":1418,"date":"2020-05-13T23:34:53","date_gmt":"2020-05-13T23:34:53","guid":{"rendered":"https:\/\/econtrols.stagemysite.com\/?post_type=product&#038;p=1418"},"modified":"2023-07-17T00:06:09","modified_gmt":"2023-07-17T00:06:09","slug":"pf-sbc-782-safety-device","status":"publish","type":"product","link":"https:\/\/equipmentcontrols.com\/es\/producto\/pf-sbc-782-safety-device\/","title":{"rendered":"Dispositivo de seguridad PF SBC 782"},"content":{"rendered":"<p><strong>Dispositivo de seguridad PF SBC 782<br \/>\n<\/strong><\/p>\n<p>The SBC 782 is a safety device, also called slam shut valve, suitable to value. This device is mainly used in high-pressure transmission systems and in medium pressure gas distribution networks.<\/p>\n<p>Es un dispositivo de seguridad (SAV) que intercepta r\u00e1pidamente el flujo de gas cuando la presi\u00f3n que est\u00e1 monitoreando llega a un l\u00edmite preestablecido debido a alguna anomal\u00eda en el sistema, o cuando es requerido por el operador en el punto de instalaci\u00f3n o desde un punto remoto.<\/p>\n<p><strong>Where it is used:<\/strong><\/p>\n<p>\u2022 Gas compression \/ booster stations<br \/>\n\u2022 Gas liquefaction<br \/>\n\u2022 Gas storage<br \/>\n\u2022 City gates<br \/>\n\u2022 LNG marine transportation<br \/>\n\u2022 Power generation<br \/>\n\u2022 Heavy industry<br \/>\n\u2022 District stations<br \/>\n\u2022 Medium\/small industry<br \/>\n\u2022 Commercial users<\/p>\n<p><strong>Caracter\u00edsticas:<\/strong><\/p>\n<p>\u2022 Design pressure*: up to 10.2 MPa, up to 1,479 psig<br \/>\n\u2022 Ambient temperature*: from -20 \u00b0C to +60 \u00b0C, from -4 \u00b0F to +140 \u00b0F<br \/>\n\u2022 Available Accessorie: Limit switch, remote tripping<br \/>\n\u2022 Accuracy class AG: up to 2.5 for OPSO (depending on working conditions), up to 2.5 for UPSO (depending on working conditions)<br \/>\n\u2022 Over pressure setting range (OPSO): from 2 kPa to 9 MPa, from 8\u201dw.c. to 1,305 psig<br \/>\n\u2022 Under pressure setting range (UPSO): from 1 kPa to 9 MPa, from 4\u201dw.c. to 1,305 psig<br \/>\n\u2022 Nominal dimensions DN: DN 25 | 1\u201d; DN 50 | 2\u201d; DN 80 | 3\u201d; DN 100 | 4\u201d; DN 150 | 6\u201d; DN 200 | 8\u201d; DN 250 | 10\u201d<br \/>\n\u2022 Connections*: Class 150\/300\/600 RF \/ RTJ according to ASME B 16.5 or PN 16\/25\/40 according to EN 1092-1<br \/>\n\u2022 End to end dimensions: according to EN 334, EN 14382<\/p>\n<p>(*) Note: Different functional features and\/or extended temperature ranges available on request. Stated temperature ranges are the maximum for<\/p>\n<p><strong>Datos t\u00e9cnicos:<\/strong><br \/>\n\u2022 Clase de Precisi\u00f3n: \u00b1 0.5% sobre el valor del ajuste de presi\u00f3n<br \/>\n\u2022 Temperatura Ambiente: \u2013 20 \u00b0C\u00f7 + 60 \u00b0C<br \/>\n&bull; Tama&ntilde;o disponible DN: Clase 150 DN 1&Prime; &ndash; 2&Prime; &ndash; *2&Prime;1\/2 &ndash; 3&Prime; &ndash; 4&Prime; &ndash; 6&Prime; &ndash; 8&Prime; &ndash; 10&Prime; &lt;br&gt; Clase 300 y 600 DN 1&Prime; &ndash; 2&Prime; &ndash; 3&Prime; &ndash; 4&Prime; &ndash; 6&Prime; &ndash; 8&Prime; &ndash; 10&Prime;<br \/>\n\u2022 Temperatura de dise\u00f1o: -10 \u00b0C\u00f7 + 60 \u00b0C<br \/>\n\u2022 Embridado: 150 \u2013 300 \u2013 600 RF o RTJ seg\u00fan ANSI B 16.5 y PN 16 seg\u00fan ISO 700<\/p>\n<p><strong>Descargas:<\/strong><br \/>\n<a title=\"Manual t\u00e9cnico de Dival 160 Ap (ENG-ITA)\" href=\"https:\/\/equipmentcontrols.com\/wp-content\/uploads\/2020\/05\/2433_MT_110-I_STAFLUX_187_EN.pdf\" target=\"_blank\" rel=\"noopener noreferrer\">Manual de instalaci\u00f3n de PF SBC 782<\/a><br \/>\n<a href=\"https:\/\/equipmentcontrols.com\/wp-content\/uploads\/2023\/04\/SBC-782-Flyer-04.17.23.pdf\">PF SBC 782 Product Flyer<\/a><br \/>\n<a href=\"https:\/\/equipmentcontrols.com\/wp-content\/uploads\/2020\/05\/2588_HBC-975-CT_ENG_Jan20.pdf\">Bolet\u00edn PF SBC 782<\/a><br \/>\n<a title=\"Manual t\u00e9cnico de Dival 160 Ap (ENG-ITA)\" href=\"https:\/\/equipmentcontrols.com\/wp-content\/uploads\/2020\/05\/358_sbc_p_432__poster.pdf\" target=\"_blank\" rel=\"noopener noreferrer\">PF SBC 782 P\u00f3ster<\/a><\/p>\n<p>&nbsp;<\/p>","protected":false},"excerpt":{"rendered":"<p>PF SBC 782 Safety Device The SBC 782 is a safety device, also called slam shut valve, suitable to value. This device is mainly used in high-pressure transmission systems and in medium pressure gas distribution networks. This is a safety device (SAV) which quickly intercepts gas flow when the pressure it is monitoring reaches a [&hellip;]<\/p>\n","protected":false},"featured_media":1413,"template":"","meta":[],"product_brand":[],"product_cat":[139,46,59],"product_tag":[],"class_list":{"0":"post-1418","1":"product","2":"type-product","3":"status-publish","4":"has-post-thumbnail","6":"product_cat-hydrogen-ready-pressure-products","7":"product_cat-pietro-fiorentini","8":"product_cat-safety-devices","10":"first","11":"instock","12":"shipping-taxable","13":"product-type-simple"},"yoast_head":"<!-- This site is optimized with the Yoast SEO Premium plugin v23.9 (Yoast SEO v27.3) - https:\/\/yoast.com\/product\/yoast-seo-premium-wordpress\/ -->\n<title>PF SBC 782 Safety Device - ECCO<\/title>\n<meta name=\"description\" content=\"The PF SBC 782 Safety Device is a safety device (SAV) which quickly intercepts gas flow when the pressure it is monitoring reaches a pre-set limit due to any anomaly in the system, or when required by the operator at installation point or from remote point.\" \/>\n<meta name=\"robots\" content=\"index, follow, max-snippet:-1, max-image-preview:large, max-video-preview:-1\" \/>\n<link rel=\"canonical\" href=\"https:\/\/equipmentcontrols.com\/es\/producto\/pf-sbc-782-safety-device\/\" \/>\n<meta property=\"og:locale\" content=\"es_MX\" \/>\n<meta property=\"og:type\" content=\"article\" \/>\n<meta property=\"og:title\" content=\"PF SBC 782 Safety Device\" \/>\n<meta property=\"og:description\" content=\"The PF SBC 782 Safety Device is a safety device (SAV) which quickly intercepts gas flow when the pressure it is monitoring reaches a pre-set limit due to any anomaly in the system, or when required by the operator at installation point or from remote point.\" \/>\n<meta property=\"og:url\" content=\"https:\/\/equipmentcontrols.com\/es\/producto\/pf-sbc-782-safety-device\/\" \/>\n<meta property=\"og:site_name\" content=\"ECCO\" \/>\n<meta property=\"article:modified_time\" content=\"2023-07-17T00:06:09+00:00\" \/>\n<meta property=\"og:image\" content=\"https:\/\/equipmentcontrols.com\/wp-content\/uploads\/2020\/05\/PF-SBC-782.jpg\" \/>\n\t<meta property=\"og:image:width\" content=\"860\" \/>\n\t<meta property=\"og:image:height\" content=\"860\" \/>\n\t<meta property=\"og:image:type\" content=\"image\/jpeg\" \/>\n<meta name=\"twitter:card\" content=\"summary_large_image\" \/>\n<meta name=\"twitter:label1\" content=\"Tiempo de lectura\" \/>\n\t<meta name=\"twitter:data1\" content=\"2 minutos\" \/>\n<script type=\"application\/ld+json\" class=\"yoast-schema-graph\">{\"@context\":\"https:\\\/\\\/schema.org\",\"@graph\":[{\"@type\":\"WebPage\",\"@id\":\"https:\\\/\\\/equipmentcontrols.com\\\/product\\\/pf-sbc-782-safety-device\\\/\",\"url\":\"https:\\\/\\\/equipmentcontrols.com\\\/product\\\/pf-sbc-782-safety-device\\\/\",\"name\":\"PF SBC 782 Safety Device - ECCO\",\"isPartOf\":{\"@id\":\"https:\\\/\\\/equipmentcontrols.com\\\/#website\"},\"primaryImageOfPage\":{\"@id\":\"https:\\\/\\\/equipmentcontrols.com\\\/product\\\/pf-sbc-782-safety-device\\\/#primaryimage\"},\"image\":{\"@id\":\"https:\\\/\\\/equipmentcontrols.com\\\/product\\\/pf-sbc-782-safety-device\\\/#primaryimage\"},\"thumbnailUrl\":\"https:\\\/\\\/equipmentcontrols.com\\\/wp-content\\\/uploads\\\/2020\\\/05\\\/PF-SBC-782.jpg\",\"datePublished\":\"2020-05-13T23:34:53+00:00\",\"dateModified\":\"2023-07-17T00:06:09+00:00\",\"description\":\"The PF SBC 782 Safety Device is a safety device (SAV) which quickly intercepts gas flow when the pressure it is monitoring reaches a pre-set limit due to any anomaly in the system, or when required by the operator at installation point or from remote point.\",\"breadcrumb\":{\"@id\":\"https:\\\/\\\/equipmentcontrols.com\\\/product\\\/pf-sbc-782-safety-device\\\/#breadcrumb\"},\"inLanguage\":\"es\",\"potentialAction\":[{\"@type\":\"ReadAction\",\"target\":[\"https:\\\/\\\/equipmentcontrols.com\\\/product\\\/pf-sbc-782-safety-device\\\/\"]}]},{\"@type\":\"ImageObject\",\"inLanguage\":\"es\",\"@id\":\"https:\\\/\\\/equipmentcontrols.com\\\/product\\\/pf-sbc-782-safety-device\\\/#primaryimage\",\"url\":\"https:\\\/\\\/equipmentcontrols.com\\\/wp-content\\\/uploads\\\/2020\\\/05\\\/PF-SBC-782.jpg\",\"contentUrl\":\"https:\\\/\\\/equipmentcontrols.com\\\/wp-content\\\/uploads\\\/2020\\\/05\\\/PF-SBC-782.jpg\",\"width\":860,\"height\":860,\"caption\":\"PF-SBC 782\"},{\"@type\":\"BreadcrumbList\",\"@id\":\"https:\\\/\\\/equipmentcontrols.com\\\/product\\\/pf-sbc-782-safety-device\\\/#breadcrumb\",\"itemListElement\":[{\"@type\":\"ListItem\",\"position\":1,\"name\":\"Home\",\"item\":\"https:\\\/\\\/equipmentcontrols.com\\\/\"},{\"@type\":\"ListItem\",\"position\":2,\"name\":\"Shop\",\"item\":\"https:\\\/\\\/equipmentcontrols.com\\\/shop\\\/\"},{\"@type\":\"ListItem\",\"position\":3,\"name\":\"PF SBC 782 Safety Device\"}]},{\"@type\":\"WebSite\",\"@id\":\"https:\\\/\\\/equipmentcontrols.com\\\/#website\",\"url\":\"https:\\\/\\\/equipmentcontrols.com\\\/\",\"name\":\"ECCO\",\"description\":\"Equipment Controls Company\",\"potentialAction\":[{\"@type\":\"SearchAction\",\"target\":{\"@type\":\"EntryPoint\",\"urlTemplate\":\"https:\\\/\\\/equipmentcontrols.com\\\/?s={search_term_string}\"},\"query-input\":{\"@type\":\"PropertyValueSpecification\",\"valueRequired\":true,\"valueName\":\"search_term_string\"}}],\"inLanguage\":\"es\"}]}<\/script>\n<!-- \/ Yoast SEO Premium plugin. -->","yoast_head_json":{"title":"PF SBC 782 Safety Device - ECCO","description":"The PF SBC 782 Safety Device is a safety device (SAV) which quickly intercepts gas flow when the pressure it is monitoring reaches a pre-set limit due to any anomaly in the system, or when required by the operator at installation point or from remote point.","robots":{"index":"index","follow":"follow","max-snippet":"max-snippet:-1","max-image-preview":"max-image-preview:large","max-video-preview":"max-video-preview:-1"},"canonical":"https:\/\/equipmentcontrols.com\/es\/producto\/pf-sbc-782-safety-device\/","og_locale":"es_MX","og_type":"article","og_title":"PF SBC 782 Safety Device","og_description":"The PF SBC 782 Safety Device is a safety device (SAV) which quickly intercepts gas flow when the pressure it is monitoring reaches a pre-set limit due to any anomaly in the system, or when required by the operator at installation point or from remote point.","og_url":"https:\/\/equipmentcontrols.com\/es\/producto\/pf-sbc-782-safety-device\/","og_site_name":"ECCO","article_modified_time":"2023-07-17T00:06:09+00:00","og_image":[{"width":860,"height":860,"url":"https:\/\/equipmentcontrols.com\/wp-content\/uploads\/2020\/05\/PF-SBC-782.jpg","type":"image\/jpeg"}],"twitter_card":"summary_large_image","twitter_misc":{"Tiempo de lectura":"2 minutos"},"schema":{"@context":"https:\/\/schema.org","@graph":[{"@type":"WebPage","@id":"https:\/\/equipmentcontrols.com\/product\/pf-sbc-782-safety-device\/","url":"https:\/\/equipmentcontrols.com\/product\/pf-sbc-782-safety-device\/","name":"PF SBC 782 Safety Device - ECCO","isPartOf":{"@id":"https:\/\/equipmentcontrols.com\/#website"},"primaryImageOfPage":{"@id":"https:\/\/equipmentcontrols.com\/product\/pf-sbc-782-safety-device\/#primaryimage"},"image":{"@id":"https:\/\/equipmentcontrols.com\/product\/pf-sbc-782-safety-device\/#primaryimage"},"thumbnailUrl":"https:\/\/equipmentcontrols.com\/wp-content\/uploads\/2020\/05\/PF-SBC-782.jpg","datePublished":"2020-05-13T23:34:53+00:00","dateModified":"2023-07-17T00:06:09+00:00","description":"The PF SBC 782 Safety Device is a safety device (SAV) which quickly intercepts gas flow when the pressure it is monitoring reaches a pre-set limit due to any anomaly in the system, or when required by the operator at installation point or from remote point.","breadcrumb":{"@id":"https:\/\/equipmentcontrols.com\/product\/pf-sbc-782-safety-device\/#breadcrumb"},"inLanguage":"es","potentialAction":[{"@type":"ReadAction","target":["https:\/\/equipmentcontrols.com\/product\/pf-sbc-782-safety-device\/"]}]},{"@type":"ImageObject","inLanguage":"es","@id":"https:\/\/equipmentcontrols.com\/product\/pf-sbc-782-safety-device\/#primaryimage","url":"https:\/\/equipmentcontrols.com\/wp-content\/uploads\/2020\/05\/PF-SBC-782.jpg","contentUrl":"https:\/\/equipmentcontrols.com\/wp-content\/uploads\/2020\/05\/PF-SBC-782.jpg","width":860,"height":860,"caption":"PF-SBC 782"},{"@type":"BreadcrumbList","@id":"https:\/\/equipmentcontrols.com\/product\/pf-sbc-782-safety-device\/#breadcrumb","itemListElement":[{"@type":"ListItem","position":1,"name":"Home","item":"https:\/\/equipmentcontrols.com\/"},{"@type":"ListItem","position":2,"name":"Shop","item":"https:\/\/equipmentcontrols.com\/shop\/"},{"@type":"ListItem","position":3,"name":"PF SBC 782 Safety Device"}]},{"@type":"WebSite","@id":"https:\/\/equipmentcontrols.com\/#website","url":"https:\/\/equipmentcontrols.com\/","name":"ECCO","description":"Empresa de Control de Equipos","potentialAction":[{"@type":"SearchAction","target":{"@type":"EntryPoint","urlTemplate":"https:\/\/equipmentcontrols.com\/?s={search_term_string}"},"query-input":{"@type":"PropertyValueSpecification","valueRequired":true,"valueName":"search_term_string"}}],"inLanguage":"es"}]}},"_links":{"self":[{"href":"https:\/\/equipmentcontrols.com\/es\/wp-json\/wp\/v2\/product\/1418","targetHints":{"allow":["GET"]}}],"collection":[{"href":"https:\/\/equipmentcontrols.com\/es\/wp-json\/wp\/v2\/product"}],"about":[{"href":"https:\/\/equipmentcontrols.com\/es\/wp-json\/wp\/v2\/types\/product"}],"wp:featuredmedia":[{"embeddable":true,"href":"https:\/\/equipmentcontrols.com\/es\/wp-json\/wp\/v2\/media\/1413"}],"wp:attachment":[{"href":"https:\/\/equipmentcontrols.com\/es\/wp-json\/wp\/v2\/media?parent=1418"}],"wp:term":[{"taxonomy":"product_brand","embeddable":true,"href":"https:\/\/equipmentcontrols.com\/es\/wp-json\/wp\/v2\/product_brand?post=1418"},{"taxonomy":"product_cat","embeddable":true,"href":"https:\/\/equipmentcontrols.com\/es\/wp-json\/wp\/v2\/product_cat?post=1418"},{"taxonomy":"product_tag","embeddable":true,"href":"https:\/\/equipmentcontrols.com\/es\/wp-json\/wp\/v2\/product_tag?post=1418"}],"curies":[{"name":"wp","href":"https:\/\/api.w.org\/{rel}","templated":true}]}}