{"id":1414,"date":"2020-05-13T21:51:47","date_gmt":"2020-05-13T21:51:47","guid":{"rendered":"https:\/\/econtrols.stagemysite.com\/?post_type=product&#038;p=1414"},"modified":"2023-07-17T00:06:57","modified_gmt":"2023-07-17T00:06:57","slug":"pf-hbc-975-safety-device","status":"publish","type":"product","link":"https:\/\/equipmentcontrols.com\/es\/producto\/pf-hbc-975-safety-device\/","title":{"rendered":"PF HBC 975"},"content":{"rendered":"<p><strong>Dispositivo de seguridad PF HBC 975<br \/>\n<\/strong><\/p>\n<p>El HBC 975 es un dispositivo de seguridad (SAV) que intercepta r\u00e1pidamente el flujo de gas cuando la presi\u00f3n que est\u00e1 monitoreando alcanza un l\u00edmite preestablecido debido a una anomal\u00eda en el sistema, o cuando lo requiere el operador en el punto de instalaci\u00f3n o desde un punto remoto.<\/p>\n<p><strong>Datos t\u00e9cnicos:<\/strong><br \/>\n\u2022 Clase de Precisi\u00f3n: \u00b1 0.5% sobre el valor del ajuste de presi\u00f3n<br \/>\n\u2022 Temperatura Ambiente: -20 \u00b0C\u00f7 + 60 \u00b0C<br \/>\n\u2022 Tama\u00f1o disponible DN: 4\u2033 \u2013 6\u2033 \u2013 8\u2033 \u2013 10\u2033<br \/>\n\u2022 Temperatura de dise\u00f1o: -10 \u00b0C\u00f7 + 60 \u00b0C<\/p>\n<p>&nbsp;<\/p>\n<p><strong>Descargas:<\/strong><br \/>\n<a title=\"Manual t\u00e9cnico de Dival 160 Ap (ENG-ITA)\" href=\"https:\/\/equipmentcontrols.com\/wp-content\/uploads\/2023\/04\/HBC-975-Flyer-04.17.23.pdf\" target=\"_blank\" rel=\"noopener noreferrer\">PF HBC Flyer<\/a><\/p>\n<p><a title=\"Manual t\u00e9cnico de Dival 160 Ap (ENG-ITA)\" href=\"https:\/\/equipmentcontrols.com\/wp-content\/uploads\/2020\/05\/342_hbc_975_mt052_e.pdf\" target=\"_blank\" rel=\"noopener noreferrer\">Manual de instalaci\u00f3n de PF HBC 975<\/a><\/p>\n<p><a href=\"https:\/\/equipmentcontrols.com\/wp-content\/uploads\/2020\/05\/2588_HBC-975-CT_ENG_Jan20.pdf\">Bolet\u00edn PFHBC 975<\/a><\/p>\n<p><a title=\"Manual t\u00e9cnico de Dival 160 Ap (ENG-ITA)\" href=\"https:\/\/equipmentcontrols.com\/wp-content\/uploads\/2020\/05\/412_hbc_p_433__poster.pdf\" target=\"_blank\" rel=\"noopener noreferrer\">PF HBC 975 P\u00f3ster<\/a><\/p>\n<p>&nbsp;<\/p>","protected":false},"excerpt":{"rendered":"<p>PF HBC 975 Safety Device The HBC 975 is a safety device (SAV) which quickly intercepts gas flow when the pressure it is monitoring reaches a preset limit due to an anomaly in the system, or when required by the operator at the installation point or from a remote point. Technical Data: \u2022 Accuracy Class: [&hellip;]<\/p>\n","protected":false},"featured_media":1412,"template":"","meta":[],"product_brand":[],"product_cat":[139,46,59],"product_tag":[91],"class_list":{"0":"post-1414","1":"product","2":"type-product","3":"status-publish","4":"has-post-thumbnail","6":"product_cat-hydrogen-ready-pressure-products","7":"product_cat-pietro-fiorentini","8":"product_cat-safety-devices","9":"product_tag-safety-device-that-intercepts-gas-flow","11":"first","12":"instock","13":"shipping-taxable","14":"product-type-simple"},"yoast_head":"<!-- This site is optimized with the Yoast SEO Premium plugin v23.9 (Yoast SEO v27.3) - https:\/\/yoast.com\/product\/yoast-seo-premium-wordpress\/ -->\n<title>PF HBC 975 - ECCO<\/title>\n<meta name=\"description\" content=\"The HBC 975 is a safety device (SAV) which quickly intercepts gas flow when the pressure it is monitoring reaches a preset limit due to an anomaly in the system, or when required by the operator at the installation point or from a remote point.\" \/>\n<meta name=\"robots\" content=\"index, follow, max-snippet:-1, max-image-preview:large, max-video-preview:-1\" \/>\n<link rel=\"canonical\" href=\"https:\/\/equipmentcontrols.com\/es\/producto\/pf-hbc-975-safety-device\/\" \/>\n<meta property=\"og:locale\" content=\"es_MX\" \/>\n<meta property=\"og:type\" content=\"article\" \/>\n<meta property=\"og:title\" content=\"PF HBC 975\" \/>\n<meta property=\"og:description\" content=\"The HBC 975 is a safety device (SAV) which quickly intercepts gas flow when the pressure it is monitoring reaches a preset limit due to an anomaly in the system, or when required by the operator at the installation point or from a remote point.\" \/>\n<meta property=\"og:url\" content=\"https:\/\/equipmentcontrols.com\/es\/producto\/pf-hbc-975-safety-device\/\" \/>\n<meta property=\"og:site_name\" content=\"ECCO\" \/>\n<meta property=\"article:modified_time\" content=\"2023-07-17T00:06:57+00:00\" \/>\n<meta property=\"og:image\" content=\"https:\/\/equipmentcontrols.com\/wp-content\/uploads\/2020\/05\/PF-HBC-975.jpg\" \/>\n\t<meta property=\"og:image:width\" content=\"860\" \/>\n\t<meta property=\"og:image:height\" content=\"860\" \/>\n\t<meta property=\"og:image:type\" content=\"image\/jpeg\" \/>\n<meta name=\"twitter:card\" content=\"summary_large_image\" \/>\n<meta name=\"twitter:label1\" content=\"Tiempo de lectura\" \/>\n\t<meta name=\"twitter:data1\" content=\"1 minuto\" \/>\n<script type=\"application\/ld+json\" class=\"yoast-schema-graph\">{\"@context\":\"https:\\\/\\\/schema.org\",\"@graph\":[{\"@type\":\"WebPage\",\"@id\":\"https:\\\/\\\/equipmentcontrols.com\\\/product\\\/pf-hbc-975-safety-device\\\/\",\"url\":\"https:\\\/\\\/equipmentcontrols.com\\\/product\\\/pf-hbc-975-safety-device\\\/\",\"name\":\"PF HBC 975 - ECCO\",\"isPartOf\":{\"@id\":\"https:\\\/\\\/equipmentcontrols.com\\\/#website\"},\"primaryImageOfPage\":{\"@id\":\"https:\\\/\\\/equipmentcontrols.com\\\/product\\\/pf-hbc-975-safety-device\\\/#primaryimage\"},\"image\":{\"@id\":\"https:\\\/\\\/equipmentcontrols.com\\\/product\\\/pf-hbc-975-safety-device\\\/#primaryimage\"},\"thumbnailUrl\":\"https:\\\/\\\/equipmentcontrols.com\\\/wp-content\\\/uploads\\\/2020\\\/05\\\/PF-HBC-975.jpg\",\"datePublished\":\"2020-05-13T21:51:47+00:00\",\"dateModified\":\"2023-07-17T00:06:57+00:00\",\"description\":\"The HBC 975 is a safety device (SAV) which quickly intercepts gas flow when the pressure it is monitoring reaches a preset limit due to an anomaly in the system, or when required by the operator at the installation point or from a remote point.\",\"breadcrumb\":{\"@id\":\"https:\\\/\\\/equipmentcontrols.com\\\/product\\\/pf-hbc-975-safety-device\\\/#breadcrumb\"},\"inLanguage\":\"es\",\"potentialAction\":[{\"@type\":\"ReadAction\",\"target\":[\"https:\\\/\\\/equipmentcontrols.com\\\/product\\\/pf-hbc-975-safety-device\\\/\"]}]},{\"@type\":\"ImageObject\",\"inLanguage\":\"es\",\"@id\":\"https:\\\/\\\/equipmentcontrols.com\\\/product\\\/pf-hbc-975-safety-device\\\/#primaryimage\",\"url\":\"https:\\\/\\\/equipmentcontrols.com\\\/wp-content\\\/uploads\\\/2020\\\/05\\\/PF-HBC-975.jpg\",\"contentUrl\":\"https:\\\/\\\/equipmentcontrols.com\\\/wp-content\\\/uploads\\\/2020\\\/05\\\/PF-HBC-975.jpg\",\"width\":860,\"height\":860,\"caption\":\"PF-HBC 975\"},{\"@type\":\"BreadcrumbList\",\"@id\":\"https:\\\/\\\/equipmentcontrols.com\\\/product\\\/pf-hbc-975-safety-device\\\/#breadcrumb\",\"itemListElement\":[{\"@type\":\"ListItem\",\"position\":1,\"name\":\"Home\",\"item\":\"https:\\\/\\\/equipmentcontrols.com\\\/\"},{\"@type\":\"ListItem\",\"position\":2,\"name\":\"Shop\",\"item\":\"https:\\\/\\\/equipmentcontrols.com\\\/shop\\\/\"},{\"@type\":\"ListItem\",\"position\":3,\"name\":\"PF HBC 975\"}]},{\"@type\":\"WebSite\",\"@id\":\"https:\\\/\\\/equipmentcontrols.com\\\/#website\",\"url\":\"https:\\\/\\\/equipmentcontrols.com\\\/\",\"name\":\"ECCO\",\"description\":\"Equipment Controls Company\",\"potentialAction\":[{\"@type\":\"SearchAction\",\"target\":{\"@type\":\"EntryPoint\",\"urlTemplate\":\"https:\\\/\\\/equipmentcontrols.com\\\/?s={search_term_string}\"},\"query-input\":{\"@type\":\"PropertyValueSpecification\",\"valueRequired\":true,\"valueName\":\"search_term_string\"}}],\"inLanguage\":\"es\"}]}<\/script>\n<!-- \/ Yoast SEO Premium plugin. -->","yoast_head_json":{"title":"PF HBC 975 - ECCO","description":"El HBC 975 es un dispositivo de seguridad (SAV) que intercepta r\u00e1pidamente el flujo de gas cuando la presi\u00f3n que est\u00e1 monitoreando alcanza un l\u00edmite preestablecido debido a una anomal\u00eda en el sistema, o cuando lo requiere el operador en el punto de instalaci\u00f3n o desde un punto remoto.","robots":{"index":"index","follow":"follow","max-snippet":"max-snippet:-1","max-image-preview":"max-image-preview:large","max-video-preview":"max-video-preview:-1"},"canonical":"https:\/\/equipmentcontrols.com\/es\/producto\/pf-hbc-975-safety-device\/","og_locale":"es_MX","og_type":"article","og_title":"PF HBC 975","og_description":"The HBC 975 is a safety device (SAV) which quickly intercepts gas flow when the pressure it is monitoring reaches a preset limit due to an anomaly in the system, or when required by the operator at the installation point or from a remote point.","og_url":"https:\/\/equipmentcontrols.com\/es\/producto\/pf-hbc-975-safety-device\/","og_site_name":"ECCO","article_modified_time":"2023-07-17T00:06:57+00:00","og_image":[{"width":860,"height":860,"url":"https:\/\/equipmentcontrols.com\/wp-content\/uploads\/2020\/05\/PF-HBC-975.jpg","type":"image\/jpeg"}],"twitter_card":"summary_large_image","twitter_misc":{"Tiempo de lectura":"1 minuto"},"schema":{"@context":"https:\/\/schema.org","@graph":[{"@type":"WebPage","@id":"https:\/\/equipmentcontrols.com\/product\/pf-hbc-975-safety-device\/","url":"https:\/\/equipmentcontrols.com\/product\/pf-hbc-975-safety-device\/","name":"PF HBC 975 - ECCO","isPartOf":{"@id":"https:\/\/equipmentcontrols.com\/#website"},"primaryImageOfPage":{"@id":"https:\/\/equipmentcontrols.com\/product\/pf-hbc-975-safety-device\/#primaryimage"},"image":{"@id":"https:\/\/equipmentcontrols.com\/product\/pf-hbc-975-safety-device\/#primaryimage"},"thumbnailUrl":"https:\/\/equipmentcontrols.com\/wp-content\/uploads\/2020\/05\/PF-HBC-975.jpg","datePublished":"2020-05-13T21:51:47+00:00","dateModified":"2023-07-17T00:06:57+00:00","description":"El HBC 975 es un dispositivo de seguridad (SAV) que intercepta r\u00e1pidamente el flujo de gas cuando la presi\u00f3n que est\u00e1 monitoreando alcanza un l\u00edmite preestablecido debido a una anomal\u00eda en el sistema, o cuando lo requiere el operador en el punto de instalaci\u00f3n o desde un punto remoto.","breadcrumb":{"@id":"https:\/\/equipmentcontrols.com\/product\/pf-hbc-975-safety-device\/#breadcrumb"},"inLanguage":"es","potentialAction":[{"@type":"ReadAction","target":["https:\/\/equipmentcontrols.com\/product\/pf-hbc-975-safety-device\/"]}]},{"@type":"ImageObject","inLanguage":"es","@id":"https:\/\/equipmentcontrols.com\/product\/pf-hbc-975-safety-device\/#primaryimage","url":"https:\/\/equipmentcontrols.com\/wp-content\/uploads\/2020\/05\/PF-HBC-975.jpg","contentUrl":"https:\/\/equipmentcontrols.com\/wp-content\/uploads\/2020\/05\/PF-HBC-975.jpg","width":860,"height":860,"caption":"PF-HBC 975"},{"@type":"BreadcrumbList","@id":"https:\/\/equipmentcontrols.com\/product\/pf-hbc-975-safety-device\/#breadcrumb","itemListElement":[{"@type":"ListItem","position":1,"name":"Home","item":"https:\/\/equipmentcontrols.com\/"},{"@type":"ListItem","position":2,"name":"Shop","item":"https:\/\/equipmentcontrols.com\/shop\/"},{"@type":"ListItem","position":3,"name":"PF HBC 975"}]},{"@type":"WebSite","@id":"https:\/\/equipmentcontrols.com\/#website","url":"https:\/\/equipmentcontrols.com\/","name":"ECCO","description":"Empresa de Control de Equipos","potentialAction":[{"@type":"SearchAction","target":{"@type":"EntryPoint","urlTemplate":"https:\/\/equipmentcontrols.com\/?s={search_term_string}"},"query-input":{"@type":"PropertyValueSpecification","valueRequired":true,"valueName":"search_term_string"}}],"inLanguage":"es"}]}},"_links":{"self":[{"href":"https:\/\/equipmentcontrols.com\/es\/wp-json\/wp\/v2\/product\/1414","targetHints":{"allow":["GET"]}}],"collection":[{"href":"https:\/\/equipmentcontrols.com\/es\/wp-json\/wp\/v2\/product"}],"about":[{"href":"https:\/\/equipmentcontrols.com\/es\/wp-json\/wp\/v2\/types\/product"}],"wp:featuredmedia":[{"embeddable":true,"href":"https:\/\/equipmentcontrols.com\/es\/wp-json\/wp\/v2\/media\/1412"}],"wp:attachment":[{"href":"https:\/\/equipmentcontrols.com\/es\/wp-json\/wp\/v2\/media?parent=1414"}],"wp:term":[{"taxonomy":"product_brand","embeddable":true,"href":"https:\/\/equipmentcontrols.com\/es\/wp-json\/wp\/v2\/product_brand?post=1414"},{"taxonomy":"product_cat","embeddable":true,"href":"https:\/\/equipmentcontrols.com\/es\/wp-json\/wp\/v2\/product_cat?post=1414"},{"taxonomy":"product_tag","embeddable":true,"href":"https:\/\/equipmentcontrols.com\/es\/wp-json\/wp\/v2\/product_tag?post=1414"}],"curies":[{"name":"wp","href":"https:\/\/api.w.org\/{rel}","templated":true}]}}