{"id":1384,"date":"2020-05-13T14:58:14","date_gmt":"2020-05-13T14:58:14","guid":{"rendered":"https:\/\/econtrols.stagemysite.com\/?post_type=product&#038;p=1384"},"modified":"2022-09-07T19:22:34","modified_gmt":"2022-09-07T19:22:34","slug":"pvs-803-slam-shut","status":"publish","type":"product","link":"https:\/\/equipmentcontrols.com\/es\/producto\/pvs-803-slam-shut\/","title":{"rendered":"PF PVS 803 Cierre de golpe"},"content":{"rendered":"<p><strong>PF PVS 803 Cierre de golpe <\/strong><\/p>\n<p>Las v\u00e1lvulas de cierre r\u00e1pido tipo PVS son v\u00e1lvulas de alivio operadas por piloto en las que la apertura y el cierre del tap\u00f3n principal est\u00e1n controlados por un dispositivo piloto que es muy sensible a las variaciones de las presiones en l\u00ednea.<\/p>\n<p><strong>Las principales caracter\u00edsticas de este tipo de v\u00e1lvula de cierre de golpe son las siguientes:<\/strong><br \/>\n\u2022 Muy alta precisi\u00f3n y rapidez de intervenci\u00f3n (s\u00f3lo presi\u00f3n 2%);<br \/>\n\u2022 Perfecta estanqueidad hasta presiones muy pr\u00f3ximas al punto de consigna (al contrario de lo que ocurre con las v\u00e1lvulas de resorte, en esta v\u00e1lvula de cierre r\u00e1pido aumenta la fuerza sobre el obturador al acercarse al punto de consigna);<br \/>\n\u2022 Alto caudal de salida;<br \/>\n\u2022 Dimensiones reducidas;<\/p>\n<p><strong>Campo de aplicaci\u00f3n:<\/strong><br \/>\n\u2022 Fluidos no corrosivos: (aire, ox\u00edgeno, nitr\u00f3geno, helio, hidr\u00f3geno, metano, propano, butano, etc.)<br \/>\n\u2022 Rango de intervenci\u00f3n : 1,5\u00f7 74 bar<br \/>\n\u2022 DN 50 (2\u201d); 80 (3\u201d); 100 (4\u201d); 150 (6\u201d)<br \/>\n\u2022 Brida: Clase 150, 300, 600 (EN1759-1), PN16, PN 50, PN 100 (ISO 7005-1)<\/p>\n<p>&nbsp;<\/p>\n<p><strong>Descargas:<\/strong><br \/>\n<a title=\"Manual t\u00e9cnico de Dival 160 Ap (ENG-ITA)\" href=\"https:\/\/equipmentcontrols.com\/wp-content\/uploads\/2020\/05\/2367_MT-226-I_PVS803.pdf\" target=\"_blank\" rel=\"noopener noreferrer\">PF PVS 803 Manual de instalaci\u00f3n de cierre r\u00e1pido<\/a><\/p>\n<p><a href=\"https:\/\/equipmentcontrols.com\/wp-content\/uploads\/2020\/05\/1309_PVS803CT-s632EDec15.pdf\">PF PVS 803 Bolet\u00edn de cierre de golpe<\/a><\/p>\n<p><a title=\"Manual t\u00e9cnico de Dival 160 Ap (ENG-ITA)\" href=\"https:\/\/equipmentcontrols.com\/wp-content\/uploads\/2020\/05\/2396_PVS-803-PTs527-January-17-A4.pdf\" target=\"_blank\" rel=\"noopener noreferrer\">PF PVS 803 Cierre de golpe P\u00f3ster<\/a><\/p>\n<p>&nbsp;<\/p>","protected":false},"excerpt":{"rendered":"<p>PF PVS 803 Slam Shut PVS type slam shut valves are pilot-operated relief valves in which the opening and the closing of the main plug is controlled by a pilot device which is very sensitive to the variations of the in-line pressures. The main features of such type of slam shut valve are the following: [&hellip;]<\/p>\n","protected":false},"featured_media":1395,"template":"","meta":[],"product_brand":[],"product_cat":[46,59],"product_tag":[93,92],"class_list":{"0":"post-1384","1":"product","2":"type-product","3":"status-publish","4":"has-post-thumbnail","6":"product_cat-pietro-fiorentini","7":"product_cat-safety-devices","8":"product_tag-pilot-operated-relief-valves","9":"product_tag-slam-shut-valves","11":"first","12":"instock","13":"shipping-taxable","14":"product-type-simple"},"yoast_head":"<!-- This site is optimized with the Yoast SEO Premium plugin v23.9 (Yoast SEO v27.3) - https:\/\/yoast.com\/product\/yoast-seo-premium-wordpress\/ -->\n<title>PF PVS 803 Slam Shut - ECCO<\/title>\n<meta name=\"description\" content=\"The PF PVS type slam shut valves are pilot-operated relief valves in which the opening and the closing of the main plug is controlled by a pilot device which is very sensitive to the variations of the in-line pressures.\" \/>\n<meta name=\"robots\" content=\"index, follow, max-snippet:-1, max-image-preview:large, max-video-preview:-1\" \/>\n<link rel=\"canonical\" href=\"https:\/\/equipmentcontrols.com\/es\/producto\/pvs-803-slam-shut\/\" \/>\n<meta property=\"og:locale\" content=\"es_MX\" \/>\n<meta property=\"og:type\" content=\"article\" \/>\n<meta property=\"og:title\" content=\"PF PVS 803 Slam Shut\" \/>\n<meta property=\"og:description\" content=\"The PF PVS type slam shut valves are pilot-operated relief valves in which the opening and the closing of the main plug is controlled by a pilot device which is very sensitive to the variations of the in-line pressures.\" \/>\n<meta property=\"og:url\" content=\"https:\/\/equipmentcontrols.com\/es\/producto\/pvs-803-slam-shut\/\" \/>\n<meta property=\"og:site_name\" content=\"ECCO\" \/>\n<meta property=\"article:modified_time\" content=\"2022-09-07T19:22:34+00:00\" \/>\n<meta property=\"og:image\" content=\"https:\/\/equipmentcontrols.com\/wp-content\/uploads\/2020\/05\/PF-PVS-803.jpg\" \/>\n\t<meta property=\"og:image:width\" content=\"860\" \/>\n\t<meta property=\"og:image:height\" content=\"860\" \/>\n\t<meta property=\"og:image:type\" content=\"image\/jpeg\" \/>\n<meta name=\"twitter:card\" content=\"summary_large_image\" \/>\n<meta name=\"twitter:label1\" content=\"Tiempo de lectura\" \/>\n\t<meta name=\"twitter:data1\" content=\"1 minuto\" \/>\n<script type=\"application\/ld+json\" class=\"yoast-schema-graph\">{\"@context\":\"https:\\\/\\\/schema.org\",\"@graph\":[{\"@type\":\"WebPage\",\"@id\":\"https:\\\/\\\/equipmentcontrols.com\\\/product\\\/pvs-803-slam-shut\\\/\",\"url\":\"https:\\\/\\\/equipmentcontrols.com\\\/product\\\/pvs-803-slam-shut\\\/\",\"name\":\"PF PVS 803 Slam Shut - ECCO\",\"isPartOf\":{\"@id\":\"https:\\\/\\\/equipmentcontrols.com\\\/#website\"},\"primaryImageOfPage\":{\"@id\":\"https:\\\/\\\/equipmentcontrols.com\\\/product\\\/pvs-803-slam-shut\\\/#primaryimage\"},\"image\":{\"@id\":\"https:\\\/\\\/equipmentcontrols.com\\\/product\\\/pvs-803-slam-shut\\\/#primaryimage\"},\"thumbnailUrl\":\"https:\\\/\\\/equipmentcontrols.com\\\/wp-content\\\/uploads\\\/2020\\\/05\\\/PF-PVS-803.jpg\",\"datePublished\":\"2020-05-13T14:58:14+00:00\",\"dateModified\":\"2022-09-07T19:22:34+00:00\",\"description\":\"The PF PVS type slam shut valves are pilot-operated relief valves in which the opening and the closing of the main plug is controlled by a pilot device which is very sensitive to the variations of the in-line pressures.\",\"breadcrumb\":{\"@id\":\"https:\\\/\\\/equipmentcontrols.com\\\/product\\\/pvs-803-slam-shut\\\/#breadcrumb\"},\"inLanguage\":\"es\",\"potentialAction\":[{\"@type\":\"ReadAction\",\"target\":[\"https:\\\/\\\/equipmentcontrols.com\\\/product\\\/pvs-803-slam-shut\\\/\"]}]},{\"@type\":\"ImageObject\",\"inLanguage\":\"es\",\"@id\":\"https:\\\/\\\/equipmentcontrols.com\\\/product\\\/pvs-803-slam-shut\\\/#primaryimage\",\"url\":\"https:\\\/\\\/equipmentcontrols.com\\\/wp-content\\\/uploads\\\/2020\\\/05\\\/PF-PVS-803.jpg\",\"contentUrl\":\"https:\\\/\\\/equipmentcontrols.com\\\/wp-content\\\/uploads\\\/2020\\\/05\\\/PF-PVS-803.jpg\",\"width\":860,\"height\":860,\"caption\":\"PF-PVS 803\"},{\"@type\":\"BreadcrumbList\",\"@id\":\"https:\\\/\\\/equipmentcontrols.com\\\/product\\\/pvs-803-slam-shut\\\/#breadcrumb\",\"itemListElement\":[{\"@type\":\"ListItem\",\"position\":1,\"name\":\"Home\",\"item\":\"https:\\\/\\\/equipmentcontrols.com\\\/\"},{\"@type\":\"ListItem\",\"position\":2,\"name\":\"Shop\",\"item\":\"https:\\\/\\\/equipmentcontrols.com\\\/shop\\\/\"},{\"@type\":\"ListItem\",\"position\":3,\"name\":\"PF PVS 803 Slam Shut\"}]},{\"@type\":\"WebSite\",\"@id\":\"https:\\\/\\\/equipmentcontrols.com\\\/#website\",\"url\":\"https:\\\/\\\/equipmentcontrols.com\\\/\",\"name\":\"ECCO\",\"description\":\"Equipment Controls Company\",\"potentialAction\":[{\"@type\":\"SearchAction\",\"target\":{\"@type\":\"EntryPoint\",\"urlTemplate\":\"https:\\\/\\\/equipmentcontrols.com\\\/?s={search_term_string}\"},\"query-input\":{\"@type\":\"PropertyValueSpecification\",\"valueRequired\":true,\"valueName\":\"search_term_string\"}}],\"inLanguage\":\"es\"}]}<\/script>\n<!-- \/ Yoast SEO Premium plugin. -->","yoast_head_json":{"title":"PF PVS 803 Slam Shut - ECCO","description":"The PF PVS type slam shut valves are pilot-operated relief valves in which the opening and the closing of the main plug is controlled by a pilot device which is very sensitive to the variations of the in-line pressures.","robots":{"index":"index","follow":"follow","max-snippet":"max-snippet:-1","max-image-preview":"max-image-preview:large","max-video-preview":"max-video-preview:-1"},"canonical":"https:\/\/equipmentcontrols.com\/es\/producto\/pvs-803-slam-shut\/","og_locale":"es_MX","og_type":"article","og_title":"PF PVS 803 Slam Shut","og_description":"The PF PVS type slam shut valves are pilot-operated relief valves in which the opening and the closing of the main plug is controlled by a pilot device which is very sensitive to the variations of the in-line pressures.","og_url":"https:\/\/equipmentcontrols.com\/es\/producto\/pvs-803-slam-shut\/","og_site_name":"ECCO","article_modified_time":"2022-09-07T19:22:34+00:00","og_image":[{"width":860,"height":860,"url":"https:\/\/equipmentcontrols.com\/wp-content\/uploads\/2020\/05\/PF-PVS-803.jpg","type":"image\/jpeg"}],"twitter_card":"summary_large_image","twitter_misc":{"Tiempo de lectura":"1 minuto"},"schema":{"@context":"https:\/\/schema.org","@graph":[{"@type":"WebPage","@id":"https:\/\/equipmentcontrols.com\/product\/pvs-803-slam-shut\/","url":"https:\/\/equipmentcontrols.com\/product\/pvs-803-slam-shut\/","name":"PF PVS 803 Slam Shut - ECCO","isPartOf":{"@id":"https:\/\/equipmentcontrols.com\/#website"},"primaryImageOfPage":{"@id":"https:\/\/equipmentcontrols.com\/product\/pvs-803-slam-shut\/#primaryimage"},"image":{"@id":"https:\/\/equipmentcontrols.com\/product\/pvs-803-slam-shut\/#primaryimage"},"thumbnailUrl":"https:\/\/equipmentcontrols.com\/wp-content\/uploads\/2020\/05\/PF-PVS-803.jpg","datePublished":"2020-05-13T14:58:14+00:00","dateModified":"2022-09-07T19:22:34+00:00","description":"The PF PVS type slam shut valves are pilot-operated relief valves in which the opening and the closing of the main plug is controlled by a pilot device which is very sensitive to the variations of the in-line pressures.","breadcrumb":{"@id":"https:\/\/equipmentcontrols.com\/product\/pvs-803-slam-shut\/#breadcrumb"},"inLanguage":"es","potentialAction":[{"@type":"ReadAction","target":["https:\/\/equipmentcontrols.com\/product\/pvs-803-slam-shut\/"]}]},{"@type":"ImageObject","inLanguage":"es","@id":"https:\/\/equipmentcontrols.com\/product\/pvs-803-slam-shut\/#primaryimage","url":"https:\/\/equipmentcontrols.com\/wp-content\/uploads\/2020\/05\/PF-PVS-803.jpg","contentUrl":"https:\/\/equipmentcontrols.com\/wp-content\/uploads\/2020\/05\/PF-PVS-803.jpg","width":860,"height":860,"caption":"PF-PVS 803"},{"@type":"BreadcrumbList","@id":"https:\/\/equipmentcontrols.com\/product\/pvs-803-slam-shut\/#breadcrumb","itemListElement":[{"@type":"ListItem","position":1,"name":"Home","item":"https:\/\/equipmentcontrols.com\/"},{"@type":"ListItem","position":2,"name":"Shop","item":"https:\/\/equipmentcontrols.com\/shop\/"},{"@type":"ListItem","position":3,"name":"PF PVS 803 Slam Shut"}]},{"@type":"WebSite","@id":"https:\/\/equipmentcontrols.com\/#website","url":"https:\/\/equipmentcontrols.com\/","name":"ECCO","description":"Empresa de Control de Equipos","potentialAction":[{"@type":"SearchAction","target":{"@type":"EntryPoint","urlTemplate":"https:\/\/equipmentcontrols.com\/?s={search_term_string}"},"query-input":{"@type":"PropertyValueSpecification","valueRequired":true,"valueName":"search_term_string"}}],"inLanguage":"es"}]}},"_links":{"self":[{"href":"https:\/\/equipmentcontrols.com\/es\/wp-json\/wp\/v2\/product\/1384","targetHints":{"allow":["GET"]}}],"collection":[{"href":"https:\/\/equipmentcontrols.com\/es\/wp-json\/wp\/v2\/product"}],"about":[{"href":"https:\/\/equipmentcontrols.com\/es\/wp-json\/wp\/v2\/types\/product"}],"wp:featuredmedia":[{"embeddable":true,"href":"https:\/\/equipmentcontrols.com\/es\/wp-json\/wp\/v2\/media\/1395"}],"wp:attachment":[{"href":"https:\/\/equipmentcontrols.com\/es\/wp-json\/wp\/v2\/media?parent=1384"}],"wp:term":[{"taxonomy":"product_brand","embeddable":true,"href":"https:\/\/equipmentcontrols.com\/es\/wp-json\/wp\/v2\/product_brand?post=1384"},{"taxonomy":"product_cat","embeddable":true,"href":"https:\/\/equipmentcontrols.com\/es\/wp-json\/wp\/v2\/product_cat?post=1384"},{"taxonomy":"product_tag","embeddable":true,"href":"https:\/\/equipmentcontrols.com\/es\/wp-json\/wp\/v2\/product_tag?post=1384"}],"curies":[{"name":"wp","href":"https:\/\/api.w.org\/{rel}","templated":true}]}}