{"id":1372,"date":"2020-05-13T14:11:44","date_gmt":"2020-05-13T14:11:44","guid":{"rendered":"https:\/\/econtrols.stagemysite.com\/?post_type=product&#038;p=1372"},"modified":"2024-01-31T16:56:10","modified_gmt":"2024-01-31T16:56:10","slug":"pf-scn-slam-shut","status":"publish","type":"product","link":"https:\/\/equipmentcontrols.com\/es\/producto\/pf-scn-slam-shut\/","title":{"rendered":"PF SCN Slam Shut"},"content":{"rendered":"<p><strong>Dispositivo de seguridad de cierre r\u00e1pido PF SCN<br \/>\n<\/strong><\/p>\n<div class=\"col-lg-8 col-md-8 col-sm-8 col-xs-12\">El SCN es un dispositivo de seguridad compacto (SAV) que intercepta r\u00e1pidamente el flujo de gas cada vez que la presi\u00f3n bajo monitoreo alcanza los l\u00edmites preestablecidos, o cuando lo requiere manualmente el operador en el sitio o mediante un comando remoto (dispositivo opcional).<\/div>\n<div><\/div>\n<div class=\"col-lg-8 col-md-8 col-sm-8 col-xs-12\">SCN es una v\u00e1lvula de cierre r\u00e1pido con accionamiento autom\u00e1tico y rearme manual, es un producto ideal para redes de distribuci\u00f3n y aplicaciones de ingenier\u00eda industrial y qu\u00edmica.<\/div>\n<div><\/div>\n<div class=\"col-lg-8 col-md-8 col-sm-8 col-xs-12\">SCN es apto para gas natural y todos los medios gaseosos no corrosivos. Su dise\u00f1o de &#039;entrada superior&#039; facilita el mantenimiento sin quitar el cuerpo de la tuber\u00eda.<\/div>\n<div><\/div>\n<div><strong>Dise\u00f1ado con sus necesidades en mente<\/strong><\/div>\n<div>\u2022 Dise\u00f1o compacto<\/div>\n<div>\u2022 Alta precisi\u00f3n<br \/>\n\u2022 Facil mantenimiento<\/div>\n<div>\u2022 Amplia gama de tama\u00f1os<br \/>\n\u2022 Entrada superior<\/div>\n<div>\u2022 Dispositivo de seguridad certificado por terceros<br \/>\n\u2022 Tiempo de respuesta r\u00e1pido<\/div>\n<div>\u2022 Derivaci\u00f3n Integral<\/div>\n<div><\/div>\n<div class=\"col-lg-8 col-md-8 col-sm-8 col-xs-12\"><strong>Principales caracter\u00edsticas:<\/strong><\/div>\n<div class=\"col-lg-8 col-md-8 col-sm-8 col-xs-12\">\u2022 Intervenci\u00f3n por sobrepresi\u00f3n y\/o subpresi\u00f3n<\/div>\n<div class=\"col-lg-8 col-md-8 col-sm-8 col-xs-12\">\u2022 Control manual con pulsador en el punto de instalaci\u00f3n<\/div>\n<div class=\"col-lg-8 col-md-8 col-sm-8 col-xs-12\">\u2022 Electrov\u00e1lvula de 3 v\u00edas para control remoto (disponible bajo pedido)<\/div>\n<div class=\"col-lg-8 col-md-8 col-sm-8 col-xs-12\">\u2022 Reajuste manual<\/div>\n<div class=\"col-lg-8 col-md-8 col-sm-8 col-xs-12\">\u2022 By-pass interno para igualaci\u00f3n de presi\u00f3n antes de reiniciar<\/div>\n<div class=\"col-lg-8 col-md-8 col-sm-8 col-xs-12\">\u2022 Posible instalaci\u00f3n en cualquier posici\u00f3n aunque se recomienda la instalaci\u00f3n en tuber\u00edas horizontales<\/div>\n<div><\/div>\n<div class=\"col-lg-8 col-md-8 col-sm-8 col-xs-12\">\n<div class=\"col-lg-8 col-md-8 col-sm-8 col-xs-12\"><strong>Caracter\u00edsticas funcionales*:<\/strong><\/div>\n<div class=\"col-lg-8 col-md-8 col-sm-8 col-xs-12\">\u2022 Presi\u00f3n de entrada m\u00e1xima hasta: 275 PSIG para cuerpo de acero y 246 PSIG para hierro d\u00factil<br \/>\n\u2022 Rango de disparo por sobrepresi\u00f3n: Qui\u00e9n: 4\u2033 CA a 72.5 PSIG<br \/>\n\u2022 Temperatura ambiente m\u00ednima: Ejecuci\u00f3n hasta -40\u00b0F (a especificar en la solicitud).<br \/>\n\u2022 Temperatura ambiente m\u00e1xima: +140\u00b0F<br \/>\n\u2022 Temperatura del gas que fluye: hasta -4 \u00b0F + 140 \u00b0F<br \/>\n\u2022 Clase de precisi\u00f3n AC: AG: \u00b1 5% a 10% para sobrepresi\u00f3n, \u00b1 10% a 20% para baja presi\u00f3n<br \/>\n\u2022 Clase de presi\u00f3n de b\u00fasqueda SG: hasta 10<\/div>\n<\/div>\n<div>\n<div><\/div>\n<div class=\"col-lg-8 col-md-8 col-sm-8 col-xs-12\"><strong>Caracteristicas de dise\u00f1o:<\/strong><\/div>\n<div class=\"col-lg-8 col-md-8 col-sm-8 col-xs-12\">\u2022 Dimensiones nominales DN: 1\u201d \u2013 1 1\/4\u2033 \u2013 1\u201d 1\/2 \u2013 2\u201d \u2013 2\u201d1\/2 \u2013 3\u201d \u2013 4\u201d \u2013 6\u201d \u2013 8\u201d<br \/>\n\u2022 Conexiones bridadas: UNI PN 16; clase 150 RF<\/div>\n<div><\/div>\n<div class=\"col-lg-8 col-md-8 col-sm-8 col-xs-12\"><strong>Materiales**:<\/strong><br \/>\n\u2022 Cuerpo: Fundici\u00f3n de acero ASTM A 216 WCB (todos los DN). Hierro d\u00factil esferoidal GS 400 \u2013 18 ISO 1083 DN 150 \u2264 (6\u201d) incluido.<br \/>\n\u2022 Tapas: Di\u00e1metro desde 375 hasta 630 Acero al carbono forjado en estampa \/ desde 658<br \/>\na 817 Aluminio<br \/>\n\u2022 Diafragma: Aluminio fundido a presi\u00f3n GD-AI SI 13 Fe UNI 5079-74<br \/>\n\u2022 Asiento de v\u00e1lvula y v\u00e1lvula: X12CrS13 UNI 6901-AISI 416 para DN 1\u2033 a 3\u2033 Acero al carbono cromado para DN 4\u2033 a 8\u2033<br \/>\n\u2022 Sellos: Caucho Nitrilo Vulcanizado<br \/>\n\u2022 Accesorios de conexi\u00f3n: En acero al carbono zincado seg\u00fan DIN 2353; Acero inoxidable bajo pedido<\/div>\n<div><\/div>\n<\/div>\n<div><em>* Distintas caracter\u00edsticas funcionales disponibles bajo pedido.<\/em><br \/>\n<em>** Los materiales arriba indicados se refieren a los modelos est\u00e1ndar.<\/em><br \/>\n<em>Se pueden proporcionar diferentes materiales seg\u00fan las necesidades espec\u00edficas.<\/em><\/div>\n<div><\/div>\n<p><strong>Descargas:<\/strong><\/p>\n<p><a href=\"https:\/\/equipmentcontrols.com\/wp-content\/uploads\/2020\/05\/SCN-CT_ENG_-USA-_10-2019.pdf\">Bolet\u00edn PF SCN CT<\/a><\/p>\n<p><a title=\"Manual t\u00e9cnico de Dival 160 Ap (ENG-ITA)\" href=\"https:\/\/equipmentcontrols.com\/wp-content\/uploads\/2020\/05\/983_scn_pts520_march_14.pdf\" target=\"_blank\" rel=\"noopener noreferrer\">PF SCN P\u00f3ster<\/a><\/p>","protected":false},"excerpt":{"rendered":"<p>PF SCN Slam Shut Safety Device The SCN is a compact safety device (SAV) which quickly intercepts gas flow whenever the pressure under monitoring reaches a pre-set limits, or whenever manually required by operator on site or through a remote command (optional device). SCN is a slam-shut valve with self-operated actuation and manual resetting, it [&hellip;]<\/p>\n","protected":false},"featured_media":1396,"template":"","meta":[],"product_brand":[],"product_cat":[139,46,59],"product_tag":[200,120,95,74,94],"class_list":{"0":"post-1372","1":"product","2":"type-product","3":"status-publish","4":"has-post-thumbnail","6":"product_cat-hydrogen-ready-pressure-products","7":"product_cat-pietro-fiorentini","8":"product_cat-safety-devices","9":"product_tag-pf-slam-shut","10":"product_tag-pietro-fiorentini","11":"product_tag-safegate-technology","12":"product_tag-slam-shut-device","13":"product_tag-slam-shut-safety-device","15":"first","16":"instock","17":"shipping-taxable","18":"product-type-simple"},"yoast_head":"<!-- This site is optimized with the Yoast SEO Premium plugin v23.9 (Yoast SEO v27.3) - https:\/\/yoast.com\/product\/yoast-seo-premium-wordpress\/ -->\n<title>PF SCN Slam Shut - ECCO<\/title>\n<meta name=\"description\" content=\"SCN is a slam-shut valve with self-operated actuation and manual resetting, ideal for distribution networks and industrial and chemical engineering.\" \/>\n<meta name=\"robots\" content=\"index, follow, max-snippet:-1, max-image-preview:large, max-video-preview:-1\" \/>\n<link rel=\"canonical\" href=\"https:\/\/equipmentcontrols.com\/es\/producto\/pf-scn-slam-shut\/\" \/>\n<meta property=\"og:locale\" content=\"es_MX\" \/>\n<meta property=\"og:type\" content=\"article\" \/>\n<meta property=\"og:title\" content=\"PF SCN Slam Shut\" \/>\n<meta property=\"og:description\" content=\"SCN is a slam-shut valve with self-operated actuation and manual resetting, ideal for distribution networks and industrial and chemical engineering.\" \/>\n<meta property=\"og:url\" content=\"https:\/\/equipmentcontrols.com\/es\/producto\/pf-scn-slam-shut\/\" \/>\n<meta property=\"og:site_name\" content=\"ECCO\" \/>\n<meta property=\"article:modified_time\" content=\"2024-01-31T16:56:10+00:00\" \/>\n<meta property=\"og:image\" content=\"https:\/\/equipmentcontrols.com\/wp-content\/uploads\/2020\/05\/PF-SCN.jpg\" \/>\n\t<meta property=\"og:image:width\" content=\"860\" \/>\n\t<meta property=\"og:image:height\" content=\"860\" \/>\n\t<meta property=\"og:image:type\" content=\"image\/jpeg\" \/>\n<meta name=\"twitter:card\" content=\"summary_large_image\" \/>\n<meta name=\"twitter:label1\" content=\"Tiempo de lectura\" \/>\n\t<meta name=\"twitter:data1\" content=\"3 minutos\" \/>\n<script type=\"application\/ld+json\" class=\"yoast-schema-graph\">{\"@context\":\"https:\\\/\\\/schema.org\",\"@graph\":[{\"@type\":\"WebPage\",\"@id\":\"https:\\\/\\\/equipmentcontrols.com\\\/product\\\/pf-scn-slam-shut\\\/\",\"url\":\"https:\\\/\\\/equipmentcontrols.com\\\/product\\\/pf-scn-slam-shut\\\/\",\"name\":\"PF SCN Slam Shut - ECCO\",\"isPartOf\":{\"@id\":\"https:\\\/\\\/equipmentcontrols.com\\\/#website\"},\"primaryImageOfPage\":{\"@id\":\"https:\\\/\\\/equipmentcontrols.com\\\/product\\\/pf-scn-slam-shut\\\/#primaryimage\"},\"image\":{\"@id\":\"https:\\\/\\\/equipmentcontrols.com\\\/product\\\/pf-scn-slam-shut\\\/#primaryimage\"},\"thumbnailUrl\":\"https:\\\/\\\/equipmentcontrols.com\\\/wp-content\\\/uploads\\\/2020\\\/05\\\/PF-SCN.jpg\",\"datePublished\":\"2020-05-13T14:11:44+00:00\",\"dateModified\":\"2024-01-31T16:56:10+00:00\",\"description\":\"SCN is a slam-shut valve with self-operated actuation and manual resetting, ideal for distribution networks and industrial and chemical engineering.\",\"breadcrumb\":{\"@id\":\"https:\\\/\\\/equipmentcontrols.com\\\/product\\\/pf-scn-slam-shut\\\/#breadcrumb\"},\"inLanguage\":\"es\",\"potentialAction\":[{\"@type\":\"ReadAction\",\"target\":[\"https:\\\/\\\/equipmentcontrols.com\\\/product\\\/pf-scn-slam-shut\\\/\"]}]},{\"@type\":\"ImageObject\",\"inLanguage\":\"es\",\"@id\":\"https:\\\/\\\/equipmentcontrols.com\\\/product\\\/pf-scn-slam-shut\\\/#primaryimage\",\"url\":\"https:\\\/\\\/equipmentcontrols.com\\\/wp-content\\\/uploads\\\/2020\\\/05\\\/PF-SCN.jpg\",\"contentUrl\":\"https:\\\/\\\/equipmentcontrols.com\\\/wp-content\\\/uploads\\\/2020\\\/05\\\/PF-SCN.jpg\",\"width\":860,\"height\":860,\"caption\":\"PF-SCN\"},{\"@type\":\"BreadcrumbList\",\"@id\":\"https:\\\/\\\/equipmentcontrols.com\\\/product\\\/pf-scn-slam-shut\\\/#breadcrumb\",\"itemListElement\":[{\"@type\":\"ListItem\",\"position\":1,\"name\":\"Home\",\"item\":\"https:\\\/\\\/equipmentcontrols.com\\\/\"},{\"@type\":\"ListItem\",\"position\":2,\"name\":\"Shop\",\"item\":\"https:\\\/\\\/equipmentcontrols.com\\\/shop\\\/\"},{\"@type\":\"ListItem\",\"position\":3,\"name\":\"PF SCN Slam Shut\"}]},{\"@type\":\"WebSite\",\"@id\":\"https:\\\/\\\/equipmentcontrols.com\\\/#website\",\"url\":\"https:\\\/\\\/equipmentcontrols.com\\\/\",\"name\":\"ECCO\",\"description\":\"Equipment Controls Company\",\"potentialAction\":[{\"@type\":\"SearchAction\",\"target\":{\"@type\":\"EntryPoint\",\"urlTemplate\":\"https:\\\/\\\/equipmentcontrols.com\\\/?s={search_term_string}\"},\"query-input\":{\"@type\":\"PropertyValueSpecification\",\"valueRequired\":true,\"valueName\":\"search_term_string\"}}],\"inLanguage\":\"es\"}]}<\/script>\n<!-- \/ Yoast SEO Premium plugin. -->","yoast_head_json":{"title":"PF SCN Slam Shut - ECCO","description":"SCN is a slam-shut valve with self-operated actuation and manual resetting, ideal for distribution networks and industrial and chemical engineering.","robots":{"index":"index","follow":"follow","max-snippet":"max-snippet:-1","max-image-preview":"max-image-preview:large","max-video-preview":"max-video-preview:-1"},"canonical":"https:\/\/equipmentcontrols.com\/es\/producto\/pf-scn-slam-shut\/","og_locale":"es_MX","og_type":"article","og_title":"PF SCN Slam Shut","og_description":"SCN is a slam-shut valve with self-operated actuation and manual resetting, ideal for distribution networks and industrial and chemical engineering.","og_url":"https:\/\/equipmentcontrols.com\/es\/producto\/pf-scn-slam-shut\/","og_site_name":"ECCO","article_modified_time":"2024-01-31T16:56:10+00:00","og_image":[{"width":860,"height":860,"url":"https:\/\/equipmentcontrols.com\/wp-content\/uploads\/2020\/05\/PF-SCN.jpg","type":"image\/jpeg"}],"twitter_card":"summary_large_image","twitter_misc":{"Tiempo de lectura":"3 minutos"},"schema":{"@context":"https:\/\/schema.org","@graph":[{"@type":"WebPage","@id":"https:\/\/equipmentcontrols.com\/product\/pf-scn-slam-shut\/","url":"https:\/\/equipmentcontrols.com\/product\/pf-scn-slam-shut\/","name":"PF SCN Slam Shut - ECCO","isPartOf":{"@id":"https:\/\/equipmentcontrols.com\/#website"},"primaryImageOfPage":{"@id":"https:\/\/equipmentcontrols.com\/product\/pf-scn-slam-shut\/#primaryimage"},"image":{"@id":"https:\/\/equipmentcontrols.com\/product\/pf-scn-slam-shut\/#primaryimage"},"thumbnailUrl":"https:\/\/equipmentcontrols.com\/wp-content\/uploads\/2020\/05\/PF-SCN.jpg","datePublished":"2020-05-13T14:11:44+00:00","dateModified":"2024-01-31T16:56:10+00:00","description":"SCN is a slam-shut valve with self-operated actuation and manual resetting, ideal for distribution networks and industrial and chemical engineering.","breadcrumb":{"@id":"https:\/\/equipmentcontrols.com\/product\/pf-scn-slam-shut\/#breadcrumb"},"inLanguage":"es","potentialAction":[{"@type":"ReadAction","target":["https:\/\/equipmentcontrols.com\/product\/pf-scn-slam-shut\/"]}]},{"@type":"ImageObject","inLanguage":"es","@id":"https:\/\/equipmentcontrols.com\/product\/pf-scn-slam-shut\/#primaryimage","url":"https:\/\/equipmentcontrols.com\/wp-content\/uploads\/2020\/05\/PF-SCN.jpg","contentUrl":"https:\/\/equipmentcontrols.com\/wp-content\/uploads\/2020\/05\/PF-SCN.jpg","width":860,"height":860,"caption":"PF-SCN"},{"@type":"BreadcrumbList","@id":"https:\/\/equipmentcontrols.com\/product\/pf-scn-slam-shut\/#breadcrumb","itemListElement":[{"@type":"ListItem","position":1,"name":"Home","item":"https:\/\/equipmentcontrols.com\/"},{"@type":"ListItem","position":2,"name":"Shop","item":"https:\/\/equipmentcontrols.com\/shop\/"},{"@type":"ListItem","position":3,"name":"PF SCN Slam Shut"}]},{"@type":"WebSite","@id":"https:\/\/equipmentcontrols.com\/#website","url":"https:\/\/equipmentcontrols.com\/","name":"ECCO","description":"Empresa de Control de Equipos","potentialAction":[{"@type":"SearchAction","target":{"@type":"EntryPoint","urlTemplate":"https:\/\/equipmentcontrols.com\/?s={search_term_string}"},"query-input":{"@type":"PropertyValueSpecification","valueRequired":true,"valueName":"search_term_string"}}],"inLanguage":"es"}]}},"_links":{"self":[{"href":"https:\/\/equipmentcontrols.com\/es\/wp-json\/wp\/v2\/product\/1372","targetHints":{"allow":["GET"]}}],"collection":[{"href":"https:\/\/equipmentcontrols.com\/es\/wp-json\/wp\/v2\/product"}],"about":[{"href":"https:\/\/equipmentcontrols.com\/es\/wp-json\/wp\/v2\/types\/product"}],"wp:featuredmedia":[{"embeddable":true,"href":"https:\/\/equipmentcontrols.com\/es\/wp-json\/wp\/v2\/media\/1396"}],"wp:attachment":[{"href":"https:\/\/equipmentcontrols.com\/es\/wp-json\/wp\/v2\/media?parent=1372"}],"wp:term":[{"taxonomy":"product_brand","embeddable":true,"href":"https:\/\/equipmentcontrols.com\/es\/wp-json\/wp\/v2\/product_brand?post=1372"},{"taxonomy":"product_cat","embeddable":true,"href":"https:\/\/equipmentcontrols.com\/es\/wp-json\/wp\/v2\/product_cat?post=1372"},{"taxonomy":"product_tag","embeddable":true,"href":"https:\/\/equipmentcontrols.com\/es\/wp-json\/wp\/v2\/product_tag?post=1372"}],"curies":[{"name":"wp","href":"https:\/\/api.w.org\/{rel}","templated":true}]}}