{"id":1208,"date":"2020-05-11T15:48:33","date_gmt":"2020-05-11T15:48:33","guid":{"rendered":"https:\/\/econtrols.stagemysite.com\/?post_type=product&#038;p=1208"},"modified":"2020-05-11T15:53:41","modified_gmt":"2020-05-11T15:53:41","slug":"imac-rotary-meter-flange-kits","status":"publish","type":"product","link":"https:\/\/equipmentcontrols.com\/es\/producto\/imac-rotary-meter-flange-kits\/","title":{"rendered":"Kits de brida de medidor rotatorio IMAC"},"content":{"rendered":"<h4>Kits de brida de medidor rotatorio IMAC<\/h4>\n<div class=\"c3t\">\n<p>IMAC ofrece kits de bridas para medidores de gas rotativos. Los kits incluyen bridas, pernos, tuercas y arandelas. Los kits est\u00e1n disponibles en tama\u00f1os de 2 a 6 pulgadas (ANSI 150#)<\/p>\n<p>Las bridas est\u00e1ndar son de acero al carbono, pero el hierro fundido tambi\u00e9n es opcional. Al realizar el pedido, especifique si las bridas deben ser de cuello roscado o soldadas (deslizantes). Las bridas reductoras tambi\u00e9n est\u00e1n disponibles bajo pedido. La junta tambi\u00e9n se puede sustituir por filtros de junta. Se pueden pedir bridas de todos los tama\u00f1os y estilos por separado de 2\u201d a 40\u201d, ANSI 150 a ANSI 900. Los kits de aislamiento tambi\u00e9n est\u00e1n disponibles a pedido.<\/p>\n<\/div>\n<p>&nbsp;<\/p>","protected":false},"excerpt":{"rendered":"<p>IMAC Rotary Meter Flange Kits IMAC offers flange kits for rotary gas meters. Kits include flanges, bolts, nuts and washers. Kits are available from 2 inches to 6 inches in size (ANSI 150#) Standard flanges are carbon steel, but cast iron is also optional. When ordering please specify if flanges should be thread neck or [&hellip;]<\/p>\n","protected":false},"featured_media":1195,"template":"","meta":[],"product_brand":[],"product_cat":[62,55],"product_tag":[],"class_list":{"0":"post-1208","1":"product","2":"type-product","3":"status-publish","4":"has-post-thumbnail","6":"product_cat-accessories","7":"product_cat-imac","9":"first","10":"instock","11":"shipping-taxable","12":"product-type-simple"},"yoast_head":"<!-- This site is optimized with the Yoast SEO Premium plugin v23.9 (Yoast SEO v27.3) - https:\/\/yoast.com\/product\/yoast-seo-premium-wordpress\/ -->\n<title>IMAC Rotary Meter Flange Kits - ECCO<\/title>\n<meta name=\"description\" content=\"IMAC offers flange kits for rotary gas meters. Kits include flanges, bolts, nuts and washers. Kits are available from 2 inches to 6 inches in size (ANSI 150#) \u00a0Standard flanges are carbon steel, but cast iron is also optional. When ordering please specify if flanges should be thread neck or weld-on (slip-on). Reducing flanges are also available upon request.\" \/>\n<meta name=\"robots\" content=\"index, follow, max-snippet:-1, max-image-preview:large, max-video-preview:-1\" \/>\n<link rel=\"canonical\" href=\"https:\/\/equipmentcontrols.com\/es\/producto\/imac-rotary-meter-flange-kits\/\" \/>\n<meta property=\"og:locale\" content=\"es_MX\" \/>\n<meta property=\"og:type\" content=\"article\" \/>\n<meta property=\"og:title\" content=\"IMAC Rotary Meter Flange Kits\" \/>\n<meta property=\"og:description\" content=\"IMAC offers flange kits for rotary gas meters. Kits include flanges, bolts, nuts and washers. Kits are available from 2 inches to 6 inches in size (ANSI 150#) \u00a0Standard flanges are carbon steel, but cast iron is also optional. When ordering please specify if flanges should be thread neck or weld-on (slip-on). Reducing flanges are also available upon request.\" \/>\n<meta property=\"og:url\" content=\"https:\/\/equipmentcontrols.com\/es\/producto\/imac-rotary-meter-flange-kits\/\" \/>\n<meta property=\"og:site_name\" content=\"ECCO\" \/>\n<meta property=\"article:modified_time\" content=\"2020-05-11T15:53:41+00:00\" \/>\n<meta property=\"og:image\" content=\"https:\/\/equipmentcontrols.com\/wp-content\/uploads\/2020\/05\/IMAC-Rotary-Meter-Flange-Kits.jpg\" \/>\n\t<meta property=\"og:image:width\" content=\"860\" \/>\n\t<meta property=\"og:image:height\" content=\"860\" \/>\n\t<meta property=\"og:image:type\" content=\"image\/jpeg\" \/>\n<meta name=\"twitter:card\" content=\"summary_large_image\" \/>\n<script type=\"application\/ld+json\" class=\"yoast-schema-graph\">{\"@context\":\"https:\\\/\\\/schema.org\",\"@graph\":[{\"@type\":\"WebPage\",\"@id\":\"https:\\\/\\\/equipmentcontrols.com\\\/product\\\/imac-rotary-meter-flange-kits\\\/\",\"url\":\"https:\\\/\\\/equipmentcontrols.com\\\/product\\\/imac-rotary-meter-flange-kits\\\/\",\"name\":\"IMAC Rotary Meter Flange Kits - ECCO\",\"isPartOf\":{\"@id\":\"https:\\\/\\\/equipmentcontrols.com\\\/#website\"},\"primaryImageOfPage\":{\"@id\":\"https:\\\/\\\/equipmentcontrols.com\\\/product\\\/imac-rotary-meter-flange-kits\\\/#primaryimage\"},\"image\":{\"@id\":\"https:\\\/\\\/equipmentcontrols.com\\\/product\\\/imac-rotary-meter-flange-kits\\\/#primaryimage\"},\"thumbnailUrl\":\"https:\\\/\\\/equipmentcontrols.com\\\/wp-content\\\/uploads\\\/2020\\\/05\\\/IMAC-Rotary-Meter-Flange-Kits.jpg\",\"datePublished\":\"2020-05-11T15:48:33+00:00\",\"dateModified\":\"2020-05-11T15:53:41+00:00\",\"description\":\"IMAC offers flange kits for rotary gas meters. Kits include flanges, bolts, nuts and washers. Kits are available from 2 inches to 6 inches in size (ANSI 150#) \u00a0Standard flanges are carbon steel, but cast iron is also optional. When ordering please specify if flanges should be thread neck or weld-on (slip-on). Reducing flanges are also available upon request.\",\"breadcrumb\":{\"@id\":\"https:\\\/\\\/equipmentcontrols.com\\\/product\\\/imac-rotary-meter-flange-kits\\\/#breadcrumb\"},\"inLanguage\":\"es\",\"potentialAction\":[{\"@type\":\"ReadAction\",\"target\":[\"https:\\\/\\\/equipmentcontrols.com\\\/product\\\/imac-rotary-meter-flange-kits\\\/\"]}]},{\"@type\":\"ImageObject\",\"inLanguage\":\"es\",\"@id\":\"https:\\\/\\\/equipmentcontrols.com\\\/product\\\/imac-rotary-meter-flange-kits\\\/#primaryimage\",\"url\":\"https:\\\/\\\/equipmentcontrols.com\\\/wp-content\\\/uploads\\\/2020\\\/05\\\/IMAC-Rotary-Meter-Flange-Kits.jpg\",\"contentUrl\":\"https:\\\/\\\/equipmentcontrols.com\\\/wp-content\\\/uploads\\\/2020\\\/05\\\/IMAC-Rotary-Meter-Flange-Kits.jpg\",\"width\":860,\"height\":860,\"caption\":\"IMAC-Rotary Meter Flange Kits\"},{\"@type\":\"BreadcrumbList\",\"@id\":\"https:\\\/\\\/equipmentcontrols.com\\\/product\\\/imac-rotary-meter-flange-kits\\\/#breadcrumb\",\"itemListElement\":[{\"@type\":\"ListItem\",\"position\":1,\"name\":\"Home\",\"item\":\"https:\\\/\\\/equipmentcontrols.com\\\/\"},{\"@type\":\"ListItem\",\"position\":2,\"name\":\"Shop\",\"item\":\"https:\\\/\\\/equipmentcontrols.com\\\/shop\\\/\"},{\"@type\":\"ListItem\",\"position\":3,\"name\":\"IMAC Rotary Meter Flange Kits\"}]},{\"@type\":\"WebSite\",\"@id\":\"https:\\\/\\\/equipmentcontrols.com\\\/#website\",\"url\":\"https:\\\/\\\/equipmentcontrols.com\\\/\",\"name\":\"ECCO\",\"description\":\"Equipment Controls Company\",\"potentialAction\":[{\"@type\":\"SearchAction\",\"target\":{\"@type\":\"EntryPoint\",\"urlTemplate\":\"https:\\\/\\\/equipmentcontrols.com\\\/?s={search_term_string}\"},\"query-input\":{\"@type\":\"PropertyValueSpecification\",\"valueRequired\":true,\"valueName\":\"search_term_string\"}}],\"inLanguage\":\"es\"}]}<\/script>\n<!-- \/ Yoast SEO Premium plugin. -->","yoast_head_json":{"title":"IMAC Rotary Meter Flange Kits - ECCO","description":"IMAC offers flange kits for rotary gas meters. Kits include flanges, bolts, nuts and washers. Kits are available from 2 inches to 6 inches in size (ANSI 150#) \u00a0Standard flanges are carbon steel, but cast iron is also optional. When ordering please specify if flanges should be thread neck or weld-on (slip-on). Reducing flanges are also available upon request.","robots":{"index":"index","follow":"follow","max-snippet":"max-snippet:-1","max-image-preview":"max-image-preview:large","max-video-preview":"max-video-preview:-1"},"canonical":"https:\/\/equipmentcontrols.com\/es\/producto\/imac-rotary-meter-flange-kits\/","og_locale":"es_MX","og_type":"article","og_title":"IMAC Rotary Meter Flange Kits","og_description":"IMAC offers flange kits for rotary gas meters. Kits include flanges, bolts, nuts and washers. Kits are available from 2 inches to 6 inches in size (ANSI 150#) \u00a0Standard flanges are carbon steel, but cast iron is also optional. When ordering please specify if flanges should be thread neck or weld-on (slip-on). Reducing flanges are also available upon request.","og_url":"https:\/\/equipmentcontrols.com\/es\/producto\/imac-rotary-meter-flange-kits\/","og_site_name":"ECCO","article_modified_time":"2020-05-11T15:53:41+00:00","og_image":[{"width":860,"height":860,"url":"https:\/\/equipmentcontrols.com\/wp-content\/uploads\/2020\/05\/IMAC-Rotary-Meter-Flange-Kits.jpg","type":"image\/jpeg"}],"twitter_card":"summary_large_image","schema":{"@context":"https:\/\/schema.org","@graph":[{"@type":"WebPage","@id":"https:\/\/equipmentcontrols.com\/product\/imac-rotary-meter-flange-kits\/","url":"https:\/\/equipmentcontrols.com\/product\/imac-rotary-meter-flange-kits\/","name":"IMAC Rotary Meter Flange Kits - ECCO","isPartOf":{"@id":"https:\/\/equipmentcontrols.com\/#website"},"primaryImageOfPage":{"@id":"https:\/\/equipmentcontrols.com\/product\/imac-rotary-meter-flange-kits\/#primaryimage"},"image":{"@id":"https:\/\/equipmentcontrols.com\/product\/imac-rotary-meter-flange-kits\/#primaryimage"},"thumbnailUrl":"https:\/\/equipmentcontrols.com\/wp-content\/uploads\/2020\/05\/IMAC-Rotary-Meter-Flange-Kits.jpg","datePublished":"2020-05-11T15:48:33+00:00","dateModified":"2020-05-11T15:53:41+00:00","description":"IMAC offers flange kits for rotary gas meters. Kits include flanges, bolts, nuts and washers. Kits are available from 2 inches to 6 inches in size (ANSI 150#) \u00a0Standard flanges are carbon steel, but cast iron is also optional. When ordering please specify if flanges should be thread neck or weld-on (slip-on). Reducing flanges are also available upon request.","breadcrumb":{"@id":"https:\/\/equipmentcontrols.com\/product\/imac-rotary-meter-flange-kits\/#breadcrumb"},"inLanguage":"es","potentialAction":[{"@type":"ReadAction","target":["https:\/\/equipmentcontrols.com\/product\/imac-rotary-meter-flange-kits\/"]}]},{"@type":"ImageObject","inLanguage":"es","@id":"https:\/\/equipmentcontrols.com\/product\/imac-rotary-meter-flange-kits\/#primaryimage","url":"https:\/\/equipmentcontrols.com\/wp-content\/uploads\/2020\/05\/IMAC-Rotary-Meter-Flange-Kits.jpg","contentUrl":"https:\/\/equipmentcontrols.com\/wp-content\/uploads\/2020\/05\/IMAC-Rotary-Meter-Flange-Kits.jpg","width":860,"height":860,"caption":"IMAC-Rotary Meter Flange Kits"},{"@type":"BreadcrumbList","@id":"https:\/\/equipmentcontrols.com\/product\/imac-rotary-meter-flange-kits\/#breadcrumb","itemListElement":[{"@type":"ListItem","position":1,"name":"Home","item":"https:\/\/equipmentcontrols.com\/"},{"@type":"ListItem","position":2,"name":"Shop","item":"https:\/\/equipmentcontrols.com\/shop\/"},{"@type":"ListItem","position":3,"name":"IMAC Rotary Meter Flange Kits"}]},{"@type":"WebSite","@id":"https:\/\/equipmentcontrols.com\/#website","url":"https:\/\/equipmentcontrols.com\/","name":"ECCO","description":"Empresa de Control de Equipos","potentialAction":[{"@type":"SearchAction","target":{"@type":"EntryPoint","urlTemplate":"https:\/\/equipmentcontrols.com\/?s={search_term_string}"},"query-input":{"@type":"PropertyValueSpecification","valueRequired":true,"valueName":"search_term_string"}}],"inLanguage":"es"}]}},"_links":{"self":[{"href":"https:\/\/equipmentcontrols.com\/es\/wp-json\/wp\/v2\/product\/1208","targetHints":{"allow":["GET"]}}],"collection":[{"href":"https:\/\/equipmentcontrols.com\/es\/wp-json\/wp\/v2\/product"}],"about":[{"href":"https:\/\/equipmentcontrols.com\/es\/wp-json\/wp\/v2\/types\/product"}],"wp:featuredmedia":[{"embeddable":true,"href":"https:\/\/equipmentcontrols.com\/es\/wp-json\/wp\/v2\/media\/1195"}],"wp:attachment":[{"href":"https:\/\/equipmentcontrols.com\/es\/wp-json\/wp\/v2\/media?parent=1208"}],"wp:term":[{"taxonomy":"product_brand","embeddable":true,"href":"https:\/\/equipmentcontrols.com\/es\/wp-json\/wp\/v2\/product_brand?post=1208"},{"taxonomy":"product_cat","embeddable":true,"href":"https:\/\/equipmentcontrols.com\/es\/wp-json\/wp\/v2\/product_cat?post=1208"},{"taxonomy":"product_tag","embeddable":true,"href":"https:\/\/equipmentcontrols.com\/es\/wp-json\/wp\/v2\/product_tag?post=1208"}],"curies":[{"name":"wp","href":"https:\/\/api.w.org\/{rel}","templated":true}]}}