{"id":1206,"date":"2020-05-11T15:37:32","date_gmt":"2020-05-11T15:37:32","guid":{"rendered":"https:\/\/econtrols.stagemysite.com\/?post_type=product&#038;p=1206"},"modified":"2020-05-11T15:44:20","modified_gmt":"2020-05-11T15:44:20","slug":"imac-gas-ptfe-polytetrafluoroethylene-yellow-and-silver-thread-tape","status":"publish","type":"product","link":"https:\/\/equipmentcontrols.com\/es\/producto\/imac-gas-ptfe-polytetrafluoroethylene-yellow-and-silver-thread-tape\/","title":{"rendered":"IMAC Gas PTFE (Politetrafluoroetileno) Cinta de rosca amarilla y plateada"},"content":{"rendered":"<h4>IMAC Gas PTFE (Politetrafluoroetileno) Cinta de rosca amarilla y plateada<\/h4>\n<p>IMAC ofrece cinta de sellado de gas amarilla de Unasco y cinta de acero inoxidable plateada. La cinta amarilla para sellado de gas es una cinta selladora de roscas superior de PTFE (politetrafluoroetileno) de alta densidad especialmente desarrollada para su uso en la industria del gas natural. Tambi\u00e9n se puede utilizar en muchas otras aplicaciones de hidrocarburos.<\/p>\n<ul>\n<li>Cinta fabricada con PTFE virgen puro 100% (politetrafluoroetileno)<\/li>\n<li>La cinta no se estira despu\u00e9s de la extrusi\u00f3n, por lo que resiste el desmenuzado<\/li>\n<li>Sin vida \u00fatil<\/li>\n<li>Se necesita menos cinta que otras cintas de PTFE (politetrafluoroetileno) porque es mucho m\u00e1s gruesa.<\/li>\n<li>Cinta de sellado de gas de PTFE (politetrafluoroetileno) fabricada espec\u00edficamente para la industria del gas<\/li>\n<li>Solo cinta de sellado de gas aprobada por AGA<\/li>\n<li>Act\u00faa como un lubricante para roscas que evita la excoriaci\u00f3n.<\/li>\n<li>no se quemar\u00e1<\/li>\n<li>La cinta no se estira despu\u00e9s de la extrusi\u00f3n para resistir la trituraci\u00f3n<\/li>\n<li>No se endurecer\u00e1 ni se agrietar\u00e1 con el tiempo.<\/li>\n<li>En stock para entrega de inmediato<\/li>\n<\/ul>\n<p>La cinta de acero inoxidable est\u00e1 dise\u00f1ada espec\u00edficamente para accesorios de acero inoxidable; El PTFE (Politetrafluoroetileno) ha sido impregnado con polvo de n\u00edquel. Este material act\u00faa como una placa de apoyo y ayuda a minimizar la excoriaci\u00f3n y el agarrotamiento por el contacto de metal con metal. Recomendado principalmente para roscas SST, pero tambi\u00e9n es compatible con acero galvanizado, hierro, lat\u00f3n, cobre, aluminio y varios pl\u00e1sticos. Es particularmente \u00fatil en aplicaciones de alta presi\u00f3n donde se usa un alto torque en accesorios peque\u00f1os.<\/p>\n<p>Las cintas de rosca de baja calidad tambi\u00e9n se fabrican con PTFE (politetrafluoroetileno), pero se estiran despu\u00e9s de la extrusi\u00f3n. El producto resultante es mucho m\u00e1s delgado y lleno de agujeros de aire como se muestra en las fotograf\u00edas del microscopio electr\u00f3nico. La cinta delgada y estirada se rompe, requiere muchas vueltas y los desgarros longitudinales permiten la filtraci\u00f3n lenta de olores y destilados a pesar de que el ajuste es herm\u00e9tico. La cinta de sellado de gas Unasco no est\u00e1 estirada y es mucho m\u00e1s densa, lo que elimina todos estos problemas. Tambi\u00e9n mantiene su elasticidad natural, lo que le permite seguir sellando incluso cuando las roscas se aflojan un poco. El color amarillo identifica claramente su presencia. Consulte nuestra documentaci\u00f3n para ver im\u00e1genes de la diferencia de densidades.<\/p>\n<p><strong>Descargas:<\/strong><br \/>\n<a href=\"https:\/\/equipmentcontrols.com\/wp-content\/uploads\/2020\/05\/Gas_Seal_PTFE_Thread_Tape-1.pdf\">Folleto de cinta de rosca PTFE IMAC <\/a><\/p>","protected":false},"excerpt":{"rendered":"<p>IMAC Gas PTFE (Polytetrafluoroethylene) Yellow and Silver Thread Tape IMAC offers Unasco yellow gas seal tape and silver stainless steel tape. The yellow gas seal tape is a superior, high density PTFE (Polytetrafluoroethylene) thread sealant tape specially developed for use in the natural gas industry. It may also be used in many other hydrocarbon applications. [&hellip;]<\/p>\n","protected":false},"featured_media":1192,"template":"","meta":[],"product_brand":[],"product_cat":[62,55],"product_tag":[],"class_list":{"0":"post-1206","1":"product","2":"type-product","3":"status-publish","4":"has-post-thumbnail","6":"product_cat-accessories","7":"product_cat-imac","9":"first","10":"instock","11":"shipping-taxable","12":"product-type-simple"},"yoast_head":"<!-- This site is optimized with the Yoast SEO Premium plugin v23.9 (Yoast SEO v27.3) - https:\/\/yoast.com\/product\/yoast-seo-premium-wordpress\/ -->\n<title>IMAC Gas PTFE (Polytetrafluoroethylene) Yellow and Silver Thread Tape - ECCO<\/title>\n<meta name=\"description\" content=\"IMAC gasket strainers are the last line of defense, protecting expensive downstream equipment from dangerous line debris such as loose scale, weld beads, grit, and other damaging foreign material. Strainers are an inexpensive and highly effective way to prevent failures and damage to downstream equipment.\" \/>\n<meta name=\"robots\" content=\"index, follow, max-snippet:-1, max-image-preview:large, max-video-preview:-1\" \/>\n<link rel=\"canonical\" href=\"https:\/\/equipmentcontrols.com\/es\/producto\/imac-gas-ptfe-polytetrafluoroethylene-yellow-and-silver-thread-tape\/\" \/>\n<meta property=\"og:locale\" content=\"es_MX\" \/>\n<meta property=\"og:type\" content=\"article\" \/>\n<meta property=\"og:title\" content=\"IMAC Gas PTFE (Polytetrafluoroethylene) Yellow and Silver Thread Tape\" \/>\n<meta property=\"og:description\" content=\"IMAC gasket strainers are the last line of defense, protecting expensive downstream equipment from dangerous line debris such as loose scale, weld beads, grit, and other damaging foreign material. Strainers are an inexpensive and highly effective way to prevent failures and damage to downstream equipment.\" \/>\n<meta property=\"og:url\" content=\"https:\/\/equipmentcontrols.com\/es\/producto\/imac-gas-ptfe-polytetrafluoroethylene-yellow-and-silver-thread-tape\/\" \/>\n<meta property=\"og:site_name\" content=\"ECCO\" \/>\n<meta property=\"article:modified_time\" content=\"2020-05-11T15:44:20+00:00\" \/>\n<meta property=\"og:image\" content=\"https:\/\/equipmentcontrols.com\/wp-content\/uploads\/2020\/05\/IMAC-Pipe-Joint-Tape.jpg\" \/>\n\t<meta property=\"og:image:width\" content=\"860\" \/>\n\t<meta property=\"og:image:height\" content=\"860\" \/>\n\t<meta property=\"og:image:type\" content=\"image\/jpeg\" \/>\n<meta name=\"twitter:card\" content=\"summary_large_image\" \/>\n<meta name=\"twitter:label1\" content=\"Tiempo de lectura\" \/>\n\t<meta name=\"twitter:data1\" content=\"2 minutos\" \/>\n<script type=\"application\/ld+json\" class=\"yoast-schema-graph\">{\"@context\":\"https:\\\/\\\/schema.org\",\"@graph\":[{\"@type\":\"WebPage\",\"@id\":\"https:\\\/\\\/equipmentcontrols.com\\\/product\\\/imac-gas-ptfe-polytetrafluoroethylene-yellow-and-silver-thread-tape\\\/\",\"url\":\"https:\\\/\\\/equipmentcontrols.com\\\/product\\\/imac-gas-ptfe-polytetrafluoroethylene-yellow-and-silver-thread-tape\\\/\",\"name\":\"IMAC Gas PTFE (Polytetrafluoroethylene) Yellow and Silver Thread Tape - ECCO\",\"isPartOf\":{\"@id\":\"https:\\\/\\\/equipmentcontrols.com\\\/#website\"},\"primaryImageOfPage\":{\"@id\":\"https:\\\/\\\/equipmentcontrols.com\\\/product\\\/imac-gas-ptfe-polytetrafluoroethylene-yellow-and-silver-thread-tape\\\/#primaryimage\"},\"image\":{\"@id\":\"https:\\\/\\\/equipmentcontrols.com\\\/product\\\/imac-gas-ptfe-polytetrafluoroethylene-yellow-and-silver-thread-tape\\\/#primaryimage\"},\"thumbnailUrl\":\"https:\\\/\\\/equipmentcontrols.com\\\/wp-content\\\/uploads\\\/2020\\\/05\\\/IMAC-Pipe-Joint-Tape.jpg\",\"datePublished\":\"2020-05-11T15:37:32+00:00\",\"dateModified\":\"2020-05-11T15:44:20+00:00\",\"description\":\"IMAC gasket strainers are the last line of defense, protecting expensive downstream equipment from dangerous line debris such as loose scale, weld beads, grit, and other damaging foreign material. Strainers are an inexpensive and highly effective way to prevent failures and damage to downstream equipment.\",\"breadcrumb\":{\"@id\":\"https:\\\/\\\/equipmentcontrols.com\\\/product\\\/imac-gas-ptfe-polytetrafluoroethylene-yellow-and-silver-thread-tape\\\/#breadcrumb\"},\"inLanguage\":\"es\",\"potentialAction\":[{\"@type\":\"ReadAction\",\"target\":[\"https:\\\/\\\/equipmentcontrols.com\\\/product\\\/imac-gas-ptfe-polytetrafluoroethylene-yellow-and-silver-thread-tape\\\/\"]}]},{\"@type\":\"ImageObject\",\"inLanguage\":\"es\",\"@id\":\"https:\\\/\\\/equipmentcontrols.com\\\/product\\\/imac-gas-ptfe-polytetrafluoroethylene-yellow-and-silver-thread-tape\\\/#primaryimage\",\"url\":\"https:\\\/\\\/equipmentcontrols.com\\\/wp-content\\\/uploads\\\/2020\\\/05\\\/IMAC-Pipe-Joint-Tape.jpg\",\"contentUrl\":\"https:\\\/\\\/equipmentcontrols.com\\\/wp-content\\\/uploads\\\/2020\\\/05\\\/IMAC-Pipe-Joint-Tape.jpg\",\"width\":860,\"height\":860,\"caption\":\"IMAC-Pipe Joint Tape\"},{\"@type\":\"BreadcrumbList\",\"@id\":\"https:\\\/\\\/equipmentcontrols.com\\\/product\\\/imac-gas-ptfe-polytetrafluoroethylene-yellow-and-silver-thread-tape\\\/#breadcrumb\",\"itemListElement\":[{\"@type\":\"ListItem\",\"position\":1,\"name\":\"Home\",\"item\":\"https:\\\/\\\/equipmentcontrols.com\\\/\"},{\"@type\":\"ListItem\",\"position\":2,\"name\":\"Shop\",\"item\":\"https:\\\/\\\/equipmentcontrols.com\\\/shop\\\/\"},{\"@type\":\"ListItem\",\"position\":3,\"name\":\"IMAC Gas PTFE (Polytetrafluoroethylene) Yellow and Silver Thread Tape\"}]},{\"@type\":\"WebSite\",\"@id\":\"https:\\\/\\\/equipmentcontrols.com\\\/#website\",\"url\":\"https:\\\/\\\/equipmentcontrols.com\\\/\",\"name\":\"ECCO\",\"description\":\"Equipment Controls Company\",\"potentialAction\":[{\"@type\":\"SearchAction\",\"target\":{\"@type\":\"EntryPoint\",\"urlTemplate\":\"https:\\\/\\\/equipmentcontrols.com\\\/?s={search_term_string}\"},\"query-input\":{\"@type\":\"PropertyValueSpecification\",\"valueRequired\":true,\"valueName\":\"search_term_string\"}}],\"inLanguage\":\"es\"}]}<\/script>\n<!-- \/ Yoast SEO Premium plugin. -->","yoast_head_json":{"title":"IMAC Gas PTFE (Polytetrafluoroethylene) Yellow and Silver Thread Tape - ECCO","description":"Los filtros de junta IMAC son la \u00faltima l\u00ednea de defensa, ya que protegen los costosos equipos aguas abajo de los peligrosos desechos de la l\u00ednea, como incrustaciones sueltas, cordones de soldadura, arena y otros materiales extra\u00f1os da\u00f1inos. Los filtros son una forma econ\u00f3mica y muy eficaz de evitar fallas y da\u00f1os en los equipos aguas abajo.","robots":{"index":"index","follow":"follow","max-snippet":"max-snippet:-1","max-image-preview":"max-image-preview:large","max-video-preview":"max-video-preview:-1"},"canonical":"https:\/\/equipmentcontrols.com\/es\/producto\/imac-gas-ptfe-polytetrafluoroethylene-yellow-and-silver-thread-tape\/","og_locale":"es_MX","og_type":"article","og_title":"IMAC Gas PTFE (Polytetrafluoroethylene) Yellow and Silver Thread Tape","og_description":"IMAC gasket strainers are the last line of defense, protecting expensive downstream equipment from dangerous line debris such as loose scale, weld beads, grit, and other damaging foreign material. Strainers are an inexpensive and highly effective way to prevent failures and damage to downstream equipment.","og_url":"https:\/\/equipmentcontrols.com\/es\/producto\/imac-gas-ptfe-polytetrafluoroethylene-yellow-and-silver-thread-tape\/","og_site_name":"ECCO","article_modified_time":"2020-05-11T15:44:20+00:00","og_image":[{"width":860,"height":860,"url":"https:\/\/equipmentcontrols.com\/wp-content\/uploads\/2020\/05\/IMAC-Pipe-Joint-Tape.jpg","type":"image\/jpeg"}],"twitter_card":"summary_large_image","twitter_misc":{"Tiempo de lectura":"2 minutos"},"schema":{"@context":"https:\/\/schema.org","@graph":[{"@type":"WebPage","@id":"https:\/\/equipmentcontrols.com\/product\/imac-gas-ptfe-polytetrafluoroethylene-yellow-and-silver-thread-tape\/","url":"https:\/\/equipmentcontrols.com\/product\/imac-gas-ptfe-polytetrafluoroethylene-yellow-and-silver-thread-tape\/","name":"IMAC Gas PTFE (Polytetrafluoroethylene) Yellow and Silver Thread Tape - ECCO","isPartOf":{"@id":"https:\/\/equipmentcontrols.com\/#website"},"primaryImageOfPage":{"@id":"https:\/\/equipmentcontrols.com\/product\/imac-gas-ptfe-polytetrafluoroethylene-yellow-and-silver-thread-tape\/#primaryimage"},"image":{"@id":"https:\/\/equipmentcontrols.com\/product\/imac-gas-ptfe-polytetrafluoroethylene-yellow-and-silver-thread-tape\/#primaryimage"},"thumbnailUrl":"https:\/\/equipmentcontrols.com\/wp-content\/uploads\/2020\/05\/IMAC-Pipe-Joint-Tape.jpg","datePublished":"2020-05-11T15:37:32+00:00","dateModified":"2020-05-11T15:44:20+00:00","description":"Los filtros de junta IMAC son la \u00faltima l\u00ednea de defensa, ya que protegen los costosos equipos aguas abajo de los peligrosos desechos de la l\u00ednea, como incrustaciones sueltas, cordones de soldadura, arena y otros materiales extra\u00f1os da\u00f1inos. Los filtros son una forma econ\u00f3mica y muy eficaz de evitar fallas y da\u00f1os en los equipos aguas abajo.","breadcrumb":{"@id":"https:\/\/equipmentcontrols.com\/product\/imac-gas-ptfe-polytetrafluoroethylene-yellow-and-silver-thread-tape\/#breadcrumb"},"inLanguage":"es","potentialAction":[{"@type":"ReadAction","target":["https:\/\/equipmentcontrols.com\/product\/imac-gas-ptfe-polytetrafluoroethylene-yellow-and-silver-thread-tape\/"]}]},{"@type":"ImageObject","inLanguage":"es","@id":"https:\/\/equipmentcontrols.com\/product\/imac-gas-ptfe-polytetrafluoroethylene-yellow-and-silver-thread-tape\/#primaryimage","url":"https:\/\/equipmentcontrols.com\/wp-content\/uploads\/2020\/05\/IMAC-Pipe-Joint-Tape.jpg","contentUrl":"https:\/\/equipmentcontrols.com\/wp-content\/uploads\/2020\/05\/IMAC-Pipe-Joint-Tape.jpg","width":860,"height":860,"caption":"IMAC-Pipe Joint Tape"},{"@type":"BreadcrumbList","@id":"https:\/\/equipmentcontrols.com\/product\/imac-gas-ptfe-polytetrafluoroethylene-yellow-and-silver-thread-tape\/#breadcrumb","itemListElement":[{"@type":"ListItem","position":1,"name":"Home","item":"https:\/\/equipmentcontrols.com\/"},{"@type":"ListItem","position":2,"name":"Shop","item":"https:\/\/equipmentcontrols.com\/shop\/"},{"@type":"ListItem","position":3,"name":"IMAC Gas PTFE (Polytetrafluoroethylene) Yellow and Silver Thread Tape"}]},{"@type":"WebSite","@id":"https:\/\/equipmentcontrols.com\/#website","url":"https:\/\/equipmentcontrols.com\/","name":"ECCO","description":"Empresa de Control de Equipos","potentialAction":[{"@type":"SearchAction","target":{"@type":"EntryPoint","urlTemplate":"https:\/\/equipmentcontrols.com\/?s={search_term_string}"},"query-input":{"@type":"PropertyValueSpecification","valueRequired":true,"valueName":"search_term_string"}}],"inLanguage":"es"}]}},"_links":{"self":[{"href":"https:\/\/equipmentcontrols.com\/es\/wp-json\/wp\/v2\/product\/1206","targetHints":{"allow":["GET"]}}],"collection":[{"href":"https:\/\/equipmentcontrols.com\/es\/wp-json\/wp\/v2\/product"}],"about":[{"href":"https:\/\/equipmentcontrols.com\/es\/wp-json\/wp\/v2\/types\/product"}],"wp:featuredmedia":[{"embeddable":true,"href":"https:\/\/equipmentcontrols.com\/es\/wp-json\/wp\/v2\/media\/1192"}],"wp:attachment":[{"href":"https:\/\/equipmentcontrols.com\/es\/wp-json\/wp\/v2\/media?parent=1206"}],"wp:term":[{"taxonomy":"product_brand","embeddable":true,"href":"https:\/\/equipmentcontrols.com\/es\/wp-json\/wp\/v2\/product_brand?post=1206"},{"taxonomy":"product_cat","embeddable":true,"href":"https:\/\/equipmentcontrols.com\/es\/wp-json\/wp\/v2\/product_cat?post=1206"},{"taxonomy":"product_tag","embeddable":true,"href":"https:\/\/equipmentcontrols.com\/es\/wp-json\/wp\/v2\/product_tag?post=1206"}],"curies":[{"name":"wp","href":"https:\/\/api.w.org\/{rel}","templated":true}]}}