{"id":1204,"date":"2020-05-11T15:31:36","date_gmt":"2020-05-11T15:31:36","guid":{"rendered":"https:\/\/econtrols.stagemysite.com\/?post_type=product&#038;p=1204"},"modified":"2020-05-11T15:36:05","modified_gmt":"2020-05-11T15:36:05","slug":"imac-gasket-strainers","status":"publish","type":"product","link":"https:\/\/equipmentcontrols.com\/es\/producto\/imac-gasket-strainers\/","title":{"rendered":"Filtros de juntas IMAC"},"content":{"rendered":"<h4>Filtros de juntas IMAC<\/h4>\n<p>Los filtros de junta IMAC son la \u00faltima l\u00ednea de defensa, ya que protegen los costosos equipos aguas abajo de los peligrosos desechos de la l\u00ednea, como incrustaciones sueltas, cordones de soldadura, arena y otros materiales extra\u00f1os da\u00f1inos. Los filtros son una forma econ\u00f3mica y muy eficaz de evitar fallas y da\u00f1os en los equipos aguas abajo.<\/p>\n<p><strong>Filtros de junta (obleas)<\/strong><\/p>\n<ul>\n<li>Construcci\u00f3n de oblea, f\u00e1cil de instalar entre 2 bridas (no se requiere espacio adicional)<\/li>\n<li>Disponible en estilo de cara completa o estilo de anillo (ANSI 150, ANSI 300 o ANSI 600)<\/li>\n<li>Sirve como junta funcional.<\/li>\n<li>El material de la junta es Garlock 3000 de alta calidad sin asbesto<\/li>\n<li>Las pantallas son de acero inoxidable 100%<\/li>\n<li>La malla de pantalla disponible incluye 20, 40, 60 (est\u00e1ndar), 80, 100 y 120<\/li>\n<\/ul>\n<p>*Las juntas Garlock 3000 sin asbesto (sin pantallas), de anillo o de cara completa tambi\u00e9n se pueden comprar en IMAC Systems, Inc.*<\/p>\n<p><strong>Descargas:<\/strong><br \/>\n<a href=\"https:\/\/equipmentcontrols.com\/wp-content\/uploads\/2020\/05\/Gas_Strainer_Filtration-1.pdf\">Hoja de datos de filtros de juntas IMAC <\/a><\/p>","protected":false},"excerpt":{"rendered":"<p>IMAC Gasket Strainers IMAC gasket strainers are the last line of defense, protecting expensive downstream equipment from dangerous line debris such as loose scale, weld beads, grit, and other damaging foreign material. Strainers are an inexpensive and highly effective way to prevent failures and damage to downstream equipment. Gasket (Wafer) Strainers Wafer construction, easy to [&hellip;]<\/p>\n","protected":false},"featured_media":1189,"template":"","meta":[],"product_brand":[],"product_cat":[62,55],"product_tag":[],"class_list":{"0":"post-1204","1":"product","2":"type-product","3":"status-publish","4":"has-post-thumbnail","6":"product_cat-accessories","7":"product_cat-imac","9":"first","10":"instock","11":"shipping-taxable","12":"product-type-simple"},"yoast_head":"<!-- This site is optimized with the Yoast SEO Premium plugin v23.9 (Yoast SEO v27.3) - https:\/\/yoast.com\/product\/yoast-seo-premium-wordpress\/ -->\n<title>IMAC Gasket Strainers - ECCO<\/title>\n<meta name=\"description\" content=\"IMAC gasket strainers are the last line of defense, protecting expensive downstream equipment from dangerous line debris such as loose scale, weld beads, grit, and other damaging foreign material. Strainers are an inexpensive and highly effective way to prevent failures and damage to downstream equipment.\" \/>\n<meta name=\"robots\" content=\"index, follow, max-snippet:-1, max-image-preview:large, max-video-preview:-1\" \/>\n<link rel=\"canonical\" href=\"https:\/\/equipmentcontrols.com\/es\/producto\/imac-gasket-strainers\/\" \/>\n<meta property=\"og:locale\" content=\"es_MX\" \/>\n<meta property=\"og:type\" content=\"article\" \/>\n<meta property=\"og:title\" content=\"IMAC Gasket Strainers\" \/>\n<meta property=\"og:description\" content=\"IMAC gasket strainers are the last line of defense, protecting expensive downstream equipment from dangerous line debris such as loose scale, weld beads, grit, and other damaging foreign material. Strainers are an inexpensive and highly effective way to prevent failures and damage to downstream equipment.\" \/>\n<meta property=\"og:url\" content=\"https:\/\/equipmentcontrols.com\/es\/producto\/imac-gasket-strainers\/\" \/>\n<meta property=\"og:site_name\" content=\"ECCO\" \/>\n<meta property=\"article:modified_time\" content=\"2020-05-11T15:36:05+00:00\" \/>\n<meta property=\"og:image\" content=\"https:\/\/equipmentcontrols.com\/wp-content\/uploads\/2020\/05\/IMAC-Gasket-Strainers.jpg\" \/>\n\t<meta property=\"og:image:width\" content=\"860\" \/>\n\t<meta property=\"og:image:height\" content=\"860\" \/>\n\t<meta property=\"og:image:type\" content=\"image\/jpeg\" \/>\n<meta name=\"twitter:card\" content=\"summary_large_image\" \/>\n<meta name=\"twitter:label1\" content=\"Tiempo de lectura\" \/>\n\t<meta name=\"twitter:data1\" content=\"1 minuto\" \/>\n<script type=\"application\/ld+json\" class=\"yoast-schema-graph\">{\"@context\":\"https:\\\/\\\/schema.org\",\"@graph\":[{\"@type\":\"WebPage\",\"@id\":\"https:\\\/\\\/equipmentcontrols.com\\\/product\\\/imac-gasket-strainers\\\/\",\"url\":\"https:\\\/\\\/equipmentcontrols.com\\\/product\\\/imac-gasket-strainers\\\/\",\"name\":\"IMAC Gasket Strainers - ECCO\",\"isPartOf\":{\"@id\":\"https:\\\/\\\/equipmentcontrols.com\\\/#website\"},\"primaryImageOfPage\":{\"@id\":\"https:\\\/\\\/equipmentcontrols.com\\\/product\\\/imac-gasket-strainers\\\/#primaryimage\"},\"image\":{\"@id\":\"https:\\\/\\\/equipmentcontrols.com\\\/product\\\/imac-gasket-strainers\\\/#primaryimage\"},\"thumbnailUrl\":\"https:\\\/\\\/equipmentcontrols.com\\\/wp-content\\\/uploads\\\/2020\\\/05\\\/IMAC-Gasket-Strainers.jpg\",\"datePublished\":\"2020-05-11T15:31:36+00:00\",\"dateModified\":\"2020-05-11T15:36:05+00:00\",\"description\":\"IMAC gasket strainers are the last line of defense, protecting expensive downstream equipment from dangerous line debris such as loose scale, weld beads, grit, and other damaging foreign material. Strainers are an inexpensive and highly effective way to prevent failures and damage to downstream equipment.\",\"breadcrumb\":{\"@id\":\"https:\\\/\\\/equipmentcontrols.com\\\/product\\\/imac-gasket-strainers\\\/#breadcrumb\"},\"inLanguage\":\"es\",\"potentialAction\":[{\"@type\":\"ReadAction\",\"target\":[\"https:\\\/\\\/equipmentcontrols.com\\\/product\\\/imac-gasket-strainers\\\/\"]}]},{\"@type\":\"ImageObject\",\"inLanguage\":\"es\",\"@id\":\"https:\\\/\\\/equipmentcontrols.com\\\/product\\\/imac-gasket-strainers\\\/#primaryimage\",\"url\":\"https:\\\/\\\/equipmentcontrols.com\\\/wp-content\\\/uploads\\\/2020\\\/05\\\/IMAC-Gasket-Strainers.jpg\",\"contentUrl\":\"https:\\\/\\\/equipmentcontrols.com\\\/wp-content\\\/uploads\\\/2020\\\/05\\\/IMAC-Gasket-Strainers.jpg\",\"width\":860,\"height\":860,\"caption\":\"IMAC-Gasket Strainers\"},{\"@type\":\"BreadcrumbList\",\"@id\":\"https:\\\/\\\/equipmentcontrols.com\\\/product\\\/imac-gasket-strainers\\\/#breadcrumb\",\"itemListElement\":[{\"@type\":\"ListItem\",\"position\":1,\"name\":\"Home\",\"item\":\"https:\\\/\\\/equipmentcontrols.com\\\/\"},{\"@type\":\"ListItem\",\"position\":2,\"name\":\"Shop\",\"item\":\"https:\\\/\\\/equipmentcontrols.com\\\/shop\\\/\"},{\"@type\":\"ListItem\",\"position\":3,\"name\":\"IMAC Gasket Strainers\"}]},{\"@type\":\"WebSite\",\"@id\":\"https:\\\/\\\/equipmentcontrols.com\\\/#website\",\"url\":\"https:\\\/\\\/equipmentcontrols.com\\\/\",\"name\":\"ECCO\",\"description\":\"Equipment Controls Company\",\"potentialAction\":[{\"@type\":\"SearchAction\",\"target\":{\"@type\":\"EntryPoint\",\"urlTemplate\":\"https:\\\/\\\/equipmentcontrols.com\\\/?s={search_term_string}\"},\"query-input\":{\"@type\":\"PropertyValueSpecification\",\"valueRequired\":true,\"valueName\":\"search_term_string\"}}],\"inLanguage\":\"es\"}]}<\/script>\n<!-- \/ Yoast SEO Premium plugin. -->","yoast_head_json":{"title":"IMAC Gasket Strainers - ECCO","description":"Los filtros de junta IMAC son la \u00faltima l\u00ednea de defensa, ya que protegen los costosos equipos aguas abajo de los peligrosos desechos de la l\u00ednea, como incrustaciones sueltas, cordones de soldadura, arena y otros materiales extra\u00f1os da\u00f1inos. Los filtros son una forma econ\u00f3mica y muy eficaz de evitar fallas y da\u00f1os en los equipos aguas abajo.","robots":{"index":"index","follow":"follow","max-snippet":"max-snippet:-1","max-image-preview":"max-image-preview:large","max-video-preview":"max-video-preview:-1"},"canonical":"https:\/\/equipmentcontrols.com\/es\/producto\/imac-gasket-strainers\/","og_locale":"es_MX","og_type":"article","og_title":"IMAC Gasket Strainers","og_description":"IMAC gasket strainers are the last line of defense, protecting expensive downstream equipment from dangerous line debris such as loose scale, weld beads, grit, and other damaging foreign material. Strainers are an inexpensive and highly effective way to prevent failures and damage to downstream equipment.","og_url":"https:\/\/equipmentcontrols.com\/es\/producto\/imac-gasket-strainers\/","og_site_name":"ECCO","article_modified_time":"2020-05-11T15:36:05+00:00","og_image":[{"width":860,"height":860,"url":"https:\/\/equipmentcontrols.com\/wp-content\/uploads\/2020\/05\/IMAC-Gasket-Strainers.jpg","type":"image\/jpeg"}],"twitter_card":"summary_large_image","twitter_misc":{"Tiempo de lectura":"1 minuto"},"schema":{"@context":"https:\/\/schema.org","@graph":[{"@type":"WebPage","@id":"https:\/\/equipmentcontrols.com\/product\/imac-gasket-strainers\/","url":"https:\/\/equipmentcontrols.com\/product\/imac-gasket-strainers\/","name":"IMAC Gasket Strainers - ECCO","isPartOf":{"@id":"https:\/\/equipmentcontrols.com\/#website"},"primaryImageOfPage":{"@id":"https:\/\/equipmentcontrols.com\/product\/imac-gasket-strainers\/#primaryimage"},"image":{"@id":"https:\/\/equipmentcontrols.com\/product\/imac-gasket-strainers\/#primaryimage"},"thumbnailUrl":"https:\/\/equipmentcontrols.com\/wp-content\/uploads\/2020\/05\/IMAC-Gasket-Strainers.jpg","datePublished":"2020-05-11T15:31:36+00:00","dateModified":"2020-05-11T15:36:05+00:00","description":"Los filtros de junta IMAC son la \u00faltima l\u00ednea de defensa, ya que protegen los costosos equipos aguas abajo de los peligrosos desechos de la l\u00ednea, como incrustaciones sueltas, cordones de soldadura, arena y otros materiales extra\u00f1os da\u00f1inos. Los filtros son una forma econ\u00f3mica y muy eficaz de evitar fallas y da\u00f1os en los equipos aguas abajo.","breadcrumb":{"@id":"https:\/\/equipmentcontrols.com\/product\/imac-gasket-strainers\/#breadcrumb"},"inLanguage":"es","potentialAction":[{"@type":"ReadAction","target":["https:\/\/equipmentcontrols.com\/product\/imac-gasket-strainers\/"]}]},{"@type":"ImageObject","inLanguage":"es","@id":"https:\/\/equipmentcontrols.com\/product\/imac-gasket-strainers\/#primaryimage","url":"https:\/\/equipmentcontrols.com\/wp-content\/uploads\/2020\/05\/IMAC-Gasket-Strainers.jpg","contentUrl":"https:\/\/equipmentcontrols.com\/wp-content\/uploads\/2020\/05\/IMAC-Gasket-Strainers.jpg","width":860,"height":860,"caption":"IMAC-Gasket Strainers"},{"@type":"BreadcrumbList","@id":"https:\/\/equipmentcontrols.com\/product\/imac-gasket-strainers\/#breadcrumb","itemListElement":[{"@type":"ListItem","position":1,"name":"Home","item":"https:\/\/equipmentcontrols.com\/"},{"@type":"ListItem","position":2,"name":"Shop","item":"https:\/\/equipmentcontrols.com\/shop\/"},{"@type":"ListItem","position":3,"name":"IMAC Gasket Strainers"}]},{"@type":"WebSite","@id":"https:\/\/equipmentcontrols.com\/#website","url":"https:\/\/equipmentcontrols.com\/","name":"ECCO","description":"Empresa de Control de Equipos","potentialAction":[{"@type":"SearchAction","target":{"@type":"EntryPoint","urlTemplate":"https:\/\/equipmentcontrols.com\/?s={search_term_string}"},"query-input":{"@type":"PropertyValueSpecification","valueRequired":true,"valueName":"search_term_string"}}],"inLanguage":"es"}]}},"_links":{"self":[{"href":"https:\/\/equipmentcontrols.com\/es\/wp-json\/wp\/v2\/product\/1204","targetHints":{"allow":["GET"]}}],"collection":[{"href":"https:\/\/equipmentcontrols.com\/es\/wp-json\/wp\/v2\/product"}],"about":[{"href":"https:\/\/equipmentcontrols.com\/es\/wp-json\/wp\/v2\/types\/product"}],"wp:featuredmedia":[{"embeddable":true,"href":"https:\/\/equipmentcontrols.com\/es\/wp-json\/wp\/v2\/media\/1189"}],"wp:attachment":[{"href":"https:\/\/equipmentcontrols.com\/es\/wp-json\/wp\/v2\/media?parent=1204"}],"wp:term":[{"taxonomy":"product_brand","embeddable":true,"href":"https:\/\/equipmentcontrols.com\/es\/wp-json\/wp\/v2\/product_brand?post=1204"},{"taxonomy":"product_cat","embeddable":true,"href":"https:\/\/equipmentcontrols.com\/es\/wp-json\/wp\/v2\/product_cat?post=1204"},{"taxonomy":"product_tag","embeddable":true,"href":"https:\/\/equipmentcontrols.com\/es\/wp-json\/wp\/v2\/product_tag?post=1204"}],"curies":[{"name":"wp","href":"https:\/\/api.w.org\/{rel}","templated":true}]}}