{"id":1200,"date":"2020-05-11T15:18:59","date_gmt":"2020-05-11T15:18:59","guid":{"rendered":"https:\/\/econtrols.stagemysite.com\/?post_type=product&#038;p=1200"},"modified":"2020-05-11T15:26:16","modified_gmt":"2020-05-11T15:26:16","slug":"imac-pulsimatic-transmitter","status":"publish","type":"product","link":"https:\/\/equipmentcontrols.com\/es\/producto\/imac-pulsimatic-transmitter\/","title":{"rendered":"Transmisor Pulsim\u00e1tico IMAC"},"content":{"rendered":"<h4>Transmisor Pulsim\u00e1tico IMAC<\/h4>\n<p>EL TRANSMISOR PULSIMATICO IMAC es la forma econ\u00f3mica de transmitir datos de salida de volumen no corregidos desde medidores de gas a equipos remotos de registro y totalizaci\u00f3n. Disponible en diez salidas de pulsos diferentes para satisfacer la mayor\u00eda de los requisitos, el TRANSMISOR PULSIMATIC tiene un perfil bajo pr\u00e1cticamente indestructible que no interfiere con la disposici\u00f3n de tuber\u00edas existente.<\/p>\n<ul>\n<li>Funciona a un par extremadamente bajo<\/li>\n<li>La carcasa de aluminio fundido maquinado con precisi\u00f3n de una sola pieza brinda protecci\u00f3n para el mecanismo de pulsaci\u00f3n junto con una acci\u00f3n mec\u00e1nica precisa<\/li>\n<li>Salidas individuales o dobles independientes disponibles en todos los modelos SE ADAPTA a todos los tipos de medidores de tama\u00f1o industrial con un \u00edndice mec\u00e1nico vertical: diafragma, rotativo, turbina<\/li>\n<li>Montaje en campo extremadamente R\u00c1PIDO y F\u00c1CIL, se monta entre el medidor y el \u00edndice o instrumento<\/li>\n<li>Ideal para sistemas de adquisici\u00f3n de datos, AMR (lectura autom\u00e1tica de medidores), AMI (infraestructura de medici\u00f3n avanzada), sistemas de totalizaci\u00f3n remota, PLC y SCADA<\/li>\n<\/ul>\n<p>El transmisor IMAC Pulsimatic se adapta a todo tipo de medidores de gas de tama\u00f1o industrial\/comercial con \u00edndice mec\u00e1nico vertical (diafragma\/turbina\/giratorio). El transmisor Pulsimatic tambi\u00e9n act\u00faa como una fuente secundaria de conteo si falla el \u00edndice del medidor. Para medidores residenciales\/dom\u00e9sticos, consulte nuestro generador de pulsos de medidores dom\u00e9sticos.<\/p>\n<p>Hay muchas opciones diferentes disponibles; por favor consulte la literatura para m\u00e1s informaci\u00f3n.<\/p>\n<p><strong>Descargas:<\/strong><br \/>\n<a href=\"https:\/\/equipmentcontrols.com\/wp-content\/uploads\/2020\/05\/Pulsimatic_Transmitter-1.pdf\">Hoja de datos del transmisor IMAC Pulsimatic <\/a><\/p>\n<p><a href=\"https:\/\/equipmentcontrols.com\/wp-content\/uploads\/2020\/05\/Pulsimatic-Mounting-Instructions-1.pdf\">Instrucciones de montaje del transmisor IMAC Pulsimatic<\/a><\/p>","protected":false},"excerpt":{"rendered":"<p>IMAC Pulsimatic Transmitter THE IMAC PULSIMATIC TRANSMITTER is the economical way to transmit uncorrected volume output data from gas meters to remote totalizing and recording equipment. Available in ten different pulse outputs to fill most requirements, the PULSIMATIC TRANSMITTER has a virtually indestructible low profile that does not interfere with existing piping arrangement. Operates at [&hellip;]<\/p>\n","protected":false},"featured_media":1193,"template":"","meta":[],"product_brand":[],"product_cat":[62,55],"product_tag":[],"class_list":{"0":"post-1200","1":"product","2":"type-product","3":"status-publish","4":"has-post-thumbnail","6":"product_cat-accessories","7":"product_cat-imac","9":"first","10":"instock","11":"shipping-taxable","12":"product-type-simple"},"yoast_head":"<!-- This site is optimized with the Yoast SEO Premium plugin v23.9 (Yoast SEO v27.3) - https:\/\/yoast.com\/product\/yoast-seo-premium-wordpress\/ -->\n<title>IMAC Pulsimatic Transmitter - ECCO<\/title>\n<meta name=\"description\" content=\"The Domestic Meter Pulser is an economical and effortless way to retrofit residential and laboratory gas meters with a reliable pulse output.THE IMAC PULSIMATIC TRANSMITTER is the economical way to transmit uncorrected volume output data from gas meters to remote totalizing and recording equipment. Available in ten different pulse outputs to fill most requirements, the PULSIMATIC TRANSMITTER has a virtually indestructible low profile that does not interfere with existing piping arrangement.\" \/>\n<meta name=\"robots\" content=\"index, follow, max-snippet:-1, max-image-preview:large, max-video-preview:-1\" \/>\n<link rel=\"canonical\" href=\"https:\/\/equipmentcontrols.com\/es\/producto\/imac-pulsimatic-transmitter\/\" \/>\n<meta property=\"og:locale\" content=\"es_MX\" \/>\n<meta property=\"og:type\" content=\"article\" \/>\n<meta property=\"og:title\" content=\"IMAC Pulsimatic Transmitter\" \/>\n<meta property=\"og:description\" content=\"The Domestic Meter Pulser is an economical and effortless way to retrofit residential and laboratory gas meters with a reliable pulse output.THE IMAC PULSIMATIC TRANSMITTER is the economical way to transmit uncorrected volume output data from gas meters to remote totalizing and recording equipment. Available in ten different pulse outputs to fill most requirements, the PULSIMATIC TRANSMITTER has a virtually indestructible low profile that does not interfere with existing piping arrangement.\" \/>\n<meta property=\"og:url\" content=\"https:\/\/equipmentcontrols.com\/es\/producto\/imac-pulsimatic-transmitter\/\" \/>\n<meta property=\"og:site_name\" content=\"ECCO\" \/>\n<meta property=\"article:modified_time\" content=\"2020-05-11T15:26:16+00:00\" \/>\n<meta property=\"og:image\" content=\"https:\/\/equipmentcontrols.com\/wp-content\/uploads\/2020\/05\/IMAC-Pulsimatic-Transmitter.jpg\" \/>\n\t<meta property=\"og:image:width\" content=\"860\" \/>\n\t<meta property=\"og:image:height\" content=\"860\" \/>\n\t<meta property=\"og:image:type\" content=\"image\/jpeg\" \/>\n<meta name=\"twitter:card\" content=\"summary_large_image\" \/>\n<meta name=\"twitter:label1\" content=\"Tiempo de lectura\" \/>\n\t<meta name=\"twitter:data1\" content=\"1 minuto\" \/>\n<script type=\"application\/ld+json\" class=\"yoast-schema-graph\">{\"@context\":\"https:\\\/\\\/schema.org\",\"@graph\":[{\"@type\":\"WebPage\",\"@id\":\"https:\\\/\\\/equipmentcontrols.com\\\/product\\\/imac-pulsimatic-transmitter\\\/\",\"url\":\"https:\\\/\\\/equipmentcontrols.com\\\/product\\\/imac-pulsimatic-transmitter\\\/\",\"name\":\"IMAC Pulsimatic Transmitter - ECCO\",\"isPartOf\":{\"@id\":\"https:\\\/\\\/equipmentcontrols.com\\\/#website\"},\"primaryImageOfPage\":{\"@id\":\"https:\\\/\\\/equipmentcontrols.com\\\/product\\\/imac-pulsimatic-transmitter\\\/#primaryimage\"},\"image\":{\"@id\":\"https:\\\/\\\/equipmentcontrols.com\\\/product\\\/imac-pulsimatic-transmitter\\\/#primaryimage\"},\"thumbnailUrl\":\"https:\\\/\\\/equipmentcontrols.com\\\/wp-content\\\/uploads\\\/2020\\\/05\\\/IMAC-Pulsimatic-Transmitter.jpg\",\"datePublished\":\"2020-05-11T15:18:59+00:00\",\"dateModified\":\"2020-05-11T15:26:16+00:00\",\"description\":\"The Domestic Meter Pulser is an economical and effortless way to retrofit residential and laboratory gas meters with a reliable pulse output.THE IMAC PULSIMATIC TRANSMITTER is the economical way to transmit uncorrected volume output data from gas meters to remote totalizing and recording equipment. Available in ten different pulse outputs to fill most requirements, the PULSIMATIC TRANSMITTER has a virtually indestructible low profile that does not interfere with existing piping arrangement.\",\"breadcrumb\":{\"@id\":\"https:\\\/\\\/equipmentcontrols.com\\\/product\\\/imac-pulsimatic-transmitter\\\/#breadcrumb\"},\"inLanguage\":\"es\",\"potentialAction\":[{\"@type\":\"ReadAction\",\"target\":[\"https:\\\/\\\/equipmentcontrols.com\\\/product\\\/imac-pulsimatic-transmitter\\\/\"]}]},{\"@type\":\"ImageObject\",\"inLanguage\":\"es\",\"@id\":\"https:\\\/\\\/equipmentcontrols.com\\\/product\\\/imac-pulsimatic-transmitter\\\/#primaryimage\",\"url\":\"https:\\\/\\\/equipmentcontrols.com\\\/wp-content\\\/uploads\\\/2020\\\/05\\\/IMAC-Pulsimatic-Transmitter.jpg\",\"contentUrl\":\"https:\\\/\\\/equipmentcontrols.com\\\/wp-content\\\/uploads\\\/2020\\\/05\\\/IMAC-Pulsimatic-Transmitter.jpg\",\"width\":860,\"height\":860,\"caption\":\"IMAC-Pulsimatic Transmitter\"},{\"@type\":\"BreadcrumbList\",\"@id\":\"https:\\\/\\\/equipmentcontrols.com\\\/product\\\/imac-pulsimatic-transmitter\\\/#breadcrumb\",\"itemListElement\":[{\"@type\":\"ListItem\",\"position\":1,\"name\":\"Home\",\"item\":\"https:\\\/\\\/equipmentcontrols.com\\\/\"},{\"@type\":\"ListItem\",\"position\":2,\"name\":\"Shop\",\"item\":\"https:\\\/\\\/equipmentcontrols.com\\\/shop\\\/\"},{\"@type\":\"ListItem\",\"position\":3,\"name\":\"IMAC Pulsimatic Transmitter\"}]},{\"@type\":\"WebSite\",\"@id\":\"https:\\\/\\\/equipmentcontrols.com\\\/#website\",\"url\":\"https:\\\/\\\/equipmentcontrols.com\\\/\",\"name\":\"ECCO\",\"description\":\"Equipment Controls Company\",\"potentialAction\":[{\"@type\":\"SearchAction\",\"target\":{\"@type\":\"EntryPoint\",\"urlTemplate\":\"https:\\\/\\\/equipmentcontrols.com\\\/?s={search_term_string}\"},\"query-input\":{\"@type\":\"PropertyValueSpecification\",\"valueRequired\":true,\"valueName\":\"search_term_string\"}}],\"inLanguage\":\"es\"}]}<\/script>\n<!-- \/ Yoast SEO Premium plugin. -->","yoast_head_json":{"title":"IMAC Pulsimatic Transmitter - ECCO","description":"The Domestic Meter Pulser is an economical and effortless way to retrofit residential and laboratory gas meters with a reliable pulse output.THE IMAC PULSIMATIC TRANSMITTER is the economical way to transmit uncorrected volume output data from gas meters to remote totalizing and recording equipment. Available in ten different pulse outputs to fill most requirements, the PULSIMATIC TRANSMITTER has a virtually indestructible low profile that does not interfere with existing piping arrangement.","robots":{"index":"index","follow":"follow","max-snippet":"max-snippet:-1","max-image-preview":"max-image-preview:large","max-video-preview":"max-video-preview:-1"},"canonical":"https:\/\/equipmentcontrols.com\/es\/producto\/imac-pulsimatic-transmitter\/","og_locale":"es_MX","og_type":"article","og_title":"IMAC Pulsimatic Transmitter","og_description":"The Domestic Meter Pulser is an economical and effortless way to retrofit residential and laboratory gas meters with a reliable pulse output.THE IMAC PULSIMATIC TRANSMITTER is the economical way to transmit uncorrected volume output data from gas meters to remote totalizing and recording equipment. Available in ten different pulse outputs to fill most requirements, the PULSIMATIC TRANSMITTER has a virtually indestructible low profile that does not interfere with existing piping arrangement.","og_url":"https:\/\/equipmentcontrols.com\/es\/producto\/imac-pulsimatic-transmitter\/","og_site_name":"ECCO","article_modified_time":"2020-05-11T15:26:16+00:00","og_image":[{"width":860,"height":860,"url":"https:\/\/equipmentcontrols.com\/wp-content\/uploads\/2020\/05\/IMAC-Pulsimatic-Transmitter.jpg","type":"image\/jpeg"}],"twitter_card":"summary_large_image","twitter_misc":{"Tiempo de lectura":"1 minuto"},"schema":{"@context":"https:\/\/schema.org","@graph":[{"@type":"WebPage","@id":"https:\/\/equipmentcontrols.com\/product\/imac-pulsimatic-transmitter\/","url":"https:\/\/equipmentcontrols.com\/product\/imac-pulsimatic-transmitter\/","name":"IMAC Pulsimatic Transmitter - ECCO","isPartOf":{"@id":"https:\/\/equipmentcontrols.com\/#website"},"primaryImageOfPage":{"@id":"https:\/\/equipmentcontrols.com\/product\/imac-pulsimatic-transmitter\/#primaryimage"},"image":{"@id":"https:\/\/equipmentcontrols.com\/product\/imac-pulsimatic-transmitter\/#primaryimage"},"thumbnailUrl":"https:\/\/equipmentcontrols.com\/wp-content\/uploads\/2020\/05\/IMAC-Pulsimatic-Transmitter.jpg","datePublished":"2020-05-11T15:18:59+00:00","dateModified":"2020-05-11T15:26:16+00:00","description":"The Domestic Meter Pulser is an economical and effortless way to retrofit residential and laboratory gas meters with a reliable pulse output.THE IMAC PULSIMATIC TRANSMITTER is the economical way to transmit uncorrected volume output data from gas meters to remote totalizing and recording equipment. Available in ten different pulse outputs to fill most requirements, the PULSIMATIC TRANSMITTER has a virtually indestructible low profile that does not interfere with existing piping arrangement.","breadcrumb":{"@id":"https:\/\/equipmentcontrols.com\/product\/imac-pulsimatic-transmitter\/#breadcrumb"},"inLanguage":"es","potentialAction":[{"@type":"ReadAction","target":["https:\/\/equipmentcontrols.com\/product\/imac-pulsimatic-transmitter\/"]}]},{"@type":"ImageObject","inLanguage":"es","@id":"https:\/\/equipmentcontrols.com\/product\/imac-pulsimatic-transmitter\/#primaryimage","url":"https:\/\/equipmentcontrols.com\/wp-content\/uploads\/2020\/05\/IMAC-Pulsimatic-Transmitter.jpg","contentUrl":"https:\/\/equipmentcontrols.com\/wp-content\/uploads\/2020\/05\/IMAC-Pulsimatic-Transmitter.jpg","width":860,"height":860,"caption":"IMAC-Pulsimatic Transmitter"},{"@type":"BreadcrumbList","@id":"https:\/\/equipmentcontrols.com\/product\/imac-pulsimatic-transmitter\/#breadcrumb","itemListElement":[{"@type":"ListItem","position":1,"name":"Home","item":"https:\/\/equipmentcontrols.com\/"},{"@type":"ListItem","position":2,"name":"Shop","item":"https:\/\/equipmentcontrols.com\/shop\/"},{"@type":"ListItem","position":3,"name":"IMAC Pulsimatic Transmitter"}]},{"@type":"WebSite","@id":"https:\/\/equipmentcontrols.com\/#website","url":"https:\/\/equipmentcontrols.com\/","name":"ECCO","description":"Empresa de Control de Equipos","potentialAction":[{"@type":"SearchAction","target":{"@type":"EntryPoint","urlTemplate":"https:\/\/equipmentcontrols.com\/?s={search_term_string}"},"query-input":{"@type":"PropertyValueSpecification","valueRequired":true,"valueName":"search_term_string"}}],"inLanguage":"es"}]}},"_links":{"self":[{"href":"https:\/\/equipmentcontrols.com\/es\/wp-json\/wp\/v2\/product\/1200","targetHints":{"allow":["GET"]}}],"collection":[{"href":"https:\/\/equipmentcontrols.com\/es\/wp-json\/wp\/v2\/product"}],"about":[{"href":"https:\/\/equipmentcontrols.com\/es\/wp-json\/wp\/v2\/types\/product"}],"wp:featuredmedia":[{"embeddable":true,"href":"https:\/\/equipmentcontrols.com\/es\/wp-json\/wp\/v2\/media\/1193"}],"wp:attachment":[{"href":"https:\/\/equipmentcontrols.com\/es\/wp-json\/wp\/v2\/media?parent=1200"}],"wp:term":[{"taxonomy":"product_brand","embeddable":true,"href":"https:\/\/equipmentcontrols.com\/es\/wp-json\/wp\/v2\/product_brand?post=1200"},{"taxonomy":"product_cat","embeddable":true,"href":"https:\/\/equipmentcontrols.com\/es\/wp-json\/wp\/v2\/product_cat?post=1200"},{"taxonomy":"product_tag","embeddable":true,"href":"https:\/\/equipmentcontrols.com\/es\/wp-json\/wp\/v2\/product_tag?post=1200"}],"curies":[{"name":"wp","href":"https:\/\/api.w.org\/{rel}","templated":true}]}}