{"id":1198,"date":"2020-05-11T15:06:24","date_gmt":"2020-05-11T15:06:24","guid":{"rendered":"https:\/\/econtrols.stagemysite.com\/?post_type=product&#038;p=1198"},"modified":"2026-03-04T20:28:57","modified_gmt":"2026-03-04T20:28:57","slug":"imac-domestic-meter-pulser","status":"publish","type":"product","link":"https:\/\/equipmentcontrols.com\/es\/producto\/imac-domestic-meter-pulser\/","title":{"rendered":"Pulsador de medidor dom\u00e9stico IMAC"},"content":{"rendered":"<h4>Pulsador de medidor dom\u00e9stico IMAC<\/h4>\n<p>El generador de pulsos para medidores dom\u00e9sticos es una forma econ\u00f3mica y sencilla de adaptar medidores de gas residenciales y de laboratorio con una salida de pulsos confiable.<\/p>\n<ul>\n<li>M\u00e9todo econ\u00f3mico para obtener salida de pulsos de medidores con un \u00edndice montado en el frente<\/li>\n<li>Se adapta a medidores American de 175 a 630, (Rockwell) de 175 a 415 y todos los medidores de diafragma de Schlumberger (Sprague)<\/li>\n<li>Se instalar\u00e1 en cualquier \u00edndice de medidor de montaje frontal, incluidos los medidores de prueba de laboratorio<\/li>\n<li>Aluminio mecanizado resistente<\/li>\n<li>Construcci\u00f3n sellada con componentes internos de acero inoxidable<\/li>\n<li>Dise\u00f1ado para resistir la manipulaci\u00f3n.<\/li>\n<\/ul>\n<p>Disponible en 2 \/ 1 \/ 10 \/ 500 \/ 1000 Pulso por salida de revoluci\u00f3n.<\/p>\n<p>Los generadores de impulsos del medidor dom\u00e9stico se suministran premontados en una nueva cubierta de \u00edndice. Esto da como resultado una instalaci\u00f3n muy r\u00e1pida, sin errores y f\u00e1cil.<\/p>\n<p><strong>Descargas:<\/strong><br \/>\n<a href=\"https:\/\/equipmentcontrols.com\/wp-content\/uploads\/2026\/03\/Domestic_Meter_Pulser.pdf\">Hoja de datos del pulsador de medidor dom\u00e9stico IMAC <\/a><\/p>","protected":false},"excerpt":{"rendered":"<p>IMAC Domestic Meter Pulser The Domestic Meter Pulser is an economical and effortless way to retrofit residential and laboratory gas meters with a reliable pulse output. Economical method to obtain pulse output from meters with a front mounted index Fits American 175 thru 630 meters, (Rockwell) 175 thru 415 meters and all Schlumberger (Sprague) diaphragm [&hellip;]<\/p>\n","protected":false},"featured_media":1188,"template":"","meta":[],"product_brand":[],"product_cat":[62,55],"product_tag":[],"class_list":{"0":"post-1198","1":"product","2":"type-product","3":"status-publish","4":"has-post-thumbnail","6":"product_cat-accessories","7":"product_cat-imac","9":"first","10":"instock","11":"shipping-taxable","12":"product-type-simple"},"yoast_head":"<!-- This site is optimized with the Yoast SEO Premium plugin v23.9 (Yoast SEO v27.3) - https:\/\/yoast.com\/product\/yoast-seo-premium-wordpress\/ -->\n<title>IMAC Domestic Meter Pulser - ECCO<\/title>\n<meta name=\"description\" content=\"The Domestic Meter Pulser is an economical and effortless way to retrofit residential and laboratory gas meters with a reliable pulse output.\" \/>\n<meta name=\"robots\" content=\"index, follow, max-snippet:-1, max-image-preview:large, max-video-preview:-1\" \/>\n<link rel=\"canonical\" href=\"https:\/\/equipmentcontrols.com\/es\/producto\/imac-domestic-meter-pulser\/\" \/>\n<meta property=\"og:locale\" content=\"es_MX\" \/>\n<meta property=\"og:type\" content=\"article\" \/>\n<meta property=\"og:title\" content=\"IMAC Domestic Meter Pulser\" \/>\n<meta property=\"og:description\" content=\"The Domestic Meter Pulser is an economical and effortless way to retrofit residential and laboratory gas meters with a reliable pulse output.\" \/>\n<meta property=\"og:url\" content=\"https:\/\/equipmentcontrols.com\/es\/producto\/imac-domestic-meter-pulser\/\" \/>\n<meta property=\"og:site_name\" content=\"ECCO\" \/>\n<meta property=\"article:modified_time\" content=\"2026-03-04T20:28:57+00:00\" \/>\n<meta property=\"og:image\" content=\"https:\/\/equipmentcontrols.com\/wp-content\/uploads\/2020\/05\/IMAC-Domestic-Meter-Pulser.jpg\" \/>\n\t<meta property=\"og:image:width\" content=\"860\" \/>\n\t<meta property=\"og:image:height\" content=\"860\" \/>\n\t<meta property=\"og:image:type\" content=\"image\/jpeg\" \/>\n<meta name=\"twitter:card\" content=\"summary_large_image\" \/>\n<meta name=\"twitter:label1\" content=\"Tiempo de lectura\" \/>\n\t<meta name=\"twitter:data1\" content=\"1 minuto\" \/>\n<script type=\"application\/ld+json\" class=\"yoast-schema-graph\">{\"@context\":\"https:\\\/\\\/schema.org\",\"@graph\":[{\"@type\":\"WebPage\",\"@id\":\"https:\\\/\\\/equipmentcontrols.com\\\/product\\\/imac-domestic-meter-pulser\\\/\",\"url\":\"https:\\\/\\\/equipmentcontrols.com\\\/product\\\/imac-domestic-meter-pulser\\\/\",\"name\":\"IMAC Domestic Meter Pulser - ECCO\",\"isPartOf\":{\"@id\":\"https:\\\/\\\/equipmentcontrols.com\\\/#website\"},\"primaryImageOfPage\":{\"@id\":\"https:\\\/\\\/equipmentcontrols.com\\\/product\\\/imac-domestic-meter-pulser\\\/#primaryimage\"},\"image\":{\"@id\":\"https:\\\/\\\/equipmentcontrols.com\\\/product\\\/imac-domestic-meter-pulser\\\/#primaryimage\"},\"thumbnailUrl\":\"https:\\\/\\\/equipmentcontrols.com\\\/wp-content\\\/uploads\\\/2020\\\/05\\\/IMAC-Domestic-Meter-Pulser.jpg\",\"datePublished\":\"2020-05-11T15:06:24+00:00\",\"dateModified\":\"2026-03-04T20:28:57+00:00\",\"description\":\"The Domestic Meter Pulser is an economical and effortless way to retrofit residential and laboratory gas meters with a reliable pulse output.\",\"breadcrumb\":{\"@id\":\"https:\\\/\\\/equipmentcontrols.com\\\/product\\\/imac-domestic-meter-pulser\\\/#breadcrumb\"},\"inLanguage\":\"es\",\"potentialAction\":[{\"@type\":\"ReadAction\",\"target\":[\"https:\\\/\\\/equipmentcontrols.com\\\/product\\\/imac-domestic-meter-pulser\\\/\"]}]},{\"@type\":\"ImageObject\",\"inLanguage\":\"es\",\"@id\":\"https:\\\/\\\/equipmentcontrols.com\\\/product\\\/imac-domestic-meter-pulser\\\/#primaryimage\",\"url\":\"https:\\\/\\\/equipmentcontrols.com\\\/wp-content\\\/uploads\\\/2020\\\/05\\\/IMAC-Domestic-Meter-Pulser.jpg\",\"contentUrl\":\"https:\\\/\\\/equipmentcontrols.com\\\/wp-content\\\/uploads\\\/2020\\\/05\\\/IMAC-Domestic-Meter-Pulser.jpg\",\"width\":860,\"height\":860,\"caption\":\"IMAC-Domestic Meter Pulser\"},{\"@type\":\"BreadcrumbList\",\"@id\":\"https:\\\/\\\/equipmentcontrols.com\\\/product\\\/imac-domestic-meter-pulser\\\/#breadcrumb\",\"itemListElement\":[{\"@type\":\"ListItem\",\"position\":1,\"name\":\"Home\",\"item\":\"https:\\\/\\\/equipmentcontrols.com\\\/\"},{\"@type\":\"ListItem\",\"position\":2,\"name\":\"Shop\",\"item\":\"https:\\\/\\\/equipmentcontrols.com\\\/shop\\\/\"},{\"@type\":\"ListItem\",\"position\":3,\"name\":\"IMAC Domestic Meter Pulser\"}]},{\"@type\":\"WebSite\",\"@id\":\"https:\\\/\\\/equipmentcontrols.com\\\/#website\",\"url\":\"https:\\\/\\\/equipmentcontrols.com\\\/\",\"name\":\"ECCO\",\"description\":\"Equipment Controls Company\",\"potentialAction\":[{\"@type\":\"SearchAction\",\"target\":{\"@type\":\"EntryPoint\",\"urlTemplate\":\"https:\\\/\\\/equipmentcontrols.com\\\/?s={search_term_string}\"},\"query-input\":{\"@type\":\"PropertyValueSpecification\",\"valueRequired\":true,\"valueName\":\"search_term_string\"}}],\"inLanguage\":\"es\"}]}<\/script>\n<!-- \/ Yoast SEO Premium plugin. -->","yoast_head_json":{"title":"IMAC Domestic Meter Pulser - ECCO","description":"El generador de pulsos para medidores dom\u00e9sticos es una forma econ\u00f3mica y sencilla de adaptar medidores de gas residenciales y de laboratorio con una salida de pulsos confiable.","robots":{"index":"index","follow":"follow","max-snippet":"max-snippet:-1","max-image-preview":"max-image-preview:large","max-video-preview":"max-video-preview:-1"},"canonical":"https:\/\/equipmentcontrols.com\/es\/producto\/imac-domestic-meter-pulser\/","og_locale":"es_MX","og_type":"article","og_title":"IMAC Domestic Meter Pulser","og_description":"The Domestic Meter Pulser is an economical and effortless way to retrofit residential and laboratory gas meters with a reliable pulse output.","og_url":"https:\/\/equipmentcontrols.com\/es\/producto\/imac-domestic-meter-pulser\/","og_site_name":"ECCO","article_modified_time":"2026-03-04T20:28:57+00:00","og_image":[{"width":860,"height":860,"url":"https:\/\/equipmentcontrols.com\/wp-content\/uploads\/2020\/05\/IMAC-Domestic-Meter-Pulser.jpg","type":"image\/jpeg"}],"twitter_card":"summary_large_image","twitter_misc":{"Tiempo de lectura":"1 minuto"},"schema":{"@context":"https:\/\/schema.org","@graph":[{"@type":"WebPage","@id":"https:\/\/equipmentcontrols.com\/product\/imac-domestic-meter-pulser\/","url":"https:\/\/equipmentcontrols.com\/product\/imac-domestic-meter-pulser\/","name":"IMAC Domestic Meter Pulser - ECCO","isPartOf":{"@id":"https:\/\/equipmentcontrols.com\/#website"},"primaryImageOfPage":{"@id":"https:\/\/equipmentcontrols.com\/product\/imac-domestic-meter-pulser\/#primaryimage"},"image":{"@id":"https:\/\/equipmentcontrols.com\/product\/imac-domestic-meter-pulser\/#primaryimage"},"thumbnailUrl":"https:\/\/equipmentcontrols.com\/wp-content\/uploads\/2020\/05\/IMAC-Domestic-Meter-Pulser.jpg","datePublished":"2020-05-11T15:06:24+00:00","dateModified":"2026-03-04T20:28:57+00:00","description":"El generador de pulsos para medidores dom\u00e9sticos es una forma econ\u00f3mica y sencilla de adaptar medidores de gas residenciales y de laboratorio con una salida de pulsos confiable.","breadcrumb":{"@id":"https:\/\/equipmentcontrols.com\/product\/imac-domestic-meter-pulser\/#breadcrumb"},"inLanguage":"es","potentialAction":[{"@type":"ReadAction","target":["https:\/\/equipmentcontrols.com\/product\/imac-domestic-meter-pulser\/"]}]},{"@type":"ImageObject","inLanguage":"es","@id":"https:\/\/equipmentcontrols.com\/product\/imac-domestic-meter-pulser\/#primaryimage","url":"https:\/\/equipmentcontrols.com\/wp-content\/uploads\/2020\/05\/IMAC-Domestic-Meter-Pulser.jpg","contentUrl":"https:\/\/equipmentcontrols.com\/wp-content\/uploads\/2020\/05\/IMAC-Domestic-Meter-Pulser.jpg","width":860,"height":860,"caption":"IMAC-Domestic Meter Pulser"},{"@type":"BreadcrumbList","@id":"https:\/\/equipmentcontrols.com\/product\/imac-domestic-meter-pulser\/#breadcrumb","itemListElement":[{"@type":"ListItem","position":1,"name":"Home","item":"https:\/\/equipmentcontrols.com\/"},{"@type":"ListItem","position":2,"name":"Shop","item":"https:\/\/equipmentcontrols.com\/shop\/"},{"@type":"ListItem","position":3,"name":"IMAC Domestic Meter Pulser"}]},{"@type":"WebSite","@id":"https:\/\/equipmentcontrols.com\/#website","url":"https:\/\/equipmentcontrols.com\/","name":"ECCO","description":"Empresa de Control de Equipos","potentialAction":[{"@type":"SearchAction","target":{"@type":"EntryPoint","urlTemplate":"https:\/\/equipmentcontrols.com\/?s={search_term_string}"},"query-input":{"@type":"PropertyValueSpecification","valueRequired":true,"valueName":"search_term_string"}}],"inLanguage":"es"}]}},"_links":{"self":[{"href":"https:\/\/equipmentcontrols.com\/es\/wp-json\/wp\/v2\/product\/1198","targetHints":{"allow":["GET"]}}],"collection":[{"href":"https:\/\/equipmentcontrols.com\/es\/wp-json\/wp\/v2\/product"}],"about":[{"href":"https:\/\/equipmentcontrols.com\/es\/wp-json\/wp\/v2\/types\/product"}],"wp:featuredmedia":[{"embeddable":true,"href":"https:\/\/equipmentcontrols.com\/es\/wp-json\/wp\/v2\/media\/1188"}],"wp:attachment":[{"href":"https:\/\/equipmentcontrols.com\/es\/wp-json\/wp\/v2\/media?parent=1198"}],"wp:term":[{"taxonomy":"product_brand","embeddable":true,"href":"https:\/\/equipmentcontrols.com\/es\/wp-json\/wp\/v2\/product_brand?post=1198"},{"taxonomy":"product_cat","embeddable":true,"href":"https:\/\/equipmentcontrols.com\/es\/wp-json\/wp\/v2\/product_cat?post=1198"},{"taxonomy":"product_tag","embeddable":true,"href":"https:\/\/equipmentcontrols.com\/es\/wp-json\/wp\/v2\/product_tag?post=1198"}],"curies":[{"name":"wp","href":"https:\/\/api.w.org\/{rel}","templated":true}]}}