{"id":1196,"date":"2020-05-11T14:56:12","date_gmt":"2020-05-11T14:56:12","guid":{"rendered":"https:\/\/econtrols.stagemysite.com\/?post_type=product&#038;p=1196"},"modified":"2020-05-11T15:02:18","modified_gmt":"2020-05-11T15:02:18","slug":"petes-plug-temperature-pressure-reading","status":"publish","type":"product","link":"https:\/\/equipmentcontrols.com\/es\/producto\/petes-plug-temperature-pressure-reading\/","title":{"rendered":"Lectura de temperatura y presi\u00f3n de Pete&#039;s Plug\u00ae"},"content":{"rendered":"<h4>Lectura de temperatura y presi\u00f3n de Pete&#039;s Plug\u00ae<\/h4>\n<ul>\n<li>El Pete&#039;s Plug\u00ae permite tomar lecturas de presi\u00f3n y temperatura sin dejar medidores costosos en la l\u00ednea<\/li>\n<li>El Pete&#039;s Plug\u00ae tiene dos v\u00e1lvulas de cierre autom\u00e1tico que mejoran la velocidad de cierre de la v\u00e1lvula<\/li>\n<li>Disponible en varios tama\u00f1os de rosca, longitudes y materiales adecuados para todas las aplicaciones<\/li>\n<li>Elimina accesorios adicionales para aplicaciones aisladas<\/li>\n<\/ul>\n<p>Pete&#039;s Plug II \u00ae le permite tomar lecturas de presi\u00f3n o temperatura r\u00e1pidamente y elimina la necesidad de dejar medidores o indicadores de temperatura costosos en la l\u00ednea. Dependiendo de las aplicaciones, el Pete&#039;s Plug puede funcionar a un m\u00e1ximo de 500 PSIG y 200 \u00b0F o 275 \u00b0F para neopreno o nordel respectivamente. Se pueden alcanzar presiones de trabajo m\u00e1ximas de 1000 PSIG con neopreno o nordel a temperaturas de 140 \u00b0F a -20 \u00b0F.<\/p>\n<p>Esta versi\u00f3n mejorada de Pete&#039;s Plug \u00ae sigue siendo el \u00fanico tap\u00f3n de prueba de presi\u00f3n y temperatura con dos v\u00e1lvulas de cierre autom\u00e1tico, pero las v\u00e1lvulas se han mejorado con la interacci\u00f3n que acelera el cierre de la v\u00e1lvula. Pete&#039;s Plug II \u00ae est\u00e1 disponible en varios tama\u00f1os de rosca de tuber\u00eda, longitudes y materiales para satisfacer cada aplicaci\u00f3n. El Pete&#039;s Plug II \u00ae de la serie XL le permitir\u00e1 aislar el punto de prueba y no cubrir completamente el Pete&#039;s Plug II \u00ae. XL Pete&#039;s Plug II \u00ae elimina los accesorios adicionales para aplicaciones aisladas.<\/p>\n<p>No se deje enga\u00f1ar por imitaciones de Pete&#039;s Plugs \u00ae con un solo n\u00facleo, busque el relieve justo en el cuerpo del enchufe que dice &quot;Pete&#039;s Plug II&quot; \u00ae.<\/p>\n<p>Pete&#039;s Plug es una marca registrada y el dise\u00f1o de la v\u00e1lvula est\u00e1 totalmente patentado.<\/p>\n<p><strong>Descargas:<\/strong><br \/>\n<a href=\"https:\/\/equipmentcontrols.com\/wp-content\/uploads\/2020\/05\/petes_plugII-1.pdf\">Hoja de datos del enchufe de IMAC Pete <\/a><\/p>","protected":false},"excerpt":{"rendered":"<p>Pete&#8217;s Plug\u00ae Temperature &amp; Pressure Reading The Pete\u2019s Plug\u00ae allows pressure and temperature readings to be taken without leaving costly gauges on the line The Pete\u2019s Plug\u00ae has two self-closing valves improve the speed of valve closure Available in various thread sizes, lengths, and materials suitable for all applications Eliminates extra fittings for insulated applications [&hellip;]<\/p>\n","protected":false},"featured_media":1191,"template":"","meta":[],"product_brand":[],"product_cat":[62,55],"product_tag":[],"class_list":{"0":"post-1196","1":"product","2":"type-product","3":"status-publish","4":"has-post-thumbnail","6":"product_cat-accessories","7":"product_cat-imac","9":"first","10":"instock","11":"shipping-taxable","12":"product-type-simple"},"yoast_head":"<!-- This site is optimized with the Yoast SEO Premium plugin v23.9 (Yoast SEO v27.3) - https:\/\/yoast.com\/product\/yoast-seo-premium-wordpress\/ -->\n<title>Pete&#039;s Plug\u00ae Temperature &amp; Pressure Reading - ECCO<\/title>\n<meta name=\"description\" content=\"Excess Flow Valve # P41by Gas BreakerExcess Flow Valve Model P41 1 &quot;CTS .101 WALL, 3408, 12&quot; LONG, with Series 300 ValvePete&#039;s Plug II \u00ae allows you to take pressure or temperature readings quickly and eliminates the need for leaving costly gauges or temperature indicators on the line. Depending on the applications, the Pete&#039;s Plug can be operated to a maximum of 500 PSIG and 200\u00b0F or 275\u00b0F for neoprene or nordel respectively. Maximum working pressures of 1000 PSIG can be attained with neoprene or nordel at temperatures from 140\u00b0F to -20\u00b0F.\" \/>\n<meta name=\"robots\" content=\"index, follow, max-snippet:-1, max-image-preview:large, max-video-preview:-1\" \/>\n<link rel=\"canonical\" href=\"https:\/\/equipmentcontrols.com\/es\/producto\/petes-plug-temperature-pressure-reading\/\" \/>\n<meta property=\"og:locale\" content=\"es_MX\" \/>\n<meta property=\"og:type\" content=\"article\" \/>\n<meta property=\"og:title\" content=\"Pete&#039;s Plug\u00ae Temperature &amp; Pressure Reading\" \/>\n<meta property=\"og:description\" content=\"Excess Flow Valve # P41by Gas BreakerExcess Flow Valve Model P41 1 &quot;CTS .101 WALL, 3408, 12&quot; LONG, with Series 300 ValvePete&#039;s Plug II \u00ae allows you to take pressure or temperature readings quickly and eliminates the need for leaving costly gauges or temperature indicators on the line. Depending on the applications, the Pete&#039;s Plug can be operated to a maximum of 500 PSIG and 200\u00b0F or 275\u00b0F for neoprene or nordel respectively. Maximum working pressures of 1000 PSIG can be attained with neoprene or nordel at temperatures from 140\u00b0F to -20\u00b0F.\" \/>\n<meta property=\"og:url\" content=\"https:\/\/equipmentcontrols.com\/es\/producto\/petes-plug-temperature-pressure-reading\/\" \/>\n<meta property=\"og:site_name\" content=\"ECCO\" \/>\n<meta property=\"article:modified_time\" content=\"2020-05-11T15:02:18+00:00\" \/>\n<meta property=\"og:image\" content=\"https:\/\/equipmentcontrols.com\/wp-content\/uploads\/2020\/05\/IMAC-Petes-Plug.jpg\" \/>\n\t<meta property=\"og:image:width\" content=\"860\" \/>\n\t<meta property=\"og:image:height\" content=\"860\" \/>\n\t<meta property=\"og:image:type\" content=\"image\/jpeg\" \/>\n<meta name=\"twitter:card\" content=\"summary_large_image\" \/>\n<meta name=\"twitter:label1\" content=\"Tiempo de lectura\" \/>\n\t<meta name=\"twitter:data1\" content=\"1 minuto\" \/>\n<script type=\"application\/ld+json\" class=\"yoast-schema-graph\">{\"@context\":\"https:\\\/\\\/schema.org\",\"@graph\":[{\"@type\":\"WebPage\",\"@id\":\"https:\\\/\\\/equipmentcontrols.com\\\/product\\\/petes-plug-temperature-pressure-reading\\\/\",\"url\":\"https:\\\/\\\/equipmentcontrols.com\\\/product\\\/petes-plug-temperature-pressure-reading\\\/\",\"name\":\"Pete's Plug\u00ae Temperature & Pressure Reading - ECCO\",\"isPartOf\":{\"@id\":\"https:\\\/\\\/equipmentcontrols.com\\\/#website\"},\"primaryImageOfPage\":{\"@id\":\"https:\\\/\\\/equipmentcontrols.com\\\/product\\\/petes-plug-temperature-pressure-reading\\\/#primaryimage\"},\"image\":{\"@id\":\"https:\\\/\\\/equipmentcontrols.com\\\/product\\\/petes-plug-temperature-pressure-reading\\\/#primaryimage\"},\"thumbnailUrl\":\"https:\\\/\\\/equipmentcontrols.com\\\/wp-content\\\/uploads\\\/2020\\\/05\\\/IMAC-Petes-Plug.jpg\",\"datePublished\":\"2020-05-11T14:56:12+00:00\",\"dateModified\":\"2020-05-11T15:02:18+00:00\",\"description\":\"Excess Flow Valve # P41by Gas BreakerExcess Flow Valve Model P41 1 \\\"CTS .101 WALL, 3408, 12\\\" LONG, with Series 300 ValvePete's Plug II \u00ae allows you to take pressure or temperature readings quickly and eliminates the need for leaving costly gauges or temperature indicators on the line. Depending on the applications, the Pete's Plug can be operated to a maximum of 500 PSIG and 200\u00b0F or 275\u00b0F for neoprene or nordel respectively. Maximum working pressures of 1000 PSIG can be attained with neoprene or nordel at temperatures from 140\u00b0F to -20\u00b0F.\",\"breadcrumb\":{\"@id\":\"https:\\\/\\\/equipmentcontrols.com\\\/product\\\/petes-plug-temperature-pressure-reading\\\/#breadcrumb\"},\"inLanguage\":\"es\",\"potentialAction\":[{\"@type\":\"ReadAction\",\"target\":[\"https:\\\/\\\/equipmentcontrols.com\\\/product\\\/petes-plug-temperature-pressure-reading\\\/\"]}]},{\"@type\":\"ImageObject\",\"inLanguage\":\"es\",\"@id\":\"https:\\\/\\\/equipmentcontrols.com\\\/product\\\/petes-plug-temperature-pressure-reading\\\/#primaryimage\",\"url\":\"https:\\\/\\\/equipmentcontrols.com\\\/wp-content\\\/uploads\\\/2020\\\/05\\\/IMAC-Petes-Plug.jpg\",\"contentUrl\":\"https:\\\/\\\/equipmentcontrols.com\\\/wp-content\\\/uploads\\\/2020\\\/05\\\/IMAC-Petes-Plug.jpg\",\"width\":860,\"height\":860,\"caption\":\"IMAC-Petes Plug\"},{\"@type\":\"BreadcrumbList\",\"@id\":\"https:\\\/\\\/equipmentcontrols.com\\\/product\\\/petes-plug-temperature-pressure-reading\\\/#breadcrumb\",\"itemListElement\":[{\"@type\":\"ListItem\",\"position\":1,\"name\":\"Home\",\"item\":\"https:\\\/\\\/equipmentcontrols.com\\\/\"},{\"@type\":\"ListItem\",\"position\":2,\"name\":\"Shop\",\"item\":\"https:\\\/\\\/equipmentcontrols.com\\\/shop\\\/\"},{\"@type\":\"ListItem\",\"position\":3,\"name\":\"Pete&#8217;s Plug\u00ae Temperature &#038; Pressure Reading\"}]},{\"@type\":\"WebSite\",\"@id\":\"https:\\\/\\\/equipmentcontrols.com\\\/#website\",\"url\":\"https:\\\/\\\/equipmentcontrols.com\\\/\",\"name\":\"ECCO\",\"description\":\"Equipment Controls Company\",\"potentialAction\":[{\"@type\":\"SearchAction\",\"target\":{\"@type\":\"EntryPoint\",\"urlTemplate\":\"https:\\\/\\\/equipmentcontrols.com\\\/?s={search_term_string}\"},\"query-input\":{\"@type\":\"PropertyValueSpecification\",\"valueRequired\":true,\"valueName\":\"search_term_string\"}}],\"inLanguage\":\"es\"}]}<\/script>\n<!-- \/ Yoast SEO Premium plugin. -->","yoast_head_json":{"title":"Pete's Plug\u00ae Temperature & Pressure Reading - ECCO","description":"Excess Flow Valve # P41by Gas BreakerExcess Flow Valve Model P41 1 \"CTS .101 WALL, 3408, 12\" LONG, with Series 300 ValvePete's Plug II \u00ae allows you to take pressure or temperature readings quickly and eliminates the need for leaving costly gauges or temperature indicators on the line. Depending on the applications, the Pete's Plug can be operated to a maximum of 500 PSIG and 200\u00b0F or 275\u00b0F for neoprene or nordel respectively. Maximum working pressures of 1000 PSIG can be attained with neoprene or nordel at temperatures from 140\u00b0F to -20\u00b0F.","robots":{"index":"index","follow":"follow","max-snippet":"max-snippet:-1","max-image-preview":"max-image-preview:large","max-video-preview":"max-video-preview:-1"},"canonical":"https:\/\/equipmentcontrols.com\/es\/producto\/petes-plug-temperature-pressure-reading\/","og_locale":"es_MX","og_type":"article","og_title":"Pete's Plug\u00ae Temperature & Pressure Reading","og_description":"Excess Flow Valve # P41by Gas BreakerExcess Flow Valve Model P41 1 \"CTS .101 WALL, 3408, 12\" LONG, with Series 300 ValvePete's Plug II \u00ae allows you to take pressure or temperature readings quickly and eliminates the need for leaving costly gauges or temperature indicators on the line. Depending on the applications, the Pete's Plug can be operated to a maximum of 500 PSIG and 200\u00b0F or 275\u00b0F for neoprene or nordel respectively. Maximum working pressures of 1000 PSIG can be attained with neoprene or nordel at temperatures from 140\u00b0F to -20\u00b0F.","og_url":"https:\/\/equipmentcontrols.com\/es\/producto\/petes-plug-temperature-pressure-reading\/","og_site_name":"ECCO","article_modified_time":"2020-05-11T15:02:18+00:00","og_image":[{"width":860,"height":860,"url":"https:\/\/equipmentcontrols.com\/wp-content\/uploads\/2020\/05\/IMAC-Petes-Plug.jpg","type":"image\/jpeg"}],"twitter_card":"summary_large_image","twitter_misc":{"Tiempo de lectura":"1 minuto"},"schema":{"@context":"https:\/\/schema.org","@graph":[{"@type":"WebPage","@id":"https:\/\/equipmentcontrols.com\/product\/petes-plug-temperature-pressure-reading\/","url":"https:\/\/equipmentcontrols.com\/product\/petes-plug-temperature-pressure-reading\/","name":"Pete's Plug\u00ae Temperature & Pressure Reading - ECCO","isPartOf":{"@id":"https:\/\/equipmentcontrols.com\/#website"},"primaryImageOfPage":{"@id":"https:\/\/equipmentcontrols.com\/product\/petes-plug-temperature-pressure-reading\/#primaryimage"},"image":{"@id":"https:\/\/equipmentcontrols.com\/product\/petes-plug-temperature-pressure-reading\/#primaryimage"},"thumbnailUrl":"https:\/\/equipmentcontrols.com\/wp-content\/uploads\/2020\/05\/IMAC-Petes-Plug.jpg","datePublished":"2020-05-11T14:56:12+00:00","dateModified":"2020-05-11T15:02:18+00:00","description":"Excess Flow Valve # P41by Gas BreakerExcess Flow Valve Model P41 1 \"CTS .101 WALL, 3408, 12\" LONG, with Series 300 ValvePete's Plug II \u00ae allows you to take pressure or temperature readings quickly and eliminates the need for leaving costly gauges or temperature indicators on the line. Depending on the applications, the Pete's Plug can be operated to a maximum of 500 PSIG and 200\u00b0F or 275\u00b0F for neoprene or nordel respectively. Maximum working pressures of 1000 PSIG can be attained with neoprene or nordel at temperatures from 140\u00b0F to -20\u00b0F.","breadcrumb":{"@id":"https:\/\/equipmentcontrols.com\/product\/petes-plug-temperature-pressure-reading\/#breadcrumb"},"inLanguage":"es","potentialAction":[{"@type":"ReadAction","target":["https:\/\/equipmentcontrols.com\/product\/petes-plug-temperature-pressure-reading\/"]}]},{"@type":"ImageObject","inLanguage":"es","@id":"https:\/\/equipmentcontrols.com\/product\/petes-plug-temperature-pressure-reading\/#primaryimage","url":"https:\/\/equipmentcontrols.com\/wp-content\/uploads\/2020\/05\/IMAC-Petes-Plug.jpg","contentUrl":"https:\/\/equipmentcontrols.com\/wp-content\/uploads\/2020\/05\/IMAC-Petes-Plug.jpg","width":860,"height":860,"caption":"IMAC-Petes Plug"},{"@type":"BreadcrumbList","@id":"https:\/\/equipmentcontrols.com\/product\/petes-plug-temperature-pressure-reading\/#breadcrumb","itemListElement":[{"@type":"ListItem","position":1,"name":"Home","item":"https:\/\/equipmentcontrols.com\/"},{"@type":"ListItem","position":2,"name":"Shop","item":"https:\/\/equipmentcontrols.com\/shop\/"},{"@type":"ListItem","position":3,"name":"Pete&#8217;s Plug\u00ae Temperature &#038; Pressure Reading"}]},{"@type":"WebSite","@id":"https:\/\/equipmentcontrols.com\/#website","url":"https:\/\/equipmentcontrols.com\/","name":"ECCO","description":"Empresa de Control de Equipos","potentialAction":[{"@type":"SearchAction","target":{"@type":"EntryPoint","urlTemplate":"https:\/\/equipmentcontrols.com\/?s={search_term_string}"},"query-input":{"@type":"PropertyValueSpecification","valueRequired":true,"valueName":"search_term_string"}}],"inLanguage":"es"}]}},"_links":{"self":[{"href":"https:\/\/equipmentcontrols.com\/es\/wp-json\/wp\/v2\/product\/1196","targetHints":{"allow":["GET"]}}],"collection":[{"href":"https:\/\/equipmentcontrols.com\/es\/wp-json\/wp\/v2\/product"}],"about":[{"href":"https:\/\/equipmentcontrols.com\/es\/wp-json\/wp\/v2\/types\/product"}],"wp:featuredmedia":[{"embeddable":true,"href":"https:\/\/equipmentcontrols.com\/es\/wp-json\/wp\/v2\/media\/1191"}],"wp:attachment":[{"href":"https:\/\/equipmentcontrols.com\/es\/wp-json\/wp\/v2\/media?parent=1196"}],"wp:term":[{"taxonomy":"product_brand","embeddable":true,"href":"https:\/\/equipmentcontrols.com\/es\/wp-json\/wp\/v2\/product_brand?post=1196"},{"taxonomy":"product_cat","embeddable":true,"href":"https:\/\/equipmentcontrols.com\/es\/wp-json\/wp\/v2\/product_cat?post=1196"},{"taxonomy":"product_tag","embeddable":true,"href":"https:\/\/equipmentcontrols.com\/es\/wp-json\/wp\/v2\/product_tag?post=1196"}],"curies":[{"name":"wp","href":"https:\/\/api.w.org\/{rel}","templated":true}]}}