{"id":1171,"date":"2020-05-10T23:27:17","date_gmt":"2020-05-10T23:27:17","guid":{"rendered":"https:\/\/econtrols.stagemysite.com\/?post_type=product&#038;p=1171"},"modified":"2020-05-14T17:16:50","modified_gmt":"2020-05-14T17:16:50","slug":"smartpoint-gm-residential-transceiver","status":"publish","type":"product","link":"https:\/\/equipmentcontrols.com\/es\/producto\/smartpoint-gm-residential-transceiver\/","title":{"rendered":"Transceptor residencial SmartPoint\u00ae GM"},"content":{"rendered":"<p><strong>punto inteligente<sup>\u00ae<\/sup> Transceptor residencial GM<\/strong><\/p>\n<div id=\"description\" class=\"tab-content desktop-visible\">\n<div id=\"description\" class=\"tab-content desktop-visible\">\n<p>El transceptor SmartPoint\u00ae GM para aplicaciones residenciales conecta las empresas de servicios p\u00fablicos de gas con sus clientes, aprovechando el poder de la comunicaci\u00f3n bidireccional para un servicio superior y excelencia operativa.<\/p>\n<p>Nuestros transceptores se pueden instalar como terminales de comunicaci\u00f3n de paso, de paso o de base fija. Se reconfiguran f\u00e1cilmente para lograr una eficiencia operativa \u00f3ptima. Se montan directamente en el medidor, interactuando con el conjunto de accionamiento del medidor y permitiendo la reutilizaci\u00f3n del \u00edndice del medidor existente.<\/p>\n<p>Con este transceptor, las lecturas automatizadas regulares brindan informaci\u00f3n sobre los patrones de consumo, lo que le permite mejorar la satisfacci\u00f3n del cliente, comercializar servicios de mayor valor y desarrollar nuevas fuentes de ingresos. Ahora puede utilizar informaci\u00f3n clave para responder mejor a las preguntas de los clientes y proporcionar lecturas m\u00e1s precisas.<\/p>\n<h4>Beneficios:<\/h4>\n<ul>\n<li>Ofrece tres formas sencillas de implementaci\u00f3n (walk-by, drive-by o base fija) para opciones de lectura de medidores m\u00e1s flexibles<\/li>\n<li>Mejora la satisfacci\u00f3n y confianza del cliente<\/li>\n<li>Conserva su inversi\u00f3n en medidores, \u00edndices y tuber\u00edas existentes<\/li>\n<li>Requiere menos inversi\u00f3n en infraestructura, con dos vatios de potencia de transmisi\u00f3n<\/li>\n<li>Reduce los costos operativos a trav\u00e9s de la lectura remota y las actualizaciones del transceptor<\/li>\n<\/ul>\n<\/div>\n<\/div>\n<p><strong>Caracter\u00edsticas:<\/strong><br \/>\n\u2022 Despliegue de pie, de paso o de base fija<br \/>\n\u2022 Funciona con medidores ultras\u00f3nicos, rotativos o de turbina<br \/>\n\u2022 Se monta directamente en el medidor<br \/>\n\u2022 F\u00e1cil migraci\u00f3n de soluciones walk-by\/drive-by a soluciones de base fija<br \/>\n\u2022 Actualizaciones remotas de transceptores SmartPoint (solo de base fija)<br \/>\n\u2022 Informes de estado de alarma<br \/>\n\u2022 Clase 1 Div. 2 Clasificaci\u00f3n de seguridad intr\u00ednseca<\/p>\n<p><strong>Especificaciones:<\/strong><br \/>\n\u2022 Rango de frecuencia: 896-960 MHz<br \/>\n\u2022 Potencia de transmisi\u00f3n de 2 vatios<br \/>\n\u2022 Canales: 8000, en pasos de 6,25 kHz<br \/>\n\u2022 Modulaci\u00f3n de banda estrecha patentada<br \/>\n\u2022 Memoria no vol\u00e1til<br \/>\n\u2022 Temperatura de funcionamiento: -30 \u00b0F a +150 \u00b0F<br \/>\n\u2022 Bater\u00edas de cloruro de tionilo de litio con condensador de capa h\u00edbrida<br \/>\n\u2022 20 a\u00f1os de garant\u00eda<br \/>\n\u2022 5,56\u201d x 5,50\u201d x 3,0\u201d, 1,13 libras.<br \/>\n\u2022 Siete modelos, compatibles con una amplia gama de medidores Sensus y no Sensus<br \/>\n\u2022 FCC CFR 47: operaci\u00f3n con licencia Parte 24D, Parte 101C, Parte 15<br \/>\n\u2022 Industria de Canad\u00e1 (IC) RSS-GEN, RSS-119, RSS-210<\/p>\n<p><strong>Descargas:<\/strong><br \/>\n<a href=\"https:\/\/equipmentcontrols.com\/wp-content\/uploads\/2020\/05\/SmartPoint-GM-Residential-Data-Sheet-1.pdf\">Hoja de datos del transceptor residencial SmartPoint\u00ae GM<\/a><\/p>\n<p><a href=\"https:\/\/equipmentcontrols.com\/wp-content\/uploads\/2020\/05\/Gas-SmartPoint-Transceiver-Compatibility-Quick-Guide.pdf\">Gu\u00eda de compatibilidad del transceptor SmartPoint de gas<\/a><\/p>\n<p><a href=\"https:\/\/equipmentcontrols.com\/wp-content\/uploads\/2020\/04\/Sensus-Gas-Products-Catalog-04-13-20.pdf\">Folleto de productos Sensus Gas<\/a><\/p>","protected":false},"excerpt":{"rendered":"<p>SmartPoint\u00ae GM Residential Transceiver The SmartPoint\u00ae GM transceiver for residential applications connects gas utilities with their customers, harnessing the power of two-way communication for superior service and operational excellence. Our transceivers can be installed as walk-by, drive-by or fixed-base communication endpoints. They are easily reconfigured for optimal operational efficiency. They mount directly onto the meter, [&hellip;]<\/p>\n","protected":false},"featured_media":1070,"template":"","meta":[],"product_brand":[],"product_cat":[41,45,61],"product_tag":[],"class_list":{"0":"post-1171","1":"product","2":"type-product","3":"status-publish","4":"has-post-thumbnail","6":"product_cat-ami","7":"product_cat-sensus","8":"product_cat-sensus-flexnet","10":"first","11":"instock","12":"shipping-taxable","13":"product-type-simple"},"yoast_head":"<!-- This site is optimized with the Yoast SEO Premium plugin v23.9 (Yoast SEO v27.5) - https:\/\/yoast.com\/product\/yoast-seo-premium-wordpress\/ -->\n<title>SmartPoint\u00ae GM Residential Transceiver - ECCO<\/title>\n<meta name=\"description\" content=\"SENSUS SmartPoint\u00ae GM Commercial TransceiverOur SmartPoint\u00ae GM Commercial transceiver connects gas utilities with their customers, harnessing the power of two-way transmission to provide consistent meter readings, right down to hourly details. Automated, regular readings provide insight into consumption patterns. With this level of information, you can improve customer satisfaction, market higher-value services and develop new revenue streams. SmartPoint GM transceivers are easily migrated. The communication platform you install today, whether walk-by, drive-by or fixed-base, can grow and change seamlessly as your business needs change.\" \/>\n<meta name=\"robots\" content=\"index, follow, max-snippet:-1, max-image-preview:large, max-video-preview:-1\" \/>\n<link rel=\"canonical\" href=\"https:\/\/equipmentcontrols.com\/es\/producto\/smartpoint-gm-residential-transceiver\/\" \/>\n<meta property=\"og:locale\" content=\"es_MX\" \/>\n<meta property=\"og:type\" content=\"article\" \/>\n<meta property=\"og:title\" content=\"SmartPoint\u00ae GM Residential Transceiver\" \/>\n<meta property=\"og:description\" content=\"SENSUS SmartPoint\u00ae GM Commercial TransceiverOur SmartPoint\u00ae GM Commercial transceiver connects gas utilities with their customers, harnessing the power of two-way transmission to provide consistent meter readings, right down to hourly details. Automated, regular readings provide insight into consumption patterns. With this level of information, you can improve customer satisfaction, market higher-value services and develop new revenue streams. SmartPoint GM transceivers are easily migrated. The communication platform you install today, whether walk-by, drive-by or fixed-base, can grow and change seamlessly as your business needs change.\" \/>\n<meta property=\"og:url\" content=\"https:\/\/equipmentcontrols.com\/es\/producto\/smartpoint-gm-residential-transceiver\/\" \/>\n<meta property=\"og:site_name\" content=\"ECCO\" \/>\n<meta property=\"article:modified_time\" content=\"2020-05-14T17:16:50+00:00\" \/>\n<meta property=\"og:image\" content=\"https:\/\/equipmentcontrols.com\/wp-content\/uploads\/2020\/05\/SENSUS-SmartPoint-Residential-Receiver.jpg\" \/>\n\t<meta property=\"og:image:width\" content=\"860\" \/>\n\t<meta property=\"og:image:height\" content=\"860\" \/>\n\t<meta property=\"og:image:type\" content=\"image\/jpeg\" \/>\n<meta name=\"twitter:card\" content=\"summary_large_image\" \/>\n<meta name=\"twitter:label1\" content=\"Tiempo de lectura\" \/>\n\t<meta name=\"twitter:data1\" content=\"1 minuto\" \/>\n<script type=\"application\/ld+json\" class=\"yoast-schema-graph\">{\"@context\":\"https:\\\/\\\/schema.org\",\"@graph\":[{\"@type\":\"WebPage\",\"@id\":\"https:\\\/\\\/equipmentcontrols.com\\\/product\\\/smartpoint-gm-residential-transceiver\\\/\",\"url\":\"https:\\\/\\\/equipmentcontrols.com\\\/product\\\/smartpoint-gm-residential-transceiver\\\/\",\"name\":\"SmartPoint\u00ae GM Residential Transceiver - ECCO\",\"isPartOf\":{\"@id\":\"https:\\\/\\\/equipmentcontrols.com\\\/#website\"},\"primaryImageOfPage\":{\"@id\":\"https:\\\/\\\/equipmentcontrols.com\\\/product\\\/smartpoint-gm-residential-transceiver\\\/#primaryimage\"},\"image\":{\"@id\":\"https:\\\/\\\/equipmentcontrols.com\\\/product\\\/smartpoint-gm-residential-transceiver\\\/#primaryimage\"},\"thumbnailUrl\":\"https:\\\/\\\/equipmentcontrols.com\\\/wp-content\\\/uploads\\\/2020\\\/05\\\/SENSUS-SmartPoint-Residential-Receiver.jpg\",\"datePublished\":\"2020-05-10T23:27:17+00:00\",\"dateModified\":\"2020-05-14T17:16:50+00:00\",\"description\":\"SENSUS SmartPoint\u00ae GM Commercial TransceiverOur SmartPoint\u00ae GM Commercial transceiver connects gas utilities with their customers, harnessing the power of two-way transmission to provide consistent meter readings, right down to hourly details. Automated, regular readings provide insight into consumption patterns. With this level of information, you can improve customer satisfaction, market higher-value services and develop new revenue streams. SmartPoint GM transceivers are easily migrated. The communication platform you install today, whether walk-by, drive-by or fixed-base, can grow and change seamlessly as your business needs change.\",\"breadcrumb\":{\"@id\":\"https:\\\/\\\/equipmentcontrols.com\\\/product\\\/smartpoint-gm-residential-transceiver\\\/#breadcrumb\"},\"inLanguage\":\"es\",\"potentialAction\":[{\"@type\":\"ReadAction\",\"target\":[\"https:\\\/\\\/equipmentcontrols.com\\\/product\\\/smartpoint-gm-residential-transceiver\\\/\"]}]},{\"@type\":\"ImageObject\",\"inLanguage\":\"es\",\"@id\":\"https:\\\/\\\/equipmentcontrols.com\\\/product\\\/smartpoint-gm-residential-transceiver\\\/#primaryimage\",\"url\":\"https:\\\/\\\/equipmentcontrols.com\\\/wp-content\\\/uploads\\\/2020\\\/05\\\/SENSUS-SmartPoint-Residential-Receiver.jpg\",\"contentUrl\":\"https:\\\/\\\/equipmentcontrols.com\\\/wp-content\\\/uploads\\\/2020\\\/05\\\/SENSUS-SmartPoint-Residential-Receiver.jpg\",\"width\":860,\"height\":860,\"caption\":\"SENSUS SmartPoint Residential Receiver\"},{\"@type\":\"BreadcrumbList\",\"@id\":\"https:\\\/\\\/equipmentcontrols.com\\\/product\\\/smartpoint-gm-residential-transceiver\\\/#breadcrumb\",\"itemListElement\":[{\"@type\":\"ListItem\",\"position\":1,\"name\":\"Home\",\"item\":\"https:\\\/\\\/equipmentcontrols.com\\\/\"},{\"@type\":\"ListItem\",\"position\":2,\"name\":\"Shop\",\"item\":\"https:\\\/\\\/equipmentcontrols.com\\\/shop\\\/\"},{\"@type\":\"ListItem\",\"position\":3,\"name\":\"SmartPoint\u00ae GM Residential Transceiver\"}]},{\"@type\":\"WebSite\",\"@id\":\"https:\\\/\\\/equipmentcontrols.com\\\/#website\",\"url\":\"https:\\\/\\\/equipmentcontrols.com\\\/\",\"name\":\"ECCO\",\"description\":\"Equipment Controls Company\",\"potentialAction\":[{\"@type\":\"SearchAction\",\"target\":{\"@type\":\"EntryPoint\",\"urlTemplate\":\"https:\\\/\\\/equipmentcontrols.com\\\/?s={search_term_string}\"},\"query-input\":{\"@type\":\"PropertyValueSpecification\",\"valueRequired\":true,\"valueName\":\"search_term_string\"}}],\"inLanguage\":\"es\"}]}<\/script>\n<!-- \/ Yoast SEO Premium plugin. -->","yoast_head_json":{"title":"SmartPoint\u00ae GM Residential Transceiver - ECCO","description":"SENSUS SmartPoint\u00ae GM Commercial TransceiverOur SmartPoint\u00ae GM Commercial transceiver connects gas utilities with their customers, harnessing the power of two-way transmission to provide consistent meter readings, right down to hourly details. Automated, regular readings provide insight into consumption patterns. With this level of information, you can improve customer satisfaction, market higher-value services and develop new revenue streams. SmartPoint GM transceivers are easily migrated. The communication platform you install today, whether walk-by, drive-by or fixed-base, can grow and change seamlessly as your business needs change.","robots":{"index":"index","follow":"follow","max-snippet":"max-snippet:-1","max-image-preview":"max-image-preview:large","max-video-preview":"max-video-preview:-1"},"canonical":"https:\/\/equipmentcontrols.com\/es\/producto\/smartpoint-gm-residential-transceiver\/","og_locale":"es_MX","og_type":"article","og_title":"SmartPoint\u00ae GM Residential Transceiver","og_description":"SENSUS SmartPoint\u00ae GM Commercial TransceiverOur SmartPoint\u00ae GM Commercial transceiver connects gas utilities with their customers, harnessing the power of two-way transmission to provide consistent meter readings, right down to hourly details. Automated, regular readings provide insight into consumption patterns. With this level of information, you can improve customer satisfaction, market higher-value services and develop new revenue streams. SmartPoint GM transceivers are easily migrated. The communication platform you install today, whether walk-by, drive-by or fixed-base, can grow and change seamlessly as your business needs change.","og_url":"https:\/\/equipmentcontrols.com\/es\/producto\/smartpoint-gm-residential-transceiver\/","og_site_name":"ECCO","article_modified_time":"2020-05-14T17:16:50+00:00","og_image":[{"width":860,"height":860,"url":"https:\/\/equipmentcontrols.com\/wp-content\/uploads\/2020\/05\/SENSUS-SmartPoint-Residential-Receiver.jpg","type":"image\/jpeg"}],"twitter_card":"summary_large_image","twitter_misc":{"Tiempo de lectura":"1 minuto"},"schema":{"@context":"https:\/\/schema.org","@graph":[{"@type":"WebPage","@id":"https:\/\/equipmentcontrols.com\/product\/smartpoint-gm-residential-transceiver\/","url":"https:\/\/equipmentcontrols.com\/product\/smartpoint-gm-residential-transceiver\/","name":"SmartPoint\u00ae GM Residential Transceiver - ECCO","isPartOf":{"@id":"https:\/\/equipmentcontrols.com\/#website"},"primaryImageOfPage":{"@id":"https:\/\/equipmentcontrols.com\/product\/smartpoint-gm-residential-transceiver\/#primaryimage"},"image":{"@id":"https:\/\/equipmentcontrols.com\/product\/smartpoint-gm-residential-transceiver\/#primaryimage"},"thumbnailUrl":"https:\/\/equipmentcontrols.com\/wp-content\/uploads\/2020\/05\/SENSUS-SmartPoint-Residential-Receiver.jpg","datePublished":"2020-05-10T23:27:17+00:00","dateModified":"2020-05-14T17:16:50+00:00","description":"SENSUS SmartPoint\u00ae GM Commercial TransceiverOur SmartPoint\u00ae GM Commercial transceiver connects gas utilities with their customers, harnessing the power of two-way transmission to provide consistent meter readings, right down to hourly details. Automated, regular readings provide insight into consumption patterns. With this level of information, you can improve customer satisfaction, market higher-value services and develop new revenue streams. SmartPoint GM transceivers are easily migrated. The communication platform you install today, whether walk-by, drive-by or fixed-base, can grow and change seamlessly as your business needs change.","breadcrumb":{"@id":"https:\/\/equipmentcontrols.com\/product\/smartpoint-gm-residential-transceiver\/#breadcrumb"},"inLanguage":"es","potentialAction":[{"@type":"ReadAction","target":["https:\/\/equipmentcontrols.com\/product\/smartpoint-gm-residential-transceiver\/"]}]},{"@type":"ImageObject","inLanguage":"es","@id":"https:\/\/equipmentcontrols.com\/product\/smartpoint-gm-residential-transceiver\/#primaryimage","url":"https:\/\/equipmentcontrols.com\/wp-content\/uploads\/2020\/05\/SENSUS-SmartPoint-Residential-Receiver.jpg","contentUrl":"https:\/\/equipmentcontrols.com\/wp-content\/uploads\/2020\/05\/SENSUS-SmartPoint-Residential-Receiver.jpg","width":860,"height":860,"caption":"SENSUS SmartPoint Residential Receiver"},{"@type":"BreadcrumbList","@id":"https:\/\/equipmentcontrols.com\/product\/smartpoint-gm-residential-transceiver\/#breadcrumb","itemListElement":[{"@type":"ListItem","position":1,"name":"Home","item":"https:\/\/equipmentcontrols.com\/"},{"@type":"ListItem","position":2,"name":"Shop","item":"https:\/\/equipmentcontrols.com\/shop\/"},{"@type":"ListItem","position":3,"name":"SmartPoint\u00ae GM Residential Transceiver"}]},{"@type":"WebSite","@id":"https:\/\/equipmentcontrols.com\/#website","url":"https:\/\/equipmentcontrols.com\/","name":"ECCO","description":"Empresa de Control de Equipos","potentialAction":[{"@type":"SearchAction","target":{"@type":"EntryPoint","urlTemplate":"https:\/\/equipmentcontrols.com\/?s={search_term_string}"},"query-input":{"@type":"PropertyValueSpecification","valueRequired":true,"valueName":"search_term_string"}}],"inLanguage":"es"}]}},"_links":{"self":[{"href":"https:\/\/equipmentcontrols.com\/es\/wp-json\/wp\/v2\/product\/1171","targetHints":{"allow":["GET"]}}],"collection":[{"href":"https:\/\/equipmentcontrols.com\/es\/wp-json\/wp\/v2\/product"}],"about":[{"href":"https:\/\/equipmentcontrols.com\/es\/wp-json\/wp\/v2\/types\/product"}],"wp:featuredmedia":[{"embeddable":true,"href":"https:\/\/equipmentcontrols.com\/es\/wp-json\/wp\/v2\/media\/1070"}],"wp:attachment":[{"href":"https:\/\/equipmentcontrols.com\/es\/wp-json\/wp\/v2\/media?parent=1171"}],"wp:term":[{"taxonomy":"product_brand","embeddable":true,"href":"https:\/\/equipmentcontrols.com\/es\/wp-json\/wp\/v2\/product_brand?post=1171"},{"taxonomy":"product_cat","embeddable":true,"href":"https:\/\/equipmentcontrols.com\/es\/wp-json\/wp\/v2\/product_cat?post=1171"},{"taxonomy":"product_tag","embeddable":true,"href":"https:\/\/equipmentcontrols.com\/es\/wp-json\/wp\/v2\/product_tag?post=1171"}],"curies":[{"name":"wp","href":"https:\/\/api.w.org\/{rel}","templated":true}]}}