{"id":1169,"date":"2020-05-10T23:16:48","date_gmt":"2020-05-10T23:16:48","guid":{"rendered":"https:\/\/econtrols.stagemysite.com\/?post_type=product&#038;p=1169"},"modified":"2020-05-14T17:17:50","modified_gmt":"2020-05-14T17:17:50","slug":"sensus-sentrypoint-bullhorn-rm4160","status":"publish","type":"product","link":"https:\/\/equipmentcontrols.com\/es\/producto\/sensus-sentrypoint-bullhorn-rm4160\/","title":{"rendered":"Meg\u00e1fono SENSUS Sentrypoint RM4160"},"content":{"rendered":"<p><strong>Meg\u00e1fono SENSUS Sentrypoint RM4160<\/strong><\/p>\n<div id=\"description\" class=\"tab-content desktop-visible\">\n<p>Sensus y American Innovations se unieron para ofrecer un dispositivo que mide las cargas de CA y CC del rectificador y transmite esos datos a trav\u00e9s de la red de comunicaci\u00f3n FlexNet\u00ae. El Bullhorn RM4160 cubre sus secciones de tuber\u00eda protegidas de corriente impresas, lo que le permite configurar umbrales altos y bajos para alertarlo sobre valores fuera de rango. Tambi\u00e9n puede utilizar la interrupci\u00f3n de corriente sincronizada en el tiempo para las pruebas de apagado instant\u00e1neo de PHMSA.<\/p>\n<h4>Beneficios:<\/h4>\n<ul>\n<li>Se instala r\u00e1pida y discretamente.<\/li>\n<li>Genera inteligencia m\u00e1s oportuna y procesable<\/li>\n<li>Mejora la eficiencia operativa<\/li>\n<li>Soluci\u00f3n rentable<\/li>\n<li>Reembolso r\u00e1pido<\/li>\n<\/ul>\n<\/div>\n<p><strong>Caracter\u00edsticas:<\/strong><br \/>\n\u2022 Opciones de cubierta de policarbonato o NEMA selladas e impermeables<br \/>\n\u2022 El cuerpo delgado se conecta al gabinete del rectificador<br \/>\n\u2022 Protecci\u00f3n contra sobretensiones incorporada y descargador de sobretensiones de alta energ\u00eda opcional<br \/>\n\u2022 Mide el voltaje de CA y CC con una precisi\u00f3n de lectura del uno por ciento<\/p>\n<p><strong>Especificaciones:<\/strong><br \/>\n\u2022 Dimensiones de montaje interno (carcasa de policarbonato): 7,9\u201d x 5,0\u201d x 2,2\u201d<br \/>\n\u2022 Dimensiones de montaje externo (gabinete compatible con NEMA 4X): 4,0\u201d x 7,3\u201d x 12,4\u201d<\/p>\n<p><strong>Descargas:<\/strong><br \/>\n<a href=\"https:\/\/equipmentcontrols.com\/wp-content\/uploads\/2020\/05\/SentryPoint-Rectifier-Monitor-and-Controller-Data-Sheet.pdf\">SENSUS Sentrypoint Bullhorn RM4160 Hoja de datos<\/a><\/p>\n<p><a href=\"https:\/\/equipmentcontrols.com\/wp-content\/uploads\/2020\/04\/Sensus-Gas-Products-Catalog-04-13-20.pdf\">Folleto de productos Sensus Gas<\/a><\/p>","protected":false},"excerpt":{"rendered":"<p>SENSUS Sentrypoint Bullhorn RM4160 Sensus and American Innovations teamed up to offer a device that measures rectifier AC and DC charges and transmits that data over the FlexNet\u00ae communication network. The Bullhorn RM4160 covers your impressed current-protected pipe sections, allowing you to configure high and low thresholds to alert you to out-of-range values. You can [&hellip;]<\/p>\n","protected":false},"featured_media":1068,"template":"","meta":[],"product_brand":[],"product_cat":[41,45,61],"product_tag":[],"class_list":{"0":"post-1169","1":"product","2":"type-product","3":"status-publish","4":"has-post-thumbnail","6":"product_cat-ami","7":"product_cat-sensus","8":"product_cat-sensus-flexnet","10":"first","11":"instock","12":"shipping-taxable","13":"product-type-simple"},"yoast_head":"<!-- This site is optimized with the Yoast SEO Premium plugin v23.9 (Yoast SEO v27.3) - https:\/\/yoast.com\/product\/yoast-seo-premium-wordpress\/ -->\n<title>SENSUS Sentrypoint Bullhorn RM4160 - ECCO<\/title>\n<meta name=\"description\" content=\"SENSUS Sentrypoint Bullhorn RM4160Sensus and American Innovations teamed up to offer a device that measures rectifier AC and DC charges and transmits that data over the FlexNet\u00ae communication network. The Bullhorn RM4160 covers your impressed current-protected pipe sections, allowing you to configure high and low thresholds to alert you to out-of-range values. You can also use time-synchronized current interruption for PHMSA Instant-Off tests.\" \/>\n<meta name=\"robots\" content=\"index, follow, max-snippet:-1, max-image-preview:large, max-video-preview:-1\" \/>\n<link rel=\"canonical\" href=\"https:\/\/equipmentcontrols.com\/es\/producto\/sensus-sentrypoint-bullhorn-rm4160\/\" \/>\n<meta property=\"og:locale\" content=\"es_MX\" \/>\n<meta property=\"og:type\" content=\"article\" \/>\n<meta property=\"og:title\" content=\"SENSUS Sentrypoint Bullhorn RM4160\" \/>\n<meta property=\"og:description\" content=\"SENSUS Sentrypoint Bullhorn RM4160Sensus and American Innovations teamed up to offer a device that measures rectifier AC and DC charges and transmits that data over the FlexNet\u00ae communication network. The Bullhorn RM4160 covers your impressed current-protected pipe sections, allowing you to configure high and low thresholds to alert you to out-of-range values. You can also use time-synchronized current interruption for PHMSA Instant-Off tests.\" \/>\n<meta property=\"og:url\" content=\"https:\/\/equipmentcontrols.com\/es\/producto\/sensus-sentrypoint-bullhorn-rm4160\/\" \/>\n<meta property=\"og:site_name\" content=\"ECCO\" \/>\n<meta property=\"article:modified_time\" content=\"2020-05-14T17:17:50+00:00\" \/>\n<meta property=\"og:image\" content=\"https:\/\/equipmentcontrols.com\/wp-content\/uploads\/2020\/05\/SENSUS-Sentrypoint-Bullhorn-RM4160.jpg\" \/>\n\t<meta property=\"og:image:width\" content=\"860\" \/>\n\t<meta property=\"og:image:height\" content=\"860\" \/>\n\t<meta property=\"og:image:type\" content=\"image\/jpeg\" \/>\n<meta name=\"twitter:card\" content=\"summary_large_image\" \/>\n<meta name=\"twitter:label1\" content=\"Tiempo de lectura\" \/>\n\t<meta name=\"twitter:data1\" content=\"1 minuto\" \/>\n<script type=\"application\/ld+json\" class=\"yoast-schema-graph\">{\"@context\":\"https:\\\/\\\/schema.org\",\"@graph\":[{\"@type\":\"WebPage\",\"@id\":\"https:\\\/\\\/equipmentcontrols.com\\\/product\\\/sensus-sentrypoint-bullhorn-rm4160\\\/\",\"url\":\"https:\\\/\\\/equipmentcontrols.com\\\/product\\\/sensus-sentrypoint-bullhorn-rm4160\\\/\",\"name\":\"SENSUS Sentrypoint Bullhorn RM4160 - ECCO\",\"isPartOf\":{\"@id\":\"https:\\\/\\\/equipmentcontrols.com\\\/#website\"},\"primaryImageOfPage\":{\"@id\":\"https:\\\/\\\/equipmentcontrols.com\\\/product\\\/sensus-sentrypoint-bullhorn-rm4160\\\/#primaryimage\"},\"image\":{\"@id\":\"https:\\\/\\\/equipmentcontrols.com\\\/product\\\/sensus-sentrypoint-bullhorn-rm4160\\\/#primaryimage\"},\"thumbnailUrl\":\"https:\\\/\\\/equipmentcontrols.com\\\/wp-content\\\/uploads\\\/2020\\\/05\\\/SENSUS-Sentrypoint-Bullhorn-RM4160.jpg\",\"datePublished\":\"2020-05-10T23:16:48+00:00\",\"dateModified\":\"2020-05-14T17:17:50+00:00\",\"description\":\"SENSUS Sentrypoint Bullhorn RM4160Sensus and American Innovations teamed up to offer a device that measures rectifier AC and DC charges and transmits that data over the FlexNet\u00ae communication network. The Bullhorn RM4160 covers your impressed current-protected pipe sections, allowing you to configure high and low thresholds to alert you to out-of-range values. You can also use time-synchronized current interruption for PHMSA Instant-Off tests.\",\"breadcrumb\":{\"@id\":\"https:\\\/\\\/equipmentcontrols.com\\\/product\\\/sensus-sentrypoint-bullhorn-rm4160\\\/#breadcrumb\"},\"inLanguage\":\"es\",\"potentialAction\":[{\"@type\":\"ReadAction\",\"target\":[\"https:\\\/\\\/equipmentcontrols.com\\\/product\\\/sensus-sentrypoint-bullhorn-rm4160\\\/\"]}]},{\"@type\":\"ImageObject\",\"inLanguage\":\"es\",\"@id\":\"https:\\\/\\\/equipmentcontrols.com\\\/product\\\/sensus-sentrypoint-bullhorn-rm4160\\\/#primaryimage\",\"url\":\"https:\\\/\\\/equipmentcontrols.com\\\/wp-content\\\/uploads\\\/2020\\\/05\\\/SENSUS-Sentrypoint-Bullhorn-RM4160.jpg\",\"contentUrl\":\"https:\\\/\\\/equipmentcontrols.com\\\/wp-content\\\/uploads\\\/2020\\\/05\\\/SENSUS-Sentrypoint-Bullhorn-RM4160.jpg\",\"width\":860,\"height\":860,\"caption\":\"SENSUS Sentrypoint Bullhorn RM4160\"},{\"@type\":\"BreadcrumbList\",\"@id\":\"https:\\\/\\\/equipmentcontrols.com\\\/product\\\/sensus-sentrypoint-bullhorn-rm4160\\\/#breadcrumb\",\"itemListElement\":[{\"@type\":\"ListItem\",\"position\":1,\"name\":\"Home\",\"item\":\"https:\\\/\\\/equipmentcontrols.com\\\/\"},{\"@type\":\"ListItem\",\"position\":2,\"name\":\"Shop\",\"item\":\"https:\\\/\\\/equipmentcontrols.com\\\/shop\\\/\"},{\"@type\":\"ListItem\",\"position\":3,\"name\":\"SENSUS Sentrypoint Bullhorn RM4160\"}]},{\"@type\":\"WebSite\",\"@id\":\"https:\\\/\\\/equipmentcontrols.com\\\/#website\",\"url\":\"https:\\\/\\\/equipmentcontrols.com\\\/\",\"name\":\"ECCO\",\"description\":\"Equipment Controls Company\",\"potentialAction\":[{\"@type\":\"SearchAction\",\"target\":{\"@type\":\"EntryPoint\",\"urlTemplate\":\"https:\\\/\\\/equipmentcontrols.com\\\/?s={search_term_string}\"},\"query-input\":{\"@type\":\"PropertyValueSpecification\",\"valueRequired\":true,\"valueName\":\"search_term_string\"}}],\"inLanguage\":\"es\"}]}<\/script>\n<!-- \/ Yoast SEO Premium plugin. -->","yoast_head_json":{"title":"SENSUS Sentrypoint Bullhorn RM4160 - ECCO","description":"SENSUS Sentrypoint Bullhorn RM4160Sensus and American Innovations teamed up to offer a device that measures rectifier AC and DC charges and transmits that data over the FlexNet\u00ae communication network. The Bullhorn RM4160 covers your impressed current-protected pipe sections, allowing you to configure high and low thresholds to alert you to out-of-range values. You can also use time-synchronized current interruption for PHMSA Instant-Off tests.","robots":{"index":"index","follow":"follow","max-snippet":"max-snippet:-1","max-image-preview":"max-image-preview:large","max-video-preview":"max-video-preview:-1"},"canonical":"https:\/\/equipmentcontrols.com\/es\/producto\/sensus-sentrypoint-bullhorn-rm4160\/","og_locale":"es_MX","og_type":"article","og_title":"SENSUS Sentrypoint Bullhorn RM4160","og_description":"SENSUS Sentrypoint Bullhorn RM4160Sensus and American Innovations teamed up to offer a device that measures rectifier AC and DC charges and transmits that data over the FlexNet\u00ae communication network. The Bullhorn RM4160 covers your impressed current-protected pipe sections, allowing you to configure high and low thresholds to alert you to out-of-range values. You can also use time-synchronized current interruption for PHMSA Instant-Off tests.","og_url":"https:\/\/equipmentcontrols.com\/es\/producto\/sensus-sentrypoint-bullhorn-rm4160\/","og_site_name":"ECCO","article_modified_time":"2020-05-14T17:17:50+00:00","og_image":[{"width":860,"height":860,"url":"https:\/\/equipmentcontrols.com\/wp-content\/uploads\/2020\/05\/SENSUS-Sentrypoint-Bullhorn-RM4160.jpg","type":"image\/jpeg"}],"twitter_card":"summary_large_image","twitter_misc":{"Tiempo de lectura":"1 minuto"},"schema":{"@context":"https:\/\/schema.org","@graph":[{"@type":"WebPage","@id":"https:\/\/equipmentcontrols.com\/product\/sensus-sentrypoint-bullhorn-rm4160\/","url":"https:\/\/equipmentcontrols.com\/product\/sensus-sentrypoint-bullhorn-rm4160\/","name":"SENSUS Sentrypoint Bullhorn RM4160 - ECCO","isPartOf":{"@id":"https:\/\/equipmentcontrols.com\/#website"},"primaryImageOfPage":{"@id":"https:\/\/equipmentcontrols.com\/product\/sensus-sentrypoint-bullhorn-rm4160\/#primaryimage"},"image":{"@id":"https:\/\/equipmentcontrols.com\/product\/sensus-sentrypoint-bullhorn-rm4160\/#primaryimage"},"thumbnailUrl":"https:\/\/equipmentcontrols.com\/wp-content\/uploads\/2020\/05\/SENSUS-Sentrypoint-Bullhorn-RM4160.jpg","datePublished":"2020-05-10T23:16:48+00:00","dateModified":"2020-05-14T17:17:50+00:00","description":"SENSUS Sentrypoint Bullhorn RM4160Sensus and American Innovations teamed up to offer a device that measures rectifier AC and DC charges and transmits that data over the FlexNet\u00ae communication network. The Bullhorn RM4160 covers your impressed current-protected pipe sections, allowing you to configure high and low thresholds to alert you to out-of-range values. You can also use time-synchronized current interruption for PHMSA Instant-Off tests.","breadcrumb":{"@id":"https:\/\/equipmentcontrols.com\/product\/sensus-sentrypoint-bullhorn-rm4160\/#breadcrumb"},"inLanguage":"es","potentialAction":[{"@type":"ReadAction","target":["https:\/\/equipmentcontrols.com\/product\/sensus-sentrypoint-bullhorn-rm4160\/"]}]},{"@type":"ImageObject","inLanguage":"es","@id":"https:\/\/equipmentcontrols.com\/product\/sensus-sentrypoint-bullhorn-rm4160\/#primaryimage","url":"https:\/\/equipmentcontrols.com\/wp-content\/uploads\/2020\/05\/SENSUS-Sentrypoint-Bullhorn-RM4160.jpg","contentUrl":"https:\/\/equipmentcontrols.com\/wp-content\/uploads\/2020\/05\/SENSUS-Sentrypoint-Bullhorn-RM4160.jpg","width":860,"height":860,"caption":"SENSUS Sentrypoint Bullhorn RM4160"},{"@type":"BreadcrumbList","@id":"https:\/\/equipmentcontrols.com\/product\/sensus-sentrypoint-bullhorn-rm4160\/#breadcrumb","itemListElement":[{"@type":"ListItem","position":1,"name":"Home","item":"https:\/\/equipmentcontrols.com\/"},{"@type":"ListItem","position":2,"name":"Shop","item":"https:\/\/equipmentcontrols.com\/shop\/"},{"@type":"ListItem","position":3,"name":"SENSUS Sentrypoint Bullhorn RM4160"}]},{"@type":"WebSite","@id":"https:\/\/equipmentcontrols.com\/#website","url":"https:\/\/equipmentcontrols.com\/","name":"ECCO","description":"Empresa de Control de Equipos","potentialAction":[{"@type":"SearchAction","target":{"@type":"EntryPoint","urlTemplate":"https:\/\/equipmentcontrols.com\/?s={search_term_string}"},"query-input":{"@type":"PropertyValueSpecification","valueRequired":true,"valueName":"search_term_string"}}],"inLanguage":"es"}]}},"_links":{"self":[{"href":"https:\/\/equipmentcontrols.com\/es\/wp-json\/wp\/v2\/product\/1169","targetHints":{"allow":["GET"]}}],"collection":[{"href":"https:\/\/equipmentcontrols.com\/es\/wp-json\/wp\/v2\/product"}],"about":[{"href":"https:\/\/equipmentcontrols.com\/es\/wp-json\/wp\/v2\/types\/product"}],"wp:featuredmedia":[{"embeddable":true,"href":"https:\/\/equipmentcontrols.com\/es\/wp-json\/wp\/v2\/media\/1068"}],"wp:attachment":[{"href":"https:\/\/equipmentcontrols.com\/es\/wp-json\/wp\/v2\/media?parent=1169"}],"wp:term":[{"taxonomy":"product_brand","embeddable":true,"href":"https:\/\/equipmentcontrols.com\/es\/wp-json\/wp\/v2\/product_brand?post=1169"},{"taxonomy":"product_cat","embeddable":true,"href":"https:\/\/equipmentcontrols.com\/es\/wp-json\/wp\/v2\/product_cat?post=1169"},{"taxonomy":"product_tag","embeddable":true,"href":"https:\/\/equipmentcontrols.com\/es\/wp-json\/wp\/v2\/product_tag?post=1169"}],"curies":[{"name":"wp","href":"https:\/\/api.w.org\/{rel}","templated":true}]}}