{"id":1166,"date":"2020-05-10T23:01:16","date_gmt":"2020-05-10T23:01:16","guid":{"rendered":"https:\/\/econtrols.stagemysite.com\/?post_type=product&#038;p=1166"},"modified":"2024-02-12T20:06:37","modified_gmt":"2024-02-12T20:06:37","slug":"sensus-smartpoint-gm-commercial-transceiver","status":"publish","type":"product","link":"https:\/\/equipmentcontrols.com\/es\/producto\/sensus-smartpoint-gm-commercial-transceiver\/","title":{"rendered":"Transceptor comercial SENSUS SmartPoint\u00ae GM"},"content":{"rendered":"<p><strong>Transceptor comercial SENSUS SmartPoint\u00ae GM<\/strong><\/p>\n<div id=\"description\" class=\"tab-content desktop-visible\">\n<p>Nuestro transceptor comercial SmartPoint\u00ae GM conecta las empresas de servicios p\u00fablicos de gas con sus clientes, aprovechando el poder de la transmisi\u00f3n bidireccional para proporcionar lecturas de medidor consistentes, hasta los detalles por hora. Las lecturas autom\u00e1ticas y regulares brindan informaci\u00f3n sobre los patrones de consumo. Con este nivel de informaci\u00f3n, puede mejorar la satisfacci\u00f3n del cliente, comercializar servicios de mayor valor y desarrollar nuevas fuentes de ingresos.<\/p>\n<p>Los transceptores SmartPoint GM se migran f\u00e1cilmente. La plataforma de comunicaci\u00f3n que instala hoy, ya sea de paso, de paso o de base fija, puede crecer y cambiar sin problemas a medida que cambian las necesidades de su negocio. Y cuando llegue el momento de actualizar, no tendr\u00e1 que visitar o reemplazar el punto final.<\/p>\n<p>Nuestros transceptores de alta potencia se adaptan a medidores de diafragma comerciales populares y requieren mucha menos infraestructura que otros sistemas. Eso se traduce en m\u00e1s informaci\u00f3n, m\u00e1s a menudo, para sus clientes. El transceptor se reconfigura f\u00e1cilmente para ayudarlo a optimizar la eficiencia operativa.<\/p>\n<h4>Beneficios:<\/h4>\n<ul>\n<li>Ofrece lecturas de medidor consistentes, hasta detalles por hora<\/li>\n<li>Conserva su inversi\u00f3n en medidores, \u00edndices y tuber\u00edas existentes<\/li>\n<li>Proporciona informaci\u00f3n sobre los patrones de consumo.<\/li>\n<li>Permite una f\u00e1cil migraci\u00f3n de walk-by\/drive-by a soluciones de base fija<\/li>\n<li>Crea nuevas oportunidades de ingresos con clientes de peque\u00f1as empresas<\/li>\n<\/ul>\n<\/div>\n<p><strong>Caracter\u00edsticas:<\/strong><br \/>\n\u2022 Se monta directamente en el medidor<br \/>\n\u2022 Se adapta a los medidores de diafragma m\u00e1s populares de hasta 10 000 pies c\u00fabicos por hora (cfh) de capacidad<br \/>\n\u2022 Interfaces con los conjuntos impulsores del medidor de gas montados en la parte superior<br \/>\n\u2022 Permite la reutilizaci\u00f3n del \u00edndice de medidor existente<br \/>\n\u2022 Habilita actualizaciones remotas del transceptor SmartPoint (solo base fija)<\/p>\n<p><strong>Especificaciones:<\/strong><br \/>\n\u2022 Compatible con una gama de medidores Sensus y no Sensus<br \/>\n\u2022 Potencia de transmisi\u00f3n de 2 vatios<br \/>\n\u2022 Rango de frecuencia: 896-960 MHz<br \/>\n\u2022 8000 canales, en pasos de 6,25 kHz<br \/>\n\u2022 Modulaci\u00f3n de banda estrecha patentada<br \/>\n\u2022 Memoria no vol\u00e1til<br \/>\n\u2022 Temperatura de funcionamiento: -30 \u00b0F a +150 \u00b0F\u2022 Compatible con una gama de medidores Sensus y no Sensus<br \/>\n\u2022 Bater\u00edas de cloruro de tionilo de litio con condensador de capa h\u00edbrida<br \/>\n\u2022 20 a\u00f1os de garant\u00eda<br \/>\n\u2022 FCC CFR 47: operaci\u00f3n con licencia Parte 24D, Parte 101C, Parte 15<br \/>\n\u2022 Industria de Canad\u00e1 (IC) RSS-GEN, RSS-119, RSS-210<br \/>\n\u2022 Clase 1 Div. 1 Clasificaci\u00f3n de seguridad intr\u00ednseca<\/p>\n<p><strong>Descargas:<\/strong><br \/>\n<a href=\"https:\/\/equipmentcontrols.com\/wp-content\/uploads\/2020\/05\/SmartPoint-GM-Commercial-Data-Sheet-1.pdf\">Hoja de datos de Smartpoint GM<\/a><\/p>\n<p><a href=\"https:\/\/equipmentcontrols.com\/wp-content\/uploads\/2020\/05\/Gas-SmartPoint-Transceiver-Compatibility-Quick-Guide.pdf\">Gu\u00eda de compatibilidad del transceptor SmartPoint de gas<\/a><\/p>","protected":false},"excerpt":{"rendered":"<p>SENSUS SmartPoint\u00ae GM Commercial Transceiver Our SmartPoint\u00ae GM Commercial transceiver connects gas utilities with their customers, harnessing the power of two-way transmission to provide consistent meter readings, right down to hourly details. Automated, regular readings provide insight into consumption patterns. With this level of information, you can improve customer satisfaction, market higher-value services and develop [&hellip;]<\/p>\n","protected":false},"featured_media":1069,"template":"","meta":[],"product_brand":[],"product_cat":[41,45,61],"product_tag":[],"class_list":{"0":"post-1166","1":"product","2":"type-product","3":"status-publish","4":"has-post-thumbnail","6":"product_cat-ami","7":"product_cat-sensus","8":"product_cat-sensus-flexnet","10":"first","11":"instock","12":"shipping-taxable","13":"product-type-simple"},"yoast_head":"<!-- This site is optimized with the Yoast SEO Premium plugin v23.9 (Yoast SEO v27.5) - https:\/\/yoast.com\/product\/yoast-seo-premium-wordpress\/ -->\n<title>SENSUS SmartPoint\u00ae GM Commercial Transceiver - ECCO<\/title>\n<meta name=\"description\" content=\"SENSUS SmartPoint\u00ae GM Commercial TransceiverOur SmartPoint\u00ae GM Commercial transceiver connects gas utilities with their customers, harnessing the power of two-way transmission to provide consistent meter readings, right down to hourly details. Automated, regular readings provide insight into consumption patterns. With this level of information, you can improve customer satisfaction, market higher-value services and develop new revenue streams. SmartPoint GM transceivers are easily migrated. The communication platform you install today, whether walk-by, drive-by or fixed-base, can grow and change seamlessly as your business needs change.\" \/>\n<meta name=\"robots\" content=\"index, follow, max-snippet:-1, max-image-preview:large, max-video-preview:-1\" \/>\n<link rel=\"canonical\" href=\"https:\/\/equipmentcontrols.com\/es\/producto\/sensus-smartpoint-gm-commercial-transceiver\/\" \/>\n<meta property=\"og:locale\" content=\"es_MX\" \/>\n<meta property=\"og:type\" content=\"article\" \/>\n<meta property=\"og:title\" content=\"SENSUS SmartPoint\u00ae GM Commercial Transceiver\" \/>\n<meta property=\"og:description\" content=\"SENSUS SmartPoint\u00ae GM Commercial TransceiverOur SmartPoint\u00ae GM Commercial transceiver connects gas utilities with their customers, harnessing the power of two-way transmission to provide consistent meter readings, right down to hourly details. Automated, regular readings provide insight into consumption patterns. With this level of information, you can improve customer satisfaction, market higher-value services and develop new revenue streams. SmartPoint GM transceivers are easily migrated. The communication platform you install today, whether walk-by, drive-by or fixed-base, can grow and change seamlessly as your business needs change.\" \/>\n<meta property=\"og:url\" content=\"https:\/\/equipmentcontrols.com\/es\/producto\/sensus-smartpoint-gm-commercial-transceiver\/\" \/>\n<meta property=\"og:site_name\" content=\"ECCO\" \/>\n<meta property=\"article:modified_time\" content=\"2024-02-12T20:06:37+00:00\" \/>\n<meta property=\"og:image\" content=\"https:\/\/equipmentcontrols.com\/wp-content\/uploads\/2020\/05\/SENSUS-SmartPoint-GM-Transceiver.jpg\" \/>\n\t<meta property=\"og:image:width\" content=\"860\" \/>\n\t<meta property=\"og:image:height\" content=\"860\" \/>\n\t<meta property=\"og:image:type\" content=\"image\/jpeg\" \/>\n<meta name=\"twitter:card\" content=\"summary_large_image\" \/>\n<meta name=\"twitter:label1\" content=\"Tiempo de lectura\" \/>\n\t<meta name=\"twitter:data1\" content=\"2 minutos\" \/>\n<script type=\"application\/ld+json\" class=\"yoast-schema-graph\">{\"@context\":\"https:\\\/\\\/schema.org\",\"@graph\":[{\"@type\":\"WebPage\",\"@id\":\"https:\\\/\\\/equipmentcontrols.com\\\/product\\\/sensus-smartpoint-gm-commercial-transceiver\\\/\",\"url\":\"https:\\\/\\\/equipmentcontrols.com\\\/product\\\/sensus-smartpoint-gm-commercial-transceiver\\\/\",\"name\":\"SENSUS SmartPoint\u00ae GM Commercial Transceiver - ECCO\",\"isPartOf\":{\"@id\":\"https:\\\/\\\/equipmentcontrols.com\\\/#website\"},\"primaryImageOfPage\":{\"@id\":\"https:\\\/\\\/equipmentcontrols.com\\\/product\\\/sensus-smartpoint-gm-commercial-transceiver\\\/#primaryimage\"},\"image\":{\"@id\":\"https:\\\/\\\/equipmentcontrols.com\\\/product\\\/sensus-smartpoint-gm-commercial-transceiver\\\/#primaryimage\"},\"thumbnailUrl\":\"https:\\\/\\\/equipmentcontrols.com\\\/wp-content\\\/uploads\\\/2020\\\/05\\\/SENSUS-SmartPoint-GM-Transceiver.jpg\",\"datePublished\":\"2020-05-10T23:01:16+00:00\",\"dateModified\":\"2024-02-12T20:06:37+00:00\",\"description\":\"SENSUS SmartPoint\u00ae GM Commercial TransceiverOur SmartPoint\u00ae GM Commercial transceiver connects gas utilities with their customers, harnessing the power of two-way transmission to provide consistent meter readings, right down to hourly details. Automated, regular readings provide insight into consumption patterns. With this level of information, you can improve customer satisfaction, market higher-value services and develop new revenue streams. SmartPoint GM transceivers are easily migrated. The communication platform you install today, whether walk-by, drive-by or fixed-base, can grow and change seamlessly as your business needs change.\",\"breadcrumb\":{\"@id\":\"https:\\\/\\\/equipmentcontrols.com\\\/product\\\/sensus-smartpoint-gm-commercial-transceiver\\\/#breadcrumb\"},\"inLanguage\":\"es\",\"potentialAction\":[{\"@type\":\"ReadAction\",\"target\":[\"https:\\\/\\\/equipmentcontrols.com\\\/product\\\/sensus-smartpoint-gm-commercial-transceiver\\\/\"]}]},{\"@type\":\"ImageObject\",\"inLanguage\":\"es\",\"@id\":\"https:\\\/\\\/equipmentcontrols.com\\\/product\\\/sensus-smartpoint-gm-commercial-transceiver\\\/#primaryimage\",\"url\":\"https:\\\/\\\/equipmentcontrols.com\\\/wp-content\\\/uploads\\\/2020\\\/05\\\/SENSUS-SmartPoint-GM-Transceiver.jpg\",\"contentUrl\":\"https:\\\/\\\/equipmentcontrols.com\\\/wp-content\\\/uploads\\\/2020\\\/05\\\/SENSUS-SmartPoint-GM-Transceiver.jpg\",\"width\":860,\"height\":860,\"caption\":\"SENSUS SmartPoint GM Transceiver\"},{\"@type\":\"BreadcrumbList\",\"@id\":\"https:\\\/\\\/equipmentcontrols.com\\\/product\\\/sensus-smartpoint-gm-commercial-transceiver\\\/#breadcrumb\",\"itemListElement\":[{\"@type\":\"ListItem\",\"position\":1,\"name\":\"Home\",\"item\":\"https:\\\/\\\/equipmentcontrols.com\\\/\"},{\"@type\":\"ListItem\",\"position\":2,\"name\":\"Shop\",\"item\":\"https:\\\/\\\/equipmentcontrols.com\\\/shop\\\/\"},{\"@type\":\"ListItem\",\"position\":3,\"name\":\"SENSUS SmartPoint\u00ae GM Commercial Transceiver\"}]},{\"@type\":\"WebSite\",\"@id\":\"https:\\\/\\\/equipmentcontrols.com\\\/#website\",\"url\":\"https:\\\/\\\/equipmentcontrols.com\\\/\",\"name\":\"ECCO\",\"description\":\"Equipment Controls Company\",\"potentialAction\":[{\"@type\":\"SearchAction\",\"target\":{\"@type\":\"EntryPoint\",\"urlTemplate\":\"https:\\\/\\\/equipmentcontrols.com\\\/?s={search_term_string}\"},\"query-input\":{\"@type\":\"PropertyValueSpecification\",\"valueRequired\":true,\"valueName\":\"search_term_string\"}}],\"inLanguage\":\"es\"}]}<\/script>\n<!-- \/ Yoast SEO Premium plugin. -->","yoast_head_json":{"title":"SENSUS SmartPoint\u00ae GM Commercial Transceiver - ECCO","description":"SENSUS SmartPoint\u00ae GM Commercial TransceiverOur SmartPoint\u00ae GM Commercial transceiver connects gas utilities with their customers, harnessing the power of two-way transmission to provide consistent meter readings, right down to hourly details. Automated, regular readings provide insight into consumption patterns. With this level of information, you can improve customer satisfaction, market higher-value services and develop new revenue streams. SmartPoint GM transceivers are easily migrated. The communication platform you install today, whether walk-by, drive-by or fixed-base, can grow and change seamlessly as your business needs change.","robots":{"index":"index","follow":"follow","max-snippet":"max-snippet:-1","max-image-preview":"max-image-preview:large","max-video-preview":"max-video-preview:-1"},"canonical":"https:\/\/equipmentcontrols.com\/es\/producto\/sensus-smartpoint-gm-commercial-transceiver\/","og_locale":"es_MX","og_type":"article","og_title":"SENSUS SmartPoint\u00ae GM Commercial Transceiver","og_description":"SENSUS SmartPoint\u00ae GM Commercial TransceiverOur SmartPoint\u00ae GM Commercial transceiver connects gas utilities with their customers, harnessing the power of two-way transmission to provide consistent meter readings, right down to hourly details. Automated, regular readings provide insight into consumption patterns. With this level of information, you can improve customer satisfaction, market higher-value services and develop new revenue streams. SmartPoint GM transceivers are easily migrated. The communication platform you install today, whether walk-by, drive-by or fixed-base, can grow and change seamlessly as your business needs change.","og_url":"https:\/\/equipmentcontrols.com\/es\/producto\/sensus-smartpoint-gm-commercial-transceiver\/","og_site_name":"ECCO","article_modified_time":"2024-02-12T20:06:37+00:00","og_image":[{"width":860,"height":860,"url":"https:\/\/equipmentcontrols.com\/wp-content\/uploads\/2020\/05\/SENSUS-SmartPoint-GM-Transceiver.jpg","type":"image\/jpeg"}],"twitter_card":"summary_large_image","twitter_misc":{"Tiempo de lectura":"2 minutos"},"schema":{"@context":"https:\/\/schema.org","@graph":[{"@type":"WebPage","@id":"https:\/\/equipmentcontrols.com\/product\/sensus-smartpoint-gm-commercial-transceiver\/","url":"https:\/\/equipmentcontrols.com\/product\/sensus-smartpoint-gm-commercial-transceiver\/","name":"SENSUS SmartPoint\u00ae GM Commercial Transceiver - ECCO","isPartOf":{"@id":"https:\/\/equipmentcontrols.com\/#website"},"primaryImageOfPage":{"@id":"https:\/\/equipmentcontrols.com\/product\/sensus-smartpoint-gm-commercial-transceiver\/#primaryimage"},"image":{"@id":"https:\/\/equipmentcontrols.com\/product\/sensus-smartpoint-gm-commercial-transceiver\/#primaryimage"},"thumbnailUrl":"https:\/\/equipmentcontrols.com\/wp-content\/uploads\/2020\/05\/SENSUS-SmartPoint-GM-Transceiver.jpg","datePublished":"2020-05-10T23:01:16+00:00","dateModified":"2024-02-12T20:06:37+00:00","description":"SENSUS SmartPoint\u00ae GM Commercial TransceiverOur SmartPoint\u00ae GM Commercial transceiver connects gas utilities with their customers, harnessing the power of two-way transmission to provide consistent meter readings, right down to hourly details. Automated, regular readings provide insight into consumption patterns. With this level of information, you can improve customer satisfaction, market higher-value services and develop new revenue streams. SmartPoint GM transceivers are easily migrated. The communication platform you install today, whether walk-by, drive-by or fixed-base, can grow and change seamlessly as your business needs change.","breadcrumb":{"@id":"https:\/\/equipmentcontrols.com\/product\/sensus-smartpoint-gm-commercial-transceiver\/#breadcrumb"},"inLanguage":"es","potentialAction":[{"@type":"ReadAction","target":["https:\/\/equipmentcontrols.com\/product\/sensus-smartpoint-gm-commercial-transceiver\/"]}]},{"@type":"ImageObject","inLanguage":"es","@id":"https:\/\/equipmentcontrols.com\/product\/sensus-smartpoint-gm-commercial-transceiver\/#primaryimage","url":"https:\/\/equipmentcontrols.com\/wp-content\/uploads\/2020\/05\/SENSUS-SmartPoint-GM-Transceiver.jpg","contentUrl":"https:\/\/equipmentcontrols.com\/wp-content\/uploads\/2020\/05\/SENSUS-SmartPoint-GM-Transceiver.jpg","width":860,"height":860,"caption":"SENSUS SmartPoint GM Transceiver"},{"@type":"BreadcrumbList","@id":"https:\/\/equipmentcontrols.com\/product\/sensus-smartpoint-gm-commercial-transceiver\/#breadcrumb","itemListElement":[{"@type":"ListItem","position":1,"name":"Home","item":"https:\/\/equipmentcontrols.com\/"},{"@type":"ListItem","position":2,"name":"Shop","item":"https:\/\/equipmentcontrols.com\/shop\/"},{"@type":"ListItem","position":3,"name":"SENSUS SmartPoint\u00ae GM Commercial Transceiver"}]},{"@type":"WebSite","@id":"https:\/\/equipmentcontrols.com\/#website","url":"https:\/\/equipmentcontrols.com\/","name":"ECCO","description":"Empresa de Control de Equipos","potentialAction":[{"@type":"SearchAction","target":{"@type":"EntryPoint","urlTemplate":"https:\/\/equipmentcontrols.com\/?s={search_term_string}"},"query-input":{"@type":"PropertyValueSpecification","valueRequired":true,"valueName":"search_term_string"}}],"inLanguage":"es"}]}},"_links":{"self":[{"href":"https:\/\/equipmentcontrols.com\/es\/wp-json\/wp\/v2\/product\/1166","targetHints":{"allow":["GET"]}}],"collection":[{"href":"https:\/\/equipmentcontrols.com\/es\/wp-json\/wp\/v2\/product"}],"about":[{"href":"https:\/\/equipmentcontrols.com\/es\/wp-json\/wp\/v2\/types\/product"}],"wp:featuredmedia":[{"embeddable":true,"href":"https:\/\/equipmentcontrols.com\/es\/wp-json\/wp\/v2\/media\/1069"}],"wp:attachment":[{"href":"https:\/\/equipmentcontrols.com\/es\/wp-json\/wp\/v2\/media?parent=1166"}],"wp:term":[{"taxonomy":"product_brand","embeddable":true,"href":"https:\/\/equipmentcontrols.com\/es\/wp-json\/wp\/v2\/product_brand?post=1166"},{"taxonomy":"product_cat","embeddable":true,"href":"https:\/\/equipmentcontrols.com\/es\/wp-json\/wp\/v2\/product_cat?post=1166"},{"taxonomy":"product_tag","embeddable":true,"href":"https:\/\/equipmentcontrols.com\/es\/wp-json\/wp\/v2\/product_tag?post=1166"}],"curies":[{"name":"wp","href":"https:\/\/api.w.org\/{rel}","templated":true}]}}