{"id":1162,"date":"2020-05-10T22:27:17","date_gmt":"2020-05-10T22:27:17","guid":{"rendered":"https:\/\/econtrols.stagemysite.com\/?post_type=product&#038;p=1162"},"modified":"2024-10-18T19:38:02","modified_gmt":"2024-10-18T19:38:02","slug":"usg-461-s","status":"publish","type":"product","link":"https:\/\/equipmentcontrols.com\/es\/producto\/usg-461-s\/","title":{"rendered":"USG 461-S"},"content":{"rendered":"<p><strong>USG 461-S Lower Pressure Regulator<\/strong><\/p>\n<div id=\"description\" class=\"tab-content desktop-visible\">\n<div id=\"description\" class=\"tab-content desktop-visible\">\n<p><strong>Vers\u00e1til, Confiable, Preciso y R\u00e1pido<\/strong><\/p>\n<p>Nuestra familia de reguladores de baja presi\u00f3n 461-S son reguladores tipo resorte de v\u00e1lvula balanceada para aplicaciones industriales y de distribuci\u00f3n. Debido a su dise\u00f1o simple, construcci\u00f3n robusta y respuesta r\u00e1pida, son excepcionalmente confiables. Los pasajes del cuerpo contorneados reducen la turbulencia en el flujo de gas. La operaci\u00f3n es sensible y estable, y el servicio y el ajuste son f\u00e1ciles.<\/p>\n<p>Estos modelos son ideales cuando un regulador de un solo asiento es demasiado peque\u00f1o y los reguladores de v\u00e1lvula balanceada de 2\u2033 son demasiado grandes. Las grandes \u00e1reas de salida del 461-S les dan una amplia gama de capacidad. Esto los hace adecuados para una amplia variedad de requisitos de manejo de carga.<\/p>\n<p><strong>Gran capacidad<\/strong><br \/>\nCuando se requieren cargas grandes, el modelo 441-S tiene cuerpos y v\u00e1lvulas m\u00e1s grandes para el trabajo. Los diafragmas grandes y flexibles combinados con resortes calibrados con precisi\u00f3n permiten que estos reguladores de gran capacidad brinden un control preciso de la presi\u00f3n mientras mantienen un alto nivel de sensibilidad y estabilidad. La combinaci\u00f3n de su respuesta r\u00e1pida, confiabilidad y precisi\u00f3n tambi\u00e9n hace que los modelos 441-S sean ideales para monitoreo, as\u00ed como para otras aplicaciones que necesitan velocidad y precisi\u00f3n.<\/p>\n<p><strong>Vigilancia<\/strong><br \/>\nCuando se usan como monitores, estos reguladores de baja presi\u00f3n asumen el control r\u00e1pidamente si una falla en el regulador operativo permite que la presi\u00f3n de salida aumente por encima de su punto de ajuste. Con una tasa de respuesta r\u00e1pida, un regulador es crucial en caso de una emergencia. No se requieren modificaciones para su uso como monitor, incluso si se usa como monitor para otros tipos de reguladores.<\/p>\n<p>Although used primarily with natural gas, all USG intermediate capacity regulators perform equally well when used for propane, butane, LPG vapor, air, dry CO2, nitrogen and other inert gases. These regulators are designed for indoor and outdoor installations.<\/p>\n<p><strong>Beneficios:<\/strong><\/p>\n<ul>\n<li>Monitorea la presi\u00f3n del punto de ajuste<\/li>\n<li>Responde r\u00e1pidamente a presiones excesivas<\/li>\n<\/ul>\n<\/div>\n<p><strong>Caracter\u00edsticas:<\/strong><\/p>\n<ul>\n<li>Dise\u00f1o simple<\/li>\n<li>Regulaci\u00f3n confiable<\/li>\n<li>Respuesta rapida<\/li>\n<li>Funcionamiento sin problemas<\/li>\n<li>Se puede utilizar para el servicio de gobernador cero<\/li>\n<\/ul>\n<p><strong>Especificaciones:<\/strong><\/p>\n<p>Tama\u00f1os de tuber\u00eda: Modelo 441-S: 2\u2033, 3\u2033, 4\u2033<\/p>\n<p><strong>Descargas:<\/strong><\/p>\n<p><a href=\"https:\/\/equipmentcontrols.com\/wp-content\/uploads\/2020\/05\/461-S-8S-12S-Bulletin.pdf\">Bolet\u00edn Sensus 461-S<\/a><\/p>\n<p>&nbsp;<\/p>\n<\/div>","protected":false},"excerpt":{"rendered":"<p>Conf\u00ede en estos caballos de batalla para obtener un alto rendimiento y una respuesta r\u00e1pida. Nuestros reguladores de presi\u00f3n media Modelo 461-57S y Modelo 441-57S son reguladores operados por resorte que incorporan un diafragma &quot;desplegable&quot;, similar al rendimiento que se encuentra en los reguladores operados por piloto.<\/p>","protected":false},"featured_media":1322,"template":"","meta":[],"product_brand":[],"product_cat":[20,105],"product_tag":[],"class_list":{"0":"post-1162","1":"product","2":"type-product","3":"status-publish","4":"has-post-thumbnail","6":"product_cat-gas-regulators","7":"product_cat-usg","9":"first","10":"instock","11":"shipping-taxable","12":"product-type-simple"},"yoast_head":"<!-- This site is optimized with the Yoast SEO Premium plugin v23.9 (Yoast SEO v27.3) - https:\/\/yoast.com\/product\/yoast-seo-premium-wordpress\/ -->\n<title>USG 461-S - ECCO<\/title>\n<meta name=\"description\" content=\"Versatile, Dependable, Accurate and FastOur family of 461-S low-pressure regulators are balanced-valve, spring-type regulators for distribution and industrial applications. Because of their simple design, sturdy construction and fast response, they are exceptionally dependable. Contoured body passages reduce turbulence in gas flow. Operation is sensitive and stable, and servicing and adjusting are easy.These models are ideal whenever a single-seat regulator is too small and 2\u2033 balanced-valve regulators are too large. The large exit areas of the 461-S give them a broad range of capacity. This makes them suitable for a wide variety of load handling requirements.\" \/>\n<meta name=\"robots\" content=\"index, follow, max-snippet:-1, max-image-preview:large, max-video-preview:-1\" \/>\n<link rel=\"canonical\" href=\"https:\/\/equipmentcontrols.com\/es\/producto\/usg-461-s\/\" \/>\n<meta property=\"og:locale\" content=\"es_MX\" \/>\n<meta property=\"og:type\" content=\"article\" \/>\n<meta property=\"og:title\" content=\"USG 461-S\" \/>\n<meta property=\"og:description\" content=\"Versatile, Dependable, Accurate and FastOur family of 461-S low-pressure regulators are balanced-valve, spring-type regulators for distribution and industrial applications. Because of their simple design, sturdy construction and fast response, they are exceptionally dependable. Contoured body passages reduce turbulence in gas flow. Operation is sensitive and stable, and servicing and adjusting are easy.These models are ideal whenever a single-seat regulator is too small and 2\u2033 balanced-valve regulators are too large. The large exit areas of the 461-S give them a broad range of capacity. This makes them suitable for a wide variety of load handling requirements.\" \/>\n<meta property=\"og:url\" content=\"https:\/\/equipmentcontrols.com\/es\/producto\/usg-461-s\/\" \/>\n<meta property=\"og:site_name\" content=\"ECCO\" \/>\n<meta property=\"article:modified_time\" content=\"2024-10-18T19:38:02+00:00\" \/>\n<meta property=\"og:image\" content=\"https:\/\/equipmentcontrols.com\/wp-content\/uploads\/2020\/05\/461-57S-medium-pressure-regulators.jpg\" \/>\n\t<meta property=\"og:image:width\" content=\"860\" \/>\n\t<meta property=\"og:image:height\" content=\"860\" \/>\n\t<meta property=\"og:image:type\" content=\"image\/jpeg\" \/>\n<meta name=\"twitter:card\" content=\"summary_large_image\" \/>\n<meta name=\"twitter:label1\" content=\"Tiempo de lectura\" \/>\n\t<meta name=\"twitter:data1\" content=\"2 minutos\" \/>\n<script type=\"application\/ld+json\" class=\"yoast-schema-graph\">{\"@context\":\"https:\\\/\\\/schema.org\",\"@graph\":[{\"@type\":\"WebPage\",\"@id\":\"https:\\\/\\\/equipmentcontrols.com\\\/product\\\/usg-461-s\\\/\",\"url\":\"https:\\\/\\\/equipmentcontrols.com\\\/product\\\/usg-461-s\\\/\",\"name\":\"USG 461-S - ECCO\",\"isPartOf\":{\"@id\":\"https:\\\/\\\/equipmentcontrols.com\\\/#website\"},\"primaryImageOfPage\":{\"@id\":\"https:\\\/\\\/equipmentcontrols.com\\\/product\\\/usg-461-s\\\/#primaryimage\"},\"image\":{\"@id\":\"https:\\\/\\\/equipmentcontrols.com\\\/product\\\/usg-461-s\\\/#primaryimage\"},\"thumbnailUrl\":\"https:\\\/\\\/equipmentcontrols.com\\\/wp-content\\\/uploads\\\/2020\\\/05\\\/461-57S-medium-pressure-regulators.jpg\",\"datePublished\":\"2020-05-10T22:27:17+00:00\",\"dateModified\":\"2024-10-18T19:38:02+00:00\",\"description\":\"Versatile, Dependable, Accurate and FastOur family of 461-S low-pressure regulators are balanced-valve, spring-type regulators for distribution and industrial applications. Because of their simple design, sturdy construction and fast response, they are exceptionally dependable. Contoured body passages reduce turbulence in gas flow. Operation is sensitive and stable, and servicing and adjusting are easy.These models are ideal whenever a single-seat regulator is too small and 2\u2033 balanced-valve regulators are too large. The large exit areas of the 461-S give them a broad range of capacity. This makes them suitable for a wide variety of load handling requirements.\",\"breadcrumb\":{\"@id\":\"https:\\\/\\\/equipmentcontrols.com\\\/product\\\/usg-461-s\\\/#breadcrumb\"},\"inLanguage\":\"es\",\"potentialAction\":[{\"@type\":\"ReadAction\",\"target\":[\"https:\\\/\\\/equipmentcontrols.com\\\/product\\\/usg-461-s\\\/\"]}]},{\"@type\":\"ImageObject\",\"inLanguage\":\"es\",\"@id\":\"https:\\\/\\\/equipmentcontrols.com\\\/product\\\/usg-461-s\\\/#primaryimage\",\"url\":\"https:\\\/\\\/equipmentcontrols.com\\\/wp-content\\\/uploads\\\/2020\\\/05\\\/461-57S-medium-pressure-regulators.jpg\",\"contentUrl\":\"https:\\\/\\\/equipmentcontrols.com\\\/wp-content\\\/uploads\\\/2020\\\/05\\\/461-57S-medium-pressure-regulators.jpg\",\"width\":860,\"height\":860,\"caption\":\"461-57S-medium-pressure-regulators\"},{\"@type\":\"BreadcrumbList\",\"@id\":\"https:\\\/\\\/equipmentcontrols.com\\\/product\\\/usg-461-s\\\/#breadcrumb\",\"itemListElement\":[{\"@type\":\"ListItem\",\"position\":1,\"name\":\"Home\",\"item\":\"https:\\\/\\\/equipmentcontrols.com\\\/\"},{\"@type\":\"ListItem\",\"position\":2,\"name\":\"Shop\",\"item\":\"https:\\\/\\\/equipmentcontrols.com\\\/shop\\\/\"},{\"@type\":\"ListItem\",\"position\":3,\"name\":\"USG 461-S\"}]},{\"@type\":\"WebSite\",\"@id\":\"https:\\\/\\\/equipmentcontrols.com\\\/#website\",\"url\":\"https:\\\/\\\/equipmentcontrols.com\\\/\",\"name\":\"ECCO\",\"description\":\"Equipment Controls Company\",\"potentialAction\":[{\"@type\":\"SearchAction\",\"target\":{\"@type\":\"EntryPoint\",\"urlTemplate\":\"https:\\\/\\\/equipmentcontrols.com\\\/?s={search_term_string}\"},\"query-input\":{\"@type\":\"PropertyValueSpecification\",\"valueRequired\":true,\"valueName\":\"search_term_string\"}}],\"inLanguage\":\"es\"}]}<\/script>\n<!-- \/ Yoast SEO Premium plugin. -->","yoast_head_json":{"title":"USG 461-S - ECCO","description":"Versatile, Dependable, Accurate and FastOur family of 461-S low-pressure regulators are balanced-valve, spring-type regulators for distribution and industrial applications. Because of their simple design, sturdy construction and fast response, they are exceptionally dependable. Contoured body passages reduce turbulence in gas flow. Operation is sensitive and stable, and servicing and adjusting are easy.These models are ideal whenever a single-seat regulator is too small and 2\u2033 balanced-valve regulators are too large. The large exit areas of the 461-S give them a broad range of capacity. This makes them suitable for a wide variety of load handling requirements.","robots":{"index":"index","follow":"follow","max-snippet":"max-snippet:-1","max-image-preview":"max-image-preview:large","max-video-preview":"max-video-preview:-1"},"canonical":"https:\/\/equipmentcontrols.com\/es\/producto\/usg-461-s\/","og_locale":"es_MX","og_type":"article","og_title":"USG 461-S","og_description":"Versatile, Dependable, Accurate and FastOur family of 461-S low-pressure regulators are balanced-valve, spring-type regulators for distribution and industrial applications. Because of their simple design, sturdy construction and fast response, they are exceptionally dependable. Contoured body passages reduce turbulence in gas flow. Operation is sensitive and stable, and servicing and adjusting are easy.These models are ideal whenever a single-seat regulator is too small and 2\u2033 balanced-valve regulators are too large. The large exit areas of the 461-S give them a broad range of capacity. This makes them suitable for a wide variety of load handling requirements.","og_url":"https:\/\/equipmentcontrols.com\/es\/producto\/usg-461-s\/","og_site_name":"ECCO","article_modified_time":"2024-10-18T19:38:02+00:00","og_image":[{"width":860,"height":860,"url":"https:\/\/equipmentcontrols.com\/wp-content\/uploads\/2020\/05\/461-57S-medium-pressure-regulators.jpg","type":"image\/jpeg"}],"twitter_card":"summary_large_image","twitter_misc":{"Tiempo de lectura":"2 minutos"},"schema":{"@context":"https:\/\/schema.org","@graph":[{"@type":"WebPage","@id":"https:\/\/equipmentcontrols.com\/product\/usg-461-s\/","url":"https:\/\/equipmentcontrols.com\/product\/usg-461-s\/","name":"USG 461-S - ECCO","isPartOf":{"@id":"https:\/\/equipmentcontrols.com\/#website"},"primaryImageOfPage":{"@id":"https:\/\/equipmentcontrols.com\/product\/usg-461-s\/#primaryimage"},"image":{"@id":"https:\/\/equipmentcontrols.com\/product\/usg-461-s\/#primaryimage"},"thumbnailUrl":"https:\/\/equipmentcontrols.com\/wp-content\/uploads\/2020\/05\/461-57S-medium-pressure-regulators.jpg","datePublished":"2020-05-10T22:27:17+00:00","dateModified":"2024-10-18T19:38:02+00:00","description":"Versatile, Dependable, Accurate and FastOur family of 461-S low-pressure regulators are balanced-valve, spring-type regulators for distribution and industrial applications. Because of their simple design, sturdy construction and fast response, they are exceptionally dependable. Contoured body passages reduce turbulence in gas flow. Operation is sensitive and stable, and servicing and adjusting are easy.These models are ideal whenever a single-seat regulator is too small and 2\u2033 balanced-valve regulators are too large. The large exit areas of the 461-S give them a broad range of capacity. This makes them suitable for a wide variety of load handling requirements.","breadcrumb":{"@id":"https:\/\/equipmentcontrols.com\/product\/usg-461-s\/#breadcrumb"},"inLanguage":"es","potentialAction":[{"@type":"ReadAction","target":["https:\/\/equipmentcontrols.com\/product\/usg-461-s\/"]}]},{"@type":"ImageObject","inLanguage":"es","@id":"https:\/\/equipmentcontrols.com\/product\/usg-461-s\/#primaryimage","url":"https:\/\/equipmentcontrols.com\/wp-content\/uploads\/2020\/05\/461-57S-medium-pressure-regulators.jpg","contentUrl":"https:\/\/equipmentcontrols.com\/wp-content\/uploads\/2020\/05\/461-57S-medium-pressure-regulators.jpg","width":860,"height":860,"caption":"461-57S-medium-pressure-regulators"},{"@type":"BreadcrumbList","@id":"https:\/\/equipmentcontrols.com\/product\/usg-461-s\/#breadcrumb","itemListElement":[{"@type":"ListItem","position":1,"name":"Home","item":"https:\/\/equipmentcontrols.com\/"},{"@type":"ListItem","position":2,"name":"Shop","item":"https:\/\/equipmentcontrols.com\/shop\/"},{"@type":"ListItem","position":3,"name":"USG 461-S"}]},{"@type":"WebSite","@id":"https:\/\/equipmentcontrols.com\/#website","url":"https:\/\/equipmentcontrols.com\/","name":"ECCO","description":"Empresa de Control de Equipos","potentialAction":[{"@type":"SearchAction","target":{"@type":"EntryPoint","urlTemplate":"https:\/\/equipmentcontrols.com\/?s={search_term_string}"},"query-input":{"@type":"PropertyValueSpecification","valueRequired":true,"valueName":"search_term_string"}}],"inLanguage":"es"}]}},"_links":{"self":[{"href":"https:\/\/equipmentcontrols.com\/es\/wp-json\/wp\/v2\/product\/1162","targetHints":{"allow":["GET"]}}],"collection":[{"href":"https:\/\/equipmentcontrols.com\/es\/wp-json\/wp\/v2\/product"}],"about":[{"href":"https:\/\/equipmentcontrols.com\/es\/wp-json\/wp\/v2\/types\/product"}],"wp:featuredmedia":[{"embeddable":true,"href":"https:\/\/equipmentcontrols.com\/es\/wp-json\/wp\/v2\/media\/1322"}],"wp:attachment":[{"href":"https:\/\/equipmentcontrols.com\/es\/wp-json\/wp\/v2\/media?parent=1162"}],"wp:term":[{"taxonomy":"product_brand","embeddable":true,"href":"https:\/\/equipmentcontrols.com\/es\/wp-json\/wp\/v2\/product_brand?post=1162"},{"taxonomy":"product_cat","embeddable":true,"href":"https:\/\/equipmentcontrols.com\/es\/wp-json\/wp\/v2\/product_cat?post=1162"},{"taxonomy":"product_tag","embeddable":true,"href":"https:\/\/equipmentcontrols.com\/es\/wp-json\/wp\/v2\/product_tag?post=1162"}],"curies":[{"name":"wp","href":"https:\/\/api.w.org\/{rel}","templated":true}]}}