{"id":1133,"date":"2020-05-08T20:44:13","date_gmt":"2020-05-08T20:44:13","guid":{"rendered":"https:\/\/econtrols.stagemysite.com\/?post_type=product&#038;p=1133"},"modified":"2021-09-22T21:56:11","modified_gmt":"2021-09-22T21:56:11","slug":"sensit-scal-400","status":"publish","type":"product","link":"https:\/\/equipmentcontrols.com\/es\/producto\/sensit-scal-400\/","title":{"rendered":"SENSIT\u00ae SCAL 400"},"content":{"rendered":"<p><strong>Estaci\u00f3n de calibraci\u00f3n SCAL 400<\/strong><\/p>\n<p>La estaci\u00f3n de calibraci\u00f3n SENSIT\u00ae SCAL 400 carga autom\u00e1ticamente, prueba funcional y calibra hasta cinco monitores multigas SENSIT\u00ae P400 simult\u00e1neamente.<\/p>\n<p>Todos los datos de calibraci\u00f3n y rendimiento del sensor se almacenan en el calibrador para descargarlos a su computadora.<\/p>\n<p>El software de gesti\u00f3n de datos permite la carga autom\u00e1tica desde el calibrador, crea informes de cumplimiento y alerta al personal seleccionado sobre calibraciones vencidas o fallidas.<\/p>\n<p>Todos los datos de calibraci\u00f3n, hora, fecha, sensor y rendimiento de la bomba se descargan y almacenan autom\u00e1ticamente en el calibrador para su transferencia a la computadora. El software de gesti\u00f3n de datos SCal-D (incluido) permite la carga autom\u00e1tica desde el calibrador. El software crea informes de cumplimiento y alerta al personal seleccionado sobre calibraciones vencidas o fallidas.<\/p>\n<p>&nbsp;<\/p>\n<p><strong>Caracter\u00edsticas:<\/strong><br \/>\n\u2022 Operaci\u00f3n de pantalla t\u00e1ctil<br \/>\n\u2022 Prueba hasta 5 instrumentos<br \/>\n\u2022 Operaci\u00f3n autom\u00e1tica<br \/>\n\u2022 Indicaci\u00f3n de aprobado o reprobado<br \/>\n\u2022 Conexi\u00f3n intranet RJ45<br \/>\n\u2022 Compatible con la red de Windows 7 y XP<\/p>\n<p><strong>Funciones de informes:<\/strong><br \/>\n\u2022 Prueba de instrumentos atrasada<br \/>\n\u2022 Alertas de falla del instrumento<br \/>\n\u2022 Datos de rendimiento del sensor<br \/>\n\u2022 Informe de Cumplimiento Mensual<\/p>\n<p><strong>Descargas:<\/strong><br \/>\n<a href=\"https:\/\/equipmentcontrols.com\/wp-content\/uploads\/2020\/05\/Sensit-SCAL-400-Calibration-Station.pdf\">Bolet\u00edn SENSIT\u00ae SCAL 400<\/a><br \/>\n<a href=\"https:\/\/equipmentcontrols.com\/wp-content\/uploads\/2020\/05\/SCAL-400-Instruction-Manual.pdf\">Manual de instrucciones SENSIT\u00ae SCAL 400<\/a><\/p>","protected":false},"excerpt":{"rendered":"<p>SCAL 400 Calibration Station SENSIT\u00ae SCAL 400 Calibration Station automatically charges, bump tests and calibrates up to five SENSIT\u00ae P400 Multi-Gas Monitors simultaneously. All calibration and sensor performance data is stored in the calibrator for download to your computer. Data management software allows automatic uploading from calibrator, creates compliance reports and alerts selected personnel of [&hellip;]<\/p>\n","protected":false},"featured_media":1058,"template":"","meta":[],"product_brand":[],"product_cat":[24,50],"product_tag":[],"class_list":{"0":"post-1133","1":"product","2":"type-product","3":"status-publish","4":"has-post-thumbnail","6":"product_cat-leak-detection","7":"product_cat-sensit","9":"first","10":"instock","11":"shipping-taxable","12":"product-type-simple"},"yoast_head":"<!-- This site is optimized with the Yoast SEO Premium plugin v23.9 (Yoast SEO v27.3) - https:\/\/yoast.com\/product\/yoast-seo-premium-wordpress\/ -->\n<title>SENSIT\u00ae SCAL 400 - ECCO<\/title>\n<meta name=\"description\" content=\"SENSIT\u00ae SCAL 400 Calibration Station automatically charges, bump tests and calibrates up to five SENSIT\u00ae P400 Multi-Gas Monitors simultaneously. All calibration and sensor performance data is stored in the calibrator for download to your computer. Data management software allows automatic uploading from calibrator, creates compliance reports and alerts selected personnel of overdue or failed calibrations.\" \/>\n<meta name=\"robots\" content=\"index, follow, max-snippet:-1, max-image-preview:large, max-video-preview:-1\" \/>\n<link rel=\"canonical\" href=\"https:\/\/equipmentcontrols.com\/es\/producto\/sensit-scal-400\/\" \/>\n<meta property=\"og:locale\" content=\"es_MX\" \/>\n<meta property=\"og:type\" content=\"article\" \/>\n<meta property=\"og:title\" content=\"SENSIT\u00ae SCAL 400\" \/>\n<meta property=\"og:description\" content=\"SENSIT\u00ae SCAL 400 Calibration Station automatically charges, bump tests and calibrates up to five SENSIT\u00ae P400 Multi-Gas Monitors simultaneously. All calibration and sensor performance data is stored in the calibrator for download to your computer. Data management software allows automatic uploading from calibrator, creates compliance reports and alerts selected personnel of overdue or failed calibrations.\" \/>\n<meta property=\"og:url\" content=\"https:\/\/equipmentcontrols.com\/es\/producto\/sensit-scal-400\/\" \/>\n<meta property=\"og:site_name\" content=\"ECCO\" \/>\n<meta property=\"article:modified_time\" content=\"2021-09-22T21:56:11+00:00\" \/>\n<meta property=\"og:image\" content=\"https:\/\/equipmentcontrols.com\/wp-content\/uploads\/2020\/05\/SENSIT-Scal-400.jpg\" \/>\n\t<meta property=\"og:image:width\" content=\"860\" \/>\n\t<meta property=\"og:image:height\" content=\"860\" \/>\n\t<meta property=\"og:image:type\" content=\"image\/jpeg\" \/>\n<meta name=\"twitter:card\" content=\"summary_large_image\" \/>\n<meta name=\"twitter:label1\" content=\"Tiempo de lectura\" \/>\n\t<meta name=\"twitter:data1\" content=\"1 minuto\" \/>\n<script type=\"application\/ld+json\" class=\"yoast-schema-graph\">{\"@context\":\"https:\\\/\\\/schema.org\",\"@graph\":[{\"@type\":\"WebPage\",\"@id\":\"https:\\\/\\\/equipmentcontrols.com\\\/product\\\/sensit-scal-400\\\/\",\"url\":\"https:\\\/\\\/equipmentcontrols.com\\\/product\\\/sensit-scal-400\\\/\",\"name\":\"SENSIT\u00ae SCAL 400 - ECCO\",\"isPartOf\":{\"@id\":\"https:\\\/\\\/equipmentcontrols.com\\\/#website\"},\"primaryImageOfPage\":{\"@id\":\"https:\\\/\\\/equipmentcontrols.com\\\/product\\\/sensit-scal-400\\\/#primaryimage\"},\"image\":{\"@id\":\"https:\\\/\\\/equipmentcontrols.com\\\/product\\\/sensit-scal-400\\\/#primaryimage\"},\"thumbnailUrl\":\"https:\\\/\\\/equipmentcontrols.com\\\/wp-content\\\/uploads\\\/2020\\\/05\\\/SENSIT-Scal-400.jpg\",\"datePublished\":\"2020-05-08T20:44:13+00:00\",\"dateModified\":\"2021-09-22T21:56:11+00:00\",\"description\":\"SENSIT\u00ae SCAL 400 Calibration Station automatically charges, bump tests and calibrates up to five SENSIT\u00ae P400 Multi-Gas Monitors simultaneously. All calibration and sensor performance data is stored in the calibrator for download to your computer. Data management software allows automatic uploading from calibrator, creates compliance reports and alerts selected personnel of overdue or failed calibrations.\",\"breadcrumb\":{\"@id\":\"https:\\\/\\\/equipmentcontrols.com\\\/product\\\/sensit-scal-400\\\/#breadcrumb\"},\"inLanguage\":\"es\",\"potentialAction\":[{\"@type\":\"ReadAction\",\"target\":[\"https:\\\/\\\/equipmentcontrols.com\\\/product\\\/sensit-scal-400\\\/\"]}]},{\"@type\":\"ImageObject\",\"inLanguage\":\"es\",\"@id\":\"https:\\\/\\\/equipmentcontrols.com\\\/product\\\/sensit-scal-400\\\/#primaryimage\",\"url\":\"https:\\\/\\\/equipmentcontrols.com\\\/wp-content\\\/uploads\\\/2020\\\/05\\\/SENSIT-Scal-400.jpg\",\"contentUrl\":\"https:\\\/\\\/equipmentcontrols.com\\\/wp-content\\\/uploads\\\/2020\\\/05\\\/SENSIT-Scal-400.jpg\",\"width\":860,\"height\":860,\"caption\":\"SENSIT Scal-400\"},{\"@type\":\"BreadcrumbList\",\"@id\":\"https:\\\/\\\/equipmentcontrols.com\\\/product\\\/sensit-scal-400\\\/#breadcrumb\",\"itemListElement\":[{\"@type\":\"ListItem\",\"position\":1,\"name\":\"Home\",\"item\":\"https:\\\/\\\/equipmentcontrols.com\\\/\"},{\"@type\":\"ListItem\",\"position\":2,\"name\":\"Shop\",\"item\":\"https:\\\/\\\/equipmentcontrols.com\\\/shop\\\/\"},{\"@type\":\"ListItem\",\"position\":3,\"name\":\"SENSIT\u00ae SCAL 400\"}]},{\"@type\":\"WebSite\",\"@id\":\"https:\\\/\\\/equipmentcontrols.com\\\/#website\",\"url\":\"https:\\\/\\\/equipmentcontrols.com\\\/\",\"name\":\"ECCO\",\"description\":\"Equipment Controls Company\",\"potentialAction\":[{\"@type\":\"SearchAction\",\"target\":{\"@type\":\"EntryPoint\",\"urlTemplate\":\"https:\\\/\\\/equipmentcontrols.com\\\/?s={search_term_string}\"},\"query-input\":{\"@type\":\"PropertyValueSpecification\",\"valueRequired\":true,\"valueName\":\"search_term_string\"}}],\"inLanguage\":\"es\"}]}<\/script>\n<!-- \/ Yoast SEO Premium plugin. -->","yoast_head_json":{"title":"SENSIT\u00ae SCAL 400 - ECCO","description":"SENSIT\u00ae SCAL 400 Calibration Station automatically charges, bump tests and calibrates up to five SENSIT\u00ae P400 Multi-Gas Monitors simultaneously. All calibration and sensor performance data is stored in the calibrator for download to your computer. Data management software allows automatic uploading from calibrator, creates compliance reports and alerts selected personnel of overdue or failed calibrations.","robots":{"index":"index","follow":"follow","max-snippet":"max-snippet:-1","max-image-preview":"max-image-preview:large","max-video-preview":"max-video-preview:-1"},"canonical":"https:\/\/equipmentcontrols.com\/es\/producto\/sensit-scal-400\/","og_locale":"es_MX","og_type":"article","og_title":"SENSIT\u00ae SCAL 400","og_description":"SENSIT\u00ae SCAL 400 Calibration Station automatically charges, bump tests and calibrates up to five SENSIT\u00ae P400 Multi-Gas Monitors simultaneously. All calibration and sensor performance data is stored in the calibrator for download to your computer. Data management software allows automatic uploading from calibrator, creates compliance reports and alerts selected personnel of overdue or failed calibrations.","og_url":"https:\/\/equipmentcontrols.com\/es\/producto\/sensit-scal-400\/","og_site_name":"ECCO","article_modified_time":"2021-09-22T21:56:11+00:00","og_image":[{"width":860,"height":860,"url":"https:\/\/equipmentcontrols.com\/wp-content\/uploads\/2020\/05\/SENSIT-Scal-400.jpg","type":"image\/jpeg"}],"twitter_card":"summary_large_image","twitter_misc":{"Tiempo de lectura":"1 minuto"},"schema":{"@context":"https:\/\/schema.org","@graph":[{"@type":"WebPage","@id":"https:\/\/equipmentcontrols.com\/product\/sensit-scal-400\/","url":"https:\/\/equipmentcontrols.com\/product\/sensit-scal-400\/","name":"SENSIT\u00ae SCAL 400 - ECCO","isPartOf":{"@id":"https:\/\/equipmentcontrols.com\/#website"},"primaryImageOfPage":{"@id":"https:\/\/equipmentcontrols.com\/product\/sensit-scal-400\/#primaryimage"},"image":{"@id":"https:\/\/equipmentcontrols.com\/product\/sensit-scal-400\/#primaryimage"},"thumbnailUrl":"https:\/\/equipmentcontrols.com\/wp-content\/uploads\/2020\/05\/SENSIT-Scal-400.jpg","datePublished":"2020-05-08T20:44:13+00:00","dateModified":"2021-09-22T21:56:11+00:00","description":"SENSIT\u00ae SCAL 400 Calibration Station automatically charges, bump tests and calibrates up to five SENSIT\u00ae P400 Multi-Gas Monitors simultaneously. All calibration and sensor performance data is stored in the calibrator for download to your computer. Data management software allows automatic uploading from calibrator, creates compliance reports and alerts selected personnel of overdue or failed calibrations.","breadcrumb":{"@id":"https:\/\/equipmentcontrols.com\/product\/sensit-scal-400\/#breadcrumb"},"inLanguage":"es","potentialAction":[{"@type":"ReadAction","target":["https:\/\/equipmentcontrols.com\/product\/sensit-scal-400\/"]}]},{"@type":"ImageObject","inLanguage":"es","@id":"https:\/\/equipmentcontrols.com\/product\/sensit-scal-400\/#primaryimage","url":"https:\/\/equipmentcontrols.com\/wp-content\/uploads\/2020\/05\/SENSIT-Scal-400.jpg","contentUrl":"https:\/\/equipmentcontrols.com\/wp-content\/uploads\/2020\/05\/SENSIT-Scal-400.jpg","width":860,"height":860,"caption":"SENSIT Scal-400"},{"@type":"BreadcrumbList","@id":"https:\/\/equipmentcontrols.com\/product\/sensit-scal-400\/#breadcrumb","itemListElement":[{"@type":"ListItem","position":1,"name":"Home","item":"https:\/\/equipmentcontrols.com\/"},{"@type":"ListItem","position":2,"name":"Shop","item":"https:\/\/equipmentcontrols.com\/shop\/"},{"@type":"ListItem","position":3,"name":"SENSIT\u00ae SCAL 400"}]},{"@type":"WebSite","@id":"https:\/\/equipmentcontrols.com\/#website","url":"https:\/\/equipmentcontrols.com\/","name":"ECCO","description":"Empresa de Control de Equipos","potentialAction":[{"@type":"SearchAction","target":{"@type":"EntryPoint","urlTemplate":"https:\/\/equipmentcontrols.com\/?s={search_term_string}"},"query-input":{"@type":"PropertyValueSpecification","valueRequired":true,"valueName":"search_term_string"}}],"inLanguage":"es"}]}},"_links":{"self":[{"href":"https:\/\/equipmentcontrols.com\/es\/wp-json\/wp\/v2\/product\/1133","targetHints":{"allow":["GET"]}}],"collection":[{"href":"https:\/\/equipmentcontrols.com\/es\/wp-json\/wp\/v2\/product"}],"about":[{"href":"https:\/\/equipmentcontrols.com\/es\/wp-json\/wp\/v2\/types\/product"}],"wp:featuredmedia":[{"embeddable":true,"href":"https:\/\/equipmentcontrols.com\/es\/wp-json\/wp\/v2\/media\/1058"}],"wp:attachment":[{"href":"https:\/\/equipmentcontrols.com\/es\/wp-json\/wp\/v2\/media?parent=1133"}],"wp:term":[{"taxonomy":"product_brand","embeddable":true,"href":"https:\/\/equipmentcontrols.com\/es\/wp-json\/wp\/v2\/product_brand?post=1133"},{"taxonomy":"product_cat","embeddable":true,"href":"https:\/\/equipmentcontrols.com\/es\/wp-json\/wp\/v2\/product_cat?post=1133"},{"taxonomy":"product_tag","embeddable":true,"href":"https:\/\/equipmentcontrols.com\/es\/wp-json\/wp\/v2\/product_tag?post=1133"}],"curies":[{"name":"wp","href":"https:\/\/api.w.org\/{rel}","templated":true}]}}