{"id":1130,"date":"2020-05-08T20:15:30","date_gmt":"2020-05-08T20:15:30","guid":{"rendered":"https:\/\/econtrols.stagemysite.com\/?post_type=product&#038;p=1130"},"modified":"2021-09-22T21:59:26","modified_gmt":"2021-09-22T21:59:26","slug":"sensit-p400","status":"publish","type":"product","link":"https:\/\/equipmentcontrols.com\/es\/producto\/sensit-p400\/","title":{"rendered":"SENSIT\u00ae P400"},"content":{"rendered":"<p><strong>SENSIT\u00ae P400<\/strong><\/p>\n<p><strong>Monitor de gases m\u00faltiples<\/strong><\/p>\n<p>SENSIT\u00ae P400 es un monitor de gas personal de \u00faltima generaci\u00f3n que se utiliza para alertar a los usuarios sobre gases peligrosos en su \u00e1rea de trabajo. SENSIT\u00ae P400 sube el list\u00f3n en cuanto a durabilidad. La carcasa est\u00e1 hecha de un policarbonato probado en el campo con una cubierta exterior protectora permanente similar a la goma.<\/p>\n<p>SENSIT\u00ae P400 ofrece un dise\u00f1o f\u00e1cil de usar, una gran pantalla gr\u00e1fica y 3 tipos de alarmas; audible, visual y vibratorio.<\/p>\n<p>Muestra hasta 5 gases<br \/>\n\u2022 LEL (PPM Opcional)<br \/>\n\u2022 Ox\u00edgeno<br \/>\n\u2022 Mon\u00f3xido de carbono<br \/>\n\u2022 Sulfuro de hidr\u00f3geno<br \/>\n\u2022 Cianuro de hidr\u00f3geno (opcional)<br \/>\n\u2022 Consulte nuestro folleto para ver opciones de sensores adicionales<\/p>\n<p>Sistema de Detecci\u00f3n Inmediata (IDS)<br \/>\nCuando los niveles de gases peligrosos est\u00e1n aumentando, esta caracter\u00edstica de estilo de marca opcional comienza antes del nivel de alarma.<\/p>\n<p>La calibraci\u00f3n es f\u00e1cil de completar manualmente o con la estaci\u00f3n de carga y calibraci\u00f3n SCAL-400.<\/p>\n<p>Certificaciones: ATEX, UL<\/p>\n<p><strong>Caracter\u00edsticas:<\/strong><br \/>\n\u2022 Alarma audible: 3 tonos<br \/>\n\u2022 Registro de datos<br \/>\n\u2022 Alarma visual: vista de 270\u00b0<br \/>\n\u2022 Sensores de vida \u00fatil m\u00e1s larga y de menor costo<br \/>\n\u2022 Alarma de vibraci\u00f3n<br \/>\n\u2022 Prefiltro de polvo f\u00e1cil de limpiar<br \/>\n\u2022 Alarmas STEL y TWA<br \/>\n\u2022 Filtro de polvo reutilizable de f\u00e1cil acceso<br \/>\n\u2022 Indicador de cumplimiento\/estado<br \/>\n\u2022 Bater\u00eda alcalina y\/o NiMH<br \/>\n\u2022 Garant\u00eda limitada de 2 a\u00f1os (incluidos los sensores)<br \/>\n\u2022 Garant\u00eda extendida disponible<\/p>\n<p><strong>Aplicaciones:<\/strong><br \/>\n\u2022 Detecci\u00f3n de gases combustibles<br \/>\n\u2022 Detecci\u00f3n de gases peligrosos<br \/>\n\u2022 Monitoreo de espacios confinados<br \/>\n\u2022 Seguridad personal<\/p>\n<p><strong>Descargas:<\/strong><br \/>\n<a href=\"https:\/\/equipmentcontrols.com\/wp-content\/uploads\/2020\/05\/Sensit-P400-Bulletin.pdf\">Bolet\u00edn SENSIT\u00ae P400<\/a><br \/>\n<a href=\"https:\/\/equipmentcontrols.com\/wp-content\/uploads\/2020\/05\/Sensit-P400-Operation-Manual.pdf\">Manual de instrucciones SENSIT\u00ae P400<\/a><\/p>","protected":false},"excerpt":{"rendered":"<p>SENSIT\u00ae P400 Multi Gas Monitor SENSIT\u00ae P400 is a state-of-the-art personal gas monitor used to alert users of hazardous gases in their work area. SENSIT\u00ae P400 raises the bar in durability. The housing is made of a field-proven polycarbonate with a permanent rubber-like protective outer covering. SENSIT\u00ae P400 offers a user-friendly design, a large graphic [&hellip;]<\/p>\n","protected":false},"featured_media":1057,"template":"","meta":[],"product_brand":[],"product_cat":[24,50],"product_tag":[],"class_list":{"0":"post-1130","1":"product","2":"type-product","3":"status-publish","4":"has-post-thumbnail","6":"product_cat-leak-detection","7":"product_cat-sensit","9":"first","10":"instock","11":"shipping-taxable","12":"product-type-simple"},"yoast_head":"<!-- This site is optimized with the Yoast SEO Premium plugin v23.9 (Yoast SEO v27.3) - https:\/\/yoast.com\/product\/yoast-seo-premium-wordpress\/ -->\n<title>SENSIT\u00ae P400 - ECCO<\/title>\n<meta name=\"description\" content=\"SENSIT\u00ae P400 is a state-of-the-art personal gas monitor used to alert users of hazardous gases in their work area. SENSIT\u00ae P400 raises the bar in durability. The housing is made of a field-proven polycarbonate with a permanent rubber-like protective outer covering.SENSIT\u00ae P400 offers a user-friendly design, a large graphic display and 3 types of alarms; audible, visual and vibration.\" \/>\n<meta name=\"robots\" content=\"index, follow, max-snippet:-1, max-image-preview:large, max-video-preview:-1\" \/>\n<link rel=\"canonical\" href=\"https:\/\/equipmentcontrols.com\/es\/producto\/sensit-p400\/\" \/>\n<meta property=\"og:locale\" content=\"es_MX\" \/>\n<meta property=\"og:type\" content=\"article\" \/>\n<meta property=\"og:title\" content=\"SENSIT\u00ae P400\" \/>\n<meta property=\"og:description\" content=\"SENSIT\u00ae P400 is a state-of-the-art personal gas monitor used to alert users of hazardous gases in their work area. SENSIT\u00ae P400 raises the bar in durability. The housing is made of a field-proven polycarbonate with a permanent rubber-like protective outer covering.SENSIT\u00ae P400 offers a user-friendly design, a large graphic display and 3 types of alarms; audible, visual and vibration.\" \/>\n<meta property=\"og:url\" content=\"https:\/\/equipmentcontrols.com\/es\/producto\/sensit-p400\/\" \/>\n<meta property=\"og:site_name\" content=\"ECCO\" \/>\n<meta property=\"article:modified_time\" content=\"2021-09-22T21:59:26+00:00\" \/>\n<meta property=\"og:image\" content=\"https:\/\/equipmentcontrols.com\/wp-content\/uploads\/2020\/05\/SENSIT-P400.jpg\" \/>\n\t<meta property=\"og:image:width\" content=\"860\" \/>\n\t<meta property=\"og:image:height\" content=\"860\" \/>\n\t<meta property=\"og:image:type\" content=\"image\/jpeg\" \/>\n<meta name=\"twitter:card\" content=\"summary_large_image\" \/>\n<meta name=\"twitter:label1\" content=\"Tiempo de lectura\" \/>\n\t<meta name=\"twitter:data1\" content=\"1 minuto\" \/>\n<script type=\"application\/ld+json\" class=\"yoast-schema-graph\">{\"@context\":\"https:\\\/\\\/schema.org\",\"@graph\":[{\"@type\":\"WebPage\",\"@id\":\"https:\\\/\\\/equipmentcontrols.com\\\/product\\\/sensit-p400\\\/\",\"url\":\"https:\\\/\\\/equipmentcontrols.com\\\/product\\\/sensit-p400\\\/\",\"name\":\"SENSIT\u00ae P400 - ECCO\",\"isPartOf\":{\"@id\":\"https:\\\/\\\/equipmentcontrols.com\\\/#website\"},\"primaryImageOfPage\":{\"@id\":\"https:\\\/\\\/equipmentcontrols.com\\\/product\\\/sensit-p400\\\/#primaryimage\"},\"image\":{\"@id\":\"https:\\\/\\\/equipmentcontrols.com\\\/product\\\/sensit-p400\\\/#primaryimage\"},\"thumbnailUrl\":\"https:\\\/\\\/equipmentcontrols.com\\\/wp-content\\\/uploads\\\/2020\\\/05\\\/SENSIT-P400.jpg\",\"datePublished\":\"2020-05-08T20:15:30+00:00\",\"dateModified\":\"2021-09-22T21:59:26+00:00\",\"description\":\"SENSIT\u00ae P400 is a state-of-the-art personal gas monitor used to alert users of hazardous gases in their work area. SENSIT\u00ae P400 raises the bar in durability. The housing is made of a field-proven polycarbonate with a permanent rubber-like protective outer covering.SENSIT\u00ae P400 offers a user-friendly design, a large graphic display and 3 types of alarms; audible, visual and vibration.\",\"breadcrumb\":{\"@id\":\"https:\\\/\\\/equipmentcontrols.com\\\/product\\\/sensit-p400\\\/#breadcrumb\"},\"inLanguage\":\"es\",\"potentialAction\":[{\"@type\":\"ReadAction\",\"target\":[\"https:\\\/\\\/equipmentcontrols.com\\\/product\\\/sensit-p400\\\/\"]}]},{\"@type\":\"ImageObject\",\"inLanguage\":\"es\",\"@id\":\"https:\\\/\\\/equipmentcontrols.com\\\/product\\\/sensit-p400\\\/#primaryimage\",\"url\":\"https:\\\/\\\/equipmentcontrols.com\\\/wp-content\\\/uploads\\\/2020\\\/05\\\/SENSIT-P400.jpg\",\"contentUrl\":\"https:\\\/\\\/equipmentcontrols.com\\\/wp-content\\\/uploads\\\/2020\\\/05\\\/SENSIT-P400.jpg\",\"width\":860,\"height\":860,\"caption\":\"SENSIT P400\"},{\"@type\":\"BreadcrumbList\",\"@id\":\"https:\\\/\\\/equipmentcontrols.com\\\/product\\\/sensit-p400\\\/#breadcrumb\",\"itemListElement\":[{\"@type\":\"ListItem\",\"position\":1,\"name\":\"Home\",\"item\":\"https:\\\/\\\/equipmentcontrols.com\\\/\"},{\"@type\":\"ListItem\",\"position\":2,\"name\":\"Shop\",\"item\":\"https:\\\/\\\/equipmentcontrols.com\\\/shop\\\/\"},{\"@type\":\"ListItem\",\"position\":3,\"name\":\"SENSIT\u00ae P400\"}]},{\"@type\":\"WebSite\",\"@id\":\"https:\\\/\\\/equipmentcontrols.com\\\/#website\",\"url\":\"https:\\\/\\\/equipmentcontrols.com\\\/\",\"name\":\"ECCO\",\"description\":\"Equipment Controls Company\",\"potentialAction\":[{\"@type\":\"SearchAction\",\"target\":{\"@type\":\"EntryPoint\",\"urlTemplate\":\"https:\\\/\\\/equipmentcontrols.com\\\/?s={search_term_string}\"},\"query-input\":{\"@type\":\"PropertyValueSpecification\",\"valueRequired\":true,\"valueName\":\"search_term_string\"}}],\"inLanguage\":\"es\"}]}<\/script>\n<!-- \/ Yoast SEO Premium plugin. -->","yoast_head_json":{"title":"SENSIT\u00ae P400 - ECCO","description":"SENSIT\u00ae P400 is a state-of-the-art personal gas monitor used to alert users of hazardous gases in their work area. SENSIT\u00ae P400 raises the bar in durability. The housing is made of a field-proven polycarbonate with a permanent rubber-like protective outer covering.SENSIT\u00ae P400 offers a user-friendly design, a large graphic display and 3 types of alarms; audible, visual and vibration.","robots":{"index":"index","follow":"follow","max-snippet":"max-snippet:-1","max-image-preview":"max-image-preview:large","max-video-preview":"max-video-preview:-1"},"canonical":"https:\/\/equipmentcontrols.com\/es\/producto\/sensit-p400\/","og_locale":"es_MX","og_type":"article","og_title":"SENSIT\u00ae P400","og_description":"SENSIT\u00ae P400 is a state-of-the-art personal gas monitor used to alert users of hazardous gases in their work area. SENSIT\u00ae P400 raises the bar in durability. The housing is made of a field-proven polycarbonate with a permanent rubber-like protective outer covering.SENSIT\u00ae P400 offers a user-friendly design, a large graphic display and 3 types of alarms; audible, visual and vibration.","og_url":"https:\/\/equipmentcontrols.com\/es\/producto\/sensit-p400\/","og_site_name":"ECCO","article_modified_time":"2021-09-22T21:59:26+00:00","og_image":[{"width":860,"height":860,"url":"https:\/\/equipmentcontrols.com\/wp-content\/uploads\/2020\/05\/SENSIT-P400.jpg","type":"image\/jpeg"}],"twitter_card":"summary_large_image","twitter_misc":{"Tiempo de lectura":"1 minuto"},"schema":{"@context":"https:\/\/schema.org","@graph":[{"@type":"WebPage","@id":"https:\/\/equipmentcontrols.com\/product\/sensit-p400\/","url":"https:\/\/equipmentcontrols.com\/product\/sensit-p400\/","name":"SENSIT\u00ae P400 - ECCO","isPartOf":{"@id":"https:\/\/equipmentcontrols.com\/#website"},"primaryImageOfPage":{"@id":"https:\/\/equipmentcontrols.com\/product\/sensit-p400\/#primaryimage"},"image":{"@id":"https:\/\/equipmentcontrols.com\/product\/sensit-p400\/#primaryimage"},"thumbnailUrl":"https:\/\/equipmentcontrols.com\/wp-content\/uploads\/2020\/05\/SENSIT-P400.jpg","datePublished":"2020-05-08T20:15:30+00:00","dateModified":"2021-09-22T21:59:26+00:00","description":"SENSIT\u00ae P400 is a state-of-the-art personal gas monitor used to alert users of hazardous gases in their work area. SENSIT\u00ae P400 raises the bar in durability. The housing is made of a field-proven polycarbonate with a permanent rubber-like protective outer covering.SENSIT\u00ae P400 offers a user-friendly design, a large graphic display and 3 types of alarms; audible, visual and vibration.","breadcrumb":{"@id":"https:\/\/equipmentcontrols.com\/product\/sensit-p400\/#breadcrumb"},"inLanguage":"es","potentialAction":[{"@type":"ReadAction","target":["https:\/\/equipmentcontrols.com\/product\/sensit-p400\/"]}]},{"@type":"ImageObject","inLanguage":"es","@id":"https:\/\/equipmentcontrols.com\/product\/sensit-p400\/#primaryimage","url":"https:\/\/equipmentcontrols.com\/wp-content\/uploads\/2020\/05\/SENSIT-P400.jpg","contentUrl":"https:\/\/equipmentcontrols.com\/wp-content\/uploads\/2020\/05\/SENSIT-P400.jpg","width":860,"height":860,"caption":"SENSIT P400"},{"@type":"BreadcrumbList","@id":"https:\/\/equipmentcontrols.com\/product\/sensit-p400\/#breadcrumb","itemListElement":[{"@type":"ListItem","position":1,"name":"Home","item":"https:\/\/equipmentcontrols.com\/"},{"@type":"ListItem","position":2,"name":"Shop","item":"https:\/\/equipmentcontrols.com\/shop\/"},{"@type":"ListItem","position":3,"name":"SENSIT\u00ae P400"}]},{"@type":"WebSite","@id":"https:\/\/equipmentcontrols.com\/#website","url":"https:\/\/equipmentcontrols.com\/","name":"ECCO","description":"Empresa de Control de Equipos","potentialAction":[{"@type":"SearchAction","target":{"@type":"EntryPoint","urlTemplate":"https:\/\/equipmentcontrols.com\/?s={search_term_string}"},"query-input":{"@type":"PropertyValueSpecification","valueRequired":true,"valueName":"search_term_string"}}],"inLanguage":"es"}]}},"_links":{"self":[{"href":"https:\/\/equipmentcontrols.com\/es\/wp-json\/wp\/v2\/product\/1130","targetHints":{"allow":["GET"]}}],"collection":[{"href":"https:\/\/equipmentcontrols.com\/es\/wp-json\/wp\/v2\/product"}],"about":[{"href":"https:\/\/equipmentcontrols.com\/es\/wp-json\/wp\/v2\/types\/product"}],"wp:featuredmedia":[{"embeddable":true,"href":"https:\/\/equipmentcontrols.com\/es\/wp-json\/wp\/v2\/media\/1057"}],"wp:attachment":[{"href":"https:\/\/equipmentcontrols.com\/es\/wp-json\/wp\/v2\/media?parent=1130"}],"wp:term":[{"taxonomy":"product_brand","embeddable":true,"href":"https:\/\/equipmentcontrols.com\/es\/wp-json\/wp\/v2\/product_brand?post=1130"},{"taxonomy":"product_cat","embeddable":true,"href":"https:\/\/equipmentcontrols.com\/es\/wp-json\/wp\/v2\/product_cat?post=1130"},{"taxonomy":"product_tag","embeddable":true,"href":"https:\/\/equipmentcontrols.com\/es\/wp-json\/wp\/v2\/product_tag?post=1130"}],"curies":[{"name":"wp","href":"https:\/\/api.w.org\/{rel}","templated":true}]}}