{"id":1128,"date":"2020-05-08T19:54:53","date_gmt":"2020-05-08T19:54:53","guid":{"rendered":"https:\/\/econtrols.stagemysite.com\/?post_type=product&#038;p=1128"},"modified":"2021-09-22T22:00:48","modified_gmt":"2021-09-22T22:00:48","slug":"sensit-hxg-3","status":"publish","type":"product","link":"https:\/\/equipmentcontrols.com\/es\/producto\/sensit-hxg-3\/","title":{"rendered":"SENSIT\u00ae HXG-3"},"content":{"rendered":"<p><strong>SENSIT\u00ae HXG-3<\/strong><br \/>\n<strong>Detector de fugas de gas combustible<\/strong><\/p>\n<p>SENSIT\u00ae HXG-3 es un detector de fugas de gas combustible port\u00e1til y avanzado capaz de detectar y monitorear gases combustibles como gas natural, metano y propano.<\/p>\n<p>La pantalla LCD retroiluminada SENSIT\u00ae HXG-3 muestra el l\u00edmite inferior de explosividad (LEL) porcentual y lecturas de partes por mill\u00f3n (ppm) simult\u00e1neamente para una detecci\u00f3n precisa de fugas de gas y un an\u00e1lisis de gas. Las alarmas audibles y visuales advierten sobre posibles condiciones peligrosas.<\/p>\n<p>\u00a1Encuentre fugas de gas r\u00e1pidamente!<\/p>\n<p>Las fugas de gas se pueden identificar f\u00e1cilmente mediante el uso de una tasa de tic audible. El sensor est\u00e1 ubicado al final de un cuello de ganso flexible para llegar f\u00e1cilmente a las \u00e1reas donde se sospecha que hay fugas.<\/p>\n<p><strong>Guardar datos<\/strong><\/p>\n<p>Una funci\u00f3n de guardado de datos le permite guardar datos durante cualquier investigaci\u00f3n de fuga de gas.<\/p>\n<p><strong>Certificaciones:<\/strong> UL<\/p>\n<p><strong>Caracter\u00edsticas:<\/strong><br \/>\n\u2022 Muestra LEL y PPM<br \/>\n\u2022 Sensor de bajo costo y larga duraci\u00f3n<br \/>\n\u2022 Detecci\u00f3n de fugas de marcaci\u00f3n ajustable<br \/>\n\u2022 Calibraci\u00f3n sencilla<br \/>\n\u2022 Pantalla retroiluminada<br \/>\n\u2022 Descarga de datos por infrarrojos<br \/>\n\u2022 Dise\u00f1o intr\u00ednsecamente seguro<\/p>\n<p><strong>Aplicaciones:<\/strong><br \/>\n\u2022 Detectar y localizar peque\u00f1as fugas de gas<br \/>\n\u2022 Monitoreo de \u00c1rea<br \/>\n\u2022 Inspecci\u00f3n de fugas de gas<br \/>\n\u2022 Detecci\u00f3n qu\u00edmica<br \/>\n\u2022 Purga de l\u00ednea de gas<br \/>\n\u2022 Detecci\u00f3n de incendios \/ acelerantes<\/p>\n<p><strong>Descargas:<\/strong><br \/>\n<a href=\"https:\/\/equipmentcontrols.com\/wp-content\/uploads\/2020\/05\/Sensit-HXG-3.pdf\">Bolet\u00edn SENSIT\u00ae HXG-3<\/a><br \/>\n<a href=\"https:\/\/equipmentcontrols.com\/wp-content\/uploads\/2020\/05\/SENSIT-HXG-3-Instruction-Manual-UL.pdf\">Manual de instrucciones SENSIT\u00ae HVG-3<\/a><\/p>","protected":false},"excerpt":{"rendered":"<p>SENSIT\u00ae HXG-3 Combustible Gas Leak Detector SENSIT\u00ae HXG-3 is an advanced, portable combustible gas leak detector capable of detecting and monitoring combustible gases such as natural gas, methane, and propane. SENSIT\u00ae HXG-3 backlit LCD display shows percent lower explosive limit (LEL) and part-per million (ppm) readings simultaneously for accurate gas leak detection and gas analysis. [&hellip;]<\/p>\n","protected":false},"featured_media":1055,"template":"","meta":[],"product_brand":[],"product_cat":[24,50],"product_tag":[],"class_list":{"0":"post-1128","1":"product","2":"type-product","3":"status-publish","4":"has-post-thumbnail","6":"product_cat-leak-detection","7":"product_cat-sensit","9":"first","10":"instock","11":"shipping-taxable","12":"product-type-simple"},"yoast_head":"<!-- This site is optimized with the Yoast SEO Premium plugin v23.9 (Yoast SEO v27.3) - https:\/\/yoast.com\/product\/yoast-seo-premium-wordpress\/ -->\n<title>SENSIT\u00ae HXG-3 - ECCO<\/title>\n<meta name=\"description\" content=\"SENSIT\u00ae HXG-3 is an advanced, portable combustible gas leak detector capable of detecting and monitoring combustible gases such as natural gas, methane, and propane.SENSIT\u00ae HXG-3 backlit LCD display shows percent lower explosive limit (LEL) and part-per million (ppm) readings simultaneously for accurate gas leak detection and gas analysis. Audible and visual alarms warn of potential hazardous conditions.Find gas leaks fast!Gas leaks can easily be pinpointed by using an audible tick rate. The sensor is located at the end of a flexible gooseneck to easily reach areas where leaks may be suspected.\" \/>\n<meta name=\"robots\" content=\"index, follow, max-snippet:-1, max-image-preview:large, max-video-preview:-1\" \/>\n<link rel=\"canonical\" href=\"https:\/\/equipmentcontrols.com\/es\/producto\/sensit-hxg-3\/\" \/>\n<meta property=\"og:locale\" content=\"es_MX\" \/>\n<meta property=\"og:type\" content=\"article\" \/>\n<meta property=\"og:title\" content=\"SENSIT\u00ae HXG-3\" \/>\n<meta property=\"og:description\" content=\"SENSIT\u00ae HXG-3 is an advanced, portable combustible gas leak detector capable of detecting and monitoring combustible gases such as natural gas, methane, and propane.SENSIT\u00ae HXG-3 backlit LCD display shows percent lower explosive limit (LEL) and part-per million (ppm) readings simultaneously for accurate gas leak detection and gas analysis. Audible and visual alarms warn of potential hazardous conditions.Find gas leaks fast!Gas leaks can easily be pinpointed by using an audible tick rate. The sensor is located at the end of a flexible gooseneck to easily reach areas where leaks may be suspected.\" \/>\n<meta property=\"og:url\" content=\"https:\/\/equipmentcontrols.com\/es\/producto\/sensit-hxg-3\/\" \/>\n<meta property=\"og:site_name\" content=\"ECCO\" \/>\n<meta property=\"article:modified_time\" content=\"2021-09-22T22:00:48+00:00\" \/>\n<meta property=\"og:image\" content=\"https:\/\/equipmentcontrols.com\/wp-content\/uploads\/2020\/05\/SENSIT-HXG-3.jpg\" \/>\n\t<meta property=\"og:image:width\" content=\"860\" \/>\n\t<meta property=\"og:image:height\" content=\"860\" \/>\n\t<meta property=\"og:image:type\" content=\"image\/jpeg\" \/>\n<meta name=\"twitter:card\" content=\"summary_large_image\" \/>\n<meta name=\"twitter:label1\" content=\"Tiempo de lectura\" \/>\n\t<meta name=\"twitter:data1\" content=\"1 minuto\" \/>\n<script type=\"application\/ld+json\" class=\"yoast-schema-graph\">{\"@context\":\"https:\\\/\\\/schema.org\",\"@graph\":[{\"@type\":\"WebPage\",\"@id\":\"https:\\\/\\\/equipmentcontrols.com\\\/product\\\/sensit-hxg-3\\\/\",\"url\":\"https:\\\/\\\/equipmentcontrols.com\\\/product\\\/sensit-hxg-3\\\/\",\"name\":\"SENSIT\u00ae HXG-3 - ECCO\",\"isPartOf\":{\"@id\":\"https:\\\/\\\/equipmentcontrols.com\\\/#website\"},\"primaryImageOfPage\":{\"@id\":\"https:\\\/\\\/equipmentcontrols.com\\\/product\\\/sensit-hxg-3\\\/#primaryimage\"},\"image\":{\"@id\":\"https:\\\/\\\/equipmentcontrols.com\\\/product\\\/sensit-hxg-3\\\/#primaryimage\"},\"thumbnailUrl\":\"https:\\\/\\\/equipmentcontrols.com\\\/wp-content\\\/uploads\\\/2020\\\/05\\\/SENSIT-HXG-3.jpg\",\"datePublished\":\"2020-05-08T19:54:53+00:00\",\"dateModified\":\"2021-09-22T22:00:48+00:00\",\"description\":\"SENSIT\u00ae HXG-3 is an advanced, portable combustible gas leak detector capable of detecting and monitoring combustible gases such as natural gas, methane, and propane.SENSIT\u00ae HXG-3 backlit LCD display shows percent lower explosive limit (LEL) and part-per million (ppm) readings simultaneously for accurate gas leak detection and gas analysis. Audible and visual alarms warn of potential hazardous conditions.Find gas leaks fast!Gas leaks can easily be pinpointed by using an audible tick rate. The sensor is located at the end of a flexible gooseneck to easily reach areas where leaks may be suspected.\",\"breadcrumb\":{\"@id\":\"https:\\\/\\\/equipmentcontrols.com\\\/product\\\/sensit-hxg-3\\\/#breadcrumb\"},\"inLanguage\":\"es\",\"potentialAction\":[{\"@type\":\"ReadAction\",\"target\":[\"https:\\\/\\\/equipmentcontrols.com\\\/product\\\/sensit-hxg-3\\\/\"]}]},{\"@type\":\"ImageObject\",\"inLanguage\":\"es\",\"@id\":\"https:\\\/\\\/equipmentcontrols.com\\\/product\\\/sensit-hxg-3\\\/#primaryimage\",\"url\":\"https:\\\/\\\/equipmentcontrols.com\\\/wp-content\\\/uploads\\\/2020\\\/05\\\/SENSIT-HXG-3.jpg\",\"contentUrl\":\"https:\\\/\\\/equipmentcontrols.com\\\/wp-content\\\/uploads\\\/2020\\\/05\\\/SENSIT-HXG-3.jpg\",\"width\":860,\"height\":860,\"caption\":\"SENSIT HXG-3\"},{\"@type\":\"BreadcrumbList\",\"@id\":\"https:\\\/\\\/equipmentcontrols.com\\\/product\\\/sensit-hxg-3\\\/#breadcrumb\",\"itemListElement\":[{\"@type\":\"ListItem\",\"position\":1,\"name\":\"Home\",\"item\":\"https:\\\/\\\/equipmentcontrols.com\\\/\"},{\"@type\":\"ListItem\",\"position\":2,\"name\":\"Shop\",\"item\":\"https:\\\/\\\/equipmentcontrols.com\\\/shop\\\/\"},{\"@type\":\"ListItem\",\"position\":3,\"name\":\"SENSIT\u00ae HXG-3\"}]},{\"@type\":\"WebSite\",\"@id\":\"https:\\\/\\\/equipmentcontrols.com\\\/#website\",\"url\":\"https:\\\/\\\/equipmentcontrols.com\\\/\",\"name\":\"ECCO\",\"description\":\"Equipment Controls Company\",\"potentialAction\":[{\"@type\":\"SearchAction\",\"target\":{\"@type\":\"EntryPoint\",\"urlTemplate\":\"https:\\\/\\\/equipmentcontrols.com\\\/?s={search_term_string}\"},\"query-input\":{\"@type\":\"PropertyValueSpecification\",\"valueRequired\":true,\"valueName\":\"search_term_string\"}}],\"inLanguage\":\"es\"}]}<\/script>\n<!-- \/ Yoast SEO Premium plugin. -->","yoast_head_json":{"title":"SENSIT\u00ae HXG-3 - ECCO","description":"SENSIT\u00ae HXG-3 is an advanced, portable combustible gas leak detector capable of detecting and monitoring combustible gases such as natural gas, methane, and propane.SENSIT\u00ae HXG-3 backlit LCD display shows percent lower explosive limit (LEL) and part-per million (ppm) readings simultaneously for accurate gas leak detection and gas analysis. Audible and visual alarms warn of potential hazardous conditions.Find gas leaks fast!Gas leaks can easily be pinpointed by using an audible tick rate. The sensor is located at the end of a flexible gooseneck to easily reach areas where leaks may be suspected.","robots":{"index":"index","follow":"follow","max-snippet":"max-snippet:-1","max-image-preview":"max-image-preview:large","max-video-preview":"max-video-preview:-1"},"canonical":"https:\/\/equipmentcontrols.com\/es\/producto\/sensit-hxg-3\/","og_locale":"es_MX","og_type":"article","og_title":"SENSIT\u00ae HXG-3","og_description":"SENSIT\u00ae HXG-3 is an advanced, portable combustible gas leak detector capable of detecting and monitoring combustible gases such as natural gas, methane, and propane.SENSIT\u00ae HXG-3 backlit LCD display shows percent lower explosive limit (LEL) and part-per million (ppm) readings simultaneously for accurate gas leak detection and gas analysis. Audible and visual alarms warn of potential hazardous conditions.Find gas leaks fast!Gas leaks can easily be pinpointed by using an audible tick rate. The sensor is located at the end of a flexible gooseneck to easily reach areas where leaks may be suspected.","og_url":"https:\/\/equipmentcontrols.com\/es\/producto\/sensit-hxg-3\/","og_site_name":"ECCO","article_modified_time":"2021-09-22T22:00:48+00:00","og_image":[{"width":860,"height":860,"url":"https:\/\/equipmentcontrols.com\/wp-content\/uploads\/2020\/05\/SENSIT-HXG-3.jpg","type":"image\/jpeg"}],"twitter_card":"summary_large_image","twitter_misc":{"Tiempo de lectura":"1 minuto"},"schema":{"@context":"https:\/\/schema.org","@graph":[{"@type":"WebPage","@id":"https:\/\/equipmentcontrols.com\/product\/sensit-hxg-3\/","url":"https:\/\/equipmentcontrols.com\/product\/sensit-hxg-3\/","name":"SENSIT\u00ae HXG-3 - ECCO","isPartOf":{"@id":"https:\/\/equipmentcontrols.com\/#website"},"primaryImageOfPage":{"@id":"https:\/\/equipmentcontrols.com\/product\/sensit-hxg-3\/#primaryimage"},"image":{"@id":"https:\/\/equipmentcontrols.com\/product\/sensit-hxg-3\/#primaryimage"},"thumbnailUrl":"https:\/\/equipmentcontrols.com\/wp-content\/uploads\/2020\/05\/SENSIT-HXG-3.jpg","datePublished":"2020-05-08T19:54:53+00:00","dateModified":"2021-09-22T22:00:48+00:00","description":"SENSIT\u00ae HXG-3 is an advanced, portable combustible gas leak detector capable of detecting and monitoring combustible gases such as natural gas, methane, and propane.SENSIT\u00ae HXG-3 backlit LCD display shows percent lower explosive limit (LEL) and part-per million (ppm) readings simultaneously for accurate gas leak detection and gas analysis. Audible and visual alarms warn of potential hazardous conditions.Find gas leaks fast!Gas leaks can easily be pinpointed by using an audible tick rate. The sensor is located at the end of a flexible gooseneck to easily reach areas where leaks may be suspected.","breadcrumb":{"@id":"https:\/\/equipmentcontrols.com\/product\/sensit-hxg-3\/#breadcrumb"},"inLanguage":"es","potentialAction":[{"@type":"ReadAction","target":["https:\/\/equipmentcontrols.com\/product\/sensit-hxg-3\/"]}]},{"@type":"ImageObject","inLanguage":"es","@id":"https:\/\/equipmentcontrols.com\/product\/sensit-hxg-3\/#primaryimage","url":"https:\/\/equipmentcontrols.com\/wp-content\/uploads\/2020\/05\/SENSIT-HXG-3.jpg","contentUrl":"https:\/\/equipmentcontrols.com\/wp-content\/uploads\/2020\/05\/SENSIT-HXG-3.jpg","width":860,"height":860,"caption":"SENSIT HXG-3"},{"@type":"BreadcrumbList","@id":"https:\/\/equipmentcontrols.com\/product\/sensit-hxg-3\/#breadcrumb","itemListElement":[{"@type":"ListItem","position":1,"name":"Home","item":"https:\/\/equipmentcontrols.com\/"},{"@type":"ListItem","position":2,"name":"Shop","item":"https:\/\/equipmentcontrols.com\/shop\/"},{"@type":"ListItem","position":3,"name":"SENSIT\u00ae HXG-3"}]},{"@type":"WebSite","@id":"https:\/\/equipmentcontrols.com\/#website","url":"https:\/\/equipmentcontrols.com\/","name":"ECCO","description":"Empresa de Control de Equipos","potentialAction":[{"@type":"SearchAction","target":{"@type":"EntryPoint","urlTemplate":"https:\/\/equipmentcontrols.com\/?s={search_term_string}"},"query-input":{"@type":"PropertyValueSpecification","valueRequired":true,"valueName":"search_term_string"}}],"inLanguage":"es"}]}},"_links":{"self":[{"href":"https:\/\/equipmentcontrols.com\/es\/wp-json\/wp\/v2\/product\/1128","targetHints":{"allow":["GET"]}}],"collection":[{"href":"https:\/\/equipmentcontrols.com\/es\/wp-json\/wp\/v2\/product"}],"about":[{"href":"https:\/\/equipmentcontrols.com\/es\/wp-json\/wp\/v2\/types\/product"}],"wp:featuredmedia":[{"embeddable":true,"href":"https:\/\/equipmentcontrols.com\/es\/wp-json\/wp\/v2\/media\/1055"}],"wp:attachment":[{"href":"https:\/\/equipmentcontrols.com\/es\/wp-json\/wp\/v2\/media?parent=1128"}],"wp:term":[{"taxonomy":"product_brand","embeddable":true,"href":"https:\/\/equipmentcontrols.com\/es\/wp-json\/wp\/v2\/product_brand?post=1128"},{"taxonomy":"product_cat","embeddable":true,"href":"https:\/\/equipmentcontrols.com\/es\/wp-json\/wp\/v2\/product_cat?post=1128"},{"taxonomy":"product_tag","embeddable":true,"href":"https:\/\/equipmentcontrols.com\/es\/wp-json\/wp\/v2\/product_tag?post=1128"}],"curies":[{"name":"wp","href":"https:\/\/api.w.org\/{rel}","templated":true}]}}