{"id":1126,"date":"2020-05-08T19:31:04","date_gmt":"2020-05-08T19:31:04","guid":{"rendered":"https:\/\/econtrols.stagemysite.com\/?post_type=product&#038;p=1126"},"modified":"2021-09-22T22:02:11","modified_gmt":"2021-09-22T22:02:11","slug":"sensit-hxg-2d","status":"publish","type":"product","link":"https:\/\/equipmentcontrols.com\/es\/producto\/sensit-hxg-2d\/","title":{"rendered":"SENSIT\u00ae HXG-2d"},"content":{"rendered":"<p><strong>SENSIT\u00ae HXG-2d<\/strong><br \/>\n<strong>Detector de fugas de gas combustible<\/strong><\/p>\n<p>El detector de fugas de gas combustible SENSIT\u00ae HXG-2d es un instrumento port\u00e1til para detectar y encontrar fugas de gas natural, metano o gas propano a lo largo de sistemas de tuber\u00edas expuestas.<\/p>\n<p>SENSIT\u00ae HXG-2d incorpora un sensor semiconductor avanzado de baja potencia para medir y mostrar gases combustibles en partes por mill\u00f3n. El instrumento se ajusta autom\u00e1ticamente al porcentaje LEL (l\u00edmite explosivo inferior) cuando las concentraciones superan las 990 partes por mill\u00f3n.<\/p>\n<p>HXG-2d muestra LEL o PPM<br \/>\n\u2022 0-990 ppm<br \/>\n\u2022 0-100% LIE<\/p>\n<p>SENSIT\u00ae HXG-2d tambi\u00e9n cuenta con nuestro exclusivo control de tic audible que ayuda a encontrar r\u00e1pidamente la fuente de las fugas de gas. El tictac se puede escuchar f\u00e1cilmente a trav\u00e9s del altavoz ubicado en la parte posterior del instrumento.<\/p>\n<p><strong>Certificaciones:<\/strong> Producto listado ATEX, UL, BPI<\/p>\n<p><strong>Caracter\u00edsticas:<\/strong><br \/>\n\u2022 Operaci\u00f3n con bot\u00f3n pulsador<br \/>\n\u2022 Sensor de bajo costo y larga duraci\u00f3n<br \/>\n\u2022 Calibraci\u00f3n de campo<br \/>\n\u2022 Almacenamiento de memoria de datos<br \/>\n\u2022 Pantalla retroiluminada<br \/>\n\u2022 Lectura directa de PPM o LEL<br \/>\n\u2022 Alarmas ajustables<br \/>\n\u2022 Control digital de garrapatas<\/p>\n<p><strong>Aplicaciones:<\/strong><br \/>\n\u2022 Detectar y localizar peque\u00f1as fugas de gas<br \/>\n\u2022 Monitoreo de \u00c1rea<br \/>\n\u2022 Inspecci\u00f3n de fugas de gas<br \/>\n\u2022 Detecci\u00f3n qu\u00edmica<br \/>\n\u2022 Purga de l\u00ednea de gas<br \/>\n\u2022 Detecci\u00f3n de incendios \/ acelerantes<\/p>\n<p><strong>Descargas:<\/strong><br \/>\n<a href=\"https:\/\/equipmentcontrols.com\/wp-content\/uploads\/2020\/05\/Sensit-HXG-2d-Bulletin.pdf\">Bolet\u00edn SENSIT\u00ae HXG-2d<\/a><br \/>\n<a href=\"https:\/\/equipmentcontrols.com\/wp-content\/uploads\/2020\/05\/Sensit-HXG-2d-Instruction-Manual.pdf\">Manual de instrucciones de SENSIT\u00ae HVG-2d<\/a><\/p>","protected":false},"excerpt":{"rendered":"<p>SENSIT\u00ae HXG-2d Combustible Gas Leak Detector SENSIT\u00ae HXG-2d Combustible gas leak detector is a hand held instrument for detecting and finding natural gas, methane or propane gas leaks along exposed pipe systems. SENSIT\u00ae HXG-2d incorporates an advanced low power semi-conductor sensor to measure and display combustible gases in parts per million. The instrument auto ranges [&hellip;]<\/p>\n","protected":false},"featured_media":1054,"template":"","meta":[],"product_brand":[],"product_cat":[24,50],"product_tag":[],"class_list":{"0":"post-1126","1":"product","2":"type-product","3":"status-publish","4":"has-post-thumbnail","6":"product_cat-leak-detection","7":"product_cat-sensit","9":"first","10":"instock","11":"shipping-taxable","12":"product-type-simple"},"yoast_head":"<!-- This site is optimized with the Yoast SEO Premium plugin v23.9 (Yoast SEO v27.3) - https:\/\/yoast.com\/product\/yoast-seo-premium-wordpress\/ -->\n<title>SENSIT\u00ae HXG-2d - ECCO<\/title>\n<meta name=\"description\" content=\"SENSIT\u00ae GOLD G2 is a combustible gas indicator (CGI) used for gas leak surveys, investigations, gas leak pinpointing, gas pipeline purging and confined space applications.\" \/>\n<meta name=\"robots\" content=\"index, follow, max-snippet:-1, max-image-preview:large, max-video-preview:-1\" \/>\n<link rel=\"canonical\" href=\"https:\/\/equipmentcontrols.com\/es\/producto\/sensit-hxg-2d\/\" \/>\n<meta property=\"og:locale\" content=\"es_MX\" \/>\n<meta property=\"og:type\" content=\"article\" \/>\n<meta property=\"og:title\" content=\"SENSIT\u00ae HXG-2d\" \/>\n<meta property=\"og:description\" content=\"SENSIT\u00ae GOLD G2 is a combustible gas indicator (CGI) used for gas leak surveys, investigations, gas leak pinpointing, gas pipeline purging and confined space applications.\" \/>\n<meta property=\"og:url\" content=\"https:\/\/equipmentcontrols.com\/es\/producto\/sensit-hxg-2d\/\" \/>\n<meta property=\"og:site_name\" content=\"ECCO\" \/>\n<meta property=\"article:modified_time\" content=\"2021-09-22T22:02:11+00:00\" \/>\n<meta property=\"og:image\" content=\"https:\/\/equipmentcontrols.com\/wp-content\/uploads\/2020\/05\/SENSIT-HXG-2d.jpg\" \/>\n\t<meta property=\"og:image:width\" content=\"860\" \/>\n\t<meta property=\"og:image:height\" content=\"860\" \/>\n\t<meta property=\"og:image:type\" content=\"image\/jpeg\" \/>\n<meta name=\"twitter:card\" content=\"summary_large_image\" \/>\n<meta name=\"twitter:label1\" content=\"Tiempo de lectura\" \/>\n\t<meta name=\"twitter:data1\" content=\"1 minuto\" \/>\n<script type=\"application\/ld+json\" class=\"yoast-schema-graph\">{\"@context\":\"https:\\\/\\\/schema.org\",\"@graph\":[{\"@type\":\"WebPage\",\"@id\":\"https:\\\/\\\/equipmentcontrols.com\\\/product\\\/sensit-hxg-2d\\\/\",\"url\":\"https:\\\/\\\/equipmentcontrols.com\\\/product\\\/sensit-hxg-2d\\\/\",\"name\":\"SENSIT\u00ae HXG-2d - ECCO\",\"isPartOf\":{\"@id\":\"https:\\\/\\\/equipmentcontrols.com\\\/#website\"},\"primaryImageOfPage\":{\"@id\":\"https:\\\/\\\/equipmentcontrols.com\\\/product\\\/sensit-hxg-2d\\\/#primaryimage\"},\"image\":{\"@id\":\"https:\\\/\\\/equipmentcontrols.com\\\/product\\\/sensit-hxg-2d\\\/#primaryimage\"},\"thumbnailUrl\":\"https:\\\/\\\/equipmentcontrols.com\\\/wp-content\\\/uploads\\\/2020\\\/05\\\/SENSIT-HXG-2d.jpg\",\"datePublished\":\"2020-05-08T19:31:04+00:00\",\"dateModified\":\"2021-09-22T22:02:11+00:00\",\"description\":\"SENSIT\u00ae GOLD G2 is a combustible gas indicator (CGI) used for gas leak surveys, investigations, gas leak pinpointing, gas pipeline purging and confined space applications.\",\"breadcrumb\":{\"@id\":\"https:\\\/\\\/equipmentcontrols.com\\\/product\\\/sensit-hxg-2d\\\/#breadcrumb\"},\"inLanguage\":\"es\",\"potentialAction\":[{\"@type\":\"ReadAction\",\"target\":[\"https:\\\/\\\/equipmentcontrols.com\\\/product\\\/sensit-hxg-2d\\\/\"]}]},{\"@type\":\"ImageObject\",\"inLanguage\":\"es\",\"@id\":\"https:\\\/\\\/equipmentcontrols.com\\\/product\\\/sensit-hxg-2d\\\/#primaryimage\",\"url\":\"https:\\\/\\\/equipmentcontrols.com\\\/wp-content\\\/uploads\\\/2020\\\/05\\\/SENSIT-HXG-2d.jpg\",\"contentUrl\":\"https:\\\/\\\/equipmentcontrols.com\\\/wp-content\\\/uploads\\\/2020\\\/05\\\/SENSIT-HXG-2d.jpg\",\"width\":860,\"height\":860,\"caption\":\"SENSIT HXG-2d\"},{\"@type\":\"BreadcrumbList\",\"@id\":\"https:\\\/\\\/equipmentcontrols.com\\\/product\\\/sensit-hxg-2d\\\/#breadcrumb\",\"itemListElement\":[{\"@type\":\"ListItem\",\"position\":1,\"name\":\"Home\",\"item\":\"https:\\\/\\\/equipmentcontrols.com\\\/\"},{\"@type\":\"ListItem\",\"position\":2,\"name\":\"Shop\",\"item\":\"https:\\\/\\\/equipmentcontrols.com\\\/shop\\\/\"},{\"@type\":\"ListItem\",\"position\":3,\"name\":\"SENSIT\u00ae HXG-2d\"}]},{\"@type\":\"WebSite\",\"@id\":\"https:\\\/\\\/equipmentcontrols.com\\\/#website\",\"url\":\"https:\\\/\\\/equipmentcontrols.com\\\/\",\"name\":\"ECCO\",\"description\":\"Equipment Controls Company\",\"potentialAction\":[{\"@type\":\"SearchAction\",\"target\":{\"@type\":\"EntryPoint\",\"urlTemplate\":\"https:\\\/\\\/equipmentcontrols.com\\\/?s={search_term_string}\"},\"query-input\":{\"@type\":\"PropertyValueSpecification\",\"valueRequired\":true,\"valueName\":\"search_term_string\"}}],\"inLanguage\":\"es\"}]}<\/script>\n<!-- \/ Yoast SEO Premium plugin. -->","yoast_head_json":{"title":"SENSIT\u00ae HXG-2d - ECCO","description":"SENSIT\u00ae GOLD G2 es un indicador de gas combustible (CGI) que se utiliza para estudios de fugas de gas, investigaciones, localizaci\u00f3n precisa de fugas de gas, purga de tuber\u00edas de gas y aplicaciones en espacios confinados.","robots":{"index":"index","follow":"follow","max-snippet":"max-snippet:-1","max-image-preview":"max-image-preview:large","max-video-preview":"max-video-preview:-1"},"canonical":"https:\/\/equipmentcontrols.com\/es\/producto\/sensit-hxg-2d\/","og_locale":"es_MX","og_type":"article","og_title":"SENSIT\u00ae HXG-2d","og_description":"SENSIT\u00ae GOLD G2 is a combustible gas indicator (CGI) used for gas leak surveys, investigations, gas leak pinpointing, gas pipeline purging and confined space applications.","og_url":"https:\/\/equipmentcontrols.com\/es\/producto\/sensit-hxg-2d\/","og_site_name":"ECCO","article_modified_time":"2021-09-22T22:02:11+00:00","og_image":[{"width":860,"height":860,"url":"https:\/\/equipmentcontrols.com\/wp-content\/uploads\/2020\/05\/SENSIT-HXG-2d.jpg","type":"image\/jpeg"}],"twitter_card":"summary_large_image","twitter_misc":{"Tiempo de lectura":"1 minuto"},"schema":{"@context":"https:\/\/schema.org","@graph":[{"@type":"WebPage","@id":"https:\/\/equipmentcontrols.com\/product\/sensit-hxg-2d\/","url":"https:\/\/equipmentcontrols.com\/product\/sensit-hxg-2d\/","name":"SENSIT\u00ae HXG-2d - ECCO","isPartOf":{"@id":"https:\/\/equipmentcontrols.com\/#website"},"primaryImageOfPage":{"@id":"https:\/\/equipmentcontrols.com\/product\/sensit-hxg-2d\/#primaryimage"},"image":{"@id":"https:\/\/equipmentcontrols.com\/product\/sensit-hxg-2d\/#primaryimage"},"thumbnailUrl":"https:\/\/equipmentcontrols.com\/wp-content\/uploads\/2020\/05\/SENSIT-HXG-2d.jpg","datePublished":"2020-05-08T19:31:04+00:00","dateModified":"2021-09-22T22:02:11+00:00","description":"SENSIT\u00ae GOLD G2 es un indicador de gas combustible (CGI) que se utiliza para estudios de fugas de gas, investigaciones, localizaci\u00f3n precisa de fugas de gas, purga de tuber\u00edas de gas y aplicaciones en espacios confinados.","breadcrumb":{"@id":"https:\/\/equipmentcontrols.com\/product\/sensit-hxg-2d\/#breadcrumb"},"inLanguage":"es","potentialAction":[{"@type":"ReadAction","target":["https:\/\/equipmentcontrols.com\/product\/sensit-hxg-2d\/"]}]},{"@type":"ImageObject","inLanguage":"es","@id":"https:\/\/equipmentcontrols.com\/product\/sensit-hxg-2d\/#primaryimage","url":"https:\/\/equipmentcontrols.com\/wp-content\/uploads\/2020\/05\/SENSIT-HXG-2d.jpg","contentUrl":"https:\/\/equipmentcontrols.com\/wp-content\/uploads\/2020\/05\/SENSIT-HXG-2d.jpg","width":860,"height":860,"caption":"SENSIT HXG-2d"},{"@type":"BreadcrumbList","@id":"https:\/\/equipmentcontrols.com\/product\/sensit-hxg-2d\/#breadcrumb","itemListElement":[{"@type":"ListItem","position":1,"name":"Home","item":"https:\/\/equipmentcontrols.com\/"},{"@type":"ListItem","position":2,"name":"Shop","item":"https:\/\/equipmentcontrols.com\/shop\/"},{"@type":"ListItem","position":3,"name":"SENSIT\u00ae HXG-2d"}]},{"@type":"WebSite","@id":"https:\/\/equipmentcontrols.com\/#website","url":"https:\/\/equipmentcontrols.com\/","name":"ECCO","description":"Empresa de Control de Equipos","potentialAction":[{"@type":"SearchAction","target":{"@type":"EntryPoint","urlTemplate":"https:\/\/equipmentcontrols.com\/?s={search_term_string}"},"query-input":{"@type":"PropertyValueSpecification","valueRequired":true,"valueName":"search_term_string"}}],"inLanguage":"es"}]}},"_links":{"self":[{"href":"https:\/\/equipmentcontrols.com\/es\/wp-json\/wp\/v2\/product\/1126","targetHints":{"allow":["GET"]}}],"collection":[{"href":"https:\/\/equipmentcontrols.com\/es\/wp-json\/wp\/v2\/product"}],"about":[{"href":"https:\/\/equipmentcontrols.com\/es\/wp-json\/wp\/v2\/types\/product"}],"wp:featuredmedia":[{"embeddable":true,"href":"https:\/\/equipmentcontrols.com\/es\/wp-json\/wp\/v2\/media\/1054"}],"wp:attachment":[{"href":"https:\/\/equipmentcontrols.com\/es\/wp-json\/wp\/v2\/media?parent=1126"}],"wp:term":[{"taxonomy":"product_brand","embeddable":true,"href":"https:\/\/equipmentcontrols.com\/es\/wp-json\/wp\/v2\/product_brand?post=1126"},{"taxonomy":"product_cat","embeddable":true,"href":"https:\/\/equipmentcontrols.com\/es\/wp-json\/wp\/v2\/product_cat?post=1126"},{"taxonomy":"product_tag","embeddable":true,"href":"https:\/\/equipmentcontrols.com\/es\/wp-json\/wp\/v2\/product_tag?post=1126"}],"curies":[{"name":"wp","href":"https:\/\/api.w.org\/{rel}","templated":true}]}}