{"id":1118,"date":"2020-05-07T23:15:10","date_gmt":"2020-05-07T23:15:10","guid":{"rendered":"https:\/\/econtrols.stagemysite.com\/?post_type=product&#038;p=1118"},"modified":"2023-07-16T23:32:27","modified_gmt":"2023-07-16T23:32:27","slug":"pf-aperflux-101","status":"publish","type":"product","link":"https:\/\/equipmentcontrols.com\/es\/producto\/pf-aperflux-101\/","title":{"rendered":"PF Aperflux 101"},"content":{"rendered":"<p><strong>PF Aperflujo <\/strong><strong>101 Reguladores de presi\u00f3n de gas operados por piloto<\/strong><\/p>\n<div class=\"col-lg-8 col-md-8 col-sm-8 col-xs-12\">El Aperflux 101 es un regulador de presi\u00f3n controlado por piloto estilo bota para aplicaciones de media y alta presi\u00f3n. Aperflux 101 es normalmente un regulador abierto fallido y espec\u00edficamente se abrir\u00e1 bajo las siguientes circunstancias:<br \/>\n\u2022 Rotura del diafragma principal;<br \/>\n\u2022 Falta de presi\u00f3n en la alimentaci\u00f3n del circuito piloto;<br \/>\nEstos reguladores son adecuados para su uso con gases no corrosivos previamente filtrados.<\/div>\n<div><\/div>\n<p><strong>Caracter\u00edsticas funcionales*:<\/strong><\/p>\n<p>\u2022 Presi\u00f3n m\u00e1xima de entrada: Hasta 1233 PSIG<br \/>\n\u2022 Rango de presi\u00f3n aguas abajo: desde 1170 PSIG, seg\u00fan el piloto instalado<br \/>\n\u2022 Presi\u00f3n diferencial m\u00ednima de trabajo: 14.5 PSIG<br \/>\n\u2022 Temperatura ambiente m\u00ednima: Ejecuci\u00f3n hasta -40\u00b0F<br \/>\n\u2022 Temperatura ambiente m\u00e1xima: 140 \u00b0F<br \/>\n\u2022 Temperatura del gas que fluye: -4 \u00b0F a 140 \u00b0F<br \/>\n\u2022 Clase de precisi\u00f3n AC: Hasta calibre 1.5%<br \/>\n\u2022 Clase de presi\u00f3n de b\u00fasqueda SG: hasta calibre 2.5%<\/p>\n<p><strong>Caracteristicas de dise\u00f1o:<\/strong><\/p>\n<p>\u2022 Dimensiones normales (DN): 2\u2033 ; 3\u2033<br \/>\n\u2022 Conexiones bridadas: Clase 150-300-600 RF o RTJ, seg\u00fan ANSI B16.5 y PN 16 seg\u00fan UNI 2282 o DIN 2263, (ISO 7005).<\/p>\n<p><strong>Materiales**:<\/strong><br \/>\n\u2022 Cuerpo: Acero fundido ASTM A 352 LCC para clases ANSI 600 y 300;<br \/>\n-Acero fundido ASTM A 352 LCC para clases ANSI 600 y 300;<br \/>\n-Acero fundido ASTM A 216 WCB para clases ANSI 150 y PN 16;<br \/>\n\u2022 Tapas de cabezal: Acero fundido ASTM A 350 LF2<br \/>\n\u2022 Diafragma: Lona cauchutada<br \/>\n\u2022 Asiento: Acero inoxidable para DN= =DN 100 (4\u2033)<br \/>\n\u2022 Anillo de estanqueidad: caucho de nitrilo<br \/>\n\u2022 Accesorios de conexi\u00f3n: En acero al carbono zincado seg\u00fan DIN 2353; Acero inoxidable bajo pedido.<br \/>\n\u2022 Clase de precisi\u00f3n AC: Hasta calibre 1.5%<br \/>\n\u2022 Clase de presi\u00f3n de b\u00fasqueda SG: hasta calibre 2.5%<\/p>\n<p><em>*Diferentes caracter\u00edsticas funcionales disponibles bajo pedido.<\/em><br \/>\n<em>**Los materiales arriba indicados se refieren a los modelos est\u00e1ndar. Se pueden proporcionar diferentes materiales seg\u00fan las necesidades espec\u00edficas.<\/em><\/p>\n<div><\/div>\n<p><strong>Descargas:<\/strong><br \/>\n<a href=\"https:\/\/equipmentcontrols.com\/wp-content\/uploads\/2022\/11\/Aperflux-101-10.23.22.pdf\">PF Aperflux 101 Brochure<\/a><\/p>\n<p><a href=\"https:\/\/equipmentcontrols.com\/wp-content\/uploads\/2023\/04\/PF-Aperflux-101-Flyer-04.17.23.pdf\">PF Aperflux 101 Flyer<\/a><\/p>\n<p><a title=\"Manual t\u00e9cnico de Dival 160 Ap (ENG-ITA)\" href=\"https:\/\/equipmentcontrols.com\/wp-content\/uploads\/2020\/05\/263_aperflux_101_po_ps501_eng.pdf\" target=\"_blank\" rel=\"noopener noreferrer\">PF Aperflux 101 P\u00f3ster<\/a><\/p>\n<p>&nbsp;<\/p>","protected":false},"excerpt":{"rendered":"<p>PF Aperflux 101 Pilot-Operated Gas Pressure Regulators The Aperflux 101 is a boot style pilot-controlled pressure regulator for medium and high pressure applications. Aperflux 101 is normally a failed open regulator and specifically will open under the following circumstances: \u2022 Breakage of main diaphragm; \u2022 Lack of pressure feeding the pilot circuit; These regulators are [&hellip;]<\/p>\n","protected":false},"featured_media":1044,"template":"","meta":[],"product_brand":[],"product_cat":[20,139,46],"product_tag":[],"class_list":{"0":"post-1118","1":"product","2":"type-product","3":"status-publish","4":"has-post-thumbnail","6":"product_cat-gas-regulators","7":"product_cat-hydrogen-ready-pressure-products","8":"product_cat-pietro-fiorentini","10":"first","11":"instock","12":"shipping-taxable","13":"product-type-simple"},"yoast_head":"<!-- This site is optimized with the Yoast SEO Premium plugin v23.9 (Yoast SEO v27.3) - https:\/\/yoast.com\/product\/yoast-seo-premium-wordpress\/ -->\n<title>PF Aperflux 101 - ECCO<\/title>\n<meta name=\"description\" content=\"The APERVAL 101 is a pilot-controlled regulator for low- and medium-pressure applications. TheAPERVAL 101 is a fail-to-open regulator.It will open if:\u2022 There is no pilot loop supply;\u2022 The main pilot diaphragm is damaged.This regulator is suitable for use with previously-filtered, non-corrosive gases.Its truly &quot;top entry design&quot; allows all maintenance to be carried out without taking the body off line.\" \/>\n<meta name=\"robots\" content=\"index, follow, max-snippet:-1, max-image-preview:large, max-video-preview:-1\" \/>\n<link rel=\"canonical\" href=\"https:\/\/equipmentcontrols.com\/es\/producto\/pf-aperflux-101\/\" \/>\n<meta property=\"og:locale\" content=\"es_MX\" \/>\n<meta property=\"og:type\" content=\"article\" \/>\n<meta property=\"og:title\" content=\"PF Aperflux 101\" \/>\n<meta property=\"og:description\" content=\"The APERVAL 101 is a pilot-controlled regulator for low- and medium-pressure applications. TheAPERVAL 101 is a fail-to-open regulator.It will open if:\u2022 There is no pilot loop supply;\u2022 The main pilot diaphragm is damaged.This regulator is suitable for use with previously-filtered, non-corrosive gases.Its truly &quot;top entry design&quot; allows all maintenance to be carried out without taking the body off line.\" \/>\n<meta property=\"og:url\" content=\"https:\/\/equipmentcontrols.com\/es\/producto\/pf-aperflux-101\/\" \/>\n<meta property=\"og:site_name\" content=\"ECCO\" \/>\n<meta property=\"article:modified_time\" content=\"2023-07-16T23:32:27+00:00\" \/>\n<meta property=\"og:image\" content=\"https:\/\/equipmentcontrols.com\/wp-content\/uploads\/2020\/05\/PF-Aperflux-101.jpg\" \/>\n\t<meta property=\"og:image:width\" content=\"860\" \/>\n\t<meta property=\"og:image:height\" content=\"860\" \/>\n\t<meta property=\"og:image:type\" content=\"image\/jpeg\" \/>\n<meta name=\"twitter:card\" content=\"summary_large_image\" \/>\n<meta name=\"twitter:label1\" content=\"Tiempo de lectura\" \/>\n\t<meta name=\"twitter:data1\" content=\"2 minutos\" \/>\n<script type=\"application\/ld+json\" class=\"yoast-schema-graph\">{\"@context\":\"https:\\\/\\\/schema.org\",\"@graph\":[{\"@type\":\"WebPage\",\"@id\":\"https:\\\/\\\/equipmentcontrols.com\\\/product\\\/pf-aperflux-101\\\/\",\"url\":\"https:\\\/\\\/equipmentcontrols.com\\\/product\\\/pf-aperflux-101\\\/\",\"name\":\"PF Aperflux 101 - ECCO\",\"isPartOf\":{\"@id\":\"https:\\\/\\\/equipmentcontrols.com\\\/#website\"},\"primaryImageOfPage\":{\"@id\":\"https:\\\/\\\/equipmentcontrols.com\\\/product\\\/pf-aperflux-101\\\/#primaryimage\"},\"image\":{\"@id\":\"https:\\\/\\\/equipmentcontrols.com\\\/product\\\/pf-aperflux-101\\\/#primaryimage\"},\"thumbnailUrl\":\"https:\\\/\\\/equipmentcontrols.com\\\/wp-content\\\/uploads\\\/2020\\\/05\\\/PF-Aperflux-101.jpg\",\"datePublished\":\"2020-05-07T23:15:10+00:00\",\"dateModified\":\"2023-07-16T23:32:27+00:00\",\"description\":\"The APERVAL 101 is a pilot-controlled regulator for low- and medium-pressure applications. TheAPERVAL 101 is a fail-to-open regulator.It will open if:\u2022 There is no pilot loop supply;\u2022 The main pilot diaphragm is damaged.This regulator is suitable for use with previously-filtered, non-corrosive gases.Its truly \\\"top entry design\\\" allows all maintenance to be carried out without taking the body off line.\",\"breadcrumb\":{\"@id\":\"https:\\\/\\\/equipmentcontrols.com\\\/product\\\/pf-aperflux-101\\\/#breadcrumb\"},\"inLanguage\":\"es\",\"potentialAction\":[{\"@type\":\"ReadAction\",\"target\":[\"https:\\\/\\\/equipmentcontrols.com\\\/product\\\/pf-aperflux-101\\\/\"]}]},{\"@type\":\"ImageObject\",\"inLanguage\":\"es\",\"@id\":\"https:\\\/\\\/equipmentcontrols.com\\\/product\\\/pf-aperflux-101\\\/#primaryimage\",\"url\":\"https:\\\/\\\/equipmentcontrols.com\\\/wp-content\\\/uploads\\\/2020\\\/05\\\/PF-Aperflux-101.jpg\",\"contentUrl\":\"https:\\\/\\\/equipmentcontrols.com\\\/wp-content\\\/uploads\\\/2020\\\/05\\\/PF-Aperflux-101.jpg\",\"width\":860,\"height\":860,\"caption\":\"PF Aperflux 101\"},{\"@type\":\"BreadcrumbList\",\"@id\":\"https:\\\/\\\/equipmentcontrols.com\\\/product\\\/pf-aperflux-101\\\/#breadcrumb\",\"itemListElement\":[{\"@type\":\"ListItem\",\"position\":1,\"name\":\"Home\",\"item\":\"https:\\\/\\\/equipmentcontrols.com\\\/\"},{\"@type\":\"ListItem\",\"position\":2,\"name\":\"Shop\",\"item\":\"https:\\\/\\\/equipmentcontrols.com\\\/shop\\\/\"},{\"@type\":\"ListItem\",\"position\":3,\"name\":\"PF Aperflux 101\"}]},{\"@type\":\"WebSite\",\"@id\":\"https:\\\/\\\/equipmentcontrols.com\\\/#website\",\"url\":\"https:\\\/\\\/equipmentcontrols.com\\\/\",\"name\":\"ECCO\",\"description\":\"Equipment Controls Company\",\"potentialAction\":[{\"@type\":\"SearchAction\",\"target\":{\"@type\":\"EntryPoint\",\"urlTemplate\":\"https:\\\/\\\/equipmentcontrols.com\\\/?s={search_term_string}\"},\"query-input\":{\"@type\":\"PropertyValueSpecification\",\"valueRequired\":true,\"valueName\":\"search_term_string\"}}],\"inLanguage\":\"es\"}]}<\/script>\n<!-- \/ Yoast SEO Premium plugin. -->","yoast_head_json":{"title":"PF Aperflux 101 - ECCO","description":"The APERVAL 101 is a pilot-controlled regulator for low- and medium-pressure applications. TheAPERVAL 101 is a fail-to-open regulator.It will open if:\u2022 There is no pilot loop supply;\u2022 The main pilot diaphragm is damaged.This regulator is suitable for use with previously-filtered, non-corrosive gases.Its truly \"top entry design\" allows all maintenance to be carried out without taking the body off line.","robots":{"index":"index","follow":"follow","max-snippet":"max-snippet:-1","max-image-preview":"max-image-preview:large","max-video-preview":"max-video-preview:-1"},"canonical":"https:\/\/equipmentcontrols.com\/es\/producto\/pf-aperflux-101\/","og_locale":"es_MX","og_type":"article","og_title":"PF Aperflux 101","og_description":"The APERVAL 101 is a pilot-controlled regulator for low- and medium-pressure applications. TheAPERVAL 101 is a fail-to-open regulator.It will open if:\u2022 There is no pilot loop supply;\u2022 The main pilot diaphragm is damaged.This regulator is suitable for use with previously-filtered, non-corrosive gases.Its truly \"top entry design\" allows all maintenance to be carried out without taking the body off line.","og_url":"https:\/\/equipmentcontrols.com\/es\/producto\/pf-aperflux-101\/","og_site_name":"ECCO","article_modified_time":"2023-07-16T23:32:27+00:00","og_image":[{"width":860,"height":860,"url":"https:\/\/equipmentcontrols.com\/wp-content\/uploads\/2020\/05\/PF-Aperflux-101.jpg","type":"image\/jpeg"}],"twitter_card":"summary_large_image","twitter_misc":{"Tiempo de lectura":"2 minutos"},"schema":{"@context":"https:\/\/schema.org","@graph":[{"@type":"WebPage","@id":"https:\/\/equipmentcontrols.com\/product\/pf-aperflux-101\/","url":"https:\/\/equipmentcontrols.com\/product\/pf-aperflux-101\/","name":"PF Aperflux 101 - ECCO","isPartOf":{"@id":"https:\/\/equipmentcontrols.com\/#website"},"primaryImageOfPage":{"@id":"https:\/\/equipmentcontrols.com\/product\/pf-aperflux-101\/#primaryimage"},"image":{"@id":"https:\/\/equipmentcontrols.com\/product\/pf-aperflux-101\/#primaryimage"},"thumbnailUrl":"https:\/\/equipmentcontrols.com\/wp-content\/uploads\/2020\/05\/PF-Aperflux-101.jpg","datePublished":"2020-05-07T23:15:10+00:00","dateModified":"2023-07-16T23:32:27+00:00","description":"The APERVAL 101 is a pilot-controlled regulator for low- and medium-pressure applications. TheAPERVAL 101 is a fail-to-open regulator.It will open if:\u2022 There is no pilot loop supply;\u2022 The main pilot diaphragm is damaged.This regulator is suitable for use with previously-filtered, non-corrosive gases.Its truly \"top entry design\" allows all maintenance to be carried out without taking the body off line.","breadcrumb":{"@id":"https:\/\/equipmentcontrols.com\/product\/pf-aperflux-101\/#breadcrumb"},"inLanguage":"es","potentialAction":[{"@type":"ReadAction","target":["https:\/\/equipmentcontrols.com\/product\/pf-aperflux-101\/"]}]},{"@type":"ImageObject","inLanguage":"es","@id":"https:\/\/equipmentcontrols.com\/product\/pf-aperflux-101\/#primaryimage","url":"https:\/\/equipmentcontrols.com\/wp-content\/uploads\/2020\/05\/PF-Aperflux-101.jpg","contentUrl":"https:\/\/equipmentcontrols.com\/wp-content\/uploads\/2020\/05\/PF-Aperflux-101.jpg","width":860,"height":860,"caption":"PF Aperflux 101"},{"@type":"BreadcrumbList","@id":"https:\/\/equipmentcontrols.com\/product\/pf-aperflux-101\/#breadcrumb","itemListElement":[{"@type":"ListItem","position":1,"name":"Home","item":"https:\/\/equipmentcontrols.com\/"},{"@type":"ListItem","position":2,"name":"Shop","item":"https:\/\/equipmentcontrols.com\/shop\/"},{"@type":"ListItem","position":3,"name":"PF Aperflux 101"}]},{"@type":"WebSite","@id":"https:\/\/equipmentcontrols.com\/#website","url":"https:\/\/equipmentcontrols.com\/","name":"ECCO","description":"Empresa de Control de Equipos","potentialAction":[{"@type":"SearchAction","target":{"@type":"EntryPoint","urlTemplate":"https:\/\/equipmentcontrols.com\/?s={search_term_string}"},"query-input":{"@type":"PropertyValueSpecification","valueRequired":true,"valueName":"search_term_string"}}],"inLanguage":"es"}]}},"_links":{"self":[{"href":"https:\/\/equipmentcontrols.com\/es\/wp-json\/wp\/v2\/product\/1118","targetHints":{"allow":["GET"]}}],"collection":[{"href":"https:\/\/equipmentcontrols.com\/es\/wp-json\/wp\/v2\/product"}],"about":[{"href":"https:\/\/equipmentcontrols.com\/es\/wp-json\/wp\/v2\/types\/product"}],"wp:featuredmedia":[{"embeddable":true,"href":"https:\/\/equipmentcontrols.com\/es\/wp-json\/wp\/v2\/media\/1044"}],"wp:attachment":[{"href":"https:\/\/equipmentcontrols.com\/es\/wp-json\/wp\/v2\/media?parent=1118"}],"wp:term":[{"taxonomy":"product_brand","embeddable":true,"href":"https:\/\/equipmentcontrols.com\/es\/wp-json\/wp\/v2\/product_brand?post=1118"},{"taxonomy":"product_cat","embeddable":true,"href":"https:\/\/equipmentcontrols.com\/es\/wp-json\/wp\/v2\/product_cat?post=1118"},{"taxonomy":"product_tag","embeddable":true,"href":"https:\/\/equipmentcontrols.com\/es\/wp-json\/wp\/v2\/product_tag?post=1118"}],"curies":[{"name":"wp","href":"https:\/\/api.w.org\/{rel}","templated":true}]}}