{"id":1113,"date":"2020-05-07T22:27:10","date_gmt":"2020-05-07T22:27:10","guid":{"rendered":"https:\/\/econtrols.stagemysite.com\/?post_type=product&#038;p=1113"},"modified":"2022-06-14T16:51:24","modified_gmt":"2022-06-14T16:51:24","slug":"pf-aperval","status":"publish","type":"product","link":"https:\/\/equipmentcontrols.com\/es\/producto\/pf-aperval\/","title":{"rendered":"PF Aperval"},"content":{"rendered":"<p><strong>PF Aperval <\/strong><strong>Reguladores de presi\u00f3n de gas operados por piloto<\/strong><\/p>\n<div class=\"col-lg-8 col-md-8 col-sm-8 col-xs-12\">\n<div class=\"col-lg-8 col-md-8 col-sm-8 col-xs-12\">\n<p class=\"testo-gen\">Aperval es un regulador de presi\u00f3n pilotado para aplicaciones de media y baja presi\u00f3n.<\/p>\n<p class=\"testo-gen\">Aperval es normalmente un regulador de falla abierta y se abrir\u00e1 espec\u00edficamente bajo las siguientes condiciones:<br \/>\n\u2022 Rotura del diafragma principal<br \/>\n\u2022 Falta de conexi\u00f3n de la l\u00ednea de detecci\u00f3n<br \/>\nEste regulador es adecuado para su uso con gases no corrosivos previamente filtrados.<\/p>\n<\/div>\n<\/div>\n<p><strong>Caracter\u00edsticas funcionales<\/strong><br \/>\n\u2022 Clase de precisi\u00f3n AC: Hasta calibre 2.5%<br \/>\n\u2022 Presi\u00f3n de entrada de dise\u00f1o: 275 PSIG<br \/>\n\u2022 Rango de presi\u00f3n de entrada: 7,25 a 275 PSIG<br \/>\n\u2022 Rango de presi\u00f3n aguas abajo: 2\u201d WC a 137.5 PSIG dependiendo del piloto instalado<br \/>\n\u2022 Presi\u00f3n diferencial m\u00ednima de trabajo: 7.5 PSIG<br \/>\n\u2022 Temperatura ambiente m\u00ednima: Ejecuci\u00f3n hasta -40\u00b0F<br \/>\n\u2022 Temperatura ambiente m\u00e1xima: 140 \u00b0F<br \/>\n\u2022 Temperatura del gas que fluye: -4 \u00b0F a 140 \u00b0F<br \/>\n\u2022 Clase de precisi\u00f3n AC: Hasta calibre 2.5%<br \/>\n\u2022 Clase de presi\u00f3n de bloqueo SG: man\u00f3metro hasta 5%<\/p>\n<p><strong>Descargas:<\/strong><br \/>\n<a title=\"Manual t\u00e9cnico de Dival 160 Ap (ENG-ITA)\" href=\"https:\/\/equipmentcontrols.com\/wp-content\/uploads\/2020\/05\/PF-Aperval-Brochure-ECCO-05.26.22.pdf\" target=\"_blank\" rel=\"noopener noreferrer\">Bolet\u00edn Aperval<\/a><br \/>\n<a href=\"https:\/\/equipmentcontrols.com\/wp-content\/uploads\/2020\/05\/265_aperval_mt_032_i_e_d_f_s_p.pdf\">Manual T\u00e9cnico Aperval<\/a><br \/>\n<a title=\"Manual t\u00e9cnico de Dival 160 Ap (ENG-ITA)\" href=\"https:\/\/equipmentcontrols.com\/wp-content\/uploads\/2020\/05\/143_391_apeval_pts515_march12.pdf\" target=\"_blank\" rel=\"noopener noreferrer\">Aperval APF P\u00f3ster<\/a><\/p>","protected":false},"excerpt":{"rendered":"<p>PF Aperval Pilot-Operated Gas Pressure Regulators Aperval is a pilot-controlled pressure regulator for medium and low pressure applications. Aperval is normally a fail open regulator and will open specifically under the following conditions: \u2022\u00a0Breakage of\u00a0 main diaphragm \u2022\u00a0Lack of sensing line connection This regulator is suitable for use with previously-filtered, non-corrosive gases. Functional Features \u2022 [&hellip;]<\/p>\n","protected":false},"featured_media":2530,"template":"","meta":[],"product_brand":[],"product_cat":[20,46],"product_tag":[],"class_list":{"0":"post-1113","1":"product","2":"type-product","3":"status-publish","4":"has-post-thumbnail","6":"product_cat-gas-regulators","7":"product_cat-pietro-fiorentini","9":"first","10":"instock","11":"shipping-taxable","12":"product-type-simple"},"yoast_head":"<!-- This site is optimized with the Yoast SEO Premium plugin v23.9 (Yoast SEO v27.3) - https:\/\/yoast.com\/product\/yoast-seo-premium-wordpress\/ -->\n<title>PF Aperval - ECCO<\/title>\n<meta name=\"description\" content=\"PF Aperval is a pilot-controlled pressure regulator for medium and low pressure applications.Aperval is normally a fail open regulator and will open specifically under the following conditions:\u2022\u00a0\u00a0 \u00a0If the \u00a0main diaphragm fails;\u2022\u00a0\u00a0 \u00a0If there is no sensor line input .This regulator is suitable for use with previously-filtered, non-corrosive gases.\" \/>\n<meta name=\"robots\" content=\"index, follow, max-snippet:-1, max-image-preview:large, max-video-preview:-1\" \/>\n<link rel=\"canonical\" href=\"https:\/\/equipmentcontrols.com\/es\/producto\/pf-aperval\/\" \/>\n<meta property=\"og:locale\" content=\"es_MX\" \/>\n<meta property=\"og:type\" content=\"article\" \/>\n<meta property=\"og:title\" content=\"PF Aperval\" \/>\n<meta property=\"og:description\" content=\"PF Aperval is a pilot-controlled pressure regulator for medium and low pressure applications.Aperval is normally a fail open regulator and will open specifically under the following conditions:\u2022\u00a0\u00a0 \u00a0If the \u00a0main diaphragm fails;\u2022\u00a0\u00a0 \u00a0If there is no sensor line input .This regulator is suitable for use with previously-filtered, non-corrosive gases.\" \/>\n<meta property=\"og:url\" content=\"https:\/\/equipmentcontrols.com\/es\/producto\/pf-aperval\/\" \/>\n<meta property=\"og:site_name\" content=\"ECCO\" \/>\n<meta property=\"article:modified_time\" content=\"2022-06-14T16:51:24+00:00\" \/>\n<meta property=\"og:image\" content=\"https:\/\/equipmentcontrols.com\/wp-content\/uploads\/2022\/06\/PF-Aperval-Regulator.png\" \/>\n\t<meta property=\"og:image:width\" content=\"860\" \/>\n\t<meta property=\"og:image:height\" content=\"860\" \/>\n\t<meta property=\"og:image:type\" content=\"image\/png\" \/>\n<meta name=\"twitter:card\" content=\"summary_large_image\" \/>\n<meta name=\"twitter:label1\" content=\"Tiempo de lectura\" \/>\n\t<meta name=\"twitter:data1\" content=\"1 minuto\" \/>\n<script type=\"application\/ld+json\" class=\"yoast-schema-graph\">{\"@context\":\"https:\\\/\\\/schema.org\",\"@graph\":[{\"@type\":\"WebPage\",\"@id\":\"https:\\\/\\\/equipmentcontrols.com\\\/product\\\/pf-aperval\\\/\",\"url\":\"https:\\\/\\\/equipmentcontrols.com\\\/product\\\/pf-aperval\\\/\",\"name\":\"PF Aperval - ECCO\",\"isPartOf\":{\"@id\":\"https:\\\/\\\/equipmentcontrols.com\\\/#website\"},\"primaryImageOfPage\":{\"@id\":\"https:\\\/\\\/equipmentcontrols.com\\\/product\\\/pf-aperval\\\/#primaryimage\"},\"image\":{\"@id\":\"https:\\\/\\\/equipmentcontrols.com\\\/product\\\/pf-aperval\\\/#primaryimage\"},\"thumbnailUrl\":\"https:\\\/\\\/equipmentcontrols.com\\\/wp-content\\\/uploads\\\/2022\\\/06\\\/PF-Aperval-Regulator.png\",\"datePublished\":\"2020-05-07T22:27:10+00:00\",\"dateModified\":\"2022-06-14T16:51:24+00:00\",\"description\":\"PF Aperval is a pilot-controlled pressure regulator for medium and low pressure applications.Aperval is normally a fail open regulator and will open specifically under the following conditions:\u2022\u00a0\u00a0 \u00a0If the \u00a0main diaphragm fails;\u2022\u00a0\u00a0 \u00a0If there is no sensor line input .This regulator is suitable for use with previously-filtered, non-corrosive gases.\",\"breadcrumb\":{\"@id\":\"https:\\\/\\\/equipmentcontrols.com\\\/product\\\/pf-aperval\\\/#breadcrumb\"},\"inLanguage\":\"es\",\"potentialAction\":[{\"@type\":\"ReadAction\",\"target\":[\"https:\\\/\\\/equipmentcontrols.com\\\/product\\\/pf-aperval\\\/\"]}]},{\"@type\":\"ImageObject\",\"inLanguage\":\"es\",\"@id\":\"https:\\\/\\\/equipmentcontrols.com\\\/product\\\/pf-aperval\\\/#primaryimage\",\"url\":\"https:\\\/\\\/equipmentcontrols.com\\\/wp-content\\\/uploads\\\/2022\\\/06\\\/PF-Aperval-Regulator.png\",\"contentUrl\":\"https:\\\/\\\/equipmentcontrols.com\\\/wp-content\\\/uploads\\\/2022\\\/06\\\/PF-Aperval-Regulator.png\",\"width\":860,\"height\":860,\"caption\":\"PF Aperval Regulator\"},{\"@type\":\"BreadcrumbList\",\"@id\":\"https:\\\/\\\/equipmentcontrols.com\\\/product\\\/pf-aperval\\\/#breadcrumb\",\"itemListElement\":[{\"@type\":\"ListItem\",\"position\":1,\"name\":\"Home\",\"item\":\"https:\\\/\\\/equipmentcontrols.com\\\/\"},{\"@type\":\"ListItem\",\"position\":2,\"name\":\"Shop\",\"item\":\"https:\\\/\\\/equipmentcontrols.com\\\/shop\\\/\"},{\"@type\":\"ListItem\",\"position\":3,\"name\":\"PF Aperval\"}]},{\"@type\":\"WebSite\",\"@id\":\"https:\\\/\\\/equipmentcontrols.com\\\/#website\",\"url\":\"https:\\\/\\\/equipmentcontrols.com\\\/\",\"name\":\"ECCO\",\"description\":\"Equipment Controls Company\",\"potentialAction\":[{\"@type\":\"SearchAction\",\"target\":{\"@type\":\"EntryPoint\",\"urlTemplate\":\"https:\\\/\\\/equipmentcontrols.com\\\/?s={search_term_string}\"},\"query-input\":{\"@type\":\"PropertyValueSpecification\",\"valueRequired\":true,\"valueName\":\"search_term_string\"}}],\"inLanguage\":\"es\"}]}<\/script>\n<!-- \/ Yoast SEO Premium plugin. -->","yoast_head_json":{"title":"PF Aperval - ECCO","description":"PF Aperval is a pilot-controlled pressure regulator for medium and low pressure applications.Aperval is normally a fail open regulator and will open specifically under the following conditions:\u2022\u00a0\u00a0 \u00a0If the \u00a0main diaphragm fails;\u2022\u00a0\u00a0 \u00a0If there is no sensor line input .This regulator is suitable for use with previously-filtered, non-corrosive gases.","robots":{"index":"index","follow":"follow","max-snippet":"max-snippet:-1","max-image-preview":"max-image-preview:large","max-video-preview":"max-video-preview:-1"},"canonical":"https:\/\/equipmentcontrols.com\/es\/producto\/pf-aperval\/","og_locale":"es_MX","og_type":"article","og_title":"PF Aperval","og_description":"PF Aperval is a pilot-controlled pressure regulator for medium and low pressure applications.Aperval is normally a fail open regulator and will open specifically under the following conditions:\u2022\u00a0\u00a0 \u00a0If the \u00a0main diaphragm fails;\u2022\u00a0\u00a0 \u00a0If there is no sensor line input .This regulator is suitable for use with previously-filtered, non-corrosive gases.","og_url":"https:\/\/equipmentcontrols.com\/es\/producto\/pf-aperval\/","og_site_name":"ECCO","article_modified_time":"2022-06-14T16:51:24+00:00","og_image":[{"width":860,"height":860,"url":"https:\/\/equipmentcontrols.com\/wp-content\/uploads\/2022\/06\/PF-Aperval-Regulator.png","type":"image\/png"}],"twitter_card":"summary_large_image","twitter_misc":{"Tiempo de lectura":"1 minuto"},"schema":{"@context":"https:\/\/schema.org","@graph":[{"@type":"WebPage","@id":"https:\/\/equipmentcontrols.com\/product\/pf-aperval\/","url":"https:\/\/equipmentcontrols.com\/product\/pf-aperval\/","name":"PF Aperval - ECCO","isPartOf":{"@id":"https:\/\/equipmentcontrols.com\/#website"},"primaryImageOfPage":{"@id":"https:\/\/equipmentcontrols.com\/product\/pf-aperval\/#primaryimage"},"image":{"@id":"https:\/\/equipmentcontrols.com\/product\/pf-aperval\/#primaryimage"},"thumbnailUrl":"https:\/\/equipmentcontrols.com\/wp-content\/uploads\/2022\/06\/PF-Aperval-Regulator.png","datePublished":"2020-05-07T22:27:10+00:00","dateModified":"2022-06-14T16:51:24+00:00","description":"PF Aperval is a pilot-controlled pressure regulator for medium and low pressure applications.Aperval is normally a fail open regulator and will open specifically under the following conditions:\u2022\u00a0\u00a0 \u00a0If the \u00a0main diaphragm fails;\u2022\u00a0\u00a0 \u00a0If there is no sensor line input .This regulator is suitable for use with previously-filtered, non-corrosive gases.","breadcrumb":{"@id":"https:\/\/equipmentcontrols.com\/product\/pf-aperval\/#breadcrumb"},"inLanguage":"es","potentialAction":[{"@type":"ReadAction","target":["https:\/\/equipmentcontrols.com\/product\/pf-aperval\/"]}]},{"@type":"ImageObject","inLanguage":"es","@id":"https:\/\/equipmentcontrols.com\/product\/pf-aperval\/#primaryimage","url":"https:\/\/equipmentcontrols.com\/wp-content\/uploads\/2022\/06\/PF-Aperval-Regulator.png","contentUrl":"https:\/\/equipmentcontrols.com\/wp-content\/uploads\/2022\/06\/PF-Aperval-Regulator.png","width":860,"height":860,"caption":"PF Aperval Regulator"},{"@type":"BreadcrumbList","@id":"https:\/\/equipmentcontrols.com\/product\/pf-aperval\/#breadcrumb","itemListElement":[{"@type":"ListItem","position":1,"name":"Home","item":"https:\/\/equipmentcontrols.com\/"},{"@type":"ListItem","position":2,"name":"Shop","item":"https:\/\/equipmentcontrols.com\/shop\/"},{"@type":"ListItem","position":3,"name":"PF Aperval"}]},{"@type":"WebSite","@id":"https:\/\/equipmentcontrols.com\/#website","url":"https:\/\/equipmentcontrols.com\/","name":"ECCO","description":"Empresa de Control de Equipos","potentialAction":[{"@type":"SearchAction","target":{"@type":"EntryPoint","urlTemplate":"https:\/\/equipmentcontrols.com\/?s={search_term_string}"},"query-input":{"@type":"PropertyValueSpecification","valueRequired":true,"valueName":"search_term_string"}}],"inLanguage":"es"}]}},"_links":{"self":[{"href":"https:\/\/equipmentcontrols.com\/es\/wp-json\/wp\/v2\/product\/1113","targetHints":{"allow":["GET"]}}],"collection":[{"href":"https:\/\/equipmentcontrols.com\/es\/wp-json\/wp\/v2\/product"}],"about":[{"href":"https:\/\/equipmentcontrols.com\/es\/wp-json\/wp\/v2\/types\/product"}],"wp:featuredmedia":[{"embeddable":true,"href":"https:\/\/equipmentcontrols.com\/es\/wp-json\/wp\/v2\/media\/2530"}],"wp:attachment":[{"href":"https:\/\/equipmentcontrols.com\/es\/wp-json\/wp\/v2\/media?parent=1113"}],"wp:term":[{"taxonomy":"product_brand","embeddable":true,"href":"https:\/\/equipmentcontrols.com\/es\/wp-json\/wp\/v2\/product_brand?post=1113"},{"taxonomy":"product_cat","embeddable":true,"href":"https:\/\/equipmentcontrols.com\/es\/wp-json\/wp\/v2\/product_cat?post=1113"},{"taxonomy":"product_tag","embeddable":true,"href":"https:\/\/equipmentcontrols.com\/es\/wp-json\/wp\/v2\/product_tag?post=1113"}],"curies":[{"name":"wp","href":"https:\/\/api.w.org\/{rel}","templated":true}]}}