{"id":1100,"date":"2020-05-07T20:31:28","date_gmt":"2020-05-07T20:31:28","guid":{"rendered":"https:\/\/econtrols.stagemysite.com\/?post_type=product&#038;p=1100"},"modified":"2023-07-16T23:49:29","modified_gmt":"2023-07-16T23:49:29","slug":"pf-dival-500","status":"publish","type":"product","link":"https:\/\/equipmentcontrols.com\/es\/producto\/pf-dival-500\/","title":{"rendered":"PF Dival 500"},"content":{"rendered":"<p><strong>PF Dival 500 <\/strong><strong>Reguladores de presi\u00f3n de gas de acci\u00f3n directa<\/strong><\/p>\n<div class=\"col-lg-8 col-md-8 col-sm-8 col-xs-12\">\n<p>La serie DIVAL 500 de reguladores de gas de obturador balanceado controlados por diafragma y accionados por resorte es adecuada para presiones bajas, medias y altas.<\/p>\n<p>Los reguladores de la serie Divals y dispositivo de cierre se suministran con l\u00edneas de detecci\u00f3n internas. Tanto el regulador como el dispositivo de cierre est\u00e1n preconfigurados para una conexi\u00f3n opcional a una l\u00ednea de detecci\u00f3n externa por parte del cliente.<\/p>\n<p>Son ampliamente utilizados en instalaciones tanto civiles como industriales que utilizan Gas Natural, GLP y otros gases no corrosivos.<\/p>\n<p><strong>El dise\u00f1o especial del regulador combinado con un enchufe balanceado da como resultado:<\/strong><br \/>\n\u2022 Alto coeficiente de caudal<br \/>\n\u2022 Alta precisi\u00f3n, incluso con caudales m\u00e1ximos<br \/>\n\u2022 Zona de presi\u00f3n de bloqueo y presi\u00f3n de bloqueo reducidas<br \/>\n\u2022 Tiempos de respuesta reducidos<br \/>\n\u2022 Sin fugas internas a caudal cero<br \/>\n\u2022 Tipo de falla abierta<br \/>\n\u2022 Mantenimiento regular sin desmontar el cuerpo de las tuber\u00edas<br \/>\n\u2022 Posibilidad de adaptar el OPSO\/UPSO de cierre r\u00e1pido (solo modelo LA) sin modificar la tuber\u00eda existente<\/p>\n<\/div>\n<p><strong>Caracter\u00edsticas<\/strong><br \/>\nDatos t\u00e9cnicos<br \/>\n\u2022 Clase de precisi\u00f3n: Hasta 10<br \/>\n\u2022 Tama\u00f1o disponible DN: 1\u2033 \u2013 1\u2033 1\/2<br \/>\n\u2022 Clase de presi\u00f3n de cierre SG: Hasta 10<br \/>\n\u2022 Presi\u00f3n de dise\u00f1o: BP: 10 bar MP \/ TR: 20 bar<br \/>\n\u2022 Temperatura de dise\u00f1o: -20\u00b0C a 60\u00b0C<br \/>\n\u2022 Embridado: Ver cat\u00e1logo<br \/>\n\u2022 Rango de presi\u00f3n de salida de Wd: BP 13- 100 mbar MP 100 \u2013 300 mbar TR 300 \u2013 2500 mbar<br \/>\n\u2022 Rango de presi\u00f3n de entrada bpu: BP: 0,5\u00f710 bar MP \/ TR: 0,5\u00f720 bar<\/p>\n<p><strong>Descargas:<\/strong><br \/>\n<a title=\"Manual t\u00e9cnico de Dival 160 Ap (ENG-ITA)\" href=\"https:\/\/equipmentcontrols.com\/wp-content\/uploads\/2020\/05\/1260_dival500_MT235_ENG.pdf\" target=\"_blank\" rel=\"noopener noreferrer\">PF Dival 500 Technical Manual<\/a><br \/>\n<a href=\"https:\/\/equipmentcontrols.com\/wp-content\/uploads\/2020\/05\/1263_Dival500_CT_ENG_FEB15.pdf\">PF Dival 500 Flyer<\/a><br \/>\n<a href=\"https:\/\/equipmentcontrols.com\/wp-content\/uploads\/2020\/05\/1263_Dival500_CT_ENG_FEB15.pdf\">PF Dival 500 Bulletin<\/a><br \/>\n<a href=\"https:\/\/equipmentcontrols.com\/wp-content\/uploads\/2020\/05\/616_3340_dival500spec.pdf\">PF Dival 500 Data Sheet<\/a><br \/>\n<a title=\"Manual t\u00e9cnico de Dival 160 Ap (ENG-ITA)\" href=\"https:\/\/equipmentcontrols.com\/wp-content\/uploads\/2020\/05\/403_dival_500_pts507_march_10.pdf\" target=\"_blank\" rel=\"noopener noreferrer\">PF Dival 500 Poster<\/a><\/p>","protected":false},"excerpt":{"rendered":"<p>PF Dival 500 Direct-Acting Gas Pressure Regulators The DIVAL 500 series of spring loaded, diaphragm controlled balanced plug gas regulators are suitable for low, medium and high pressure. Divals and shut-off device series regulators are supplied with internal sensing lines. Both the regulator and the shut-off device are preset for optional connection to an external [&hellip;]<\/p>\n","protected":false},"featured_media":1049,"template":"","meta":[],"product_brand":[],"product_cat":[20,139,46],"product_tag":[],"class_list":{"0":"post-1100","1":"product","2":"type-product","3":"status-publish","4":"has-post-thumbnail","6":"product_cat-gas-regulators","7":"product_cat-hydrogen-ready-pressure-products","8":"product_cat-pietro-fiorentini","10":"first","11":"instock","12":"shipping-taxable","13":"product-type-simple"},"yoast_head":"<!-- This site is optimized with the Yoast SEO Premium plugin v23.9 (Yoast SEO v27.3) - https:\/\/yoast.com\/product\/yoast-seo-premium-wordpress\/ -->\n<title>PF Dival 500 - ECCO<\/title>\n<meta name=\"description\" content=\"The PF DIVAL 500 series of spring loaded, diaphragm controlled balanced plug gas regulators are suitable for low, medium and high pressure. Divals and shut-off device series regulators are supplied with internal sensing lines. Both the regulator and the shut-off device are preset for optional connection to an external sensing line by the customer.They are widely used in both civil and industrial installations using Natural Gas, LPG and other non-corrosive gases.\" \/>\n<meta name=\"robots\" content=\"index, follow, max-snippet:-1, max-image-preview:large, max-video-preview:-1\" \/>\n<link rel=\"canonical\" href=\"https:\/\/equipmentcontrols.com\/es\/producto\/pf-dival-500\/\" \/>\n<meta property=\"og:locale\" content=\"es_MX\" \/>\n<meta property=\"og:type\" content=\"article\" \/>\n<meta property=\"og:title\" content=\"PF Dival 500\" \/>\n<meta property=\"og:description\" content=\"The PF DIVAL 500 series of spring loaded, diaphragm controlled balanced plug gas regulators are suitable for low, medium and high pressure. Divals and shut-off device series regulators are supplied with internal sensing lines. Both the regulator and the shut-off device are preset for optional connection to an external sensing line by the customer.They are widely used in both civil and industrial installations using Natural Gas, LPG and other non-corrosive gases.\" \/>\n<meta property=\"og:url\" content=\"https:\/\/equipmentcontrols.com\/es\/producto\/pf-dival-500\/\" \/>\n<meta property=\"og:site_name\" content=\"ECCO\" \/>\n<meta property=\"article:modified_time\" content=\"2023-07-16T23:49:29+00:00\" \/>\n<meta property=\"og:image\" content=\"https:\/\/equipmentcontrols.com\/wp-content\/uploads\/2020\/05\/PF-Dival-500.jpg\" \/>\n\t<meta property=\"og:image:width\" content=\"860\" \/>\n\t<meta property=\"og:image:height\" content=\"860\" \/>\n\t<meta property=\"og:image:type\" content=\"image\/jpeg\" \/>\n<meta name=\"twitter:card\" content=\"summary_large_image\" \/>\n<meta name=\"twitter:label1\" content=\"Tiempo de lectura\" \/>\n\t<meta name=\"twitter:data1\" content=\"2 minutos\" \/>\n<script type=\"application\/ld+json\" class=\"yoast-schema-graph\">{\"@context\":\"https:\\\/\\\/schema.org\",\"@graph\":[{\"@type\":\"WebPage\",\"@id\":\"https:\\\/\\\/equipmentcontrols.com\\\/product\\\/pf-dival-500\\\/\",\"url\":\"https:\\\/\\\/equipmentcontrols.com\\\/product\\\/pf-dival-500\\\/\",\"name\":\"PF Dival 500 - ECCO\",\"isPartOf\":{\"@id\":\"https:\\\/\\\/equipmentcontrols.com\\\/#website\"},\"primaryImageOfPage\":{\"@id\":\"https:\\\/\\\/equipmentcontrols.com\\\/product\\\/pf-dival-500\\\/#primaryimage\"},\"image\":{\"@id\":\"https:\\\/\\\/equipmentcontrols.com\\\/product\\\/pf-dival-500\\\/#primaryimage\"},\"thumbnailUrl\":\"https:\\\/\\\/equipmentcontrols.com\\\/wp-content\\\/uploads\\\/2020\\\/05\\\/PF-Dival-500.jpg\",\"datePublished\":\"2020-05-07T20:31:28+00:00\",\"dateModified\":\"2023-07-16T23:49:29+00:00\",\"description\":\"The PF DIVAL 500 series of spring loaded, diaphragm controlled balanced plug gas regulators are suitable for low, medium and high pressure. Divals and shut-off device series regulators are supplied with internal sensing lines. Both the regulator and the shut-off device are preset for optional connection to an external sensing line by the customer.They are widely used in both civil and industrial installations using Natural Gas, LPG and other non-corrosive gases.\",\"breadcrumb\":{\"@id\":\"https:\\\/\\\/equipmentcontrols.com\\\/product\\\/pf-dival-500\\\/#breadcrumb\"},\"inLanguage\":\"es\",\"potentialAction\":[{\"@type\":\"ReadAction\",\"target\":[\"https:\\\/\\\/equipmentcontrols.com\\\/product\\\/pf-dival-500\\\/\"]}]},{\"@type\":\"ImageObject\",\"inLanguage\":\"es\",\"@id\":\"https:\\\/\\\/equipmentcontrols.com\\\/product\\\/pf-dival-500\\\/#primaryimage\",\"url\":\"https:\\\/\\\/equipmentcontrols.com\\\/wp-content\\\/uploads\\\/2020\\\/05\\\/PF-Dival-500.jpg\",\"contentUrl\":\"https:\\\/\\\/equipmentcontrols.com\\\/wp-content\\\/uploads\\\/2020\\\/05\\\/PF-Dival-500.jpg\",\"width\":860,\"height\":860,\"caption\":\"PF Dival 500\"},{\"@type\":\"BreadcrumbList\",\"@id\":\"https:\\\/\\\/equipmentcontrols.com\\\/product\\\/pf-dival-500\\\/#breadcrumb\",\"itemListElement\":[{\"@type\":\"ListItem\",\"position\":1,\"name\":\"Home\",\"item\":\"https:\\\/\\\/equipmentcontrols.com\\\/\"},{\"@type\":\"ListItem\",\"position\":2,\"name\":\"Shop\",\"item\":\"https:\\\/\\\/equipmentcontrols.com\\\/shop\\\/\"},{\"@type\":\"ListItem\",\"position\":3,\"name\":\"PF Dival 500\"}]},{\"@type\":\"WebSite\",\"@id\":\"https:\\\/\\\/equipmentcontrols.com\\\/#website\",\"url\":\"https:\\\/\\\/equipmentcontrols.com\\\/\",\"name\":\"ECCO\",\"description\":\"Equipment Controls Company\",\"potentialAction\":[{\"@type\":\"SearchAction\",\"target\":{\"@type\":\"EntryPoint\",\"urlTemplate\":\"https:\\\/\\\/equipmentcontrols.com\\\/?s={search_term_string}\"},\"query-input\":{\"@type\":\"PropertyValueSpecification\",\"valueRequired\":true,\"valueName\":\"search_term_string\"}}],\"inLanguage\":\"es\"}]}<\/script>\n<!-- \/ Yoast SEO Premium plugin. -->","yoast_head_json":{"title":"PF Dival 500 - ECCO","description":"The PF DIVAL 500 series of spring loaded, diaphragm controlled balanced plug gas regulators are suitable for low, medium and high pressure. Divals and shut-off device series regulators are supplied with internal sensing lines. Both the regulator and the shut-off device are preset for optional connection to an external sensing line by the customer.They are widely used in both civil and industrial installations using Natural Gas, LPG and other non-corrosive gases.","robots":{"index":"index","follow":"follow","max-snippet":"max-snippet:-1","max-image-preview":"max-image-preview:large","max-video-preview":"max-video-preview:-1"},"canonical":"https:\/\/equipmentcontrols.com\/es\/producto\/pf-dival-500\/","og_locale":"es_MX","og_type":"article","og_title":"PF Dival 500","og_description":"The PF DIVAL 500 series of spring loaded, diaphragm controlled balanced plug gas regulators are suitable for low, medium and high pressure. Divals and shut-off device series regulators are supplied with internal sensing lines. Both the regulator and the shut-off device are preset for optional connection to an external sensing line by the customer.They are widely used in both civil and industrial installations using Natural Gas, LPG and other non-corrosive gases.","og_url":"https:\/\/equipmentcontrols.com\/es\/producto\/pf-dival-500\/","og_site_name":"ECCO","article_modified_time":"2023-07-16T23:49:29+00:00","og_image":[{"width":860,"height":860,"url":"https:\/\/equipmentcontrols.com\/wp-content\/uploads\/2020\/05\/PF-Dival-500.jpg","type":"image\/jpeg"}],"twitter_card":"summary_large_image","twitter_misc":{"Tiempo de lectura":"2 minutos"},"schema":{"@context":"https:\/\/schema.org","@graph":[{"@type":"WebPage","@id":"https:\/\/equipmentcontrols.com\/product\/pf-dival-500\/","url":"https:\/\/equipmentcontrols.com\/product\/pf-dival-500\/","name":"PF Dival 500 - ECCO","isPartOf":{"@id":"https:\/\/equipmentcontrols.com\/#website"},"primaryImageOfPage":{"@id":"https:\/\/equipmentcontrols.com\/product\/pf-dival-500\/#primaryimage"},"image":{"@id":"https:\/\/equipmentcontrols.com\/product\/pf-dival-500\/#primaryimage"},"thumbnailUrl":"https:\/\/equipmentcontrols.com\/wp-content\/uploads\/2020\/05\/PF-Dival-500.jpg","datePublished":"2020-05-07T20:31:28+00:00","dateModified":"2023-07-16T23:49:29+00:00","description":"The PF DIVAL 500 series of spring loaded, diaphragm controlled balanced plug gas regulators are suitable for low, medium and high pressure. Divals and shut-off device series regulators are supplied with internal sensing lines. Both the regulator and the shut-off device are preset for optional connection to an external sensing line by the customer.They are widely used in both civil and industrial installations using Natural Gas, LPG and other non-corrosive gases.","breadcrumb":{"@id":"https:\/\/equipmentcontrols.com\/product\/pf-dival-500\/#breadcrumb"},"inLanguage":"es","potentialAction":[{"@type":"ReadAction","target":["https:\/\/equipmentcontrols.com\/product\/pf-dival-500\/"]}]},{"@type":"ImageObject","inLanguage":"es","@id":"https:\/\/equipmentcontrols.com\/product\/pf-dival-500\/#primaryimage","url":"https:\/\/equipmentcontrols.com\/wp-content\/uploads\/2020\/05\/PF-Dival-500.jpg","contentUrl":"https:\/\/equipmentcontrols.com\/wp-content\/uploads\/2020\/05\/PF-Dival-500.jpg","width":860,"height":860,"caption":"PF Dival 500"},{"@type":"BreadcrumbList","@id":"https:\/\/equipmentcontrols.com\/product\/pf-dival-500\/#breadcrumb","itemListElement":[{"@type":"ListItem","position":1,"name":"Home","item":"https:\/\/equipmentcontrols.com\/"},{"@type":"ListItem","position":2,"name":"Shop","item":"https:\/\/equipmentcontrols.com\/shop\/"},{"@type":"ListItem","position":3,"name":"PF Dival 500"}]},{"@type":"WebSite","@id":"https:\/\/equipmentcontrols.com\/#website","url":"https:\/\/equipmentcontrols.com\/","name":"ECCO","description":"Empresa de Control de Equipos","potentialAction":[{"@type":"SearchAction","target":{"@type":"EntryPoint","urlTemplate":"https:\/\/equipmentcontrols.com\/?s={search_term_string}"},"query-input":{"@type":"PropertyValueSpecification","valueRequired":true,"valueName":"search_term_string"}}],"inLanguage":"es"}]}},"_links":{"self":[{"href":"https:\/\/equipmentcontrols.com\/es\/wp-json\/wp\/v2\/product\/1100","targetHints":{"allow":["GET"]}}],"collection":[{"href":"https:\/\/equipmentcontrols.com\/es\/wp-json\/wp\/v2\/product"}],"about":[{"href":"https:\/\/equipmentcontrols.com\/es\/wp-json\/wp\/v2\/types\/product"}],"wp:featuredmedia":[{"embeddable":true,"href":"https:\/\/equipmentcontrols.com\/es\/wp-json\/wp\/v2\/media\/1049"}],"wp:attachment":[{"href":"https:\/\/equipmentcontrols.com\/es\/wp-json\/wp\/v2\/media?parent=1100"}],"wp:term":[{"taxonomy":"product_brand","embeddable":true,"href":"https:\/\/equipmentcontrols.com\/es\/wp-json\/wp\/v2\/product_brand?post=1100"},{"taxonomy":"product_cat","embeddable":true,"href":"https:\/\/equipmentcontrols.com\/es\/wp-json\/wp\/v2\/product_cat?post=1100"},{"taxonomy":"product_tag","embeddable":true,"href":"https:\/\/equipmentcontrols.com\/es\/wp-json\/wp\/v2\/product_tag?post=1100"}],"curies":[{"name":"wp","href":"https:\/\/api.w.org\/{rel}","templated":true}]}}