{"id":1092,"date":"2020-05-07T19:56:36","date_gmt":"2020-05-07T19:56:36","guid":{"rendered":"https:\/\/econtrols.stagemysite.com\/?post_type=product&#038;p=1092"},"modified":"2020-05-13T15:27:24","modified_gmt":"2020-05-13T15:27:24","slug":"pf-trias","status":"publish","type":"product","link":"https:\/\/equipmentcontrols.com\/es\/producto\/pf-trias\/","title":{"rendered":"PF Trias"},"content":{"rendered":"<p><strong>PF Trias <\/strong><strong>Reguladores de presi\u00f3n de gas de acci\u00f3n directa<\/strong><\/p>\n<p>Los reguladores de presi\u00f3n TRIAS son dispositivos de acci\u00f3n directa para baja y media presi\u00f3n, controlados por un diafragma y un contramuelle.<\/p>\n<p>Estos reguladores son adecuados para su uso con gases no corrosivos prefiltrados.<\/p>\n<p>La presi\u00f3n en la c\u00e1mara superior crea una acci\u00f3n contraria similar a la de un resorte en los reguladores m\u00e1s convencionales.<\/p>\n<p><strong>Caracter\u00edsticas<\/strong><br \/>\nDatos t\u00e9cnicos<br \/>\n\u2022 Clase de precisi\u00f3n: hasta 5<br \/>\n\u2022 Tama\u00f1o disponible DN: 1\u20331\/2-2\u2033<br \/>\n\u2022 Clase de presi\u00f3n de cierre SG: hasta 10<br \/>\n\u2022 Presi\u00f3n de dise\u00f1o: hasta 19,2 bar<br \/>\n\u2022 Temperatura de dise\u00f1o: -20\u00b0C a 60\u00b0C<br \/>\n\u2022 Embridado: clase 150 RF seg\u00fan ANSI B16.5 y PN16 seg\u00fan ISO 7005<br \/>\n\u2022 Rango de presi\u00f3n de salida de Wd: 15 \u00f7 4000 mbar<br \/>\n\u2022 Rango de presi\u00f3n de entrada bpu: 0,2 \u2013 8 bar en versi\u00f3n BM 0,2 \u2013 18 en versi\u00f3n BB<\/p>\n<p>&nbsp;<\/p>\n<p><strong>Descargas:<\/strong><br \/>\n<a href=\"https:\/\/equipmentcontrols.com\/wp-content\/uploads\/2020\/05\/189_pressure_regulators_-_trias_-_e_-_i_-_may2004.pdf\">Cat\u00e1logo PF Trias<\/a><br \/>\n<a href=\"https:\/\/equipmentcontrols.com\/wp-content\/uploads\/2020\/05\/890_trias_datasheet.pdf\">Hoja de datos de prueba<\/a><\/p>","protected":false},"excerpt":{"rendered":"<p>PF Trias Direct-Acting Gas Pressure Regulators TRIAS pressure regulators are direct-acting devices for low and medium pressure, controlled by a diaphragm and counter spring. These regulators are suitable for use with pre-filtered, non-corrosive gases. Pressure in the top chamber is creating the counter action similar to the one of a spring in more conventional regulators. [&hellip;]<\/p>\n","protected":false},"featured_media":1050,"template":"","meta":[],"product_brand":[],"product_cat":[20,46],"product_tag":[],"class_list":{"0":"post-1092","1":"product","2":"type-product","3":"status-publish","4":"has-post-thumbnail","6":"product_cat-gas-regulators","7":"product_cat-pietro-fiorentini","9":"first","10":"instock","11":"shipping-taxable","12":"product-type-simple"},"yoast_head":"<!-- This site is optimized with the Yoast SEO Premium plugin v23.9 (Yoast SEO v27.3) - https:\/\/yoast.com\/product\/yoast-seo-premium-wordpress\/ -->\n<title>PF Trias - ECCO<\/title>\n<meta name=\"description\" content=\"PF TriasDirect-Acting Gas Pressure RegulatorsTRIAS pressure regulators are direct-acting devices for low and medium pressure, controlled by a diaphragm and counter spring.These regulators are suitable for use with pre-filtered, non-corrosive gases.\" \/>\n<meta name=\"robots\" content=\"index, follow, max-snippet:-1, max-image-preview:large, max-video-preview:-1\" \/>\n<link rel=\"canonical\" href=\"https:\/\/equipmentcontrols.com\/es\/producto\/pf-trias\/\" \/>\n<meta property=\"og:locale\" content=\"es_MX\" \/>\n<meta property=\"og:type\" content=\"article\" \/>\n<meta property=\"og:title\" content=\"PF Trias\" \/>\n<meta property=\"og:description\" content=\"PF TriasDirect-Acting Gas Pressure RegulatorsTRIAS pressure regulators are direct-acting devices for low and medium pressure, controlled by a diaphragm and counter spring.These regulators are suitable for use with pre-filtered, non-corrosive gases.\" \/>\n<meta property=\"og:url\" content=\"https:\/\/equipmentcontrols.com\/es\/producto\/pf-trias\/\" \/>\n<meta property=\"og:site_name\" content=\"ECCO\" \/>\n<meta property=\"article:modified_time\" content=\"2020-05-13T15:27:24+00:00\" \/>\n<meta property=\"og:image\" content=\"https:\/\/equipmentcontrols.com\/wp-content\/uploads\/2020\/05\/PF-Trias.jpg\" \/>\n\t<meta property=\"og:image:width\" content=\"860\" \/>\n\t<meta property=\"og:image:height\" content=\"860\" \/>\n\t<meta property=\"og:image:type\" content=\"image\/jpeg\" \/>\n<meta name=\"twitter:card\" content=\"summary_large_image\" \/>\n<meta name=\"twitter:label1\" content=\"Tiempo de lectura\" \/>\n\t<meta name=\"twitter:data1\" content=\"1 minuto\" \/>\n<script type=\"application\/ld+json\" class=\"yoast-schema-graph\">{\"@context\":\"https:\\\/\\\/schema.org\",\"@graph\":[{\"@type\":\"WebPage\",\"@id\":\"https:\\\/\\\/equipmentcontrols.com\\\/product\\\/pf-trias\\\/\",\"url\":\"https:\\\/\\\/equipmentcontrols.com\\\/product\\\/pf-trias\\\/\",\"name\":\"PF Trias - ECCO\",\"isPartOf\":{\"@id\":\"https:\\\/\\\/equipmentcontrols.com\\\/#website\"},\"primaryImageOfPage\":{\"@id\":\"https:\\\/\\\/equipmentcontrols.com\\\/product\\\/pf-trias\\\/#primaryimage\"},\"image\":{\"@id\":\"https:\\\/\\\/equipmentcontrols.com\\\/product\\\/pf-trias\\\/#primaryimage\"},\"thumbnailUrl\":\"https:\\\/\\\/equipmentcontrols.com\\\/wp-content\\\/uploads\\\/2020\\\/05\\\/PF-Trias.jpg\",\"datePublished\":\"2020-05-07T19:56:36+00:00\",\"dateModified\":\"2020-05-13T15:27:24+00:00\",\"description\":\"PF TriasDirect-Acting Gas Pressure RegulatorsTRIAS pressure regulators are direct-acting devices for low and medium pressure, controlled by a diaphragm and counter spring.These regulators are suitable for use with pre-filtered, non-corrosive gases.\",\"breadcrumb\":{\"@id\":\"https:\\\/\\\/equipmentcontrols.com\\\/product\\\/pf-trias\\\/#breadcrumb\"},\"inLanguage\":\"es\",\"potentialAction\":[{\"@type\":\"ReadAction\",\"target\":[\"https:\\\/\\\/equipmentcontrols.com\\\/product\\\/pf-trias\\\/\"]}]},{\"@type\":\"ImageObject\",\"inLanguage\":\"es\",\"@id\":\"https:\\\/\\\/equipmentcontrols.com\\\/product\\\/pf-trias\\\/#primaryimage\",\"url\":\"https:\\\/\\\/equipmentcontrols.com\\\/wp-content\\\/uploads\\\/2020\\\/05\\\/PF-Trias.jpg\",\"contentUrl\":\"https:\\\/\\\/equipmentcontrols.com\\\/wp-content\\\/uploads\\\/2020\\\/05\\\/PF-Trias.jpg\",\"width\":860,\"height\":860,\"caption\":\"PF Trias\"},{\"@type\":\"BreadcrumbList\",\"@id\":\"https:\\\/\\\/equipmentcontrols.com\\\/product\\\/pf-trias\\\/#breadcrumb\",\"itemListElement\":[{\"@type\":\"ListItem\",\"position\":1,\"name\":\"Home\",\"item\":\"https:\\\/\\\/equipmentcontrols.com\\\/\"},{\"@type\":\"ListItem\",\"position\":2,\"name\":\"Shop\",\"item\":\"https:\\\/\\\/equipmentcontrols.com\\\/shop\\\/\"},{\"@type\":\"ListItem\",\"position\":3,\"name\":\"PF Trias\"}]},{\"@type\":\"WebSite\",\"@id\":\"https:\\\/\\\/equipmentcontrols.com\\\/#website\",\"url\":\"https:\\\/\\\/equipmentcontrols.com\\\/\",\"name\":\"ECCO\",\"description\":\"Equipment Controls Company\",\"potentialAction\":[{\"@type\":\"SearchAction\",\"target\":{\"@type\":\"EntryPoint\",\"urlTemplate\":\"https:\\\/\\\/equipmentcontrols.com\\\/?s={search_term_string}\"},\"query-input\":{\"@type\":\"PropertyValueSpecification\",\"valueRequired\":true,\"valueName\":\"search_term_string\"}}],\"inLanguage\":\"es\"}]}<\/script>\n<!-- \/ Yoast SEO Premium plugin. -->","yoast_head_json":{"title":"PF Trias - ECCO","description":"PF TriasDirect-Acting Gas Pressure RegulatorsTRIAS pressure regulators are direct-acting devices for low and medium pressure, controlled by a diaphragm and counter spring.These regulators are suitable for use with pre-filtered, non-corrosive gases.","robots":{"index":"index","follow":"follow","max-snippet":"max-snippet:-1","max-image-preview":"max-image-preview:large","max-video-preview":"max-video-preview:-1"},"canonical":"https:\/\/equipmentcontrols.com\/es\/producto\/pf-trias\/","og_locale":"es_MX","og_type":"article","og_title":"PF Trias","og_description":"PF TriasDirect-Acting Gas Pressure RegulatorsTRIAS pressure regulators are direct-acting devices for low and medium pressure, controlled by a diaphragm and counter spring.These regulators are suitable for use with pre-filtered, non-corrosive gases.","og_url":"https:\/\/equipmentcontrols.com\/es\/producto\/pf-trias\/","og_site_name":"ECCO","article_modified_time":"2020-05-13T15:27:24+00:00","og_image":[{"width":860,"height":860,"url":"https:\/\/equipmentcontrols.com\/wp-content\/uploads\/2020\/05\/PF-Trias.jpg","type":"image\/jpeg"}],"twitter_card":"summary_large_image","twitter_misc":{"Tiempo de lectura":"1 minuto"},"schema":{"@context":"https:\/\/schema.org","@graph":[{"@type":"WebPage","@id":"https:\/\/equipmentcontrols.com\/product\/pf-trias\/","url":"https:\/\/equipmentcontrols.com\/product\/pf-trias\/","name":"PF Trias - ECCO","isPartOf":{"@id":"https:\/\/equipmentcontrols.com\/#website"},"primaryImageOfPage":{"@id":"https:\/\/equipmentcontrols.com\/product\/pf-trias\/#primaryimage"},"image":{"@id":"https:\/\/equipmentcontrols.com\/product\/pf-trias\/#primaryimage"},"thumbnailUrl":"https:\/\/equipmentcontrols.com\/wp-content\/uploads\/2020\/05\/PF-Trias.jpg","datePublished":"2020-05-07T19:56:36+00:00","dateModified":"2020-05-13T15:27:24+00:00","description":"PF TriasDirect-Acting Gas Pressure RegulatorsTRIAS pressure regulators are direct-acting devices for low and medium pressure, controlled by a diaphragm and counter spring.These regulators are suitable for use with pre-filtered, non-corrosive gases.","breadcrumb":{"@id":"https:\/\/equipmentcontrols.com\/product\/pf-trias\/#breadcrumb"},"inLanguage":"es","potentialAction":[{"@type":"ReadAction","target":["https:\/\/equipmentcontrols.com\/product\/pf-trias\/"]}]},{"@type":"ImageObject","inLanguage":"es","@id":"https:\/\/equipmentcontrols.com\/product\/pf-trias\/#primaryimage","url":"https:\/\/equipmentcontrols.com\/wp-content\/uploads\/2020\/05\/PF-Trias.jpg","contentUrl":"https:\/\/equipmentcontrols.com\/wp-content\/uploads\/2020\/05\/PF-Trias.jpg","width":860,"height":860,"caption":"PF Trias"},{"@type":"BreadcrumbList","@id":"https:\/\/equipmentcontrols.com\/product\/pf-trias\/#breadcrumb","itemListElement":[{"@type":"ListItem","position":1,"name":"Home","item":"https:\/\/equipmentcontrols.com\/"},{"@type":"ListItem","position":2,"name":"Shop","item":"https:\/\/equipmentcontrols.com\/shop\/"},{"@type":"ListItem","position":3,"name":"PF Trias"}]},{"@type":"WebSite","@id":"https:\/\/equipmentcontrols.com\/#website","url":"https:\/\/equipmentcontrols.com\/","name":"ECCO","description":"Empresa de Control de Equipos","potentialAction":[{"@type":"SearchAction","target":{"@type":"EntryPoint","urlTemplate":"https:\/\/equipmentcontrols.com\/?s={search_term_string}"},"query-input":{"@type":"PropertyValueSpecification","valueRequired":true,"valueName":"search_term_string"}}],"inLanguage":"es"}]}},"_links":{"self":[{"href":"https:\/\/equipmentcontrols.com\/es\/wp-json\/wp\/v2\/product\/1092","targetHints":{"allow":["GET"]}}],"collection":[{"href":"https:\/\/equipmentcontrols.com\/es\/wp-json\/wp\/v2\/product"}],"about":[{"href":"https:\/\/equipmentcontrols.com\/es\/wp-json\/wp\/v2\/types\/product"}],"wp:featuredmedia":[{"embeddable":true,"href":"https:\/\/equipmentcontrols.com\/es\/wp-json\/wp\/v2\/media\/1050"}],"wp:attachment":[{"href":"https:\/\/equipmentcontrols.com\/es\/wp-json\/wp\/v2\/media?parent=1092"}],"wp:term":[{"taxonomy":"product_brand","embeddable":true,"href":"https:\/\/equipmentcontrols.com\/es\/wp-json\/wp\/v2\/product_brand?post=1092"},{"taxonomy":"product_cat","embeddable":true,"href":"https:\/\/equipmentcontrols.com\/es\/wp-json\/wp\/v2\/product_cat?post=1092"},{"taxonomy":"product_tag","embeddable":true,"href":"https:\/\/equipmentcontrols.com\/es\/wp-json\/wp\/v2\/product_tag?post=1092"}],"curies":[{"name":"wp","href":"https:\/\/api.w.org\/{rel}","templated":true}]}}