{"id":1091,"date":"2020-05-06T22:26:53","date_gmt":"2020-05-06T22:26:53","guid":{"rendered":"https:\/\/econtrols.stagemysite.com\/?post_type=product&#038;p=1091"},"modified":"2020-05-06T22:35:03","modified_gmt":"2020-05-06T22:35:03","slug":"xartu-transfer-prover","status":"publish","type":"product","link":"https:\/\/equipmentcontrols.com\/es\/producto\/xartu-transfer-prover\/","title":{"rendered":"XARTU\u2122 Transfer Prover"},"content":{"rendered":"<p><strong>XARTU\u2122 Transfer Prover<\/strong><\/p>\n<p>El probador de transferencia XARTU-TP\u2122 es un sistema port\u00e1til dise\u00f1ado para proporcionar pruebas de campo precisas para medidores rotativos, de turbina y de diafragma. Su dise\u00f1o compacto permite transportar el probador a lugares de campo sin la necesidad de un veh\u00edculo dedicado o equipos de trabajo de varias personas. El peso neto de una c\u00e1mara de fermentaci\u00f3n 3M sin el soplador y la manguera es de solo 64 libras. El dise\u00f1o de energ\u00eda de baja demanda del sistema de prueba permite probar y operar el soplador utilizando solo un inversor de CA\/CC est\u00e1ndar, a diferencia de la necesidad de un circuito de CA dedicado o un generador de gas. Cada probador se env\u00eda desde la f\u00e1brica con el informe de prueba del NIST (Instituto Nacional de Est\u00e1ndares y Tecnolog\u00eda).<\/p>\n<p><strong>Caracter\u00edsticas y Beneficios: <\/strong><\/p>\n<p>\u2022 Compacto y port\u00e1til<strong><br \/>\n<\/strong>\u2022 Pruebas de campo precisas para medidores rotativos, de turbina y de diafragma<br \/>\n\u2022 Configurable V\u00eda RS232 para Comunicaci\u00f3n Modbus<br \/>\n\u2022 Utilice un inversor de CA\/CC est\u00e1ndar<br \/>\n\u2022 Pruebas NIST (Instituto Nacional de Est\u00e1ndares y Tecnolog\u00eda)<\/p>\n<p><strong>El paquete del sistema de prueba incluye:<\/strong><\/p>\n<p>\u2022 Probador electr\u00f3nico XARTU-TP\u2122<\/p>\n<p>\u2022 Pulsador de alta frecuencia desmontable<\/p>\n<p>\u2022 Medidor maestro<\/p>\n<p>\u2022 Conexi\u00f3n r\u00e1pida, respuestas r\u00e1pidas, sonda de temperatura<\/p>\n<p>\u2022 Tuber\u00eda de presi\u00f3n de conexi\u00f3n r\u00e1pida<\/p>\n<p>\u2022 Pulsador para operaci\u00f3n manual<\/p>\n<p>\u2022 Soplador con manguera de conexi\u00f3n r\u00e1pida de 10&#039; incluida<\/p>\n<p>\u2022 Estuche Pelican resistente con inserto de espuma personalizado<\/p>\n<p>\u2022 Peso neto total solo 3M: 85 libras<\/p>\n<p>\u2022 Probador de peso neto 3M \u00fanicamente: 64 libras<\/p>\n<p><strong>Funciones f\u00e1ciles de usar:<\/strong><\/p>\n<p>\u2022 Modos de ejecuci\u00f3n para Autom\u00e1tico y Manual<\/p>\n<p>\u2022 Teclado resistente a la intemperie accionado por men\u00fas<\/p>\n<p>\u2022 Pantalla de 4 l\u00edneas f\u00e1cil de leer<\/p>\n<p>\u2022 Totalmente compatible con el software Field Manager\u2122<\/p>\n<p>\u2022 No se necesita computadora para la recopilaci\u00f3n de datos<\/p>\n<p><strong>Descargar:<\/strong><br \/>\n<a href=\"https:\/\/equipmentcontrols.com\/wp-content\/uploads\/2020\/05\/Transfer-Prover-1.pdf\">Bolet\u00edn de probador de transferencia XARTU\u2122<\/a><\/p>","protected":false},"excerpt":{"rendered":"<p>XARTU\u2122 Transfer Prover The XARTU-TP\u2122 Transfer Prover is a portable system designed to provide accurate field proving for rotary, turbine, and diaphragm meters. Its compact design allows the prover to be transported to field locations without the need for a dedicated vehicle or multi-person work crews. Net weight for a 3M prover without the blower [&hellip;]<\/p>\n","protected":false},"featured_media":1043,"template":"","meta":[],"product_brand":[],"product_cat":[49,23],"product_tag":[],"class_list":{"0":"post-1091","1":"product","2":"type-product","3":"status-publish","4":"has-post-thumbnail","6":"product_cat-eagle-research-corporation","7":"product_cat-instrumentation","9":"first","10":"instock","11":"shipping-taxable","12":"product-type-simple"},"yoast_head":"<!-- This site is optimized with the Yoast SEO Premium plugin v23.9 (Yoast SEO v27.3) - https:\/\/yoast.com\/product\/yoast-seo-premium-wordpress\/ -->\n<title>XARTU\u2122 Transfer Prover - ECCO<\/title>\n<meta name=\"description\" content=\"Eagle Field Manager\u2122 is a Windows\u00ae based configuration utility designed to support all Eagle Research Corporation\u00ae hardware in the field. Field Manager\u2122 provides an easy to use group of functions to assist the user in setting up and configuring the field device, gathering data, viewing alarms, and calibrating transducers. It also features a variety of other useful tools.\" \/>\n<meta name=\"robots\" content=\"index, follow, max-snippet:-1, max-image-preview:large, max-video-preview:-1\" \/>\n<link rel=\"canonical\" href=\"https:\/\/equipmentcontrols.com\/es\/producto\/xartu-transfer-prover\/\" \/>\n<meta property=\"og:locale\" content=\"es_MX\" \/>\n<meta property=\"og:type\" content=\"article\" \/>\n<meta property=\"og:title\" content=\"XARTU\u2122 Transfer Prover\" \/>\n<meta property=\"og:description\" content=\"Eagle Field Manager\u2122 is a Windows\u00ae based configuration utility designed to support all Eagle Research Corporation\u00ae hardware in the field. Field Manager\u2122 provides an easy to use group of functions to assist the user in setting up and configuring the field device, gathering data, viewing alarms, and calibrating transducers. It also features a variety of other useful tools.\" \/>\n<meta property=\"og:url\" content=\"https:\/\/equipmentcontrols.com\/es\/producto\/xartu-transfer-prover\/\" \/>\n<meta property=\"og:site_name\" content=\"ECCO\" \/>\n<meta property=\"article:modified_time\" content=\"2020-05-06T22:35:03+00:00\" \/>\n<meta property=\"og:image\" content=\"https:\/\/equipmentcontrols.com\/wp-content\/uploads\/2020\/05\/EAGLE-Transfer-Prover.jpg\" \/>\n\t<meta property=\"og:image:width\" content=\"860\" \/>\n\t<meta property=\"og:image:height\" content=\"860\" \/>\n\t<meta property=\"og:image:type\" content=\"image\/jpeg\" \/>\n<meta name=\"twitter:card\" content=\"summary_large_image\" \/>\n<meta name=\"twitter:label1\" content=\"Tiempo de lectura\" \/>\n\t<meta name=\"twitter:data1\" content=\"1 minuto\" \/>\n<script type=\"application\/ld+json\" class=\"yoast-schema-graph\">{\"@context\":\"https:\\\/\\\/schema.org\",\"@graph\":[{\"@type\":\"WebPage\",\"@id\":\"https:\\\/\\\/equipmentcontrols.com\\\/product\\\/xartu-transfer-prover\\\/\",\"url\":\"https:\\\/\\\/equipmentcontrols.com\\\/product\\\/xartu-transfer-prover\\\/\",\"name\":\"XARTU\u2122 Transfer Prover - ECCO\",\"isPartOf\":{\"@id\":\"https:\\\/\\\/equipmentcontrols.com\\\/#website\"},\"primaryImageOfPage\":{\"@id\":\"https:\\\/\\\/equipmentcontrols.com\\\/product\\\/xartu-transfer-prover\\\/#primaryimage\"},\"image\":{\"@id\":\"https:\\\/\\\/equipmentcontrols.com\\\/product\\\/xartu-transfer-prover\\\/#primaryimage\"},\"thumbnailUrl\":\"https:\\\/\\\/equipmentcontrols.com\\\/wp-content\\\/uploads\\\/2020\\\/05\\\/EAGLE-Transfer-Prover.jpg\",\"datePublished\":\"2020-05-06T22:26:53+00:00\",\"dateModified\":\"2020-05-06T22:35:03+00:00\",\"description\":\"Eagle Field Manager\u2122 is a Windows\u00ae based configuration utility designed to support all Eagle Research Corporation\u00ae hardware in the field. Field Manager\u2122 provides an easy to use group of functions to assist the user in setting up and configuring the field device, gathering data, viewing alarms, and calibrating transducers. It also features a variety of other useful tools.\",\"breadcrumb\":{\"@id\":\"https:\\\/\\\/equipmentcontrols.com\\\/product\\\/xartu-transfer-prover\\\/#breadcrumb\"},\"inLanguage\":\"es\",\"potentialAction\":[{\"@type\":\"ReadAction\",\"target\":[\"https:\\\/\\\/equipmentcontrols.com\\\/product\\\/xartu-transfer-prover\\\/\"]}]},{\"@type\":\"ImageObject\",\"inLanguage\":\"es\",\"@id\":\"https:\\\/\\\/equipmentcontrols.com\\\/product\\\/xartu-transfer-prover\\\/#primaryimage\",\"url\":\"https:\\\/\\\/equipmentcontrols.com\\\/wp-content\\\/uploads\\\/2020\\\/05\\\/EAGLE-Transfer-Prover.jpg\",\"contentUrl\":\"https:\\\/\\\/equipmentcontrols.com\\\/wp-content\\\/uploads\\\/2020\\\/05\\\/EAGLE-Transfer-Prover.jpg\",\"width\":860,\"height\":860,\"caption\":\"EAGLE Transfer Prover\"},{\"@type\":\"BreadcrumbList\",\"@id\":\"https:\\\/\\\/equipmentcontrols.com\\\/product\\\/xartu-transfer-prover\\\/#breadcrumb\",\"itemListElement\":[{\"@type\":\"ListItem\",\"position\":1,\"name\":\"Home\",\"item\":\"https:\\\/\\\/equipmentcontrols.com\\\/\"},{\"@type\":\"ListItem\",\"position\":2,\"name\":\"Shop\",\"item\":\"https:\\\/\\\/equipmentcontrols.com\\\/shop\\\/\"},{\"@type\":\"ListItem\",\"position\":3,\"name\":\"XARTU\u2122 Transfer Prover\"}]},{\"@type\":\"WebSite\",\"@id\":\"https:\\\/\\\/equipmentcontrols.com\\\/#website\",\"url\":\"https:\\\/\\\/equipmentcontrols.com\\\/\",\"name\":\"ECCO\",\"description\":\"Equipment Controls Company\",\"potentialAction\":[{\"@type\":\"SearchAction\",\"target\":{\"@type\":\"EntryPoint\",\"urlTemplate\":\"https:\\\/\\\/equipmentcontrols.com\\\/?s={search_term_string}\"},\"query-input\":{\"@type\":\"PropertyValueSpecification\",\"valueRequired\":true,\"valueName\":\"search_term_string\"}}],\"inLanguage\":\"es\"}]}<\/script>\n<!-- \/ Yoast SEO Premium plugin. -->","yoast_head_json":{"title":"XARTU\u2122 Transfer Prover - ECCO","description":"Eagle Field Manager\u2122 is a Windows\u00ae based configuration utility designed to support all Eagle Research Corporation\u00ae hardware in the field. Field Manager\u2122 provides an easy to use group of functions to assist the user in setting up and configuring the field device, gathering data, viewing alarms, and calibrating transducers. It also features a variety of other useful tools.","robots":{"index":"index","follow":"follow","max-snippet":"max-snippet:-1","max-image-preview":"max-image-preview:large","max-video-preview":"max-video-preview:-1"},"canonical":"https:\/\/equipmentcontrols.com\/es\/producto\/xartu-transfer-prover\/","og_locale":"es_MX","og_type":"article","og_title":"XARTU\u2122 Transfer Prover","og_description":"Eagle Field Manager\u2122 is a Windows\u00ae based configuration utility designed to support all Eagle Research Corporation\u00ae hardware in the field. Field Manager\u2122 provides an easy to use group of functions to assist the user in setting up and configuring the field device, gathering data, viewing alarms, and calibrating transducers. It also features a variety of other useful tools.","og_url":"https:\/\/equipmentcontrols.com\/es\/producto\/xartu-transfer-prover\/","og_site_name":"ECCO","article_modified_time":"2020-05-06T22:35:03+00:00","og_image":[{"width":860,"height":860,"url":"https:\/\/equipmentcontrols.com\/wp-content\/uploads\/2020\/05\/EAGLE-Transfer-Prover.jpg","type":"image\/jpeg"}],"twitter_card":"summary_large_image","twitter_misc":{"Tiempo de lectura":"1 minuto"},"schema":{"@context":"https:\/\/schema.org","@graph":[{"@type":"WebPage","@id":"https:\/\/equipmentcontrols.com\/product\/xartu-transfer-prover\/","url":"https:\/\/equipmentcontrols.com\/product\/xartu-transfer-prover\/","name":"XARTU\u2122 Transfer Prover - ECCO","isPartOf":{"@id":"https:\/\/equipmentcontrols.com\/#website"},"primaryImageOfPage":{"@id":"https:\/\/equipmentcontrols.com\/product\/xartu-transfer-prover\/#primaryimage"},"image":{"@id":"https:\/\/equipmentcontrols.com\/product\/xartu-transfer-prover\/#primaryimage"},"thumbnailUrl":"https:\/\/equipmentcontrols.com\/wp-content\/uploads\/2020\/05\/EAGLE-Transfer-Prover.jpg","datePublished":"2020-05-06T22:26:53+00:00","dateModified":"2020-05-06T22:35:03+00:00","description":"Eagle Field Manager\u2122 is a Windows\u00ae based configuration utility designed to support all Eagle Research Corporation\u00ae hardware in the field. Field Manager\u2122 provides an easy to use group of functions to assist the user in setting up and configuring the field device, gathering data, viewing alarms, and calibrating transducers. It also features a variety of other useful tools.","breadcrumb":{"@id":"https:\/\/equipmentcontrols.com\/product\/xartu-transfer-prover\/#breadcrumb"},"inLanguage":"es","potentialAction":[{"@type":"ReadAction","target":["https:\/\/equipmentcontrols.com\/product\/xartu-transfer-prover\/"]}]},{"@type":"ImageObject","inLanguage":"es","@id":"https:\/\/equipmentcontrols.com\/product\/xartu-transfer-prover\/#primaryimage","url":"https:\/\/equipmentcontrols.com\/wp-content\/uploads\/2020\/05\/EAGLE-Transfer-Prover.jpg","contentUrl":"https:\/\/equipmentcontrols.com\/wp-content\/uploads\/2020\/05\/EAGLE-Transfer-Prover.jpg","width":860,"height":860,"caption":"EAGLE Transfer Prover"},{"@type":"BreadcrumbList","@id":"https:\/\/equipmentcontrols.com\/product\/xartu-transfer-prover\/#breadcrumb","itemListElement":[{"@type":"ListItem","position":1,"name":"Home","item":"https:\/\/equipmentcontrols.com\/"},{"@type":"ListItem","position":2,"name":"Shop","item":"https:\/\/equipmentcontrols.com\/shop\/"},{"@type":"ListItem","position":3,"name":"XARTU\u2122 Transfer Prover"}]},{"@type":"WebSite","@id":"https:\/\/equipmentcontrols.com\/#website","url":"https:\/\/equipmentcontrols.com\/","name":"ECCO","description":"Empresa de Control de Equipos","potentialAction":[{"@type":"SearchAction","target":{"@type":"EntryPoint","urlTemplate":"https:\/\/equipmentcontrols.com\/?s={search_term_string}"},"query-input":{"@type":"PropertyValueSpecification","valueRequired":true,"valueName":"search_term_string"}}],"inLanguage":"es"}]}},"_links":{"self":[{"href":"https:\/\/equipmentcontrols.com\/es\/wp-json\/wp\/v2\/product\/1091","targetHints":{"allow":["GET"]}}],"collection":[{"href":"https:\/\/equipmentcontrols.com\/es\/wp-json\/wp\/v2\/product"}],"about":[{"href":"https:\/\/equipmentcontrols.com\/es\/wp-json\/wp\/v2\/types\/product"}],"wp:featuredmedia":[{"embeddable":true,"href":"https:\/\/equipmentcontrols.com\/es\/wp-json\/wp\/v2\/media\/1043"}],"wp:attachment":[{"href":"https:\/\/equipmentcontrols.com\/es\/wp-json\/wp\/v2\/media?parent=1091"}],"wp:term":[{"taxonomy":"product_brand","embeddable":true,"href":"https:\/\/equipmentcontrols.com\/es\/wp-json\/wp\/v2\/product_brand?post=1091"},{"taxonomy":"product_cat","embeddable":true,"href":"https:\/\/equipmentcontrols.com\/es\/wp-json\/wp\/v2\/product_cat?post=1091"},{"taxonomy":"product_tag","embeddable":true,"href":"https:\/\/equipmentcontrols.com\/es\/wp-json\/wp\/v2\/product_tag?post=1091"}],"curies":[{"name":"wp","href":"https:\/\/api.w.org\/{rel}","templated":true}]}}