{"id":1088,"date":"2020-05-06T22:01:16","date_gmt":"2020-05-06T22:01:16","guid":{"rendered":"https:\/\/econtrols.stagemysite.com\/?post_type=product&#038;p=1088"},"modified":"2022-02-15T20:31:38","modified_gmt":"2022-02-15T20:31:38","slug":"eagle-mpplus-volume-corrector","status":"publish","type":"product","link":"https:\/\/equipmentcontrols.com\/es\/producto\/eagle-mpplus-volume-corrector\/","title":{"rendered":"Eagle MPplus\u2122 Corrector de Volumen"},"content":{"rendered":"<p><strong>Corrector de volumen MPplus\u2122 de EAGLE RESEARCH CORPORATION<\/strong><\/p>\n<p>El corrector de volumen MPplus\u2122 es una versi\u00f3n de costo reducido de la serie de productos correctores de volumen XARTU\/1\u2122-LDVI. Es una computadora industrial controlada por microprocesador, inteligente, compacta, robusta y confiable, dise\u00f1ada para aplicaciones de medici\u00f3n. Puede ejecutar m\u00faltiples procesos, incluidas funciones matem\u00e1ticas complejas o algoritmos de control sin la intervenci\u00f3n del host.<\/p>\n<p>\u2022 Gran pantalla LCD f\u00e1cil de leer con desplazamiento magn\u00e9tico<br \/>\n\u2022 Entradas de presi\u00f3n simples o dobles<br \/>\n\u2022 RTD est\u00e1ndar para medici\u00f3n de temperatura<br \/>\n\u2022 AGA-5, AGA-7, NX-19, AGA-8 (M\u00e9todos detallados y brutos)<br \/>\n\u2022 Hasta 4 salidas de pulsos de forma A<br \/>\n\u2022 Tarjeta de salida de pulsos opcional para AMR\u2014Aplicaciones AMI para prolongar la vida \u00fatil de la bater\u00eda<\/p>\n<p>\u2022 Soluci\u00f3n de grabaci\u00f3n electr\u00f3nica<br \/>\n\u2022 Archivo hist\u00f3rico y tendencias<br \/>\n\u2022 F\u00e1cil visualizaci\u00f3n gr\u00e1fica de las fluctuaciones de presi\u00f3n en las estaciones reguladoras<br \/>\n\u2022 An\u00e1lisis de Carga del Sistema Utilizado por los Departamentos de Ingenier\u00eda<\/p>\n<p><strong>Caracter\u00edsticas:<\/strong><\/p>\n<p>\u2022 Gabinete liviano de policarbonato para exteriores de 6\u201d x 6\u201d x 4\u201d de liberaci\u00f3n r\u00e1pida<\/p>\n<p>\u2022 Gran pantalla LCD f\u00e1cil de leer con desplazamiento magn\u00e9tico<\/p>\n<p>\u2022 Entradas de presi\u00f3n simple o doble<\/p>\n<p>\u2022 RTD est\u00e1ndar para medici\u00f3n de temperatura<\/p>\n<p>\u2022 AGA-5, AGA-7, NX-19, AGA-8 (M\u00e9todos detallados y brutos)<\/p>\n<p>\u2022 Hasta 4 salidas de pulsos de forma A<\/p>\n<p>\u2022 Tarjeta de salida de pulsos opcional para AMR\u2014Aplicaciones AMI para prolongar la vida \u00fatil de la bater\u00eda<\/p>\n<p>\u2022 (2) Entradas de pulsos para configuraciones de dos medidores<\/p>\n<p>\u2022 Compatibilidad con los protocolos Eagle HexASCII o MODBUS<\/p>\n<p>\u2022 Garant\u00eda: cuatro a\u00f1os en todos los componentes fabricados por Eagle Research Corporation\u00ae<\/p>\n<p><strong>Descargar:<\/strong><br \/>\n<a href=\"https:\/\/equipmentcontrols.com\/wp-content\/uploads\/2020\/05\/MPplus-Bulletin-1.pdf\">Bolet\u00edn del corrector de volumen EAGLE MPplus<\/a><\/p>","protected":false},"excerpt":{"rendered":"<p>EAGLE RESEARCH CORPORATION MPplus\u2122 Volume Corrector The MPplus\u2122 Volume Corrector is a cost reduced version of the XARTU\/1\u2122-LDVI series of volume corrector products. It is an intelligent, compact, rugged, and reliable industrial microprocessor-controlled computer designed for measurement applications. It can execute multiple processes including complex math functions or control algorithms without host intervention. \u2022 Large [&hellip;]<\/p>\n","protected":false},"featured_media":1041,"template":"","meta":[],"product_brand":[],"product_cat":[49,23],"product_tag":[],"class_list":{"0":"post-1088","1":"product","2":"type-product","3":"status-publish","4":"has-post-thumbnail","6":"product_cat-eagle-research-corporation","7":"product_cat-instrumentation","9":"first","10":"instock","11":"shipping-taxable","12":"product-type-simple"},"yoast_head":"<!-- This site is optimized with the Yoast SEO Premium plugin v23.9 (Yoast SEO v27.3) - https:\/\/yoast.com\/product\/yoast-seo-premium-wordpress\/ -->\n<title>Eagle MPplus\u2122 Volume Corrector - ECCO<\/title>\n<meta name=\"description\" content=\"The MPplus\u2122 Volume Corrector is a cost reduced version of the XARTU\/1\u2122-LDVI series of volume corrector products. It is an intelligent, compact, rugged, and reliable industrial microprocessor-controlled computer designed for measurement applications. It can execute multiple processes including complex math functions or control algorithms without host intervention.\" \/>\n<meta name=\"robots\" content=\"index, follow, max-snippet:-1, max-image-preview:large, max-video-preview:-1\" \/>\n<link rel=\"canonical\" href=\"https:\/\/equipmentcontrols.com\/es\/producto\/eagle-mpplus-volume-corrector\/\" \/>\n<meta property=\"og:locale\" content=\"es_MX\" \/>\n<meta property=\"og:type\" content=\"article\" \/>\n<meta property=\"og:title\" content=\"Eagle MPplus\u2122 Volume Corrector\" \/>\n<meta property=\"og:description\" content=\"The MPplus\u2122 Volume Corrector is a cost reduced version of the XARTU\/1\u2122-LDVI series of volume corrector products. It is an intelligent, compact, rugged, and reliable industrial microprocessor-controlled computer designed for measurement applications. It can execute multiple processes including complex math functions or control algorithms without host intervention.\" \/>\n<meta property=\"og:url\" content=\"https:\/\/equipmentcontrols.com\/es\/producto\/eagle-mpplus-volume-corrector\/\" \/>\n<meta property=\"og:site_name\" content=\"ECCO\" \/>\n<meta property=\"article:modified_time\" content=\"2022-02-15T20:31:38+00:00\" \/>\n<meta property=\"og:image\" content=\"https:\/\/equipmentcontrols.com\/wp-content\/uploads\/2020\/05\/EAGLE-MPPlus-Volume-Corrector.jpg\" \/>\n\t<meta property=\"og:image:width\" content=\"860\" \/>\n\t<meta property=\"og:image:height\" content=\"860\" \/>\n\t<meta property=\"og:image:type\" content=\"image\/jpeg\" \/>\n<meta name=\"twitter:card\" content=\"summary_large_image\" \/>\n<meta name=\"twitter:label1\" content=\"Tiempo de lectura\" \/>\n\t<meta name=\"twitter:data1\" content=\"1 minuto\" \/>\n<script type=\"application\/ld+json\" class=\"yoast-schema-graph\">{\"@context\":\"https:\\\/\\\/schema.org\",\"@graph\":[{\"@type\":\"WebPage\",\"@id\":\"https:\\\/\\\/equipmentcontrols.com\\\/product\\\/eagle-mpplus-volume-corrector\\\/\",\"url\":\"https:\\\/\\\/equipmentcontrols.com\\\/product\\\/eagle-mpplus-volume-corrector\\\/\",\"name\":\"Eagle MPplus\u2122 Volume Corrector - ECCO\",\"isPartOf\":{\"@id\":\"https:\\\/\\\/equipmentcontrols.com\\\/#website\"},\"primaryImageOfPage\":{\"@id\":\"https:\\\/\\\/equipmentcontrols.com\\\/product\\\/eagle-mpplus-volume-corrector\\\/#primaryimage\"},\"image\":{\"@id\":\"https:\\\/\\\/equipmentcontrols.com\\\/product\\\/eagle-mpplus-volume-corrector\\\/#primaryimage\"},\"thumbnailUrl\":\"https:\\\/\\\/equipmentcontrols.com\\\/wp-content\\\/uploads\\\/2020\\\/05\\\/EAGLE-MPPlus-Volume-Corrector.jpg\",\"datePublished\":\"2020-05-06T22:01:16+00:00\",\"dateModified\":\"2022-02-15T20:31:38+00:00\",\"description\":\"The MPplus\u2122 Volume Corrector is a cost reduced version of the XARTU\\\/1\u2122-LDVI series of volume corrector products. It is an intelligent, compact, rugged, and reliable industrial microprocessor-controlled computer designed for measurement applications. It can execute multiple processes including complex math functions or control algorithms without host intervention.\",\"breadcrumb\":{\"@id\":\"https:\\\/\\\/equipmentcontrols.com\\\/product\\\/eagle-mpplus-volume-corrector\\\/#breadcrumb\"},\"inLanguage\":\"es\",\"potentialAction\":[{\"@type\":\"ReadAction\",\"target\":[\"https:\\\/\\\/equipmentcontrols.com\\\/product\\\/eagle-mpplus-volume-corrector\\\/\"]}]},{\"@type\":\"ImageObject\",\"inLanguage\":\"es\",\"@id\":\"https:\\\/\\\/equipmentcontrols.com\\\/product\\\/eagle-mpplus-volume-corrector\\\/#primaryimage\",\"url\":\"https:\\\/\\\/equipmentcontrols.com\\\/wp-content\\\/uploads\\\/2020\\\/05\\\/EAGLE-MPPlus-Volume-Corrector.jpg\",\"contentUrl\":\"https:\\\/\\\/equipmentcontrols.com\\\/wp-content\\\/uploads\\\/2020\\\/05\\\/EAGLE-MPPlus-Volume-Corrector.jpg\",\"width\":860,\"height\":860,\"caption\":\"EAGLE MPPlus Volume Corrector\"},{\"@type\":\"BreadcrumbList\",\"@id\":\"https:\\\/\\\/equipmentcontrols.com\\\/product\\\/eagle-mpplus-volume-corrector\\\/#breadcrumb\",\"itemListElement\":[{\"@type\":\"ListItem\",\"position\":1,\"name\":\"Home\",\"item\":\"https:\\\/\\\/equipmentcontrols.com\\\/\"},{\"@type\":\"ListItem\",\"position\":2,\"name\":\"Shop\",\"item\":\"https:\\\/\\\/equipmentcontrols.com\\\/shop\\\/\"},{\"@type\":\"ListItem\",\"position\":3,\"name\":\"Eagle MPplus\u2122 Volume Corrector\"}]},{\"@type\":\"WebSite\",\"@id\":\"https:\\\/\\\/equipmentcontrols.com\\\/#website\",\"url\":\"https:\\\/\\\/equipmentcontrols.com\\\/\",\"name\":\"ECCO\",\"description\":\"Equipment Controls Company\",\"potentialAction\":[{\"@type\":\"SearchAction\",\"target\":{\"@type\":\"EntryPoint\",\"urlTemplate\":\"https:\\\/\\\/equipmentcontrols.com\\\/?s={search_term_string}\"},\"query-input\":{\"@type\":\"PropertyValueSpecification\",\"valueRequired\":true,\"valueName\":\"search_term_string\"}}],\"inLanguage\":\"es\"}]}<\/script>\n<!-- \/ Yoast SEO Premium plugin. -->","yoast_head_json":{"title":"Eagle MPplus\u2122 Volume Corrector - ECCO","description":"El corrector de volumen MPplus\u2122 es una versi\u00f3n de costo reducido de la serie de productos correctores de volumen XARTU\/1\u2122-LDVI. Es una computadora industrial controlada por microprocesador, inteligente, compacta, robusta y confiable, dise\u00f1ada para aplicaciones de medici\u00f3n. Puede ejecutar m\u00faltiples procesos, incluidas funciones matem\u00e1ticas complejas o algoritmos de control sin la intervenci\u00f3n del host.","robots":{"index":"index","follow":"follow","max-snippet":"max-snippet:-1","max-image-preview":"max-image-preview:large","max-video-preview":"max-video-preview:-1"},"canonical":"https:\/\/equipmentcontrols.com\/es\/producto\/eagle-mpplus-volume-corrector\/","og_locale":"es_MX","og_type":"article","og_title":"Eagle MPplus\u2122 Volume Corrector","og_description":"The MPplus\u2122 Volume Corrector is a cost reduced version of the XARTU\/1\u2122-LDVI series of volume corrector products. It is an intelligent, compact, rugged, and reliable industrial microprocessor-controlled computer designed for measurement applications. It can execute multiple processes including complex math functions or control algorithms without host intervention.","og_url":"https:\/\/equipmentcontrols.com\/es\/producto\/eagle-mpplus-volume-corrector\/","og_site_name":"ECCO","article_modified_time":"2022-02-15T20:31:38+00:00","og_image":[{"width":860,"height":860,"url":"https:\/\/equipmentcontrols.com\/wp-content\/uploads\/2020\/05\/EAGLE-MPPlus-Volume-Corrector.jpg","type":"image\/jpeg"}],"twitter_card":"summary_large_image","twitter_misc":{"Tiempo de lectura":"1 minuto"},"schema":{"@context":"https:\/\/schema.org","@graph":[{"@type":"WebPage","@id":"https:\/\/equipmentcontrols.com\/product\/eagle-mpplus-volume-corrector\/","url":"https:\/\/equipmentcontrols.com\/product\/eagle-mpplus-volume-corrector\/","name":"Eagle MPplus\u2122 Volume Corrector - ECCO","isPartOf":{"@id":"https:\/\/equipmentcontrols.com\/#website"},"primaryImageOfPage":{"@id":"https:\/\/equipmentcontrols.com\/product\/eagle-mpplus-volume-corrector\/#primaryimage"},"image":{"@id":"https:\/\/equipmentcontrols.com\/product\/eagle-mpplus-volume-corrector\/#primaryimage"},"thumbnailUrl":"https:\/\/equipmentcontrols.com\/wp-content\/uploads\/2020\/05\/EAGLE-MPPlus-Volume-Corrector.jpg","datePublished":"2020-05-06T22:01:16+00:00","dateModified":"2022-02-15T20:31:38+00:00","description":"El corrector de volumen MPplus\u2122 es una versi\u00f3n de costo reducido de la serie de productos correctores de volumen XARTU\/1\u2122-LDVI. Es una computadora industrial controlada por microprocesador, inteligente, compacta, robusta y confiable, dise\u00f1ada para aplicaciones de medici\u00f3n. Puede ejecutar m\u00faltiples procesos, incluidas funciones matem\u00e1ticas complejas o algoritmos de control sin la intervenci\u00f3n del host.","breadcrumb":{"@id":"https:\/\/equipmentcontrols.com\/product\/eagle-mpplus-volume-corrector\/#breadcrumb"},"inLanguage":"es","potentialAction":[{"@type":"ReadAction","target":["https:\/\/equipmentcontrols.com\/product\/eagle-mpplus-volume-corrector\/"]}]},{"@type":"ImageObject","inLanguage":"es","@id":"https:\/\/equipmentcontrols.com\/product\/eagle-mpplus-volume-corrector\/#primaryimage","url":"https:\/\/equipmentcontrols.com\/wp-content\/uploads\/2020\/05\/EAGLE-MPPlus-Volume-Corrector.jpg","contentUrl":"https:\/\/equipmentcontrols.com\/wp-content\/uploads\/2020\/05\/EAGLE-MPPlus-Volume-Corrector.jpg","width":860,"height":860,"caption":"EAGLE MPPlus Volume Corrector"},{"@type":"BreadcrumbList","@id":"https:\/\/equipmentcontrols.com\/product\/eagle-mpplus-volume-corrector\/#breadcrumb","itemListElement":[{"@type":"ListItem","position":1,"name":"Home","item":"https:\/\/equipmentcontrols.com\/"},{"@type":"ListItem","position":2,"name":"Shop","item":"https:\/\/equipmentcontrols.com\/shop\/"},{"@type":"ListItem","position":3,"name":"Eagle MPplus\u2122 Volume Corrector"}]},{"@type":"WebSite","@id":"https:\/\/equipmentcontrols.com\/#website","url":"https:\/\/equipmentcontrols.com\/","name":"ECCO","description":"Empresa de Control de Equipos","potentialAction":[{"@type":"SearchAction","target":{"@type":"EntryPoint","urlTemplate":"https:\/\/equipmentcontrols.com\/?s={search_term_string}"},"query-input":{"@type":"PropertyValueSpecification","valueRequired":true,"valueName":"search_term_string"}}],"inLanguage":"es"}]}},"_links":{"self":[{"href":"https:\/\/equipmentcontrols.com\/es\/wp-json\/wp\/v2\/product\/1088","targetHints":{"allow":["GET"]}}],"collection":[{"href":"https:\/\/equipmentcontrols.com\/es\/wp-json\/wp\/v2\/product"}],"about":[{"href":"https:\/\/equipmentcontrols.com\/es\/wp-json\/wp\/v2\/types\/product"}],"wp:featuredmedia":[{"embeddable":true,"href":"https:\/\/equipmentcontrols.com\/es\/wp-json\/wp\/v2\/media\/1041"}],"wp:attachment":[{"href":"https:\/\/equipmentcontrols.com\/es\/wp-json\/wp\/v2\/media?parent=1088"}],"wp:term":[{"taxonomy":"product_brand","embeddable":true,"href":"https:\/\/equipmentcontrols.com\/es\/wp-json\/wp\/v2\/product_brand?post=1088"},{"taxonomy":"product_cat","embeddable":true,"href":"https:\/\/equipmentcontrols.com\/es\/wp-json\/wp\/v2\/product_cat?post=1088"},{"taxonomy":"product_tag","embeddable":true,"href":"https:\/\/equipmentcontrols.com\/es\/wp-json\/wp\/v2\/product_tag?post=1088"}],"curies":[{"name":"wp","href":"https:\/\/api.w.org\/{rel}","templated":true}]}}