{"id":1087,"date":"2020-05-06T21:47:48","date_gmt":"2020-05-06T21:47:48","guid":{"rendered":"https:\/\/econtrols.stagemysite.com\/?post_type=product&#038;p=1087"},"modified":"2020-05-06T22:00:57","modified_gmt":"2020-05-06T22:00:57","slug":"eagle-mpplus-pressure-recorder","status":"publish","type":"product","link":"https:\/\/equipmentcontrols.com\/es\/producto\/eagle-mpplus-pressure-recorder\/","title":{"rendered":"Registrador de presi\u00f3n Eagle MPplus\u2122"},"content":{"rendered":"<p><strong>Registrador de presi\u00f3n Eagle MPplus\u2122<\/strong><\/p>\n<p>El registrador de presi\u00f3n MPplus\u2122 es una excelente opci\u00f3n para reemplazar los gr\u00e1ficos de papel en las estaciones reguladoras de todo su sistema. El archivo hist\u00f3rico y las tendencias con cualquiera de los paquetes de software de Eagle Research permiten una f\u00e1cil visualizaci\u00f3n gr\u00e1fica de las fluctuaciones de presi\u00f3n en las estaciones reguladoras o el an\u00e1lisis de carga del sistema utilizado por los departamentos de ingenier\u00eda. El registrador de presi\u00f3n MPplus\u2122, junto con el corrector de volumen MPplus, brindan a los clientes una soluci\u00f3n de registro de bajo costo.<\/p>\n<p>\u2022 Soluci\u00f3n de grabaci\u00f3n electr\u00f3nica<br \/>\n\u2022 Archivo hist\u00f3rico y tendencias<br \/>\n\u2022 F\u00e1cil visualizaci\u00f3n gr\u00e1fica de las fluctuaciones de presi\u00f3n en las estaciones reguladoras<br \/>\n\u2022 An\u00e1lisis de Carga del Sistema Utilizado por los Departamentos de Ingenier\u00eda<\/p>\n<p><strong>Reflejos<\/strong><\/p>\n<p><strong>Potencia de entrada:<\/strong><\/p>\n<ul>\n<li>5-15 VCC<\/li>\n<li>Dos entradas de bater\u00eda con conectores MTA<\/li>\n<li>Una fuente de alimentaci\u00f3n\/entrada de bater\u00eda recargable con terminales de tornillo<\/li>\n<li>Una entrada de energ\u00eda solar (1 vatio m\u00e1ximo) con terminales de tornillo<\/li>\n<\/ul>\n<p><strong>Potencia est\u00e1ndar:<\/strong> Panel solar de 1 vatio (opciones de montaje remoto o en la puerta) con bater\u00eda recargable de 1,2 Ah<\/p>\n<p><strong>Monitoreo de energ\u00eda:<\/strong> Monitoreo de voltaje de suministro con alarma de suministro bajo<\/p>\n<p><strong>Facilidad de instalaci\u00f3n:<\/strong><\/p>\n<ul>\n<li>No es necesario volver a entubar la estaci\u00f3n completa<\/li>\n<li>Los tubos encajan directamente en el colector existente<\/li>\n<li>Las nuevas instalaciones pueden atornillarse directamente a un colector de cinco v\u00e1lvulas<\/li>\n<\/ul>\n<p><strong>Econ\u00f3mico:<\/strong> mantener registros electr\u00f3nicamente significa un menor costo total de propiedad en comparaci\u00f3n con los gr\u00e1ficos tradicionales<\/p>\n<p><strong>Bater\u00eda de respaldo a bordo:<\/strong> Bater\u00eda de respaldo de litio de 3.6 VDC de base de datos, historial, seguimiento de auditor\u00eda, hora\/fecha y memoria RAM<\/p>\n<p><strong>Memoria:<\/strong> Almacene hasta 32,000 registros con marca de tiempo con Flash programable y memoria de datos RAM respaldada por bater\u00eda<\/p>\n<p>&nbsp;<\/p>\n<p><strong>Descargar:<\/strong><br \/>\n<a href=\"https:\/\/equipmentcontrols.com\/wp-content\/uploads\/2020\/05\/Eagle-MpPlus-Presure-Recorder-1.pdf\">Bolet\u00edn del registrador de presi\u00f3n Eagle MPplus<\/a><\/p>","protected":false},"excerpt":{"rendered":"<p>Eagle MPplus\u2122 Pressure Recorder The MPplus\u2122 Pressure Recorder is an excellent choice for replacing paper charts at regulator stations throughout your entire system. Historical archiving and trending using any of Eagle Research\u2019s sotiware packages allows easy graphical viewing of pressure fluctuations at regulator stations or load analysis of the system used by engineering departments. The [&hellip;]<\/p>\n","protected":false},"featured_media":1040,"template":"","meta":[],"product_brand":[],"product_cat":[49,23],"product_tag":[],"class_list":{"0":"post-1087","1":"product","2":"type-product","3":"status-publish","4":"has-post-thumbnail","6":"product_cat-eagle-research-corporation","7":"product_cat-instrumentation","9":"first","10":"instock","11":"shipping-taxable","12":"product-type-simple"},"yoast_head":"<!-- This site is optimized with the Yoast SEO Premium plugin v23.9 (Yoast SEO v27.3) - https:\/\/yoast.com\/product\/yoast-seo-premium-wordpress\/ -->\n<title>Eagle MPplus\u2122 Pressure Recorder - ECCO<\/title>\n<meta name=\"description\" content=\"The MPplus\u2122 Pressure Recorder is an excellent choice for replacing paper charts at regulator stations throughout your entire system. Historical archiving and trending using any of Eagle Research\u2019s sotiware packages allows easy graphical viewing of pressure fluctuations at regulator stations or load analysis of the system used by engineering departments. The MPplus\u2122 Pressure Recorder, along with the MPplus Volume Corrector, provide customers with a low-cost recording solution.\" \/>\n<meta name=\"robots\" content=\"index, follow, max-snippet:-1, max-image-preview:large, max-video-preview:-1\" \/>\n<link rel=\"canonical\" href=\"https:\/\/equipmentcontrols.com\/es\/producto\/eagle-mpplus-pressure-recorder\/\" \/>\n<meta property=\"og:locale\" content=\"es_MX\" \/>\n<meta property=\"og:type\" content=\"article\" \/>\n<meta property=\"og:title\" content=\"Eagle MPplus\u2122 Pressure Recorder\" \/>\n<meta property=\"og:description\" content=\"The MPplus\u2122 Pressure Recorder is an excellent choice for replacing paper charts at regulator stations throughout your entire system. Historical archiving and trending using any of Eagle Research\u2019s sotiware packages allows easy graphical viewing of pressure fluctuations at regulator stations or load analysis of the system used by engineering departments. The MPplus\u2122 Pressure Recorder, along with the MPplus Volume Corrector, provide customers with a low-cost recording solution.\" \/>\n<meta property=\"og:url\" content=\"https:\/\/equipmentcontrols.com\/es\/producto\/eagle-mpplus-pressure-recorder\/\" \/>\n<meta property=\"og:site_name\" content=\"ECCO\" \/>\n<meta property=\"article:modified_time\" content=\"2020-05-06T22:00:57+00:00\" \/>\n<meta property=\"og:image\" content=\"https:\/\/equipmentcontrols.com\/wp-content\/uploads\/2020\/05\/EAGLE-MPPlus-Presure-Recorder.jpg\" \/>\n\t<meta property=\"og:image:width\" content=\"860\" \/>\n\t<meta property=\"og:image:height\" content=\"860\" \/>\n\t<meta property=\"og:image:type\" content=\"image\/jpeg\" \/>\n<meta name=\"twitter:card\" content=\"summary_large_image\" \/>\n<meta name=\"twitter:label1\" content=\"Tiempo de lectura\" \/>\n\t<meta name=\"twitter:data1\" content=\"1 minuto\" \/>\n<script type=\"application\/ld+json\" class=\"yoast-schema-graph\">{\"@context\":\"https:\\\/\\\/schema.org\",\"@graph\":[{\"@type\":\"WebPage\",\"@id\":\"https:\\\/\\\/equipmentcontrols.com\\\/product\\\/eagle-mpplus-pressure-recorder\\\/\",\"url\":\"https:\\\/\\\/equipmentcontrols.com\\\/product\\\/eagle-mpplus-pressure-recorder\\\/\",\"name\":\"Eagle MPplus\u2122 Pressure Recorder - ECCO\",\"isPartOf\":{\"@id\":\"https:\\\/\\\/equipmentcontrols.com\\\/#website\"},\"primaryImageOfPage\":{\"@id\":\"https:\\\/\\\/equipmentcontrols.com\\\/product\\\/eagle-mpplus-pressure-recorder\\\/#primaryimage\"},\"image\":{\"@id\":\"https:\\\/\\\/equipmentcontrols.com\\\/product\\\/eagle-mpplus-pressure-recorder\\\/#primaryimage\"},\"thumbnailUrl\":\"https:\\\/\\\/equipmentcontrols.com\\\/wp-content\\\/uploads\\\/2020\\\/05\\\/EAGLE-MPPlus-Presure-Recorder.jpg\",\"datePublished\":\"2020-05-06T21:47:48+00:00\",\"dateModified\":\"2020-05-06T22:00:57+00:00\",\"description\":\"The MPplus\u2122 Pressure Recorder is an excellent choice for replacing paper charts at regulator stations throughout your entire system. Historical archiving and trending using any of Eagle Research\u2019s sotiware packages allows easy graphical viewing of pressure fluctuations at regulator stations or load analysis of the system used by engineering departments. The MPplus\u2122 Pressure Recorder, along with the MPplus Volume Corrector, provide customers with a low-cost recording solution.\",\"breadcrumb\":{\"@id\":\"https:\\\/\\\/equipmentcontrols.com\\\/product\\\/eagle-mpplus-pressure-recorder\\\/#breadcrumb\"},\"inLanguage\":\"es\",\"potentialAction\":[{\"@type\":\"ReadAction\",\"target\":[\"https:\\\/\\\/equipmentcontrols.com\\\/product\\\/eagle-mpplus-pressure-recorder\\\/\"]}]},{\"@type\":\"ImageObject\",\"inLanguage\":\"es\",\"@id\":\"https:\\\/\\\/equipmentcontrols.com\\\/product\\\/eagle-mpplus-pressure-recorder\\\/#primaryimage\",\"url\":\"https:\\\/\\\/equipmentcontrols.com\\\/wp-content\\\/uploads\\\/2020\\\/05\\\/EAGLE-MPPlus-Presure-Recorder.jpg\",\"contentUrl\":\"https:\\\/\\\/equipmentcontrols.com\\\/wp-content\\\/uploads\\\/2020\\\/05\\\/EAGLE-MPPlus-Presure-Recorder.jpg\",\"width\":860,\"height\":860,\"caption\":\"EAGLE MPPlus Presure Recorder\"},{\"@type\":\"BreadcrumbList\",\"@id\":\"https:\\\/\\\/equipmentcontrols.com\\\/product\\\/eagle-mpplus-pressure-recorder\\\/#breadcrumb\",\"itemListElement\":[{\"@type\":\"ListItem\",\"position\":1,\"name\":\"Home\",\"item\":\"https:\\\/\\\/equipmentcontrols.com\\\/\"},{\"@type\":\"ListItem\",\"position\":2,\"name\":\"Shop\",\"item\":\"https:\\\/\\\/equipmentcontrols.com\\\/shop\\\/\"},{\"@type\":\"ListItem\",\"position\":3,\"name\":\"Eagle MPplus\u2122 Pressure Recorder\"}]},{\"@type\":\"WebSite\",\"@id\":\"https:\\\/\\\/equipmentcontrols.com\\\/#website\",\"url\":\"https:\\\/\\\/equipmentcontrols.com\\\/\",\"name\":\"ECCO\",\"description\":\"Equipment Controls Company\",\"potentialAction\":[{\"@type\":\"SearchAction\",\"target\":{\"@type\":\"EntryPoint\",\"urlTemplate\":\"https:\\\/\\\/equipmentcontrols.com\\\/?s={search_term_string}\"},\"query-input\":{\"@type\":\"PropertyValueSpecification\",\"valueRequired\":true,\"valueName\":\"search_term_string\"}}],\"inLanguage\":\"es\"}]}<\/script>\n<!-- \/ Yoast SEO Premium plugin. -->","yoast_head_json":{"title":"Eagle MPplus\u2122 Pressure Recorder - ECCO","description":"El registrador de presi\u00f3n MPplus\u2122 es una excelente opci\u00f3n para reemplazar los gr\u00e1ficos de papel en las estaciones reguladoras de todo su sistema. El archivo hist\u00f3rico y las tendencias con cualquiera de los paquetes de software de Eagle Research permiten una f\u00e1cil visualizaci\u00f3n gr\u00e1fica de las fluctuaciones de presi\u00f3n en las estaciones reguladoras o el an\u00e1lisis de carga del sistema utilizado por los departamentos de ingenier\u00eda. El registrador de presi\u00f3n MPplus\u2122, junto con el corrector de volumen MPplus, brindan a los clientes una soluci\u00f3n de registro de bajo costo.","robots":{"index":"index","follow":"follow","max-snippet":"max-snippet:-1","max-image-preview":"max-image-preview:large","max-video-preview":"max-video-preview:-1"},"canonical":"https:\/\/equipmentcontrols.com\/es\/producto\/eagle-mpplus-pressure-recorder\/","og_locale":"es_MX","og_type":"article","og_title":"Eagle MPplus\u2122 Pressure Recorder","og_description":"The MPplus\u2122 Pressure Recorder is an excellent choice for replacing paper charts at regulator stations throughout your entire system. Historical archiving and trending using any of Eagle Research\u2019s sotiware packages allows easy graphical viewing of pressure fluctuations at regulator stations or load analysis of the system used by engineering departments. The MPplus\u2122 Pressure Recorder, along with the MPplus Volume Corrector, provide customers with a low-cost recording solution.","og_url":"https:\/\/equipmentcontrols.com\/es\/producto\/eagle-mpplus-pressure-recorder\/","og_site_name":"ECCO","article_modified_time":"2020-05-06T22:00:57+00:00","og_image":[{"width":860,"height":860,"url":"https:\/\/equipmentcontrols.com\/wp-content\/uploads\/2020\/05\/EAGLE-MPPlus-Presure-Recorder.jpg","type":"image\/jpeg"}],"twitter_card":"summary_large_image","twitter_misc":{"Tiempo de lectura":"1 minuto"},"schema":{"@context":"https:\/\/schema.org","@graph":[{"@type":"WebPage","@id":"https:\/\/equipmentcontrols.com\/product\/eagle-mpplus-pressure-recorder\/","url":"https:\/\/equipmentcontrols.com\/product\/eagle-mpplus-pressure-recorder\/","name":"Eagle MPplus\u2122 Pressure Recorder - ECCO","isPartOf":{"@id":"https:\/\/equipmentcontrols.com\/#website"},"primaryImageOfPage":{"@id":"https:\/\/equipmentcontrols.com\/product\/eagle-mpplus-pressure-recorder\/#primaryimage"},"image":{"@id":"https:\/\/equipmentcontrols.com\/product\/eagle-mpplus-pressure-recorder\/#primaryimage"},"thumbnailUrl":"https:\/\/equipmentcontrols.com\/wp-content\/uploads\/2020\/05\/EAGLE-MPPlus-Presure-Recorder.jpg","datePublished":"2020-05-06T21:47:48+00:00","dateModified":"2020-05-06T22:00:57+00:00","description":"El registrador de presi\u00f3n MPplus\u2122 es una excelente opci\u00f3n para reemplazar los gr\u00e1ficos de papel en las estaciones reguladoras de todo su sistema. El archivo hist\u00f3rico y las tendencias con cualquiera de los paquetes de software de Eagle Research permiten una f\u00e1cil visualizaci\u00f3n gr\u00e1fica de las fluctuaciones de presi\u00f3n en las estaciones reguladoras o el an\u00e1lisis de carga del sistema utilizado por los departamentos de ingenier\u00eda. El registrador de presi\u00f3n MPplus\u2122, junto con el corrector de volumen MPplus, brindan a los clientes una soluci\u00f3n de registro de bajo costo.","breadcrumb":{"@id":"https:\/\/equipmentcontrols.com\/product\/eagle-mpplus-pressure-recorder\/#breadcrumb"},"inLanguage":"es","potentialAction":[{"@type":"ReadAction","target":["https:\/\/equipmentcontrols.com\/product\/eagle-mpplus-pressure-recorder\/"]}]},{"@type":"ImageObject","inLanguage":"es","@id":"https:\/\/equipmentcontrols.com\/product\/eagle-mpplus-pressure-recorder\/#primaryimage","url":"https:\/\/equipmentcontrols.com\/wp-content\/uploads\/2020\/05\/EAGLE-MPPlus-Presure-Recorder.jpg","contentUrl":"https:\/\/equipmentcontrols.com\/wp-content\/uploads\/2020\/05\/EAGLE-MPPlus-Presure-Recorder.jpg","width":860,"height":860,"caption":"EAGLE MPPlus Presure Recorder"},{"@type":"BreadcrumbList","@id":"https:\/\/equipmentcontrols.com\/product\/eagle-mpplus-pressure-recorder\/#breadcrumb","itemListElement":[{"@type":"ListItem","position":1,"name":"Home","item":"https:\/\/equipmentcontrols.com\/"},{"@type":"ListItem","position":2,"name":"Shop","item":"https:\/\/equipmentcontrols.com\/shop\/"},{"@type":"ListItem","position":3,"name":"Eagle MPplus\u2122 Pressure Recorder"}]},{"@type":"WebSite","@id":"https:\/\/equipmentcontrols.com\/#website","url":"https:\/\/equipmentcontrols.com\/","name":"ECCO","description":"Empresa de Control de Equipos","potentialAction":[{"@type":"SearchAction","target":{"@type":"EntryPoint","urlTemplate":"https:\/\/equipmentcontrols.com\/?s={search_term_string}"},"query-input":{"@type":"PropertyValueSpecification","valueRequired":true,"valueName":"search_term_string"}}],"inLanguage":"es"}]}},"_links":{"self":[{"href":"https:\/\/equipmentcontrols.com\/es\/wp-json\/wp\/v2\/product\/1087","targetHints":{"allow":["GET"]}}],"collection":[{"href":"https:\/\/equipmentcontrols.com\/es\/wp-json\/wp\/v2\/product"}],"about":[{"href":"https:\/\/equipmentcontrols.com\/es\/wp-json\/wp\/v2\/types\/product"}],"wp:featuredmedia":[{"embeddable":true,"href":"https:\/\/equipmentcontrols.com\/es\/wp-json\/wp\/v2\/media\/1040"}],"wp:attachment":[{"href":"https:\/\/equipmentcontrols.com\/es\/wp-json\/wp\/v2\/media?parent=1087"}],"wp:term":[{"taxonomy":"product_brand","embeddable":true,"href":"https:\/\/equipmentcontrols.com\/es\/wp-json\/wp\/v2\/product_brand?post=1087"},{"taxonomy":"product_cat","embeddable":true,"href":"https:\/\/equipmentcontrols.com\/es\/wp-json\/wp\/v2\/product_cat?post=1087"},{"taxonomy":"product_tag","embeddable":true,"href":"https:\/\/equipmentcontrols.com\/es\/wp-json\/wp\/v2\/product_tag?post=1087"}],"curies":[{"name":"wp","href":"https:\/\/api.w.org\/{rel}","templated":true}]}}