{"id":1077,"date":"2020-05-06T17:12:08","date_gmt":"2020-05-06T17:12:08","guid":{"rendered":"https:\/\/econtrols.stagemysite.com\/?post_type=product&#038;p=1077"},"modified":"2026-02-27T18:21:23","modified_gmt":"2026-02-27T18:21:23","slug":"usg-461-x57","status":"publish","type":"product","link":"https:\/\/equipmentcontrols.com\/es\/producto\/usg-461-x57\/","title":{"rendered":"USG 461-X57"},"content":{"rendered":"<div id=\"description\" class=\"tab-content desktop-visible\">The Model 461-X57 regulator is a unique high-pressure, large-capacity, spring-operated regulators. This high pressure regulator incorporates the same roll-out diaphragm principal that is widely used in the 461-57S and 441-57S models.<br \/>\nThis regulator offers pilot-type performance with spring operated regulator simplicity. The action of the roll-out diaphragm makes the regulators exceptional performance possible by reducing droop, the falloff in outlet pressure as a spring regulator opens to increase flow, to a minimum.<\/div>\n<div class=\"tab-content desktop-visible\">The Model 461-X57 features a fast response and ease of installation. It is also simple to adjust and service. The 461-X57 is perfect for most high-pressure, large-capacity applications. This includes high-pressure regulator sets, gas distribution systems, town border stations, transmission systems and most industrial applications.<\/div>\n<div><\/div>\n<div class=\"tab-content desktop-visible\">The 461-X57 regulator can also be used to monitor and quickly assume control if a failure in the operating regulator allows the outlet pressure to exceed its set-point. No modifications are required for use as a monitor, even if used as a monitor for other types of regulators.<\/div>\n<div><\/div>\n<div class=\"tab-content desktop-visible\">\n<p><strong>Beneficios:<\/strong><\/p>\n<ul>\n<li>Se instala y repara f\u00e1cilmente<\/li>\n<li>Proporciona un alto rendimiento para un registro accionado por resorte<\/li>\n<li>Permite su uso como monitor, asumiendo el control en caso de falla<\/li>\n<\/ul>\n<p><strong>Caracter\u00edsticas:<\/strong><\/p>\n<ul>\n<li>Dise\u00f1o simple<\/li>\n<li>Regulaci\u00f3n confiable<\/li>\n<li>Funcionamiento sin problemas<\/li>\n<li>Respuesta rapida<\/li>\n<li>Sin mantenimiento piloto<\/li>\n<li>Centinela de diafragma de control de bola para mayor seguridad<\/li>\n<li>Construcci\u00f3n resistente<\/li>\n<\/ul>\n<p><strong>Descargas:<\/strong><\/p>\n<p><a href=\"https:\/\/equipmentcontrols.com\/wp-content\/uploads\/2026\/02\/Model-461-X57-Installation-Maintenance-Manual.pdf\">USG 461-X57 Installation and Maintenance Manual<\/a><br \/>\n<a href=\"https:\/\/equipmentcontrols.com\/wp-content\/uploads\/2026\/02\/Model-461-X57-Brochure-1.pdf\">USG 461-X57 Brochure<\/a><\/p>\n<p>&nbsp;<\/p>\n<\/div>","protected":false},"excerpt":{"rendered":"<p>Conf\u00ede en estos caballos de batalla para obtener un alto rendimiento y una respuesta r\u00e1pida. Nuestros reguladores de presi\u00f3n media Modelo 461-57S y Modelo 441-57S son reguladores operados por resorte que incorporan un diafragma &quot;desplegable&quot;, similar al rendimiento que se encuentra en los reguladores operados por piloto.<\/p>","protected":false},"featured_media":1065,"template":"","meta":[],"product_brand":[],"product_cat":[20,105],"product_tag":[],"class_list":{"0":"post-1077","1":"product","2":"type-product","3":"status-publish","4":"has-post-thumbnail","6":"product_cat-gas-regulators","7":"product_cat-usg","9":"first","10":"instock","11":"shipping-taxable","12":"product-type-simple"},"yoast_head":"<!-- This site is optimized with the Yoast SEO Premium plugin v23.9 (Yoast SEO v27.5) - https:\/\/yoast.com\/product\/yoast-seo-premium-wordpress\/ -->\n<title>USG 461-X57 - ECCO<\/title>\n<meta name=\"description\" content=\"Our Model 461-X57 and Model 441-X57 regulators are unique high-pressure, large-capacity, spring-operated regulators. These high-pressure regulators incorporate the same \u201croll-out\u201d diaphragm principal that is so successful in our widely used 461-57S and 441-57S medium-pressure regulator models.\" \/>\n<meta name=\"robots\" content=\"index, follow, max-snippet:-1, max-image-preview:large, max-video-preview:-1\" \/>\n<link rel=\"canonical\" href=\"https:\/\/equipmentcontrols.com\/es\/producto\/usg-461-x57\/\" \/>\n<meta property=\"og:locale\" content=\"es_MX\" \/>\n<meta property=\"og:type\" content=\"article\" \/>\n<meta property=\"og:title\" content=\"USG 461-X57\" \/>\n<meta property=\"og:description\" content=\"Our Model 461-X57 and Model 441-X57 regulators are unique high-pressure, large-capacity, spring-operated regulators. These high-pressure regulators incorporate the same \u201croll-out\u201d diaphragm principal that is so successful in our widely used 461-57S and 441-57S medium-pressure regulator models.\" \/>\n<meta property=\"og:url\" content=\"https:\/\/equipmentcontrols.com\/es\/producto\/usg-461-x57\/\" \/>\n<meta property=\"og:site_name\" content=\"ECCO\" \/>\n<meta property=\"article:modified_time\" content=\"2026-02-27T18:21:23+00:00\" \/>\n<meta property=\"og:image\" content=\"https:\/\/equipmentcontrols.com\/wp-content\/uploads\/2020\/05\/SENSUS-461-X57.jpg\" \/>\n\t<meta property=\"og:image:width\" content=\"860\" \/>\n\t<meta property=\"og:image:height\" content=\"860\" \/>\n\t<meta property=\"og:image:type\" content=\"image\/jpeg\" \/>\n<meta name=\"twitter:card\" content=\"summary_large_image\" \/>\n<meta name=\"twitter:label1\" content=\"Tiempo de lectura\" \/>\n\t<meta name=\"twitter:data1\" content=\"2 minutos\" \/>\n<script type=\"application\/ld+json\" class=\"yoast-schema-graph\">{\"@context\":\"https:\\\/\\\/schema.org\",\"@graph\":[{\"@type\":\"WebPage\",\"@id\":\"https:\\\/\\\/equipmentcontrols.com\\\/product\\\/usg-461-x57\\\/\",\"url\":\"https:\\\/\\\/equipmentcontrols.com\\\/product\\\/usg-461-x57\\\/\",\"name\":\"USG 461-X57 - ECCO\",\"isPartOf\":{\"@id\":\"https:\\\/\\\/equipmentcontrols.com\\\/#website\"},\"primaryImageOfPage\":{\"@id\":\"https:\\\/\\\/equipmentcontrols.com\\\/product\\\/usg-461-x57\\\/#primaryimage\"},\"image\":{\"@id\":\"https:\\\/\\\/equipmentcontrols.com\\\/product\\\/usg-461-x57\\\/#primaryimage\"},\"thumbnailUrl\":\"https:\\\/\\\/equipmentcontrols.com\\\/wp-content\\\/uploads\\\/2020\\\/05\\\/SENSUS-461-X57.jpg\",\"datePublished\":\"2020-05-06T17:12:08+00:00\",\"dateModified\":\"2026-02-27T18:21:23+00:00\",\"description\":\"Our Model 461-X57 and Model 441-X57 regulators are unique high-pressure, large-capacity, spring-operated regulators. These high-pressure regulators incorporate the same \u201croll-out\u201d diaphragm principal that is so successful in our widely used 461-57S and 441-57S medium-pressure regulator models.\",\"breadcrumb\":{\"@id\":\"https:\\\/\\\/equipmentcontrols.com\\\/product\\\/usg-461-x57\\\/#breadcrumb\"},\"inLanguage\":\"es\",\"potentialAction\":[{\"@type\":\"ReadAction\",\"target\":[\"https:\\\/\\\/equipmentcontrols.com\\\/product\\\/usg-461-x57\\\/\"]}]},{\"@type\":\"ImageObject\",\"inLanguage\":\"es\",\"@id\":\"https:\\\/\\\/equipmentcontrols.com\\\/product\\\/usg-461-x57\\\/#primaryimage\",\"url\":\"https:\\\/\\\/equipmentcontrols.com\\\/wp-content\\\/uploads\\\/2020\\\/05\\\/SENSUS-461-X57.jpg\",\"contentUrl\":\"https:\\\/\\\/equipmentcontrols.com\\\/wp-content\\\/uploads\\\/2020\\\/05\\\/SENSUS-461-X57.jpg\",\"width\":860,\"height\":860,\"caption\":\"SENSUS 461-X57\"},{\"@type\":\"BreadcrumbList\",\"@id\":\"https:\\\/\\\/equipmentcontrols.com\\\/product\\\/usg-461-x57\\\/#breadcrumb\",\"itemListElement\":[{\"@type\":\"ListItem\",\"position\":1,\"name\":\"Home\",\"item\":\"https:\\\/\\\/equipmentcontrols.com\\\/\"},{\"@type\":\"ListItem\",\"position\":2,\"name\":\"Shop\",\"item\":\"https:\\\/\\\/equipmentcontrols.com\\\/shop\\\/\"},{\"@type\":\"ListItem\",\"position\":3,\"name\":\"USG 461-X57\"}]},{\"@type\":\"WebSite\",\"@id\":\"https:\\\/\\\/equipmentcontrols.com\\\/#website\",\"url\":\"https:\\\/\\\/equipmentcontrols.com\\\/\",\"name\":\"ECCO\",\"description\":\"Equipment Controls Company\",\"potentialAction\":[{\"@type\":\"SearchAction\",\"target\":{\"@type\":\"EntryPoint\",\"urlTemplate\":\"https:\\\/\\\/equipmentcontrols.com\\\/?s={search_term_string}\"},\"query-input\":{\"@type\":\"PropertyValueSpecification\",\"valueRequired\":true,\"valueName\":\"search_term_string\"}}],\"inLanguage\":\"es\"}]}<\/script>\n<!-- \/ Yoast SEO Premium plugin. -->","yoast_head_json":{"title":"USG 461-X57 - ECCO","description":"Nuestros reguladores Modelo 461-X57 y Modelo 441-X57 son reguladores \u00fanicos de alta presi\u00f3n, gran capacidad y accionados por resorte. Estos reguladores de alta presi\u00f3n incorporan el mismo principio de diafragma &quot;desplegable&quot; que tiene tanto \u00e9xito en nuestros modelos de reguladores de presi\u00f3n media 461-57S y 441-57S ampliamente utilizados.","robots":{"index":"index","follow":"follow","max-snippet":"max-snippet:-1","max-image-preview":"max-image-preview:large","max-video-preview":"max-video-preview:-1"},"canonical":"https:\/\/equipmentcontrols.com\/es\/producto\/usg-461-x57\/","og_locale":"es_MX","og_type":"article","og_title":"USG 461-X57","og_description":"Our Model 461-X57 and Model 441-X57 regulators are unique high-pressure, large-capacity, spring-operated regulators. These high-pressure regulators incorporate the same \u201croll-out\u201d diaphragm principal that is so successful in our widely used 461-57S and 441-57S medium-pressure regulator models.","og_url":"https:\/\/equipmentcontrols.com\/es\/producto\/usg-461-x57\/","og_site_name":"ECCO","article_modified_time":"2026-02-27T18:21:23+00:00","og_image":[{"width":860,"height":860,"url":"https:\/\/equipmentcontrols.com\/wp-content\/uploads\/2020\/05\/SENSUS-461-X57.jpg","type":"image\/jpeg"}],"twitter_card":"summary_large_image","twitter_misc":{"Tiempo de lectura":"2 minutos"},"schema":{"@context":"https:\/\/schema.org","@graph":[{"@type":"WebPage","@id":"https:\/\/equipmentcontrols.com\/product\/usg-461-x57\/","url":"https:\/\/equipmentcontrols.com\/product\/usg-461-x57\/","name":"USG 461-X57 - ECCO","isPartOf":{"@id":"https:\/\/equipmentcontrols.com\/#website"},"primaryImageOfPage":{"@id":"https:\/\/equipmentcontrols.com\/product\/usg-461-x57\/#primaryimage"},"image":{"@id":"https:\/\/equipmentcontrols.com\/product\/usg-461-x57\/#primaryimage"},"thumbnailUrl":"https:\/\/equipmentcontrols.com\/wp-content\/uploads\/2020\/05\/SENSUS-461-X57.jpg","datePublished":"2020-05-06T17:12:08+00:00","dateModified":"2026-02-27T18:21:23+00:00","description":"Nuestros reguladores Modelo 461-X57 y Modelo 441-X57 son reguladores \u00fanicos de alta presi\u00f3n, gran capacidad y accionados por resorte. Estos reguladores de alta presi\u00f3n incorporan el mismo principio de diafragma &quot;desplegable&quot; que tiene tanto \u00e9xito en nuestros modelos de reguladores de presi\u00f3n media 461-57S y 441-57S ampliamente utilizados.","breadcrumb":{"@id":"https:\/\/equipmentcontrols.com\/product\/usg-461-x57\/#breadcrumb"},"inLanguage":"es","potentialAction":[{"@type":"ReadAction","target":["https:\/\/equipmentcontrols.com\/product\/usg-461-x57\/"]}]},{"@type":"ImageObject","inLanguage":"es","@id":"https:\/\/equipmentcontrols.com\/product\/usg-461-x57\/#primaryimage","url":"https:\/\/equipmentcontrols.com\/wp-content\/uploads\/2020\/05\/SENSUS-461-X57.jpg","contentUrl":"https:\/\/equipmentcontrols.com\/wp-content\/uploads\/2020\/05\/SENSUS-461-X57.jpg","width":860,"height":860,"caption":"SENSUS 461-X57"},{"@type":"BreadcrumbList","@id":"https:\/\/equipmentcontrols.com\/product\/usg-461-x57\/#breadcrumb","itemListElement":[{"@type":"ListItem","position":1,"name":"Home","item":"https:\/\/equipmentcontrols.com\/"},{"@type":"ListItem","position":2,"name":"Shop","item":"https:\/\/equipmentcontrols.com\/shop\/"},{"@type":"ListItem","position":3,"name":"USG 461-X57"}]},{"@type":"WebSite","@id":"https:\/\/equipmentcontrols.com\/#website","url":"https:\/\/equipmentcontrols.com\/","name":"ECCO","description":"Empresa de Control de Equipos","potentialAction":[{"@type":"SearchAction","target":{"@type":"EntryPoint","urlTemplate":"https:\/\/equipmentcontrols.com\/?s={search_term_string}"},"query-input":{"@type":"PropertyValueSpecification","valueRequired":true,"valueName":"search_term_string"}}],"inLanguage":"es"}]}},"_links":{"self":[{"href":"https:\/\/equipmentcontrols.com\/es\/wp-json\/wp\/v2\/product\/1077","targetHints":{"allow":["GET"]}}],"collection":[{"href":"https:\/\/equipmentcontrols.com\/es\/wp-json\/wp\/v2\/product"}],"about":[{"href":"https:\/\/equipmentcontrols.com\/es\/wp-json\/wp\/v2\/types\/product"}],"wp:featuredmedia":[{"embeddable":true,"href":"https:\/\/equipmentcontrols.com\/es\/wp-json\/wp\/v2\/media\/1065"}],"wp:attachment":[{"href":"https:\/\/equipmentcontrols.com\/es\/wp-json\/wp\/v2\/media?parent=1077"}],"wp:term":[{"taxonomy":"product_brand","embeddable":true,"href":"https:\/\/equipmentcontrols.com\/es\/wp-json\/wp\/v2\/product_brand?post=1077"},{"taxonomy":"product_cat","embeddable":true,"href":"https:\/\/equipmentcontrols.com\/es\/wp-json\/wp\/v2\/product_cat?post=1077"},{"taxonomy":"product_tag","embeddable":true,"href":"https:\/\/equipmentcontrols.com\/es\/wp-json\/wp\/v2\/product_tag?post=1077"}],"curies":[{"name":"wp","href":"https:\/\/api.w.org\/{rel}","templated":true}]}}