{"id":1075,"date":"2020-05-06T16:51:47","date_gmt":"2020-05-06T16:51:47","guid":{"rendered":"https:\/\/econtrols.stagemysite.com\/?post_type=product&#038;p=1075"},"modified":"2026-02-25T19:30:43","modified_gmt":"2026-02-25T19:30:43","slug":"usg-461-57s","status":"publish","type":"product","link":"https:\/\/equipmentcontrols.com\/es\/producto\/usg-461-57s\/","title":{"rendered":"USG 461-57S"},"content":{"rendered":"<p><strong>Conf\u00ede en estos caballos de batalla para obtener un alto rendimiento y una respuesta r\u00e1pida<\/strong><\/p>\n<p>The 441-57S medium pressure regulator is a spring operated model that incorporate a \u201croll-out\u201d diaphragm, similar to the performance found in pilot-operated regulators.<br \/>\nThe action of the roll-out diaphragm reduces \u201cdroop,\u201d which is the fall off in outlet pressure as a spring regulator opens to increase flow. This makes the regulators\u2019 exceptional performance possible. By offering nearpilot-operated regulator performance without a pilot, the 57S-series offers simplicity, dependability, and<br \/>\nexceptionally fast response.<\/p>\n<p><strong>The 441-57S is perfect for most intermediate and large-capacity applications:<\/strong><\/p>\n<ul>\n<li>Sistemas de distribuci\u00f3n de gas<\/li>\n<li>Conjuntos de reguladores de distrito<\/li>\n<li>Estaciones de puerta de ciudad<\/li>\n<li>Estaciones fronterizas de la ciudad<\/li>\n<li>Vigilancia<\/li>\n<li>Una amplia variedad de aplicaciones industriales.<\/li>\n<\/ul>\n<p>Estos caballos de batalla de la industria han sido reconocidos por su servicio confiable durante casi 70 a\u00f1os.<\/p>\n<p><strong>Beneficios:<\/strong><\/p>\n<ul>\n<li>Monitorea la presi\u00f3n del punto de ajuste<\/li>\n<li>Responde r\u00e1pidamente para tomar el control en caso de emergencia<\/li>\n<\/ul>\n<h4>Caracter\u00edsticas:<\/h4>\n<ul>\n<li>Dise\u00f1o simple<\/li>\n<li>Dimensiones cara a cara est\u00e1ndar<\/li>\n<li>Cuerpos estandarizados y conjuntos de v\u00e1lvulas internas totalmente intercambiables para facilitar el mantenimiento<\/li>\n<li>Ajuste de v\u00e1lvula simplificado<\/li>\n<li>V\u00e1lvula interior guiada por buje<\/li>\n<li>Asientos blandos de poliuretano moldeado<\/li>\n<li>Ajuste de resorte autoalineable<\/li>\n<\/ul>\n<h4>Especificaciones<\/h4>\n<p><strong>Modelo 441-57S:<\/strong><\/p>\n<ul>\n<li>Tama\u00f1os de tuber\u00eda: 2\u201d, 3\u201d 4\u201d 6\u201d<\/li>\n<\/ul>\n<p><strong>Modelo 461-57S:<\/strong><\/p>\n<ul>\n<li>Tama\u00f1o de tuber\u00eda: 2\u201d<\/li>\n<\/ul>\n<p><strong>Descargas:<\/strong><\/p>\n<p><a href=\"https:\/\/equipmentcontrols.com\/wp-content\/uploads\/2026\/02\/Model-441-57S-Brochure-1.pdf\">USG 461-57S Brochure<\/a><\/p>\n<p><a href=\"https:\/\/equipmentcontrols.com\/wp-content\/uploads\/2026\/02\/Model-441-57S-Installation-Maintenance-Manual-1.pdf\">USG 461-57S Installation and Maintenance Manual<\/a><\/p>\n<p>&nbsp;<\/p>\n<p>&nbsp;<\/p>","protected":false},"excerpt":{"rendered":"<p>Conf\u00ede en estos caballos de batalla para obtener un alto rendimiento y una respuesta r\u00e1pida. Nuestros reguladores de presi\u00f3n media Modelo 461-57S y Modelo 441-57S son reguladores operados por resorte que incorporan un diafragma &quot;desplegable&quot;, similar al rendimiento que se encuentra en los reguladores operados por piloto.<\/p>","protected":false},"featured_media":1063,"template":"","meta":[],"product_brand":[],"product_cat":[20,105],"product_tag":[],"class_list":{"0":"post-1075","1":"product","2":"type-product","3":"status-publish","4":"has-post-thumbnail","6":"product_cat-gas-regulators","7":"product_cat-usg","9":"first","10":"instock","11":"shipping-taxable","12":"product-type-simple"},"yoast_head":"<!-- This site is optimized with the Yoast SEO Premium plugin v23.9 (Yoast SEO v27.3) - https:\/\/yoast.com\/product\/yoast-seo-premium-wordpress\/ -->\n<title>USG 461-57S - ECCO<\/title>\n<meta name=\"description\" content=\"Our Model 461-57S and Model 441-57S medium pressure regulators are spring-operated regulators that incorporate a \u201croll-out\u201d diaphragm, similar to the performance found in pilot-operated regulators.\" \/>\n<meta name=\"robots\" content=\"index, follow, max-snippet:-1, max-image-preview:large, max-video-preview:-1\" \/>\n<link rel=\"canonical\" href=\"https:\/\/equipmentcontrols.com\/es\/producto\/usg-461-57s\/\" \/>\n<meta property=\"og:locale\" content=\"es_MX\" \/>\n<meta property=\"og:type\" content=\"article\" \/>\n<meta property=\"og:title\" content=\"USG 461-57S\" \/>\n<meta property=\"og:description\" content=\"Our Model 461-57S and Model 441-57S medium pressure regulators are spring-operated regulators that incorporate a \u201croll-out\u201d diaphragm, similar to the performance found in pilot-operated regulators.\" \/>\n<meta property=\"og:url\" content=\"https:\/\/equipmentcontrols.com\/es\/producto\/usg-461-57s\/\" \/>\n<meta property=\"og:site_name\" content=\"ECCO\" \/>\n<meta property=\"article:modified_time\" content=\"2026-02-25T19:30:43+00:00\" \/>\n<meta property=\"og:image\" content=\"https:\/\/equipmentcontrols.com\/wp-content\/uploads\/2020\/05\/SENSUS-461-57S.jpg\" \/>\n\t<meta property=\"og:image:width\" content=\"860\" \/>\n\t<meta property=\"og:image:height\" content=\"860\" \/>\n\t<meta property=\"og:image:type\" content=\"image\/jpeg\" \/>\n<meta name=\"twitter:card\" content=\"summary_large_image\" \/>\n<meta name=\"twitter:label1\" content=\"Tiempo de lectura\" \/>\n\t<meta name=\"twitter:data1\" content=\"2 minutos\" \/>\n<script type=\"application\/ld+json\" class=\"yoast-schema-graph\">{\"@context\":\"https:\\\/\\\/schema.org\",\"@graph\":[{\"@type\":\"WebPage\",\"@id\":\"https:\\\/\\\/equipmentcontrols.com\\\/product\\\/usg-461-57s\\\/\",\"url\":\"https:\\\/\\\/equipmentcontrols.com\\\/product\\\/usg-461-57s\\\/\",\"name\":\"USG 461-57S - ECCO\",\"isPartOf\":{\"@id\":\"https:\\\/\\\/equipmentcontrols.com\\\/#website\"},\"primaryImageOfPage\":{\"@id\":\"https:\\\/\\\/equipmentcontrols.com\\\/product\\\/usg-461-57s\\\/#primaryimage\"},\"image\":{\"@id\":\"https:\\\/\\\/equipmentcontrols.com\\\/product\\\/usg-461-57s\\\/#primaryimage\"},\"thumbnailUrl\":\"https:\\\/\\\/equipmentcontrols.com\\\/wp-content\\\/uploads\\\/2020\\\/05\\\/SENSUS-461-57S.jpg\",\"datePublished\":\"2020-05-06T16:51:47+00:00\",\"dateModified\":\"2026-02-25T19:30:43+00:00\",\"description\":\"Our Model 461-57S and Model 441-57S medium pressure regulators are spring-operated regulators that incorporate a \u201croll-out\u201d diaphragm, similar to the performance found in pilot-operated regulators.\",\"breadcrumb\":{\"@id\":\"https:\\\/\\\/equipmentcontrols.com\\\/product\\\/usg-461-57s\\\/#breadcrumb\"},\"inLanguage\":\"es\",\"potentialAction\":[{\"@type\":\"ReadAction\",\"target\":[\"https:\\\/\\\/equipmentcontrols.com\\\/product\\\/usg-461-57s\\\/\"]}]},{\"@type\":\"ImageObject\",\"inLanguage\":\"es\",\"@id\":\"https:\\\/\\\/equipmentcontrols.com\\\/product\\\/usg-461-57s\\\/#primaryimage\",\"url\":\"https:\\\/\\\/equipmentcontrols.com\\\/wp-content\\\/uploads\\\/2020\\\/05\\\/SENSUS-461-57S.jpg\",\"contentUrl\":\"https:\\\/\\\/equipmentcontrols.com\\\/wp-content\\\/uploads\\\/2020\\\/05\\\/SENSUS-461-57S.jpg\",\"width\":860,\"height\":860,\"caption\":\"SENSUS 461-57S\"},{\"@type\":\"BreadcrumbList\",\"@id\":\"https:\\\/\\\/equipmentcontrols.com\\\/product\\\/usg-461-57s\\\/#breadcrumb\",\"itemListElement\":[{\"@type\":\"ListItem\",\"position\":1,\"name\":\"Home\",\"item\":\"https:\\\/\\\/equipmentcontrols.com\\\/\"},{\"@type\":\"ListItem\",\"position\":2,\"name\":\"Shop\",\"item\":\"https:\\\/\\\/equipmentcontrols.com\\\/shop\\\/\"},{\"@type\":\"ListItem\",\"position\":3,\"name\":\"USG 461-57S\"}]},{\"@type\":\"WebSite\",\"@id\":\"https:\\\/\\\/equipmentcontrols.com\\\/#website\",\"url\":\"https:\\\/\\\/equipmentcontrols.com\\\/\",\"name\":\"ECCO\",\"description\":\"Equipment Controls Company\",\"potentialAction\":[{\"@type\":\"SearchAction\",\"target\":{\"@type\":\"EntryPoint\",\"urlTemplate\":\"https:\\\/\\\/equipmentcontrols.com\\\/?s={search_term_string}\"},\"query-input\":{\"@type\":\"PropertyValueSpecification\",\"valueRequired\":true,\"valueName\":\"search_term_string\"}}],\"inLanguage\":\"es\"}]}<\/script>\n<!-- \/ Yoast SEO Premium plugin. -->","yoast_head_json":{"title":"USG 461-57S - ECCO","description":"Our Model 461-57S and Model 441-57S medium pressure regulators are spring-operated regulators that incorporate a \u201croll-out\u201d diaphragm, similar to the performance found in pilot-operated regulators.","robots":{"index":"index","follow":"follow","max-snippet":"max-snippet:-1","max-image-preview":"max-image-preview:large","max-video-preview":"max-video-preview:-1"},"canonical":"https:\/\/equipmentcontrols.com\/es\/producto\/usg-461-57s\/","og_locale":"es_MX","og_type":"article","og_title":"USG 461-57S","og_description":"Our Model 461-57S and Model 441-57S medium pressure regulators are spring-operated regulators that incorporate a \u201croll-out\u201d diaphragm, similar to the performance found in pilot-operated regulators.","og_url":"https:\/\/equipmentcontrols.com\/es\/producto\/usg-461-57s\/","og_site_name":"ECCO","article_modified_time":"2026-02-25T19:30:43+00:00","og_image":[{"width":860,"height":860,"url":"https:\/\/equipmentcontrols.com\/wp-content\/uploads\/2020\/05\/SENSUS-461-57S.jpg","type":"image\/jpeg"}],"twitter_card":"summary_large_image","twitter_misc":{"Tiempo de lectura":"2 minutos"},"schema":{"@context":"https:\/\/schema.org","@graph":[{"@type":"WebPage","@id":"https:\/\/equipmentcontrols.com\/product\/usg-461-57s\/","url":"https:\/\/equipmentcontrols.com\/product\/usg-461-57s\/","name":"USG 461-57S - ECCO","isPartOf":{"@id":"https:\/\/equipmentcontrols.com\/#website"},"primaryImageOfPage":{"@id":"https:\/\/equipmentcontrols.com\/product\/usg-461-57s\/#primaryimage"},"image":{"@id":"https:\/\/equipmentcontrols.com\/product\/usg-461-57s\/#primaryimage"},"thumbnailUrl":"https:\/\/equipmentcontrols.com\/wp-content\/uploads\/2020\/05\/SENSUS-461-57S.jpg","datePublished":"2020-05-06T16:51:47+00:00","dateModified":"2026-02-25T19:30:43+00:00","description":"Our Model 461-57S and Model 441-57S medium pressure regulators are spring-operated regulators that incorporate a \u201croll-out\u201d diaphragm, similar to the performance found in pilot-operated regulators.","breadcrumb":{"@id":"https:\/\/equipmentcontrols.com\/product\/usg-461-57s\/#breadcrumb"},"inLanguage":"es","potentialAction":[{"@type":"ReadAction","target":["https:\/\/equipmentcontrols.com\/product\/usg-461-57s\/"]}]},{"@type":"ImageObject","inLanguage":"es","@id":"https:\/\/equipmentcontrols.com\/product\/usg-461-57s\/#primaryimage","url":"https:\/\/equipmentcontrols.com\/wp-content\/uploads\/2020\/05\/SENSUS-461-57S.jpg","contentUrl":"https:\/\/equipmentcontrols.com\/wp-content\/uploads\/2020\/05\/SENSUS-461-57S.jpg","width":860,"height":860,"caption":"SENSUS 461-57S"},{"@type":"BreadcrumbList","@id":"https:\/\/equipmentcontrols.com\/product\/usg-461-57s\/#breadcrumb","itemListElement":[{"@type":"ListItem","position":1,"name":"Home","item":"https:\/\/equipmentcontrols.com\/"},{"@type":"ListItem","position":2,"name":"Shop","item":"https:\/\/equipmentcontrols.com\/shop\/"},{"@type":"ListItem","position":3,"name":"USG 461-57S"}]},{"@type":"WebSite","@id":"https:\/\/equipmentcontrols.com\/#website","url":"https:\/\/equipmentcontrols.com\/","name":"ECCO","description":"Empresa de Control de Equipos","potentialAction":[{"@type":"SearchAction","target":{"@type":"EntryPoint","urlTemplate":"https:\/\/equipmentcontrols.com\/?s={search_term_string}"},"query-input":{"@type":"PropertyValueSpecification","valueRequired":true,"valueName":"search_term_string"}}],"inLanguage":"es"}]}},"_links":{"self":[{"href":"https:\/\/equipmentcontrols.com\/es\/wp-json\/wp\/v2\/product\/1075","targetHints":{"allow":["GET"]}}],"collection":[{"href":"https:\/\/equipmentcontrols.com\/es\/wp-json\/wp\/v2\/product"}],"about":[{"href":"https:\/\/equipmentcontrols.com\/es\/wp-json\/wp\/v2\/types\/product"}],"wp:featuredmedia":[{"embeddable":true,"href":"https:\/\/equipmentcontrols.com\/es\/wp-json\/wp\/v2\/media\/1063"}],"wp:attachment":[{"href":"https:\/\/equipmentcontrols.com\/es\/wp-json\/wp\/v2\/media?parent=1075"}],"wp:term":[{"taxonomy":"product_brand","embeddable":true,"href":"https:\/\/equipmentcontrols.com\/es\/wp-json\/wp\/v2\/product_brand?post=1075"},{"taxonomy":"product_cat","embeddable":true,"href":"https:\/\/equipmentcontrols.com\/es\/wp-json\/wp\/v2\/product_cat?post=1075"},{"taxonomy":"product_tag","embeddable":true,"href":"https:\/\/equipmentcontrols.com\/es\/wp-json\/wp\/v2\/product_tag?post=1075"}],"curies":[{"name":"wp","href":"https:\/\/api.w.org\/{rel}","templated":true}]}}