{"id":847,"date":"2020-04-30T17:10:11","date_gmt":"2020-04-30T17:10:11","guid":{"rendered":"https:\/\/econtrols.stagemysite.com\/?page_id=847"},"modified":"2020-04-30T17:11:51","modified_gmt":"2020-04-30T17:11:51","slug":"privacy-policy","status":"publish","type":"page","link":"https:\/\/equipmentcontrols.com\/es\/privacy-policy\/","title":{"rendered":"Pol\u00edtica de privacidad"},"content":{"rendered":"<div data-elementor-type=\"wp-page\" data-elementor-id=\"847\" class=\"elementor elementor-847\" data-elementor-post-type=\"page\">\n\t\t\t\t\t\t<section class=\"elementor-section elementor-top-section elementor-element elementor-element-c7395a9 elementor-section-boxed elementor-section-height-default elementor-section-height-default\" data-id=\"c7395a9\" data-element_type=\"section\" data-e-type=\"section\" data-settings=\"{&quot;background_background&quot;:&quot;classic&quot;}\">\n\t\t\t\t\t\t<div class=\"elementor-container elementor-column-gap-default\">\n\t\t\t\t\t<div class=\"elementor-column elementor-col-100 elementor-top-column elementor-element elementor-element-b1e5455\" data-id=\"b1e5455\" data-element_type=\"column\" data-e-type=\"column\">\n\t\t\t<div class=\"elementor-widget-wrap elementor-element-populated\">\n\t\t\t\t\t\t<div class=\"elementor-element elementor-element-b33f118 elementor-widget elementor-widget-heading\" data-id=\"b33f118\" data-element_type=\"widget\" data-e-type=\"widget\" data-widget_type=\"heading.default\">\n\t\t\t\t<div class=\"elementor-widget-container\">\n\t\t\t\t\t<h2 class=\"elementor-heading-title elementor-size-default\">Pol\u00edtica de privacidad<\/h2>\t\t\t\t<\/div>\n\t\t\t\t<\/div>\n\t\t\t\t\t<\/div>\n\t\t<\/div>\n\t\t\t\t\t<\/div>\n\t\t<\/section>\n\t\t\t\t<section class=\"elementor-section elementor-top-section elementor-element elementor-element-d3b90da elementor-section-boxed elementor-section-height-default elementor-section-height-default\" data-id=\"d3b90da\" data-element_type=\"section\" data-e-type=\"section\">\n\t\t\t\t\t\t<div class=\"elementor-container elementor-column-gap-default\">\n\t\t\t\t\t<div class=\"elementor-column elementor-col-100 elementor-top-column elementor-element elementor-element-d391b76\" data-id=\"d391b76\" data-element_type=\"column\" data-e-type=\"column\">\n\t\t\t<div class=\"elementor-widget-wrap elementor-element-populated\">\n\t\t\t\t\t\t<div class=\"elementor-element elementor-element-0b48b61 elementor-widget elementor-widget-text-editor\" data-id=\"0b48b61\" data-element_type=\"widget\" data-e-type=\"widget\" data-widget_type=\"text-editor.default\">\n\t\t\t\t<div class=\"elementor-widget-container\">\n\t\t\t\t\t\t\t\t\t<p><strong>Correo electr\u00f3nico y otros datos personales<\/strong><br \/>Nunca compartiremos, venderemos o alquilaremos su direcci\u00f3n de correo electr\u00f3nico, n\u00famero de tel\u00e9fono, direcci\u00f3n f\u00edsica o cualquier otra informaci\u00f3n personal con nadie, a menos que lo ordene un tribunal de justicia. Utilizamos principalmente el correo electr\u00f3nico para comunicarnos con los clientes en relaci\u00f3n con sus solicitudes o pedidos. Ocasionalmente enviamos mensajes de correo electr\u00f3nico sobre promociones, nuevos productos u otras noticias de la empresa. Cada uno de estos mensajes contiene una forma f\u00e1cil y automatizada para que usted deje de recibir correo electr\u00f3nico de nosotros.<\/p><p>Para cada visitante de nuestra p\u00e1gina web, nuestro servidor web reconoce y almacena autom\u00e1ticamente la direcci\u00f3n IP del visitante (cuando es posible), pero no la direcci\u00f3n de correo electr\u00f3nico. La informaci\u00f3n que recogemos se utiliza para mejorar el contenido de nuestra p\u00e1gina web, y no se comparte con otras organizaciones con fines comerciales. No vendemos, alquilamos ni comerciamos con la informaci\u00f3n de nuestros visitantes con terceros, excepto si lo exige una citaci\u00f3n, una orden de registro u otro proceso legal.<\/p><p><strong>Seguridad<\/strong><br \/>Siempre utilizamos la encriptaci\u00f3n SSL al transferir y recibir los datos de los consumidores que se intercambian con nuestro sitio.<\/p><p><strong>Galletas<\/strong><br \/>Una \"cookie\" es un peque\u00f1o archivo de datos transferido por un sitio web al disco duro de su ordenador. La mayor\u00eda de los navegadores aceptan autom\u00e1ticamente las cookies por defecto, pero normalmente se pueden rechazar o aceptar selectivamente determinadas cookies ajustando las preferencias de su navegador. Si desactiva las cookies, es posible que algunas funciones de nuestro sitio no est\u00e9n disponibles para usted y que algunas p\u00e1ginas web no se muestren correctamente.<\/p><p>Nuestro sitio web utiliza cookies para:<br \/>- Recuerde los art\u00edculos de su cesta de la compra.<br \/>- Habilitar el pago.<br \/>- Determine su pa\u00eds para que podamos mostrar las opciones de env\u00edo correctas<br \/>- Recopilar informaci\u00f3n agregada que nos permita analizar los patrones de tr\u00e1fico en nuestro sitio (no se almacena ninguna informaci\u00f3n personal).<\/p><p><strong>Publicidad en l\u00ednea<\/strong><br \/>Los proveedores de terceros, incluido Google, muestran nuestros anuncios en sitios de Internet.<br \/>Los proveedores de terceros, incluido Google, utilizan cookies para publicar nuestros anuncios en funci\u00f3n de las visitas anteriores de un usuario a nuestro sitio web.<br \/>Los usuarios pueden inhabilitar el uso de cookies por parte de Google visitando la p\u00e1gina de inhabilitaci\u00f3n publicitaria de Google: http:\/\/www.google.com\/policies\/privacy\/ads\/<\/p><p><strong>\u00bfReacciones?<br \/><\/strong>Si cree que no estamos siguiendo nuestra pol\u00edtica de informaci\u00f3n declarada, por favor <a href=\"mailto:sales@equipmentcontrols.com\">P\u00f3ngase en contacto con nosotros.<\/a><\/p><p>Tambi\u00e9n puede ponerse en contacto con:<br \/>- Secciones estatales o locales del Better Business Bureau;<br \/>- Oficina estatal o local de protecci\u00f3n del consumidor; o,<br \/>- La Comisi\u00f3n Federal de Comercio por tel\u00e9fono en el 202-FTC-HELP (202-382-4357) o electr\u00f3nicamente en http:\/\/www.ftc.gov\/ftc\/complaint.shtm.<\/p>\t\t\t\t\t\t\t\t<\/div>\n\t\t\t\t<\/div>\n\t\t\t\t\t<\/div>\n\t\t<\/div>\n\t\t\t\t\t<\/div>\n\t\t<\/section>\n\t\t\t\t<\/div>","protected":false},"excerpt":{"rendered":"<p>Privacy Policy E-mail and other personal informationWe will never share, sell, or rent your e-mail address, phone number, physical address or any other personal information with anyone unless ordered by a court of law. We primarily use email to communicate with customers about requests or orders. We occasionally send email messages about promotions, new products, [&hellip;]<\/p>\n","protected":false},"author":1,"featured_media":0,"parent":0,"menu_order":0,"comment_status":"closed","ping_status":"closed","template":"elementor_header_footer","meta":{"footnotes":""},"class_list":["post-847","page","type-page","status-publish","hentry"],"yoast_head":"<!-- This site is optimized with the Yoast SEO Premium plugin v23.9 (Yoast SEO v27.3) - https:\/\/yoast.com\/product\/yoast-seo-premium-wordpress\/ -->\n<title>Privacy Policy - ECCO<\/title>\n<meta name=\"robots\" content=\"index, follow, max-snippet:-1, max-image-preview:large, max-video-preview:-1\" \/>\n<link rel=\"canonical\" href=\"https:\/\/equipmentcontrols.com\/es\/privacy-policy\/\" \/>\n<meta property=\"og:locale\" content=\"es_MX\" \/>\n<meta property=\"og:type\" content=\"article\" \/>\n<meta property=\"og:title\" content=\"Privacy Policy\" \/>\n<meta property=\"og:description\" content=\"Privacy Policy E-mail and other personal informationWe will never share, sell, or rent your e-mail address, phone number, physical address or any other personal information with anyone unless ordered by a court of law. We primarily use email to communicate with customers about requests or orders. We occasionally send email messages about promotions, new products, [&hellip;]\" \/>\n<meta property=\"og:url\" content=\"https:\/\/equipmentcontrols.com\/es\/privacy-policy\/\" \/>\n<meta property=\"og:site_name\" content=\"ECCO\" \/>\n<meta property=\"article:modified_time\" content=\"2020-04-30T17:11:51+00:00\" \/>\n<meta name=\"twitter:card\" content=\"summary_large_image\" \/>\n<meta name=\"twitter:label1\" content=\"Tiempo de lectura\" \/>\n\t<meta name=\"twitter:data1\" content=\"2 minutos\" \/>\n<script type=\"application\/ld+json\" class=\"yoast-schema-graph\">{\"@context\":\"https:\\\/\\\/schema.org\",\"@graph\":[{\"@type\":\"WebPage\",\"@id\":\"https:\\\/\\\/equipmentcontrols.com\\\/privacy-policy\\\/\",\"url\":\"https:\\\/\\\/equipmentcontrols.com\\\/privacy-policy\\\/\",\"name\":\"Privacy Policy - ECCO\",\"isPartOf\":{\"@id\":\"https:\\\/\\\/equipmentcontrols.com\\\/#website\"},\"datePublished\":\"2020-04-30T17:10:11+00:00\",\"dateModified\":\"2020-04-30T17:11:51+00:00\",\"breadcrumb\":{\"@id\":\"https:\\\/\\\/equipmentcontrols.com\\\/privacy-policy\\\/#breadcrumb\"},\"inLanguage\":\"es\",\"potentialAction\":[{\"@type\":\"ReadAction\",\"target\":[\"https:\\\/\\\/equipmentcontrols.com\\\/privacy-policy\\\/\"]}]},{\"@type\":\"BreadcrumbList\",\"@id\":\"https:\\\/\\\/equipmentcontrols.com\\\/privacy-policy\\\/#breadcrumb\",\"itemListElement\":[{\"@type\":\"ListItem\",\"position\":1,\"name\":\"Home\",\"item\":\"https:\\\/\\\/equipmentcontrols.com\\\/\"},{\"@type\":\"ListItem\",\"position\":2,\"name\":\"Privacy Policy\"}]},{\"@type\":\"WebSite\",\"@id\":\"https:\\\/\\\/equipmentcontrols.com\\\/#website\",\"url\":\"https:\\\/\\\/equipmentcontrols.com\\\/\",\"name\":\"ECCO\",\"description\":\"Equipment Controls Company\",\"potentialAction\":[{\"@type\":\"SearchAction\",\"target\":{\"@type\":\"EntryPoint\",\"urlTemplate\":\"https:\\\/\\\/equipmentcontrols.com\\\/?s={search_term_string}\"},\"query-input\":{\"@type\":\"PropertyValueSpecification\",\"valueRequired\":true,\"valueName\":\"search_term_string\"}}],\"inLanguage\":\"es\"}]}<\/script>\n<!-- \/ Yoast SEO Premium plugin. -->","yoast_head_json":{"title":"Privacy Policy - ECCO","robots":{"index":"index","follow":"follow","max-snippet":"max-snippet:-1","max-image-preview":"max-image-preview:large","max-video-preview":"max-video-preview:-1"},"canonical":"https:\/\/equipmentcontrols.com\/es\/privacy-policy\/","og_locale":"es_MX","og_type":"article","og_title":"Privacy Policy","og_description":"Privacy Policy E-mail and other personal informationWe will never share, sell, or rent your e-mail address, phone number, physical address or any other personal information with anyone unless ordered by a court of law. We primarily use email to communicate with customers about requests or orders. We occasionally send email messages about promotions, new products, [&hellip;]","og_url":"https:\/\/equipmentcontrols.com\/es\/privacy-policy\/","og_site_name":"ECCO","article_modified_time":"2020-04-30T17:11:51+00:00","twitter_card":"summary_large_image","twitter_misc":{"Tiempo de lectura":"2 minutos"},"schema":{"@context":"https:\/\/schema.org","@graph":[{"@type":"WebPage","@id":"https:\/\/equipmentcontrols.com\/privacy-policy\/","url":"https:\/\/equipmentcontrols.com\/privacy-policy\/","name":"Privacy Policy - ECCO","isPartOf":{"@id":"https:\/\/equipmentcontrols.com\/#website"},"datePublished":"2020-04-30T17:10:11+00:00","dateModified":"2020-04-30T17:11:51+00:00","breadcrumb":{"@id":"https:\/\/equipmentcontrols.com\/privacy-policy\/#breadcrumb"},"inLanguage":"es","potentialAction":[{"@type":"ReadAction","target":["https:\/\/equipmentcontrols.com\/privacy-policy\/"]}]},{"@type":"BreadcrumbList","@id":"https:\/\/equipmentcontrols.com\/privacy-policy\/#breadcrumb","itemListElement":[{"@type":"ListItem","position":1,"name":"Home","item":"https:\/\/equipmentcontrols.com\/"},{"@type":"ListItem","position":2,"name":"Privacy Policy"}]},{"@type":"WebSite","@id":"https:\/\/equipmentcontrols.com\/#website","url":"https:\/\/equipmentcontrols.com\/","name":"ECCO","description":"Empresa de Control de Equipos","potentialAction":[{"@type":"SearchAction","target":{"@type":"EntryPoint","urlTemplate":"https:\/\/equipmentcontrols.com\/?s={search_term_string}"},"query-input":{"@type":"PropertyValueSpecification","valueRequired":true,"valueName":"search_term_string"}}],"inLanguage":"es"}]}},"_links":{"self":[{"href":"https:\/\/equipmentcontrols.com\/es\/wp-json\/wp\/v2\/pages\/847","targetHints":{"allow":["GET"]}}],"collection":[{"href":"https:\/\/equipmentcontrols.com\/es\/wp-json\/wp\/v2\/pages"}],"about":[{"href":"https:\/\/equipmentcontrols.com\/es\/wp-json\/wp\/v2\/types\/page"}],"author":[{"embeddable":true,"href":"https:\/\/equipmentcontrols.com\/es\/wp-json\/wp\/v2\/users\/1"}],"replies":[{"embeddable":true,"href":"https:\/\/equipmentcontrols.com\/es\/wp-json\/wp\/v2\/comments?post=847"}],"version-history":[{"count":0,"href":"https:\/\/equipmentcontrols.com\/es\/wp-json\/wp\/v2\/pages\/847\/revisions"}],"wp:attachment":[{"href":"https:\/\/equipmentcontrols.com\/es\/wp-json\/wp\/v2\/media?parent=847"}],"curies":[{"name":"wp","href":"https:\/\/api.w.org\/{rel}","templated":true}]}}